{"id":502,"date":"2024-10-11T13:17:33","date_gmt":"2024-10-11T13:17:33","guid":{"rendered":"https:\/\/alfakher24h.de\/?page_id=502"},"modified":"2024-10-12T02:11:31","modified_gmt":"2024-10-12T02:11:31","slug":"betalningsmetoder","status":"publish","type":"page","link":"https:\/\/alfakher24h.de\/sv\/betalningsmetoder\/","title":{"rendered":"Betals\u00e4tt"},"content":{"rendered":"<p>Vid <strong>Al Fakher 24h \u2013 Premium eng\u00e5ngs e-cigaretter fr\u00e5n Tyskland<\/strong> Vi f\u00f6rst\u00e5r betydelsen av s\u00e4kra och bekv\u00e4ma betalningsmetoder f\u00f6r v\u00e5ra kunder \u00f6ver hela Europa. F\u00f6r att tillgodose v\u00e5ra kunders olika behov och s\u00e4kerst\u00e4lla en smidig best\u00e4llningsprocess erbjuder vi en m\u00e4ngd olika betalningsalternativ. Oavsett om du bara vill k\u00f6pa en eng\u00e5ngs-e-cigarett eller l\u00e4gga en st\u00f6rre best\u00e4llning \u2013 hos oss hittar du det betalningsalternativ som passar dig.<\/p>\n<h4>1. Kreditkortsbetalningar<\/h4>\n<p>Vi accepterar alla vanliga kreditkort s\u00e5som <strong>Visa<\/strong>, <strong>MasterCard<\/strong> och <strong>American Express<\/strong>Denna betalningsmetod erbjuder ett snabbt och s\u00e4kert s\u00e4tt att betala din best\u00e4llning. Tack vare moderna krypteringsteknologier \u00e4r dina data alltid skyddade.<\/p>\n<h4>2. PayPal<\/h4>\n<p>Om du anv\u00e4nder den globalt erk\u00e4nda betalningstj\u00e4nsten <strong>PayPal<\/strong> f\u00f6redrar kan du hos oss ocks\u00e5 bekv\u00e4mt och s\u00e4kert betala med det. PayPal erbjuder extra k\u00f6parskydd och \u00e4r s\u00e4rskilt f\u00f6rdelaktigt f\u00f6r st\u00f6rre best\u00e4llningar, eftersom betalningarna behandlas omedelbart.<\/p>\n<h4>3. Bank\u00f6verf\u00f6ring (SEPA och internationella \u00f6verf\u00f6ringar)<\/h4>\n<p>F\u00f6r kunder som f\u00f6redrar mer traditionella betalningsmetoder eller som lagrar st\u00f6rre best\u00e4llningar erbjuder vi m\u00f6jligheten till <strong>Bank\u00f6verf\u00f6ring<\/strong> detta omfattar b\u00e5de <strong>SEPA-\u00f6verf\u00f6ringar<\/strong> Inom eurozonen s\u00e5v\u00e4l som internationella \u00f6verf\u00f6ringar. SEPA-\u00f6verf\u00f6ringar \u00e4r en kostnadseffektiv och effektiv metod f\u00f6r att genomf\u00f6ra betalningar i euro, medan internationella \u00f6verf\u00f6ringar \u00e4r s\u00e4rskilt f\u00f6rdelaktiga vid gr\u00e4ns\u00f6verskridande best\u00e4llningar.<\/p>\n<h4>4. Kryptovalutor<\/h4>\n<p>I den digitala v\u00e4rlden idag erbjuder vi ocks\u00e5 <strong>Kryptovalutor<\/strong> som betalningsalternativ. Du kan hos oss betala med <strong>Bitcoin (BTC)<\/strong>, <strong>Ethereum (ETH)<\/strong> och andra vanliga kryptovalutor. Denna betalningsmetod \u00e4r decentraliserad och erbjuder ett snabbt och gr\u00e4nsl\u00f6st s\u00e4tt att slutf\u00f6ra din best\u00e4llning.<\/p>\n<h4>5. iDEAL (Nederl\u00e4nderna)<\/h4>\n<p>F\u00f6r v\u00e5ra kunder i Nederl\u00e4nderna erbjuder vi den popul\u00e4ra betalningsmetoden <strong>iDEAL<\/strong> med. Med iDEAL kan du betala s\u00e4kert och direkt fr\u00e5n ditt holl\u00e4ndska bankkonto, vilket m\u00f6jligg\u00f6r en snabb och smidig transaktionsprocess.<\/p>\n<h4>6. Bancontact (Belgien)<\/h4>\n<p>Kunder fr\u00e5n Belgien kan hos oss \u00f6ver <strong>Bancontact<\/strong>, det ledande onlinebetalningssystemet i Belgien, betala sina best\u00e4llningar. Bancontact erbjuder en snabb, s\u00e4ker och effektiv betalningsmetod som \u00e4r ideal f\u00f6r k\u00f6pare i Belgien.<\/p>\n<h4>7. Wise Transfer (tidigare TransferWise)<\/h4>\n<p>F\u00f6r internationella kunder som s\u00f6ker en kostnadseffektiv l\u00f6sning erbjuder vi betalningar via <strong>Wise Transfer<\/strong> den. Denna tj\u00e4nst m\u00f6jligg\u00f6r enkla gr\u00e4ns\u00f6verskridande betalningar med l\u00e5ga avgifter och transparenta v\u00e4xelkurser, ideal f\u00f6r kunder utanf\u00f6r eurozonen.<\/p>\n<h3>S\u00e4kerhet f\u00f6r dina transaktioner<\/h3>\n<p>Vid <strong>Al Fakher 24h<\/strong> Vi l\u00e4gger stor vikt vid s\u00e4kerheten f\u00f6r dina betalningar. Alla transaktioner genomf\u00f6rs via betrodda och s\u00e4kra betalningsgateways. Dina betalningsdata skyddas av senaste krypterings- och bedr\u00e4geriskyddssystem, s\u00e5 att du kan handla hos oss med fullst\u00e4ndig s\u00e4kerhet.<\/p>\n<h3>Kontakta oss f\u00f6r individuella l\u00f6sningar<\/h3>\n<p>Har du specifika betalningskrav eller beh\u00f6ver du hj\u00e4lp med st\u00f6rre best\u00e4llningar? V\u00e5r <strong>Kundservice\u30c1\u30fc\u30e0<\/strong> st\u00e5r till ditt f\u00f6rfogande dygnet runt f\u00f6r att besvara dina fr\u00e5gor och erbjuda skr\u00e4ddarsydda l\u00f6sningar f\u00f6r dina betalningsbehov. Skriv helt enkelt ett mejl till <strong><a rel=\"noopener\">info@alfakher24h.de<\/a><\/strong>och vi hj\u00e4lper dig g\u00e4rna vidare.<\/p>\n<p>Mycket tack f\u00f6r att du <strong>Al Fakher 24h<\/strong> har valt v\u00e5ra Premium eng\u00e5ngs e-cigaretter fr\u00e5n Tyskland!<\/p>","protected":false},"excerpt":{"rendered":"<p>Bei Al Fakher 24h \u2013 Premium Einweg E-Zigaretten aus Deutschland verstehen wir die Bedeutung sicherer und bequemer Zahlungsmethoden f\u00fcr unsere Kunden in ganz Europa. Um den unterschiedlichen Bed\u00fcrfnissen unserer Kunden gerecht zu werden und einen reibungslosen Bestellprozess zu gew\u00e4hrleisten, bieten wir eine Vielzahl von Zahlungsm\u00f6glichkeiten an. Egal, ob Sie nur eine Einweg-E-Zigarette kaufen oder eine [\u2026]","protected":false},"author":1,"featured_media":0,"parent":0,"menu_order":0,"comment_status":"closed","ping_status":"closed","template":"page-blank-title-center.php","meta":{"om_disable_all_campaigns":false,"footnotes":""},"class_list":["post-502","page","type-page","status-publish","hentry"],"_links":{"self":[{"href":"https:\/\/alfakher24h.de\/sv\/wp-json\/wp\/v2\/pages\/502","targetHints":{"allow":["GET"]}}],"collection":[{"href":"https:\/\/alfakher24h.de\/sv\/wp-json\/wp\/v2\/pages"}],"about":[{"href":"https:\/\/alfakher24h.de\/sv\/wp-json\/wp\/v2\/types\/page"}],"author":[{"embeddable":true,"href":"https:\/\/alfakher24h.de\/sv\/wp-json\/wp\/v2\/users\/1"}],"replies":[{"embeddable":true,"href":"https:\/\/alfakher24h.de\/sv\/wp-json\/wp\/v2\/comments?post=502"}],"version-history":[{"count":4,"href":"https:\/\/alfakher24h.de\/sv\/wp-json\/wp\/v2\/pages\/502\/revisions"}],"predecessor-version":[{"id":594,"href":"https:\/\/alfakher24h.de\/sv\/wp-json\/wp\/v2\/pages\/502\/revisions\/594"}],"wp:attachment":[{"href":"https:\/\/alfakher24h.de\/sv\/wp-json\/wp\/v2\/media?parent=502"}],"curies":[{"name":"wp","href":"https:\/\/api.w.org\/{rel}","templated":true}]}}