{"id":499,"date":"2024-10-11T13:15:46","date_gmt":"2024-10-11T13:15:46","guid":{"rendered":"https:\/\/alfakher24h.de\/?page_id=499"},"modified":"2024-10-12T12:10:33","modified_gmt":"2024-10-12T12:10:33","slug":"kontakta","status":"publish","type":"page","link":"https:\/\/alfakher24h.de\/sv\/kontakta\/","title":{"rendered":"Kontakt"},"content":{"rendered":"<p>Vi p\u00e5 Al Fakher 24h st\u00e5r till din tj\u00e4nst f\u00f6r att besvara alla dina fr\u00e5gor om v\u00e5ra produkter, din best\u00e4llning eller frakten. Som ledande leverant\u00f6r av Al Fakher eng\u00e5ngs-e-cigaretter inom EU \u00e4r vi stolta \u00f6ver att kunna erbjuda v\u00e5ra kunder utm\u00e4rkt kundservice och support.<\/p>\n<p><strong>Kontaktm\u00f6jligheter:<\/strong><\/p>\n<ul>\n<li><strong>E-post<\/strong><br \/>\nSkriv till oss en e-post till <strong><a rel=\"noopener\">info@alfakher24h.de<\/a><\/strong>och vi kommer att h\u00f6ra av oss s\u00e5 snart som m\u00f6jligt. Oavsett om du har fr\u00e5gor om v\u00e5rt sortiment, beh\u00f6ver hj\u00e4lp med din best\u00e4llning eller vill ha mer information - v\u00e5rt team st\u00e5r till din tj\u00e4nst med r\u00e5d och handling.<\/li>\n<\/ul>\n<p><strong>V\u00e5ra f\u00f6rdelar:<\/strong><\/p>\n<ul>\n<li><strong>Gratis frakt fr\u00e5n 49,99 \u20ac i Tyskland:<\/strong><br \/>\nDra nytta av gratis frakt om du best\u00e4ller f\u00f6r mer \u00e4n 49,99 \u20ac. Vi levererar dina Al Fakher produkter inom 3-7 dagar direkt fr\u00e5n v\u00e5rt europeiska lager.<\/li>\n<li><strong>M\u00e5ngsidiga betalningsmetoder:<\/strong><br \/>\nVi erbjuder dig flexibla betalningsalternativ, inklusive PayPal, kreditkort, iDEAL f\u00f6r kunder fr\u00e5n Nederl\u00e4nderna, Bancontact f\u00f6r kunder fr\u00e5n Belgien och SEPA-bank\u00f6verf\u00f6ringar f\u00f6r kunder \u00f6ver hela Europa.<\/li>\n<li><strong>Snabb leverans till EU:<\/strong><br \/>\nV\u00e5r effektiva logistik m\u00f6jligg\u00f6r snabba och s\u00e4kra leveranser till m\u00e5nga europeiska l\u00e4nder, d\u00e4ribland Tyskland, Frankrike, Nederl\u00e4nderna, Belgien och m\u00e5nga andra.<\/li>\n<\/ul>\n<p><strong>Fr\u00e5gor om din best\u00e4llning?<\/strong><\/p>\n<p>Om du beh\u00f6ver hj\u00e4lp med en best\u00e4llning eller har fr\u00e5gor om v\u00e5ra Al Fakher produkter kan du alltid kontakta oss via e-post. V\u00e5r v\u00e4nliga kundservice st\u00e5r till din tj\u00e4nst f\u00f6r att s\u00e4kerst\u00e4lla att din shoppingupplevelse hos oss blir smidig och tillfredsst\u00e4llande.<\/p>\n\n<div class=\"wpcf7 no-js\" id=\"wpcf7-f7-o1\" lang=\"de-DE\" dir=\"ltr\" data-wpcf7-id=\"7\">\n<div class=\"screen-reader-response\"><p role=\"status\" aria-live=\"polite\" aria-atomic=\"true\"><\/p> <ul><\/ul><\/div>\n<form action=\"\/sv\/wp-json\/wp\/v2\/pages\/499#wpcf7-f7-o1\" method=\"post\" class=\"wpcf7-form init\" aria-label=\"Kontaktformul\u00e4r\" novalidate=\"novalidate\" data-status=\"init\" data-trp-original-action=\"\/sv\/wp-json\/wp\/v2\/pages\/499#wpcf7-f7-o1\">\n<fieldset class=\"hidden-fields-container\"><input type=\"hidden\" name=\"_wpcf7\" value=\"7\" \/><input type=\"hidden\" name=\"_wpcf7_version\" value=\"6.1.1\" \/><input type=\"hidden\" name=\"_wpcf7_locale\" value=\"de_DE\" \/><input type=\"hidden\" name=\"_wpcf7_unit_tag\" value=\"wpcf7-f7-o1\" \/><input type=\"hidden\" name=\"_wpcf7_container_post\" value=\"0\" \/><input type=\"hidden\" name=\"_wpcf7_posted_data_hash\" value=\"\" \/><input type=\"hidden\" name=\"_wpcf7_recaptcha_response\" value=\"\" \/>\n<\/fieldset>\n<p><label> Ditt namn<br \/>\n<span class=\"wpcf7-form-control-wrap\" data-name=\"your-name\"><input size=\"40\" maxlength=\"400\" class=\"wpcf7-form-control wpcf7-text wpcf7-validates-as-required\" autocomplete=\"name\" aria-required=\"true\" aria-invalid=\"false\" value=\"\" type=\"text\" name=\"your-name\" \/><\/span> <\/label>\n<\/p>\n<p><label> Din e-post<br \/>\n<span class=\"wpcf7-form-control-wrap\" data-name=\"your-email\"><input size=\"40\" maxlength=\"400\" class=\"wpcf7-form-control wpcf7-email wpcf7-validates-as-required wpcf7-text wpcf7-validates-as-email\" autocomplete=\"email\" aria-required=\"true\" aria-invalid=\"false\" value=\"\" type=\"email\" name=\"your-email\" \/><\/span> <\/label>\n<\/p>\n<p><label> \u00c4mne<br \/>\n<span class=\"wpcf7-form-control-wrap\" data-name=\"your-subject\"><input size=\"40\" maxlength=\"400\" class=\"wpcf7-form-control wpcf7-text wpcf7-validates-as-required\" aria-required=\"true\" aria-invalid=\"false\" value=\"\" type=\"text\" name=\"your-subject\" \/><\/span> <\/label>\n<\/p>\n<p><label> Din meddelande (valfritt)<br \/>\n<span class=\"wpcf7-form-control-wrap\" data-name=\"your-message\"><textarea cols=\"40\" rows=\"10\" maxlength=\"2000\" class=\"wpcf7-form-control wpcf7-textarea\" aria-invalid=\"false\" name=\"your-message\"><\/textarea><\/span> <\/label>\n<\/p>\n<p><input class=\"wpcf7-form-control wpcf7-submit has-spinner\" type=\"submit\" value=\"Skicka in\" \/>\n<\/p><div class=\"wpcf7-response-output\" aria-hidden=\"true\"><\/div>\n<input type=\"hidden\" name=\"trp-form-language\" value=\"sv\"\/><\/form>\n<\/div>","protected":false},"excerpt":{"rendered":"<p>Vi p\u00e5 Al Fakher 24h st\u00e5r g\u00e4rna till din tj\u00e4nst f\u00f6r att besvara alla dina fr\u00e5gor om v\u00e5ra produkter, din best\u00e4llning eller frakten. Som ledande leverant\u00f6r av Al Fakher eng\u00e5ngs-e-cigaretter inom EU \u00e4r vi stolta \u00f6ver att kunna erbjuda v\u00e5ra kunder utm\u00e4rkt kundservice och support. Kontaktm\u00f6jligheter: E-post: Skriv ett mejl till info@alfakher24h.de, [\u2026]","protected":false},"author":1,"featured_media":0,"parent":0,"menu_order":0,"comment_status":"closed","ping_status":"closed","template":"page-blank-title-center.php","meta":{"om_disable_all_campaigns":false,"footnotes":""},"class_list":["post-499","page","type-page","status-publish","hentry"],"_links":{"self":[{"href":"https:\/\/alfakher24h.de\/sv\/wp-json\/wp\/v2\/pages\/499","targetHints":{"allow":["GET"]}}],"collection":[{"href":"https:\/\/alfakher24h.de\/sv\/wp-json\/wp\/v2\/pages"}],"about":[{"href":"https:\/\/alfakher24h.de\/sv\/wp-json\/wp\/v2\/types\/page"}],"author":[{"embeddable":true,"href":"https:\/\/alfakher24h.de\/sv\/wp-json\/wp\/v2\/users\/1"}],"replies":[{"embeddable":true,"href":"https:\/\/alfakher24h.de\/sv\/wp-json\/wp\/v2\/comments?post=499"}],"version-history":[{"count":4,"href":"https:\/\/alfakher24h.de\/sv\/wp-json\/wp\/v2\/pages\/499\/revisions"}],"predecessor-version":[{"id":615,"href":"https:\/\/alfakher24h.de\/sv\/wp-json\/wp\/v2\/pages\/499\/revisions\/615"}],"wp:attachment":[{"href":"https:\/\/alfakher24h.de\/sv\/wp-json\/wp\/v2\/media?parent=499"}],"curies":[{"name":"wp","href":"https:\/\/api.w.org\/{rel}","templated":true}]}}