{"id":99,"date":"2024-09-06T09:19:11","date_gmt":"2024-09-06T09:19:11","guid":{"rendered":"https:\/\/alfakher24h.de\/?post_type=product&#038;p=99"},"modified":"2025-07-23T04:17:28","modified_gmt":"2025-07-23T04:17:28","slug":"al-fakher-crown-bar-8000-pufuri-tigara-electronica-de-unica-folosinta-cu-nicotina-cirese-fiesta","status":"publish","type":"product","link":"https:\/\/alfakher24h.de\/ro\/produs\/al-fakher-crown-bar-8000-pufuri-tigara-electronica-de-unica-folosinta-cu-nicotina-cirese-fiesta\/","title":{"rendered":"AL Fakher Crown Bar 8000 de trageri \u021bigar\u0103 electronic\u0103 de unic\u0103 folosin\u021b\u0103 cu nicotin\u0103 \u2013 Cherry Fiesta"},"content":{"rendered":"<h2><a href=\"https:\/\/alfakher24h.de\/ro\/categorie-de-produse\/al-fakher-crown-bar-8000\/\">AL Fakher Crown Bar 8000 de trageri<\/a> E-Zigarette de unic\u0103 folosin\u021b\u0103 cu nicotin\u0103 \u2013 Cherry Fiesta<\/h2>\n<div style=\"width: 362px;\" class=\"wp-video\"><video class=\"wp-video-shortcode\" id=\"video-99-1\" width=\"362\" height=\"640\" preload=\"metadata\" controls=\"controls\"><source type=\"video\/mp4\" src=\"https:\/\/alfakher24h.de\/wp-content\/uploads\/2024\/09\/AL-Fakher-Crown-Bar-8000-Zuege-Einweg-E-Zigarette-mit-Nikotin-Cherry-Fiesta.mp4?_=1\" \/><a href=\"https:\/\/alfakher24h.de\/wp-content\/uploads\/2024\/09\/AL-Fakher-Crown-Bar-8000-Zuege-Einweg-E-Zigarette-mit-Nikotin-Cherry-Fiesta.mp4\">https:\/\/alfakher24h.de\/wp-content\/uploads\/2024\/09\/AL-Fakher-Crown-Bar-8000-Zuege-Einweg-E-Zigarette-mit-Nikotin-Cherry-Fiesta.mp4<\/a><\/video><\/div>\n<p>&nbsp;<\/p>\n<h2>AL Fakher Crown Bar 8000 Z\u00fcge \nDescrierea produsului<\/h2>\n<p>Die <strong>AL Fakher Crown Bar 8000 Z<a href=\"https:\/\/alfakher24h.de\/ro\/\">Dispozitiv de vape cu nicotin\u0103 de unic\u0103 folosin\u021b\u0103<\/a> \u2013 Cherry Fiesta<\/strong> v\u0103 ofer\u0103 o experien\u021b\u0103 de vaporizare intens\u0103 \u0219i aromat\u0103, inspirat\u0103 de lunga experien\u021b\u0103 a Al Fakhers \u00een fabricarea de produse de shisha de \u00eenalt\u0103 calitate. Acest vape de unic\u0103 folosin\u021b\u0103 este ideal pentru to\u021bi cei care doresc s\u0103 ob\u021bin\u0103 maximum din sesiunile lor de vaporizare - cu o varietate de caracteristici inovatoare \u0219i o experien\u021b\u0103 de arom\u0103 r\u0103coritoare.<\/p>\n<p><strong>Cherry Fiesta<\/strong> Se remarc\u0103 printr-un amestec vibrant de mandarine proaspete \u0219i pere suculente, care, \u00eempreun\u0103 cu cirea\u0219\u0103 dulce \u0219i note florale, creeaz\u0103 o combina\u021bie de gust exotic\u0103 \u0219i de neconfundat. Gustul este completat de o dulcea\u021b\u0103 subtil\u0103 \u0219i nuan\u021be florale, cre\u00e2nd un arom\u0103 unitar\u0103 \u0219i totu\u0219i incitant\u0103.<\/p>\n<p>Cigara electronic\u0103 de unic\u0103 folosin\u021b\u0103 Al Fakher nu este cunoscut\u0103 doar pentru u\u0219urin\u021ba \u00een utilizare \u0219i durabilitate, ci ofer\u0103 \u0219i o experien\u021b\u0103 gustativ\u0103 intens\u0103, care face aburul c\u00e2t se poate de lin \u0219i pl\u0103cut. Cu o durat\u0103 de via\u021b\u0103 impresionant\u0103 a bateriei \u0219i un volum mare de lichid electronic, aceast\u0103 vape de unic\u0103 folosin\u021b\u0103 este perfect\u0103 pentru perioade lungi de utilizare.<\/p>\n<h2><a href=\"https:\/\/alfakher24h.de\/ro\/\">AL Fakher<\/a> Crown Bar 8000 Trei Propriet\u0103\u021bi \u00een Prezentare General\u0103<\/h2>\n<ul>\n<li><strong>P\u00e2n\u0103 la 8000 de trenuri<\/strong>: Bucura\u021bi-v\u0103 de o experien\u021b\u0103 de vaporizare de lung\u0103 durat\u0103 f\u0103r\u0103 reumplere frecvent\u0103 sau re\u00eenc\u0103rcare.<\/li>\n<li><strong>18 ml capacitate de e-lichid<\/strong>: Pre\u00eenc\u0103rcat cu 18 ml de lichid, ceea ce asigur\u0103 o durat\u0103 lung\u0103 de utilizare.<\/li>\n<li><strong>Con\u021binut de nicotin\u0103<\/strong>5 mg\/ml nicotin\u0103 ofer\u0103 o senza\u021bie satisf\u0103c\u0103toare de vapoare pentru to\u021bi cei care depind de nicotin\u0103.<\/li>\n<li><strong>Bobine Mesh<\/strong>Pentru nori de abur mai mari \u0219i mai savuro\u0219i \u0219i o experien\u021b\u0103 de gust intens\u0103.<\/li>\n<li><strong>0,6 Ohm Widerstand<\/strong>: Perfect pentru vaparea Direct-To-Lung (DTL), ceea ce permite o produc\u021bie de vapori mai puternic\u0103 \u0219i mai complet\u0103.<\/li>\n<li><strong>600mAh baterie re\u00eenc\u0103rcabil\u0103<\/strong>: Echipat cu o conexiune de tip C pentru \u00eenc\u0103rcare rapid\u0103 \u0219i u\u0219oar\u0103.<\/li>\n<li><strong>Design elegant<\/strong>Un finisaj din piele luxos ofer\u0103 o senza\u021bie pl\u0103cut\u0103 la atingere \u0219i un aspect elegant.<\/li>\n<li><strong>Construc\u021bie robust\u0103<\/strong>Materialele de \u00eenalt\u0103 calitate asigur\u0103 o e-\u021bigar\u0103 durabil\u0103 \u0219i stabil\u0103, care poate rezista cerin\u021belor zilnice.<\/li>\n<\/ul>\n<p><img loading=\"lazy\" decoding=\"async\" class=\"alignnone size-full wp-image-101\" src=\"https:\/\/alfakher24h.de\/wp-content\/uploads\/2024\/09\/AL-Fakher-Crown-Bar-8000-Zuege-Einweg-E-Zigarette-Mit-Nikotin-Cherry-Fiesta.webp\" alt=\"AL Fakher Crown Bar 8000 de trageri \u021bigar\u0103 electronic\u0103 de unic\u0103 folosin\u021b\u0103 cu nicotin\u0103 - Cherry Fiesta\" width=\"750\" height=\"647\" title=\"\" srcset=\"https:\/\/alfakher24h.de\/wp-content\/uploads\/2024\/09\/AL-Fakher-Crown-Bar-8000-Zuege-Einweg-E-Zigarette-Mit-Nikotin-Cherry-Fiesta.webp 750w, https:\/\/alfakher24h.de\/wp-content\/uploads\/2024\/09\/AL-Fakher-Crown-Bar-8000-Zuege-Einweg-E-Zigarette-Mit-Nikotin-Cherry-Fiesta-300x259.webp 300w, https:\/\/alfakher24h.de\/wp-content\/uploads\/2024\/09\/AL-Fakher-Crown-Bar-8000-Zuege-Einweg-E-Zigarette-Mit-Nikotin-Cherry-Fiesta-600x518.webp 600w\" sizes=\"auto, (max-width: 750px) 100vw, 750px\" \/><\/p>\n<h3>De ce ar trebui s\u0103 alege\u021bi AL Fakher Crown Bar 8000<\/h3>\n<p>Aceasta <a href=\"https:\/\/alfakher24h.de\/ro\/\">E-Zigarette de unic\u0103 folosin\u021b\u0103<\/a> Al Fakhers combin\u0103 experien\u021ba \u00eendelungat\u0103 \u00een fabricarea de shisha cu tehnologiile moderne de vaporizare. Este ideal\u0103 pentru to\u021bi cei care caut\u0103 o experien\u021b\u0103 de vaporizare practic\u0103, dar de \u00eenalt\u0103 calitate. Construc\u021bia durabil\u0103 \u0219i designul ergonomic o fac s\u0103 fie \u00eenso\u021bitorul perfect pentru deplas\u0103ri, f\u0103r\u0103 a face compromisuri la gust \u0219i performan\u021b\u0103. Datorit\u0103 capacit\u0103\u021bii mari de lichid electronic \u0219i bateriei re\u00eenc\u0103rcabile, v\u0103 pute\u021bi bucura de o utilizare lung\u0103 \u0219i f\u0103r\u0103 probleme.<\/p>\n<p>Gustul Cherry Fiesta este de neuitat: fructat, dulce \u0219i \u00een acela\u0219i timp r\u0103coritor. La fiecare puf, ve\u021bi experimenta un joc armonios de cire\u0219, mandarin\u0103 \u0219i pere, care v\u0103 entuziasmeaz\u0103 papilele gustative. Bobinele Mesh folosite asigur\u0103 nori de vapori densi \u0219i aromatici, \u00een timp ce con\u021binutul de nicotin\u0103 de 5 mg\/ml ofer\u0103 impulsul ideal.<\/p>\n<p>Al Fakher Crown Bar stabile\u0219te noi standarde \u00een lumea vapingului. Aceast\u0103 \u021bigar\u0103 electronic\u0103 de unic\u0103 folosin\u021b\u0103 este intrarea ideal\u0103 pentru to\u021bi cei care doresc s\u0103 se bucure de confortul \u0219i calitatea unei \u021big\u0103ri electronice premium f\u0103r\u0103 efortul de \u00eentre\u021binere \u0219i realimentare.<\/p>\n<h3>Descriere detaliat\u0103 a gustului - Cherry Fiesta<\/h3>\n<p>Gustul <strong>Cherry Fiesta<\/strong> Este o adev\u0103rat\u0103 explozie de gust, care rezult\u0103 din aromele atent selec\u021bionate. Deja la prima inhalare se dezvolt\u0103 dulcea\u021ba fructat\u0103 a cire\u0219ei, care este imediat \u00eenso\u021bit\u0103 de note proaspete \u0219i spritzante de mandarin\u0103. Combina\u021bia acestor dou\u0103 fructe confer\u0103 vape-ului un profil inconfundabil, care este at\u00e2t u\u0219or, c\u00e2t \u0219i intens. Cire\u0219a, care se afl\u0103 \u00een centru, ofer\u0103 o dulcea\u021b\u0103 subtil\u0103, \u00een timp ce mandarina cu nota sa de citrice asigur\u0103 prospe\u021bimea.<\/p>\n<p>Cu toate acestea, gustul nu se \u00eencheie aici. \u00cen fundal, se g\u0103sesc note florale care completeaz\u0103 dulcea\u021ba fructelor \u0219i asigur\u0103 o armonie perfect\u0103. Para adaug\u0103 un component moale \u0219i suculent amestecului, care face \u00eentreaga arom\u0103 \u0219i mai fin\u0103. Aceast\u0103 combina\u021bie unic\u0103 de gusturi este at\u00e2t de joac\u0103, c\u00e2t \u0219i de rafinat\u0103 \u0219i cu siguran\u021b\u0103 va impresiona fiecare iubitor de vape.<\/p>\n<p>Cu fiecare puf, v\u0103 bucura\u021bi de un profil de arom\u0103 de necomparat, care nu este doar intens, ci \u0219i echilibrat. Cherry Fiesta nu este doar o \u021bigar\u0103 electronic\u0103 de unic\u0103 folosin\u021b\u0103, ci o experien\u021b\u0103 care v\u0103 duce \u00eentr-o c\u0103l\u0103torie gustativ\u0103.<\/p>\n<h3>Cump\u0103ra\u021bi-v\u0103 AL Fakher Crown Bar 8000 de trageri E-\u021bigar\u0103 de unic\u0103 folosin\u021b\u0103 pe <a href=\"https:\/\/alfakher24h.de\/ro\/\">alfakher24h.de<\/a><\/h3>\n<p>Ca furnizor principal de \u021big\u0103ri electronice de unic\u0103 folosin\u021b\u0103 \u00een Germania, ofer\u0103 <strong>alfakher24h.de<\/strong> v\u0103 oferim o selec\u021bie exclusiv\u0103 de produse de vaporizare de \u00eenalt\u0103 calitate. <strong>AL Fakher Crown Bar 8000 de trageri<\/strong> Este unul dintre cele mai bune produse din gama noastr\u0103. Cu un num\u0103r impresionant de trageri \u0219i o varietate de arome intense, este perfect\u0103 pentru to\u021bi cei care caut\u0103 o experien\u021b\u0103 de vaporizare excep\u021bional\u0103.<\/p>\n<p>Profita\u021bi de expedierea noastr\u0103 rapid\u0103 \u0219i de serviciul nostru excelent pentru clien\u021bi \u0219i ob\u021bine\u021bi ast\u0103zi AL Fakher Crown Bar 8000 de trag\u0103ri E-\u021bigar\u0103 de unic\u0103 folosin\u021b\u0103!<\/p>","protected":false},"excerpt":{"rendered":"<p>Die <strong>AL Fakher Crown Bar 8000 de trageri \u021bigar\u0103 electronic\u0103 de unic\u0103 folosin\u021b\u0103 cu nicotin\u0103 \u2013 Cherry Fiesta<\/strong> Ofer\u0103 o experien\u021b\u0103 intensiv\u0103 de vaporizare cu 8000 de trageri, lichid preumplut de 18 ml, 5 mg\/ml nicotin\u0103 \u0219i o arom\u0103 de cire\u0219e-mandarin\u0103-pere, sus\u021binut\u0103 de tehnologia modern\u0103 Mesh Coil.<\/p>","protected":false},"featured_media":102,"comment_status":"open","ping_status":"closed","template":"","meta":{"om_disable_all_campaigns":false},"product_brand":[],"product_cat":[19],"product_tag":[],"class_list":{"0":"post-99","1":"product","2":"type-product","3":"status-publish","4":"has-post-thumbnail","6":"product_cat-al-fakher-crown-bar-8000","8":"first","9":"instock","10":"shipping-taxable","11":"purchasable","12":"product-type-simple"},"_links":{"self":[{"href":"https:\/\/alfakher24h.de\/ro\/wp-json\/wp\/v2\/product\/99","targetHints":{"allow":["GET"]}}],"collection":[{"href":"https:\/\/alfakher24h.de\/ro\/wp-json\/wp\/v2\/product"}],"about":[{"href":"https:\/\/alfakher24h.de\/ro\/wp-json\/wp\/v2\/types\/product"}],"replies":[{"embeddable":true,"href":"https:\/\/alfakher24h.de\/ro\/wp-json\/wp\/v2\/comments?post=99"}],"wp:featuredmedia":[{"embeddable":true,"href":"https:\/\/alfakher24h.de\/ro\/wp-json\/wp\/v2\/media\/102"}],"wp:attachment":[{"href":"https:\/\/alfakher24h.de\/ro\/wp-json\/wp\/v2\/media?parent=99"}],"wp:term":[{"taxonomy":"product_brand","embeddable":true,"href":"https:\/\/alfakher24h.de\/ro\/wp-json\/wp\/v2\/product_brand?post=99"},{"taxonomy":"product_cat","embeddable":true,"href":"https:\/\/alfakher24h.de\/ro\/wp-json\/wp\/v2\/product_cat?post=99"},{"taxonomy":"product_tag","embeddable":true,"href":"https:\/\/alfakher24h.de\/ro\/wp-json\/wp\/v2\/product_tag?post=99"}],"curies":[{"name":"wp","href":"https:\/\/api.w.org\/{rel}","templated":true}]}}