{"id":373,"date":"2024-09-18T11:04:12","date_gmt":"2024-09-18T11:04:12","guid":{"rendered":"https:\/\/alfakher24h.de\/?post_type=product&#038;p=373"},"modified":"2025-07-23T04:17:50","modified_gmt":"2025-07-23T04:17:50","slug":"al-fakher-crown-bar-12000-pufuri-tigara-electronica-de-unica-folosinta-cu-gheata-luxurianta-cu-nicotina","status":"publish","type":"product","link":"https:\/\/alfakher24h.de\/ro\/produs\/al-fakher-crown-bar-12000-pufuri-tigara-electronica-de-unica-folosinta-cu-gheata-luxurianta-cu-nicotina\/","title":{"rendered":"AL Fakher Crown Bar 12000 de trageri E-\u021bigaret\u0103 de unic\u0103 folosin\u021b\u0103 Cu nicotin\u0103 - Lush Ice"},"content":{"rendered":"<div class=\"flex-shrink-0 flex flex-col relative items-end\">\n<div>\n<div class=\"pt-0\">\n<div class=\"gizmo-bot-avatar flex h-8 w-8 items-center justify-center overflow-hidden rounded-full\">\n<div class=\"relative p-1 rounded-sm flex items-center justify-center bg-token-main-surface-primary text-token-text-primary h-8 w-8\"><strong style=\"font-size: 23.04px;\"><a href=\"https:\/\/alfakher24h.de\/ro\/categorie-de-produse\/ai-fakher-crown-bar-12000\/\">AL Fakher Crown Bar 12000 de trageri<\/a> E-Zigarette de unic\u0103 folosin\u021b\u0103 cu nicotin\u0103 \u2013 Lush Ice<\/strong><\/div>\n<\/div>\n<\/div>\n<\/div>\n<\/div>\n<div class=\"group\/conversation-turn relative flex w-full min-w-0 flex-col agent-turn\">\n<div class=\"flex-col gap-1 md:gap-3\">\n<div class=\"flex max-w-full flex-col flex-grow\">\n<div class=\"min-h-[20px] text-message flex w-full flex-col items-end gap-2 whitespace-normal break-words [.text-message+&amp;]:mt-5\" dir=\"auto\" data-message-author-role=\"assistant\" data-message-id=\"3c64a75f-8ce4-4d26-b086-ab05d7b230dd\">\n<div class=\"flex w-full flex-col gap-1 empty:hidden first:pt-[3px]\">\n<div class=\"markdown prose w-full break-words dark:prose-invert light\">\n<h3>O experien\u021b\u0103 de vaping de necomparat \u00een Germania<\/h3>\n<p>AL Fakher Crown Bar 12000 trageri <a href=\"https:\/\/alfakher24h.de\/ro\/\">E-Zigarette de unic\u0103 folosin\u021b\u0103<\/a> Combin\u0103 tehnologia de vaporizare de \u00eenalt\u0103 calitate cu o not\u0103 de elegan\u021b\u0103 tradi\u021bional\u0103. Aceast\u0103 \u021bigar\u0103 electronic\u0103 de unic\u0103 folosin\u021b\u0103 de ultim\u0103 genera\u021bie v\u0103 ofer\u0103 p\u00e2n\u0103 la 12.000 de pufuri, f\u0103c\u00e2nd-o unul dintre cele mai durabile dispozitive de vaporizare de pe pia\u021b\u0103. Dotat\u0103 cu o baterie puternic\u0103 \u0219i o bobin\u0103 Mesh de 0,6 Ohm avansat\u0103, asigur\u0103 o experien\u021b\u0103 de vaporizare intens\u0103 \u0219i satisf\u0103c\u0103toare de la prima p\u00e2n\u0103 la ultima puf\u0103tur\u0103.<\/p>\n<p>AL Fakher Crown Bar 12000 PRO este alegerea ideal\u0103 pentru to\u021bi cei care caut\u0103 un dispozitiv de vaporizare puternic \u0219i u\u0219or de utilizat. Acesta combin\u0103 confortul ridicat cu performan\u021be remarcabile \u0219i este potrivit at\u00e2t pentru vapori experimenta\u021bi, c\u00e2t \u0219i pentru \u00eencep\u0103tori.<\/p>\n<h2><strong>AL Fakher Crown Bar 12000 de trageri <\/strong>Caracteristici importante ale AL Fakher Crown Bar 12000 PRO<\/h2>\n<ul>\n<li><strong>12.000 de trenuri pe dispozitiv:<\/strong> Aceasta <a href=\"https:\/\/alfakher24h.de\/ro\/\">E-Zigarette de unic\u0103 folosin\u021b\u0103 cu nicotin\u0103\u00a0<\/a>Ofer\u0103 p\u00e2n\u0103 la 12.000 de pufuri, ceea ce o face una dintre cele mai durabile dispozitive din categoria vape-urilor de unic\u0103 folosin\u021b\u0103. Perfect pentru sesiuni lungi de vapare f\u0103r\u0103 re\u00eenc\u0103rcare frecvent\u0103 sau \u00eenlocuirea dispozitivului.<\/li>\n<li><strong>Tehnologia de \u00eenf\u0103\u0219urare a ochiurilor:<\/strong> Bobina avansat\u0103 de 0,6 ohmi cu plas\u0103 asigur\u0103 nori densi \u0219i aromatici \u0219i ridic\u0103 experien\u021ba de gust la un nou nivel. Distribu\u021bia uniform\u0103 a c\u0103ldurii \u00eembun\u0103t\u0103\u021be\u0219te intensitatea aromei \u0219i consisten\u021ba.<\/li>\n<li><strong>Design elegant \u0219i u\u0219or:<\/strong> Designul suplu \u0219i ergonomic asigur\u0103 at\u00e2t o prindere confortabil\u0103, c\u00e2t \u0219i un aspect stilos. Ideal pentru deplas\u0103ri \u0219i un adev\u0103rat punct de atrac\u021bie.<\/li>\n<li><strong>Unde sonore integrate pentru ap\u0103 \u0219i tutun:<\/strong> Pentru iubitorii de pipe tradi\u021bionale de ap\u0103, acest model ofer\u0103 o tehnologie special\u0103 de sunet, care face experien\u021ba de vaporizare mai autentic\u0103 \u0219i mai pl\u0103cut\u0103.<\/li>\n<li><strong>Sistem de \u00eenc\u0103rcare rapid\u0103 de tip C:<\/strong> Sistemul modern de \u00eenc\u0103rcare Type-C permite o \u00eenc\u0103rcare rapid\u0103 \u0219i eficient\u0103, astfel \u00eenc\u00e2t dispozitivul dvs. este \u00eentotdeauna gata de utilizare, indiferent c\u00e2t de ocupat sunte\u021bi.<\/li>\n<li><strong>Direct Lung Shot (DTL):<\/strong> Tragerul direct de pl\u0103m\u00e2n ofer\u0103 o experien\u021b\u0103 de gust mai intens\u0103 \u0219i amplific\u0103 efectul lichidului electronic pentru o experien\u021b\u0103 de vaporizare intens\u0103.<\/li>\n<li><img loading=\"lazy\" decoding=\"async\" class=\"alignnone size-full wp-image-374\" src=\"https:\/\/alfakher24h.de\/wp-content\/uploads\/2024\/09\/AL-Fakher-Crown-Bar-12000-Zuege-Einweg-E-Zigarette-Mit-Nikotin-Lush-Ice.webp\" alt=\"AL Fakher Crown Bar 12000 de trageri E-\u021bigaret\u0103 de unic\u0103 folosin\u021b\u0103 Cu nicotin\u0103 - Lush Ice\" width=\"1000\" height=\"1000\" title=\"\" srcset=\"https:\/\/alfakher24h.de\/wp-content\/uploads\/2024\/09\/AL-Fakher-Crown-Bar-12000-Zuege-Einweg-E-Zigarette-Mit-Nikotin-Lush-Ice.webp 1000w, https:\/\/alfakher24h.de\/wp-content\/uploads\/2024\/09\/AL-Fakher-Crown-Bar-12000-Zuege-Einweg-E-Zigarette-Mit-Nikotin-Lush-Ice-300x300.webp 300w, https:\/\/alfakher24h.de\/wp-content\/uploads\/2024\/09\/AL-Fakher-Crown-Bar-12000-Zuege-Einweg-E-Zigarette-Mit-Nikotin-Lush-Ice-150x150.webp 150w, https:\/\/alfakher24h.de\/wp-content\/uploads\/2024\/09\/AL-Fakher-Crown-Bar-12000-Zuege-Einweg-E-Zigarette-Mit-Nikotin-Lush-Ice-768x768.webp 768w, https:\/\/alfakher24h.de\/wp-content\/uploads\/2024\/09\/AL-Fakher-Crown-Bar-12000-Zuege-Einweg-E-Zigarette-Mit-Nikotin-Lush-Ice-600x600.webp 600w, https:\/\/alfakher24h.de\/wp-content\/uploads\/2024\/09\/AL-Fakher-Crown-Bar-12000-Zuege-Einweg-E-Zigarette-Mit-Nikotin-Lush-Ice-100x100.webp 100w\" sizes=\"auto, (max-width: 1000px) 100vw, 1000px\" \/><\/li>\n<\/ul>\n<h2><strong>AL Fakher Crown Bar 12000 de trageri <\/strong>Lush Ice - O experien\u021b\u0103 gustativ\u0103 de excep\u021bie<\/h2>\n<p>Das <strong>Lush Ice-Aroma<\/strong> AL Fakher Crown Bar 12000 PRO impresioneaz\u0103 printr-o combina\u021bie unic\u0103 de pepene verde suculent \u0219i menthol r\u0103coritor. Fiecare puf al acestei \u021big\u0103ri electronice aduce la via\u021b\u0103 gustul dulce al pepenelui verde, care este perfect completat de prospe\u021bimea r\u0103coritoare a mentholului.<\/p>\n<p>Gustul de <strong>Lush Ice<\/strong> este ca un smoothie de pepene verde r\u0103coritor \u00eentr-o zi de var\u0103 fierbinte - dulce \u0219i \u00een acela\u0219i timp pl\u0103cut de r\u0103coritor. Aceast\u0103 arom\u0103 este ideal\u0103 pentru cei care caut\u0103 o direc\u021bie de gust fructat\u0103 \u0219i \u00een acela\u0219i timp r\u0103coritoare. Combina\u021bia de pepene verde suculent \u0219i o not\u0103 de mentol\u0103 asigur\u0103 o senza\u021bie de prospe\u021bime de necomparat \u0219i o r\u0103corire pl\u0103cut\u0103 la fiecare vapoare. Perfect pentru consumul zilnic sau pentru o r\u0103corire rapid\u0103 \u00eentre timp.<\/p>\n<p>Die <a href=\"https:\/\/alfakher24h.de\/ro\/\">AL Fakher<\/a> Crown Bar 12000 de trageri  E-\u021bigar\u0103 de unic\u0103 folosin\u021b\u0103 este \u00eenso\u021bitorul ideal pentru fiecare iubitor de vaporizare care apreciaz\u0103 calitatea \u0219i gustul. Durata lung\u0103 de via\u021b\u0103 \u0219i aromele intense o fac o alegere excelent\u0103 pentru to\u021bi cei care caut\u0103 o experien\u021b\u0103 de vaporizare de prim\u0103 clas\u0103.<\/p>\n<p>Vizita\u021bi <a href=\"https:\/\/alfakher24h.de\/ro\/\" target=\"_new\" rel=\"noopener\">alfakher24h.de<\/a>cea mai mare platform\u0103 online pentru <a href=\"https:\/\/alfakher24h.de\/ro\/\">E-Zigarette de unic\u0103 folosin\u021b\u0103 cu nicotin\u0103<\/a> \u00cen Germania, \u0219i asigura\u021bi-v\u0103 ast\u0103zi de AL Fakher Crown Bar 12000 de trageri. Experimenta\u021bi combina\u021bia excep\u021bional\u0103 de tehnologie de \u00eenalt\u0103 calitate \u0219i rafinament \u00een materie de gust \u0219i bucura\u021bi-v\u0103 de o experien\u021b\u0103 de vaporizare f\u0103r\u0103 egal.<\/p>\n<\/div>\n<\/div>\n<\/div>\n<\/div>\n<\/div>\n<\/div>","protected":false},"excerpt":{"rendered":"<p>AL Fakher Crown Bar 12000 Z\u00fcge Einweg E-Zigarette cu nicotin\u0103 ofer\u0103 p\u00e2n\u0103 la 12.000 de pufuri de vapori intensi \u0219i aroma\u021bi, combina\u021bi cu un design elegant \u0219i aroma Lush Ice, r\u0103coritoare, de pepene verde suculent \u0219i menthol r\u0103coritor.<\/p>","protected":false},"featured_media":375,"comment_status":"open","ping_status":"closed","template":"","meta":{"om_disable_all_campaigns":false},"product_brand":[],"product_cat":[20],"product_tag":[],"class_list":{"0":"post-373","1":"product","2":"type-product","3":"status-publish","4":"has-post-thumbnail","6":"product_cat-ai-fakher-crown-bar-12000","8":"first","9":"instock","10":"shipping-taxable","11":"purchasable","12":"product-type-simple"},"_links":{"self":[{"href":"https:\/\/alfakher24h.de\/ro\/wp-json\/wp\/v2\/product\/373","targetHints":{"allow":["GET"]}}],"collection":[{"href":"https:\/\/alfakher24h.de\/ro\/wp-json\/wp\/v2\/product"}],"about":[{"href":"https:\/\/alfakher24h.de\/ro\/wp-json\/wp\/v2\/types\/product"}],"replies":[{"embeddable":true,"href":"https:\/\/alfakher24h.de\/ro\/wp-json\/wp\/v2\/comments?post=373"}],"wp:featuredmedia":[{"embeddable":true,"href":"https:\/\/alfakher24h.de\/ro\/wp-json\/wp\/v2\/media\/375"}],"wp:attachment":[{"href":"https:\/\/alfakher24h.de\/ro\/wp-json\/wp\/v2\/media?parent=373"}],"wp:term":[{"taxonomy":"product_brand","embeddable":true,"href":"https:\/\/alfakher24h.de\/ro\/wp-json\/wp\/v2\/product_brand?post=373"},{"taxonomy":"product_cat","embeddable":true,"href":"https:\/\/alfakher24h.de\/ro\/wp-json\/wp\/v2\/product_cat?post=373"},{"taxonomy":"product_tag","embeddable":true,"href":"https:\/\/alfakher24h.de\/ro\/wp-json\/wp\/v2\/product_tag?post=373"}],"curies":[{"name":"wp","href":"https:\/\/api.w.org\/{rel}","templated":true}]}}