{"id":296,"date":"2024-09-17T07:17:40","date_gmt":"2024-09-17T07:17:40","guid":{"rendered":"https:\/\/alfakher24h.de\/?post_type=product&#038;p=296"},"modified":"2025-07-16T07:12:18","modified_gmt":"2025-07-16T07:12:18","slug":"al-fakher-crown-bar-big-cloud-8000-per-puf-tigara-electronica-de-unica-folosinta-vis-lucid","status":"publish","type":"product","link":"https:\/\/alfakher24h.de\/ro\/produs\/al-fakher-crown-bar-big-cloud-8000-per-puf-tigara-electronica-de-unica-folosinta-vis-lucid\/","title":{"rendered":"Al Fakher Crown Bar Big Cloud 8000 PRO puffs \u021bigar\u0103 electronic\u0103 de unic\u0103 folosin\u021b\u0103 - Visul Lucid"},"content":{"rendered":"<h2><strong><a href=\"https:\/\/alfakher24h.de\/ro\/categorie-de-produse\/al-fakher-crown-bar-big-cloud-8000-pro\/\">Al Fakher Crown Bar Big Cloud 8000<\/a> PRO Einweg E-Zigarette \u2013 Vis Clar<\/strong><\/h2>\n<p>Al Fakher Crown Bar Big Cloud 8000 PRO este una dintre cele mai avansate <a href=\"https:\/\/alfakher24h.de\/ro\/\">E-Zigarete de unic\u0103 folosin\u021b\u0103<\/a> Pe pia\u021b\u0103 \u0219i combin\u0103 tehnologia de ultim\u0103 or\u0103 cu o utilizare u\u0219oar\u0103 \u0219i o performan\u021b\u0103 remarcabil\u0103. Acest dispozitiv a fost dezvoltat at\u00e2t pentru \u00eencep\u0103tori, c\u00e2t \u0219i pentru vapori experimenta\u021bi \u0219i ofer\u0103 \u00een Germania o experien\u021b\u0103 de vaporizare de neegalat. Cu o capacitate impresionant\u0103 de p\u00e2n\u0103 la 8000 de trageri \u0219i o func\u021bie dual-mod versatil\u0103, care permite comutarea \u00eentre stilurile de vaporizare \u201egur\u0103 \u00een pl\u0103m\u00e2n\u201d (MTL) \u0219i \u201edirect \u00een pl\u0103m\u00e2n\u201d (DTL), Crown Bar Big Cloud 8000 PRO este alegerea ideal\u0103 pentru to\u021bi cei care caut\u0103 o experien\u021b\u0103 de vaporizare intens\u0103, aromat\u0103 \u0219i practic\u0103.<\/p>\n<p>&nbsp;<\/p>\n<h3><strong>Tehnologii de v\u00e2rf ale Al Fakher Crown Bar Big Cloud 8000 PRO<\/strong><\/h3>\n<p>Rafinamentul tehnic al Al Fakher Crown Bar Big Cloud 8000 PRO face ca acest dispozitiv s\u0103 fie o adev\u0103rat\u0103 atrac\u021bie \u00een sectorul vapingului de unic\u0103 folosin\u021b\u0103. Acesta ofer\u0103 o varietate de caracteristici care asigur\u0103 o experien\u021b\u0103 de vaporizare confortabil\u0103 \u0219i de lung\u0103 durat\u0103.<\/p>\n<ul>\n<li><strong>8000 de trenuri pe dispozitiv:<\/strong> Aceast\u0103 capacitate impresionant\u0103 permite o vaporizare continu\u0103 pe o perioad\u0103 lung\u0103 de timp, f\u0103r\u0103 a fi nevoie de realimentare sau re\u00eenc\u0103rcare.<\/li>\n<li><strong>5 mg sare de nicotin\u0103:<\/strong> Ofer\u0103 o lovitur\u0103 de nicotin\u0103 lin\u0103, dar satisf\u0103c\u0103toare, care satisface nevoile at\u00e2t ale utilizatorilor noi, c\u00e2t \u0219i ale celor experimenta\u021bi de vape.<\/li>\n<li><strong>18 ml lichid electronic:<\/strong> Dispozitivul este preumplut \u0219i ofer\u0103 o cantitate mare de e-lichid pentru o experien\u021b\u0103 \u00eendelungat\u0103.<\/li>\n<li><strong>Baterie 800 mAh:<\/strong> Bateria re\u00eenc\u0103rcabil\u0103 ofer\u0103 o durat\u0103 lung\u0103 de func\u021bionare \u0219i poate fi \u00eenc\u0103rcat\u0103 rapid \u0219i u\u0219or prin conectorul de \u00eenc\u0103rcare de tip C.<\/li>\n<li><strong>Afi\u0219aj LED:<\/strong> Afi\u0219ajul practic LED v\u0103 informeaz\u0103 \u00eentotdeauna despre starea curent\u0103 a bateriei \u0219i a lichidului electronic.<\/li>\n<li><strong>Func\u021bie dual-mod:<\/strong> Alege\u021bi, \u00een func\u021bie de preferin\u021be, \u00eentre modul intensiv DTL \u0219i modul mai bl\u00e2nd MTL, pentru a v\u0103 personaliza experien\u021ba de vaporizare.<\/li>\n<li><strong>Tragerea asem\u0103n\u0103toare cu narghilea:<\/strong> Bucura\u021bi-v\u0103 de senza\u021bia autentic\u0103 \u0219i de gustul unei shisha tradi\u021bionale \u00eentr-un format modern \u0219i portabil.<\/li>\n<\/ul>\n<h3><strong>Caracteristicile speciale ale func\u021biei Dual-Mode<\/strong><\/h3>\n<p>Func\u021bia Dual-Mode a <a href=\"https:\/\/alfakher24h.de\/ro\/\">Al Fakher<\/a> Crown Bar Big Cloud 8000 PRO este o caracteristic\u0103 remarcabil\u0103 care permite o tranzi\u021bie lin\u0103 \u00eentre dou\u0103 stiluri diferite de vapare. Dac\u0103 prefera\u021bi o aspira\u021bie intens\u0103 \u0219i direct\u0103 \u00een pl\u0103m\u00e2ni (DTL), pute\u021bi selecta acest mod pentru a produce o nori\u0219c\u0103 puternic\u0103 \u0219i imediat\u0103 de vapori. Alternativ, pute\u021bi alege stilul \u201ede la gur\u0103 la pl\u0103m\u00e2ni\u201d (MTL) pentru a experimenta un efect de vapori mai bl\u00e2nd \u0219i mai lin. Aceast\u0103 flexibilitate v\u0103 permite s\u0103 personaliza\u021bi experien\u021ba de vapare \u00een func\u021bie de preferin\u021bele dvs. individuale, indiferent dac\u0103 prefera\u021bi o senza\u021bie intens\u0103 sau o not\u0103 aromatic\u0103 subtil\u0103.<\/p>\n<p><img loading=\"lazy\" decoding=\"async\" class=\"alignnone size-full wp-image-299\" src=\"https:\/\/alfakher24h.de\/wp-content\/uploads\/2024\/09\/Al-Fakher-Crown-Bar-Big-Cloud-8000-PRO-Zuege-Einweg-E-Zigarette-Lucid-Dream-2.webp\" alt=\"Al Fakher Crown Bar Big Cloud 8000 PRO puffs \u021bigar\u0103 electronic\u0103 de unic\u0103 folosin\u021b\u0103 - Visul Lucid\" width=\"2000\" height=\"2000\" title=\"\" srcset=\"https:\/\/alfakher24h.de\/wp-content\/uploads\/2024\/09\/Al-Fakher-Crown-Bar-Big-Cloud-8000-PRO-Zuege-Einweg-E-Zigarette-Lucid-Dream-2.webp 2000w, https:\/\/alfakher24h.de\/wp-content\/uploads\/2024\/09\/Al-Fakher-Crown-Bar-Big-Cloud-8000-PRO-Zuege-Einweg-E-Zigarette-Lucid-Dream-2-300x300.webp 300w, https:\/\/alfakher24h.de\/wp-content\/uploads\/2024\/09\/Al-Fakher-Crown-Bar-Big-Cloud-8000-PRO-Zuege-Einweg-E-Zigarette-Lucid-Dream-2-1024x1024.webp 1024w, https:\/\/alfakher24h.de\/wp-content\/uploads\/2024\/09\/Al-Fakher-Crown-Bar-Big-Cloud-8000-PRO-Zuege-Einweg-E-Zigarette-Lucid-Dream-2-150x150.webp 150w, https:\/\/alfakher24h.de\/wp-content\/uploads\/2024\/09\/Al-Fakher-Crown-Bar-Big-Cloud-8000-PRO-Zuege-Einweg-E-Zigarette-Lucid-Dream-2-768x768.webp 768w, https:\/\/alfakher24h.de\/wp-content\/uploads\/2024\/09\/Al-Fakher-Crown-Bar-Big-Cloud-8000-PRO-Zuege-Einweg-E-Zigarette-Lucid-Dream-2-1536x1536.webp 1536w, https:\/\/alfakher24h.de\/wp-content\/uploads\/2024\/09\/Al-Fakher-Crown-Bar-Big-Cloud-8000-PRO-Zuege-Einweg-E-Zigarette-Lucid-Dream-2-600x600.webp 600w, https:\/\/alfakher24h.de\/wp-content\/uploads\/2024\/09\/Al-Fakher-Crown-Bar-Big-Cloud-8000-PRO-Zuege-Einweg-E-Zigarette-Lucid-Dream-2-100x100.webp 100w\" sizes=\"auto, (max-width: 2000px) 100vw, 2000px\" \/><\/p>\n<h3><strong>Descriere detaliat\u0103 a aromei visului lucid<\/strong><\/h3>\n<p>Das Lucid Dream-Aroma des <a href=\"https:\/\/alfakher24h.de\/ro\/\">Al Fakher<\/a> Crown Bar Big Cloud 8000 PRO este un amestec captivant care ofer\u0103 o c\u0103l\u0103torie de gust incomparabil\u0103. Aceast\u0103 arom\u0103 combin\u0103 diferite note de gust subtile \u0219i exotice pentru a crea o experien\u021b\u0103 de vaporizare excep\u021bional\u0103.<\/p>\n<ul>\n<li><strong>Note de fructe proaspete:<\/strong> Aroma Lucid Dream se deschide cu o explozie r\u0103coritoare de arome fructate, care amintesc de fructe suculente \u0219i mature. Amestecul de nuan\u021be fructate ofer\u0103 o introducere vibrant\u0103 \u0219i revigorant\u0103 \u00een experien\u021ba de vaporizare.<\/li>\n<li><strong>Dulcea\u021b\u0103 suav\u0103:<\/strong> O dulcea\u021b\u0103 armonioas\u0103 completeaz\u0103 notele fructate \u0219i asigur\u0103 o experien\u021b\u0103 gustativ\u0103 echilibrat\u0103 \u0219i pl\u0103cut\u0103. Aceast\u0103 component\u0103 dulce contribuie la netezirea aromei \u0219i la accentuarea intensit\u0103\u021bii aromelor fructate.<\/li>\n<li><strong>O not\u0103 de prospe\u021bime:<\/strong> Un efect subtil de r\u0103cire completeaz\u0103 experien\u021ba gustativ\u0103 \u0219i asigur\u0103 o prospe\u021bime pl\u0103cut\u0103, care r\u0103core\u0219te pl\u0103cut palatul \u0219i face vaporizarea deosebit de pl\u0103cut\u0103.<\/li>\n<\/ul>\n<p>\u00cen ansamblu, aroma Lucid Dream ofer\u0103 o experien\u021b\u0103 de gust echilibrat\u0103 \u0219i complex\u0103, care este at\u00e2t \u00eenvior\u0103toare, c\u00e2t \u0219i lini\u0219titoare. Este ideal\u0103 pentru vape-urile care caut\u0103 un gust unic \u0219i r\u0103coritor, care dep\u0103\u0219e\u0219te aroma obi\u0219nuit\u0103.<\/p>\n<p>Pentru cea mai bun\u0103 experien\u021b\u0103 de vaporizare \u0219i o gam\u0103 larg\u0103 de selec\u021bie <a href=\"https:\/\/alfakher24h.de\/ro\/\">E-Zigarete de unic\u0103 folosin\u021b\u0103<\/a> \u00een Germania vizita\u021bi <a href=\"https:\/\/alfakher24h.de\/ro\/\">alfakher24h.de<\/a>, cea mai mare platform\u0103 online pentru vape-uri de unic\u0103 folosin\u021b\u0103. Aici g\u0103si\u021bi nu numai cele mai bune produse, ci \u0219i servicii de prim\u0103 clas\u0103 \u0219i livrare rapid\u0103.<\/p>","protected":false},"excerpt":{"rendered":"<p>Al Fakher Crown Bar Big Cloud 8000 PRO este o \u021bigar\u0103 electronic\u0103 de unic\u0103 folosin\u021b\u0103 avansat\u0103, care ofer\u0103 p\u00e2n\u0103 la 8000 de pufuri, o baterie re\u00eenc\u0103rcabil\u0103, 18 ml de lichid electronic preumplut \u0219i un sistem dual-mod versatil pentru o experien\u021b\u0103 de vaporizare personalizabil\u0103.<\/p>","protected":false},"featured_media":297,"comment_status":"open","ping_status":"closed","template":"","meta":{"om_disable_all_campaigns":false},"product_brand":[],"product_cat":[21],"product_tag":[],"class_list":{"0":"post-296","1":"product","2":"type-product","3":"status-publish","4":"has-post-thumbnail","6":"product_cat-al-fakher-crown-bar-big-cloud-8000-pro","8":"first","9":"outofstock","10":"shipping-taxable","11":"purchasable","12":"product-type-simple"},"_links":{"self":[{"href":"https:\/\/alfakher24h.de\/ro\/wp-json\/wp\/v2\/product\/296","targetHints":{"allow":["GET"]}}],"collection":[{"href":"https:\/\/alfakher24h.de\/ro\/wp-json\/wp\/v2\/product"}],"about":[{"href":"https:\/\/alfakher24h.de\/ro\/wp-json\/wp\/v2\/types\/product"}],"replies":[{"embeddable":true,"href":"https:\/\/alfakher24h.de\/ro\/wp-json\/wp\/v2\/comments?post=296"}],"wp:featuredmedia":[{"embeddable":true,"href":"https:\/\/alfakher24h.de\/ro\/wp-json\/wp\/v2\/media\/297"}],"wp:attachment":[{"href":"https:\/\/alfakher24h.de\/ro\/wp-json\/wp\/v2\/media?parent=296"}],"wp:term":[{"taxonomy":"product_brand","embeddable":true,"href":"https:\/\/alfakher24h.de\/ro\/wp-json\/wp\/v2\/product_brand?post=296"},{"taxonomy":"product_cat","embeddable":true,"href":"https:\/\/alfakher24h.de\/ro\/wp-json\/wp\/v2\/product_cat?post=296"},{"taxonomy":"product_tag","embeddable":true,"href":"https:\/\/alfakher24h.de\/ro\/wp-json\/wp\/v2\/product_tag?post=296"}],"curies":[{"name":"wp","href":"https:\/\/api.w.org\/{rel}","templated":true}]}}