{"id":288,"date":"2024-09-17T07:06:37","date_gmt":"2024-09-17T07:06:37","guid":{"rendered":"https:\/\/alfakher24h.de\/?post_type=product&#038;p=288"},"modified":"2025-07-16T07:12:18","modified_gmt":"2025-07-16T07:12:18","slug":"al-fakher-crown-bar-big-cloud-8000-per-puf-tigara-electronica-de-unica-folosinta-lamaie-lamaie","status":"publish","type":"product","link":"https:\/\/alfakher24h.de\/ro\/produs\/al-fakher-crown-bar-big-cloud-8000-per-puf-tigara-electronica-de-unica-folosinta-lamaie-lamaie\/","title":{"rendered":"Al Fakher Crown Bar Big Cloud 8000 PRO puffs \u021bigar\u0103 electronic\u0103 de unic\u0103 folosin\u021b\u0103 -Lemon Lime"},"content":{"rendered":"<h2><strong><a href=\"https:\/\/alfakher24h.de\/ro\/categorie-de-produse\/al-fakher-crown-bar-big-cloud-8000-pro\/\">Al Fakher Crown Bar Big Cloud 8000 PRO Puffuri<\/a> E-Zigarette de unic\u0103 folosin\u021b\u0103 \u2013 L\u0103m\u00e2ie Lime<\/strong><\/h2>\n<p>Die <strong>Al Fakher Crown Bar Big Cloud 8000 PRO Puffuri <a href=\"https:\/\/alfakher24h.de\/ro\/\">E-Zigarette de unic\u0103 folosin\u021b\u0103<\/a><\/strong> cu arom\u0103 de Lemon Lime reprezint\u0103 o alegere remarcabil\u0103 pentru vapori \u00een Germania, care apreciaz\u0103 performan\u021ba de \u00eenalt\u0103 calitate, manipularea u\u0219oar\u0103 \u0219i utilizarea de durat\u0103. Acest dispozitiv inovator combin\u0103 func\u021bionalitatea ridicat\u0103 cu o experien\u021b\u0103 de gust intens\u0103 \u0219i ofer\u0103 at\u00e2t \u00eencep\u0103torilor, c\u00e2t \u0219i utilizatorilor experimenta\u021bi o op\u021biune de \u00eencredere.<\/p>\n<h2><strong>Al Fakher Crown Bar Big Cloud 8000 PRO Puffuri <\/strong><strong>Descrierea produsului<\/strong><\/h2>\n<p>Die <strong>Al Fakher Crown Bar Big Cloud 8000 PRO<\/strong> Stabileaz\u0103 noi standarde \u00een domeniul \u021big\u0103rilor electronice de unic\u0103 folosin\u021b\u0103. Cu o capacitate impresionant\u0103 de p\u00e2n\u0103 la 8000 de pufuri \u0219i o cantitate mare de lichid electronic de 18 ml, acest dispozitiv ofer\u0103 o performan\u021b\u0103 excep\u021bional\u0103, conceput\u0103 at\u00e2t pentru utilizarea zilnic\u0103, c\u00e2t \u0219i pentru sesiuni lungi de vaporizare. Bateria integrat\u0103 de 800mAh, combinat\u0103 cu \u00eenc\u0103rcarea rapid\u0103 de tip C, asigur\u0103 o utilizare fiabil\u0103 \u0219i ne\u00eentrerupt\u0103.<\/p>\n<p>Die <strong>L\u0103m\u00e2ie Lime<\/strong> Gustul se caracterizeaz\u0103 prin nota sa r\u0103coritoare \u0219i vibrant\u0103, care face fiecare vapoare o experien\u021b\u0103 deosebit\u0103. Dispozitivul este potrivit pentru stilul de vapare MTL (gur\u0103-la-pl\u0103m\u00e2n) \u0219i DTL (direct-la-pl\u0103m\u00e2n), ceea ce permite o adaptare flexibil\u0103 la preferin\u021bele personale. Construc\u021bia u\u0219or de utilizat \u0219i formatul compact garanteaz\u0103 o vapare simpl\u0103 \u0219i confortabil\u0103, f\u0103r\u0103 a fi nevoie de set\u0103ri complicate.<\/p>\n<h2><strong>Al Fakher Crown Bar Big Cloud 8000 PRO Puffuri <\/strong><strong>Caracteristici produs<\/strong><\/h2>\n<ul>\n<li><strong>Tehnologie dual-mod:<\/strong> Comuta\u021bi f\u0103r\u0103 efort \u00eentre stilurile de vaporizare MTL \u0219i DTL, pentru a v\u0103 bucura de metoda preferat\u0103 de vaporizare.<\/li>\n<li><strong>Echipament durabil:<\/strong> P\u00e2n\u0103 la 8000 de trageri pe unitate permit o utilizare extins\u0103 f\u0103r\u0103 reumplere sau re\u00eenc\u0103rcare frecvent\u0103.<\/li>\n<li><strong>Baterie puternic\u0103:<\/strong> Bateria integrat\u0103 de 800mAh ofer\u0103 o durat\u0103 lung\u0103 de vaporizare f\u0103r\u0103 \u00eentreruperi datorit\u0103 \u00eenc\u0103rc\u0103rii rapide prin Type-C.<\/li>\n<li><strong>Capacitate mare de lichid electronic:<\/strong> 18 ml E-Liquid cu 51% nicotin\u0103 sub form\u0103 de sare ofer\u0103 o experien\u021b\u0103 de vaporizare lin\u0103 \u0219i satisf\u0103c\u0103toare.<\/li>\n<li><strong>Design prietenos cu utilizatorul:<\/strong> Compact \u0219i portabil, u\u0219or de utilizat \u0219i f\u0103r\u0103 set\u0103ri complicate.<\/li>\n<li><strong>Afi\u0219aj LED:<\/strong> Monitoriza\u021bi nivelul bateriei \u0219i cantitatea r\u0103mas\u0103 de lichid electronic \u00een orice moment.<\/li>\n<li><strong>Vapori asem\u0103n\u0103tori celor de shisha:<\/strong> Imit\u0103 norii densi \u0219i intensi ai unei shisha clasice \u00eentr-un format practic.<\/li>\n<li><img loading=\"lazy\" decoding=\"async\" class=\"alignnone size-full wp-image-291\" src=\"https:\/\/alfakher24h.de\/wp-content\/uploads\/2024\/09\/Al-Fakher-Crown-Bar-Big-Cloud-8000-PRO-Zuege-Einweg-E-Zigarette-Lemon-Lime-2.webp\" alt=\"Al Fakher Crown Bar Big Cloud 8000 PRO puffs \u021bigar\u0103 electronic\u0103 de unic\u0103 folosin\u021b\u0103 -Lemon Lime\" width=\"2000\" height=\"2000\" title=\"\" srcset=\"https:\/\/alfakher24h.de\/wp-content\/uploads\/2024\/09\/Al-Fakher-Crown-Bar-Big-Cloud-8000-PRO-Zuege-Einweg-E-Zigarette-Lemon-Lime-2.webp 2000w, https:\/\/alfakher24h.de\/wp-content\/uploads\/2024\/09\/Al-Fakher-Crown-Bar-Big-Cloud-8000-PRO-Zuege-Einweg-E-Zigarette-Lemon-Lime-2-300x300.webp 300w, https:\/\/alfakher24h.de\/wp-content\/uploads\/2024\/09\/Al-Fakher-Crown-Bar-Big-Cloud-8000-PRO-Zuege-Einweg-E-Zigarette-Lemon-Lime-2-1024x1024.webp 1024w, https:\/\/alfakher24h.de\/wp-content\/uploads\/2024\/09\/Al-Fakher-Crown-Bar-Big-Cloud-8000-PRO-Zuege-Einweg-E-Zigarette-Lemon-Lime-2-150x150.webp 150w, https:\/\/alfakher24h.de\/wp-content\/uploads\/2024\/09\/Al-Fakher-Crown-Bar-Big-Cloud-8000-PRO-Zuege-Einweg-E-Zigarette-Lemon-Lime-2-768x768.webp 768w, https:\/\/alfakher24h.de\/wp-content\/uploads\/2024\/09\/Al-Fakher-Crown-Bar-Big-Cloud-8000-PRO-Zuege-Einweg-E-Zigarette-Lemon-Lime-2-1536x1536.webp 1536w, https:\/\/alfakher24h.de\/wp-content\/uploads\/2024\/09\/Al-Fakher-Crown-Bar-Big-Cloud-8000-PRO-Zuege-Einweg-E-Zigarette-Lemon-Lime-2-600x600.webp 600w, https:\/\/alfakher24h.de\/wp-content\/uploads\/2024\/09\/Al-Fakher-Crown-Bar-Big-Cloud-8000-PRO-Zuege-Einweg-E-Zigarette-Lemon-Lime-2-100x100.webp 100w\" sizes=\"auto, (max-width: 2000px) 100vw, 2000px\" \/><\/li>\n<\/ul>\n<h2><strong>Al Fakher Crown Bar Big Cloud 8000 PRO Puffuri <\/strong><strong>Experien\u021b\u0103 de gust - Lemon Lime<\/strong><\/h2>\n<p>Die <strong>L\u0103m\u00e2ie Lime<\/strong> Gustul de <strong><a href=\"https:\/\/alfakher24h.de\/ro\/\">Al Fakher<\/a> Crown Bar Big Cloud 8000 PRO<\/strong> Ofer\u0103 o experien\u021b\u0103 de gust remarcabil\u0103, care transform\u0103 fiecare puf \u00eenr-un deliciu r\u0103coritor. Combina\u021bia de l\u0103m\u00e2ie zesty \u0219i lime bl\u00e2nd\u0103 asigur\u0103 un echilibru perfect \u00eentre prospe\u021bime \u0219i aciditate, ceea ce face vaparea deosebit de pl\u0103cut\u0103 \u0219i vibrant\u0103.<\/p>\n<p>lovitura citric\u0103 pe care o au <strong>L\u0103m\u00e2ie Lime<\/strong> Ofer\u0103 o arom\u0103 care armonizeaz\u0103 perfect cu sarea de nicotin\u0103 moale \u0219i confer\u0103 fiec\u0103rui puf o not\u0103 revigorant\u0103. Acest amestec r\u0103coritor este ideal pentru vapori care caut\u0103 o experien\u021b\u0103 de gust lin\u0103 \u0219i \u00een acela\u0219i timp intens\u0103. Modul MTL permite aromelor s\u0103 ias\u0103 intens \u00een eviden\u021b\u0103, \u00een timp ce modul DTL produce nori mai mari, care ofer\u0103 \u00eentreaga arom\u0103 a <strong>L\u0103m\u00e2ie Lime<\/strong> dezv\u0103luie compozi\u021bia.<\/p>\n<p>Cu ajutorul <strong>Al Fakher Crown Bar Big Cloud 8000 PRO<\/strong> Experimenta\u021bi o experien\u021b\u0103 extraordinar\u0103 de vapoare, care combin\u0103 at\u00e2t gustul, c\u00e2t \u0219i performan\u021ba \u00een armonie perfect\u0103. Vizita\u021bi <a href=\"https:\/\/alfakher24h.de\/ro\/\" target=\"_new\" rel=\"noopener\">alfakher24h.de<\/a> - cea mai mare platform\u0103 de retail online pentru \u021big\u0103ri electronice de unic\u0103 folosin\u021b\u0103 din Germania - \u0219i asigura\u021bi-v\u0103 ast\u0103zi de acest produs de \u00eenalt\u0103 calitate pentru o experien\u021b\u0103 de vaporizare de neegalat.<\/p>","protected":false},"excerpt":{"rendered":"<p>Die <strong>Al Fakher Crown Bar Big Cloud 8000 PRO puffs \u021bigar\u0103 electronic\u0103 de unic\u0103 folosin\u021b\u0103<\/strong> cu gust de Lemon Lime ofer\u0103 p\u00e2n\u0103 la 8000 de pufuri de pl\u0103cere intens\u0103 \u0219i r\u0103coritoare, cu o capacitate mare de e-lichid \u0219i tehnologie flexibil\u0103 \u00een modul dual pentru o experien\u021b\u0103 de vaporizare de prim\u0103 clas\u0103.<\/p>","protected":false},"featured_media":289,"comment_status":"open","ping_status":"closed","template":"","meta":{"om_disable_all_campaigns":false},"product_brand":[],"product_cat":[21],"product_tag":[],"class_list":{"0":"post-288","1":"product","2":"type-product","3":"status-publish","4":"has-post-thumbnail","6":"product_cat-al-fakher-crown-bar-big-cloud-8000-pro","8":"first","9":"outofstock","10":"shipping-taxable","11":"purchasable","12":"product-type-simple"},"_links":{"self":[{"href":"https:\/\/alfakher24h.de\/ro\/wp-json\/wp\/v2\/product\/288","targetHints":{"allow":["GET"]}}],"collection":[{"href":"https:\/\/alfakher24h.de\/ro\/wp-json\/wp\/v2\/product"}],"about":[{"href":"https:\/\/alfakher24h.de\/ro\/wp-json\/wp\/v2\/types\/product"}],"replies":[{"embeddable":true,"href":"https:\/\/alfakher24h.de\/ro\/wp-json\/wp\/v2\/comments?post=288"}],"wp:featuredmedia":[{"embeddable":true,"href":"https:\/\/alfakher24h.de\/ro\/wp-json\/wp\/v2\/media\/289"}],"wp:attachment":[{"href":"https:\/\/alfakher24h.de\/ro\/wp-json\/wp\/v2\/media?parent=288"}],"wp:term":[{"taxonomy":"product_brand","embeddable":true,"href":"https:\/\/alfakher24h.de\/ro\/wp-json\/wp\/v2\/product_brand?post=288"},{"taxonomy":"product_cat","embeddable":true,"href":"https:\/\/alfakher24h.de\/ro\/wp-json\/wp\/v2\/product_cat?post=288"},{"taxonomy":"product_tag","embeddable":true,"href":"https:\/\/alfakher24h.de\/ro\/wp-json\/wp\/v2\/product_tag?post=288"}],"curies":[{"name":"wp","href":"https:\/\/api.w.org\/{rel}","templated":true}]}}