{"id":255,"date":"2024-09-17T05:51:02","date_gmt":"2024-09-17T05:51:02","guid":{"rendered":"https:\/\/alfakher24h.de\/?post_type=product&#038;p=255"},"modified":"2025-07-16T07:12:19","modified_gmt":"2025-07-16T07:12:19","slug":"al-fakher-crown-bar-big-cloud-8000-per-puf-tigara-electronica-de-unica-folosinta-guma-de-afine","status":"publish","type":"product","link":"https:\/\/alfakher24h.de\/ro\/produs\/al-fakher-crown-bar-big-cloud-8000-per-puf-tigara-electronica-de-unica-folosinta-guma-de-afine\/","title":{"rendered":"Al Fakher Crown Bar Big Cloud 8000 PRO puffs \u021bigar\u0103 electronic\u0103 de unic\u0103 folosin\u021b\u0103 \u2013 Gum\u0103 de afine"},"content":{"rendered":"<h2><strong><a href=\"https:\/\/alfakher24h.de\/ro\/categorie-de-produse\/al-fakher-crown-bar-big-cloud-8000-pro\/\">Al Fakher Crown Bar Big Cloud 8000 PRO Puffuri<\/a> E-\u021bigar\u0103 de unic\u0103 folosin\u021b\u0103 - Gum\u0103 de afine<\/strong><\/h2>\n<div><\/div>\n<div>\u00cen lumea lui<a href=\"https:\/\/alfakher24h.de\/ro\/\"> E-Zigarete de unic\u0103 folosin\u021b\u0103<\/a> Al Fakher Crown Bar Big Cloud 8000 PRO este un adev\u0103rat lider. Acest dispozitiv de ultim\u0103 genera\u021bie combin\u0103 inova\u021bia \u0219i confortul \u00eentr-un mod f\u0103r\u0103 precedent, fiind ideal at\u00e2t pentru \u00eencep\u0103tori, c\u00e2t \u0219i pentru entuzia\u0219tii experimenta\u021bi de vape. Cu tehnologia sa avansat\u0103 \u0219i func\u021biile sale bine g\u00e2ndite, acest model ofer\u0103 o experien\u021b\u0103 de vapare de neegalat, care satisface cele mai \u00eenalte cerin\u021be.<\/div>\n<div><\/div>\n<h2><strong>Al Fakher Crown Bar Big Cloud 8000 PRO Tiri Descriere produs<\/strong><\/h2>\n<div>Al Fakher Crown Bar Big Cloud 8000 PRO se remarc\u0103 prin func\u021bionalitatea impresionant\u0103 \u00een modul dual, care permite utilizatorului s\u0103 treac\u0103 \u00eentre dou\u0103 stiluri de vaporizare diferite: \u201egur\u0103 c\u0103tre pl\u0103m\u00e2n\u201d (MTL) \u0219i \u201edirect c\u0103tre pl\u0103m\u00e2n\u201d (DTL). Aceast\u0103 flexibilitate v\u0103 permite s\u0103 v\u0103 personaliza\u021bi experien\u021ba de vaporizare \u0219i s\u0103 v\u0103 adapta\u021bi la preferin\u021bele personale. Indiferent dac\u0103 prefera\u021bi o tehnic\u0103 de tragere lin\u0103 \u0219i controlat\u0103 sau trageri directe \u0219i puternice, acest vaporizator de unic\u0103 folosin\u021b\u0103 v\u0103 \u00eendepline\u0219te cu u\u0219urin\u021b\u0103 dorin\u021bele.<\/div>\n<div><\/div>\n<div>Dispozitivul este deja umplut cu 18 ml de lichid electronic care con\u021bine o cantitate mare de nicotin\u0103 de 5 mg de sare de nicotin\u0103. Aceast\u0103 concentra\u021bie garanteaz\u0103 o senza\u021bie de nicotin\u0103 lin\u0103 \u0219i \u00een acela\u0219i timp satisf\u0103c\u0103toare la fiecare tragere. Bateria de 800 mAh a vaporizatorului asigur\u0103 p\u00e2n\u0103 la 8000 de trageri, ceea ce \u00eel face unul dintre cei mai durabili vaporizatori de unic\u0103 folosin\u021b\u0103 de pe pia\u021b\u0103. Acest lucru \u00eenseamn\u0103 c\u0103 pute\u021bi bucura de o experien\u021b\u0103 de vaporizare de \u00eenalt\u0103 calitate pentru o perioad\u0103 lung\u0103 de timp, f\u0103r\u0103 s\u0103 v\u0103 face\u021bi griji cu privire la reumplere sau re\u00eenc\u0103rcare.<\/div>\n<div><\/div>\n<h2><strong>Al Fakher Crown Bar Big Cloud 8000 PRO Tiri Caracteristici tehnice<\/strong><\/h2>\n<div>Func\u021bionalitate dual\u0103: alege\u021bi \u00eentre \u201egur\u0103 la pl\u0103m\u00e2n\u201d (MTL) pentru o experien\u021b\u0103 de vaporizare lin\u0103 \u0219i \u201edirect la pl\u0103m\u00e2n\u201d (DTL) pentru nori puternici \u0219i mari.<\/div>\n<div>Capacitate: 18 ml de lichid electronic, ideal pentru sesiuni lungi de vaporizare.<\/div>\n<div>Con\u021binut de nicotin\u0103: 5 mg de sare de nicotin\u0103 pentru o tragere pl\u0103cut\u0103 \u0219i intens\u0103.<\/div>\n<div>Acumulator: baterie de 800 mAh, care permite p\u00e2n\u0103 la 8000 de trageri.<\/div>\n<div>Ecran de informa\u021bii LED: Un ecran practic afi\u0219eaz\u0103 nivelul lichidului, precum \u0219i puterea r\u0103mas\u0103 a bateriei.<\/div>\n<div>\u00cenc\u0103rcare rapid\u0103: un port de tip C permite \u00eenc\u0103rcarea rapid\u0103, astfel \u00eenc\u00e2t s\u0103 pute\u021bi reutiliza vape-ul rapid.<\/div>\n<div>Experien\u021b\u0103 de gust: Blueberry Gum<\/div>\n<div>Der <a href=\"https:\/\/alfakher24h.de\/ro\/\">Al Fakher<\/a> Crown Bar Big Cloud 8000 PRO nu este cunoscut doar pentru rafinamentul s\u0103u tehnic, ci \u0219i pentru experien\u021ba de gust inegalabil\u0103. Gustul Bluberry Gum este o compozi\u021bie exquisit\u0103 din note dulci \u0219i fructate, care v\u0103 va oferi o adev\u0103rat\u0103 experien\u021b\u0103 de gust.<\/div>\n<div><\/div>\n<div>Gustul de Bluberry Gum combin\u0103 dulcea\u021ba suculent\u0103 a afinelor coapte cu aroma delicat\u0103 a gumelor de mestecat. Afinele ofer\u0103 o baz\u0103 proasp\u0103t\u0103 \u0219i fructat\u0103, ale c\u0103rei note dulci \u0219i u\u0219or acre se amestec\u0103 \u00een armonie. Fiecare vapoare dezv\u0103luie dulcea\u021ba intens\u0103 a afinelor, \u00een timp ce aroma de gum\u0103 de mestecat adaug\u0103 un gust subtil, dar distinct, care aminte\u0219te de copil\u0103rie. Aceast\u0103 combina\u021bie de gusturi asigur\u0103 o experien\u021b\u0103 de vaporizare pl\u0103cut\u0103 \u0219i satisf\u0103c\u0103toare, care v\u0103 duce sim\u021burile \u00eentr-o c\u0103l\u0103torie delicioas\u0103.<\/div>\n<div><\/div>\n<div>Echilibrul dintre afinele fructate \u0219i guma de mestecat dulce este perfect sus\u021binut de calitatea \u00eenalt\u0103 a lichidului electronic, f\u0103c\u00e2nd fiecare puf a fi o pl\u0103cere. Gustul Bluberry Gum este extrem de potrivit pentru cei care caut\u0103 o alternativ\u0103 dulce \u0219i r\u0103coritoare la gusturile tradi\u021bionale de tutun.<\/div>\n<div><img loading=\"lazy\" decoding=\"async\" class=\"alignnone size-full wp-image-257\" src=\"https:\/\/alfakher24h.de\/wp-content\/uploads\/2024\/09\/Al-Fakher-Crown-Bar-Big-Cloud-8000-PRO-Zuege-Einweg-E-Zigarette-\u2013-Bluberry-Gum.webp\" alt=\"\" width=\"2000\" height=\"2000\" title=\"\" srcset=\"https:\/\/alfakher24h.de\/wp-content\/uploads\/2024\/09\/Al-Fakher-Crown-Bar-Big-Cloud-8000-PRO-Zuege-Einweg-E-Zigarette-\u2013-Bluberry-Gum.webp 2000w, https:\/\/alfakher24h.de\/wp-content\/uploads\/2024\/09\/Al-Fakher-Crown-Bar-Big-Cloud-8000-PRO-Zuege-Einweg-E-Zigarette-\u2013-Bluberry-Gum-300x300.webp 300w, https:\/\/alfakher24h.de\/wp-content\/uploads\/2024\/09\/Al-Fakher-Crown-Bar-Big-Cloud-8000-PRO-Zuege-Einweg-E-Zigarette-\u2013-Bluberry-Gum-1024x1024.webp 1024w, https:\/\/alfakher24h.de\/wp-content\/uploads\/2024\/09\/Al-Fakher-Crown-Bar-Big-Cloud-8000-PRO-Zuege-Einweg-E-Zigarette-\u2013-Bluberry-Gum-150x150.webp 150w, https:\/\/alfakher24h.de\/wp-content\/uploads\/2024\/09\/Al-Fakher-Crown-Bar-Big-Cloud-8000-PRO-Zuege-Einweg-E-Zigarette-\u2013-Bluberry-Gum-768x768.webp 768w, https:\/\/alfakher24h.de\/wp-content\/uploads\/2024\/09\/Al-Fakher-Crown-Bar-Big-Cloud-8000-PRO-Zuege-Einweg-E-Zigarette-\u2013-Bluberry-Gum-1536x1536.webp 1536w, https:\/\/alfakher24h.de\/wp-content\/uploads\/2024\/09\/Al-Fakher-Crown-Bar-Big-Cloud-8000-PRO-Zuege-Einweg-E-Zigarette-\u2013-Bluberry-Gum-600x600.webp 600w, https:\/\/alfakher24h.de\/wp-content\/uploads\/2024\/09\/Al-Fakher-Crown-Bar-Big-Cloud-8000-PRO-Zuege-Einweg-E-Zigarette-\u2013-Bluberry-Gum-100x100.webp 100w\" sizes=\"auto, (max-width: 2000px) 100vw, 2000px\" \/><\/div>\n<div><\/div>\n<h2><strong>Al Fakher Crown Bar Big Cloud 8000 PRO trage concluzia<\/strong><\/h2>\n<div>Dac\u0103 sunte\u021bi \u00een c\u0103utarea unui produs puternic \u0219i cu un gust remarcabil <a href=\"https:\/\/alfakher24h.de\/ro\/\">E-Zigarette de unic\u0103 folosin\u021b\u0103<\/a> Dac\u0103 sunte\u021bi \u00een c\u0103utarea unui vape de unic\u0103 folosin\u021b\u0103 cu performan\u021b\u0103 ridicat\u0103, gust excelent \u0219i operare u\u0219oar\u0103, atunci Al Fakher Crown Bar Big Cloud 8000 PRO este produsul perfect pentru dumneavoastr\u0103. Cu func\u021bionalitatea sa dual-mode, capacitatea mare \u0219i durata de via\u021b\u0103 impresionant\u0103 a bateriei, acest model stabile\u0219te noi standarde \u00een domeniul vaporizatoarelor de unic\u0103 folosin\u021b\u0103. Gustul delicios de Bluberry Gum completeaz\u0103 experien\u021ba general\u0103 \u0219i asigur\u0103 o experien\u021b\u0103 de vapare de neuitat. Dac\u0103 sunte\u021bi \u00een c\u0103utarea unui vape de unic\u0103 folosin\u021b\u0103 cu performan\u021b\u0103 ridicat\u0103, gust excelent \u0219i operare u\u0219oar\u0103, vizita\u021bi <a href=\"https:\/\/alfakher24h.de\/ro\/\"><strong>alfakher24h.de<\/strong> .<\/a><\/div>\n<div><\/div>\n<div>V\u0103 rug\u0103m s\u0103 vizita\u021bi alfakherwelt.de, cea mai mare platform\u0103 online de v\u00e2nzare de \u021big\u0103ri electronice de unic\u0103 folosin\u021b\u0103 din Germania, pentru a cump\u0103ra Al Fakher Crown Bar Big Cloud 8000 PRO. Bucura\u021bi-v\u0103 de confortul \u0219i performan\u021ba ridicat\u0103 a acestui produs remarcabil \u0219i experimenta\u021bi vaporizarea la un nivel nou.<\/div>","protected":false},"excerpt":{"rendered":"<p>Der <strong>Al Fakher Crown Bar Big Cloud 8000 PRO<\/strong> este o \u021bigar\u0103 electronic\u0103 modern\u0103 de unic\u0103 folosin\u021b\u0103, cu tehnologie Dual-Mode, 8000 de pufuri \u0219i un gust intens de Bluberry Gum, care ofer\u0103 o experien\u021b\u0103 de vaporizare de prim\u0103 clas\u0103.<\/p>","protected":false},"featured_media":259,"comment_status":"open","ping_status":"closed","template":"","meta":{"om_disable_all_campaigns":false},"product_brand":[],"product_cat":[21],"product_tag":[],"class_list":{"0":"post-255","1":"product","2":"type-product","3":"status-publish","4":"has-post-thumbnail","6":"product_cat-al-fakher-crown-bar-big-cloud-8000-pro","8":"first","9":"outofstock","10":"shipping-taxable","11":"purchasable","12":"product-type-simple"},"_links":{"self":[{"href":"https:\/\/alfakher24h.de\/ro\/wp-json\/wp\/v2\/product\/255","targetHints":{"allow":["GET"]}}],"collection":[{"href":"https:\/\/alfakher24h.de\/ro\/wp-json\/wp\/v2\/product"}],"about":[{"href":"https:\/\/alfakher24h.de\/ro\/wp-json\/wp\/v2\/types\/product"}],"replies":[{"embeddable":true,"href":"https:\/\/alfakher24h.de\/ro\/wp-json\/wp\/v2\/comments?post=255"}],"wp:featuredmedia":[{"embeddable":true,"href":"https:\/\/alfakher24h.de\/ro\/wp-json\/wp\/v2\/media\/259"}],"wp:attachment":[{"href":"https:\/\/alfakher24h.de\/ro\/wp-json\/wp\/v2\/media?parent=255"}],"wp:term":[{"taxonomy":"product_brand","embeddable":true,"href":"https:\/\/alfakher24h.de\/ro\/wp-json\/wp\/v2\/product_brand?post=255"},{"taxonomy":"product_cat","embeddable":true,"href":"https:\/\/alfakher24h.de\/ro\/wp-json\/wp\/v2\/product_cat?post=255"},{"taxonomy":"product_tag","embeddable":true,"href":"https:\/\/alfakher24h.de\/ro\/wp-json\/wp\/v2\/product_tag?post=255"}],"curies":[{"name":"wp","href":"https:\/\/api.w.org\/{rel}","templated":true}]}}