{"id":246,"date":"2024-09-17T04:28:49","date_gmt":"2024-09-17T04:28:49","guid":{"rendered":"https:\/\/alfakher24h.de\/?post_type=product&#038;p=246"},"modified":"2025-07-16T07:12:19","modified_gmt":"2025-07-16T07:12:19","slug":"al-fakher-crown-bar-big-cloud-8000-per-puf-tigara-electronica-de-unica-folosinta-gheata","status":"publish","type":"product","link":"https:\/\/alfakher24h.de\/ro\/produs\/al-fakher-crown-bar-big-cloud-8000-per-puf-tigara-electronica-de-unica-folosinta-gheata\/","title":{"rendered":"Al Fakher Crown Bar Big Cloud 8000 PRO puffs \u021bigar\u0103 electronic\u0103 de unic\u0103 folosin\u021b\u0103 - Berry Ice"},"content":{"rendered":"<h2><strong><a href=\"https:\/\/alfakher24h.de\/ro\/categorie-de-produse\/al-fakher-crown-bar-big-cloud-8000-pro\/\">Al Fakher Crown Bar Big Cloud 8000 PRO Puffuri<\/a> E-\u021bigar\u0103 de unic\u0103 folosin\u021b\u0103 - Berry Ice<\/strong><\/h2>\n<p>Experimenta\u021bi experien\u021ba suprem\u0103 de vaporizare cu <strong>Al Fakher Crown Bar Big Cloud 8000 PRO<\/strong> unei inovative <a href=\"https:\/\/alfakher24h.de\/ro\/\">E-Zigarette de unic\u0103 folosin\u021b\u0103<\/a>care este conceput at\u00e2t pentru \u00eencep\u0103tori, c\u00e2t \u0219i pentru vapori experimenta\u021bi. Acest dispozitiv avansat v\u0103 ofer\u0103 p\u00e2n\u0103 la 8000 de trageri \u0219i combin\u0103 vaparea u\u0219oar\u0103 cu o durat\u0103 de via\u021b\u0103 impresionant de lung\u0103. F\u0103r\u0103 reumplere sau re\u00eenc\u0103rcare - pur \u0219i simplu despacheta\u021bi \u0219i bucura\u021bi-v\u0103!<\/p>\n<h3>Detalii tehnice<\/h3>\n<ul>\n<li><strong>P\u00e2n\u0103 la 8000 de trenuri<\/strong> : Bucura\u021bi-v\u0103 de o utilizare excep\u021bional de lung\u0103, perfect\u0103 pentru utilizatorii pe termen lung.<\/li>\n<li><strong>5 mg sare de nicotin\u0103<\/strong> Pentru o inhalare lin\u0103 \u0219i pl\u0103cut\u0103, care v\u0103 ofer\u0103 o experien\u021b\u0103 complet\u0103 de vaporizare.<\/li>\n<li><strong>18 ml capacitate preumplut\u0103 de lichid electronic<\/strong> Ofer\u0103 suficient lichid pentru vaporizare \u00eendelungat\u0103, f\u0103r\u0103 necesitatea de a fi reumplut frecvent.<\/li>\n<li><strong>Baterie re\u00eenc\u0103rcabil\u0103 de 850 mAh cu \u00eenc\u0103rcare rapid\u0103 prin USB-C<\/strong> Asigurarea unei aliment\u0103ri fiabile cu energie \u0219i timpi de \u00eenc\u0103rcare rapide.<\/li>\n<li><strong>Afi\u0219aj de informa\u021bii cu LED-uri<\/strong> : Afi\u0219eaz\u0103 starea curent\u0103 a lichidului electronic \u0219i a bateriei, astfel \u00eenc\u00e2t s\u0103 fi\u021bi \u00eentotdeauna informat.<\/li>\n<li><strong>Func\u021bionalitate dual-mod<\/strong> : Alege\u021bi \u00eentre MTL (gur\u0103 \u00een pl\u0103m\u00e2n) \u0219i DTL (direct \u00een pl\u0103m\u00e2n) pentru o experien\u021b\u0103 de vaporizare personalizabil\u0103.<\/li>\n<\/ul>\n<p>Sistemul dual-mode v\u0103 permite s\u0103 comuta\u021bi convenabil \u00eentre dou\u0103 moduri - tragerea tradi\u021bional\u0103 de \u021bigar\u0103 (MTL) sau inhalarea direct\u0103 \u00een pl\u0103m\u00e2ni (DTL). Aceast\u0103 flexibilitate asigur\u0103 o experien\u021b\u0103 de vaporizare personalizat\u0103, adaptat\u0103 preferin\u021belor dumneavoastr\u0103 individuale.<\/p>\n<h2><strong>De ce ar trebui s\u0103 alege\u021bi Al Fakher Crown Bar Big Cloud 8000 PRO<\/strong><\/h2>\n<ul>\n<li><strong>Puffuri maxime<\/strong> P\u00e2n\u0103 la 8000 de pufuri pentru o vaporizare continu\u0103 f\u0103r\u0103 \u00eentrerupere.<\/li>\n<li><strong>Tehnic\u0103 inovativ\u0103<\/strong> : Combina\u021bia de nicotin\u0103 salinizat\u0103 preumplut\u0103 \u0219i o baterie re\u00eenc\u0103rcabil\u0103 asigur\u0103 o experien\u021b\u0103 de vaporizare de prim\u0103 clas\u0103.<\/li>\n<li><strong>Flexibilitate \u00een consum<\/strong> : Comuta\u021bi f\u0103r\u0103 efort \u00eentre MTL \u0219i DTL pentru o experien\u021b\u0103 de vaporizare personalizat\u0103.<\/li>\n<li><strong>Perfect pentru iubitorii de shisha<\/strong> : Tirajul similar shisha asigur\u0103 o experien\u021b\u0103 de vapoare deosebit de autentic\u0103.<\/li>\n<li><strong>Design portabil<\/strong> Compact \u0219i u\u0219or - ideal pentru deplas\u0103ri.<\/li>\n<li><img loading=\"lazy\" decoding=\"async\" class=\"alignnone size-full wp-image-250\" src=\"https:\/\/alfakher24h.de\/wp-content\/uploads\/2024\/09\/Al-Fakher-Crown-Bar-Big-Cloud-8000-PRO-Zuege-Einweg-E-Zigarette-Berry-Ice-2.webp\" alt=\"\" width=\"2000\" height=\"2000\" title=\"\" srcset=\"https:\/\/alfakher24h.de\/wp-content\/uploads\/2024\/09\/Al-Fakher-Crown-Bar-Big-Cloud-8000-PRO-Zuege-Einweg-E-Zigarette-Berry-Ice-2.webp 2000w, https:\/\/alfakher24h.de\/wp-content\/uploads\/2024\/09\/Al-Fakher-Crown-Bar-Big-Cloud-8000-PRO-Zuege-Einweg-E-Zigarette-Berry-Ice-2-300x300.webp 300w, https:\/\/alfakher24h.de\/wp-content\/uploads\/2024\/09\/Al-Fakher-Crown-Bar-Big-Cloud-8000-PRO-Zuege-Einweg-E-Zigarette-Berry-Ice-2-1024x1024.webp 1024w, https:\/\/alfakher24h.de\/wp-content\/uploads\/2024\/09\/Al-Fakher-Crown-Bar-Big-Cloud-8000-PRO-Zuege-Einweg-E-Zigarette-Berry-Ice-2-150x150.webp 150w, https:\/\/alfakher24h.de\/wp-content\/uploads\/2024\/09\/Al-Fakher-Crown-Bar-Big-Cloud-8000-PRO-Zuege-Einweg-E-Zigarette-Berry-Ice-2-768x768.webp 768w, https:\/\/alfakher24h.de\/wp-content\/uploads\/2024\/09\/Al-Fakher-Crown-Bar-Big-Cloud-8000-PRO-Zuege-Einweg-E-Zigarette-Berry-Ice-2-1536x1536.webp 1536w, https:\/\/alfakher24h.de\/wp-content\/uploads\/2024\/09\/Al-Fakher-Crown-Bar-Big-Cloud-8000-PRO-Zuege-Einweg-E-Zigarette-Berry-Ice-2-600x600.webp 600w, https:\/\/alfakher24h.de\/wp-content\/uploads\/2024\/09\/Al-Fakher-Crown-Bar-Big-Cloud-8000-PRO-Zuege-Einweg-E-Zigarette-Berry-Ice-2-100x100.webp 100w\" sizes=\"auto, (max-width: 2000px) 100vw, 2000px\" \/><\/li>\n<li><\/li>\n<\/ul>\n<h2>experien\u021b\u0103 gustativ\u0103 a <a href=\"https:\/\/alfakher24h.de\/ro\/\">Al Fakher<\/a> Crown Bar Big Cloud 8000 PRO \u2013 Gust de Mure<\/h2>\n<p>Der <strong>Berry Ice<\/strong> Gustul este o amestecare r\u0103coritoare de fructe de p\u0103dure suculente, perfect combinate cu o not\u0103 rece \u0219i \u00eenghe\u021bat\u0103. Aceast\u0103 arom\u0103 une\u0219te dulcea\u021ba fructelor de p\u0103dure proaspete cu o prospe\u021bime \u00eenghe\u021bat\u0103, care face fiecare vapoare o experien\u021b\u0103 unic\u0103.<\/p>\n<h4>Descriere detaliat\u0103 a aromelor<\/h4>\n<p>Gustul de <strong>Berry Ice<\/strong> \u00cencepe cu o compozi\u021bie intens\u0103 de bere dominat\u0103 de un amestec de c\u0103p\u0219uni, zmeur\u0103 \u0219i afine. Aceast\u0103 baz\u0103 fructat\u0103 este rafinat\u0103 de prospe\u021bimea \u00eenghe\u021bat\u0103 a mentolei, cre\u00e2nd o experien\u021b\u0103 de gust de neegalat. Fiecare inhalare ofer\u0103 un echilibru perfect \u00eentre dulcea\u021ba fructelor \u0219i prospe\u021bimea r\u0103coritoare, ceea ce face vaporizarea deosebit de pl\u0103cut\u0103 \u0219i revigorant\u0103.<\/p>\n<p>Ideal pentru vapori care caut\u0103 o experien\u021b\u0103 fructat\u0103 \u0219i \u00een acela\u0219i timp r\u0103coritoare. Mai ales \u00een zilele calde de var\u0103 sau dup\u0103 o pauz\u0103 lung\u0103, Berry Ice ofer\u0103 o r\u0103corire binevenit\u0103 \u0219i \u00eenvioraz\u0103 sim\u021burile.<\/p>\n<h3><strong>Avantajele dvs. la cump\u0103rarea de pe alfakher24h.de<\/strong><\/h3>\n<p>Pe <a href=\"https:\/\/alfakher24h.de\/ro\/\"><strong>alfakher24h.de<\/strong><\/a> celui mai mare platform\u0103 online pentru <a href=\"https:\/\/alfakher24h.de\/ro\/\">E-Zigarete de unic\u0103 folosin\u021b\u0103<\/a> \u00cen Germania, g\u0103si\u021bi nu numai cele mai bune pre\u021buri, ci \u0219i un serviciu de prim\u0103 clas\u0103. Site-ul nostru web u\u0219or de utilizat \u0219i expedierea rapid\u0103 garanteaz\u0103 c\u0103 urm\u0103toarea experien\u021b\u0103 de vaporizare este la doar un clic distan\u021b\u0103. Descoperi\u021bi Al Fakher Crown Bar 8000 PRO \u0219i multe alte produse de \u00eenalt\u0103 calitate pe <a href=\"https:\/\/alfakher24h.de\/ro\/\">alfakher24h.de.<\/a><\/p>\n<h3>Caracteristici ale Al Fakher Crown Bar Big Cloud 8000 PRO la o privire<\/h3>\n<ul>\n<li><strong>5% Nikotinsalz<\/strong> Pentru o inhalare lin\u0103, dar puternic\u0103.<\/li>\n<li><strong>Design compact cu afi\u0219aj LED<\/strong> : V\u0103 informeaz\u0103 despre starea E-Liquid \u0219i a bateriei.<\/li>\n<li><strong>Akku<\/strong> : De lung\u0103 durat\u0103 \u0219i de \u00eencredere.<\/li>\n<li><strong>Volum mare de lichid electronic<\/strong> Pentru vaporizare \u00eendelungat\u0103 f\u0103r\u0103 realimentare frecvent\u0103.<\/li>\n<\/ul>\n<p>Experimenta\u021bi cea mai bun\u0103 experien\u021b\u0103 de vaporizare cu <strong><a href=\"https:\/\/alfakher24h.de\/ro\/\">Al Fakher<\/a> Crown Bar Big Cloud 8000 PRO \u2013 Gust de Mure<\/strong> \u0219i cump\u0103ra\u021bi-v\u0103 \u021bigara electronic\u0103 de unic\u0103 folosin\u021b\u0103 de pe alfakher24h.de, locul dvs. de referin\u021b\u0103 pentru vape-uri de \u00eenalt\u0103 calitate \u0219i inovatoare \u00een Germania.<\/p>","protected":false},"excerpt":{"rendered":"<p>Al Fakher Crown Bar Big Cloud 8000 PRO este o \u021bigar\u0103 electronic\u0103 de unic\u0103 folosin\u021b\u0103 avansat\u0103, care ofer\u0103 p\u00e2n\u0103 la 8000 de pufuri, o baterie re\u00eenc\u0103rcabil\u0103, 18 ml de lichid electronic preumplut \u0219i un sistem dual-mod versatil pentru o experien\u021b\u0103 de vaporizare personalizabil\u0103.<\/p>","protected":false},"featured_media":247,"comment_status":"open","ping_status":"closed","template":"","meta":{"om_disable_all_campaigns":false},"product_brand":[],"product_cat":[21],"product_tag":[],"class_list":{"0":"post-246","1":"product","2":"type-product","3":"status-publish","4":"has-post-thumbnail","6":"product_cat-al-fakher-crown-bar-big-cloud-8000-pro","8":"first","9":"outofstock","10":"shipping-taxable","11":"purchasable","12":"product-type-simple"},"_links":{"self":[{"href":"https:\/\/alfakher24h.de\/ro\/wp-json\/wp\/v2\/product\/246","targetHints":{"allow":["GET"]}}],"collection":[{"href":"https:\/\/alfakher24h.de\/ro\/wp-json\/wp\/v2\/product"}],"about":[{"href":"https:\/\/alfakher24h.de\/ro\/wp-json\/wp\/v2\/types\/product"}],"replies":[{"embeddable":true,"href":"https:\/\/alfakher24h.de\/ro\/wp-json\/wp\/v2\/comments?post=246"}],"wp:featuredmedia":[{"embeddable":true,"href":"https:\/\/alfakher24h.de\/ro\/wp-json\/wp\/v2\/media\/247"}],"wp:attachment":[{"href":"https:\/\/alfakher24h.de\/ro\/wp-json\/wp\/v2\/media?parent=246"}],"wp:term":[{"taxonomy":"product_brand","embeddable":true,"href":"https:\/\/alfakher24h.de\/ro\/wp-json\/wp\/v2\/product_brand?post=246"},{"taxonomy":"product_cat","embeddable":true,"href":"https:\/\/alfakher24h.de\/ro\/wp-json\/wp\/v2\/product_cat?post=246"},{"taxonomy":"product_tag","embeddable":true,"href":"https:\/\/alfakher24h.de\/ro\/wp-json\/wp\/v2\/product_tag?post=246"}],"curies":[{"name":"wp","href":"https:\/\/api.w.org\/{rel}","templated":true}]}}