{"id":2073,"date":"2025-07-21T05:52:27","date_gmt":"2025-07-21T05:52:27","guid":{"rendered":"https:\/\/alfakher24h.de\/?post_type=product&#038;p=2073"},"modified":"2025-07-21T05:53:06","modified_gmt":"2025-07-21T05:53:06","slug":"vozol-star-20000-de-pufuri-dual-power-vape-de-unica-folosinta-reincarcabila-zmeura-pepene-verde","status":"publish","type":"product","link":"https:\/\/alfakher24h.de\/ro\/produs\/vozol-star-20000-de-pufuri-dual-power-vape-de-unica-folosinta-reincarcabila-zmeura-pepene-verde\/","title":{"rendered":"Vozol Star 20000 Puffs Dual Power Re\u00eenc\u0103rcabil Vape de Unic\u0103 Folosin\u021b\u0103 Zmeur\u0103 Pepene Verde"},"content":{"rendered":"<p><strong>Detalii:<\/strong><br \/>\n<a href=\"https:\/\/alfakher24h.de\/ro\/produs\/vozol-star-20000-de-pufuri-dual-power-vape-de-unica-folosinta-reincarcabila-capsuna-kiwi\/\"><strong>Vozol Star 20000 Puffs<\/strong><\/a>\u00a0este un vape de unic\u0103 folosin\u021b\u0103 inteligent cu design Full-View \u0219i construit cu tehnologia S.i.L.C, ofer\u0103 p\u00e2n\u0103 la 20000 de pufuri. Con\u021bine 24ml de lichid electronic 2% Niko. Cel mai nou \u0219i unic S.i.L.C asigur\u0103 c\u0103 fiecare tragere este lin\u0103, identic\u0103, de lung\u0103 durat\u0103 \u0219i curat\u0103. Vozol Star 20000 Puffs este disponibil \u00een dou\u0103 moduri diferite: modul \"ECO\" poate atinge p\u00e2n\u0103 la 20000 de pufuri, alimentat de o singur\u0103 bobin\u0103 Mesh, fiecare tragere oferind arome nuan\u021bate \u0219i nori moi. Modelul \"Power\" atinge p\u00e2n\u0103 la 15000 de pufuri \u0219i le cre\u0219te cu puterea bobinei duble Mesh. Intensific\u0103 fiecare tragere cu arome robuste \u0219i nori gro\u0219i. Pentru fiecare mod exist\u0103 Star 20000. Are nevoie doar de un comutator pentru a v\u0103 adapta starea de spirit. Cu o baterie re\u00eenc\u0103rcabil\u0103 de 650 mAh \u0219i o capacitate impresionant\u0103 de 24 ml. Func\u021biile sale de \u00eenc\u0103rcare rapid\u0103 asigur\u0103 timpi de \u00eentrerupere mici, astfel \u00eenc\u00e2t utilizatorii s\u0103 poat\u0103 bucura de sesiuni mai lungi cu mai pu\u021bine \u00eentreruperi.<\/p>\n<p><img loading=\"lazy\" decoding=\"async\" class=\"alignnone size-full wp-image-2060\" src=\"https:\/\/alfakher24h.de\/wp-content\/uploads\/2025\/07\/vozol-star-20000.webp\" alt=\"\" width=\"1131\" height=\"1600\" title=\"\" srcset=\"https:\/\/alfakher24h.de\/wp-content\/uploads\/2025\/07\/vozol-star-20000.webp 1131w, https:\/\/alfakher24h.de\/wp-content\/uploads\/2025\/07\/vozol-star-20000-212x300.webp 212w, https:\/\/alfakher24h.de\/wp-content\/uploads\/2025\/07\/vozol-star-20000-724x1024.webp 724w, https:\/\/alfakher24h.de\/wp-content\/uploads\/2025\/07\/vozol-star-20000-768x1086.webp 768w, https:\/\/alfakher24h.de\/wp-content\/uploads\/2025\/07\/vozol-star-20000-1086x1536.webp 1086w, https:\/\/alfakher24h.de\/wp-content\/uploads\/2025\/07\/vozol-star-20000-8x12.webp 8w, https:\/\/alfakher24h.de\/wp-content\/uploads\/2025\/07\/vozol-star-20000-600x849.webp 600w\" sizes=\"auto, (max-width: 1131px) 100vw, 1131px\" \/><\/p>\n<p><strong>Date tehnice:<\/strong><br \/>\nBaterie re\u00eenc\u0103rcabil\u0103 de 650mAh<br \/>\n24ml de lichid electronic preumplut<br \/>\n5% Typ<br \/>\nP\u00e2n\u0103 la 20.000 de pufuri<br \/>\nProtec\u021bia piesei bucale<br \/>\nBobine cu dubl\u0103 re\u021bea<br \/>\nVollbildanzeige<br \/>\nTip C priz\u0103 de \u00eenc\u0103rcare<br \/>\nTip bobin\u0103: Bobine Dual Mesh cu dou\u0103 moduri (Mod Putere &amp; Mod Eco)<br \/>\nS.i.L.C.-Tehnic\u0103: Neted\u0103, identic\u0103, de lung\u0103 durat\u0103, curat\u0103<\/p>\n<p><strong>Pachetul include:<\/strong><br \/>\n1 buc\u0103* Vozol Star 20000 Puffs Dual Power Vaporizator reutilizabil de unic\u0103 folosin\u021b\u0103<\/p>\n<p>&nbsp;<\/p>","protected":false},"excerpt":{"rendered":"<p><strong>Date tehnice:<\/strong><br \/>\nBaterie re\u00eenc\u0103rcabil\u0103 de 650mAh<br \/>\n24ml de lichid electronic preumplut<br \/>\n5% Typ<br \/>\nP\u00e2n\u0103 la 20.000 de pufuri<\/p>","protected":false},"featured_media":2074,"comment_status":"open","ping_status":"closed","template":"","meta":{"om_disable_all_campaigns":false},"product_brand":[],"product_cat":[50],"product_tag":[],"class_list":{"0":"post-2073","1":"product","2":"type-product","3":"status-publish","4":"has-post-thumbnail","6":"product_cat-vozol-star-20000-puffs","8":"first","9":"instock","10":"shipping-taxable","11":"purchasable","12":"product-type-simple"},"_links":{"self":[{"href":"https:\/\/alfakher24h.de\/ro\/wp-json\/wp\/v2\/product\/2073","targetHints":{"allow":["GET"]}}],"collection":[{"href":"https:\/\/alfakher24h.de\/ro\/wp-json\/wp\/v2\/product"}],"about":[{"href":"https:\/\/alfakher24h.de\/ro\/wp-json\/wp\/v2\/types\/product"}],"replies":[{"embeddable":true,"href":"https:\/\/alfakher24h.de\/ro\/wp-json\/wp\/v2\/comments?post=2073"}],"wp:featuredmedia":[{"embeddable":true,"href":"https:\/\/alfakher24h.de\/ro\/wp-json\/wp\/v2\/media\/2074"}],"wp:attachment":[{"href":"https:\/\/alfakher24h.de\/ro\/wp-json\/wp\/v2\/media?parent=2073"}],"wp:term":[{"taxonomy":"product_brand","embeddable":true,"href":"https:\/\/alfakher24h.de\/ro\/wp-json\/wp\/v2\/product_brand?post=2073"},{"taxonomy":"product_cat","embeddable":true,"href":"https:\/\/alfakher24h.de\/ro\/wp-json\/wp\/v2\/product_cat?post=2073"},{"taxonomy":"product_tag","embeddable":true,"href":"https:\/\/alfakher24h.de\/ro\/wp-json\/wp\/v2\/product_tag?post=2073"}],"curies":[{"name":"wp","href":"https:\/\/api.w.org\/{rel}","templated":true}]}}