{"id":2025,"date":"2025-07-21T04:38:02","date_gmt":"2025-07-21T04:38:02","guid":{"rendered":"https:\/\/alfakher24h.de\/?post_type=product&#038;p=2025"},"modified":"2025-07-21T04:39:04","modified_gmt":"2025-07-21T04:39:04","slug":"jnr-falcon-16000-puffs-einweg-hubba-bubba-strawberry","status":"publish","type":"product","link":"https:\/\/alfakher24h.de\/ro\/produs\/jnr-falcon-16000-puffs-einweg-hubba-bubba-strawberry\/","title":{"rendered":"JNR Falcon 16000 Puffs Einweg Hubba Bubba Strawberry \nse traduce in \nJNR Falcon 16000 Puffs Disposable Hubba Bubba Strawberry"},"content":{"rendered":"<h4><strong>JNR Falcon 16000 Puffs de unic\u0103 folosin\u021b\u0103, P\u00e2n\u0103 la 16.000 de pufuri<\/strong><\/h4>\n<p><img loading=\"lazy\" decoding=\"async\" class=\"alignnone size-full wp-image-2021\" src=\"https:\/\/alfakher24h.de\/wp-content\/uploads\/2025\/07\/JF16K20250214_1.webp\" alt=\"\" width=\"493\" height=\"493\" title=\"\" srcset=\"https:\/\/alfakher24h.de\/wp-content\/uploads\/2025\/07\/JF16K20250214_1.webp 493w, https:\/\/alfakher24h.de\/wp-content\/uploads\/2025\/07\/JF16K20250214_1-300x300.webp 300w, https:\/\/alfakher24h.de\/wp-content\/uploads\/2025\/07\/JF16K20250214_1-150x150.webp 150w, https:\/\/alfakher24h.de\/wp-content\/uploads\/2025\/07\/JF16K20250214_1-12x12.webp 12w, https:\/\/alfakher24h.de\/wp-content\/uploads\/2025\/07\/JF16K20250214_1-100x100.webp 100w\" sizes=\"auto, (max-width: 493px) 100vw, 493px\" \/><\/p>\n<p>Acolo\u00a0<strong>JNR Falcon 16K<\/strong>\u00a0este un\u00a0<strong>\u021bigaret\u0103 electronic\u0103 de unic\u0103 folosin\u021b\u0103<\/strong>\u00a0revolu\u021bionar, conceput pentru a oferi o experien\u021b\u0103 de vaping f\u0103r\u0103 egal. Cu o capacitate impresionant\u0103 de\u00a0<strong>16.000 pufuri<\/strong>un rezervor de\u00a0<strong>22 ml capacitate e-<\/strong>\u0219i o baterie re\u00eenc\u0103rcabil\u0103 de\u00a0<strong>850 mAh<\/strong>\u00cembin\u0103 durabilitatea, performan\u021ba \u0219i confortul. Fie c\u0103 e\u0219ti un \u00eencep\u0103tor sau un vaper experimentat, acest dispozitiv se adapteaz\u0103 nevoilor tale prin combinarea tehnologiei avansate \u0219i a op\u021biunilor excep\u021bionale.<\/p>\n<h4><strong>Vape Longer cu p\u00e2n\u0103 la 16.000 de pufuri<\/strong><\/h4>\n<p>Cu o durat\u0103 de via\u021b\u0103 impresionant\u0103 a bateriei de\u00a0<strong>16.000 pufuri<\/strong>acolo\u00a0<strong>JNR Falcon 16K<\/strong>\u00a0Este construit pentru a dura. Bucura\u021bi-v\u0103 de o experien\u021b\u0103 mai lung\u0103 f\u0103r\u0103 a fi nevoie s\u0103 \u00eenlocui\u021bi dispozitivul frecvent. Perfect pentru vapoarele regulate sau pentru cei care caut\u0103 o solu\u021bie de lung\u0103 durat\u0103.<\/p>\n<h4><strong>Baterie Re\u00eenc\u0103rcabil\u0103 850 mAh: Fiabil\u0103 \u0219i Durabil\u0103<\/strong><\/h4>\n<p>Acolo\u00a0<strong>JNR Falcon 16K<\/strong>\u00a0este echipat cu o baterie de\u00a0<strong>850 mAh<\/strong>oferind performan\u021be constante pe toat\u0103 durata de via\u021b\u0103.<\/p>\n<ul>\n<li><strong>Re\u00eenc\u0103rcare u\u0219oar\u0103<\/strong>\u00a0prin porturi\u00a0<strong>Type-C<\/strong>\u00a0Sau\u00a0<strong>Fulger<\/strong>.<\/li>\n<li><strong>\u00cenc\u0103rcare rapid\u0103<\/strong>\u00a0s\u0103 se \u00eentoarc\u0103 la vaporizat \u00een cel mai scurt timp.<\/li>\n<\/ul>\n<p>Nu trebuie s\u0103 v\u0103 face\u021bi griji c\u0103 a\u021bi r\u0103m\u00e2ne f\u0103r\u0103 capacitate - aceast\u0103 puff este \u00eentotdeauna gata de utilizare. \u26a1<\/p>\n<h4><strong>Rezervor generos cu o capacitate de 22ml<\/strong><\/h4>\n<p>Cu un\u00a0<strong>22 ml rezervor<\/strong>acolo\u00a0<strong>JNR Falcon 16K<\/strong>\u00a0Garanteaz\u0103 o experien\u021b\u0103 de vaping mai lung\u0103. Mai pu\u021bine re\u00eenc\u0103rc\u0103ri, mai mult\u0103 distrac\u021bie: savura\u021bi op\u021biunile dvs. preferate p\u00e2n\u0103 la ultima pic\u0103tur\u0103.<\/p>\n<h4><strong>Double Mesh Technology pentru Op\u021biuni Intensive<\/strong><\/h4>\n<p>Acolo\u00a0<strong>bobin\u0103 dubl\u0103 cu ochiuri<\/strong>\u00a0avansate asigur\u0103:<\/p>\n<ul>\n<li>A\u00a0<strong>producerea aburului dens \u0219i omogen<\/strong>.<\/li>\n<li>A\u00a0<strong>restituirea optim\u0103 a op\u021biunilor<\/strong>chiar \u0219i dup\u0103 \u0219edin\u021be lungi.<\/li>\n<li>A\u00a0<strong>lovitur\u0103 puternic\u0103 \u00een g\u00e2t<\/strong>\u00a0pentru o experien\u021b\u0103 satisf\u0103c\u0103toare la fiecare puf.<\/li>\n<\/ul>\n<p>Indiferent dac\u0103 v\u0103 plac norii mari sau loviturile mai subtile, aceast\u0103 tehnologie garanteaz\u0103 o performan\u021b\u0103 excep\u021bional\u0103.<\/p>\n<h4><strong>O palet\u0103 de op\u021biuni delicioase pentru toate gusturile<\/strong><\/h4>\n<p>Descoperi\u021bi o gam\u0103 divers\u0103 de op\u021biuni, perfect\u0103 pentru a satisface toate poftele dvs. Iat\u0103-le pe cele\u00a0<strong>20 de op\u021biuni disponibile<\/strong>\u00a0:<\/p>\n<ul>\n<li><strong>Strawberry Watermelon Ice<\/strong>\u00a0\ud83c\udf53\ud83c\udf49\u2744\ufe0f: Strawberry \u0219i pepene verde cu o not\u0103 \u00eenghe\u021bat\u0103.<\/li>\n<li><strong>Hubba Bubba Strawberry<\/strong>\u00a0\ud83c\udf53\ud83c\udf6c: Gum\u0103 de c\u0103p\u0219uni cu bule, dulce \u0219i nostalgic\u0103.<\/li>\n<li><strong>Berry Burst<\/strong>\u00a0Explozie de fructe de p\u0103dure ro\u0219ii \u0219i albastre.<\/li>\n<li><strong>Cola Ice<\/strong>\u00a0Gust de cola cu ghea\u021b\u0103 \u0219i spum\u0103.<\/li>\n<li><strong>Blue Razz Ice<\/strong>\u00a0\ud83d\udd35\u2744\ufe0f: Dulce \u0219i mentolat de zmeur\u0103 albastr\u0103.<\/li>\n<li><strong>Strawberry Kiwi \n\n(Str\u0103mo\u0219easca Kiwi nu se traduce, dar in Rom\u00e2n\u0103  se numeste  ) \n\nc\u0103p\u0219un\u0103 kiwi<\/strong>\u00a0\ud83c\udf53\ud83e\udd5d: Fragi dulci \u0219i kiwi acru.<\/li>\n<li><strong>Pineapple Mango Portocal\u0103<\/strong>\u00a0\ud83c\udf4d\ud83e\udd6d\ud83c\udf4a: Ananas tropical, mango \u0219i portocal\u0103.<\/li>\n<li><strong>Pink Lemon<\/strong>\u00a0\ud83c\udf4b\ud83c\udf38: L\u0103m\u00e2ie roz tangy \u0219i r\u0103coritoare.<\/li>\n<li><strong>Fructe de p\u0103dure amestecate<\/strong>\u00a0Rich blend of assorted berries.<\/li>\n<li><strong>Passion Fruit Kiwi<\/strong>\u00a0\ud83e\udd6d\ud83e\udd5d: Passiune \u0219i kiwi exotic.<\/li>\n<li><strong>Strawberry Ice<\/strong>\u00a0\ud83c\udf53\u2744\ufe0f: Frozen strawberry, sweet and refreshing.<\/li>\n<li><strong>Grapefruit Lemonade Ice<\/strong>\u00a0Iced grapefruit and lemon.<\/li>\n<li><strong>White Peach Razz<\/strong>\u00a0Pe\u0219c\u0103 alb\u0103 \u0219i zmeur\u0103 albastr\u0103.<\/li>\n<li><strong>Blueberry Raspberry Cherry<\/strong>\u00a0Afine, zmeur\u0103 \u0219i cire\u0219e.<\/li>\n<li><strong>Blueberry Red Raspberry \n\nbecame \n\nAfine Zmeur\u0103 Ro\u0219ie<\/strong>\u00a0Afine \u0219i zmeur\u0103 ro\u0219ie.<\/li>\n<li><strong>Blueberry Pomegranate Ice<\/strong>\u00a0\ud83e\uded0\ud83c\udf48\u2744\ufe0f: Afine \u0219i rodii congelate.<\/li>\n<li><strong>Watermelon Bubblegum<\/strong>\u00a0\ud83c\udf49\ud83c\udf6c: Pepene verde \u0219i gum\u0103 de mestecat dulce.<\/li>\n<li><strong>Sakura Grape<\/strong>\u00a0\ud83c\udf47\ud83c\udf38: Sweet and floral sakura reason.<\/li>\n<li><strong>Strawberry Pina Colada<\/strong>\u00a0\ud83c\udf53\ud83c\udf4d\ud83e\udd65: C\u0103p\u0219un\u0103 \u0219i Pina Colada tropical\u0103.<\/li>\n<li><strong>Pepene verde Mango P\u0103r \n(nu, se traduce in : Watermelon = pepene verde;  Mango=  mango; Peach=par)<\/strong>\u00a0\ud83c\udf49\ud83e\udd6d\ud83c\udf51: Pepene verde suculent, mango \u0219i piersic\u0103.<\/li>\n<\/ul>\n<h4><strong>De ce s\u0103 alegi JNR Falcon 16K?<\/strong><\/h4>\n<p>Iat\u0103 de ce\u00a0<strong>JNR Falcon 16K<\/strong>\u00a0este o alegere esen\u021bial\u0103:<\/p>\n<ul>\n<li><strong>Durabilitate<\/strong>\u00a0P\u00e2n\u0103 la 16.000 de pufuri \u0219i o baterie re\u00eenc\u0103rcabil\u0103.<\/li>\n<li><strong>Tehnologie avansat\u0103<\/strong>\u00a0: Dubl\u0103 bobin\u0103 mesh, porturi de tip C \u0219i Lightning.<\/li>\n<li><strong>Op\u021biuni variate<\/strong>\u00a0: 20 de op\u021biuni pentru a satisface toate dorin\u021bele.<\/li>\n<li><strong>U\u0219urin\u021ba \u00een utilizare<\/strong>\u00a0Design compact \u0219i intuitiv.<\/li>\n<\/ul>\n<h4><strong>Livrare Rapid\u0103 \u0219i De \u00eencredere \u00een Fran\u021ba<\/strong><\/h4>\n<p>La casa lui\u00a0<strong>JNR VAPE<\/strong>, \u0219tim c\u0103 timpul conteaz\u0103. Profit\u0103 de oportunit\u0103\u021bile noastre\u00a0<strong>livrare rapid\u0103<\/strong>\u00a0:<\/p>\n<ul>\n<li><strong>3 p\u00e2n\u0103 la 5 zile lucr\u0103toare<\/strong>\u00a0Pretutindeni \u00een Fran\u021ba.<\/li>\n<li><strong>Livrare gratuit\u0103<\/strong>\u00a0la achizi\u021bii de la \u20ac50.<\/li>\n<li>Urm\u0103rire \u00een timp real pentru a \u0219ti unde se afl\u0103 comanda dvs.<\/li>\n<\/ul>\n<p>Comanda\u021bi acum \u0219i primi\u021bi\u60a8\u7684 \n Nu, Comanda\u021bi acum \u0219i primi\u021bi\u00a0<strong>JNR Falcon 16K<\/strong>\u00a0direct la casa ta!<\/p>\n<h4><strong>Reducerea ratelor pentru mai multe economii<\/strong><\/h4>\n<p>Comanda mai mult, economise\u0219te mai mult:<\/p>\n<ul>\n<li><strong>1 camer\u0103<\/strong>\u00a0Pre\u021b standard.<\/li>\n<li><strong>3 camere<\/strong>\u00a0: Reduceri avantajoase.<\/li>\n<li><strong>5 camere sau mai multe<\/strong>\u00a0: Reduceri suplimentare, perfecte pentru testarea mai multor op\u021biuni sau pentru a le \u00eemp\u0103rt\u0103\u0219i cu cei dragi.<\/li>\n<\/ul>\n<h4><strong>Rezumat: Vapa zilnic\u0103 ideal\u0103<\/strong><\/h4>\n<p>Acolo\u00a0<strong>JNR Falcon 16K Disposable Puff<\/strong>\u00a0se remarc\u0103 prin performan\u021ba sa excep\u021bional\u0103, capacitatea mare \u0219i op\u021biunile variate. Fie c\u0103 e\u0219ti un \u00eencep\u0103tor sau un vaper experimentat, ofer\u0103 o experien\u021b\u0103 bogat\u0103, convenabil\u0103 \u0219i satisf\u0103c\u0103toare. Comand\u0103 ast\u0103zi \u0219i descoper\u0103 de ce este alegerea preferat\u0103 a vaperilor din Fran\u021ba!<\/p>","protected":false},"excerpt":{"rendered":"<p>St\u00e4rke: 2 1\/3 (20 mg)<br \/>\nP\u00e2n\u0103 la 16.000 de trenuri<br \/>\nCapacitate baterie 850 mAh<br \/>\nDual\u0103 Mesh<br \/>\n22 ml capacitate<br \/>\nNori mai mari \u0219i lovitur\u0103 puternic\u0103 \u00een g\u00e2t<br \/>\nArom\u0103 persistent\u0103 p\u00e2n\u0103 la ultima \u021bigar\u0103<br \/>\nDoi conectori de \u00eenc\u0103rcare<br \/>\nTip C \u0219i Lightning incluse<\/p>","protected":false},"featured_media":2026,"comment_status":"open","ping_status":"closed","template":"","meta":{"om_disable_all_campaigns":false},"product_brand":[],"product_cat":[48],"product_tag":[],"class_list":{"0":"post-2025","1":"product","2":"type-product","3":"status-publish","4":"has-post-thumbnail","6":"product_cat-jnr-falcon-16000-puffs","8":"first","9":"instock","10":"shipping-taxable","11":"purchasable","12":"product-type-simple"},"_links":{"self":[{"href":"https:\/\/alfakher24h.de\/ro\/wp-json\/wp\/v2\/product\/2025","targetHints":{"allow":["GET"]}}],"collection":[{"href":"https:\/\/alfakher24h.de\/ro\/wp-json\/wp\/v2\/product"}],"about":[{"href":"https:\/\/alfakher24h.de\/ro\/wp-json\/wp\/v2\/types\/product"}],"replies":[{"embeddable":true,"href":"https:\/\/alfakher24h.de\/ro\/wp-json\/wp\/v2\/comments?post=2025"}],"wp:featuredmedia":[{"embeddable":true,"href":"https:\/\/alfakher24h.de\/ro\/wp-json\/wp\/v2\/media\/2026"}],"wp:attachment":[{"href":"https:\/\/alfakher24h.de\/ro\/wp-json\/wp\/v2\/media?parent=2025"}],"wp:term":[{"taxonomy":"product_brand","embeddable":true,"href":"https:\/\/alfakher24h.de\/ro\/wp-json\/wp\/v2\/product_brand?post=2025"},{"taxonomy":"product_cat","embeddable":true,"href":"https:\/\/alfakher24h.de\/ro\/wp-json\/wp\/v2\/product_cat?post=2025"},{"taxonomy":"product_tag","embeddable":true,"href":"https:\/\/alfakher24h.de\/ro\/wp-json\/wp\/v2\/product_tag?post=2025"}],"curies":[{"name":"wp","href":"https:\/\/api.w.org\/{rel}","templated":true}]}}