{"id":2015,"date":"2025-07-21T04:18:47","date_gmt":"2025-07-21T04:18:47","guid":{"rendered":"https:\/\/alfakher24h.de\/?post_type=product&#038;p=2015"},"modified":"2025-07-21T04:19:57","modified_gmt":"2025-07-21T04:19:57","slug":"jnr-falcon-x-18000-puffs-tigara-electronica-de-unica-folosinta-blueberry-kiwi","status":"publish","type":"product","link":"https:\/\/alfakher24h.de\/ro\/produs\/jnr-falcon-x-18000-puffs-tigara-electronica-de-unica-folosinta-blueberry-kiwi\/","title":{"rendered":"JNR FALCON X 18000 Puffs Tiri E-Zigaret\u0103 de Unic\u0103 Folosin\u021b\u0103 Blueberry Kiwi"},"content":{"rendered":"<p><img loading=\"lazy\" decoding=\"async\" class=\"alignnone size-full wp-image-2006\" src=\"https:\/\/alfakher24h.de\/wp-content\/uploads\/2025\/07\/24hvape-jnr-falon-x-18000-puffs-24hvape-jnr-falon-x-18000-puffs-sleek-vape-jnr-falon-x-18000-puffs-product-parameters.jpg.webp\" alt=\"\" width=\"1000\" height=\"1000\" title=\"\" srcset=\"https:\/\/alfakher24h.de\/wp-content\/uploads\/2025\/07\/24hvape-jnr-falon-x-18000-puffs-24hvape-jnr-falon-x-18000-puffs-sleek-vape-jnr-falon-x-18000-puffs-product-parameters.jpg.webp 1000w, https:\/\/alfakher24h.de\/wp-content\/uploads\/2025\/07\/24hvape-jnr-falon-x-18000-puffs-24hvape-jnr-falon-x-18000-puffs-sleek-vape-jnr-falon-x-18000-puffs-product-parameters.jpg-300x300.webp 300w, https:\/\/alfakher24h.de\/wp-content\/uploads\/2025\/07\/24hvape-jnr-falon-x-18000-puffs-24hvape-jnr-falon-x-18000-puffs-sleek-vape-jnr-falon-x-18000-puffs-product-parameters.jpg-150x150.webp 150w, https:\/\/alfakher24h.de\/wp-content\/uploads\/2025\/07\/24hvape-jnr-falon-x-18000-puffs-24hvape-jnr-falon-x-18000-puffs-sleek-vape-jnr-falon-x-18000-puffs-product-parameters.jpg-768x768.webp 768w, https:\/\/alfakher24h.de\/wp-content\/uploads\/2025\/07\/24hvape-jnr-falon-x-18000-puffs-24hvape-jnr-falon-x-18000-puffs-sleek-vape-jnr-falon-x-18000-puffs-product-parameters.jpg-12x12.webp 12w, https:\/\/alfakher24h.de\/wp-content\/uploads\/2025\/07\/24hvape-jnr-falon-x-18000-puffs-24hvape-jnr-falon-x-18000-puffs-sleek-vape-jnr-falon-x-18000-puffs-product-parameters.jpg-600x600.webp 600w, https:\/\/alfakher24h.de\/wp-content\/uploads\/2025\/07\/24hvape-jnr-falon-x-18000-puffs-24hvape-jnr-falon-x-18000-puffs-sleek-vape-jnr-falon-x-18000-puffs-product-parameters.jpg-100x100.webp 100w\" sizes=\"auto, (max-width: 1000px) 100vw, 1000px\" \/><\/p>\n<p>&nbsp;<\/p>\n<p>P\u0103\u0219i\u021bi \u00een viitorul vaporiz\u0103rii cu\u00a0<a href=\"https:\/\/alfakher24h.de\/ro\/?post_type=product&amp;p=2009&amp;preview=true\"><strong>JNR Falcon X 18000 Puffs<\/strong>,<\/a> o vape de unic\u0103 folosin\u021b\u0103 avansat care combin\u0103 putere, precizie \u0219i versatilitate pentru o experien\u021b\u0103 f\u0103r\u0103 precedent. Conceput cu un design substan\u021bial\u00a0<strong>Capacitate e-lichid 24ml<\/strong>\u00a0\u0219i p\u00e2n\u0103 la\u00a0<strong>18000 puffs<\/strong>Acest dispozitiv este conceput pentru utilizare prelungit\u0103 f\u0103r\u0103 a sacrifica gustul sau satisfac\u021bia.<\/p>\n<p>Prezent\u00e2nd\u00a0<strong>bobine cu dubl\u0103 plas\u0103<\/strong>\u00a0\u0219i\u00a0<strong>tehnologie dual-core<\/strong>\u00a0cu o rezisten\u021b\u0103 de 0,6\u03a9, Falcon X ofer\u0103 o produc\u021bie excep\u021bional\u0103 de vapori \u0219i un gust bogat \u0219i plin la fiecare tragere.\u00a0<strong>Debit de aer reglabil<\/strong>\u00a0v\u0103 permite s\u0103 controla\u021bi fiecare puff \u00een func\u021bie de preferin\u021bele dvs., garant\u00e2nd o experien\u021b\u0103 lin\u0103 de fiecare dat\u0103. Alege\u021bi puterea ideal\u0103 de nicotin\u0103 din\u00a0<strong>2%\u00a0<\/strong>a personaliza fiecare lovitur\u0103 \u0219i a explora varietatea de\u00a0<strong>29 arome<\/strong>\u00a0create pentru a satisface gusturile diverse.<\/p>\n<p>Powered by a\u00a0<strong>Baterie re\u00eenc\u0103rcabil\u0103 950mAh<\/strong>\u00a0\u0219i \u00eembun\u0103t\u0103\u021bit cu\u00a0<strong>\u00cenc\u0103rcare rapid\u0103 Type-C<\/strong>JNR Falcon X minimize timpul de inactivitate, permi\u021b\u00e2ndu-v\u0103 s\u0103 vapezi mai mult timp.\u00a0<strong>afi\u0219aj digital LED<\/strong>\u00a0urm\u0103re\u0219te num\u0103rul de pufuri, durata de via\u021b\u0103 a bateriei \u0219i nivelul de e-lichid, astfel \u00eenc\u00e2t sunte\u021bi \u00eentotdeauna informat.<\/p>\n<p>Cu un design elegant, caracteristici u\u0219or de utilizat \u0219i performan\u021b\u0103 de neegalat,\u00a0<a href=\"https:\/\/alfakher24h.de\/ro\/?post_type=product&amp;p=2009&amp;preview=true\"><strong>JNR Falcon X 18000 Puffs<\/strong><\/a>\u00a0aduce sofisticare fiec\u0103rui puf, f\u0103c\u00e2ndu-l dispozitivul de unic\u0103 folosin\u021b\u0103 suprem pentru vapoare experimentate \u0219i \u00eencep\u0103tori deopotriv\u0103.<\/p>\n<h5><strong>JNR FALCON X 18000 18k Puffs<\/strong><br \/>\n<strong>Caracteristici:<\/strong><\/h5>\n<ul>\n<li>2% Nicotin\u0103<\/li>\n<li>Puffs: 18000<\/li>\n<li>Capacitate: 24 ml<\/li>\n<li>29 de arome disponibile<\/li>\n<li>Baterie re\u00eenc\u0103rcabil\u0103 950mah<\/li>\n<li>Dual Mesh Coil &amp; Dual Core<\/li>\n<li>Afi\u0219aj digital<\/li>\n<li>0,6\u03a9 Mesh Coil<\/li>\n<li>Debit de aer reglabil<\/li>\n<\/ul>","protected":false},"excerpt":{"rendered":"<p>18000 \u021big\u0103ri vape<br \/>\nAkku: 950 mAh<br \/>\nSpule: Dual Mesh \n\nbecame \n\nSpule: Dual Mesh<br \/>\nCapacitate: 24 ml<br \/>\nTyp: 20 mg<\/p>","protected":false},"featured_media":2016,"comment_status":"open","ping_status":"closed","template":"","meta":{"om_disable_all_campaigns":false},"product_brand":[],"product_cat":[47],"product_tag":[],"class_list":{"0":"post-2015","1":"product","2":"type-product","3":"status-publish","4":"has-post-thumbnail","6":"product_cat-jnr-falcon-x-18000-18k-puffs","8":"first","9":"instock","10":"shipping-taxable","11":"purchasable","12":"product-type-simple"},"_links":{"self":[{"href":"https:\/\/alfakher24h.de\/ro\/wp-json\/wp\/v2\/product\/2015","targetHints":{"allow":["GET"]}}],"collection":[{"href":"https:\/\/alfakher24h.de\/ro\/wp-json\/wp\/v2\/product"}],"about":[{"href":"https:\/\/alfakher24h.de\/ro\/wp-json\/wp\/v2\/types\/product"}],"replies":[{"embeddable":true,"href":"https:\/\/alfakher24h.de\/ro\/wp-json\/wp\/v2\/comments?post=2015"}],"wp:featuredmedia":[{"embeddable":true,"href":"https:\/\/alfakher24h.de\/ro\/wp-json\/wp\/v2\/media\/2016"}],"wp:attachment":[{"href":"https:\/\/alfakher24h.de\/ro\/wp-json\/wp\/v2\/media?parent=2015"}],"wp:term":[{"taxonomy":"product_brand","embeddable":true,"href":"https:\/\/alfakher24h.de\/ro\/wp-json\/wp\/v2\/product_brand?post=2015"},{"taxonomy":"product_cat","embeddable":true,"href":"https:\/\/alfakher24h.de\/ro\/wp-json\/wp\/v2\/product_cat?post=2015"},{"taxonomy":"product_tag","embeddable":true,"href":"https:\/\/alfakher24h.de\/ro\/wp-json\/wp\/v2\/product_tag?post=2015"}],"curies":[{"name":"wp","href":"https:\/\/api.w.org\/{rel}","templated":true}]}}