{"id":1890,"date":"2025-04-29T05:59:17","date_gmt":"2025-04-29T05:59:17","guid":{"rendered":"https:\/\/alfakher24h.de\/?post_type=product&#038;p=1890"},"modified":"2025-07-12T13:38:07","modified_gmt":"2025-07-12T13:38:07","slug":"request-failed-with-status-code-547","status":"publish","type":"product","link":"https:\/\/alfakher24h.de\/ro\/produs\/request-failed-with-status-code-547\/","title":{"rendered":"AI Fakher Crown Bar Hypermax 15000 de trageri \u021bigar\u0103 electronic\u0103 de unic\u0103 folosin\u021b\u0103 \u2013 c\u0103p\u0219un\u0103 \u00eenghe\u021bat\u0103 kiwi"},"content":{"rendered":"<h2 class=\"\" data-start=\"0\" data-end=\"61\">AI Fakher Crown Bar Hypermax 15000 de puffs \u021bigar\u0103 electronic\u0103 de unic\u0103 folosin\u021b\u0103<\/h2>\n<div style=\"width: 848px;\" class=\"wp-video\"><video class=\"wp-video-shortcode\" id=\"video-1890-1\" width=\"848\" height=\"480\" preload=\"metadata\" controls=\"controls\"><source type=\"video\/mp4\" src=\"https:\/\/alfakher24h.de\/wp-content\/uploads\/2025\/04\/AF-15K-HYPERMAX-.mp4?_=1\" \/><a href=\"https:\/\/alfakher24h.de\/wp-content\/uploads\/2025\/04\/AF-15K-HYPERMAX-.mp4\">https:\/\/alfakher24h.de\/wp-content\/uploads\/2025\/04\/AF-15K-HYPERMAX-.mp4<\/a><\/video><\/div>\n<h3 class=\"\" data-start=\"63\" data-end=\"112\">Experien\u021b\u0103 de \u00eenalt\u0103 calitate cu aburi pentru cunosc\u0103tori<\/h3>\n<p class=\"\" data-start=\"114\" data-end=\"619\">Die\u00a0<strong data-start=\"118\" data-end=\"180\">Coroana AI Fakher Hypermax 15000 de trageri E-\u021bigar\u0103 de unic\u0103 folosin\u021b\u0103<\/strong>\u00a0Stabileaz\u0103 noi standarde \u00een domeniul vape-ului. Cu o capacitate impresionant\u0103 de 22 ml de e-lichid preumplut \u0219i o baterie de lung\u0103 durat\u0103 de 600 mAh, acest dispozitiv ofer\u0103 p\u00e2n\u0103 la 15.000 de pufuri - ideal pentru to\u021bi cei care caut\u0103 o experien\u021b\u0103 de vaporizare intens\u0103 \u0219i de lung\u0103 durat\u0103. Combina\u021bia de design modern, materiale de \u00eenalt\u0103 calitate \u0219i tehnologie inovatoare face ca Crown Bar Hypermax s\u0103 fie un companion indispensabil pentru deplas\u0103ri.<\/p>\n<h3 class=\"\" data-start=\"621\" data-end=\"653\">Caracteristici produs \u00een general<\/h3>\n<ul data-start=\"655\" data-end=\"1563\">\n<li class=\"\" data-start=\"655\" data-end=\"773\">\n<p class=\"\" data-start=\"657\" data-end=\"773\"><strong data-start=\"657\" data-end=\"690\">Capacitate generoas\u0103 de e-lichid<\/strong>:\u00a0<span class=\"relative -mx-px my-[-0.2rem] rounded px-px py-[0.2rem] transition-colors duration-100 ease-in-out\">Cu 22 ml de lichid electronic preumplut, v\u0103 bucura\u021bi de o experien\u021b\u0103 de vaporizare de lung\u0103 durat\u0103 f\u0103r\u0103 s\u0103 fie nevoie de reumplere frecvent\u0103.<\/span>Nu a fost furnizat niciun text de tradus. V\u0103 rog furniza\u021bi textul \u00een german\u0103 pe care dori\u021bi s\u0103 \u00eel traduc \u00een rom\u00e2n\u0103.<\/p>\n<\/li>\n<li class=\"\" data-start=\"775\" data-end=\"883\">\n<p class=\"\" data-start=\"777\" data-end=\"883\"><strong data-start=\"777\" data-end=\"800\">Baterie de lung\u0103 durat\u0103<\/strong>:\u00a0<span class=\"relative -mx-px my-[-0.2rem] rounded px-px py-[0.2rem] transition-colors duration-100 ease-in-out\">Bateria integrat\u0103 de 600 mAh asigur\u0103 o performan\u021b\u0103 constant\u0103 \u0219i permite p\u00e2n\u0103 la 15.000 de trageri.<\/span>Nu a fost furnizat niciun text de tradus. V\u0103 rog furniza\u021bi textul \u00een german\u0103 pe care dori\u021bi s\u0103 \u00eel traduc \u00een rom\u00e2n\u0103.<\/p>\n<\/li>\n<li class=\"\" data-start=\"885\" data-end=\"989\">\n<p class=\"\" data-start=\"887\" data-end=\"989\"><strong data-start=\"887\" data-end=\"906\">Afichage precis\u0103<\/strong>:\u00a0<span class=\"relative -mx-px my-[-0.2rem] rounded px-px py-[0.2rem] transition-colors duration-100 ease-in-out\">Datorit\u0103 afi\u0219ajului integrat, p\u0103stra\u021bi \u00eentotdeauna o imagine de ansamblu asupra nivelului de lichid \u0219i a st\u0103rii bateriei.<\/span>Nu a fost furnizat niciun text de tradus. V\u0103 rog furniza\u021bi textul \u00een german\u0103 pe care dori\u021bi s\u0103 \u00eel traduc \u00een rom\u00e2n\u0103.<\/p>\n<\/li>\n<li class=\"\" data-start=\"991\" data-end=\"1099\">\n<p class=\"\" data-start=\"993\" data-end=\"1099\"><strong data-start=\"993\" data-end=\"1016\">Design confortabil<\/strong>:\u00a0<span class=\"relative -mx-px my-[-0.2rem] rounded px-px py-[0.2rem] transition-colors duration-100 ease-in-out\">Suprafa\u021ba ergonomic\u0103 din piele ofer\u0103 o senza\u021bie pl\u0103cut\u0103 \u00een m\u00e2n\u0103 \u0219i confer\u0103 dispozitivului un aspect elegant.<\/span>Nu a fost furnizat niciun text de tradus. V\u0103 rog furniza\u021bi textul \u00een german\u0103 pe care dori\u021bi s\u0103 \u00eel traduc \u00een rom\u00e2n\u0103.<\/p>\n<\/li>\n<li class=\"\" data-start=\"1101\" data-end=\"1210\">\n<p class=\"\" data-start=\"1103\" data-end=\"1210\"><strong data-start=\"1103\" data-end=\"1127\">Puternic\u0103 concentra\u021bie de nicotin\u0103<\/strong>:\u00a0<span class=\"relative -mx-px my-[-0.2rem] rounded px-px py-[0.2rem] transition-colors duration-100 ease-in-out\">Cu 2\u202f% (20\u202fmg\/ml) nicotin\u0103, \u021bigara electronic\u0103 ofer\u0103 o experien\u021b\u0103 de gust intens\u0103.<\/span>Nu a fost furnizat niciun text de tradus. V\u0103 rog furniza\u021bi textul \u00een german\u0103 pe care dori\u021bi s\u0103 \u00eel traduc \u00een rom\u00e2n\u0103.<\/p>\n<\/li>\n<li class=\"\" data-start=\"1212\" data-end=\"1322\">\n<p class=\"\" data-start=\"1214\" data-end=\"1322\"><strong data-start=\"1214\" data-end=\"1235\">\u00cenc\u0103rcare practic\u0103<\/strong>:\u00a0<span class=\"relative -mx-px my-[-0.2rem] rounded px-px py-[0.2rem] transition-colors duration-100 ease-in-out\">Echipat cu o priz\u0103 de \u00eenc\u0103rcare de tip C (cablul nu este inclus) pentru \u00eenc\u0103rcare rapid\u0103 \u0219i convenabil\u0103.<\/span>Nu a fost furnizat niciun text de tradus. V\u0103 rog furniza\u021bi textul \u00een german\u0103 pe care dori\u021bi s\u0103 \u00eel traduc \u00een rom\u00e2n\u0103.<\/p>\n<\/li>\n<li class=\"\" data-start=\"1324\" data-end=\"1450\">\n<p class=\"\" data-start=\"1326\" data-end=\"1450\"><strong data-start=\"1326\" data-end=\"1363\">Direkt-zur-Lunge-Zugtechnik (DTL) devine  tehnic\u0103 direct\u0103 de trac\u021biune pulmonar\u0103 (DTL) \n\n corect este : tehnic\u0103 de trac\u021biune direct\u0103 c\u0103tre pl\u0103m\u00e2ni<\/strong>:\u00a0<span class=\"relative -mx-px my-[-0.2rem] rounded px-px py-[0.2rem] transition-colors duration-100 ease-in-out\">Pentru o experien\u021b\u0103 intensiv\u0103 de vaporizare, care se apropie de tradi\u021bionala pl\u0103cere a shisha-ului.<\/span>Nu a fost furnizat niciun text de tradus. V\u0103 rog furniza\u021bi textul \u00een german\u0103 pe care dori\u021bi s\u0103 \u00eel traduc \u00een rom\u00e2n\u0103.<\/p>\n<\/li>\n<li class=\"\" data-start=\"1452\" data-end=\"1563\">\n<p class=\"\" data-start=\"1454\" data-end=\"1563\"><strong data-start=\"1454\" data-end=\"1476\">Utilizator-friendly<\/strong>:\u00a0<span class=\"relative -mx-px my-[-0.2rem] rounded px-px py-[0.2rem] transition-colors duration-100 ease-in-out\">Activare prin tragere - nicio ap\u0103sare de buton necesar\u0103.<\/span>Nu a fost furnizat niciun text de tradus. V\u0103 rog furniza\u021bi textul \u00een german\u0103 pe care dori\u021bi s\u0103 \u00eel traduc \u00een rom\u00e2n\u0103.<\/p>\n<\/li>\n<\/ul>\n<h3 class=\"\" data-start=\"1565\" data-end=\"1599\">Experien\u021be gustative \u00een detaliu<\/h3>\n<p class=\"\" data-start=\"1719\" data-end=\"1822\"><strong data-start=\"1719\" data-end=\"1735\">Cherry Fizz<\/strong>:\u00a0<span class=\"relative -mx-px my-[-0.2rem] rounded px-px py-[0.2rem] transition-colors duration-100 ease-in-out\">Gustul proasp\u0103t al cire\u0219elor coapte combinat cu o not\u0103 de efervescen\u021b\u0103 \u00eenvior\u0103toare asigur\u0103 o experien\u021b\u0103 de vaporizare revitalizant\u0103.<\/span>Nu a fost furnizat niciun text de tradus. V\u0103 rog furniza\u021bi textul \u00een german\u0103 pe care dori\u021bi s\u0103 \u00eel traduc \u00een rom\u00e2n\u0103.<\/p>\n<h3 class=\"\" data-start=\"2046\" data-end=\"2083\">De ce s\u0103 cump\u0103ra\u021bi de la alfakher24h.de?<\/h3>\n<p class=\"\" data-start=\"2085\" data-end=\"2493\">Ca cel mai mare comerciant online de e-\u021bigarete de unic\u0103 folosin\u021b\u0103 din Germania, alfakher24h.de ofer\u0103 o gam\u0103 larg\u0103 de produse de \u00eenalt\u0103 calitate la pre\u021buri atractive. Profita\u021bi de expedierea noastr\u0103 rapid\u0103, de serviciul clien\u021bi excelent \u0219i de ofertele exclusive. Descoperi\u021bi diversitatea\u00a0<strong data-start=\"2378\" data-end=\"2440\">Coroana AI Fakher Hypermax 15000 de trageri E-\u021bigar\u0103 de unic\u0103 folosin\u021b\u0103<\/strong>\u00a0\u0219i experimenta\u021bi o experien\u021b\u0103 de aburi de neegalat.<\/p>\n<p class=\"\" data-start=\"2495\" data-end=\"2613\">V\u0103 vizita\u021bi site-ul nostru alfakher24h.de \u0219i g\u0103si\u021bi noua dvs. \u021bigar\u0103 electronic\u0103 preferat\u0103!<\/p>\n<h2 data-start=\"0\" data-end=\"135\"><img loading=\"lazy\" decoding=\"async\" class=\"alignnone wp-image-3093 size-full\" title=\"AI Fakher Crown Bar Hypermax 15000 de trageri \u021bigaret\u0103 electronic\u0103 de unic\u0103 folosin\u021b\u0103 - Cherry Fizz 2\" src=\"https:\/\/alfakher24h.de\/wp-content\/uploads\/2025\/04\/AF-15K-HYPERMAX-2.webp\" sizes=\"auto, (max-width: 1058px) 100vw, 1058px\" srcset=\"https:\/\/alfakher24h.de\/wp-content\/uploads\/2025\/04\/AF-15K-HYPERMAX-2.webp 1058w, https:\/\/alfakher24h.de\/wp-content\/uploads\/2025\/04\/AF-15K-HYPERMAX-2-300x206.webp 300w, https:\/\/alfakher24h.de\/wp-content\/uploads\/2025\/04\/AF-15K-HYPERMAX-2-1024x703.webp 1024w, https:\/\/alfakher24h.de\/wp-content\/uploads\/2025\/04\/AF-15K-HYPERMAX-2-768x527.webp 768w, https:\/\/alfakher24h.de\/wp-content\/uploads\/2025\/04\/AF-15K-HYPERMAX-2-18x12.webp 18w, https:\/\/alfakher24h.de\/wp-content\/uploads\/2025\/04\/AF-15K-HYPERMAX-2-600x412.webp 600w\" alt=\"AI Fakher Crown Bar Hypermax 15000 de trageri \u021bigaret\u0103 electronic\u0103 de unic\u0103 folosin\u021b\u0103 - Cherry Fizz\" width=\"1058\" height=\"726\" \/><\/h2>","protected":false},"excerpt":{"rendered":"<p>Die\u00a0<strong data-start=\"4\" data-end=\"66\">Coroana AI Fakher Hypermax 15000 de trageri E-\u021bigar\u0103 de unic\u0103 folosin\u021b\u0103<\/strong>\u00a0Ofer\u0103 22 ml de lichid electronic, baterie de 600 mAh, arome intense \u0219i p\u00e2n\u0103 la 15.000 de pufuri, o experien\u021b\u0103 de vaporizare de \u00eenalt\u0103 calitate \u0219i de lung\u0103 durat\u0103 pentru cunosc\u0103tori.<\/p>","protected":false},"featured_media":1863,"comment_status":"open","ping_status":"closed","template":"","meta":{"om_disable_all_campaigns":false},"product_brand":[],"product_cat":[46],"product_tag":[],"class_list":{"0":"post-1890","1":"product","2":"type-product","3":"status-publish","4":"has-post-thumbnail","6":"product_cat-al-fakher-crown-bar-hypermax-15000","8":"first","9":"instock","10":"shipping-taxable","11":"purchasable","12":"product-type-simple"},"_links":{"self":[{"href":"https:\/\/alfakher24h.de\/ro\/wp-json\/wp\/v2\/product\/1890","targetHints":{"allow":["GET"]}}],"collection":[{"href":"https:\/\/alfakher24h.de\/ro\/wp-json\/wp\/v2\/product"}],"about":[{"href":"https:\/\/alfakher24h.de\/ro\/wp-json\/wp\/v2\/types\/product"}],"replies":[{"embeddable":true,"href":"https:\/\/alfakher24h.de\/ro\/wp-json\/wp\/v2\/comments?post=1890"}],"wp:featuredmedia":[{"embeddable":true,"href":"https:\/\/alfakher24h.de\/ro\/wp-json\/wp\/v2\/media\/1863"}],"wp:attachment":[{"href":"https:\/\/alfakher24h.de\/ro\/wp-json\/wp\/v2\/media?parent=1890"}],"wp:term":[{"taxonomy":"product_brand","embeddable":true,"href":"https:\/\/alfakher24h.de\/ro\/wp-json\/wp\/v2\/product_brand?post=1890"},{"taxonomy":"product_cat","embeddable":true,"href":"https:\/\/alfakher24h.de\/ro\/wp-json\/wp\/v2\/product_cat?post=1890"},{"taxonomy":"product_tag","embeddable":true,"href":"https:\/\/alfakher24h.de\/ro\/wp-json\/wp\/v2\/product_tag?post=1890"}],"curies":[{"name":"wp","href":"https:\/\/api.w.org\/{rel}","templated":true}]}}