{"id":1773,"date":"2025-03-11T11:52:34","date_gmt":"2025-03-11T11:52:34","guid":{"rendered":"https:\/\/alfakher24h.de\/?post_type=product&#038;p=1773"},"modified":"2025-07-12T13:27:54","modified_gmt":"2025-07-12T13:27:54","slug":"httperror-response-code-429-too-many-requests-30","status":"publish","type":"product","link":"https:\/\/alfakher24h.de\/ro\/produs\/httperror-response-code-429-too-many-requests-30\/","title":{"rendered":"Arymi IFun 28000 Z\u00fcge Einweg E Zigarette \u2013 Mixed Berries \u2013 Pina Colada Rum \n\n se traduce \u00een \n\nArymi IFun 28000 puffs \u021bigar\u0103 electronic\u0103 de unic\u0103 folosin\u021b\u0103 \u2013 Fructe de p\u0103dure amestecate \u2013 Pina Colada Rum"},"content":{"rendered":"<hr data-start=\"813\" data-end=\"816\" \/>\n<h3 data-start=\"818\" data-end=\"844\"><strong data-start=\"821\" data-end=\"844\">Descrierea produsului<\/strong><\/h3>\n<p data-start=\"846\" data-end=\"1366\">Die\u00a0<strong data-start=\"850\" data-end=\"894\">Arymi IFun 28000 Zug\u00a0<a href=\"https:\/\/alfakher24h.de\/ro\/\">E-\u021bigaret\u0103 de unic\u0103 folosin\u021b\u0103<\/a><\/strong>\u00a0v\u0103 ofer\u0103, cu num\u0103rul s\u0103u impresionant de 28.000 de trageri, o experien\u021b\u0103 de vapoare excep\u021bional de lung\u0103. Echipat cu un\u00a0<strong data-start=\"1032\" data-end=\"1067\">capacitate mare de 28 ml pentru lichid electronic<\/strong>\u00a0\u0219i unul\u00a0<strong data-start=\"1078\" data-end=\"1100\">2 % Nicotin\u0103-putere<\/strong>este ideal pentru vape-urile care doresc o asimilare puternic\u0103, dar totu\u0219i pl\u0103cut\u0103 de nicotin\u0103. Acestea\u00a0<strong data-start=\"1211\" data-end=\"1233\">E-\u021bigaret\u0103 de unic\u0103 folosin\u021b\u0103<\/strong>\u00a0Nu este doar puternic, ci \u0219i conceput \u00een mod inteligent, pentru a maximiza at\u00e2t gustul, c\u00e2t \u0219i u\u0219urin\u021ba \u00een utilizare.<\/p>\n<p data-start=\"1368\" data-end=\"1953\">Cu un\u00a0<strong data-start=\"1378\" data-end=\"1411\">600 mAh baterie cu cobalt pur<\/strong>care sunt trimise prin\u00a0<strong data-start=\"1421\" data-end=\"1431\">Type-C<\/strong>\u00a0poate fi \u00eenc\u0103rcat, pute\u021bi fi sigur c\u0103 dvs.\u00a0<strong data-start=\"1490\" data-end=\"1505\">E-\u021bigar\u0103<\/strong>\u00a0de-a lungul \u00eentregii perioade de utilizare a acestora s\u0103 func\u021bioneze \u00een mod fiabil.\u00a0<strong data-start=\"1584\" data-end=\"1608\">1.0 \u03a9 Dual Mesh Coil<\/strong>\u00a0asigur\u0103 un gust deosebit de bogat \u0219i intens. Datorit\u0103\u00a0<strong data-start=\"1678\" data-end=\"1704\">fluxuri de aer reglabile<\/strong>\u00a0pute\u021bi adapta experien\u021ba de vaporizare exact dup\u0103 preferin\u021bele dvs. \u0219i astfel g\u0103si\u021bi trenul perfect pentru dvs. Indiferent dac\u0103 prefera\u021bi o tragere lin\u0103 sau mai intens\u0103,\u00a0<strong data-start=\"1876\" data-end=\"1901\">Arymi IFun 28000 Zug<\/strong>\u00a0Ofer\u0103 o adaptabilitate de prim\u0103 clas\u0103.<\/p>\n<p data-start=\"1955\" data-end=\"2349\">Un alt feature practic este acela c\u0103\u00a0<strong data-start=\"1996\" data-end=\"2038\">Indicator de statut al lichidului electronic \u0219i al bateriei<\/strong>cu care pute\u021bi \u021bine oric\u00e2nd la curent starea bateriei \u0219i a nivelului de lichid. Designul acestui\u00a0<strong data-start=\"2167\" data-end=\"2189\">\u021bigaret\u0103 electronic\u0103 de unic\u0103 folosin\u021b\u0103<\/strong>\u00a0a fost proiectat nu numai pentru func\u021bionalitate, ci \u0219i pentru estetic\u0103, astfel \u00eenc\u00e2t s\u0103 pute\u021bi str\u0103luci cu acest produs at\u00e2t \u00een ceea ce prive\u0219te performan\u021ba, c\u00e2t \u0219i aspectul vizual.<\/p>\n<p data-start=\"2351\" data-end=\"2379\"><strong data-start=\"2351\" data-end=\"2379\">Detalii dintr-o privire:<\/strong><\/p>\n<ul data-start=\"2380\" data-end=\"2759\">\n<li data-start=\"2380\" data-end=\"2411\"><strong data-start=\"2382\" data-end=\"2392\">Puffs:<\/strong>\u00a0P\u00e2n\u0103 la 28.000 de trenuri<\/li>\n<li data-start=\"2412\" data-end=\"2443\"><strong data-start=\"2414\" data-end=\"2437\">Capacitatea E-Liquid:<\/strong>\u00a028 ml<\/li>\n<li data-start=\"2444\" data-end=\"2476\"><strong data-start=\"2446\" data-end=\"2464\">Nikotinanteil: \n Cont\u021binut de nicotin\u0103:<\/strong>\u00a02 % nicotin\u0103<\/li>\n<li data-start=\"2477\" data-end=\"2514\"><strong data-start=\"2479\" data-end=\"2492\">Baterie:<\/strong>\u00a0600 mAh pur cobalt<\/li>\n<li data-start=\"2515\" data-end=\"2577\"><strong data-start=\"2517\" data-end=\"2531\">Mesh Coil:<\/strong>\u00a01.0 \u03a9 Dual Mesh Coil pentru un gust intens<\/li>\n<li data-start=\"2578\" data-end=\"2641\"><strong data-start=\"2580\" data-end=\"2605\">Debit de aer reglabil<\/strong>\u00a0pentru experien\u021be personalizate de vaporizare<\/li>\n<li data-start=\"2642\" data-end=\"2681\"><strong data-start=\"2644\" data-end=\"2681\">Indicator de baterie \u0219i lichid<\/strong><\/li>\n<li data-start=\"2682\" data-end=\"2728\"><strong data-start=\"2684\" data-end=\"2707\">Unitate de ambalare:<\/strong>\u00a010 buc\u0103\u021bi per ambalaj<\/li>\n<li data-start=\"2729\" data-end=\"2759\"><strong data-start=\"2731\" data-end=\"2753\">Greutate pe buc\u0103\u021bi:<\/strong>\u00a0120 g<\/li>\n<\/ul>\n<hr data-start=\"2761\" data-end=\"2764\" \/>\n<h3 data-start=\"2766\" data-end=\"2842\"><strong data-start=\"2769\" data-end=\"2842\">De ce ar trebui s\u0103 cump\u0103ra\u021bi \u021bigara electronic\u0103 de unic\u0103 folosin\u021b\u0103 Arymi IFun 28000 de trageri<\/strong><\/h3>\n<p data-start=\"2844\" data-end=\"3163\">Die\u00a0<strong data-start=\"2848\" data-end=\"2892\">Arymi IFun 28000 Z\u00fcge Einweg E Zigarette \n\nse traduce \u00een \n\nArymi IFun 28000 de trac\u021biuni E-\u021bigar\u0103 de unic\u0103 folosin\u021b\u0103<\/strong>\u00a0Ofer\u0103 nu numai o durabilitate \u0219i o performan\u021b\u0103 excep\u021bionale, ci \u0219i o varietate de avantaje care o fac cea mai bun\u0103 alegere pentru vapori care apreciaz\u0103 calitatea \u0219i pl\u0103cerea. Iat\u0103 c\u00e2teva motive pentru care ar trebui s\u0103 alege\u021bi acest produs:<\/p>\n<ol data-start=\"3165\" data-end=\"4242\">\n<li data-start=\"3165\" data-end=\"3342\"><strong data-start=\"3168\" data-end=\"3200\">Capacitate de puf imbatabil\u0103:<\/strong>\u00a0Cu p\u00e2n\u0103 la\u00a0<strong data-start=\"3212\" data-end=\"3228\">28.000 de trenuri<\/strong>\u00a0ofer\u0103 o experien\u021b\u0103 deosebit de lung\u0103, astfel \u00eenc\u00e2t s\u0103 nu v\u0103 face\u021bi griji cu privire la achizi\u021biile frecvente.<\/li>\n<li data-start=\"3343\" data-end=\"3558\"><strong data-start=\"3346\" data-end=\"3401\">Durat\u0103 lung\u0103 de utilizare datorit\u0103 bateriei puternice:<\/strong>\u00a0Die\u00a0<strong data-start=\"3406\" data-end=\"3433\">600 mAh baterie cu cobalt<\/strong>\u00a0asigur\u0103 o performan\u021b\u0103 constant\u0103 pe \u00eentreaga perioad\u0103 de utilizare \u0219i poate fi u\u0219or controlat\u0103 prin\u00a0<strong data-start=\"3529\" data-end=\"3539\">Type-C<\/strong>\u00a0s\u0103 fie \u00eenc\u0103rcate.<\/li>\n<li data-start=\"3559\" data-end=\"3747\"><strong data-start=\"3562\" data-end=\"3593\">Vapor personalizabil:<\/strong>\u00a0Cu ajutorul\u00a0<strong data-start=\"3602\" data-end=\"3627\">Debitul de aer reglabil<\/strong>\u00a0Pute\u021bi adapta experien\u021ba de vaporizare complet dup\u0103 preferin\u021bele dvs. - de la o inhalare u\u0219oar\u0103 p\u00e2n\u0103 la o experien\u021b\u0103 intensiv\u0103.<\/li>\n<li data-start=\"3748\" data-end=\"3905\"><strong data-start=\"3751\" data-end=\"3789\">Gust premium prin Mesh Coil:<\/strong>\u00a0Der\u00a0<strong data-start=\"3794\" data-end=\"3818\">1.0 \u03a9 Dual Mesh Coil<\/strong>\u00a0Asigur\u0103 o evaporare uniform\u0103 \u0219i un gust bogat \u0219i intens.<\/li>\n<li data-start=\"3906\" data-end=\"4101\"><strong data-start=\"3909\" data-end=\"3936\">Indicatori practici:<\/strong>\u00a0Die\u00a0<strong data-start=\"3941\" data-end=\"3975\">Afi\u0219aj baterie \u0219i lichid electronic<\/strong>\u00a0ave\u021bi grij\u0103 s\u0103 ave\u021bi \u00eentotdeauna o imagine de ansamblu \u0219i s\u0103 nu r\u0103m\u00e2ne\u021bi niciodat\u0103 pe nea\u0219teptate cu bateria goal\u0103 sau lichidul epuizat.<\/li>\n<li data-start=\"4102\" data-end=\"4242\"><strong data-start=\"4105\" data-end=\"4142\">Variate arome:<\/strong>\u00a0Experimenta\u021bi o gam\u0103 larg\u0103 de arome delicioase care fac vaparea o adev\u0103rat\u0103 pl\u0103cere.<\/li>\n<\/ol>\n<p><img loading=\"lazy\" decoding=\"async\" class=\"alignnone wp-image-2299 size-full\" title=\"Arymi IFun 28000 Z\u00fcge Einweg E Zigarette - Mixed Berries - Pina Colada Rum 2 se traduce en Arymi IFun 28000 puffs \u021bigar\u0103 electronic\u0103 de unic\u0103 folosin\u021b\u0103 - Fructe de p\u0103dure amestecate - Pina Colada Rum 2\" src=\"https:\/\/alfakher24h.de\/wp-content\/uploads\/2025\/03\/arymi-hookalit-2.webp\" sizes=\"auto, (max-width: 1077px) 100vw, 1077px\" srcset=\"https:\/\/alfakher24h.de\/wp-content\/uploads\/2025\/03\/arymi-hookalit-2.webp 1077w, https:\/\/alfakher24h.de\/wp-content\/uploads\/2025\/03\/arymi-hookalit-2-300x284.webp 300w, https:\/\/alfakher24h.de\/wp-content\/uploads\/2025\/03\/arymi-hookalit-2-1024x970.webp 1024w, https:\/\/alfakher24h.de\/wp-content\/uploads\/2025\/03\/arymi-hookalit-2-768x727.webp 768w, https:\/\/alfakher24h.de\/wp-content\/uploads\/2025\/03\/arymi-hookalit-2-13x12.webp 13w, https:\/\/alfakher24h.de\/wp-content\/uploads\/2025\/03\/arymi-hookalit-2-600x568.webp 600w\" alt=\"Arymi IFun 28000 Z\u00fcge Einweg E Zigarette - Mixed Berries - Pina Colada Rum se traduce como Arymi IFun 28000 \u021bigarete electronice de unic\u0103 folosin\u021b\u0103 - Fructe de p\u0103dure amestecate - Pina Colada Rum\" width=\"1077\" height=\"1020\" \/><\/p>\n<h3 data-start=\"4249\" data-end=\"4308\"><strong data-start=\"4252\" data-end=\"4308\">Aromele der\u00a0<a href=\"https:\/\/alfakher24h.de\/ro\/\">Arymi<\/a> IFun 28000 \u021bigarete electronice de unic\u0103 folosin\u021b\u0103<\/strong><\/h3>\n<p data-start=\"4310\" data-end=\"4622\">Die\u00a0<strong data-start=\"4314\" data-end=\"4358\">Arymi IFun 28000 Z\u00fcge Einweg E Zigarette \n\nse traduce \u00een \n\nArymi IFun 28000 de trac\u021biuni E-\u021bigar\u0103 de unic\u0103 folosin\u021b\u0103<\/strong>\u00a0Ofer\u0103 nu numai performan\u021be remarcabile, ci \u0219i o selec\u021bie incredibil\u0103 de\u00a0<strong data-start=\"4442\" data-end=\"4466\">Aromele<\/strong>care vor satisface chiar \u0219i cei mai preten\u021bio\u0219i vapori. Iat\u0103 c\u00e2teva dintre cele mai populare arome pe care le pute\u021bi g\u0103si la alfakher24h.de:<\/p>\n<h4 data-start=\"4624\" data-end=\"4645\"><strong data-start=\"4628\" data-end=\"4645\">Fructe de p\u0103dure amestecate<\/strong><\/h4>\n<p data-start=\"4646\" data-end=\"5111\">Acest arom\u0103 combin\u0103 aromele dulci \u0219i proaspete de diferite tipuri de fructe de p\u0103dure \u00eentr-o experien\u021b\u0103 de gust unic\u0103.\u00a0<strong data-start=\"4777\" data-end=\"4794\">Fructe de p\u0103dure amestecate<\/strong>\u00a0ofer\u0103 un amestec echilibrat de zmeur\u0103, c\u0103p\u0219uni, afine \u0219i coac\u0103ze negre, care \u00eenc\u00e2nt\u0103 gustul cu o prospe\u021bime fructat\u0103 \u0219i o not\u0103 de dulcea\u021b\u0103.\u00a0<strong data-start=\"4979\" data-end=\"4997\">Amestec de fructe de p\u0103dure<\/strong>\u00a0ofer\u0103 o experien\u021b\u0103 de gust intens\u0103 \u0219i de lung\u0103 durat\u0103, care face ca fiecare sesiune de vaporizare s\u0103 fie ceva special.<\/p>\n<h4 data-start=\"5113\" data-end=\"5136\"><strong data-start=\"5117\" data-end=\"5136\">Pina Colada Rum<\/strong><\/h4>\n<p data-start=\"5137\" data-end=\"5601\">Pune\u021bi-v\u0103 \u00een atmosfera tropical\u0103 pl\u0103cut\u0103 cu\u00a0<strong data-start=\"5186\" data-end=\"5205\">Pina Colada Rum<\/strong>Gust. Aceast\u0103 \u021bigar\u0103 electronic\u0103 aduce atmosfera exotic\u0103 a Caraibelor direct la tine.\u00a0<strong data-start=\"5295\" data-end=\"5329\">Gustul fructat de ananas<\/strong>\u00a0se amestec\u0103 perfect cu\u00a0<strong data-start=\"5361\" data-end=\"5383\">cremigen nuc\u0103 de cocos<\/strong>\u00a0\u0219i o urm\u0103 de\u00a0<strong data-start=\"5404\" data-end=\"5411\">Rum<\/strong>pentru a oferi o experien\u021b\u0103 delicioas\u0103 \u0219i dulce care te transport\u0103 imediat \u00eentr-o vacan\u021b\u0103. Fiecare \u00eenghi\u021bitur\u0103 se simte ca o pl\u0103cere tropical\u0103 - ideal\u0103 pentru cei care iubesc lucrurile suculente \u0219i r\u0103coritoare.<\/p>\n<hr data-start=\"5603\" data-end=\"5606\" \/>\n<h3 data-start=\"5608\" data-end=\"5645\"><strong data-start=\"5611\" data-end=\"5645\">\u00centreb\u0103ri frecvente (FAQ)<\/strong><\/h3>\n<h4 data-start=\"5647\" data-end=\"5717\"><strong data-start=\"5651\" data-end=\"5717\">C\u00e2te puffs ofer\u0103 \u021bigara electronic\u0103 de unic\u0103 folosin\u021b\u0103 Arymi IFun 28000?<\/strong><\/h4>\n<p data-start=\"5718\" data-end=\"5875\">Die\u00a0<strong data-start=\"5722\" data-end=\"5747\">Arymi IFun 28000 Zug<\/strong>\u00a0O \u021bigar\u0103 electronic\u0103 de unic\u0103 folosin\u021b\u0103 ofer\u0103 p\u00e2n\u0103 la 28.000 de pufuri, ceea ce o face una dintre cele mai durabile vape-uri de unic\u0103 folosin\u021b\u0103 disponibile pe pia\u021b\u0103.<\/p>\n<h4 data-start=\"5877\" data-end=\"5934\"><strong data-start=\"5881\" data-end=\"5934\">C\u00e2t dureaz\u0103 bateria lui Arymi IFun 28000?<\/strong><\/h4>\n<p data-start=\"5935\" data-end=\"6168\">Cu ajutorul\u00a0<strong data-start=\"5943\" data-end=\"5970\">600 mAh baterie cu cobalt<\/strong>\u00a0Pute\u021bi s\u0103 le\u00a0<strong data-start=\"5986\" data-end=\"6006\">Arymi IFun 28000<\/strong>\u00a0pentru o perioad\u0103 foarte lung\u0103 de timp, f\u0103r\u0103 ca performan\u021ba s\u0103 scad\u0103. \u00cen plus, bateria se poate \u00eenc\u0103rca rapid \u0219i u\u0219or prin intermediul\u00a0<strong data-start=\"6138\" data-end=\"6158\">Conector de tip C<\/strong>\u00a0\u00cenc\u0103rcare.<\/p>\n<h4 data-start=\"6170\" data-end=\"6219\"><strong data-start=\"6174\" data-end=\"6219\">Pot regla controlul fluxului de aer?<\/strong><\/h4>\n<p data-start=\"6220\" data-end=\"6383\">Da, cele\u00a0<strong data-start=\"6228\" data-end=\"6272\">Arymi IFun 28000 Z\u00fcge Einweg E Zigarette \n\nse traduce \u00een \n\nArymi IFun 28000 de trac\u021biuni E-\u021bigar\u0103 de unic\u0103 folosin\u021b\u0103<\/strong>\u00a0dispune de o\u00a0<strong data-start=\"6291\" data-end=\"6315\">Debitul de aer reglabil<\/strong>astfel \u00eenc\u00e2t s\u0103 pute\u021bi ajusta experien\u021ba de vaporizare \u00een func\u021bie de preferin\u021bele dvs.<\/p>\n<h4 data-start=\"6385\" data-end=\"6440\"><strong data-start=\"6389\" data-end=\"6440\">Wie viel E-Liquid enth\u00e4lt die Arymi IFun 28000 bleibt un\u00fcbersetzt, da es sich um eine spezifische Produktinformation handelt, daher: \nWie viel E-Liquid enth\u00e4lt die Arymi IFun 28000<\/strong><\/h4>\n<p data-start=\"6441\" data-end=\"6592\">Die\u00a0<strong data-start=\"6445\" data-end=\"6465\">Arymi IFun 28000<\/strong>\u00a0con\u021bine o\u00a0<strong data-start=\"6479\" data-end=\"6507\">28 ml capacitate E-Liquid<\/strong>care este suficient pentru o utilizare \u00eendelungat\u0103 \u0219i v\u0103 ofer\u0103 o experien\u021b\u0103 intensiv\u0103 de vaporizare.<\/p>\n<hr data-start=\"6594\" data-end=\"6597\" \/>\n<p data-start=\"6599\" data-end=\"6609\"><strong data-start=\"6599\" data-end=\"6609\">Concluzie:<\/strong><\/p>\n<p data-start=\"6611\" data-end=\"7155\">Die\u00a0<strong data-start=\"6615\" data-end=\"6659\">Arymi IFun 28000 Zug <a href=\"https:\/\/alfakher24h.de\/ro\/\">E-\u021bigaret\u0103 de unic\u0103 folosin\u021b\u0103<\/a><\/strong>\u00a0este alegerea ideal\u0103 pentru to\u021bi cei care caut\u0103 o experien\u021b\u0103 de vaporizare puternic\u0103, durabil\u0103 \u0219i cu un gust excep\u021bional. Cu un num\u0103r mare de trageri, fiind \u0219i foarte practic\u0103\u00a0<strong data-start=\"6854\" data-end=\"6876\">Capacitatea E-Lichidului<\/strong>\u00a0\u0219i diverse\u00a0<strong data-start=\"6894\" data-end=\"6918\">Aromele<\/strong> ofer\u0103 acest model totul ceea ce inimile vapoarelor \u00ee\u0219i doresc. Vizita\u021bi alfakher24h.de, cel mai mare magazin online pentru\u00a0<strong data-start=\"7038\" data-end=\"7073\">Vape de unic\u0103 folosin\u021b\u0103 \u00een Germania<\/strong>\u0219i ridica\u021bi-v\u0103 \u60a8\u7684 este incorect , probabil  \u0219i lua\u021bi-v\u0103\u00a0<strong data-start=\"7099\" data-end=\"7143\">Arymi IFun 28000 Z\u00fcge Einweg E Zigarette \n\nse traduce \u00een \n\nArymi IFun 28000 de trac\u021biuni E-\u021bigar\u0103 de unic\u0103 folosin\u021b\u0103<\/strong>\u00a0Ast\u0103zi!<\/p>","protected":false},"excerpt":{"rendered":"<p><strong data-start=\"6615\" data-end=\"6659\">Arymi IFun 28000 Zug <a href=\"https:\/\/alfakher24h.de\/ro\/\">E-\u021bigaret\u0103 de unic\u0103 folosin\u021b\u0103<\/a><\/strong>\u00a0este alegerea ideal\u0103 pentru to\u021bi cei care caut\u0103 o experien\u021b\u0103 de vaporizare puternic\u0103, de lung\u0103 durat\u0103 \u0219i cu un gust excep\u021bional.<\/p>","protected":false},"featured_media":1774,"comment_status":"open","ping_status":"closed","template":"","meta":{"om_disable_all_campaigns":false},"product_brand":[],"product_cat":[45],"product_tag":[],"class_list":{"0":"post-1773","1":"product","2":"type-product","3":"status-publish","4":"has-post-thumbnail","6":"product_cat-arymi-ifun-28000","8":"first","9":"outofstock","10":"shipping-taxable","11":"purchasable","12":"product-type-simple"},"_links":{"self":[{"href":"https:\/\/alfakher24h.de\/ro\/wp-json\/wp\/v2\/product\/1773","targetHints":{"allow":["GET"]}}],"collection":[{"href":"https:\/\/alfakher24h.de\/ro\/wp-json\/wp\/v2\/product"}],"about":[{"href":"https:\/\/alfakher24h.de\/ro\/wp-json\/wp\/v2\/types\/product"}],"replies":[{"embeddable":true,"href":"https:\/\/alfakher24h.de\/ro\/wp-json\/wp\/v2\/comments?post=1773"}],"wp:featuredmedia":[{"embeddable":true,"href":"https:\/\/alfakher24h.de\/ro\/wp-json\/wp\/v2\/media\/1774"}],"wp:attachment":[{"href":"https:\/\/alfakher24h.de\/ro\/wp-json\/wp\/v2\/media?parent=1773"}],"wp:term":[{"taxonomy":"product_brand","embeddable":true,"href":"https:\/\/alfakher24h.de\/ro\/wp-json\/wp\/v2\/product_brand?post=1773"},{"taxonomy":"product_cat","embeddable":true,"href":"https:\/\/alfakher24h.de\/ro\/wp-json\/wp\/v2\/product_cat?post=1773"},{"taxonomy":"product_tag","embeddable":true,"href":"https:\/\/alfakher24h.de\/ro\/wp-json\/wp\/v2\/product_tag?post=1773"}],"curies":[{"name":"wp","href":"https:\/\/api.w.org\/{rel}","templated":true}]}}