{"id":1771,"date":"2025-03-11T11:28:09","date_gmt":"2025-03-11T11:28:09","guid":{"rendered":"https:\/\/alfakher24h.de\/?post_type=product&#038;p=1771"},"modified":"2025-07-12T13:27:55","modified_gmt":"2025-07-12T13:27:55","slug":"httperror-response-code-429-too-many-requests-27","status":"publish","type":"product","link":"https:\/\/alfakher24h.de\/ro\/produs\/httperror-response-code-429-too-many-requests-27\/","title":{"rendered":"Arymi IFun 28000 Z\u00fcge Einweg E Zigarette \u2013 Lemon Lime \u2013 Bluerazz Gummy Bear \n\n se traduce \u00een \n\nArymi IFun 28000 de trac\u021biuni E-\u021bigar\u0103 de unic\u0103 folosin\u021b\u0103 \u2013 L\u0103m\u00e2ie Lime \u2013 Bluerazz Gummy Bear"},"content":{"rendered":"<div class=\"wp-video\"><\/div>\n<h2 data-start=\"0\" data-end=\"71\"><a href=\"https:\/\/alfakher24h.de\/ro\/\">Arymi IFun 28000 Z\u00fcge Einweg E-Zigarette \n\n se traduce \u00een \n\nArymi IFun 28000 puffs \u021bigar\u0103 electronic\u0103 de unic\u0103 folosin\u021b\u0103<\/a> - Experien\u021ba dvs. premium de vape<\/h2>\n<div style=\"width: 848px;\" class=\"wp-video\"><video class=\"wp-video-shortcode\" id=\"video-1771-1\" width=\"848\" height=\"478\" preload=\"metadata\" controls=\"controls\"><source type=\"video\/mp4\" src=\"https:\/\/alfakher24h.de\/wp-content\/uploads\/2025\/03\/VID-20241031-WA0010.mp4?_=1\" \/><a href=\"https:\/\/alfakher24h.de\/wp-content\/uploads\/2025\/03\/VID-20241031-WA0010.mp4\">https:\/\/alfakher24h.de\/wp-content\/uploads\/2025\/03\/VID-20241031-WA0010.mp4<\/a><\/video><\/div>\n<p data-start=\"73\" data-end=\"589\">Die\u00a0<strong data-start=\"77\" data-end=\"121\">Arymi IFun 28000 de \u021bigarete electronice de unic\u0103 folosin\u021b\u0103<\/strong>\u00a0Ofer\u0103 nu numai un gust remarcabil, ci \u0219i o longevitate remarcabil\u0103. Dezvoltat pentru a ridica vape-ul la urm\u0103torul nivel, acest dispozitiv combin\u0103 un num\u0103r excep\u021bional de puf\u0103turi, o baterie robust\u0103 \u0219i o selec\u021bie versatil\u0103 de arome. C\u0103uta\u021bi o \u021bigar\u0103 electronic\u0103 de unic\u0103 folosin\u021b\u0103 de \u00eenalt\u0103 calitate \u00een\u00a0<strong data-start=\"475\" data-end=\"490\">Deutschland<\/strong>pe care le pute\u021bi bucura din plin? Atunci Arymi IFun 28000 este alegerea perfect\u0103 pentru dumneavoastr\u0103.<\/p>\n<p data-start=\"591\" data-end=\"972\">cu un design inovativ \u0219i o capacitate impresionant\u0103 de p\u00e2n\u0103 la\u00a0<strong data-start=\"667\" data-end=\"683\">28.000 de trenuri<\/strong>\u00a0V\u0103 ve\u021bi bucura de multe zile de vaporizare intensiv\u0103 cu acest dispozitiv, f\u0103r\u0103 s\u0103 v\u0103 face\u021bi griji cu privire la reaprovizionare sau re\u00eenc\u0103rcare.\u00a0<strong data-start=\"831\" data-end=\"846\">Cu nicotin\u0103<\/strong>\u00a0Echipat\u0103 astfel, ofer\u0103 o experien\u021b\u0103 intensiv\u0103, pe care at\u00e2t \u00eencep\u0103torii, c\u00e2t \u0219i vaperii experimenta\u021bi o vor aprecia.<\/p>\n<h3 data-start=\"974\" data-end=\"1001\"><strong data-start=\"978\" data-end=\"1001\">Descrierea produsului<\/strong><\/h3>\n<p data-start=\"1003\" data-end=\"1474\">Die\u00a0<strong data-start=\"1007\" data-end=\"1051\">Arymi IFun 28000 Zug <a href=\"https:\/\/alfakher24h.de\/ro\/\">E-Zigarette de unic\u0103 folosin\u021b\u0103<\/a><\/strong>\u00a0este un adev\u0103rat punct culminant pe pia\u021ba vape-urilor de unic\u0103 folosin\u021b\u0103. Cu o\u00a0<strong data-start=\"1119\" data-end=\"1147\">28 ML capacitate de e-lichid<\/strong>\u00a0ofer\u0103 o experien\u021b\u0103 f\u0103r\u0103 egal\u00a0<strong data-start=\"1181\" data-end=\"1200\">Durabilitate<\/strong>\u00a0\u0219i este potrivit at\u00e2t pentru utilizarea zilnic\u0103, c\u00e2t \u0219i pentru \u0219edin\u021be lungi de abur. Datorit\u0103 celor practice\u00a0<strong data-start=\"1308\" data-end=\"1331\">Setarea fluxului de aer<\/strong>\u00a0Pute\u021bi regla rezisten\u021ba tragerii \u00een func\u021bie de preferin\u021bele personale - fie c\u0103 este vorba de o tragere lin\u0103 \u0219i u\u0219oar\u0103 sau de o vapoare mai intens\u0103 \u0219i mai groas\u0103.<\/p>\n<p data-start=\"1476\" data-end=\"1802\">O alt\u0103 caracteristic\u0103 remarcabil\u0103 a acestui produs este aceea c\u0103\u00a0<strong data-start=\"1536\" data-end=\"1549\">Mesh-Coil<\/strong>\u00a0cu o rezisten\u021b\u0103 de\u00a0<strong data-start=\"1575\" data-end=\"1584\">1,0 \u03a9<\/strong>Aceste bobine asigur\u0103 o vaporizare \u00eembun\u0103t\u0103\u021bit\u0103, ceea ce duce la un gust deosebit de intens \u0219i aromat. Astfel, ob\u021bine\u021bi cea mai bun\u0103 experien\u021b\u0103 de vaporizare cu un gust clar \u0219i uniform.<\/p>\n<p data-start=\"1804\" data-end=\"2189\">Der\u00a0<strong data-start=\"1808\" data-end=\"1824\">600 mAh baterie<\/strong>\u00a0asigur\u0103 o durat\u0103 de func\u021bionare lung\u0103, \u0219i cele\u00a0<strong data-start=\"1869\" data-end=\"1892\">Func\u021bie de \u00eenc\u0103rcare Type-C<\/strong>\u00a0permi\u021b\u00e2nd o \u00eenc\u0103rcare rapid\u0103 pentru a prelungi durata de via\u021b\u0103 a \u021big\u0103rii electronice atunci c\u00e2nd este necesar. \u00cen plus, dispozitivul are un design practic\u00a0<strong data-start=\"2043\" data-end=\"2077\">Afi\u0219aj baterie \u0219i lichid electronic<\/strong>care v\u0103 arat\u0103 oric\u00e2nd starea curent\u0103 a vapei dvs., astfel \u00eenc\u00e2t s\u0103 nu r\u0103m\u00e2ne\u021bi niciodat\u0103 f\u0103r\u0103 energie sau lichid.<\/p>\n<p data-start=\"2191\" data-end=\"2357\">\u00cen cutie g\u0103si\u021bi\u00a0<strong data-start=\"2213\" data-end=\"2225\">10 buc\u0103\u021bi<\/strong>\u00a0der\u00a0<strong data-start=\"2230\" data-end=\"2274\">Arymi IFun 28000 de \u021bigarete electronice de unic\u0103 folosin\u021b\u0103<\/strong>care v\u0103 ofer\u0103 o posibilitate de stocare fiabil\u0103 pentru o perioad\u0103 de timp mai lung\u0103.<\/p>\n<h3 data-start=\"2359\" data-end=\"2425\"><strong data-start=\"2363\" data-end=\"2425\">Caracteristicile principale ale trenurilor Arymi IFun 28000\u00a0<a href=\"https:\/\/alfakher24h.de\/ro\/\">E-Zigarette de unic\u0103 folosin\u021b\u0103<\/a><\/strong><\/h3>\n<ul data-start=\"2427\" data-end=\"3144\">\n<li data-start=\"2427\" data-end=\"2530\"><strong data-start=\"2429\" data-end=\"2468\">Impresionant\u0103 num\u0103r de pufuri (28.000 de trageri)<\/strong>: Ideal pentru vaporizare de lung\u0103 durat\u0103 f\u0103r\u0103 reumplere constant\u0103.<\/li>\n<li data-start=\"2531\" data-end=\"2621\"><strong data-start=\"2533\" data-end=\"2587\">Baterie re\u00eenc\u0103rcabil\u0103 cu priz\u0103 de \u00eenc\u0103rcare de tip C<\/strong>: \u00cenc\u0103rcare rapid\u0103 \u0219i eficient\u0103.<\/li>\n<li data-start=\"2622\" data-end=\"2695\"><strong data-start=\"2624\" data-end=\"2652\">30 ml capacitate de e-lichid<\/strong>: Utilizare mai lung\u0103 f\u0103r\u0103 realimentare frecvent\u0103.<\/li>\n<li data-start=\"2696\" data-end=\"2787\"><strong data-start=\"2698\" data-end=\"2742\">Bobin\u0103 Mesh Premium (1,0 \u03a9 Bobin\u0103 Dual Mesh)<\/strong>Pentru un gust intens \u0219i abur dens.<\/li>\n<li data-start=\"2788\" data-end=\"2911\"><strong data-start=\"2790\" data-end=\"2838\">Debit de aer reglabil<\/strong>: Personalizabil \u00een func\u021bie de preferin\u021bele dumneavoastr\u0103 personale pentru rezisten\u021ba ideal\u0103 la trac\u021biune.<\/li>\n<li data-start=\"2912\" data-end=\"2995\"><strong data-start=\"2914\" data-end=\"2951\">Diferite arome<\/strong>: Pentru fiecare gust, experien\u021ba potrivit\u0103.<\/li>\n<li data-start=\"2996\" data-end=\"3082\"><strong data-start=\"2998\" data-end=\"3032\">Afi\u0219aj baterie \u0219i lichid electronic<\/strong>: Supraveghere simpl\u0103 a st\u0103rii de \u00eenc\u0103rcare \u0219i lichid.<\/li>\n<li data-start=\"3083\" data-end=\"3144\"><strong data-start=\"3085\" data-end=\"3109\">Design ergonomic<\/strong>Compact \u0219i convenabil pentru deplas\u0103ri.<\/li>\n<\/ul>\n<h3 data-start=\"3146\" data-end=\"3224\"><strong data-start=\"3150\" data-end=\"3224\">De ce ar trebui s\u0103 cump\u0103ra\u021bi \u021bigara electronic\u0103 de unic\u0103 folosin\u021b\u0103 Arymi IFun 28000 Z\u00fcge?<\/strong><\/h3>\n<ol data-start=\"3226\" data-end=\"4355\">\n<li data-start=\"3226\" data-end=\"3409\"><strong data-start=\"3229\" data-end=\"3261\">Longevitate f\u0103r\u0103 egal<\/strong>: Cu o capacitate de p\u00e2n\u0103 la\u00a0<strong data-start=\"3294\" data-end=\"3310\">28.000 de trenuri<\/strong>\u00a0Nu trebuie s\u0103 v\u0103 face\u021bi griji cu privire la re\u00eennoirile frecvente. Ideal pentru utilizatorii care vapeaz\u0103 mult.<\/li>\n<li data-start=\"3410\" data-end=\"3640\"><strong data-start=\"3413\" data-end=\"3442\">Concentra\u021bie mare de nicotin\u0103<\/strong>: Cu\u00a0<strong data-start=\"3448\" data-end=\"3463\">2 % nicotin\u0103<\/strong>\u00a0Ofer\u0103 aceast\u0103 \u021bigar\u0103 electronic\u0103 de unic\u0103 folosin\u021b\u0103 o experien\u021b\u0103 satisf\u0103c\u0103toare cu nicotin\u0103, potrivit\u0103 perfect pentru tranzi\u021bia de la \u021big\u0103rile tradi\u021bionale sau pentru utilizare regulat\u0103.<\/li>\n<li data-start=\"3641\" data-end=\"3838\"><strong data-start=\"3644\" data-end=\"3671\">Gust de prim\u0103 clas\u0103<\/strong>: Bucura\u021bi-v\u0103 de fiecare dat\u0103 de o arom\u0103 plin\u0103 \u0219i intens\u0103, datorit\u0103\u00a0<strong data-start=\"3741\" data-end=\"3766\">Tehnologie cu bobin\u0103 de plas\u0103<\/strong>care optimizeaz\u0103 evaporarea E-Liquidului \u0219i intensific\u0103 aroma.<\/li>\n<li data-start=\"3839\" data-end=\"4024\"><strong data-start=\"3842\" data-end=\"3869\">Debit de aer reglabil<\/strong>Pute\u021bi regla individual circula\u021bia aerului pentru a personaliza experien\u021ba de vaporizare \u0219i pentru a bucura de mai mult\u0103 sau mai pu\u021bin\u0103 rezisten\u021b\u0103 \u00een func\u021bie de nevoi.<\/li>\n<li data-start=\"4025\" data-end=\"4177\"><strong data-start=\"4028\" data-end=\"4050\">\u00cenc\u0103rcare rapid\u0103<\/strong>: Cu\u00a0<strong data-start=\"4060\" data-end=\"4084\">Priza de \u00eenc\u0103rcare de tip C<\/strong>\u00a0Pute\u021bi re\u00eenc\u0103rca rapid \u0219i comod e-\u021bigara dvs., f\u0103r\u0103 a pierde prea mult timp.<\/li>\n<li data-start=\"4178\" data-end=\"4355\"><strong data-start=\"4181\" data-end=\"4213\">Dimensiuni perfecte pentru deplas\u0103ri<\/strong>Kompakt \u0219i u\u0219or, se las\u0103\u00a0<strong data-start=\"4250\" data-end=\"4294\">Arymi IFun 28000 de \u021bigarete electronice de unic\u0103 folosin\u021b\u0103<\/strong>\u00a0u\u0219or de depozitat \u00een orice buzunar \u0219i de luat oriunde.<\/li>\n<\/ol>\n<p data-start=\"4181\" data-end=\"4633\"><img loading=\"lazy\" decoding=\"async\" class=\"alignnone wp-image-2302 size-full\" title=\"Arymi IFun 28000 Z\u00fcge Einweg E Zigarette - Lemon Lime - Bluerazz Gummy Bear 2 se traduce in Arymi IFun 28000 puffs e-\u021bigar\u0103 de unic\u0103 folosin\u021b\u0103 - Lemon Lime - Bluerazz Gummy Bear 2\" src=\"https:\/\/alfakher24h.de\/wp-content\/uploads\/2025\/03\/all1.webp\" sizes=\"auto, (max-width: 904px) 100vw, 904px\" srcset=\"https:\/\/alfakher24h.de\/wp-content\/uploads\/2025\/03\/all1.webp 904w, https:\/\/alfakher24h.de\/wp-content\/uploads\/2025\/03\/all1-212x300.webp 212w, https:\/\/alfakher24h.de\/wp-content\/uploads\/2025\/03\/all1-723x1024.webp 723w, https:\/\/alfakher24h.de\/wp-content\/uploads\/2025\/03\/all1-768x1087.webp 768w, https:\/\/alfakher24h.de\/wp-content\/uploads\/2025\/03\/all1-8x12.webp 8w, https:\/\/alfakher24h.de\/wp-content\/uploads\/2025\/03\/all1-600x850.webp 600w\" alt=\"Arymi IFun 28000 Z\u00fcge Einweg E Zigarette - Lemon Lime - Bluerazz Gummy Bear se traduce como Arymi IFun 28000 puffs e-\u021bigar\u0103 de unic\u0103 folosin\u021b\u0103 - Lemon Lime - Bluerazz Gummy Bear\" width=\"904\" height=\"1280\" \/><\/p>\n<hr data-start=\"4635\" data-end=\"4638\" \/>\n<h3 data-start=\"4357\" data-end=\"4417\"><strong data-start=\"4361\" data-end=\"4417\">Aromele  Arymi IFun 28000  trageri  \u021bigar\u0103 electronic\u0103 de unic\u0103 folosin\u021b\u0103<\/strong><\/h3>\n<p data-start=\"4419\" data-end=\"4570\">Die\u00a0<strong data-start=\"4423\" data-end=\"4443\">Arymi IFun 28000<\/strong>\u00a0\u00een diferite delicioase\u00a0<strong data-start=\"4476\" data-end=\"4500\">Aromele<\/strong>\u00a0disponibile, care transform\u0103 fiecare experien\u021b\u0103 de vaporizare \u00eentr-una unic\u0103:<\/p>\n<h4 data-start=\"4572\" data-end=\"4591\"><strong data-start=\"4577\" data-end=\"4591\">L\u0103m\u00e2ie Lime<\/strong><\/h4>\n<p data-start=\"4592\" data-end=\"4997\">Der\u00a0<strong data-start=\"4596\" data-end=\"4610\">L\u0103m\u00e2ie Lime<\/strong>-Geschmack este o experien\u021b\u0103 r\u0103coritoare \u0219i revigorant\u0103, care ofer\u0103 echilibrul perfect \u00eentre prospe\u021bimea citricelor \u0219i\u00a0<strong data-start=\"4721\" data-end=\"4732\">L\u0103m\u00e2ie<\/strong>\u00a0\u0219i dulcea\u021ba lui\u00a0<strong data-start=\"4750\" data-end=\"4761\">L\u0103m\u00e2ie verde<\/strong>\u00a0Ofer\u0103. Aceast\u0103 arom\u0103 este ideal\u0103 pentru vapori care prefer\u0103 un gust revigorant, u\u0219or acru, care r\u0103m\u00e2ne pl\u0103cut toat\u0103 ziua. Perfect pentru var\u0103 sau pentru orice zi \u00een care ai nevoie de ceva fresh \u0219i revigorant.<\/p>\n<h4 data-start=\"4999\" data-end=\"5027\"><strong data-start=\"5004\" data-end=\"5027\">Bluerazz Gummy Bear<\/strong><\/h4>\n<p data-start=\"5028\" data-end=\"5415\">Der\u00a0<strong data-start=\"5032\" data-end=\"5055\">Bluerazz Gummy Bear<\/strong>Gustul ofer\u0103 o explozie dulce \u0219i fructat\u0103, care aminte\u0219te de popularul ursule\u021b de gum\u0103, cu un intens\u00a0<strong data-start=\"5172\" data-end=\"5184\">Afine<\/strong>Gust care se \u00eencheie cu o urm\u0103 de\u00a0<strong data-start=\"5220\" data-end=\"5232\">Zmeur\u0103<\/strong>\u00a0Se armonizeaz\u0103. Aceast\u0103 arom\u0103 este ideal\u0103 pentru iubitorii de arome dulci \u0219i fructate \u0219i este foarte potrivit\u0103 pentru vape-urile care caut\u0103 un echilibru \u00eentre note dulci \u0219i proaspete.<\/p>\n<h3 data-start=\"5417\" data-end=\"5454\"><strong data-start=\"5421\" data-end=\"5454\">\u00centreb\u0103ri frecvente (FAQ)<\/strong><\/h3>\n<p data-start=\"5456\" data-end=\"5628\"><strong data-start=\"5456\" data-end=\"5521\">Este  Arymi IFun 28000 depu\u0219i  \u021bigara electronic\u0103 de unic\u0103 folosin\u021b\u0103 cu nicotin\u0103?<\/strong>\u00a0Da, aceast\u0103 \u021bigar\u0103 electronic\u0103 con\u021bine\u00a0<strong data-start=\"5552\" data-end=\"5567\">2 % nicotin\u0103<\/strong>Ideal pentru vapori care caut\u0103 efectul de nicotin\u0103 dorit.<\/p>\n<p data-start=\"5630\" data-end=\"5810\"><strong data-start=\"5630\" data-end=\"5694\">C\u00e2t dureaz\u0103 \u021bigara electronic\u0103 de unic\u0103 folosin\u021b\u0103 Arymi IFun 28000 de pufuri?<\/strong>\u00a0Die E-Zigarette bietet bis zu\u00a0<strong data-start=\"5725\" data-end=\"5740\">28.000 de trenuri<\/strong>, ceea ce o face una dintre cele mai durabile vape de unic\u0103 folosin\u021b\u0103 de pe pia\u021b\u0103.<\/p>\n<p data-start=\"5812\" data-end=\"6024\"><strong data-start=\"5812\" data-end=\"5879\">Nu, Arymi IFun 28000 Z\u00fcge Einweg E-Zigarette nu poate fi re\u00eenc\u0103rcat\u0103.<\/strong>\u00a0Da, aceast\u0103 \u021bigar\u0103 electronic\u0103 este dotat\u0103 cu un\u00a0<strong data-start=\"5916\" data-end=\"5942\">Acumulator re\u00eenc\u0103rcabil<\/strong>\u00a0dotat cu care se poate\u00a0<strong data-start=\"5972\" data-end=\"5992\">Conector de tip C<\/strong>\u00a0poate fi \u00eenc\u0103rcat rapid.<\/p>\n<p data-start=\"6026\" data-end=\"6248\"><strong data-start=\"6026\" data-end=\"6091\">Cum cur\u0103\u021b  Arymi IFun 28000 de puffs  \u021bigara electronic\u0103 de unic\u0103 folosin\u021b\u0103?<\/strong>\u00a0Fiind vorba despre o\u00a0<strong data-start=\"6111\" data-end=\"6133\">E-Zigarette de unic\u0103 folosin\u021b\u0103<\/strong>\u00a0Nu este necesar\u0103 cur\u0103\u021barea, dac\u0103 este utilizat complet, dispozitivul poate fi eliminat \u00een siguran\u021b\u0103.<\/p>\n<p data-start=\"6250\" data-end=\"6549\"><strong data-start=\"6250\" data-end=\"6318\">Unde pot cump\u0103ra \u021bigara electronic\u0103 de unic\u0103 folosin\u021b\u0103 Arymi IFun 28000 de trageri?<\/strong>\u00a0Pute\u021bi s\u0103\u00a0<strong data-start=\"6334\" data-end=\"6378\">Arymi IFun 28000 de \u021bigarete electronice de unic\u0103 folosin\u021b\u0103<\/strong> \u0219i multe alte e-cigarete de unic\u0103 folosin\u021b\u0103 de \u00eenalt\u0103 calitate pe site-ul nostru alfakher24h.de , cel mai mare\u00a0<strong data-start=\"6488\" data-end=\"6548\">Platform\u0103 online de v\u00e2nzare de vape-uri de unic\u0103 folosin\u021b\u0103 \u00een Germania<\/strong>.<\/p>\n<h3 data-start=\"6551\" data-end=\"6564\"><strong data-start=\"6555\" data-end=\"6564\">Concluzie<\/strong><\/h3>\n<p data-start=\"6566\" data-end=\"7095\" data-is-last-node=\"\">Die\u00a0<strong data-start=\"6570\" data-end=\"6614\">Arymi IFun 28000 de \u021bigarete electronice de unic\u0103 folosin\u021b\u0103<\/strong>\u00a0este alegerea perfect\u0103 pentru to\u021bi cei care caut\u0103 o experien\u021b\u0103 de vaporizare durabil\u0103, pl\u0103cut\u0103 \u0219i u\u0219or de utilizat. Cu p\u00e2n\u0103 la\u00a0<strong data-start=\"6742\" data-end=\"6758\">28.000 de trenuri<\/strong>unui\u00a0<strong data-start=\"6766\" data-end=\"6793\">Gustul r\u0103coritor<\/strong>\u00a0\u0219i unul\u00a0<strong data-start=\"6804\" data-end=\"6826\">design practic<\/strong>\u00a0ofer\u0103 acest produs tot ce v\u0103 a\u0219tepta\u021bi de la o \u021bigar\u0103 electronic\u0103 de unic\u0103 folosin\u021b\u0103 de \u00eenalt\u0103 calitate.\u00a0<strong data-start=\"6916\" data-end=\"7007\">Cump\u0103ra\u021bi-v\u0103 Arymi IFun 28000 de trageri E-\u021bigar\u0103 de unic\u0103 folosin\u021b\u0103 ast\u0103zi <a href=\"https:\/\/alfakher24h.de\/ro\/\">alfakher24h.de<\/a><\/strong>cea mai bun\u0103 platform\u0103 pentru\u00a0<strong data-start=\"7034\" data-end=\"7058\">Vape \u00een Germania<\/strong>\u0219i bucura\u021bi-v\u0103 de c\u0103l\u0103toria perfect\u0103!<\/p>","protected":false},"excerpt":{"rendered":"<p><strong data-start=\"6570\" data-end=\"6614\">Arymi IFun 28000 de \u021bigarete electronice de unic\u0103 folosin\u021b\u0103<\/strong>\u00a0este alegerea perfect\u0103 pentru to\u021bi cei care caut\u0103 o experien\u021b\u0103 de vaporizare durabil\u0103, pl\u0103cut\u0103 \u0219i u\u0219or de utilizat. Cu p\u00e2n\u0103 la\u00a0<strong data-start=\"6742\" data-end=\"6758\">28.000 de trenuri<\/strong>,<\/p>","protected":false},"featured_media":1772,"comment_status":"open","ping_status":"closed","template":"","meta":{"om_disable_all_campaigns":false},"product_brand":[],"product_cat":[45],"product_tag":[],"class_list":{"0":"post-1771","1":"product","2":"type-product","3":"status-publish","4":"has-post-thumbnail","6":"product_cat-arymi-ifun-28000","8":"first","9":"outofstock","10":"shipping-taxable","11":"purchasable","12":"product-type-simple"},"_links":{"self":[{"href":"https:\/\/alfakher24h.de\/ro\/wp-json\/wp\/v2\/product\/1771","targetHints":{"allow":["GET"]}}],"collection":[{"href":"https:\/\/alfakher24h.de\/ro\/wp-json\/wp\/v2\/product"}],"about":[{"href":"https:\/\/alfakher24h.de\/ro\/wp-json\/wp\/v2\/types\/product"}],"replies":[{"embeddable":true,"href":"https:\/\/alfakher24h.de\/ro\/wp-json\/wp\/v2\/comments?post=1771"}],"wp:featuredmedia":[{"embeddable":true,"href":"https:\/\/alfakher24h.de\/ro\/wp-json\/wp\/v2\/media\/1772"}],"wp:attachment":[{"href":"https:\/\/alfakher24h.de\/ro\/wp-json\/wp\/v2\/media?parent=1771"}],"wp:term":[{"taxonomy":"product_brand","embeddable":true,"href":"https:\/\/alfakher24h.de\/ro\/wp-json\/wp\/v2\/product_brand?post=1771"},{"taxonomy":"product_cat","embeddable":true,"href":"https:\/\/alfakher24h.de\/ro\/wp-json\/wp\/v2\/product_cat?post=1771"},{"taxonomy":"product_tag","embeddable":true,"href":"https:\/\/alfakher24h.de\/ro\/wp-json\/wp\/v2\/product_tag?post=1771"}],"curies":[{"name":"wp","href":"https:\/\/api.w.org\/{rel}","templated":true}]}}