{"id":1769,"date":"2025-03-11T11:15:30","date_gmt":"2025-03-11T11:15:30","guid":{"rendered":"https:\/\/alfakher24h.de\/?post_type=product&#038;p=1769"},"modified":"2025-07-12T13:27:55","modified_gmt":"2025-07-12T13:27:55","slug":"httperror-response-code-429-too-many-requests-32","status":"publish","type":"product","link":"https:\/\/alfakher24h.de\/ro\/produs\/httperror-response-code-429-too-many-requests-32\/","title":{"rendered":"Arymi IFun 28000 Z\u00fcge Einweg E Zigarette \u2013 Himbeere Traube \u2013 Erdbeere Drachenfrucht"},"content":{"rendered":"<h2 data-start=\"0\" data-end=\"91\">Arymi IFun 28000 de\u0219euri E-Zigarette: pl\u0103cerea suprem\u0103 pentru vaperii din Germania<\/h2>\n<p data-start=\"93\" data-end=\"698\">Die\u00a0<strong data-start=\"97\" data-end=\"141\">Arymi IFun 28000 de \u021bigarete electronice de unic\u0103 folosin\u021b\u0103<\/strong>\u00a0este alegerea perfect\u0103 pentru to\u021bi cei care caut\u0103 o experien\u021b\u0103 de vaporizare puternic\u0103, de lung\u0103 durat\u0103 \u0219i excelent\u0103 ca gust. \u00cen Germania, cererea pentru \u021big\u0103ri electronice de unic\u0103 folosin\u021b\u0103 de \u00eenalt\u0103 calitate, \u00een special pentru cele cu\u00a0<strong data-start=\"367\" data-end=\"378\">Nikotin\u0103<\/strong>, \u00een ultimii ani, a crescut puternic. Cu\u00a0<strong data-start=\"428\" data-end=\"448\">Arymi IFun 28000<\/strong>\u00a0V\u0103 oferim un produs care nu numai c\u0103 impresioneaz\u0103 prin considerabila sa\u00a0<strong data-start=\"517\" data-end=\"532\">Num\u0103r de puf\u0103turi<\/strong>\u00a0de p\u00e2n\u0103 la\u00a0<strong data-start=\"544\" data-end=\"560\">28.000 de trenuri<\/strong>ci \u0219i prin tehnologia sa avansat\u0103\u00a0<strong data-start=\"604\" data-end=\"619\">Tehnologie<\/strong>,\u00a0<strong data-start=\"621\" data-end=\"646\">Acumulator puternic<\/strong>\u00a0\u0219i diverse\u00a0<strong data-start=\"664\" data-end=\"688\">Aromele<\/strong>\u00a0mit\u0103.<\/p>\n<p data-start=\"700\" data-end=\"954\">Dac\u0103 sunte\u021bi o\u00a0<strong data-start=\"714\" data-end=\"736\">E-Zigarette de unic\u0103 folosin\u021b\u0103<\/strong>\u00a0cauta\u021bi ceva care ofer\u0103 mai mult dec\u00e2t modelele conven\u021bionale, sunte\u021bi exact aici. Pute\u021bi s\u0103\u00a0<strong data-start=\"831\" data-end=\"851\">Arymi IFun 28000<\/strong>\u00a0comod\u00a0<strong data-start=\"859\" data-end=\"882\">pe alfakher24h.de<\/strong>\u00a0cump\u0103ra \u2013 cea mai mare platform\u0103 pentru\u00a0<strong data-start=\"918\" data-end=\"938\">Vape-uri de unic\u0103 folosin\u021b\u0103<\/strong>\u00a0\u00een Germania.<\/p>\n<h3 data-start=\"956\" data-end=\"1013\">Descrierea produsului: Puternic \u0219i de lung\u0103 durat\u0103<\/h3>\n<p data-start=\"1015\" data-end=\"1464\">Die\u00a0<strong data-start=\"1019\" data-end=\"1063\">Arymi IFun 28000 de \u021bigarete electronice de unic\u0103 folosin\u021b\u0103<\/strong>\u00a0este un produs remarcabil care dep\u0103\u0219e\u0219te toate a\u0219tept\u0103rile privind o \u021bigar\u0103 electronic\u0103 de unic\u0103 folosin\u021b\u0103. Cu o\u00a0<strong data-start=\"1166\" data-end=\"1198\">Capacitate de 28 ml de lichid electronic<\/strong>\u00a0\u0219i unul\u00a0<strong data-start=\"1209\" data-end=\"1234\">Cont\u021binut de nicotin\u0103 de 2 1\/3%<\/strong>\u00a0ofer\u0103 acest model o\u00a0<strong data-start=\"1261\" data-end=\"1285\">utilizare pe termen lung<\/strong>\u00a0pentru vapori preten\u021bio\u0219i. Cu\u00a0<strong data-start=\"1316\" data-end=\"1339\">p\u00e2n\u0103 la 28.000 de trenuri<\/strong>\u00a0este unul dintre\u00a0<strong data-start=\"1357\" data-end=\"1382\">cel mai durabil<\/strong>\u00a0Produse de pe pia\u021b\u0103, ceea ce \u00eel face alegerea ideal\u0103 pentru utilizarea zilnic\u0103.<\/p>\n<p data-start=\"1466\" data-end=\"1868\">Die\u00a0<strong data-start=\"1470\" data-end=\"1490\">Arymi IFun 28000<\/strong>\u00a0ofer\u0103 nu numai o durabilitate impresionant\u0103, ci \u0219i o\u00a0<strong data-start=\"1559\" data-end=\"1584\">u\u0219or de utilizat<\/strong>\u00a0Aplicare. Cu un\u00a0<strong data-start=\"1606\" data-end=\"1641\">design simplu \u0219i ergonomic<\/strong>\u00a0este deosebit de u\u0219or de utilizat \u0219i confortabil \u00een manipulare. Datorit\u0103\u00a0<strong data-start=\"1723\" data-end=\"1757\">Func\u021bie de airflow reglabil\u0103<\/strong>\u00a0Pute\u021bi regla complet comportamentul tragerii \u00een func\u021bie de preferin\u021bele dvs. \u0219i v\u0103 pute\u021bi bucura de o experien\u021b\u0103 de vaporizare individual\u0103.<\/p>\n<h3 data-start=\"1870\" data-end=\"1932\">Caracteristici ale vaporizatorului Ariymi IFun 28000 de unic\u0103 folosin\u021b\u0103<\/h3>\n<ul data-start=\"1934\" data-end=\"2943\">\n<li data-start=\"1934\" data-end=\"2089\"><strong data-start=\"1936\" data-end=\"1978\">Durat\u0103 lung\u0103 de via\u021b\u0103 (p\u00e2n\u0103 la 28.000 de trageri)<\/strong>: Bucura\u021bi-v\u0103 de o experien\u021b\u0103 extins\u0103 de vaporizare, f\u0103r\u0103 s\u0103 v\u0103 face\u021bi griji cu privire la re\u00eenc\u0103rc\u0103rile frecvente.<\/li>\n<li data-start=\"2090\" data-end=\"2201\"><strong data-start=\"2092\" data-end=\"2120\">28 ml capacitate de lichid electronic<\/strong>Ofer\u0103 o cantitate generoas\u0103 de lichid pentru c\u00e2teva s\u0103pt\u0103m\u00e2ni de utilizare intensiv\u0103.<\/li>\n<li data-start=\"2202\" data-end=\"2311\"><strong data-start=\"2204\" data-end=\"2229\">2 % nicotin\u0103<\/strong>: Ideal pentru fum\u0103tori care au nevoie de un aport de nicotin\u0103 dozat pl\u0103cut.<\/li>\n<li data-start=\"2312\" data-end=\"2454\"><strong data-start=\"2314\" data-end=\"2356\">Baterie de 600 mAh (re\u00eenc\u0103rcabil\u0103 prin Type-C)<\/strong>Asigur\u0103 o performan\u021b\u0103 uniform\u0103 \u0219i permite \u00eenc\u0103rcarea u\u0219oar\u0103 a dispozitivului atunci c\u00e2nd este necesar.<\/li>\n<li data-start=\"2455\" data-end=\"2584\"><strong data-start=\"2457\" data-end=\"2501\">Bobin\u0103 Mesh Premium (1,0 \u03a9 Bobin\u0103 Dual Mesh)<\/strong>: Produce nori dense \u0219i aromate de abur pentru o experien\u021b\u0103 de gust intens\u0103.<\/li>\n<li data-start=\"2585\" data-end=\"2700\"><strong data-start=\"2587\" data-end=\"2611\">Debit de aer reglabil<\/strong>: Permite reglarea fin\u0103 a fluxului de aer pentru o produc\u021bie de abur personalizat\u0103.<\/li>\n<li data-start=\"2701\" data-end=\"2835\"><strong data-start=\"2703\" data-end=\"2734\">Indicatorul de baterie \u0219i lichid<\/strong>: Cu afi\u0219ajele practice, ve\u021bi \u0219ti \u00een orice moment c\u00e2t\u0103 energie \u0219i lichid mai sunt disponibile.<\/li>\n<li data-start=\"2836\" data-end=\"2943\"><strong data-start=\"2838\" data-end=\"2860\">U\u0219or \u0219i compact<\/strong>Dispozitivul c\u00e2nt\u0103re\u0219te doar 120 g per unitate \u0219i este astfel deosebit de u\u0219or de manevrat \u0219i portabil.<\/li>\n<\/ul>\n<p data-start=\"2945\" data-end=\"3095\"><strong data-start=\"2945\" data-end=\"2964\">Unitate de ambalare<\/strong>: 10 buc\u0103\u021bi per cutie<br data-start=\"2982\" data-end=\"2985\" \/><strong data-start=\"2985\" data-end=\"3008\">Greutate per pachet<\/strong>: 120 g \/ bucat\u0103<br data-start=\"3023\" data-end=\"3026\" \/><strong data-start=\"3026\" data-end=\"3046\">Cantitate per cutie<\/strong>: 200 buc\u0103\u021bi<br data-start=\"3057\" data-end=\"3060\" \/><strong data-start=\"3060\" data-end=\"3088\">Greutate total\u0103 per cutie<\/strong>: 25 kg<\/p>\n<h2 data-start=\"0\" data-end=\"71\"><img loading=\"lazy\" decoding=\"async\" class=\"alignnone wp-image-2302 size-full\" title=\"Arymi IFun 28000 Z\u00fcge Einweg E Zigarette - Raspberry Grape - Strawberry Dragon Fruit 2\" src=\"https:\/\/alfakher24h.de\/wp-content\/uploads\/2025\/03\/all1.webp\" sizes=\"auto, (max-width: 904px) 100vw, 904px\" srcset=\"https:\/\/alfakher24h.de\/wp-content\/uploads\/2025\/03\/all1.webp 904w, https:\/\/alfakher24h.de\/wp-content\/uploads\/2025\/03\/all1-212x300.webp 212w, https:\/\/alfakher24h.de\/wp-content\/uploads\/2025\/03\/all1-723x1024.webp 723w, https:\/\/alfakher24h.de\/wp-content\/uploads\/2025\/03\/all1-768x1087.webp 768w, https:\/\/alfakher24h.de\/wp-content\/uploads\/2025\/03\/all1-8x12.webp 8w, https:\/\/alfakher24h.de\/wp-content\/uploads\/2025\/03\/all1-600x850.webp 600w\" alt=\"Arymi IFun 28000 Z\u00fcge Einweg E Zigarette - Raspberry Grape - Strawberry Dragon Fruit becomes Arymi IFun 28000 de \u021bigarete electronice de unic\u0103 folosin\u021b\u0103 - Raspberry Grape - Strawberry Dragon Fruit\" width=\"904\" height=\"1280\" \/><\/h2>\n<hr data-start=\"4635\" data-end=\"4638\" \/>\n<h3 data-start=\"3097\" data-end=\"3143\">Aromele: Explozie de gust la fiecare tragere<\/h3>\n<p data-start=\"3145\" data-end=\"3568\">Die\u00a0<strong data-start=\"3149\" data-end=\"3193\"><a href=\"https:\/\/alfakherwelt.de\/product-category\/arymi-ifun-28000\/\" target=\"_blank\" rel=\"noopener\">Arymi IFun 28000 Zug<\/a>\u00a0E-Zigarette de unic\u0103 folosin\u021b\u0103<\/strong>\u00a0Ofer\u0103 o selec\u021bie impresionant\u0103 de\u00a0<strong data-start=\"3232\" data-end=\"3256\">Aromele<\/strong>care au ceva de oferit pentru fiecare vaporizator. Fiecare tragere ofer\u0103 o explozie de arom\u0103 pe care nu o ve\u021bi uita prea cur\u00e2nd. Cele mai populare dou\u0103 variante sunt\u00a0<strong data-start=\"3426\" data-end=\"3444\">Zmeur\u0103 - strugure<\/strong>\u00a0\u0219i\u00a0<strong data-start=\"3449\" data-end=\"3473\">P\u00e2n\u0103 \u00een prezent, acest text nu necesit\u0103 traducere. Erdbeer-Drachefrucht r\u0103m\u00e2ne acela\u0219i.<\/strong>, \u00eens\u0103 selec\u021bia cre\u0219te \u00een mod constant.  Iat\u0103 o descriere detaliat\u0103 a acestor dou\u0103 arome:<\/p>\n<h4 data-start=\"3570\" data-end=\"3595\"><strong data-start=\"3575\" data-end=\"3593\">Zmeur\u0103 - strugure<\/strong><\/h4>\n<p data-start=\"3596\" data-end=\"4205\">Un mix delicios de zmeur\u0103 suculent\u0103 \u0219i struguri dulci, care combin\u0103 ce e mai bun din ambele lumi. Gustul este at\u00e2t dulce, c\u00e2t \u0219i u\u0219or acru \u0219i ofer\u0103 o experien\u021b\u0103 r\u0103coritoare care \u00eei tenteaz\u0103 pe cei care \u00eel gust\u0103. La fiecare inhalare, v\u0103 bucura\u021bi de prospe\u021bimea natural\u0103 \u0219i de gustul intens al acestor dou\u0103 fructe, care se armonizeaz\u0103 perfect. Gustul dulce \u0219i fructuos persist\u0103 mult timp \u0219i r\u0103m\u00e2ne de nerecunoscut la fiecare inhalare. Ideal pentru to\u021bi cei care doresc un gust\u00a0<strong data-start=\"4069\" data-end=\"4103\">gustul dulce \u0219i suculent<\/strong>\u00a0prefer\u0103 \u0219i nota proasp\u0103t\u0103 de\u00a0<strong data-start=\"4140\" data-end=\"4153\">Zmeur\u0103<\/strong>\u00a0\u00een combina\u021bie cu\u00a0<strong data-start=\"4177\" data-end=\"4197\">dulcea\u021b\u0103 de struguri<\/strong>\u00a0a iubi<\/p>\n<h4 data-start=\"4207\" data-end=\"4238\"><strong data-start=\"4212\" data-end=\"4236\">P\u00e2n\u0103 \u00een prezent, acest text nu necesit\u0103 traducere. Erdbeer-Drachefrucht r\u0103m\u00e2ne acela\u0219i.<\/strong><\/h4>\n<p data-start=\"4239\" data-end=\"4852\">Aceast\u0103 combina\u021bie reune\u0219te c\u0103p\u0219una proasp\u0103t\u0103 \u0219i dulce cu gustul exotic al\u00a0<strong data-start=\"4336\" data-end=\"4352\">Drachefrucht<\/strong>. The \n becomes \n. Die \nstays \n. Die\u00a0<strong data-start=\"4358\" data-end=\"4374\">Drachefrucht<\/strong>, cunoscut \u0219i sub numele de Pitaya, are o not\u0103 delicat\u0103, u\u0219or dulce care se potrive\u0219te perfect cu prospe\u021bimea \u0219i intensitatea c\u0103p\u0219unii. Gustul nu este numai fructuos, ci \u0219i u\u0219or floral, ceea ce face acest mix deosebit de special.\u00a0<strong data-start=\"4599\" data-end=\"4611\">exotic<\/strong>\u00a0\u0219i\u00a0<strong data-start=\"4616\" data-end=\"4628\">viu<\/strong>\u00a0va pl\u0103cea cu siguran\u021b\u0103 aceast\u0103 combina\u021bie. Este o alegere ideal\u0103 pentru vapori care caut\u0103\u00a0<strong data-start=\"4816\" data-end=\"4845\">arome dulci \u0219i tropicale<\/strong>\u00a0a placut<\/p>\n<p data-start=\"4854\" data-end=\"4918\"><strong data-start=\"4854\" data-end=\"4915\">Alte arome posibile (disponibile \u00een viitor)<\/strong>:<\/p>\n<ul data-start=\"4919\" data-end=\"5007\">\n<li data-start=\"4919\" data-end=\"4939\"><strong data-start=\"4921\" data-end=\"4937\">Mango-Papaya<\/strong><\/li>\n<li data-start=\"4940\" data-end=\"4961\"><strong data-start=\"4942\" data-end=\"4959\">Minze-Limette \n(Minze-Lime) \n Limonad\u0103 de ment\u0103<\/strong><\/li>\n<li data-start=\"4962\" data-end=\"4987\"><strong data-start=\"4964\" data-end=\"4985\">Fructe tropicale<\/strong><\/li>\n<li data-start=\"4988\" data-end=\"5007\"><strong data-start=\"4990\" data-end=\"5007\">crem\u0103 de vanilie<\/strong><\/li>\n<\/ul>\n<h3 data-start=\"5009\" data-end=\"5082\">De ce ar trebui s\u0103 cump\u0103ra\u021bi \u021bigara electronic\u0103 de unic\u0103 folosin\u021b\u0103 Arymi IFun 28000 de trageri<\/h3>\n<ol data-start=\"5084\" data-end=\"5767\">\n<li data-start=\"5084\" data-end=\"5231\"><strong data-start=\"5087\" data-end=\"5104\">Durabilitate<\/strong>: Cu\u00a0<strong data-start=\"5110\" data-end=\"5126\">28.000 de trenuri<\/strong>\u00a0Ave\u021bi garan\u021bia c\u0103 vape-ul dvs. dureaz\u0103 mult. Nu trebuie s\u0103 v\u0103 preocupa\u021bi \u00een mod constant de re cump\u0103rare.<\/li>\n<li data-start=\"5232\" data-end=\"5340\"><strong data-start=\"5235\" data-end=\"5256\">Gust premium<\/strong>: Der\u00a0<strong data-start=\"5262\" data-end=\"5275\">Mesh Coil<\/strong>\u00a0ofer\u0103 o experien\u021b\u0103 de vaporizare intens\u0103 \u0219i aromat\u0103 la fiecare tragerea.<\/li>\n<li data-start=\"5341\" data-end=\"5449\"><strong data-start=\"5344\" data-end=\"5367\">Manipulare u\u0219oar\u0103<\/strong>: F\u0103r\u0103 re\u00eenc\u0103rcare, f\u0103r\u0103 alimentare (cu excep\u021bia cazului \u00een care bateria este desc\u0103rcat\u0103), pur \u0219i simplu bucura\u021bi-v\u0103.<\/li>\n<li data-start=\"5450\" data-end=\"5620\"><strong data-start=\"5453\" data-end=\"5489\">Variate arome<\/strong>: Indiferent dac\u0103 prefera\u021bi arome fructate, dulci sau exotice - cele\u00a0<strong data-start=\"5559\" data-end=\"5579\">Arymi IFun 28000<\/strong>\u00a0are ceva pentru fiecare gust.<\/li>\n<li data-start=\"5621\" data-end=\"5767\"><strong data-start=\"5624\" data-end=\"5650\">Puterea perfect\u0103 a nicotinei<\/strong>: Cu 2 % nicotin\u0103 primi\u021bi o doz\u0103 pl\u0103cut\u0103 de nicotin\u0103, care este ideal\u0103 pentru fum\u0103tori \u0219i fo\u0219ti fum\u0103tori.<\/li>\n<\/ol>\n<h3 data-start=\"5769\" data-end=\"5821\">\u00centreb\u0103ri frecvente despre \u021bigara electronic\u0103 de unic\u0103 folosin\u021b\u0103 Arymi IFun 28000 de trag\u0103ri<\/h3>\n<p data-start=\"5823\" data-end=\"6066\"><strong data-start=\"5823\" data-end=\"5890\">1. C\u00e2t de mult dureaz\u0103 \u021bigara electronic\u0103 de unic\u0103 folosin\u021b\u0103 Arymi IFun 28000 de puffs?<\/strong><br data-start=\"5890\" data-end=\"5893\" \/>Die\u00a0<strong data-start=\"5897\" data-end=\"5922\">Arymi IFun 28000 Zug<\/strong>\u00a0ofer\u0103\u00a0<strong data-start=\"5930\" data-end=\"5952\">p\u00e2n\u0103 la 28.000 de trenuri<\/strong>, ceea ce este suficient pentru utilizarea zilnic\u0103 pe parcursul mai multor s\u0103pt\u0103m\u00e2ni sau luni, \u00een func\u021bie de frecven\u021ba de utilizare.<\/p>\n<p data-start=\"6068\" data-end=\"6242\"><strong data-start=\"6068\" data-end=\"6121\">2. C\u00e2t de mult nicotin\u0103 con\u021bine Arymi IFun 28000?<\/strong><br data-start=\"6121\" data-end=\"6124\" \/>Con\u021binutul de nicotin\u0103 este de\u00a0<strong data-start=\"6150\" data-end=\"6157\">2 %<\/strong>care ofer\u0103 o alimentare moderat\u0103 cu nicotin\u0103, potrivit\u0103 pentru majoritatea vaperilor.<\/p>\n<p data-start=\"6244\" data-end=\"6483\"><strong data-start=\"6244\" data-end=\"6309\">3. Trebuie s\u0103 \u00eenc\u0103rc bateria de unic\u0103 folosin\u021b\u0103 e-\u021bigar\u0103 Arymi IFun 28000?<\/strong><br data-start=\"6309\" data-end=\"6312\" \/>Da, bateria este\u00a0<strong data-start=\"6329\" data-end=\"6348\">re\u00eenc\u0103rcabil<\/strong>\u00a0peste\u00a0<strong data-start=\"6354\" data-end=\"6364\">Type-C<\/strong>Acumulatorul dureaz\u0103 pentru \u00eentreaga durat\u0103 de via\u021b\u0103 a lichidului, dar c\u00e2nd este desc\u0103rcat, \u00eel pute\u021bi re\u00eenc\u0103rca cu u\u0219urin\u021b\u0103.<\/p>\n<p data-start=\"6485\" data-end=\"6702\"><strong data-start=\"6485\" data-end=\"6527\">4. Pot regla aportul de aer?<\/strong><br data-start=\"6527\" data-end=\"6530\" \/>Da, cele\u00a0<strong data-start=\"6538\" data-end=\"6563\">Arymi IFun 28000 Zug<\/strong>\u00a0dispune de o\u00a0<strong data-start=\"6582\" data-end=\"6606\">Debitul de aer reglabil<\/strong>, cu care pute\u021bi regla fluxul de aer dup\u0103 bunul plac pentru a optimiza experien\u021ba de vaporizare.<\/p>\n<p data-start=\"6704\" data-end=\"6922\"><strong data-start=\"6704\" data-end=\"6751\">Unde pot cump\u0103ra Arymi IFun 28000?<\/strong><br data-start=\"6751\" data-end=\"6754\" \/>Pute\u021bi s\u0103\u00a0<strong data-start=\"6769\" data-end=\"6808\">Arymi IFun 28000 Einweg E-Zigarette \n\nse traduce in \n\nArymi IFun 28000 Disposable E-Cigarette<\/strong> comod \u0219i \u00een siguran\u021b\u0103 pe alfakher24h.de - cea mai mare platform\u0103 pentru\u00a0<strong data-start=\"6886\" data-end=\"6906\">Vape-uri de unic\u0103 folosin\u021b\u0103<\/strong>\u00a0\u00een Germania.<\/p>\n<h3 data-start=\"6924\" data-end=\"6933\">Concluzie<\/h3>\n<p data-start=\"6935\" data-end=\"7461\" data-is-last-node=\"\">Die\u00a0<strong data-start=\"6939\" data-end=\"6983\">Arymi IFun 28000 de \u021bigarete electronice de unic\u0103 folosin\u021b\u0103<\/strong>\u00a0este mai mult dec\u00e2t o vape obi\u0219nuit\u0103 - este alegerea perfect\u0103 pentru to\u021bi cei care caut\u0103 o \u021bigar\u0103 electronic\u0103 de unic\u0103 folosin\u021b\u0103, durabil\u0103, de \u00eenalt\u0103 calitate \u0219i cu un gust excep\u021bional. Cu ajutorul ei,\u00a0<strong data-start=\"7174\" data-end=\"7202\">o cantitate considerabil\u0103 de puf<\/strong>den\u00a0<strong data-start=\"7208\" data-end=\"7245\">multiple arome<\/strong>\u00a0\u0219i cel\u00a0<strong data-start=\"7254\" data-end=\"7278\">manipulare u\u0219oar\u0103<\/strong>\u00a0este alegerea ideal\u0103 pentru to\u021bi vaperii din\u00a0<strong data-start=\"7321\" data-end=\"7336\">Deutschland<\/strong>Cump\u0103ra\u021bi ast\u0103zi produsele dvs.\u00a0<strong data-start=\"7365\" data-end=\"7385\">Arymi IFun 28000<\/strong> Pe alfakher24h.de \u0219i experimenta\u021bi vapingul la un nivel complet nou!<\/p>","protected":false},"excerpt":{"rendered":"<p><strong data-start=\"6939\" data-end=\"6983\">Arymi IFun 28000 de \u021bigarete electronice de unic\u0103 folosin\u021b\u0103<\/strong>\u00a0este mai mult dec\u00e2t o vape obi\u0219nuit\u0103 - este alegerea perfect\u0103 pentru to\u021bi cei care caut\u0103 o \u021bigar\u0103 electronic\u0103 de unic\u0103 folosin\u021b\u0103, durabil\u0103, de \u00eenalt\u0103 calitate \u0219i cu un gust excep\u021bional. Cu ajutorul ei,\u00a0<strong data-start=\"7174\" data-end=\"7202\">o cantitate considerabil\u0103 de puf<\/strong>,<\/p>","protected":false},"featured_media":1770,"comment_status":"open","ping_status":"closed","template":"","meta":{"om_disable_all_campaigns":false},"product_brand":[],"product_cat":[45],"product_tag":[],"class_list":{"0":"post-1769","1":"product","2":"type-product","3":"status-publish","4":"has-post-thumbnail","6":"product_cat-arymi-ifun-28000","8":"first","9":"outofstock","10":"shipping-taxable","11":"purchasable","12":"product-type-simple"},"_links":{"self":[{"href":"https:\/\/alfakher24h.de\/ro\/wp-json\/wp\/v2\/product\/1769","targetHints":{"allow":["GET"]}}],"collection":[{"href":"https:\/\/alfakher24h.de\/ro\/wp-json\/wp\/v2\/product"}],"about":[{"href":"https:\/\/alfakher24h.de\/ro\/wp-json\/wp\/v2\/types\/product"}],"replies":[{"embeddable":true,"href":"https:\/\/alfakher24h.de\/ro\/wp-json\/wp\/v2\/comments?post=1769"}],"wp:featuredmedia":[{"embeddable":true,"href":"https:\/\/alfakher24h.de\/ro\/wp-json\/wp\/v2\/media\/1770"}],"wp:attachment":[{"href":"https:\/\/alfakher24h.de\/ro\/wp-json\/wp\/v2\/media?parent=1769"}],"wp:term":[{"taxonomy":"product_brand","embeddable":true,"href":"https:\/\/alfakher24h.de\/ro\/wp-json\/wp\/v2\/product_brand?post=1769"},{"taxonomy":"product_cat","embeddable":true,"href":"https:\/\/alfakher24h.de\/ro\/wp-json\/wp\/v2\/product_cat?post=1769"},{"taxonomy":"product_tag","embeddable":true,"href":"https:\/\/alfakher24h.de\/ro\/wp-json\/wp\/v2\/product_tag?post=1769"}],"curies":[{"name":"wp","href":"https:\/\/api.w.org\/{rel}","templated":true}]}}