{"id":1766,"date":"2025-03-11T06:02:06","date_gmt":"2025-03-11T06:02:06","guid":{"rendered":"https:\/\/alfakher24h.de\/?post_type=product&#038;p=1766"},"modified":"2025-07-12T13:27:55","modified_gmt":"2025-07-12T13:27:55","slug":"httperror-response-code-429-too-many-requests-29","status":"publish","type":"product","link":"https:\/\/alfakher24h.de\/ro\/produs\/httperror-response-code-429-too-many-requests-29\/","title":{"rendered":"Arymi IFun 28000 de \u021bigarete electronice de unic\u0103 folosin\u021b\u0103 - Mint Ice - Banana Milkshake"},"content":{"rendered":"<h2><a href=\"https:\/\/alfakher24h.de\/ro\/\">Arymi IFun 28000 de \u021bigarete electronice de unic\u0103 folosin\u021b\u0103<\/a>: Alegerea suprem\u0103 pentru vapori preten\u021bio\u0219i<\/h2>\n<div style=\"width: 848px;\" class=\"wp-video\"><video class=\"wp-video-shortcode\" id=\"video-1766-1\" width=\"848\" height=\"478\" preload=\"metadata\" controls=\"controls\"><source type=\"video\/mp4\" src=\"https:\/\/alfakher24h.de\/wp-content\/uploads\/2025\/03\/VID-20241031-WA0010.mp4?_=1\" \/><a href=\"https:\/\/alfakher24h.de\/wp-content\/uploads\/2025\/03\/VID-20241031-WA0010.mp4\">https:\/\/alfakher24h.de\/wp-content\/uploads\/2025\/03\/VID-20241031-WA0010.mp4<\/a><\/video><\/div>\n<p data-start=\"92\" data-end=\"802\">Die\u00a0<strong data-start=\"96\" data-end=\"140\">Arymi IFun 28000 Z\u00fcge Einweg E Zigarette \n\nse traduce \u00een \n\nArymi IFun 28000 de trac\u021biuni E-\u021bigar\u0103 de unic\u0103 folosin\u021b\u0103<\/strong>\u00a0este solu\u021bia perfect\u0103 pentru to\u021bi cei care caut\u0103 o experien\u021b\u0103 de vaporizare durabil\u0103, u\u0219or de utilizat \u0219i pl\u0103cut\u0103. Cu un num\u0103r impresionant de 28.000 de pufuri, o capacitate generoas\u0103 de e-lichid \u0219i func\u021bii inovatoare, acest produs ofer\u0103 o performan\u021b\u0103 excep\u021bional\u0103 care v\u0103 va convinge. \u00cen acest articol, ve\u021bi afla totul despre\u00a0<strong data-start=\"509\" data-end=\"542\">Arymi IFun \u021bigaret\u0103 electronic\u0103 de unic\u0103 folosin\u021b\u0103<\/strong>\u00a0trebuie s\u0103 \u0219ti\u021bi, de la caracteristicile remarcabile p\u00e2n\u0103 la o descriere detaliat\u0103 a aromelor. Cump\u0103ra\u021bi-v\u0103\u00a0<strong data-start=\"678\" data-end=\"700\">E-\u021bigaret\u0103 de unic\u0103 folosin\u021b\u0103<\/strong> direct la \/alfakher24h.de, cea mai mare platform\u0103 online de v\u00e2nzare de vape-uri de unic\u0103 folosin\u021b\u0103 din Germania.<\/p>\n<hr data-start=\"804\" data-end=\"807\" \/>\n<h3 data-start=\"809\" data-end=\"886\"><strong data-start=\"812\" data-end=\"886\">De ce Arymi IFun 28000 de trageri <a href=\"https:\/\/alfakher24h.de\/ro\/\">E-\u021bigaret\u0103 de unic\u0103 folosin\u021b\u0103<\/a> Prima lor alegere este<\/strong><\/h3>\n<p data-start=\"888\" data-end=\"1358\">Die\u00a0<strong data-start=\"892\" data-end=\"936\">Arymi IFun 28000 Z\u00fcge Einweg E Zigarette \n\nse traduce \u00een \n\nArymi IFun 28000 de trac\u021biuni E-\u021bigar\u0103 de unic\u0103 folosin\u021b\u0103<\/strong>\u00a0A fost dezvoltat cu un obiectiv clar: oferirea unei experien\u021be de vaporizare de \u00eenalt\u0103 calitate, de lung\u0103 durat\u0103 \u0219i versatil\u0103. Indiferent dac\u0103 sunte\u021bi un \u00eencep\u0103tor sau un vaporizator experimentat, acest dispozitiv v\u0103 va dep\u0103\u0219i a\u0219tept\u0103rile. Combina\u021bia dintre un num\u0103r imens de trageri \u0219i tehnologia de \u00eenalt\u0103 calitate a bobinei cu plas\u0103 asigur\u0103 o vaporizare constant\u0103 \u0219i intens\u0103, astfel \u00eenc\u00e2t s\u0103 pute\u021bi bucura de fiecare secund\u0103.<\/p>\n<h3><strong data-start=\"1364\" data-end=\"1426\">Caracteristici principale ale trenurilor  Ariymi IFun 28000  \u021big\u0103ri electronice de unic\u0103 folosin\u021b\u0103<\/strong><\/h3>\n<ul data-start=\"1428\" data-end=\"2738\">\n<li data-start=\"1428\" data-end=\"1602\"><strong data-start=\"1430\" data-end=\"1465\">Maximale Zuganzahl: 28.000 Z\u00fcge<\/strong>: Cu un num\u0103r excep\u021bional de \u00eenalt\u0103 de trageri, aceast\u0103 \u021bigar\u0103 electronic\u0103 de unic\u0103 folosin\u021b\u0103 ofer\u0103 una dintre cele mai lungi durate de utilizare de pe pia\u021b\u0103.<\/li>\n<li data-start=\"1603\" data-end=\"1742\"><strong data-start=\"1605\" data-end=\"1640\">Capacitate mare de lichid electronic: 28 ml<\/strong>: Rezervorul de lichid de 28 ml asigur\u0103 c\u0103 pute\u021bi vapora mai mult timp f\u0103r\u0103 s\u0103 fie nevoie s\u0103 \u00eel re\u00eenc\u0103rca\u021bi.<\/li>\n<li data-start=\"1743\" data-end=\"1906\"><strong data-start=\"1745\" data-end=\"1770\">Cont\u021binut de nicotin\u0103 de 2 1\/3%<\/strong>Ideal pentru cei care doresc acela\u0219i con\u021binut de nicotin\u0103 ca o \u021bigar\u0103 tradi\u021bional\u0103, dar cu beneficiile vaporiz\u0103rii.<\/li>\n<li data-start=\"1907\" data-end=\"2050\"><strong data-start=\"1909\" data-end=\"1938\">Akku: 600 mAh Pure Cobalt<\/strong>Bateria puternic\u0103 asigur\u0103 o performan\u021b\u0103 constant\u0103, care nu scade nici m\u0103car \u00een timpul sesiunilor lungi de aburi.<\/li>\n<li data-start=\"2051\" data-end=\"2252\"><strong data-start=\"2053\" data-end=\"2099\">Bobin\u0103 Mesh Premium cu 1.0 \u03a9 Bobin\u0103 Dual Mesh<\/strong>Tehnologia inovativ\u0103 cu bobin\u0103 Mesh asigur\u0103 o vaporizare uniform\u0103 a lichidului \u0219i, prin urmare, un gust intens \u0219i o produc\u021bie de vapori dens\u0103.<\/li>\n<li data-start=\"2253\" data-end=\"2412\"><strong data-start=\"2255\" data-end=\"2282\">Debit de aer reglabil<\/strong>: Regla\u021bi fluxul de aer \u00een func\u021bie de preferin\u021bele dvs. pentru a v\u0103 personaliza experien\u021ba de vaporizare \u0219i pentru a bucura de o trac\u021biune perfect\u0103.<\/li>\n<li data-start=\"2413\" data-end=\"2587\"><strong data-start=\"2415\" data-end=\"2451\">Indicator baterie \u0219i lichid electronic<\/strong>P\u0103stra\u021bi o eviden\u021b\u0103 a nivelului bateriei \u0219i a cantit\u0103\u021bii de lichid pentru a v\u0103 asigura \u00eentotdeauna c\u0103 ave\u021bi suficient\u0103 putere \u0219i lichid.<\/li>\n<li data-start=\"2588\" data-end=\"2738\"><strong data-start=\"2590\" data-end=\"2616\">Manipulare confortabil\u0103<\/strong>Dispozitivul este u\u0219or, u\u0219or de manevrat \u0219i gata de utilizare imediat, f\u0103r\u0103 s\u0103 v\u0103 fie necesar\u0103 preocuparea pentru set\u0103ri suplimentare.<\/li>\n<\/ul>\n<hr data-start=\"2740\" data-end=\"2743\" \/>\n<h3 data-start=\"2745\" data-end=\"2804\"><strong data-start=\"2748\" data-end=\"2804\">Aromele  Arymi IFun 28000 de trageri  E-\u021bigar\u0103 de unic\u0103 folosin\u021b\u0103<\/strong><\/h3>\n<h4 data-start=\"2806\" data-end=\"2822\"><strong data-start=\"2810\" data-end=\"2822\">Mint Ice<\/strong><\/h4>\n<p data-start=\"2824\" data-end=\"3278\">Der\u00a0<strong data-start=\"2828\" data-end=\"2840\">Mint Ice<\/strong>Gustul este perfect pentru to\u021bi iubitorii de experien\u021be de vaporizare r\u0103coroase \u0219i revigorante. Aceast\u0103 combina\u021bie de gust din ment\u0103 proasp\u0103t\u0103 \u0219i o lovitur\u0103 de ghea\u021b\u0103 aduce o senza\u021bie imediat\u0103 de prospe\u021bime. Frische\u021ba natural\u0103 a mentei, combinat\u0103 cu o not\u0103 de cristal de ghea\u021b\u0103 r\u0103coroas\u0103, asigur\u0103 o experien\u021b\u0103 pl\u0103cut\u0103 \u0219i intens\u0103, care nu este niciodat\u0103 prea intruziv\u0103. Perfect pentru a \u00eencepe ziua sau pentru a bucura de un moment de vaporizare revigorant la mijlocul zilei.<\/p>\n<h4 data-start=\"3280\" data-end=\"3304\"><strong data-start=\"3284\" data-end=\"3304\">Banana Milkshake<\/strong><\/h4>\n<p data-start=\"3306\" data-end=\"3763\">Der\u00a0<strong data-start=\"3310\" data-end=\"3330\">Banana Milkshake<\/strong>Gustul este o combina\u021bie atr\u0103g\u0103toare de banane dulci \u0219i o not\u0103 cremoas\u0103 de milkshake. Acest gust aminte\u0219te de un milkshake clasic \u0219i proasp\u0103t de banan\u0103, direct de la bar. Textura cremoas\u0103 ofer\u0103 o experien\u021b\u0103 de vapare moale \u0219i pl\u0103cut\u0103, care este at\u00e2t dulce, c\u00e2t \u0219i satisf\u0103c\u0103toare. Pentru cei care caut\u0103 o op\u021biune dulce, dar nu prea grea, acest gust este o alegere excelent\u0103.<\/p>\n<h2 data-start=\"0\" data-end=\"107\"><img loading=\"lazy\" decoding=\"async\" class=\"alignnone wp-image-2299 size-full\" title=\"Arymi IFun 28000 Z\u00fcge Einweg E Zigarette - Mint Ice - Banana Milkshake 2 se traduce en Arymi IFun 28000 de\u0219euri E-cigaret\u0103 - Mint Ice - Banana Milkshake 2\" src=\"https:\/\/alfakher24h.de\/wp-content\/uploads\/2025\/03\/arymi-hookalit-2.webp\" sizes=\"auto, (max-width: 1077px) 100vw, 1077px\" srcset=\"https:\/\/alfakher24h.de\/wp-content\/uploads\/2025\/03\/arymi-hookalit-2.webp 1077w, https:\/\/alfakher24h.de\/wp-content\/uploads\/2025\/03\/arymi-hookalit-2-300x284.webp 300w, https:\/\/alfakher24h.de\/wp-content\/uploads\/2025\/03\/arymi-hookalit-2-1024x970.webp 1024w, https:\/\/alfakher24h.de\/wp-content\/uploads\/2025\/03\/arymi-hookalit-2-768x727.webp 768w, https:\/\/alfakher24h.de\/wp-content\/uploads\/2025\/03\/arymi-hookalit-2-13x12.webp 13w, https:\/\/alfakher24h.de\/wp-content\/uploads\/2025\/03\/arymi-hookalit-2-600x568.webp 600w\" alt=\"Arymi IFun 28000 Z\u00fcge Einweg E Zigarette - Mint Ice - Banana Milkshake se traduce \u00een Arymi IFun 28000 puffs e-\u021bigar\u0103 de unic\u0103 folosin\u021b\u0103 - Mint Ice - Banana Milkshake\" width=\"1077\" height=\"1020\" \/><\/h2>\n<h3 data-start=\"3770\" data-end=\"3840\"><strong data-start=\"3773\" data-end=\"3840\">Avantajele cump\u0103r\u0103rii unei \u021big\u0103ri electronice de unic\u0103 folosin\u021b\u0103 Arymi IFun 28000 de pufuri<\/strong><\/h3>\n<ul data-start=\"3842\" data-end=\"4862\">\n<li data-start=\"3842\" data-end=\"4043\"><strong data-start=\"3844\" data-end=\"3871\">Utilizare prelungit\u0103<\/strong>: Cu 28.000 de curse, acest produs ofer\u0103 o durat\u0103 de via\u021b\u0103 excep\u021bional de lung\u0103 \u0219i este ideal pentru utilizarea zilnic\u0103, f\u0103r\u0103 a fi nevoie de \u00eenlocuire dup\u0103 o perioad\u0103 scurt\u0103 de timp.<\/li>\n<li data-start=\"4044\" data-end=\"4298\"><strong data-start=\"4046\" data-end=\"4078\">Nu este necesar\u0103 reaprovizionarea<\/strong>Fiind o \u021bigar\u0103 electronic\u0103 de unic\u0103 folosin\u021b\u0103, nu trebuie s\u0103 v\u0103 face\u021bi griji cu privire la re\u00eenc\u0103rcarea lichidului. Odat\u0103 ce bateria sau lichidul se epuizeaz\u0103, pute\u021bi pur \u0219i simplu s\u0103 arunca\u021bi dispozitivul \u0219i s\u0103 utiliza\u021bi unul nou.<\/li>\n<li data-start=\"4299\" data-end=\"4470\"><strong data-start=\"4301\" data-end=\"4324\">Manipulare u\u0219oar\u0103<\/strong>: Nu este necesar\u0103 o configurare complicat\u0103. Deschide\u021bi ambalajul \u0219i \u00eencepe\u021bi imediat s\u0103 vapora\u021bi - perfect pentru \u00eencep\u0103tori \u0219i cei ocupa\u021bi.<\/li>\n<li data-start=\"4471\" data-end=\"4653\"><strong data-start=\"4473\" data-end=\"4498\">Portabilitate perfect\u0103<\/strong>Compact\u0103 \u0219i u\u0219oar\u0103, Arymi IFun se poate depozita cu u\u0219urin\u021b\u0103 \u00een geant\u0103 sau rucsac, permi\u021b\u00e2ndu-v\u0103 s\u0103 o folosi\u021bi oric\u00e2nd \u0219i oriunde.<\/li>\n<li data-start=\"4654\" data-end=\"4862\"><strong data-start=\"4656\" data-end=\"4692\">Variate arome<\/strong>Cu o selec\u021bie de arome delicioase, de la proaspe\u021bi accen\u021bi de ment\u0103 p\u00e2n\u0103 la crea\u021bii dulci \u0219i cremose de fructe, exist\u0103 ceva pentru fiecare gust.<\/li>\n<\/ul>\n<hr data-start=\"4864\" data-end=\"4867\" \/>\n<h3 data-start=\"4869\" data-end=\"4965\"><strong data-start=\"4872\" data-end=\"4965\">De ce ar trebui s\u0103 cump\u0103ra\u021bi \u021bigara electronic\u0103 de unic\u0103 folosin\u021b\u0103 Arymi IFun 28000 la \/alfakher24h.de<\/strong><\/h3>\n<p data-start=\"4967\" data-end=\"5318\"><strong data-start=\"4967\" data-end=\"4986\">\/alfakher24h.de Alfakherwelt.de<\/strong>\u00a0cea mai mare platform\u0103 online pentru cump\u0103rarea de\u00a0<strong data-start=\"5036\" data-end=\"5059\">E-\u021bigarete de unic\u0103 folosin\u021b\u0103<\/strong>\u00a0\u00cen Germania \u0219i v\u0103 ofer\u0103 o selec\u021bie imens\u0103 de produse de vaporizare. Site-ul nostru web este conceput pentru a v\u0103 garanta nu numai o livrare rapid\u0103 \u0219i sigur\u0103, ci \u0219i o experien\u021b\u0103 de cump\u0103rare simpl\u0103 \u0219i u\u0219or de utilizat.<\/p>\n<h3><strong data-start=\"5324\" data-end=\"5350\">De ce alfakher24h.de?<\/strong><\/h3>\n<ul data-start=\"5351\" data-end=\"5879\">\n<li data-start=\"5351\" data-end=\"5527\"><strong data-start=\"5353\" data-end=\"5370\">Vast\u0103 selec\u021bie<\/strong>Oferim o selec\u021bie extins\u0103 de\u00a0<strong data-start=\"5412\" data-end=\"5435\">E-\u021bigarete de unic\u0103 folosin\u021b\u0103<\/strong>inclusiv\u00a0<strong data-start=\"5456\" data-end=\"5481\">Arymi IFun 28000 Zug<\/strong>astfel \u00eenc\u00e2t s\u0103 pute\u021bi g\u0103si cele mai bune produse.<\/li>\n<li data-start=\"5528\" data-end=\"5649\"><strong data-start=\"5530\" data-end=\"5552\">Livrare rapid\u0103<\/strong>: Profita\u021bi de livrarea rapid\u0103 pentru a v\u0103 bucura de vape-urile dvs. f\u0103r\u0103 \u00eent\u00e2rziere.<\/li>\n<li data-start=\"5650\" data-end=\"5755\"><strong data-start=\"5652\" data-end=\"5672\">Cump\u0103r\u0103turi sigure<\/strong>Datele dvs. sunt \u00een siguran\u021b\u0103 la noi \u0219i garant\u0103m o plat\u0103 f\u0103r\u0103 probleme.<\/li>\n<li data-start=\"5756\" data-end=\"5879\"><strong data-start=\"5758\" data-end=\"5780\">Oferte exclusive<\/strong>Ca platform\u0103 principal\u0103, oferim \u00een mod regulat oferte exclusive \u0219i reduceri pentru clien\u021bii no\u0219tri.<\/li>\n<\/ul>\n<hr data-start=\"5881\" data-end=\"5884\" \/>\n<h3 data-start=\"5886\" data-end=\"5952\"><strong data-start=\"5889\" data-end=\"5952\">\u00centreb\u0103ri frecvente despre <a href=\"https:\/\/alfakher24h.de\/ro\/\">Arymi<\/a> IFun 28000 Z\u00fcge Einweg E Zigarette r\u0103m\u00e2ne acela\u0219i, deci: IFun 28000 Z\u00fcge Einweg E Zigarette<\/strong><\/h3>\n<h3 data-start=\"5954\" data-end=\"6031\"><strong data-start=\"5958\" data-end=\"6031\">C\u00e2t dureaz\u0103 bateria \u021big\u0103rii electronice de unic\u0103 folosin\u021b\u0103 Arymi IFun 28000 de trageri?<\/strong><\/h3>\n<p data-start=\"6033\" data-end=\"6232\">Bateria lui\u00a0<strong data-start=\"6046\" data-end=\"6060\">Arymi IFun<\/strong>\u00a0are o capacitate de 600 mAh \u0219i ofer\u0103 suficient\u0103 putere pentru a sus\u021bine cele 28.000 de trageri complete. Este conceput pentru a dura mult timp chiar \u0219i \u00een cazul unei utiliz\u0103ri intensive.<\/p>\n<h3 data-start=\"6234\" data-end=\"6289\"><strong data-start=\"6238\" data-end=\"6289\">C\u00e2t de des trebuie s\u0103 re\u00eenc\u0103rc e-liquidul?<\/strong><\/h3>\n<p data-start=\"6291\" data-end=\"6494\">Die\u00a0<strong data-start=\"6295\" data-end=\"6339\">Arymi IFun 28000 Z\u00fcge Einweg E Zigarette \n\nse traduce \u00een \n\nArymi IFun 28000 de trac\u021biuni E-\u021bigar\u0103 de unic\u0103 folosin\u021b\u0103<\/strong>\u00a0Este un produs de unic\u0103 folosin\u021b\u0103 \u0219i nu necesit\u0103 realimentare. Odat\u0103 ce lichidul se epuizeaz\u0103, pute\u021bi arunca e-\u021bigara \u0219i utiliza una nou\u0103.<\/p>\n<h3 data-start=\"6496\" data-end=\"6539\"><strong data-start=\"6500\" data-end=\"6539\">Pot regla aportul de aer?<\/strong><\/h3>\n<p data-start=\"6541\" data-end=\"6751\">Da, cele\u00a0<strong data-start=\"6549\" data-end=\"6593\">Arymi IFun 28000 Z\u00fcge Einweg E Zigarette \n\nse traduce \u00een \n\nArymi IFun 28000 de trac\u021biuni E-\u021bigar\u0103 de unic\u0103 folosin\u021b\u0103<\/strong>\u00a0are o alimentare cu aer reglabil\u0103, astfel \u00eenc\u00e2t s\u0103 pute\u021bi regla fluxul de aer \u00een func\u021bie de preferin\u021bele dvs., pentru a v\u0103 bucura de o experien\u021b\u0103 de vaporizare personalizat\u0103.<\/p>\n<h3 data-start=\"6753\" data-end=\"6803\"><strong data-start=\"6757\" data-end=\"6803\">Este produsul disponibil \u00een Germania?<\/strong><\/h3>\n<p data-start=\"6805\" data-end=\"6961\">Da, cele\u00a0<strong data-start=\"6813\" data-end=\"6857\">Arymi IFun 28000 Z\u00fcge Einweg E Zigarette \n\nse traduce \u00een \n\nArymi IFun 28000 de trac\u021biuni E-\u021bigar\u0103 de unic\u0103 folosin\u021b\u0103<\/strong> este disponibil \u00een Germania \u0219i poate fi comandat simplu prin intermediul site-ului nostru web <a href=\"https:\/\/alfakher24h.de\/ro\/\">alfakher24h.de<\/a>\u00a0pot fi comandate.<\/p>\n<hr data-start=\"6963\" data-end=\"6966\" \/>\n<p data-start=\"6968\" data-end=\"7202\" data-is-last-node=\"\">Cu ajutorul\u00a0<strong data-start=\"6976\" data-end=\"7020\">Arymi IFun 28000 Zug <a href=\"https:\/\/alfakher24h.de\/ro\/\">E-\u021bigaret\u0103 de unic\u0103 folosin\u021b\u0103<\/a><\/strong> Decide\u021bi-v\u0103 pentru o experien\u021b\u0103 de vaporizare de \u00eenalt\u0103 calitate, durabil\u0103 \u0219i pl\u0103cut\u0103. Comanda\u021bi chiar ast\u0103zi pe\/alfakher24h.de \u0219i bucura\u021bi-v\u0103 de viitorul vaporiz\u0103rii!<\/p>","protected":false},"excerpt":{"rendered":"<p>Cu ajutorul\u00a0<strong data-start=\"6976\" data-end=\"7020\">Arymi IFun 28000 Zug <a href=\"https:\/\/alfakher24h.de\/ro\/\">E-\u021bigaret\u0103 de unic\u0103 folosin\u021b\u0103<\/a><\/strong> Decide\u021bi-v\u0103 pentru o experien\u021b\u0103 de vaporizare de \u00eenalt\u0103 calitate, durabil\u0103 \u0219i pl\u0103cut\u0103. Comanda\u021bi chiar ast\u0103zi pe\/alfakher24h.de \u0219i bucura\u021bi-v\u0103 de viitorul vaporiz\u0103rii!<\/p>","protected":false},"featured_media":1767,"comment_status":"open","ping_status":"closed","template":"","meta":{"om_disable_all_campaigns":false},"product_brand":[],"product_cat":[45],"product_tag":[],"class_list":{"0":"post-1766","1":"product","2":"type-product","3":"status-publish","4":"has-post-thumbnail","6":"product_cat-arymi-ifun-28000","8":"first","9":"outofstock","10":"shipping-taxable","11":"purchasable","12":"product-type-simple"},"_links":{"self":[{"href":"https:\/\/alfakher24h.de\/ro\/wp-json\/wp\/v2\/product\/1766","targetHints":{"allow":["GET"]}}],"collection":[{"href":"https:\/\/alfakher24h.de\/ro\/wp-json\/wp\/v2\/product"}],"about":[{"href":"https:\/\/alfakher24h.de\/ro\/wp-json\/wp\/v2\/types\/product"}],"replies":[{"embeddable":true,"href":"https:\/\/alfakher24h.de\/ro\/wp-json\/wp\/v2\/comments?post=1766"}],"wp:featuredmedia":[{"embeddable":true,"href":"https:\/\/alfakher24h.de\/ro\/wp-json\/wp\/v2\/media\/1767"}],"wp:attachment":[{"href":"https:\/\/alfakher24h.de\/ro\/wp-json\/wp\/v2\/media?parent=1766"}],"wp:term":[{"taxonomy":"product_brand","embeddable":true,"href":"https:\/\/alfakher24h.de\/ro\/wp-json\/wp\/v2\/product_brand?post=1766"},{"taxonomy":"product_cat","embeddable":true,"href":"https:\/\/alfakher24h.de\/ro\/wp-json\/wp\/v2\/product_cat?post=1766"},{"taxonomy":"product_tag","embeddable":true,"href":"https:\/\/alfakher24h.de\/ro\/wp-json\/wp\/v2\/product_tag?post=1766"}],"curies":[{"name":"wp","href":"https:\/\/api.w.org\/{rel}","templated":true}]}}