{"id":1764,"date":"2025-03-11T05:50:34","date_gmt":"2025-03-11T05:50:34","guid":{"rendered":"https:\/\/alfakher24h.de\/?post_type=product&#038;p=1764"},"modified":"2025-07-12T13:27:55","modified_gmt":"2025-07-12T13:27:55","slug":"httperror-response-code-429-too-many-requests-28","status":"publish","type":"product","link":"https:\/\/alfakher24h.de\/ro\/produs\/httperror-response-code-429-too-many-requests-28\/","title":{"rendered":"Arymi IFun 28000 Z\u00fcge Einweg E Zigarette \u2013 Lush Ice \u2013 Kiwi Passion Fruit Guava \n\nse traduce como \n\nArymi IFun 28000 de trac\u021biuni E-\u021bigaret\u0103 de unic\u0103 folosin\u021b\u0103 \u2013 Lush Ice \u2013 Kiwi Passion Fruit Guava"},"content":{"rendered":"<h2 data-start=\"0\" data-end=\"121\"><strong data-start=\"0\" data-end=\"121\"><a href=\"https:\/\/alfakher24h.de\/ro\/\">Arymi IFun 28000 Z\u00fcge Einweg E-Zigarette \n\n se traduce \u00een \n\nArymi IFun 28000 puffs \u021bigar\u0103 electronic\u0103 de unic\u0103 folosin\u021b\u0103<\/a>: Alegerea dvs. suprem\u0103 pentru o experien\u021b\u0103 de vaping de neegalat \u00een Germania<\/strong><\/h2>\n<div style=\"width: 848px;\" class=\"wp-video\"><video class=\"wp-video-shortcode\" id=\"video-1764-1\" width=\"848\" height=\"478\" preload=\"metadata\" controls=\"controls\"><source type=\"video\/mp4\" src=\"https:\/\/alfakher24h.de\/wp-content\/uploads\/2025\/03\/VID-20241031-WA0010.mp4?_=1\" \/><a href=\"https:\/\/alfakher24h.de\/wp-content\/uploads\/2025\/03\/VID-20241031-WA0010.mp4\">https:\/\/alfakher24h.de\/wp-content\/uploads\/2025\/03\/VID-20241031-WA0010.mp4<\/a><\/video><\/div>\n<h3 data-start=\"123\" data-end=\"137\"><strong data-start=\"123\" data-end=\"137\">Introducere<\/strong><\/h3>\n<p data-start=\"139\" data-end=\"767\">\u00cen lumea \u021big\u0103rilor electronice de unic\u0103 folosin\u021b\u0103, ofer\u0103\u00a0<strong data-start=\"186\" data-end=\"211\">Arymi IFun 28000 Zug<\/strong>\u00a0O \u021bigar\u0103 electronic\u0103 de unic\u0103 folosin\u021b\u0103 ofer\u0103 o experien\u021b\u0103 de vaporizare excep\u021bional\u0103, care dep\u0103\u0219e\u0219te toate a\u0219tept\u0103rile. Cu un num\u0103r impresionant de p\u00e2n\u0103 la\u00a0<strong data-start=\"345\" data-end=\"361\">28.000 de trenuri<\/strong>\u00a0\u0219i o capacitate de lichid de prim\u0103 clas\u0103 de\u00a0<strong data-start=\"406\" data-end=\"415\">28 ml<\/strong>este aceast\u0103 \u021bigar\u0103 electronic\u0103 de unic\u0103 folosin\u021b\u0103 ideal\u0103 pentru vaperii care caut\u0103 o experien\u021b\u0103 lung\u0103, aromat\u0103 \u0219i satisf\u0103c\u0103toare. Indiferent dac\u0103 sunte\u021bi un vaper experimentat sau un \u00eencep\u0103tor,\u00a0<strong data-start=\"607\" data-end=\"627\">Arymi IFun 28000<\/strong>\u00a0v\u0103 va oferi o experien\u021b\u0103 de vaporizare de neegalat, care nu numai c\u0103 satisface nevoia de nicotin\u0103, ci \u0219i r\u0103sf\u0103\u021b\u0103 papilele gustative.<\/p>\n<p data-start=\"769\" data-end=\"831\"><strong data-start=\"769\" data-end=\"831\">De ce s\u0103 alegi \u021bigara electronic\u0103 de unic\u0103 folosin\u021b\u0103 Arymi IFun 28000 de puffs?<\/strong><\/p>\n<p data-start=\"833\" data-end=\"1299\">Die\u00a0<strong data-start=\"837\" data-end=\"881\">Arymi IFun 28000 de \u021bigarete electronice de unic\u0103 folosin\u021b\u0103<\/strong>\u00a0Ofer\u0103 nu numai un num\u0103r mare de pufuri, ci \u0219i o serie de caracteristici care optimizeaz\u0103 \u00eentregul proces de vaporizare. Ea este alegerea perfect\u0103 pentru to\u021bi cei care sunt \u00een c\u0103utarea unei\u00a0<strong data-start=\"1072\" data-end=\"1087\">practice<\/strong>,\u00a0<strong data-start=\"1089\" data-end=\"1104\">de lung\u0103 durat\u0103<\/strong>\u00a0\u0219i\u00a0<strong data-start=\"1109\" data-end=\"1137\">intensiv \u00een ceea ce prive\u0219te gustul<\/strong> Op\u021biuni. Afla\u021bi aici de ce ar trebui s\u0103 cump\u0103ra\u021bi acest produs de pe alfakher24h.de, cel mai mare magazin online de e-\u021bigarete de unic\u0103 folosin\u021b\u0103 din Germania:<\/p>\n<h3 data-start=\"1301\" data-end=\"1367\"><strong data-start=\"1305\" data-end=\"1367\">Hauptmerkmale der\u00a0<a href=\"https:\/\/alfakher24h.de\/ro\/\">Arymi<\/a> IFun 28000 trenuri\u00a0<a href=\"https:\/\/alfakher24h.de\/ro\/\">E-Zigarette de unic\u0103 folosin\u021b\u0103<\/a><\/strong><\/h3>\n<ul data-start=\"1369\" data-end=\"3175\">\n<li data-start=\"1369\" data-end=\"1690\">\n<p data-start=\"1371\" data-end=\"1690\"><strong data-start=\"1371\" data-end=\"1414\">28.000 de trageri uimitoare Puff<\/strong>Cu un num\u0103r at\u00e2t de mare de pufuri, Arymi IFun este una dintre cele mai durabile \u0219i mai puternice \u021big\u0103ri electronice de unic\u0103 folosin\u021b\u0103 de pe pia\u021b\u0103. Aceste pufuri sunt suficiente pentru o perioad\u0103 lung\u0103 de timp \u0219i v\u0103 ofer\u0103 o experien\u021b\u0103 de vaporizare satisf\u0103c\u0103toare \u00een permanen\u021b\u0103, ideal\u0103 pentru utilizarea zilnic\u0103.<\/p>\n<\/li>\n<li data-start=\"1694\" data-end=\"1889\">\n<p data-start=\"1696\" data-end=\"1889\"><strong data-start=\"1696\" data-end=\"1731\">Capacitate mare de lichid de 28 ml<\/strong>: Die\u00a0<strong data-start=\"1737\" data-end=\"1765\">28 ml capacitate E-Liquid<\/strong>\u00a0Asigur\u0103 c\u0103 nu trebuie s\u0103 re\u00eenc\u0103rca\u021bi constant. Ideal pentru vape-urile care prefer\u0103 sesiuni lungi f\u0103r\u0103 pauze.<\/p>\n<\/li>\n<li data-start=\"1891\" data-end=\"2169\">\n<p data-start=\"1893\" data-end=\"2169\"><strong data-start=\"1893\" data-end=\"1914\">2 % nicotin\u0103<\/strong>: Der\u00a0<strong data-start=\"1920\" data-end=\"1945\">2 % nicotin\u0103<\/strong>\u00a0asigur\u0103 echilibrul perfect pentru a satisface nevoia de nicotin\u0103 f\u0103r\u0103 a afecta gustul.\u00a0<strong data-start=\"2057\" data-end=\"2068\">Nikotin\u0103<\/strong>Afluxul este intens, dar pl\u0103cut, astfel \u00eenc\u00e2t pute\u021bi savura pe deplin fiecare inhalare.<\/p>\n<\/li>\n<li data-start=\"2171\" data-end=\"2420\">\n<p data-start=\"2173\" data-end=\"2420\"><strong data-start=\"2173\" data-end=\"2208\">Baterie puternic\u0103 cu 600 mAh<\/strong>: Die\u00a0<strong data-start=\"2214\" data-end=\"2246\">600 mAh Baterie Pur\u0103 de Cobalt<\/strong>\u00a0asigur\u0103 o performan\u021b\u0103 stabil\u0103 \u0219i de lung\u0103 durat\u0103. Cu posibilitatea de\u00a0<strong data-start=\"2323\" data-end=\"2346\">Proces de \u00eenc\u0103rcare de tip C<\/strong>\u00a0Pute\u021bi asigura c\u0103 e-\u021bigara dvs. este \u00eentotdeauna gata de func\u021bionare.<\/p>\n<\/li>\n<li data-start=\"2422\" data-end=\"2608\">\n<p data-start=\"2424\" data-end=\"2608\"><strong data-start=\"2424\" data-end=\"2445\">Premium Mesh Coil<\/strong>: Der\u00a0<strong data-start=\"2451\" data-end=\"2475\">1.0 \u03a9 Dual Mesh Coil<\/strong>\u00a0Ofer\u0103 o produc\u021bie excelent\u0103 de vapori \u0219i intensific\u0103 gustul lichidului electronic, pentru a v\u0103 oferi o experien\u021b\u0103 de vaporizare luxurioas\u0103.<\/p>\n<\/li>\n<li data-start=\"2610\" data-end=\"2789\">\n<p data-start=\"2612\" data-end=\"2789\"><strong data-start=\"2612\" data-end=\"2636\">Debit de aer reglabil<\/strong>: Ajustabil\u0103\u00a0<strong data-start=\"2655\" data-end=\"2666\">Airflow<\/strong>-Funktion erm\u00f6glicht es Ihnen, den Zugwiderstand nach Ihren W\u00fcnschen anzupassen, um Ihre Dampferfahrung zu personalisieren.\n\n Func\u021bia v\u0103 permite s\u0103 regla\u021bi rezisten\u021ba tragerii \u00een func\u021bie de dorin\u021bele dvs., pentru a v\u0103 personaliza experien\u021ba de vaporizare.<\/p>\n<\/li>\n<li data-start=\"2791\" data-end=\"3029\">\n<p data-start=\"2793\" data-end=\"3029\"><strong data-start=\"2793\" data-end=\"2845\">Indicatori practici pentru baterie \u0219i e-lichid<\/strong>Cu cele practice\u00a0<strong data-start=\"2867\" data-end=\"2905\">Indicatori de baterie \u0219i de lichid electronic<\/strong>\u00a0P\u0103stra\u021bi \u00eentotdeauna o eviden\u021b\u0103 a st\u0103rii dispozitivului dvs. de e-\u021bigar\u0103 de unic\u0103 folosin\u021b\u0103 \u0219i \u0219ti\u021bi exact c\u00e2nd este timpul s\u0103 re\u00eenc\u0103rca\u021bi.<\/p>\n<\/li>\n<li data-start=\"3031\" data-end=\"3175\">\n<p data-start=\"3033\" data-end=\"3175\"><strong data-start=\"3033\" data-end=\"3057\">10 buc\u0103\u021bi per ambalaj<\/strong>: Die\u00a0<strong data-start=\"3063\" data-end=\"3083\">Arymi IFun 28000<\/strong>\u00a0este livrat \u00eentr-un pachet practic de 10 buc\u0103\u021bi, astfel \u00eenc\u00e2t sunte\u021bi \u00eentotdeauna preg\u0103tit.<\/p>\n<\/li>\n<\/ul>\n<h3 data-start=\"3177\" data-end=\"3221\"><strong data-start=\"3177\" data-end=\"3220\">Specifica\u021bii tehnice \u00een general<\/strong>:<\/h3>\n<ul data-start=\"3223\" data-end=\"3577\">\n<li data-start=\"3223\" data-end=\"3254\"><strong data-start=\"3225\" data-end=\"3234\">Puffs<\/strong>: P\u00e2n\u0103 la 28.000 de trenuri<\/li>\n<li data-start=\"3255\" data-end=\"3286\"><strong data-start=\"3257\" data-end=\"3279\">Capacitatea E-Liquid<\/strong>: 28 ml<\/li>\n<li data-start=\"3287\" data-end=\"3305\"><strong data-start=\"3289\" data-end=\"3300\">Nikotin\u0103<\/strong>: 2 %<\/li>\n<li data-start=\"3306\" data-end=\"3341\"><strong data-start=\"3308\" data-end=\"3320\">Baterie<\/strong>: 600 mAh Pur Cobalt<\/li>\n<li data-start=\"3342\" data-end=\"3379\"><strong data-start=\"3344\" data-end=\"3357\">Mesh Coil<\/strong>: 1.0 \u03a9 Dual Mesh Coil<\/li>\n<li data-start=\"3380\" data-end=\"3406\"><strong data-start=\"3382\" data-end=\"3406\">Debit de aer reglabil<\/strong><\/li>\n<li data-start=\"3407\" data-end=\"3447\"><strong data-start=\"3409\" data-end=\"3447\">Indicatori de baterie \u0219i de lichid electronic<\/strong><\/li>\n<li data-start=\"3448\" data-end=\"3491\"><strong data-start=\"3450\" data-end=\"3469\">Unitate de ambalare<\/strong>: 10 buc\u0103\u021bi per ambalaj<\/li>\n<li data-start=\"3492\" data-end=\"3530\"><strong data-start=\"3494\" data-end=\"3513\">Greutate ambalaj<\/strong>: 120 g per buc\u0103\u021b\u0103<\/li>\n<li data-start=\"3531\" data-end=\"3577\"><strong data-start=\"3533\" data-end=\"3555\">Unitate de ambalare<\/strong>200 de buc\u0103\u021bi pe cutie<\/li>\n<\/ul>\n<h3 data-start=\"3579\" data-end=\"3625\"><strong data-start=\"3579\" data-end=\"3625\">Cele mai bune arome pentru experien\u021ba dvs. de vaporizare:<\/strong><\/h3>\n<p data-start=\"3627\" data-end=\"4042\">Die\u00a0<strong data-start=\"3631\" data-end=\"3675\">Arymi IFun 28000 de \u021bigarete electronice de unic\u0103 folosin\u021b\u0103<\/strong>\u00a0Ofer\u0103 o selec\u021bie impresionant\u0103 de\u00a0<strong data-start=\"3714\" data-end=\"3724\">Aromele<\/strong>, pentru a v\u0103 ridica experien\u021ba de vaporizare la nivelul urm\u0103tor. Unul dintre cele mai remarcabile arome este aceea\u00a0<strong data-start=\"3823\" data-end=\"3835\">Lush Ice<\/strong>o amestec r\u0103coritor de kiwi, fructul pasiunii \u0219i guav\u0103. L\u0103sa\u021bi-v\u0103 vr\u0103ji\u021bi de aceast\u0103 combina\u021bie unic\u0103 de arome, care ofer\u0103 un echilibru perfect \u00eentre prospe\u021bime \u0219i fructozitate.<\/p>\n<h2 data-start=\"0\" data-end=\"107\"><img loading=\"lazy\" decoding=\"async\" class=\"alignnone wp-image-2299 size-full\" title=\"Arymi IFun 28000 Z\u00fcge Einweg E Zigarette - Lush Ice - Kiwi Passion Fruit Guava 2 becomes Arymi IFun 28000 de \u021bigarete electronice de unic\u0103 folosin\u021b\u0103 - Lush Ice - Kiwi Passion Fruit Guava 2\" src=\"https:\/\/alfakher24h.de\/wp-content\/uploads\/2025\/03\/arymi-hookalit-2.webp\" sizes=\"auto, (max-width: 1077px) 100vw, 1077px\" srcset=\"https:\/\/alfakher24h.de\/wp-content\/uploads\/2025\/03\/arymi-hookalit-2.webp 1077w, https:\/\/alfakher24h.de\/wp-content\/uploads\/2025\/03\/arymi-hookalit-2-300x284.webp 300w, https:\/\/alfakher24h.de\/wp-content\/uploads\/2025\/03\/arymi-hookalit-2-1024x970.webp 1024w, https:\/\/alfakher24h.de\/wp-content\/uploads\/2025\/03\/arymi-hookalit-2-768x727.webp 768w, https:\/\/alfakher24h.de\/wp-content\/uploads\/2025\/03\/arymi-hookalit-2-13x12.webp 13w, https:\/\/alfakher24h.de\/wp-content\/uploads\/2025\/03\/arymi-hookalit-2-600x568.webp 600w\" alt=\"Arymi IFun 28000 Z\u00fcge Einweg E Zigarette - Lush Ice - Kiwi Passion Fruit Guava se traduce \u00een Arymi IFun 28000 puffs e-\u021bigar\u0103 de unic\u0103 folosin\u021b\u0103 - Lush Ice - Kiwi Passion Fruit Guava\" width=\"1077\" height=\"1020\" \/><\/h2>\n<h3><strong data-start=\"4048\" data-end=\"4093\">Lush Ice \u2013 Kiwi, Passionsfrucht \u0219i Guava<\/strong><\/h3>\n<ul data-start=\"4095\" data-end=\"4793\">\n<li data-start=\"4095\" data-end=\"4313\">\n<p data-start=\"4097\" data-end=\"4313\"><strong data-start=\"4097\" data-end=\"4105\">Kiwi<\/strong>Kiwi-ul aduce o dulcea\u021b\u0103 u\u0219oar\u0103, dar r\u0103coritoare, care asigur\u0103 o experien\u021b\u0103 gustativ\u0103 revigorant\u0103 \u0219i \u00een acela\u0219i timp fructuoas\u0103. Este contrapartida perfect\u0103 a celorlalte arome din amestec.<\/p>\n<\/li>\n<li data-start=\"4317\" data-end=\"4516\">\n<p data-start=\"4319\" data-end=\"4516\"><strong data-start=\"4319\" data-end=\"4337\">Passionfruit<\/strong>Passiunea adaug\u0103 amestecului un gust tropical, dulce \u0219i totu\u0219i u\u0219or acru. Nota sa exotic\u0103 \u0219i aromat\u0103 face amestecul o adev\u0103rat\u0103 pl\u0103cere.<\/p>\n<\/li>\n<li data-start=\"4518\" data-end=\"4793\">\n<p data-start=\"4520\" data-end=\"4793\"><strong data-start=\"4520\" data-end=\"4529\">Guav\u0103<\/strong>: Guava completeaz\u0103 aroma, fiind suplimentat\u0103 cu o dulcea\u021b\u0103 intens\u0103, dar bl\u00e2nd\u0103 \u0219i o not\u0103 de prospe\u021bime tropical\u0103. Aceast\u0103 combina\u021bie face ca\u00a0<strong data-start=\"4692\" data-end=\"4704\">Lush Ice<\/strong>-Aroma este unul dintre cele mai populare \u0219i mai v\u00e2ndute arome pentru\u00a0<strong data-start=\"4772\" data-end=\"4792\">Arymi IFun 28000<\/strong>.<\/p>\n<\/li>\n<\/ul>\n<p data-start=\"4795\" data-end=\"5030\">Pentru to\u021bi vaporii care caut\u0103 o experien\u021b\u0103 r\u0103coritoare \u0219i tropical\u0103, este\u00a0<strong data-start=\"4879\" data-end=\"4891\">Lush Ice<\/strong>-Aroma alegerea ideal\u0103. Bucura\u021bi-v\u0103 de amestecul perfect de arome dulci, proaspete \u0219i fructate, care fac fiecare puf s\u0103 fie o pl\u0103cere.<\/p>\n<h3 data-start=\"5032\" data-end=\"5106\"><strong data-start=\"5032\" data-end=\"5106\">De ce ar trebui s\u0103 cump\u0103ra\u021bi \u021bigara electronic\u0103 de unic\u0103 folosin\u021b\u0103 Arymi IFun 28000 puffs?<\/strong><\/h3>\n<ul data-start=\"5108\" data-end=\"6076\">\n<li data-start=\"5108\" data-end=\"5259\">\n<p data-start=\"5110\" data-end=\"5259\"><strong data-start=\"5110\" data-end=\"5127\">Durabilitate<\/strong>: Cu p\u00e2n\u0103 la 28.000 de trenuri este\u00a0<strong data-start=\"5161\" data-end=\"5181\">Arymi IFun 28000<\/strong>\u00a0Unul dintre cele mai durabile \u0219i de \u00eencredere \u021big\u0103ri electronice de unic\u0103 folosin\u021b\u0103 de pe pia\u021b\u0103.<\/p>\n<\/li>\n<li data-start=\"5263\" data-end=\"5483\">\n<p data-start=\"5265\" data-end=\"5483\"><strong data-start=\"5265\" data-end=\"5283\">Versatilitate<\/strong>: Die\u00a0<strong data-start=\"5289\" data-end=\"5313\">Debitul de aer reglabil<\/strong>Func\u021bie \u0219i marea varietate de arome fac ca\u00a0<strong data-start=\"5366\" data-end=\"5386\">Arymi IFun 28000<\/strong>\u00a0alegerea ideal\u0103 pentru fiecare vaporizator, care acord\u0103 valoare unei experien\u021be de vaporizare individualizate.<\/p>\n<\/li>\n<li data-start=\"5485\" data-end=\"5687\">\n<p data-start=\"5487\" data-end=\"5687\"><strong data-start=\"5487\" data-end=\"5505\">Comoditate<\/strong>Datorit\u0103\u00a0<strong data-start=\"5516\" data-end=\"5535\">dimensiuni compacte<\/strong>\u00a0\u0219i cel\u00a0<strong data-start=\"5544\" data-end=\"5579\">manipulare prietenoas\u0103 cu utilizatorul<\/strong>\u00a0Pute\u021bi s\u0103 le\u00a0<strong data-start=\"5595\" data-end=\"5615\">Arymi IFun 28000<\/strong>\u00a0Peste tot \u0219i bucura\u021bi-v\u0103 oric\u00e2nd de o experien\u021b\u0103 de vaporizare convenabil\u0103.<\/p>\n<\/li>\n<li data-start=\"5689\" data-end=\"5920\">\n<p data-start=\"5691\" data-end=\"5920\"><strong data-start=\"5691\" data-end=\"5719\">Tehnologie de prim\u0103 clas\u0103<\/strong>: Cu ajutorul\u00a0<strong data-start=\"5729\" data-end=\"5750\">Premium Mesh Coil<\/strong>der\u00a0<strong data-start=\"5756\" data-end=\"5785\">baterie puternic\u0103<\/strong>\u00a0\u0219i cel\u00a0<strong data-start=\"5794\" data-end=\"5823\">prelucrare de \u00eenalt\u0103 calitate<\/strong>\u00a0Pute\u021bi fi siguri c\u0103 ve\u021bi avea parte de un produs durabil \u0219i de \u00eencredere.<\/p>\n<\/li>\n<li data-start=\"5922\" data-end=\"6076\">\n<p data-start=\"5924\" data-end=\"6076\"><strong data-start=\"5924\" data-end=\"5947\">Arome r\u0103coritoare<\/strong>: Acesta\u00a0<strong data-start=\"5953\" data-end=\"5965\">Lush Ice<\/strong>-Aroma \u0219i multe alte arome v\u0103 ofer\u0103 o selec\u021bie versatil\u0103 care v\u0103 va \u00eembog\u0103\u021bi experien\u021ba de vaporizare.<\/p>\n<\/li>\n<\/ul>\n<h3 data-start=\"6078\" data-end=\"6131\"><strong data-start=\"6078\" data-end=\"6131\">\u00centreb\u0103ri frecvente despre \u021bigara electronic\u0103 de unic\u0103 folosin\u021b\u0103 Arymi IFun 28000 de trag\u0103ri<\/strong><\/h3>\n<ul data-start=\"6133\" data-end=\"7093\">\n<li data-start=\"6133\" data-end=\"6326\">\n<p data-start=\"6135\" data-end=\"6326\"><strong data-start=\"6135\" data-end=\"6192\">C\u00e2t de mult dureaz\u0103 \u021bigara electronic\u0103 Arymi IFun 28000 de pufuri?<\/strong>\u00a0Die\u00a0<strong data-start=\"6199\" data-end=\"6219\">Arymi IFun 28000<\/strong>\u00a0ofer\u0103 p\u00e2n\u0103 la\u00a0<strong data-start=\"6234\" data-end=\"6249\">28.000 de trenuri<\/strong>, ceea ce o face una dintre cele mai durabile \u021big\u0103ri electronice de unic\u0103 folosin\u021b\u0103 de pe pia\u021b\u0103.<\/p>\n<\/li>\n<li data-start=\"6328\" data-end=\"6500\">\n<p data-start=\"6330\" data-end=\"6500\"><strong data-start=\"6330\" data-end=\"6373\">Pot \u00eenc\u0103rca Arymi IFun 28000<\/strong>\u00a0Da, cele\u00a0<strong data-start=\"6384\" data-end=\"6404\">Arymi IFun 28000<\/strong>\u00a0este cu unul\u00a0<strong data-start=\"6419\" data-end=\"6442\">600 mAh acumulator cobalt<\/strong>\u00a0dotat, care dep\u0103\u0219e\u0219te\u00a0<strong data-start=\"6466\" data-end=\"6476\">Type-C<\/strong>\u00a0poate fi \u00eenc\u0103rcat.<\/p>\n<\/li>\n<li data-start=\"6502\" data-end=\"6687\">\n<p data-start=\"6504\" data-end=\"6687\"><strong data-start=\"6504\" data-end=\"6568\">Ce procent de nicotin\u0103 con\u021bine Arymi IFun 28000?<\/strong>\u00a0Die\u00a0<strong data-start=\"6575\" data-end=\"6595\">Arymi IFun 28000<\/strong>\u00a0con\u021bine\u00a0<strong data-start=\"6604\" data-end=\"6619\">2 % nicotin\u0103<\/strong>care ofer\u0103 o experien\u021b\u0103 pl\u0103cut\u0103 \u0219i satisf\u0103c\u0103toare pentru vapori.<\/p>\n<\/li>\n<li data-start=\"6689\" data-end=\"6879\">\n<p data-start=\"6691\" data-end=\"6879\"><strong data-start=\"6691\" data-end=\"6724\">Ce arome sunt disponibile?<\/strong>\u00a0Die\u00a0<strong data-start=\"6731\" data-end=\"6751\">Arymi IFun 28000<\/strong>\u00a0ofer\u0103 diferite arome, inclusiv popularul\u00a0<strong data-start=\"6802\" data-end=\"6814\">Lush Ice<\/strong>o combina\u021bie de kiwi, fructul pasiunii \u0219i guav\u0103.<\/p>\n<\/li>\n<li data-start=\"6881\" data-end=\"7093\">\n<p data-start=\"6883\" data-end=\"7093\"><strong data-start=\"6883\" data-end=\"6924\">Cum cur\u0103\u021b Arymi IFun 28000?<\/strong>\u00a0Fiind vorba despre o\u00a0<strong data-start=\"6946\" data-end=\"6968\">E-Zigarette de unic\u0103 folosin\u021b\u0103<\/strong>\u00a0este necesar\u0103 nicio cur\u0103\u021bare. Dup\u0103 consumul complet al lichidului, pute\u021bi pur \u0219i simplu s\u0103 arunca\u021bi dispozitivul.<\/p>\n<\/li>\n<\/ul>\n<p data-start=\"7095\" data-end=\"7105\"><strong data-start=\"7095\" data-end=\"7105\">Concluzie:<\/strong><\/p>\n<p data-start=\"7107\" data-end=\"7617\">Die\u00a0<strong data-start=\"7111\" data-end=\"7155\">Arymi IFun 28000 de \u021bigarete electronice de unic\u0103 folosin\u021b\u0103<\/strong>\u00a0Ofer\u0103 o performan\u021b\u0103 excep\u021bional\u0103, o capacitate mare \u0219i o varietate de arome care vor fermeca gustul vaperilor din Germania. Dac\u0103 sunte\u021bi \u00een c\u0103utarea unei\u00a0<strong data-start=\"7339\" data-end=\"7356\">de lung\u0103 durat\u0103<\/strong>\u00a0\u0219i\u00a0<strong data-start=\"7361\" data-end=\"7381\">puternice<\/strong>\u00a0Op\u021biunea este, aceast\u0103 \u021bigar\u0103 electronic\u0103 de unic\u0103 folosin\u021b\u0103 este alegerea perfect\u0103. Cump\u0103ra\u021bi a dvs.\u00a0<strong data-start=\"7459\" data-end=\"7503\">Arymi IFun 28000 de \u021bigarete electronice de unic\u0103 folosin\u021b\u0103<\/strong>\u00a0Ast\u0103zi exclusiv pe <a href=\"https:\/\/alfakher24h.de\/ro\/\">alfakher24h.de<\/a>celor mai mari\u00a0<strong data-start=\"7556\" data-end=\"7576\">Platform\u0103 online<\/strong>\u00a0pentru\u00a0<strong data-start=\"7581\" data-end=\"7616\">Vape de unic\u0103 folosin\u021b\u0103 \u00een Germania<\/strong>.<\/p>","protected":false},"excerpt":{"rendered":"<p><strong data-start=\"7111\" data-end=\"7155\">Arymi IFun 28000 de \u021bigarete electronice de unic\u0103 folosin\u021b\u0103<\/strong>\u00a0Ofer\u0103 o performan\u021b\u0103 excep\u021bional\u0103, o capacitate mare \u0219i o varietate de arome care vor fermeca gustul vaperilor din Germania<\/p>","protected":false},"featured_media":1765,"comment_status":"open","ping_status":"closed","template":"","meta":{"om_disable_all_campaigns":false},"product_brand":[],"product_cat":[45],"product_tag":[],"class_list":{"0":"post-1764","1":"product","2":"type-product","3":"status-publish","4":"has-post-thumbnail","6":"product_cat-arymi-ifun-28000","8":"first","9":"outofstock","10":"shipping-taxable","11":"purchasable","12":"product-type-simple"},"_links":{"self":[{"href":"https:\/\/alfakher24h.de\/ro\/wp-json\/wp\/v2\/product\/1764","targetHints":{"allow":["GET"]}}],"collection":[{"href":"https:\/\/alfakher24h.de\/ro\/wp-json\/wp\/v2\/product"}],"about":[{"href":"https:\/\/alfakher24h.de\/ro\/wp-json\/wp\/v2\/types\/product"}],"replies":[{"embeddable":true,"href":"https:\/\/alfakher24h.de\/ro\/wp-json\/wp\/v2\/comments?post=1764"}],"wp:featuredmedia":[{"embeddable":true,"href":"https:\/\/alfakher24h.de\/ro\/wp-json\/wp\/v2\/media\/1765"}],"wp:attachment":[{"href":"https:\/\/alfakher24h.de\/ro\/wp-json\/wp\/v2\/media?parent=1764"}],"wp:term":[{"taxonomy":"product_brand","embeddable":true,"href":"https:\/\/alfakher24h.de\/ro\/wp-json\/wp\/v2\/product_brand?post=1764"},{"taxonomy":"product_cat","embeddable":true,"href":"https:\/\/alfakher24h.de\/ro\/wp-json\/wp\/v2\/product_cat?post=1764"},{"taxonomy":"product_tag","embeddable":true,"href":"https:\/\/alfakher24h.de\/ro\/wp-json\/wp\/v2\/product_tag?post=1764"}],"curies":[{"name":"wp","href":"https:\/\/api.w.org\/{rel}","templated":true}]}}