{"id":1762,"date":"2025-03-11T05:43:45","date_gmt":"2025-03-11T05:43:45","guid":{"rendered":"https:\/\/alfakher24h.de\/?post_type=product&#038;p=1762"},"modified":"2025-07-12T13:27:56","modified_gmt":"2025-07-12T13:27:56","slug":"httperror-response-code-429-too-many-requests-22","status":"publish","type":"product","link":"https:\/\/alfakher24h.de\/ro\/produs\/httperror-response-code-429-too-many-requests-22\/","title":{"rendered":"Arymi IFun 28000 Z\u00fcge Einweg E Zigarette \u2013 Blueberry Raspberry \u2013 Mojito \n\nse traduce como \n\nArymi IFun 28000 puffs E-\u021bigar\u0103 de unic\u0103 folosin\u021b\u0103 \u2013 Blueberry Raspberry \u2013 Mojito"},"content":{"rendered":"<h2 data-start=\"0\" data-end=\"92\"><strong data-start=\"0\" data-end=\"92\"><a href=\"https:\/\/alfakher24h.de\/ro\/\">Arymi IFun 28000 Z\u00fcge Einweg E-Zigarette \n\n se traduce \u00een \n\nArymi IFun 28000 puffs \u021bigar\u0103 electronic\u0103 de unic\u0103 folosin\u021b\u0103<\/a> - Experien\u021ba suprem\u0103 de vaporizare din Germania<\/strong><\/h2>\n<div style=\"width: 848px;\" class=\"wp-video\"><video class=\"wp-video-shortcode\" id=\"video-1762-1\" width=\"848\" height=\"478\" preload=\"metadata\" controls=\"controls\"><source type=\"video\/mp4\" src=\"https:\/\/alfakher24h.de\/wp-content\/uploads\/2025\/03\/VID-20241031-WA0010.mp4?_=1\" \/><a href=\"https:\/\/alfakher24h.de\/wp-content\/uploads\/2025\/03\/VID-20241031-WA0010.mp4\">https:\/\/alfakher24h.de\/wp-content\/uploads\/2025\/03\/VID-20241031-WA0010.mp4<\/a><\/video><\/div>\n<p data-start=\"94\" data-end=\"675\">Die\u00a0<strong data-start=\"98\" data-end=\"142\">Arymi IFun 28000 Zug <a href=\"https:\/\/alfakher24h.de\/ro\/\">E-Zigarette de unic\u0103 folosin\u021b\u0103<\/a><\/strong>\u00a0este una dintre cele mai recente inova\u021bii pe pia\u021b\u0103 \u0219i ofer\u0103 o experien\u021b\u0103 de vaporizare excep\u021bional\u0103, care dep\u0103\u0219e\u0219te toate a\u0219tept\u0103rile. Cu un num\u0103r impresionant de\u00a0<strong data-start=\"315\" data-end=\"331\">28.000 de trenuri<\/strong> \u0219i o varietate de func\u021bii de \u00eenalt\u0103 calitate, acest dispozitiv ofer\u0103 o performan\u021b\u0103 f\u0103r\u0103 precedent care v\u0103 va entuziasma. \u00cen acest articol, ve\u021bi afla totul ceea ce trebuie s\u0103 \u0219ti\u021bi despre acest produs remarcabil \u0219i de ce merit\u0103 s\u0103 \u00eel cump\u0103ra\u021bi de pe alfakher24h.de, cel mai mare magazin online de e-\u021bigarete de unic\u0103 folosin\u021b\u0103 din Germania.<\/p>\n<hr data-start=\"677\" data-end=\"680\" \/>\n<h3 data-start=\"682\" data-end=\"763\">Descriere detaliat\u0103 a produsului Arymi IFun 28000 de trageri  \u021bigar\u0103 electronic\u0103 de unic\u0103 folosin\u021b\u0103<\/h3>\n<p data-start=\"765\" data-end=\"1293\">Die\u00a0<strong data-start=\"769\" data-end=\"813\">Arymi IFun 28000 de \u021bigarete electronice de unic\u0103 folosin\u021b\u0103<\/strong>\u00a0a fost dezvoltat special pentru vapori preten\u021bio\u0219i care caut\u0103 o experien\u021b\u0103 durabil\u0103, puternic\u0103 \u0219i aromat\u0103. Cu o\u00a0<strong data-start=\"951\" data-end=\"983\">Capacitate E-Liquid de 28 ml<\/strong>\u00a0\u0219i unul\u00a0<strong data-start=\"994\" data-end=\"1019\">Cont\u021binut de nicotin\u0103 de 2 1\/3%<\/strong>\u00a0Acest dispozitiv ofer\u0103 nu numai o durat\u0103 lung\u0103 de utilizare, ci \u0219i o experien\u021b\u0103 de vaporizare pl\u0103cut\u0103 \u0219i care con\u021bine nicotin\u0103. Este \u00eenso\u021bitorul ideal pentru to\u021bi cei care doresc un dispozitiv de \u00eenalt\u0103 calitate, u\u0219or de utilizat, care se potrive\u0219te perfect pentru utilizarea zilnic\u0103.<\/p>\n<p data-start=\"1295\" data-end=\"1773\">Datorit\u0103\u00a0<strong data-start=\"1304\" data-end=\"1329\">1,0 \u03a9 Bobine Dual Mesh<\/strong>\u00a0\u0219i cel\u00a0<strong data-start=\"1338\" data-end=\"1373\">func\u021bie de debit de aer reglabil\u0103<\/strong>\u00a0pute\u021bi ajusta tr\u0103s\u0103turile dup\u0103 bunul vostru plac \u0219i ob\u021bine experien\u021ba de vaporizare dorit\u0103. The\u00a0<strong data-start=\"1467\" data-end=\"1492\">Tehnologie Mesh Coil<\/strong>\u00a0asigur\u0103 o aburire intens\u0103 \u0219i uniform\u0103, care dezvolt\u0103 aromele \u00een toat\u0103 splendoarea lor. Fie c\u0103 sunte\u021bi un vaper experimentat sau abia \u00eencepe\u021bi,\u00a0<strong data-start=\"1658\" data-end=\"1702\">Arymi IFun 28000 de \u021bigarete electronice de unic\u0103 folosin\u021b\u0103<\/strong>\u00a0v\u0103 ofer\u0103 tot ce ave\u021bi nevoie pentru o experien\u021b\u0103 remarcabil\u0103.<\/p>\n<hr data-start=\"1775\" data-end=\"1778\" \/>\n<h3 data-start=\"1780\" data-end=\"1841\">Caracteristici cheie ale Arymi IFun 28000 de trageri\u00a0<a href=\"https:\/\/alfakher24h.de\/ro\/\">E-Zigarette de unic\u0103 folosin\u021b\u0103<\/a><\/h3>\n<ul data-start=\"1843\" data-end=\"3054\">\n<li data-start=\"1843\" data-end=\"1979\"><strong data-start=\"1845\" data-end=\"1884\">Impresionant\u0103 num\u0103r de pufuri (28.000 de trageri)<\/strong>: Cu p\u00e2n\u0103 la 28.000 de trageri, ave\u021bi suficient\u0103 rezerv\u0103 pentru s\u0103pt\u0103m\u00e2ni sau chiar luni, \u00een func\u021bie de utilizare.<\/li>\n<li data-start=\"1980\" data-end=\"2207\"><strong data-start=\"1982\" data-end=\"2036\">Baterie re\u00eenc\u0103rcabil\u0103 cu priz\u0103 de \u00eenc\u0103rcare Type-C<\/strong>: Bucura\u021bi-v\u0103 de o performan\u021b\u0103 constant\u0103 datorit\u0103 func\u021biei de re\u00eenc\u0103rcare\u00a0<strong data-start=\"2102\" data-end=\"2129\">600 mAh baterie cu cobalt<\/strong>. Der \nbecomes \n. Der -&gt; . (No change needed for single word, but Romanian equivalent could be \" punct\") \nHowever \n Der -&gt; Un articol determinativ in limba germana \n In Romanian \n articolul \nTranslation \n Der -&gt;Articolul \n But Romanian \n Der = Articolul \n So \n Der\u00a0<strong data-start=\"2135\" data-end=\"2159\">Tip-C priz\u0103 de \u00eenc\u0103rcare<\/strong>\u00a0Asigur\u0103 o \u00eenc\u0103rcare rapid\u0103 \u0219i u\u0219oar\u0103.<\/li>\n<li data-start=\"2208\" data-end=\"2333\"><strong data-start=\"2210\" data-end=\"2238\">30 ml capacitate de e-lichid<\/strong>: Cu o capacitate de 28 ml de lichid electronic, ob\u021bine\u021bi o cantitate generoas\u0103 pentru vaporizare ne\u00eentrerupt\u0103.<\/li>\n<li data-start=\"2334\" data-end=\"2494\"><strong data-start=\"2336\" data-end=\"2382\">Bobin\u0103 Mesh Premium pentru un gust intens<\/strong>: Der\u00a0<strong data-start=\"2388\" data-end=\"2406\">Dual Mesh Coil<\/strong>\u00a0Asigur\u0103 o aburire uniform\u0103 \u0219i intens\u0103 \u0219i accentueaz\u0103 aroma fiec\u0103rui puf.<\/li>\n<li data-start=\"2495\" data-end=\"2670\"><strong data-start=\"2497\" data-end=\"2524\">Debit de aer reglabil<\/strong>: Cu ajutorul\u00a0<strong data-start=\"2534\" data-end=\"2570\">controlul debitului de aer reglabil<\/strong>\u00a0Pute\u021bi regla aportul de aer \u00een func\u021bie de gusturile dvs. pentru a ob\u021bine experien\u021ba perfect\u0103 de vaporizare.<\/li>\n<li data-start=\"2671\" data-end=\"2852\"><strong data-start=\"2673\" data-end=\"2709\">Indicator baterie \u0219i lichid electronic<\/strong>Un ghid practic\u00a0<strong data-start=\"2727\" data-end=\"2763\">Indicator baterie \u0219i lichid electronic<\/strong>\u00a0v\u0103 \u021bine \u00eentotdeauna la curent, astfel \u00eenc\u00e2t s\u0103 nu r\u0103m\u00e2ne\u021bi niciodat\u0103 cu bateria desc\u0103rcat\u0103 sau f\u0103r\u0103 lichid electronic.<\/li>\n<li data-start=\"2853\" data-end=\"3054\"><strong data-start=\"2855\" data-end=\"2873\">Dimensiuni compacte<\/strong>: \u00cen ciuda capacit\u0103\u021bii mari \u0219i a numeroaselor func\u021bii, IFun 28000 este surprinz\u0103tor de compact \u0219i u\u0219or. Pute\u021bi transporta dispozitivul confortabil \u00een buzunar \u0219i \u00eel pute\u021bi folosi oric\u00e2nd.<\/li>\n<\/ul>\n<hr data-start=\"3056\" data-end=\"3059\" \/>\n<h3 data-start=\"3061\" data-end=\"3128\">Experien\u021b\u0103 de gust a \u021big\u0103rii electronice de unic\u0103 folosin\u021b\u0103 Arymi IFun 28000 puffs<\/h3>\n<p data-start=\"3130\" data-end=\"3476\">Die\u00a0<strong data-start=\"3134\" data-end=\"3178\">Arymi IFun 28000 de \u021bigarete electronice de unic\u0103 folosin\u021b\u0103<\/strong>\u00a0O varietate de arome delicioase care \u00eenc\u00e2nt\u0103 sim\u021burile \u0219i transform\u0103 fiecare experien\u021b\u0103 de vaporizare \u00eentr-una special\u0103. De remarcat \u00een mod deosebit sunt aromele unice \u0219i populare\u00a0<strong data-start=\"3359\" data-end=\"3382\">Blueberry Raspberry \n\nbecorrector:Mure \u0219i Zmeur\u0103<\/strong>\u0219i\u00a0<strong data-start=\"3388\" data-end=\"3398\">Mojito<\/strong>Aromele. Aici afla\u021bi ce face aceste arome at\u00e2t de speciale:<\/p>\n<h4 data-start=\"3478\" data-end=\"3507\"><strong data-start=\"3483\" data-end=\"3506\">Blueberry Raspberry \n\nbecorrector:Mure \u0219i Zmeur\u0103<\/strong>:<\/h4>\n<p data-start=\"3508\" data-end=\"4027\">Acest gust este o adev\u0103rat\u0103 explozie de gust.\u00a0<strong data-start=\"3565\" data-end=\"3607\">Gustul proasp\u0103t al afinelor dulci<\/strong>\u00a0se potrive\u0219te cu nota r\u0103coritoare a\u00a0<strong data-start=\"3645\" data-end=\"3658\">Zmeur\u0103<\/strong>ceea ce duce la o experien\u021b\u0103 de vaporizare fructat\u0103, dar nu prea dulce.\u00a0<strong data-start=\"3732\" data-end=\"3746\">Afine<\/strong>\u00a0asigur\u0103 o dulcea\u021b\u0103 u\u0219oar\u0103, dar profund\u0103, \u00een timp ce\u00a0<strong data-start=\"3808\" data-end=\"3821\">Zmeur\u0103<\/strong>\u00a0stimuleaz\u0103 papilele gustative cu o not\u0103 de prospe\u021bime \u0219i tonuri u\u0219or acre. \u00cempreun\u0103, rezult\u0103 o amestecare armonioas\u0103 de arome de fructe, care entuziasmeaz\u0103 din nou \u0219i din nou iubitorii de vapoare.<\/p>\n<h4 data-start=\"4029\" data-end=\"4045\"><strong data-start=\"4034\" data-end=\"4044\">Mojito<\/strong>:<\/h4>\n<p data-start=\"4046\" data-end=\"4482\">Pentru fanii aromelor r\u0103coritoare \u0219i \u00eemprosp\u0103t\u0103toare este\u00a0<strong data-start=\"4103\" data-end=\"4113\">Mojito<\/strong>Gustul perfect. Aceast\u0103 amestec\u0103tur\u0103 combin\u0103\u00a0<strong data-start=\"4173\" data-end=\"4190\">Ment\u0103 proasp\u0103t\u0103<\/strong>den\u00a0<strong data-start=\"4196\" data-end=\"4226\">un gust de citrice l\u0103m\u00e2ios<\/strong>\u00a0\u0219i o urm\u0103 de\u00a0<strong data-start=\"4247\" data-end=\"4261\">Zahar de trestie<\/strong>\u00a0Pentru o experien\u021b\u0103 r\u0103coritoare, revigorant\u0103 \u0219i foarte \u00eemprosp\u0103t\u0103toare. Se simte ca \u0219i cum ai savura o b\u0103utur\u0103 adev\u0103rat\u0103 Mojito - doar f\u0103r\u0103 alcool, dar cu gustul intens care aduce vara \u00een iarn\u0103.<\/p>\n<h2 data-start=\"0\" data-end=\"91\"><img loading=\"lazy\" decoding=\"async\" class=\"alignnone wp-image-2302 size-full\" title=\"Arymi IFun 28000 de \u021bigarete electronice de unic\u0103 folosin\u021b\u0103 - Mure \u0219i Zmeur\u0103 - Mojito 2\" src=\"https:\/\/alfakher24h.de\/wp-content\/uploads\/2025\/03\/all1.webp\" sizes=\"auto, (max-width: 904px) 100vw, 904px\" srcset=\"https:\/\/alfakher24h.de\/wp-content\/uploads\/2025\/03\/all1.webp 904w, https:\/\/alfakher24h.de\/wp-content\/uploads\/2025\/03\/all1-212x300.webp 212w, https:\/\/alfakher24h.de\/wp-content\/uploads\/2025\/03\/all1-723x1024.webp 723w, https:\/\/alfakher24h.de\/wp-content\/uploads\/2025\/03\/all1-768x1087.webp 768w, https:\/\/alfakher24h.de\/wp-content\/uploads\/2025\/03\/all1-8x12.webp 8w, https:\/\/alfakher24h.de\/wp-content\/uploads\/2025\/03\/all1-600x850.webp 600w\" alt=\"Arymi IFun 28000 de \u021bigarete electronice de unic\u0103 folosin\u021b\u0103 - Mure \u0219i Zmeur\u0103 - Mojito\" width=\"904\" height=\"1280\" \/><\/h2>\n<hr data-start=\"4635\" data-end=\"4638\" \/>\n<h3 data-start=\"4489\" data-end=\"4563\">De ce ar trebui s\u0103 cump\u0103ra\u021bi \u021bigara electronic\u0103 de unic\u0103 folosin\u021b\u0103 Arymi IFun 28000 Z\u00fcge?<\/h3>\n<p data-start=\"4565\" data-end=\"4866\">Die\u00a0<strong data-start=\"4569\" data-end=\"4613\">Arymi IFun 28000 de \u021bigarete electronice de unic\u0103 folosin\u021b\u0103<\/strong>\u00a0ofer\u0103 nu numai\u00a0<strong data-start=\"4631\" data-end=\"4646\">28.000 de trenuri<\/strong>\u00a0\u0219i\u00a0<strong data-start=\"4651\" data-end=\"4669\">30 ml lichid electronic<\/strong>, ci \u0219i o varietate de avantaje suplimentare, care o fac cea mai bun\u0103 alegere pentru entuzia\u0219tii de vaping. Iat\u0103 c\u00e2teva motive pentru care ar trebui s\u0103 cump\u0103ra\u021bi acest produs de pe alfakher24h.de:<\/p>\n<ol data-start=\"4868\" data-end=\"5841\">\n<li data-start=\"4868\" data-end=\"5060\"><strong data-start=\"4871\" data-end=\"4894\">Durat\u0103 lung\u0103 de utilizare<\/strong>: Cu p\u00e2n\u0103 la\u00a0<strong data-start=\"4907\" data-end=\"4923\">28.000 de trenuri<\/strong>\u00a0Nu trebuie s\u0103 v\u0103 face\u021bi griji c\u0103 dispozitivul dvs. se descarc\u0103 prea repede. Acest lucru face ca IFun 28000 s\u0103 fie deosebit de atractiv pentru fum\u0103torii mari.<\/li>\n<li data-start=\"5061\" data-end=\"5258\"><strong data-start=\"5064\" data-end=\"5087\">Manipulare u\u0219oar\u0103<\/strong>Dispozitivul este\u00a0<strong data-start=\"5103\" data-end=\"5131\">nu numai puternic<\/strong>ci \u0219i prietenos cu utilizatorul. Este ideal pentru to\u021bi cei care caut\u0103 o experien\u021b\u0103 de vaporizare simpl\u0103, practic\u0103 \u0219i f\u0103r\u0103 griji.<\/li>\n<li data-start=\"5259\" data-end=\"5479\"><strong data-start=\"5262\" data-end=\"5284\">Arome de \u00eenalt\u0103 calitate<\/strong>Cu arome exquisite precum\u00a0<strong data-start=\"5316\" data-end=\"5339\">Blueberry Raspberry \n\nbecorrector:Mure \u0219i Zmeur\u0103<\/strong>\u00a0\u0219i\u00a0<strong data-start=\"5344\" data-end=\"5354\">Mojito<\/strong>\u00a0Experimenta\u021bi o experien\u021b\u0103 intens\u0103 \u0219i delicioas\u0103 de gust, care v\u0103 r\u0103core\u0219te sim\u021burile \u0219i asigur\u0103 o pl\u0103cere de lung\u0103 durat\u0103.<\/li>\n<li data-start=\"5480\" data-end=\"5677\"><strong data-start=\"5483\" data-end=\"5508\">Cea mai modern\u0103 tehnologie<\/strong>: Cu ajutorul\u00a0<strong data-start=\"5518\" data-end=\"5531\">Mesh Coil<\/strong>\u00a0\u0219i cel\u00a0<strong data-start=\"5540\" data-end=\"5576\">controlul debitului de aer reglabil<\/strong>\u00a0Acest dispozitiv ofer\u0103 o performan\u021b\u0103 de prim\u0103 clas\u0103 pe care nu o ve\u021bi g\u0103si \u00een niciun alt vape de unic\u0103 folosin\u021b\u0103.<\/li>\n<li data-start=\"5678\" data-end=\"5841\"><strong data-start=\"5681\" data-end=\"5706\">Perfect pentru deplas\u0103ri<\/strong>Dimensiunile compacte \u0219i posibilitatea de a \u00eenc\u0103rca dispozitivul \u00een mod convenabil \u00eel fac \u00eenso\u021bitorul ideal pentru via\u021ba de zi cu zi, c\u0103l\u0103torii \u0219i multe altele.<\/li>\n<\/ol>\n<hr data-start=\"5843\" data-end=\"5846\" \/>\n<h3 data-start=\"5848\" data-end=\"5882\">\u00centreb\u0103ri frecvente (FAQ)<\/h3>\n<p data-start=\"5884\" data-end=\"6066\"><strong data-start=\"5884\" data-end=\"5952\">1. Este \u021bigara electronic\u0103 de unic\u0103 folosin\u021b\u0103 Arymi IFun 28000 pufuri cu nicotin\u0103?<\/strong>\u00a0Da, cele\u00a0<strong data-start=\"5961\" data-end=\"5981\">Arymi IFun 28000<\/strong>\u00a0con\u021bine\u00a0<strong data-start=\"5990\" data-end=\"6005\">2 % nicotin\u0103<\/strong>Ideal pentru vapori care caut\u0103 o alimentare u\u0219oar\u0103 cu nicotin\u0103.<\/p>\n<p data-start=\"6068\" data-end=\"6327\"><strong data-start=\"6068\" data-end=\"6120\">C\u00e2t dureaz\u0103 bateria lui Arymi IFun 28000?<\/strong>\u00a0Bateria lui\u00a0<strong data-start=\"6134\" data-end=\"6154\">Arymi IFun 28000<\/strong>\u00a0este cu una\u00a0<strong data-start=\"6169\" data-end=\"6196\">600 mAh baterie cu cobalt<\/strong>\u00a0dotate, care sunt suficiente pentru p\u00e2n\u0103 la\u00a0<strong data-start=\"6226\" data-end=\"6241\">28.000 de trenuri<\/strong>\u00a0\u00eenlocuit. Dispozitivul poate fi reutilizat ulterior prin\u00a0<strong data-start=\"6288\" data-end=\"6308\">Conector de tip C<\/strong>\u00a0s\u0103 fie \u00eenc\u0103rcate.<\/p>\n<p data-start=\"6329\" data-end=\"6503\"><strong data-start=\"6329\" data-end=\"6372\">Care este capacitatea E-Liquidului?<\/strong>\u00a0Die\u00a0<strong data-start=\"6377\" data-end=\"6399\">Capacitatea E-Liquid<\/strong>\u00a0des Ger\u00e4ts betr\u00e4gt -&gt; Dimensiunile dispozitivului sunt\u00a0<strong data-start=\"6419\" data-end=\"6428\">28 ml<\/strong>care asigur\u0103 o utilizare extins\u0103 f\u0103r\u0103 a fi nevoie de realimentare frecvent\u0103.<\/p>\n<p data-start=\"6505\" data-end=\"6660\"><strong data-start=\"6505\" data-end=\"6544\">4. Cum pot \u00eenc\u0103rca dispozitivul?<\/strong>\u00a0Das Ger\u00e4t ist mit einem \ndispozitiv\u00a0<strong data-start=\"6569\" data-end=\"6593\">Tip-C priz\u0103 de \u00eenc\u0103rcare<\/strong>\u00a0dotat, care permite o \u00eenc\u0103rcare rapid\u0103 \u0219i u\u0219oar\u0103.<\/p>\n<p data-start=\"6662\" data-end=\"6865\"><strong data-start=\"6662\" data-end=\"6699\">5. Ce arome sunt disponibile?<\/strong>\u00a0\u00cen prezent ofer\u0103\u00a0<strong data-start=\"6719\" data-end=\"6739\">Arymi IFun 28000<\/strong>\u00a0dou\u0103 arome populare:\u00a0<strong data-start=\"6762\" data-end=\"6785\">Blueberry Raspberry \n\nbecorrector:Mure \u0219i Zmeur\u0103<\/strong>\u00a0\u0219i\u00a0<strong data-start=\"6790\" data-end=\"6800\">Mojito<\/strong>Alte arome ar putea fi disponibile \u00een viitor.<\/p>\n<hr data-start=\"6867\" data-end=\"6870\" \/>\n<h3 data-start=\"6872\" data-end=\"6881\">Concluzie<\/h3>\n<p data-start=\"6883\" data-end=\"7489\">Die\u00a0<strong data-start=\"6887\" data-end=\"6931\"><a href=\"https:\/\/alfakher24h.de\/ro\/\">Arymi<\/a> IFun 28000 Z\u00fcge Einweg E-Zigarette r\u0103m\u00e2ne \n tradus \u00een \nIFun 28000 de trageri \u021bigar\u0103 electronic\u0103 de unic\u0103 folosin\u021b\u0103<\/strong>\u00a0este un dispozitiv puternic, versatil \u0219i u\u0219or de utilizat, care entuziasmeaz\u0103 at\u00e2t vaperii noi, c\u00e2t \u0219i cei experimenta\u021bi. Cu o\u00a0<strong data-start=\"7068\" data-end=\"7100\">Capacitate E-Liquid de 28 ml<\/strong>,\u00a0<strong data-start=\"7102\" data-end=\"7118\">28.000 de trenuri<\/strong>,\u00a0<strong data-start=\"7120\" data-end=\"7146\">bobin\u0103 cu plas\u0103 de \u00eenalt\u0103 calitate<\/strong>\u00a0\u0219i\u00a0<strong data-start=\"7151\" data-end=\"7178\">debit de aer reglabil<\/strong>\u00a0ofer\u0103 acest dispozitiv tot ce ave\u021bi nevoie pentru o experien\u021b\u0103 intensiv\u0103 \u0219i pl\u0103cut\u0103 de vaporizare. Descoperi\u021bi experien\u021ba suprem\u0103 de vaporizare \u0219i cump\u0103ra\u021bi\u00a0<strong data-start=\"7339\" data-end=\"7383\">Arymi IFun 28000 de \u021bigarete electronice de unic\u0103 folosin\u021b\u0103<\/strong>\u00a0noch heute auf alfakher24h.de, Ihrem gr\u00f6\u00dften Online-Shop f\u00fcr\u00a0<strong data-start=\"7450\" data-end=\"7488\">E-Zigarete de unic\u0103 folosin\u021b\u0103 \u00een Germania<\/strong>.<\/p>","protected":false},"excerpt":{"rendered":"<p><strong data-start=\"6887\" data-end=\"6931\">Arymi IFun 28000 de \u021bigarete electronice de unic\u0103 folosin\u021b\u0103<\/strong>\u00a0este un dispozitiv puternic, versatil \u0219i u\u0219or de utilizat, care entuziasmeaz\u0103 at\u00e2t vaperii noi, c\u00e2t \u0219i cei experimenta\u021bi. Cu o\u00a0<strong data-start=\"7068\" data-end=\"7100\">Capacitate E-Liquid de 28 ml<\/strong>,\u00a0<strong data-start=\"7102\" data-end=\"7118\">28.000 de trenuri<\/strong>,\u00a0<strong data-start=\"7120\" data-end=\"7146\">bobin\u0103 cu plas\u0103 de \u00eenalt\u0103 calitate<\/strong>\u00a0\u0219i\u00a0<strong data-start=\"7151\" data-end=\"7178\">debit de aer reglabil<\/strong>\u00a0ofer\u0103 acest dispozitiv tot ce ave\u021bi nevoie pentru o experien\u021b\u0103 intensiv\u0103 \u0219i pl\u0103cut\u0103 de vaporizare. Descoperi\u021bi experien\u021ba suprem\u0103 de vaporizare \u0219i cump\u0103ra\u021bi\u00a0<strong data-start=\"7339\" data-end=\"7383\">Arymi IFun 28000 de \u021bigarete electronice de unic\u0103 folosin\u021b\u0103<\/strong><\/p>","protected":false},"featured_media":1763,"comment_status":"open","ping_status":"closed","template":"","meta":{"om_disable_all_campaigns":false},"product_brand":[],"product_cat":[45],"product_tag":[],"class_list":{"0":"post-1762","1":"product","2":"type-product","3":"status-publish","4":"has-post-thumbnail","6":"product_cat-arymi-ifun-28000","8":"first","9":"outofstock","10":"shipping-taxable","11":"purchasable","12":"product-type-simple"},"_links":{"self":[{"href":"https:\/\/alfakher24h.de\/ro\/wp-json\/wp\/v2\/product\/1762","targetHints":{"allow":["GET"]}}],"collection":[{"href":"https:\/\/alfakher24h.de\/ro\/wp-json\/wp\/v2\/product"}],"about":[{"href":"https:\/\/alfakher24h.de\/ro\/wp-json\/wp\/v2\/types\/product"}],"replies":[{"embeddable":true,"href":"https:\/\/alfakher24h.de\/ro\/wp-json\/wp\/v2\/comments?post=1762"}],"wp:featuredmedia":[{"embeddable":true,"href":"https:\/\/alfakher24h.de\/ro\/wp-json\/wp\/v2\/media\/1763"}],"wp:attachment":[{"href":"https:\/\/alfakher24h.de\/ro\/wp-json\/wp\/v2\/media?parent=1762"}],"wp:term":[{"taxonomy":"product_brand","embeddable":true,"href":"https:\/\/alfakher24h.de\/ro\/wp-json\/wp\/v2\/product_brand?post=1762"},{"taxonomy":"product_cat","embeddable":true,"href":"https:\/\/alfakher24h.de\/ro\/wp-json\/wp\/v2\/product_cat?post=1762"},{"taxonomy":"product_tag","embeddable":true,"href":"https:\/\/alfakher24h.de\/ro\/wp-json\/wp\/v2\/product_tag?post=1762"}],"curies":[{"name":"wp","href":"https:\/\/api.w.org\/{rel}","templated":true}]}}