{"id":1760,"date":"2025-03-11T05:34:06","date_gmt":"2025-03-11T05:34:06","guid":{"rendered":"https:\/\/alfakher24h.de\/?post_type=product&#038;p=1760"},"modified":"2025-07-12T13:27:56","modified_gmt":"2025-07-12T13:27:56","slug":"httperror-response-code-429-too-many-requests-24","status":"publish","type":"product","link":"https:\/\/alfakher24h.de\/ro\/produs\/httperror-response-code-429-too-many-requests-24\/","title":{"rendered":"Arymi IFun 28000 Z\u00fcge Einweg E Zigarette \u2013 Double apple \u2013 blueberry cherry cranbarry \n\nse traduce a \n\nArymi IFun 28000 \u021bigarete electronice de unic\u0103 folosin\u021b\u0103 \u2013 M\u0103r dublu \u2013 afine cire\u0219e meri\u0219or"},"content":{"rendered":"<h2 data-start=\"493\" data-end=\"598\"><strong data-start=\"497\" data-end=\"598\">Arymi IFun 28000 Z\u00fcge\u00a0Einweg E-Zigarette: Alegerea suprem\u0103 pentru iubitorii de vaporizare din Germania<\/strong><\/h2>\n<div style=\"width: 848px;\" class=\"wp-video\"><video class=\"wp-video-shortcode\" id=\"video-1760-1\" width=\"848\" height=\"478\" preload=\"metadata\" controls=\"controls\"><source type=\"video\/mp4\" src=\"https:\/\/alfakher24h.de\/wp-content\/uploads\/2025\/03\/VID-20241031-WA0010.mp4?_=1\" \/><a href=\"https:\/\/alfakher24h.de\/wp-content\/uploads\/2025\/03\/VID-20241031-WA0010.mp4\">https:\/\/alfakher24h.de\/wp-content\/uploads\/2025\/03\/VID-20241031-WA0010.mp4<\/a><\/video><\/div>\n<p data-start=\"600\" data-end=\"1130\">Die\u00a0<strong data-start=\"604\" data-end=\"648\">Arymi IFun 28000 de \u021bigarete electronice de unic\u0103 folosin\u021b\u0103<\/strong>\u00a0Reprezint\u0103 o adev\u0103rat\u0103 revolu\u021bie \u00een domeniul vape-urilor de unic\u0103 folosin\u021b\u0103 \u0219i stabile\u0219te noi standarde pentru calitate, gust \u0219i experien\u021b\u0103 utilizator. Cu un num\u0103r impresionant de 28.000 de pufuri \u0219i un design u\u0219or de utilizat, aceast\u0103 \u021bigar\u0103 electronic\u0103 este alegerea ideal\u0103 pentru vapori care caut\u0103 durabilitate lung\u0103 \u0219i gust de \u00eenalt\u0103 calitate. Aici ob\u021bine\u021bi nu numai o performan\u021b\u0103 ridicat\u0103, ci \u0219i o varietate de arome care transform\u0103 fiecare moment de vapare \u00eentr-o experien\u021b\u0103 unic\u0103.<\/p>\n<h4 data-start=\"1132\" data-end=\"1160\"><strong data-start=\"1137\" data-end=\"1160\">Descrierea produsului<\/strong><\/h4>\n<p data-start=\"1162\" data-end=\"1744\">Die\u00a0<strong data-start=\"1166\" data-end=\"1210\">Arymi IFun 28000 de \u021bigarete electronice de unic\u0103 folosin\u021b\u0103<\/strong>\u00a0a fost dezvoltat cu scopul de a oferi o experien\u021b\u0103 de vapoare de neegalat. Cu o generoas\u0103\u00a0<strong data-start=\"1311\" data-end=\"1334\">Capacitate de 28 ml<\/strong>\u00a0E-lichid \u0219i unul\u00a0<strong data-start=\"1354\" data-end=\"1378\">2%<\/strong>\u00a0este perfect\u0103 pentru cei care vor s\u0103 se bucure at\u00e2t de gust, c\u00e2t \u0219i de nicotin\u0103. The\u00a0<strong data-start=\"1480\" data-end=\"1512\">600 mAh baterie pur\u0103 de cobalt<\/strong>\u00a0v\u0103 asigur\u0103 c\u0103 pute\u021bi savura fiecare \u021bigar\u0103 p\u00e2n\u0103 la ultima puff. Datorit\u0103\u00a0<strong data-start=\"1592\" data-end=\"1640\">Tehnologie Mesh Coil (1,0 \u03a9 Dual Mesh Coil)<\/strong>\u00a0Gustul devine intens \u0219i plin, ceea ce duce la o experien\u021b\u0103 de vaporizare deosebit de gustoas\u0103.<\/p>\n<p data-start=\"1746\" data-end=\"2170\">Un caracteristic\u0103 remarcabil\u0103 a acestei \u021big\u0103ri electronice este acea\u00a0<strong data-start=\"1800\" data-end=\"1826\">flux de aer reglabil<\/strong>, care permite utilizatorului s\u0103 personalizeze experien\u021ba de vaporizare \u00een func\u021bie de preferin\u021bele proprii. Indiferent dac\u0103 prefera\u021bi o tirare u\u0219oar\u0103 sau un gust puternic \u0219i intens, IFun 28000 poate oferi ambele. \u00cen plus, asigur\u0103 un\u00a0<strong data-start=\"2057\" data-end=\"2093\">Indicator baterie \u0219i lichid electronic<\/strong>\u00a0pentru a \u0219ti \u00eentotdeauna c\u00e2nd este timpul s\u0103 cump\u0103ra\u021bi urm\u0103torul vape.<\/p>\n<p data-start=\"2172\" data-end=\"2428\">Datorit\u0103 designului practic \u0219i compact al\u00a0<strong data-start=\"2219\" data-end=\"2239\">Arymi IFun 28000<\/strong>\u00a0Pute\u021bi lua aceast\u0103 \u021bigar\u0103 electronic\u0103 oriunde. Nu este doar u\u0219or de utilizat, ci \u0219i extrem de fiabil\u0103 - ideal\u0103 pentru deplas\u0103ri, c\u0103l\u0103torii sau relaxare acas\u0103.<\/p>\n<h3 data-start=\"2430\" data-end=\"2500\"><strong data-start=\"2434\" data-end=\"2500\">Caracteristici importante ale vaporizatorului de unic\u0103 folosin\u021b\u0103 Arymi IFun 28000<\/strong><\/h3>\n<ul data-start=\"2502\" data-end=\"3487\">\n<li data-start=\"2502\" data-end=\"2679\"><strong data-start=\"2504\" data-end=\"2550\">Num\u0103r uluitor de trenuri (28.000 de trenuri)<\/strong>: Cu unul dintre cele mai mari num\u0103r de pufuri de pe pia\u021b\u0103, ob\u021bine\u021bi mai mult dec\u00e2t suficiente trageri \u00eenainte de a fi nevoie de o nou\u0103 \u021bigar\u0103 electronic\u0103.<\/li>\n<li data-start=\"2680\" data-end=\"2835\"><strong data-start=\"2682\" data-end=\"2714\">Capacitate E-Liquid de 28 ml<\/strong>O capacitate generoas\u0103 de lichid care asigur\u0103 o experien\u021b\u0103 prelungit\u0103, f\u0103r\u0103 necesitatea de a fi reumplut\u0103 \u00een mod constant.<\/li>\n<li data-start=\"2836\" data-end=\"2953\"><strong data-start=\"2838\" data-end=\"2862\">21%<\/strong>Ideal pentru cei care doresc un nivel moderat de nicotin\u0103, f\u0103r\u0103 s\u0103 dozeze prea puternic.<\/li>\n<li data-start=\"2954\" data-end=\"3091\"><strong data-start=\"2956\" data-end=\"2993\">Tehnologie de \u00eenalt\u0103 calitate a bobinei de plas\u0103<\/strong>: Bobina Dual Mesh de 1,0 \u03a9 asigur\u0103 o evaporare uniform\u0103 \u0219i un gust intens.<\/li>\n<li data-start=\"3092\" data-end=\"3204\"><strong data-start=\"3094\" data-end=\"3121\">Debit de aer reglabil<\/strong>: Adapta\u021bi-v\u0103 experien\u021ba de vaporizare, de la bl\u00e2nd\u0103 la puternic\u0103, exact a\u0219a cum dori\u021bi.<\/li>\n<li data-start=\"3205\" data-end=\"3326\"><strong data-start=\"3207\" data-end=\"3248\">Indicatori pentru E-Liquid \u0219i baterie<\/strong>: Ave\u021bi \u00eentotdeauna o imagine de ansamblu asupra nivelului de umplere \u0219i a nivelului de \u00eenc\u0103rcare.<\/li>\n<li data-start=\"3327\" data-end=\"3487\"><strong data-start=\"3329\" data-end=\"3352\">Mobil \u0219i practic<\/strong>: Cu o greutate de numai 120 g per bucata \u0219i un design practic, IFun 28000 este alegerea ideal\u0103 pentru utilizarea zilnic\u0103.<\/li>\n<\/ul>\n<h3 data-start=\"3489\" data-end=\"3548\"><strong data-start=\"3493\" data-end=\"3548\">Arymi IFun 28000 de unic\u0103 folosin\u021b\u0103 E-Zigarette Aromen<\/strong><\/h3>\n<p data-start=\"3550\" data-end=\"3815\">The Arymi IFun 28000 disposable e-cigarette comes in a wide range of exciting flavors, perfectly tuned to the taste buds. Here we present the most popular flavors, which are available in the\u00a0<strong data-start=\"3766\" data-end=\"3786\">Arymi IFun 28000<\/strong>\u00a0E-\u021big\u0103ri disponibile sunt:<\/p>\n<h4 data-start=\"3817\" data-end=\"3841\"><strong data-start=\"3822\" data-end=\"3841\">1. Double Apple -&gt; 1. M\u0103r dublu<\/strong><\/h4>\n<p data-start=\"3842\" data-end=\"4394\">Gustul de\u00a0<strong data-start=\"3860\" data-end=\"3876\">Double Apple<\/strong>\u00a0Este o adev\u0103rat\u0103 explozie de gust pentru fiecare iubitor de mere. Cu un amestec de note de mere dulci \u0219i u\u0219or acre, care sunt perfect armonizate, aceast\u0103 arom\u0103 ofer\u0103 o experien\u021b\u0103 proasp\u0103t\u0103 \u0219i crocant\u0103 care r\u0103m\u00e2ne r\u0103coritoare toat\u0103 ziua. Raportul echilibrat \u00eentre dulcea\u021b\u0103 \u0219i prospe\u021bime face aceast\u0103 arom\u0103 un companion ideal pentru c\u0103l\u0103toria dvs. de vaping. Gustul u\u0219or fructat v\u0103 face s\u0103 viseze la vibra\u021bii de recolt\u0103 de mere suculente \u0219i aduce o prospe\u021bime natural\u0103 \u00een fiecare vapoare.<\/p>\n<h4 data-start=\"4396\" data-end=\"4417\"><strong data-start=\"4401\" data-end=\"4417\">2. Afine<\/strong><\/h4>\n<p data-start=\"4418\" data-end=\"4974\">Das\u00a0<strong data-start=\"4422\" data-end=\"4435\">Afine<\/strong>-Aroma ofer\u0103 un gust delicios \u0219i intens de afine coapte \u0219i proaspete. Fiecare vapoare dezv\u0103luie o not\u0103 dulce \u0219i \u00een acela\u0219i timp u\u0219or acr\u0103, care r\u0103core\u0219te sim\u021burile \u0219i ofer\u0103 \u00een acela\u0219i timp o dulcea\u021b\u0103 pl\u0103cut\u0103. Afinele devin o experien\u021b\u0103 aromat\u0103 care aminte\u0219te de o poveste de var\u0103 - perfect\u0103 pentru cei care doresc s\u0103 se bucure de gustul plin al fructelor. La fiecare inhalare, sim\u021bi\u021bi cum gustul proasp\u0103t al afinelor se dezvolt\u0103 \u00een gura dvs. \u0219i asigur\u0103 o experien\u021b\u0103 de vapoare satisf\u0103c\u0103toare.<\/p>\n<h4 data-start=\"4976\" data-end=\"4994\"><strong data-start=\"4981\" data-end=\"4994\">3. Cherry<\/strong><\/h4>\n<p data-start=\"4995\" data-end=\"5406\"><strong data-start=\"4995\" data-end=\"5005\">Cherry<\/strong>\u00a0sau Kirschul este o alt\u0103 arom\u0103 popular\u0103, care surprinde perfect gustul dulce \u0219i \u00een acela\u0219i timp u\u0219or amar al cire\u0219ei. Este \u00eentruchiparea fructivit\u0103\u021bii \u0219i asigur\u0103 un gust armonios \u0219i pl\u0103cut, care r\u0103sf\u0103\u021b\u0103 papilele gustative. Fie c\u0103 este combinat\u0103 cu alte fructe sau ca gust singur,\u00a0<strong data-start=\"5328\" data-end=\"5338\">Cherry<\/strong>-Op\u021biunea asigur\u0103 \u00eentotdeauna o experien\u021b\u0103 de vaporizare r\u0103coritoare \u0219i dulce.<\/p>\n<h4 data-start=\"5408\" data-end=\"5429\"><strong data-start=\"5413\" data-end=\"5429\">4. Afine<\/strong><\/h4>\n<p data-start=\"5430\" data-end=\"5940\">Die\u00a0<strong data-start=\"5434\" data-end=\"5447\">Cranberry<\/strong>Arom\u0103 care aduce o aciditate r\u0103coritoare, care se diferen\u021biaz\u0103 pl\u0103cut de aromele mai dulci de fructe. Gustul amar al meri\u0219orului de mesteac\u0103n este echilibrat de o dulcea\u021b\u0103 u\u0219oar\u0103, ceea ce duce la o experien\u021b\u0103 de vaporizare echilibrat\u0103 \u0219i proasp\u0103t\u0103. Aceast\u0103 arom\u0103 este perfect\u0103 pentru cei care caut\u0103 un gust fructat, care este at\u00e2t r\u0103coritor, c\u00e2t \u0219i pu\u021bin mai deosebit. Gustul proasp\u0103t, u\u0219or amar, asigur\u0103 o schimbare pl\u0103cut\u0103 \u0219i este ideal pentru consumul zilnic.<\/p>\n<h2 data-start=\"0\" data-end=\"91\"><img loading=\"lazy\" decoding=\"async\" class=\"alignnone wp-image-2302 size-full\" title=\"Arymi IFun 28000 Z\u00fcge Einweg E Zigarette - Double apple - blueberry cherry cranbarry 2 se traduce in Arymi IFun 28000 puffs e-\u021bigar\u0103 de unic\u0103 folosin\u021b\u0103 - M\u0103r dublu - Afine cire\u0219e meri\u0219or 2\" src=\"https:\/\/alfakher24h.de\/wp-content\/uploads\/2025\/03\/all1.webp\" sizes=\"auto, (max-width: 904px) 100vw, 904px\" srcset=\"https:\/\/alfakher24h.de\/wp-content\/uploads\/2025\/03\/all1.webp 904w, https:\/\/alfakher24h.de\/wp-content\/uploads\/2025\/03\/all1-212x300.webp 212w, https:\/\/alfakher24h.de\/wp-content\/uploads\/2025\/03\/all1-723x1024.webp 723w, https:\/\/alfakher24h.de\/wp-content\/uploads\/2025\/03\/all1-768x1087.webp 768w, https:\/\/alfakher24h.de\/wp-content\/uploads\/2025\/03\/all1-8x12.webp 8w, https:\/\/alfakher24h.de\/wp-content\/uploads\/2025\/03\/all1-600x850.webp 600w\" alt=\"Arymi IFun 28000 Z\u00fcge Einweg E Zigarette - M\u0103r dublu - afine cire\u0219e meri\u0219or\" width=\"904\" height=\"1280\" \/><\/h2>\n<hr data-start=\"4635\" data-end=\"4638\" \/>\n<h3 data-start=\"5942\" data-end=\"6019\"><strong data-start=\"5946\" data-end=\"6019\">De ce ar trebui s\u0103 cump\u0103ra\u021bi \u021bigara electronic\u0103 de unic\u0103 folosin\u021b\u0103 Arymi IFun 28000 de 28000 de pufuri<\/strong><\/h3>\n<p data-start=\"6021\" data-end=\"6541\">Die\u00a0<strong data-start=\"6025\" data-end=\"6069\">Arymi IFun 28000 de \u021bigarete electronice de unic\u0103 folosin\u021b\u0103<\/strong>\u00a0Este alegerea perfect\u0103 pentru to\u021bi cei care caut\u0103 o experien\u021b\u0103 de vaping de lung\u0103 durat\u0103 \u0219i gustoas\u0103. Cu un num\u0103r mare de pufuri, o capacitate mare de lichid electronic \u0219i o baterie puternic\u0103, aceast\u0103 \u021bigar\u0103 electronic\u0103 asigur\u0103 o utilizare \u00eendelungat\u0103 f\u0103r\u0103 reumplere frecvent\u0103 sau re\u00eenc\u0103rcare. Fluxul de aer reglabil v\u0103 permite s\u0103 personaliza\u021bi experien\u021ba de vaping \u00een func\u021bie de preferin\u021bele dvs. individuale, \u00een timp ce aromele variate satisfac toate gusturile.<\/p>\n<p data-start=\"6543\" data-end=\"7035\">Dac\u0103 sunte\u021bi \u00een Germania \u00een c\u0103utarea unei \u021big\u0103ri electronice de unic\u0103 folosin\u021b\u0103 de \u00eenalt\u0103 calitate, durabile, care s\u0103 v\u0103 ofere o experien\u021b\u0103 de gust de neegalat, este\u00a0<strong data-start=\"6698\" data-end=\"6742\">Arymi IFun 28000 de \u021bigarete electronice de unic\u0103 folosin\u021b\u0103<\/strong>\u00a0Alegerea ideal\u0103.\u00a0<strong data-start=\"6760\" data-end=\"6833\">Cump\u0103ra\u021bi-v\u0103 \u021bigara electronic\u0103 de unic\u0103 folosin\u021b\u0103 direct de la noi pe alfakher24h.de<\/strong>cea mai mare platform\u0103 de v\u00e2nzare de vape-uri de unic\u0103 folosin\u021b\u0103 din Germania. V\u0103 oferim nu numai cele mai bune pre\u021buri, ci \u0219i o varietate de arome \u0219i produse de \u00eenalt\u0103 calitate pentru nevoile dvs.<\/p>\n<h3 data-start=\"7037\" data-end=\"7094\"><strong data-start=\"7041\" data-end=\"7094\">\u00centreb\u0103ri frecvente despre \u021bigara electronic\u0103 de unic\u0103 folosin\u021b\u0103 Arymi IFun 28000 de trag\u0103ri<\/strong><\/h3>\n<p data-start=\"7096\" data-end=\"7282\"><strong data-start=\"7096\" data-end=\"7158\">1. C\u00e2te puffs-uri ofer\u0103 \u021bigara electronic\u0103 Arymi IFun 28000?<\/strong><br data-start=\"7158\" data-end=\"7161\" \/>Die Arymi IFun ofer\u0103 p\u00e2n\u0103 la\u00a0<strong data-start=\"7190\" data-end=\"7205\">28.000 de trenuri<\/strong>, ceea ce o face una dintre cele mai durabile \u021big\u0103ri electronice de unic\u0103 folosin\u021b\u0103 de pe pia\u021b\u0103.<\/p>\n<p data-start=\"7284\" data-end=\"7461\"><strong data-start=\"7284\" data-end=\"7345\">Ce con\u021binut de nicotin\u0103 con\u021bine IFun 28000?<\/strong><br data-start=\"7345\" data-end=\"7348\" \/>Die\u00a0<strong data-start=\"7352\" data-end=\"7372\">Arymi IFun 28000<\/strong>\u00a0con\u021bine\u00a0<strong data-start=\"7381\" data-end=\"7395\">2% Nikotin<\/strong>ideal pentru cei care prefer\u0103 o doz\u0103 moderat\u0103 de nicotin\u0103.<\/p>\n<p data-start=\"7463\" data-end=\"7706\"><strong data-start=\"7463\" data-end=\"7536\">Ce arome sunt disponibile \u00een \u021bigara electronic\u0103 Arymi IFun 28000?<\/strong><br data-start=\"7536\" data-end=\"7539\" \/>Printre cele mai populare arome se num\u0103r\u0103\u00a0<strong data-start=\"7574\" data-end=\"7590\">Double Apple<\/strong>,\u00a0<strong data-start=\"7592\" data-end=\"7605\">Afine<\/strong>,\u00a0<strong data-start=\"7607\" data-end=\"7617\">Cherry<\/strong>\u00a0\u0219i\u00a0<strong data-start=\"7622\" data-end=\"7635\">Cranberry<\/strong>Fiecare arom\u0103 ofer\u0103 o experien\u021b\u0103 unic\u0103 \u0219i intensiv\u0103 de vaporizare.<\/p>\n<p data-start=\"7708\" data-end=\"7915\"><strong data-start=\"7708\" data-end=\"7760\">C\u00e2t dureaz\u0103 bateria lui Arymi IFun 28000?<\/strong><br data-start=\"7760\" data-end=\"7763\" \/>Die\u00a0<strong data-start=\"7767\" data-end=\"7787\">Arymi IFun 28000<\/strong>\u00a0dispune de o durat\u0103 de via\u021b\u0103 lung\u0103\u00a0<strong data-start=\"7817\" data-end=\"7837\">600 mAh baterie<\/strong>care asigur\u0103 o varietate de fotografii \u00eenainte de a fi necesar\u0103 re\u00eenc\u0103rcarea.<\/p>\n<p data-start=\"7917\" data-end=\"8097\"><strong data-start=\"7917\" data-end=\"7965\">5. Este Arymi IFun 28000 re\u00eenc\u0103rcabil\u0103?<\/strong><br data-start=\"7965\" data-end=\"7968\" \/>Da, cele\u00a0<strong data-start=\"7976\" data-end=\"7996\">Arymi IFun 28000<\/strong>\u00a0este cu unul\u00a0<strong data-start=\"8011\" data-end=\"8035\">Tip-C priz\u0103 de \u00eenc\u0103rcare<\/strong>\u00a0dotat, astfel \u00eenc\u00e2t s\u0103 pute\u021bi \u00eenc\u0103rca bateria atunci c\u00e2nd este necesar.<\/p>\n<hr data-start=\"8099\" data-end=\"8102\" \/>\n<p data-start=\"8104\" data-end=\"8277\" data-is-last-node=\"\">Pentru mai multe informa\u021bii \u0219i pentru a\u00a0<strong data-start=\"8135\" data-end=\"8150\">Cump\u0103ra vape<\/strong>vizita\u021bi site-ul nostru web<a href=\"https:\/\/alfakher24h.de\/ro\/\"> alfakher24h.de<\/a>Prima alegere pentru vape-uri de unic\u0103 folosin\u021b\u0103 \u00een Germania!<\/p>","protected":false},"excerpt":{"rendered":"<p><strong data-start=\"6025\" data-end=\"6069\">Arymi IFun 28000 de \u021bigarete electronice de unic\u0103 folosin\u021b\u0103<\/strong>\u00a0Este alegerea perfect\u0103 pentru to\u021bi cei care caut\u0103 o experien\u021b\u0103 de vaping de lung\u0103 durat\u0103 \u0219i gustoas\u0103. Cu un num\u0103r mare de pufuri, o capacitate mare de lichid electronic \u0219i o baterie puternic\u0103, aceast\u0103 \u021bigar\u0103 electronic\u0103 asigur\u0103 o utilizare \u00eendelungat\u0103 f\u0103r\u0103 reumplere frecvent\u0103 sau re\u00eenc\u0103rcare. Fluxul de aer reglabil v\u0103 permite s\u0103 personaliza\u021bi experien\u021ba de vaping \u00een func\u021bie de preferin\u021bele dvs. individuale, \u00een timp ce aromele variate satisfac toate gusturile.<\/p>","protected":false},"featured_media":1761,"comment_status":"open","ping_status":"closed","template":"","meta":{"om_disable_all_campaigns":false},"product_brand":[],"product_cat":[45],"product_tag":[],"class_list":{"0":"post-1760","1":"product","2":"type-product","3":"status-publish","4":"has-post-thumbnail","6":"product_cat-arymi-ifun-28000","8":"first","9":"outofstock","10":"shipping-taxable","11":"purchasable","12":"product-type-simple"},"_links":{"self":[{"href":"https:\/\/alfakher24h.de\/ro\/wp-json\/wp\/v2\/product\/1760","targetHints":{"allow":["GET"]}}],"collection":[{"href":"https:\/\/alfakher24h.de\/ro\/wp-json\/wp\/v2\/product"}],"about":[{"href":"https:\/\/alfakher24h.de\/ro\/wp-json\/wp\/v2\/types\/product"}],"replies":[{"embeddable":true,"href":"https:\/\/alfakher24h.de\/ro\/wp-json\/wp\/v2\/comments?post=1760"}],"wp:featuredmedia":[{"embeddable":true,"href":"https:\/\/alfakher24h.de\/ro\/wp-json\/wp\/v2\/media\/1761"}],"wp:attachment":[{"href":"https:\/\/alfakher24h.de\/ro\/wp-json\/wp\/v2\/media?parent=1760"}],"wp:term":[{"taxonomy":"product_brand","embeddable":true,"href":"https:\/\/alfakher24h.de\/ro\/wp-json\/wp\/v2\/product_brand?post=1760"},{"taxonomy":"product_cat","embeddable":true,"href":"https:\/\/alfakher24h.de\/ro\/wp-json\/wp\/v2\/product_cat?post=1760"},{"taxonomy":"product_tag","embeddable":true,"href":"https:\/\/alfakher24h.de\/ro\/wp-json\/wp\/v2\/product_tag?post=1760"}],"curies":[{"name":"wp","href":"https:\/\/api.w.org\/{rel}","templated":true}]}}