{"id":1758,"date":"2025-03-11T05:16:32","date_gmt":"2025-03-11T05:16:32","guid":{"rendered":"https:\/\/alfakher24h.de\/?post_type=product&#038;p=1758"},"modified":"2025-07-12T13:27:56","modified_gmt":"2025-07-12T13:27:56","slug":"httperror-response-code-429-too-many-requests-33","status":"publish","type":"product","link":"https:\/\/alfakher24h.de\/ro\/produs\/httperror-response-code-429-too-many-requests-33\/","title":{"rendered":"Arymi IFun 28000 de \u021bigarete electronice de unic\u0103 folosin\u021b\u0103 - M\u0103r ro\u0219u - Vimto Crush"},"content":{"rendered":"<h2 data-start=\"0\" data-end=\"95\"><strong data-start=\"0\" data-end=\"95\"><a href=\"https:\/\/alfakher24h.de\/ro\/?post_type=product&amp;p=1758&amp;preview=true\">Arymi IFun 28000 de \u021bigarete electronice de unic\u0103 folosin\u021b\u0103<\/a> - Pl\u0103cerea suprem\u0103 pentru vapori preten\u021bio\u0219i<\/strong><\/h2>\n<div style=\"width: 848px;\" class=\"wp-video\"><video class=\"wp-video-shortcode\" id=\"video-1758-1\" width=\"848\" height=\"478\" preload=\"metadata\" controls=\"controls\"><source type=\"video\/mp4\" src=\"https:\/\/alfakher24h.de\/wp-content\/uploads\/2025\/03\/VID-20241031-WA0010.mp4?_=1\" \/><a href=\"https:\/\/alfakher24h.de\/wp-content\/uploads\/2025\/03\/VID-20241031-WA0010.mp4\">https:\/\/alfakher24h.de\/wp-content\/uploads\/2025\/03\/VID-20241031-WA0010.mp4<\/a><\/video><\/div>\n<p data-start=\"97\" data-end=\"762\">Die\u00a0<strong data-start=\"101\" data-end=\"145\">Arymi IFun 28000 Z\u00fcge Einweg E Zigarette \n\nse traduce \u00een \n\nArymi IFun 28000 de trac\u021biuni E-\u021bigar\u0103 de unic\u0103 folosin\u021b\u0103<\/strong>\u00a0reprezint\u0103 un pas revolu\u021bionar \u00een domeniul\u00a0<strong data-start=\"197\" data-end=\"220\">E-Zigarete de unic\u0103 folosin\u021b\u0103<\/strong>\u00a0\u0219i ofer\u0103 fum\u0103torilor de\u00a0<strong data-start=\"248\" data-end=\"263\">Deutschland<\/strong>\u00a0o experien\u021b\u0103 de vaporizare de necomparat. Cu o capacitate generoas\u0103 de lichid, un num\u0103r impresionant de trageri \u0219i o varietate de arome unice, aceast\u0103 \u021bigar\u0103 electronic\u0103 este un must absolut pentru to\u021bi cei care caut\u0103 o experien\u021b\u0103 de vaporizare de \u00eenalt\u0103 calitate \u0219i de lung\u0103 durat\u0103. Dac\u0103 sunte\u021bi \u00een c\u0103utarea celei mai bune\u00a0<strong data-start=\"611\" data-end=\"633\">E-\u021bigaret\u0103 de unic\u0103 folosin\u021b\u0103<\/strong> sind, dann k\u00f6nnen Sie diese exklusiv auf alfakher24h.de, celui mai mare magazin online din Germania pentru\u00a0<strong data-start=\"733\" data-end=\"753\">Vape de unic\u0103 folosin\u021b\u0103<\/strong>cump\u0103ra.<\/p>\n<h3 data-start=\"764\" data-end=\"787\">Descrierea produsului<\/h3>\n<p data-start=\"789\" data-end=\"1214\">Die\u00a0<strong data-start=\"793\" data-end=\"837\">Arymi IFun 28000 Z\u00fcge Einweg E Zigarette \n\nse traduce \u00een \n\nArymi IFun 28000 de trac\u021biuni E-\u021bigar\u0103 de unic\u0103 folosin\u021b\u0103<\/strong>\u00a0a fost dezvoltat pentru vapori care caut\u0103 calitate, confort \u0219i pl\u0103cere la cel mai \u00eenalt nivel. Cu o\u00a0<strong data-start=\"939\" data-end=\"971\">Capacitate de 28 ml de lichid electronic<\/strong>\u00a0\u0219i unul\u00a0<strong data-start=\"982\" data-end=\"1006\">Cantitatea de nicotin\u0103 de 2 1\/3<\/strong>\u00a0ofer\u0103 acest model totul ceea ce \u0219i-ar dori un vaporizator exigent. Num\u0103rul mare de\u00a0<strong data-start=\"1107\" data-end=\"1122\">28.000 de trenuri<\/strong>\u00a0ofer\u0103 o experien\u021b\u0103 de lung\u0103 durat\u0103, ideal\u0103 pentru utilizare zilnic\u0103.<\/p>\n<p data-start=\"1216\" data-end=\"1509\">Designul inovativ al vape-ului asigur\u0103 c\u0103 utilizarea acestuia este intuitiv\u0103 \u0219i confortabil\u0103.\u00a0<strong data-start=\"1314\" data-end=\"1341\">debit de aer reglabil<\/strong>\u00a0permite utilizatorilor s\u0103 personalizeze experien\u021ba de vaporizare \u00een func\u021bie de preferin\u021bele lor - indiferent dac\u0103 prefer\u0103 o trac\u021biune mai intens\u0103 sau mai bl\u00e2nd\u0103, aceast\u0103 func\u021bie face posibil acest lucru.<\/p>\n<p data-start=\"1511\" data-end=\"1859\">Die\u00a0<strong data-start=\"1515\" data-end=\"1562\">Baterie re\u00eenc\u0103rcabil\u0103 cu conector de \u00eenc\u0103rcare tip C<\/strong>\u00a0nu este doar puternic\u0103, ci \u0219i ecologic\u0103 \u0219i v\u0103 permite s\u0103 \u00eenc\u0103rca\u021bi rapid e-\u021bigara \u00een orice moment, astfel \u00eenc\u00e2t s\u0103 nu fie nevoie s\u0103 renun\u021ba\u021bi niciodat\u0103 la experien\u021ba de vaporizare. The\u00a0<strong data-start=\"1748\" data-end=\"1772\">1,0 \u03a9 Dual Mesh Coil<\/strong>\u00a0asigur\u0103 \u00een acest timp o evaporare uniform\u0103 \u0219i amplific\u0103\u00a0<strong data-start=\"1833\" data-end=\"1846\">Gust<\/strong>\u00a0Fiec\u0103rui tren.<\/p>\n<h3 data-start=\"1861\" data-end=\"1938\">Principalele caracteristici ale\u00a0<strong data-start=\"1894\" data-end=\"1938\">Arymi IFun 28000 Zug\u00a0<a href=\"https:\/\/alfakher24h.de\/ro\/\">E-\u021bigaret\u0103 de unic\u0103 folosin\u021b\u0103<\/a><\/strong><\/h3>\n<ul data-start=\"1940\" data-end=\"3243\">\n<li data-start=\"1940\" data-end=\"2178\"><strong data-start=\"1942\" data-end=\"1982\">Impresionant\u0103 num\u0103r de pufuri (28.000 de trageri):<\/strong>\u00a0Cu un num\u0103r impresionant de\u00a0<strong data-start=\"2018\" data-end=\"2034\">28.000 de trenuri<\/strong>\u00a0pute\u021bi savura pe deplin acest\u00a0<strong data-start=\"2071\" data-end=\"2093\">E-\u021bigaret\u0103 de unic\u0103 folosin\u021b\u0103<\/strong>\u00a0s\u0103 experimenteze pe o perioad\u0103 lung\u0103 de timp f\u0103r\u0103 s\u0103 fie nevoie s\u0103 \u00eenlocuiasc\u0103 constant \u021bigara electronic\u0103.<\/li>\n<li data-start=\"2179\" data-end=\"2369\"><strong data-start=\"2181\" data-end=\"2204\">Capacitatea E-Liquid:<\/strong>\u00a0Cu o\u00a0<strong data-start=\"2215\" data-end=\"2243\">28 ml capacitate de lichid electronic<\/strong>\u00a0nu trebuie s\u0103 v\u0103 face\u021bi griji c\u0103 lichidul se epuizeaz\u0103 rapid. Acesta ofer\u0103 suficient\u0103 capacitate pentru un consum intensiv.<\/li>\n<li data-start=\"2370\" data-end=\"2548\"><strong data-start=\"2372\" data-end=\"2388\">2 % Nicotin\u0103:<\/strong>\u00a0Ideal pentru vapori care caut\u0103 un con\u021binut u\u0219or de nicotin\u0103. Aceste\u00a0<strong data-start=\"2455\" data-end=\"2478\">Nicotin\u0103 E-Zigaret\u0103<\/strong>\u00a0Ofer\u0103 un gust echilibrat \u0219i eliberarea dorit\u0103 de nicotin\u0103.<\/li>\n<li data-start=\"2549\" data-end=\"2754\"><strong data-start=\"2551\" data-end=\"2584\">600 mAh baterie pur\u0103 de cobalt:<\/strong>\u00a0Bateria asigur\u0103 o durat\u0103 de via\u021b\u0103 lung\u0103 \u0219i poate fi \u00eenlocuit\u0103 u\u0219or prin\u00a0<strong data-start=\"2652\" data-end=\"2672\">Cablu de \u00eenc\u0103rcare tip C<\/strong>\u00a0s\u0103 fie \u00eenc\u0103rcate. Astfel, este garantat\u0103 o \u00eenc\u0103rcare rapid\u0103 \u0219i eficient\u0103.<\/li>\n<li data-start=\"2755\" data-end=\"2903\"><strong data-start=\"2757\" data-end=\"2779\">Premium Mesh Coil<\/strong>\u00a0Die\u00a0<strong data-start=\"2784\" data-end=\"2808\">1,0 \u03a9 Dual Mesh Coil<\/strong>\u00a0Asigur\u0103 o vaporizare uniform\u0103 \u0219i un gust intens, care v\u0103 r\u0103sf\u0103\u021b\u0103 papilele gustative.<\/li>\n<li data-start=\"2904\" data-end=\"3078\"><strong data-start=\"2906\" data-end=\"2934\">Debitul de aer reglabil:<\/strong>\u00a0Regla\u021bi liber aportul de aer pentru a personaliza vaporizarea \u0219i pentru a g\u0103si fluxul de aer optim pentru experien\u021ba de gust dorit\u0103.<\/li>\n<li data-start=\"3079\" data-end=\"3243\"><strong data-start=\"3081\" data-end=\"3119\">Diferite arome:<\/strong>\u00a0Alege\u021bi dintr-o varietate de arome care satisfac toate gusturile - de la fructat la dulce \u0219i r\u0103coritor.<\/li>\n<\/ul>\n<h3 data-start=\"3245\" data-end=\"3293\">Aromele - Experien\u021ba suprem\u0103 a gustului<\/h3>\n<p data-start=\"3295\" data-end=\"3464\">Die\u00a0<strong data-start=\"3299\" data-end=\"3343\">Arymi IFun 28000 Z\u00fcge Einweg E Zigarette \n\nse traduce \u00een \n\nArymi IFun 28000 de trac\u021biuni E-\u021bigar\u0103 de unic\u0103 folosin\u021b\u0103<\/strong>\u00a0ofer\u0103 o gam\u0103 de arome care fac fiecare c\u0103l\u0103torie cu vapoare o experien\u021b\u0103 de neuitat. \u00cen detaliu:<\/p>\n<ol data-start=\"3466\" data-end=\"4757\">\n<li data-start=\"3466\" data-end=\"4102\">\n<p data-start=\"3469\" data-end=\"4102\"><strong data-start=\"3469\" data-end=\"3483\">M\u0103r Ro\u0219u:<\/strong>\u00a0Der\u00a0<strong data-start=\"3488\" data-end=\"3501\">M\u0103r Ro\u0219u<\/strong>\u00a0Gusto este un favorit clasic printre vape-urile care ofer\u0103 gustul plin \u0219i proasp\u0103t al unui m\u0103r ro\u0219u suculent. Gustul este dulce \u0219i \u00een acela\u0219i timp r\u0103coritor, cu o not\u0103 de fruct natural care poate fi savurat\u0103 perfect toat\u0103 ziua. Fiecare puf se simte ca \u0219i cum ai mu\u0219ca un m\u0103r proasp\u0103t cules - crocant, proasp\u0103t \u0219i fructat. Gustul dulce, dar nu excesiv, este ideal pentru vape-urile care caut\u0103 o experien\u021b\u0103 u\u0219oar\u0103, dar satisf\u0103c\u0103toare.\u00a0<strong data-start=\"4005\" data-end=\"4018\">M\u0103r Ro\u0219u<\/strong>\u00a0Asigur\u0103 un amestec armonios de dulcea\u021b\u0103 \u0219i prospe\u021bime, care r\u0103m\u00e2ne pe limb\u0103.<\/p>\n<\/li>\n<li data-start=\"4104\" data-end=\"4757\">\n<p data-start=\"4107\" data-end=\"4757\"><strong data-start=\"4107\" data-end=\"4123\">Vimto Crush:<\/strong>\u00a0Pentru to\u021bi iubitorii de arome exotice \u0219i unice de fructe, ofer\u0103\u00a0<strong data-start=\"4210\" data-end=\"4225\">Vimto Crush<\/strong>\u00a0Gustul este o experien\u021b\u0103 intens\u0103 \u0219i incitant\u0103. Inspirat\u0103 de amestecul popular \u0219i fructat al b\u0103uturii clasice Vimto, aceast\u0103 \u021bigar\u0103 electronic\u0103 ofer\u0103 o combina\u021bie delicioas\u0103 de coac\u0103ze negre, zmeur\u0103 \u0219i o not\u0103 de l\u0103m\u00e2ie. Gustul este viu, fructat \u0219i totu\u0219i echilibrat.\u00a0<strong data-start=\"4545\" data-end=\"4560\">Vimto Crush<\/strong>\u00a0convinge prin complexitatea \u0219i prospe\u021bimea sa, care asigur\u0103 o experien\u021b\u0103 de vaporizare revigorant\u0103. Este o alegere excelent\u0103 pentru cei care vapingeaz\u0103 \u0219i sunt \u00een c\u0103utarea a ceva unic \u0219i incitant.<\/p>\n<\/li>\n<\/ol>\n<h2 data-start=\"0\" data-end=\"107\"><img loading=\"lazy\" decoding=\"async\" class=\"alignnone wp-image-2299 size-full\" title=\"Arymi IFun 28000 Z\u00fcge Einweg E Zigarette - Red apple - vimto Crush 2 se traduce en Arymi IFun 28000 puffs e-\u021bigar\u0103 de unic\u0103 folosin\u021b\u0103 - M\u0103r ro\u0219u - vimto Crush 2\" src=\"https:\/\/alfakher24h.de\/wp-content\/uploads\/2025\/03\/arymi-hookalit-2.webp\" sizes=\"auto, (max-width: 1077px) 100vw, 1077px\" srcset=\"https:\/\/alfakher24h.de\/wp-content\/uploads\/2025\/03\/arymi-hookalit-2.webp 1077w, https:\/\/alfakher24h.de\/wp-content\/uploads\/2025\/03\/arymi-hookalit-2-300x284.webp 300w, https:\/\/alfakher24h.de\/wp-content\/uploads\/2025\/03\/arymi-hookalit-2-1024x970.webp 1024w, https:\/\/alfakher24h.de\/wp-content\/uploads\/2025\/03\/arymi-hookalit-2-768x727.webp 768w, https:\/\/alfakher24h.de\/wp-content\/uploads\/2025\/03\/arymi-hookalit-2-13x12.webp 13w, https:\/\/alfakher24h.de\/wp-content\/uploads\/2025\/03\/arymi-hookalit-2-600x568.webp 600w\" alt=\"Arymi IFun 28000 Z\u00fcge Einweg E Zigarette - Red apple - vimto Crush se traduce in Arymi IFun 28000 puffs E-\u021bigar\u0103 de unic\u0103 folosin\u021b\u0103 - M\u0103r ro\u0219u - vimto Crush\" width=\"1077\" height=\"1020\" \/><\/h2>\n<h3 data-start=\"4759\" data-end=\"4836\">De ce ar trebui s\u0103 le\u00a0<strong data-start=\"4777\" data-end=\"4821\">Arymi IFun 28000 Zug\u00a0<a href=\"https:\/\/alfakher24h.de\/ro\/\">E-\u021bigaret\u0103 de unic\u0103 folosin\u021b\u0103<\/a><\/strong>\u00a0ar trebui s\u0103 cumpere<\/h3>\n<ul data-start=\"4838\" data-end=\"5735\">\n<li data-start=\"4838\" data-end=\"5011\"><strong data-start=\"4840\" data-end=\"4858\">Durabilitate<\/strong>\u00a0Cu o\u00a0<strong data-start=\"4869\" data-end=\"4898\">Capacitatea de 28000 trenuri<\/strong>\u00a0Primi\u021bi o experien\u021b\u0103 de vaporizare excep\u021bional de lung\u0103 durat\u0103 - ideal\u0103 pentru utilizarea zilnic\u0103 \u0219i \u00een deplasare.<\/li>\n<li data-start=\"5012\" data-end=\"5196\"><strong data-start=\"5014\" data-end=\"5052\">Practic\u0103 \u0219i u\u0219or de utilizat:<\/strong>\u00a0Das\u00a0<strong data-start=\"5057\" data-end=\"5087\">design prietenos cu utilizatorul<\/strong>\u00a0der\u00a0<strong data-start=\"5092\" data-end=\"5114\">E-\u021bigaret\u0103 de unic\u0103 folosin\u021b\u0103<\/strong>\u00a0nu necesit\u0103 o manipulare complicat\u0103. Pur \u0219i simplu scoate\u021bi, vapora\u021bi \u0219i bucura\u021bi-v\u0103.<\/li>\n<li data-start=\"5197\" data-end=\"5358\"><strong data-start=\"5199\" data-end=\"5236\">Variate arome:<\/strong>\u00a0Die\u00a0<strong data-start=\"5241\" data-end=\"5264\">multiple arome<\/strong>\u00a0cum\u00a0<strong data-start=\"5269\" data-end=\"5282\">M\u0103r Ro\u0219u<\/strong>\u00a0\u0219i\u00a0<strong data-start=\"5287\" data-end=\"5302\">Vimto Crush<\/strong>\u00a0ofer\u0103 pentru fiecare gust experien\u021ba perfect\u0103 de vaporizare.<\/li>\n<li data-start=\"5359\" data-end=\"5562\"><strong data-start=\"5361\" data-end=\"5393\">Comod \u0219i prietenos cu mediul:<\/strong>\u00a0Datorit\u0103\u00a0<strong data-start=\"5403\" data-end=\"5449\">Baterie re\u00eenc\u0103rcabil\u0103 cu \u00eenc\u0103rcare Type-C<\/strong>\u00a0Acest produs nu este numai convenabil de utilizat, ci \u0219i mai prietenos cu mediul dec\u00e2t produsele de unic\u0103 folosin\u021b\u0103 tradi\u021bionale.<\/li>\n<li data-start=\"5563\" data-end=\"5735\"><strong data-start=\"5565\" data-end=\"5592\">Puterea optim\u0103 de nicotin\u0103:<\/strong>\u00a0Cu o\u00a0<strong data-start=\"5603\" data-end=\"5627\">Cantitatea de nicotin\u0103 de 2 1\/3<\/strong>\u00a0Ofer\u0103 aceast\u0103 \u021bigar\u0103 electronic\u0103 compromisul perfect pentru vapori care doresc o experien\u021b\u0103 de vaporizare echilibrat\u0103.<\/li>\n<\/ul>\n<h3 data-start=\"5737\" data-end=\"5745\">\u00centreb\u0103ri frecvente<\/h3>\n<p data-start=\"5747\" data-end=\"5823\"><strong data-start=\"5747\" data-end=\"5823\">1. Este \u021bigara electronic\u0103 de unic\u0103 folosin\u021b\u0103 Arymi IFun 28000 de \u0219tearc\u0103 reutilizabil\u0103?<\/strong><\/p>\n<p data-start=\"5825\" data-end=\"5986\">Da, cele\u00a0<strong data-start=\"5833\" data-end=\"5877\">Arymi IFun 28000 Z\u00fcge Einweg E Zigarette \n\nse traduce \u00een \n\nArymi IFun 28000 de trac\u021biuni E-\u021bigar\u0103 de unic\u0103 folosin\u021b\u0103<\/strong>\u00a0este cu una\u00a0<strong data-start=\"5892\" data-end=\"5919\">600 mAh baterie cu cobalt<\/strong>\u00a0dotate, care prin\u00a0<strong data-start=\"5942\" data-end=\"5962\">Cablu de \u00eenc\u0103rcare tip C<\/strong>\u00a0poate fi \u00eenc\u0103rcat.<\/p>\n<p data-start=\"5988\" data-end=\"6051\"><strong data-start=\"5988\" data-end=\"6051\">2. C\u00e2te pufuri pot savura cu aceast\u0103 \u021bigar\u0103 electronic\u0103?<\/strong><\/p>\n<p data-start=\"6053\" data-end=\"6189\">Cu ajutorul\u00a0<strong data-start=\"6061\" data-end=\"6105\">Arymi IFun 28000 Z\u00fcge Einweg E Zigarette \n\nse traduce \u00een \n\nArymi IFun 28000 de trac\u021biuni E-\u021bigar\u0103 de unic\u0103 folosin\u021b\u0103<\/strong>\u00a0p\u00e2n\u0103 la\u00a0<strong data-start=\"6124\" data-end=\"6138\">28000 trenuri<\/strong>\u00a0Bucura\u021bi-v\u0103, ceea ce garanteaz\u0103 o durat\u0103 de via\u021b\u0103 lung\u0103.<\/p>\n<p data-start=\"6191\" data-end=\"6256\"><strong data-start=\"6191\" data-end=\"6256\">3. Pot personaliza experien\u021ba de vaporizare \u00een func\u021bie de preferin\u021bele mele?<\/strong><\/p>\n<p data-start=\"6258\" data-end=\"6403\">Da, cele\u00a0<strong data-start=\"6266\" data-end=\"6288\">E-\u021bigaret\u0103 de unic\u0103 folosin\u021b\u0103<\/strong>\u00a0dispune de o\u00a0<strong data-start=\"6307\" data-end=\"6334\">debit de aer reglabil<\/strong>, cu care pute\u021bi personaliza vaparea \u00een func\u021bie de dorin\u021bele dvs.<\/p>\n<p data-start=\"6405\" data-end=\"6455\"><strong data-start=\"6405\" data-end=\"6455\">C\u00e2t de mult nicotin\u0103 con\u021bine aceast\u0103 \u021bigar\u0103 electronic\u0103?<\/strong><\/p>\n<p data-start=\"6457\" data-end=\"6568\">Die\u00a0<strong data-start=\"6461\" data-end=\"6505\">Arymi IFun 28000 Z\u00fcge Einweg E Zigarette \n\nse traduce \u00een \n\nArymi IFun 28000 de trac\u021biuni E-\u021bigar\u0103 de unic\u0103 folosin\u021b\u0103<\/strong>\u00a0con\u021bine\u00a0<strong data-start=\"6514\" data-end=\"6529\">2 % nicotin\u0103<\/strong>care asigur\u0103 o doz\u0103 echilibrat\u0103.<\/p>\n<p data-start=\"6570\" data-end=\"6645\"><strong data-start=\"6570\" data-end=\"6645\">5. De unde pot cump\u0103ra \u021bigara electronic\u0103 de unic\u0103 folosin\u021b\u0103 Arymi IFun 28000 de trageri?<\/strong><\/p>\n<p data-start=\"6647\" data-end=\"6809\">Die\u00a0<strong data-start=\"6651\" data-end=\"6695\">Arymi IFun 28000 Z\u00fcge Einweg E Zigarette \n\nse traduce \u00een \n\nArymi IFun 28000 de trac\u021biuni E-\u021bigar\u0103 de unic\u0103 folosin\u021b\u0103<\/strong> este disponibil exclusiv pe alfakher24h.de, cel mai mare magazin online pentru\u00a0<strong data-start=\"6773\" data-end=\"6793\">Vape de unic\u0103 folosin\u021b\u0103<\/strong>\u00a0\u00een Germania.<\/p>\n<h3 data-start=\"6811\" data-end=\"6820\">Concluzie<\/h3>\n<p data-start=\"6822\" data-end=\"7266\">Die\u00a0<strong data-start=\"6826\" data-end=\"6870\">Arymi IFun 28000 Z\u00fcge Einweg E Zigarette \n\nse traduce \u00een \n\nArymi IFun 28000 de trac\u021biuni E-\u021bigar\u0103 de unic\u0103 folosin\u021b\u0103<\/strong>\u00a0este alegerea ideal\u0103 pentru vapori \u00een\u00a0<strong data-start=\"6906\" data-end=\"6921\">Deutschland<\/strong>care caut\u0103 o \u021bigar\u0103 electronic\u0103 de \u00eenalt\u0103 calitate, cu durat\u0103 lung\u0103 de via\u021b\u0103 \u0219i cu o varietate de arome. Cu o capacitate de\u00a0<strong data-start=\"7043\" data-end=\"7061\">28 ml E-Liquid<\/strong>unei cifr\u0103 impresionant\u0103 de\u00a0<strong data-start=\"7094\" data-end=\"7109\">28.000 de trenuri<\/strong>\u00a0\u0219i o selec\u021bie de arome delicioase, cum ar fi\u00a0<strong data-start=\"7167\" data-end=\"7180\">M\u0103r Ro\u0219u<\/strong>\u00a0\u0219i\u00a0<strong data-start=\"7185\" data-end=\"7200\">Vimto Crush<\/strong>\u00a0ofer\u0103 acest model tot ce dore\u0219te inima unui vapeur.<\/p>\n<p data-start=\"7268\" data-end=\"7413\" data-is-last-node=\"\">Cump\u0103ra\u021bi-le pe\u00a0<strong data-start=\"7283\" data-end=\"7327\">Arymi IFun 28000 Z\u00fcge Einweg E Zigarette \n\nse traduce \u00een \n\nArymi IFun 28000 de trac\u021biuni E-\u021bigar\u0103 de unic\u0103 folosin\u021b\u0103<\/strong> \u00cenc\u0103 ast\u0103zi pe alfakher24h.de \u0219i experimenta\u021bi vaporizarea la un nivel nou!<\/p>","protected":false},"excerpt":{"rendered":"<p><strong data-start=\"6826\" data-end=\"6870\">Arymi IFun 28000 Z\u00fcge Einweg E Zigarette \n\nse traduce \u00een \n\nArymi IFun 28000 de trac\u021biuni E-\u021bigar\u0103 de unic\u0103 folosin\u021b\u0103<\/strong>\u00a0este alegerea ideal\u0103 pentru vapori \u00een\u00a0<strong data-start=\"6906\" data-end=\"6921\">Deutschland<\/strong>care caut\u0103 o \u021bigar\u0103 electronic\u0103 de \u00eenalt\u0103 calitate, cu durat\u0103 lung\u0103 de via\u021b\u0103 \u0219i cu o varietate de arome. Cu o capacitate de\u00a0<strong data-start=\"7043\" data-end=\"7061\">28 ml E-Liquid<\/strong><\/p>","protected":false},"featured_media":1759,"comment_status":"open","ping_status":"closed","template":"","meta":{"om_disable_all_campaigns":false},"product_brand":[],"product_cat":[45],"product_tag":[],"class_list":{"0":"post-1758","1":"product","2":"type-product","3":"status-publish","4":"has-post-thumbnail","6":"product_cat-arymi-ifun-28000","8":"first","9":"outofstock","10":"shipping-taxable","11":"purchasable","12":"product-type-simple"},"_links":{"self":[{"href":"https:\/\/alfakher24h.de\/ro\/wp-json\/wp\/v2\/product\/1758","targetHints":{"allow":["GET"]}}],"collection":[{"href":"https:\/\/alfakher24h.de\/ro\/wp-json\/wp\/v2\/product"}],"about":[{"href":"https:\/\/alfakher24h.de\/ro\/wp-json\/wp\/v2\/types\/product"}],"replies":[{"embeddable":true,"href":"https:\/\/alfakher24h.de\/ro\/wp-json\/wp\/v2\/comments?post=1758"}],"wp:featuredmedia":[{"embeddable":true,"href":"https:\/\/alfakher24h.de\/ro\/wp-json\/wp\/v2\/media\/1759"}],"wp:attachment":[{"href":"https:\/\/alfakher24h.de\/ro\/wp-json\/wp\/v2\/media?parent=1758"}],"wp:term":[{"taxonomy":"product_brand","embeddable":true,"href":"https:\/\/alfakher24h.de\/ro\/wp-json\/wp\/v2\/product_brand?post=1758"},{"taxonomy":"product_cat","embeddable":true,"href":"https:\/\/alfakher24h.de\/ro\/wp-json\/wp\/v2\/product_cat?post=1758"},{"taxonomy":"product_tag","embeddable":true,"href":"https:\/\/alfakher24h.de\/ro\/wp-json\/wp\/v2\/product_tag?post=1758"}],"curies":[{"name":"wp","href":"https:\/\/api.w.org\/{rel}","templated":true}]}}