{"id":1756,"date":"2025-03-11T05:07:49","date_gmt":"2025-03-11T05:07:49","guid":{"rendered":"https:\/\/alfakher24h.de\/?post_type=product&#038;p=1756"},"modified":"2025-07-12T13:27:56","modified_gmt":"2025-07-12T13:27:56","slug":"httperror-response-code-429-too-many-requests-23","status":"publish","type":"product","link":"https:\/\/alfakher24h.de\/ro\/produs\/httperror-response-code-429-too-many-requests-23\/","title":{"rendered":"Arymi IFun 28000 Z\u00fcge Einweg E Zigarette \u2013 Cherry Cola \u2013 Strawberry Ice Cream \n\n se traduce \u00een \n\nArymi IFun 28000 puffs e-\u021bigar\u0103 de unic\u0103 folosin\u021b\u0103 \u2013 Cherry Cola \u2013 Strawberry Ice Cream"},"content":{"rendered":"<h2 data-start=\"439\" data-end=\"528\">Arymi IFun 28000 Z\u00fcge\u00a0Einweg E-Zigarette \u2013 Cel mai bun plaisir de vapotat pentru Germania<\/h2>\n<div style=\"width: 848px;\" class=\"wp-video\"><video class=\"wp-video-shortcode\" id=\"video-1756-1\" width=\"848\" height=\"478\" preload=\"metadata\" controls=\"controls\"><source type=\"video\/mp4\" src=\"https:\/\/alfakher24h.de\/wp-content\/uploads\/2025\/03\/VID-20241031-WA0010.mp4?_=1\" \/><a href=\"https:\/\/alfakher24h.de\/wp-content\/uploads\/2025\/03\/VID-20241031-WA0010.mp4\">https:\/\/alfakher24h.de\/wp-content\/uploads\/2025\/03\/VID-20241031-WA0010.mp4<\/a><\/video><\/div>\n<p data-start=\"530\" data-end=\"1270\">Die\u00a0<strong data-start=\"534\" data-end=\"578\">Arymi IFun 28000 de \u021bigarete electronice de unic\u0103 folosin\u021b\u0103<\/strong>\u00a0este alegerea perfect\u0103 pentru iubitorii de vape din Germania, care sunt \u00een c\u0103utarea unei \u021big\u0103ri electronice de \u00eenalt\u0103 calitate, puternice \u0219i u\u0219or de utilizat. Cu designul s\u0103u impresionant, performan\u021ba excep\u021bional\u0103 \u0219i o varietate de arome delicioase,\u00a0<strong data-start=\"869\" data-end=\"883\">IFun 28000<\/strong>\u00a0tot ce v\u0103 dori\u021bi de la un vape de unic\u0103 folosin\u021b\u0103 este disponibil. Datorit\u0103 unei capacit\u0103\u021bi de p\u00e2n\u0103 la\u00a0<strong data-start=\"983\" data-end=\"999\">28.000 de trenuri<\/strong>\u00a0\u0219i\u00a0<strong data-start=\"1004\" data-end=\"1021\">30ml lichid electronic<\/strong>combinant cu o\u00a0<strong data-start=\"1044\" data-end=\"1066\">2 % Nicotin\u0103-putere<\/strong>ofer\u0103 aceast\u0103 model o experien\u021b\u0103 de vaporizare la cel mai \u00eenalt nivel. Cump\u0103ra\u021bi-v\u0103 \n Nu, aici se potriveste doar traducerea: \n\nofer\u0103 aceast\u0103 model o experien\u021b\u0103 de vaporizare la cel mai \u00eenalt nivel. Cump\u0103ra\u021bi \u60a8\u7684 - &gt; Cump\u0103ra\u021bi\u00a0<strong data-start=\"1146\" data-end=\"1168\">E-\u021bigaret\u0103 de unic\u0103 folosin\u021b\u0103<\/strong> direct pe alfakher24h.de, cea mai mare platform\u0103 online de v\u00e2nz\u0103ri de vape de unic\u0103 folosin\u021b\u0103 din Germania!<\/p>\n<h3 data-start=\"1272\" data-end=\"1339\">Descrierea produsului Arymi IFun 28000 de trag\u0103ri  \u021bigar\u0103 electronic\u0103 de unic\u0103 folosin\u021b\u0103<\/h3>\n<p data-start=\"1341\" data-end=\"1982\">Die\u00a0<strong data-start=\"1345\" data-end=\"1389\">Arymi IFun 28000 de \u021bigarete electronice de unic\u0103 folosin\u021b\u0103<\/strong>\u00a0este o oper\u0103 tehnologic\u0103 de art\u0103, care v\u0103 r\u0103sf\u0103\u021b\u0103 la fiecare tragere cu o varietate exquisit\u0103 de arome \u0219i un miros de nicotin\u0103 impresionant de intens. Cu o\u00a0<strong data-start=\"1554\" data-end=\"1587\">Capacitate baterie de 600 mAh<\/strong>\u00a0\u0219i unul\u00a0<strong data-start=\"1598\" data-end=\"1630\">Capacitate de 28 ml de lichid electronic<\/strong>care deserve p\u00e2n\u0103 la 28.000 de trenuri, acest produs ofer\u0103 o durat\u0103 de via\u021b\u0103 excep\u021bional de lung\u0103 \u0219i permite o utilizare pl\u0103cut\u0103 \u0219i f\u0103r\u0103 stres pentru multe zile.\u00a0<strong data-start=\"1794\" data-end=\"1815\">2 % Nicotin\u0103 tare<\/strong>\u00a0ofer\u0103 o experien\u021b\u0103 de vaporizare pl\u0103cut\u0103 \u0219i satisf\u0103c\u0103toare, special conceput\u0103 pentru fum\u0103tori \u0219i vapori experimenta\u021bi care caut\u0103 experien\u021ba obi\u0219nuit\u0103 cu nicotin\u0103.<\/p>\n<h3 data-start=\"1984\" data-end=\"2001\">Caracteristici cheie:<\/h3>\n<ul data-start=\"2003\" data-end=\"2863\">\n<li data-start=\"2003\" data-end=\"2103\"><strong data-start=\"2005\" data-end=\"2028\">P\u00e2n\u0103 la 28.000 de trenuri:<\/strong>\u00a0Experimenta\u021bi o durat\u0103 de via\u021b\u0103 f\u0103r\u0103 precedent pentru experien\u021ba dvs. de vape.<\/li>\n<li data-start=\"2104\" data-end=\"2186\"><strong data-start=\"2106\" data-end=\"2135\">28 ml capacitate de e-lichid:<\/strong>\u00a0Mai mult lichid pentru perioade mai lungi de timp f\u0103r\u0103 realimentare.<\/li>\n<li data-start=\"2187\" data-end=\"2277\"><strong data-start=\"2189\" data-end=\"2205\">2 % Nicotin\u0103:<\/strong>\u00a0Un raport echilibrat de nicotin\u0103 pentru o vaporizare satisf\u0103c\u0103toare.<\/li>\n<li data-start=\"2278\" data-end=\"2370\"><strong data-start=\"2280\" data-end=\"2308\">Baterie de cobalt 600 mAh:<\/strong>\u00a0Performan\u021b\u0103 ridicat\u0103 \u0219i timpi de \u00eenc\u0103rcare rapide pentru o putere constant\u0103.<\/li>\n<li data-start=\"2371\" data-end=\"2478\"><strong data-start=\"2373\" data-end=\"2410\">Bobin\u0103 Mesh Dual\u0103 (1,0 \u03a9):<\/strong>\u00a0Bobin\u0103 Mesh Premium pentru o produc\u021bie de vapori uniform\u0103 \u0219i bogat\u0103.<\/li>\n<li data-start=\"2479\" data-end=\"2593\"><strong data-start=\"2481\" data-end=\"2509\">Debit de aer reglabil:<\/strong>\u00a0Regla\u021bi fluxul de aer \u00een func\u021bie de preferin\u021bele dvs. pentru a personaliza experien\u021ba de vaporizare.<\/li>\n<li data-start=\"2594\" data-end=\"2714\"><strong data-start=\"2596\" data-end=\"2631\">Indicator de e-lichid \u0219i baterie:<\/strong>\u00a0Anun\u021burile practice afi\u0219eaz\u0103 starea curent\u0103 a bateriei \u0219i a lichidului electronic.<\/li>\n<li data-start=\"2715\" data-end=\"2863\"><strong data-start=\"2717\" data-end=\"2735\">Sistem de unic\u0103 folosin\u021b\u0103:<\/strong>\u00a0Nu este necesar\u0103 re\u00eenc\u0103rcarea sau completarea - pur \u0219i simplu bucura\u021bi-v\u0103 de utilizare \u0219i apoi arunca\u021bi dispozitivul dup\u0103 utilizare.<\/li>\n<\/ul>\n<h3>De ce Arymi IFun 28000 de \u021bigarete electronice de unic\u0103 folosin\u021b\u0103 este cea mai bun\u0103 alegere:<\/h3>\n<p data-start=\"2941\" data-end=\"3656\">Die\u00a0<strong data-start=\"2945\" data-end=\"2989\">Arymi IFun 28000 de \u021bigarete electronice de unic\u0103 folosin\u021b\u0103<\/strong>\u00a0ofer\u0103 nu numai performan\u021be ridicate, ci \u0219i func\u021bii u\u0219or de utilizat, care o fac alegerea preferat\u0103 pentru vapori\u0219tii din Germania. The\u00a0<strong data-start=\"3135\" data-end=\"3170\">controlul debitului de aer reglabil<\/strong>\u00a0v\u0103 permite s\u0103 regla\u021bi individual rezisten\u021ba \u0219i cantitatea de vapori - ideal at\u00e2t pentru \u00eencep\u0103tori, c\u00e2t \u0219i pentru vapori experimenta\u021bi. \u00cen plus, este\u00a0<strong data-start=\"3328\" data-end=\"3341\">Mesh Coil<\/strong>\u00a0o alegere excelent\u0103 pentru a maximiza gustul \u0219i produc\u021bia de vapori, duc\u00e2nd la o experien\u021b\u0103 de vaporizare mai intens\u0103 \u0219i mai moale. Cu o capacitate de\u00a0<strong data-start=\"3509\" data-end=\"3527\">28 ml E-Liquid<\/strong>\u00a0\u0219i unul\u00a0<strong data-start=\"3538\" data-end=\"3571\">Capacitate baterie de 600 mAh<\/strong>\u00a0va putea bucura de dispozitiv timp de multe zile \u00eenainte de a fi nevoit s\u0103-l arunce.<\/p>\n<h3 data-start=\"3658\" data-end=\"3718\">E-Zigarette de unic\u0103 folosin\u021b\u0103 cu diferite arome<\/h3>\n<p data-start=\"3720\" data-end=\"4019\">Das Besondere an der\u00a0<strong data-start=\"3741\" data-end=\"3785\">Arymi IFun 28000 de \u021bigarete electronice de unic\u0103 folosin\u021b\u0103<\/strong>\u00a0nu este doar performan\u021ba remarcabil\u0103, ci \u0219i diversitatea\u00a0<strong data-start=\"3858\" data-end=\"3868\">Aromele<\/strong>Cu op\u021biunile delicioase\u00a0<strong data-start=\"3898\" data-end=\"3913\">Cherry Cola<\/strong>\u00a0\u0219i\u00a0<strong data-start=\"3918\" data-end=\"3942\">Strawberry Ice Cream \n\n\u2192 \u00eenghe\u021bat\u0103 de c\u0103p\u0219uni<\/strong>\u00a0v\u0103 pute\u021bi bucura de o experien\u021b\u0103 de vaporizare unic\u0103 \u0219i delicioas\u0103.<\/p>\n<h4 data-start=\"4021\" data-end=\"4036\">Cherry Cola<\/h4>\n<p data-start=\"4038\" data-end=\"4491\">Experimenta\u021bi gustul r\u0103coritor al\u00a0<strong data-start=\"4082\" data-end=\"4097\">Cherry Cola<\/strong>care combin\u0103 dulcea\u021ba \u0219i savoarea de Cola cu nota dulce \u0219i fructat\u0103 a cire\u0219elor. Aceast\u0103 arom\u0103 v\u0103 va r\u0103sf\u0103\u021ba papilele gustative cu un amestec perfect de aciditate \u0219i dulcea\u021b\u0103. Cola v\u0103 ofer\u0103 o senza\u021bie de prospe\u021bime \u0219i revigorare, \u00een timp ce gustul fructat de cire\u0219e completeaz\u0103 experien\u021ba de vaping - ideal pentru cei care prefer\u0103 arome fructate \u0219i r\u0103coritoare.<\/p>\n<h4 data-start=\"4493\" data-end=\"4517\">Strawberry Ice Cream \n\n\u2192 \u00eenghe\u021bat\u0103 de c\u0103p\u0219uni<\/h4>\n<p data-start=\"4519\" data-end=\"4952\">Pentru fanii aromelor cremioase \u0219i dulci este\u00a0<strong data-start=\"4562\" data-end=\"4586\">Strawberry Ice Cream \n\n\u2192 \u00eenghe\u021bat\u0103 de c\u0103p\u0219uni<\/strong>\u00a0Alegerea perfect\u0103. Aceast\u0103 arom\u0103 ofer\u0103 gustul delicios al c\u0103p\u0219unilor proaspete, combinate cu o \u00eenghe\u021bat\u0103 de vanilie m\u0103t\u0103soas\u0103. Este ca \u0219i cum ai savura o lingur\u0103 de \u00eenghe\u021bat\u0103 cremoas\u0103 \u00een timp ce vapezi. Combina\u021bia dintre c\u0103p\u0219una dulce \u0219i vanilia rece, cremoas\u0103 ofer\u0103 o experien\u021b\u0103 de gust real\u0103, pe care o po\u021bi bucura la fiecare puf.<\/p>\n<h2 data-start=\"0\" data-end=\"107\"><img loading=\"lazy\" decoding=\"async\" class=\"alignnone wp-image-2299 size-full\" title=\"Arymi IFun 28000 Z\u00fcge Einweg E Zigarette - Cherry Cola - Strawberry Ice Cream 2 becomes Arymi IFun 28000 de \u021bigarete electronice de unic\u0103 folosin\u021b\u0103 - Cherry Cola - Strawberry Ice Cream 2\" src=\"https:\/\/alfakher24h.de\/wp-content\/uploads\/2025\/03\/arymi-hookalit-2.webp\" sizes=\"auto, (max-width: 1077px) 100vw, 1077px\" srcset=\"https:\/\/alfakher24h.de\/wp-content\/uploads\/2025\/03\/arymi-hookalit-2.webp 1077w, https:\/\/alfakher24h.de\/wp-content\/uploads\/2025\/03\/arymi-hookalit-2-300x284.webp 300w, https:\/\/alfakher24h.de\/wp-content\/uploads\/2025\/03\/arymi-hookalit-2-1024x970.webp 1024w, https:\/\/alfakher24h.de\/wp-content\/uploads\/2025\/03\/arymi-hookalit-2-768x727.webp 768w, https:\/\/alfakher24h.de\/wp-content\/uploads\/2025\/03\/arymi-hookalit-2-13x12.webp 13w, https:\/\/alfakher24h.de\/wp-content\/uploads\/2025\/03\/arymi-hookalit-2-600x568.webp 600w\" alt=\"Arymi IFun 28000 Z\u00fcge Einweg E Zigarette - Cherry Cola - Strawberry Ice Cream se traduce \u00een Arymi IFun 28000 puffs e-\u021bigar\u0103 de unic\u0103 folosin\u021b\u0103 - Cherry Cola - Strawberry Ice Cream\" width=\"1077\" height=\"1020\" \/><\/h2>\n<h3 data-start=\"4954\" data-end=\"5014\">Alte propriet\u0103\u021bi remarcabile ale Arymi IFun 28000<\/h3>\n<ul data-start=\"5016\" data-end=\"5584\">\n<li data-start=\"5016\" data-end=\"5155\"><strong data-start=\"5018\" data-end=\"5041\">U\u0219or \u0219i portabil:<\/strong>\u00a0Die\u00a0<strong data-start=\"5046\" data-end=\"5090\">Arymi IFun 28000 de \u021bigarete electronice de unic\u0103 folosin\u021b\u0103<\/strong>\u00a0Este compact \u0219i se potrive\u0219te f\u0103r\u0103 probleme \u00een geant\u0103 sau \u00een po\u0219et\u0103.<\/li>\n<li data-start=\"5156\" data-end=\"5311\"><strong data-start=\"5158\" data-end=\"5189\">Nu este necesar\u0103 \u00eentre\u021binerea:<\/strong>\u00a0Nu este nevoie de re\u00eenc\u0103rcare sau de piese suplimentare - utiliza\u021bi \u0219i arunca\u021bi c\u00e2nd cernelurile sunt epuizate.<\/li>\n<li data-start=\"5312\" data-end=\"5444\"><strong data-start=\"5314\" data-end=\"5338\">Manipulare u\u0219oar\u0103:<\/strong>\u00a0Cu o\u00a0<strong data-start=\"5349\" data-end=\"5372\">utilizare u\u0219oar\u0103<\/strong>\u00a0\u0219i unul\u00a0<strong data-start=\"5383\" data-end=\"5407\">design ergonomic<\/strong>\u00a0este intuitiv \u0219i convenabil s\u0103 vapezi.<\/li>\n<li data-start=\"5445\" data-end=\"5584\"><strong data-start=\"5447\" data-end=\"5474\">Sigur \u0219i de \u00eencredere:<\/strong>\u00a0Der\u00a0<strong data-start=\"5479\" data-end=\"5497\">Protec\u021bia bateriei<\/strong>\u00a0\u0219i \nea\u00a0<strong data-start=\"5506\" data-end=\"5536\">Evitarea supra\u00eenc\u0103lzirii<\/strong>\u00a0V\u0103 ofer\u0103 siguran\u021ba pe care o merita\u021bi.<\/li>\n<\/ul>\n<h3 data-start=\"5586\" data-end=\"5619\">\u00centreb\u0103ri frecvente (FAQ)<\/h3>\n<h4 data-start=\"5621\" data-end=\"5688\">1. C\u00e2t de mult dureaz\u0103 \u021bigara electronic\u0103 de unic\u0103 folosin\u021b\u0103 Arymi IFun 28000 de puffs?<\/h4>\n<p data-start=\"5689\" data-end=\"5849\">Cu o\u00a0<strong data-start=\"5699\" data-end=\"5731\">Capacitate de 28 ml de lichid electronic<\/strong>\u00a0\u0219i\u00a0<strong data-start=\"5736\" data-end=\"5752\">28.000 de trenuri<\/strong>\u00a0Pute\u021bi utiliza aceast\u0103 \u021bigar\u0103 electronic\u0103 timp de mai multe zile, \u00een func\u021bie de frecven\u021ba vape-ului.<\/p>\n<h4 data-start=\"5851\" data-end=\"5915\">2. Poate fi reumplut\u0103 e-\u021bigara Arymi IFun 28000?<\/h4>\n<p data-start=\"5916\" data-end=\"6051\">Nu, cele\u00a0<strong data-start=\"5926\" data-end=\"5970\">Arymi IFun 28000 de \u021bigarete electronice de unic\u0103 folosin\u021b\u0103<\/strong>\u00a0este un\u00a0<strong data-start=\"5979\" data-end=\"5996\">produs de unic\u0103 folosin\u021b\u0103<\/strong>care este aruncat dup\u0103 ce lichidul electronic este consumat.<\/p>\n<h4 data-start=\"6053\" data-end=\"6106\">3. Care este puterea de nicotin\u0103 a Arymi IFun 28000?<\/h4>\n<p data-start=\"6107\" data-end=\"6242\">Die\u00a0<strong data-start=\"6111\" data-end=\"6155\">Arymi IFun 28000 de \u021bigarete electronice de unic\u0103 folosin\u021b\u0103<\/strong>\u00a0con\u021bine\u00a0<strong data-start=\"6164\" data-end=\"6179\">2 % nicotin\u0103<\/strong>care ofer\u0103 o experien\u021b\u0103 de vaporizare pl\u0103cut\u0103 \u0219i satisf\u0103c\u0103toare.<\/p>\n<h4 data-start=\"6244\" data-end=\"6287\">4. Cum pot regla fluxul de aer?<\/h4>\n<p data-start=\"6288\" data-end=\"6483\">Die\u00a0<strong data-start=\"6292\" data-end=\"6336\">Arymi IFun 28000 de \u021bigarete electronice de unic\u0103 folosin\u021b\u0103<\/strong>\u00a0dispune de o\u00a0<strong data-start=\"6355\" data-end=\"6390\">controlul debitului de aer reglabil<\/strong>care v\u0103 permite s\u0103 controla\u021bi rezisten\u021ba \u0219i cantitatea de abur \u00een func\u021bie de preferin\u021bele dvs.<\/p>\n<h4 data-start=\"6485\" data-end=\"6535\">Ce arome sunt disponibile?<\/h4>\n<p data-start=\"6536\" data-end=\"6678\">\u00cen prezent sunt\u00a0<strong data-start=\"6553\" data-end=\"6568\">Cherry Cola<\/strong>\u00a0\u0219i\u00a0<strong data-start=\"6573\" data-end=\"6597\">Strawberry Ice Cream \n\n\u2192 \u00eenghe\u021bat\u0103 de c\u0103p\u0219uni<\/strong>\u00a0Arome disponibile. Ambele ofer\u0103 o experien\u021b\u0103 de vaporizare delicioas\u0103 \u0219i r\u0103coritoare.<\/p>\n<h3 data-start=\"6680\" data-end=\"6716\">De ce s\u0103 cump\u0103ra\u021bi de la alfakher24h.de?<\/h3>\n<p data-start=\"6718\" data-end=\"7103\"><strong data-start=\"6718\" data-end=\"6737\">alfakher24h.de alfakher24h.de<\/strong>\u00a0este\u00a0<strong data-start=\"6746\" data-end=\"6768\">cel mai mare magazin online<\/strong>\u00a0pentru\u00a0<strong data-start=\"6773\" data-end=\"6796\">E-\u021bigarete de unic\u0103 folosin\u021b\u0103<\/strong>\u00a0\u00een Germania. Noi oferim nu numai cele mai recente modele \u0219i arome, ci \u0219i cele mai bune pre\u021buri \u0219i o livrare rapid\u0103 direct la dumneavoastr\u0103 acas\u0103. Cump\u0103ra\u021bi\u60a8\u7684\u00a0<strong data-start=\"6984\" data-end=\"7028\">Arymi IFun 28000 de \u021bigarete electronice de unic\u0103 folosin\u021b\u0103<\/strong>\u00a0Ast\u0103zi \u00eenc\u0103 al\u0103turi de noi \u0219i experimenta\u021bi cea mai bun\u0103 experien\u021b\u0103 de vaping din Germania!<\/p>","protected":false},"excerpt":{"rendered":"<p><strong data-start=\"6718\" data-end=\"6737\">alfakher24h.de alfakherwelt.de<\/strong>\u00a0este\u00a0<strong data-start=\"6746\" data-end=\"6768\">cel mai mare magazin online<\/strong>\u00a0pentru\u00a0<strong data-start=\"6773\" data-end=\"6796\">E-\u021bigarete de unic\u0103 folosin\u021b\u0103<\/strong>\u00a0\u00cen Germania. Noi oferim nu numai cele mai recente modele \u0219i arome, ci \u0219i cele mai bune pre\u021buri \u0219i o livrare rapid\u0103 direct la dumneavoastr\u0103 acas\u0103<\/p>","protected":false},"featured_media":1757,"comment_status":"open","ping_status":"closed","template":"","meta":{"om_disable_all_campaigns":false},"product_brand":[],"product_cat":[45],"product_tag":[],"class_list":{"0":"post-1756","1":"product","2":"type-product","3":"status-publish","4":"has-post-thumbnail","6":"product_cat-arymi-ifun-28000","8":"first","9":"outofstock","10":"shipping-taxable","11":"purchasable","12":"product-type-simple"},"_links":{"self":[{"href":"https:\/\/alfakher24h.de\/ro\/wp-json\/wp\/v2\/product\/1756","targetHints":{"allow":["GET"]}}],"collection":[{"href":"https:\/\/alfakher24h.de\/ro\/wp-json\/wp\/v2\/product"}],"about":[{"href":"https:\/\/alfakher24h.de\/ro\/wp-json\/wp\/v2\/types\/product"}],"replies":[{"embeddable":true,"href":"https:\/\/alfakher24h.de\/ro\/wp-json\/wp\/v2\/comments?post=1756"}],"wp:featuredmedia":[{"embeddable":true,"href":"https:\/\/alfakher24h.de\/ro\/wp-json\/wp\/v2\/media\/1757"}],"wp:attachment":[{"href":"https:\/\/alfakher24h.de\/ro\/wp-json\/wp\/v2\/media?parent=1756"}],"wp:term":[{"taxonomy":"product_brand","embeddable":true,"href":"https:\/\/alfakher24h.de\/ro\/wp-json\/wp\/v2\/product_brand?post=1756"},{"taxonomy":"product_cat","embeddable":true,"href":"https:\/\/alfakher24h.de\/ro\/wp-json\/wp\/v2\/product_cat?post=1756"},{"taxonomy":"product_tag","embeddable":true,"href":"https:\/\/alfakher24h.de\/ro\/wp-json\/wp\/v2\/product_tag?post=1756"}],"curies":[{"name":"wp","href":"https:\/\/api.w.org\/{rel}","templated":true}]}}