{"id":1749,"date":"2025-03-10T11:26:46","date_gmt":"2025-03-10T11:26:46","guid":{"rendered":"https:\/\/alfakher24h.de\/?post_type=product&#038;p=1749"},"modified":"2025-07-12T13:27:56","modified_gmt":"2025-07-12T13:27:56","slug":"httperror-response-code-429-too-many-requests-31","status":"publish","type":"product","link":"https:\/\/alfakher24h.de\/ro\/produs\/httperror-response-code-429-too-many-requests-31\/","title":{"rendered":"Arymi IFun 28000 Z\u00fcge Einweg E Zigarette \u2013 Rainbow candy \u2013 Energy Drink \n\nbecomes \n\nArymi IFun 28000 de \u021bigarete electronice de unic\u0103 folosin\u021b\u0103 \u2013 Rainbow candy \u2013 Energy Drink"},"content":{"rendered":"<h2 data-start=\"0\" data-end=\"91\"><strong data-start=\"0\" data-end=\"91\"><a href=\"https:\/\/alfakher24h.de\/ro\/?post_type=product&amp;p=1749&amp;preview=true\">Arymi IFun 28000 Z\u00fcge Einweg E-Zigarette \n\n se traduce \u00een \n\nArymi IFun 28000 puffs \u021bigar\u0103 electronic\u0103 de unic\u0103 folosin\u021b\u0103<\/a> - Alegerea perfect\u0103 pentru o pl\u0103cere de lung\u0103 durat\u0103<\/strong><\/h2>\n<div style=\"width: 848px;\" class=\"wp-video\"><video class=\"wp-video-shortcode\" id=\"video-1749-1\" width=\"848\" height=\"478\" preload=\"metadata\" controls=\"controls\"><source type=\"video\/mp4\" src=\"https:\/\/alfakher24h.de\/wp-content\/uploads\/2025\/03\/VID-20241031-WA0010.mp4?_=1\" \/><a href=\"https:\/\/alfakher24h.de\/wp-content\/uploads\/2025\/03\/VID-20241031-WA0010.mp4\">https:\/\/alfakher24h.de\/wp-content\/uploads\/2025\/03\/VID-20241031-WA0010.mp4<\/a><\/video><\/div>\n<p data-start=\"93\" data-end=\"107\"><strong data-start=\"93\" data-end=\"107\">Introducere<\/strong><\/p>\n<p data-start=\"109\" data-end=\"652\">Die\u00a0<strong data-start=\"113\" data-end=\"157\">Arymi IFun 28000 Zug<a href=\"https:\/\/alfakher24h.de\/ro\/\"> E-Zigarette de unic\u0103 folosin\u021b\u0103<\/a><\/strong>\u00a0este una dintre cele mai bune op\u021biuni pentru to\u021bi cei care caut\u0103 o experien\u021b\u0103 de vaping intens\u0103 \u0219i de lung\u0103 durat\u0103. Acestea\u00a0<strong data-start=\"263\" data-end=\"285\">E-Zigarette de unic\u0103 folosin\u021b\u0103<\/strong>\u00a0nu este doar puternic \u0219i de \u00eencredere, dar ofer\u0103 \u0219i o gam\u0103 larg\u0103 de arome delicioase care maximizeaz\u0103 pl\u0103cerea la fiecare puf. Cu un num\u0103r impresionant de p\u00e2n\u0103 la\u00a0<strong data-start=\"477\" data-end=\"493\">28.000 de trenuri<\/strong>\u00a0\u0219i o varietate bogat\u0103\u00a0<strong data-start=\"518\" data-end=\"540\">Capacitatea E-Liquid<\/strong>\u00a0de 30 ml, Arymi IFun este un must-have pentru to\u021bi cei care doresc s\u0103-\u0219i ridice experien\u021ba de vaping la nivelul urm\u0103tor.<\/p>\n<p data-start=\"654\" data-end=\"980\">Ca cel mai mare comerciant online pentru\u00a0<strong data-start=\"685\" data-end=\"708\">E-Zigarete de unic\u0103 folosin\u021b\u0103<\/strong> \u00cen Germania, alfakher24h.de v\u0103 ofer\u0103 posibilitatea de a achizi\u021biona aceste produse de \u00eenalt\u0103 calitate\u00a0<strong data-start=\"792\" data-end=\"822\">Vape cu nicotin\u0103<\/strong>\u00a0u\u0219or \u0219i \u00een siguran\u021b\u0103 s\u0103 cump\u0103ra\u021bi. Descoperi\u021bi avantajele\u00a0<strong data-start=\"883\" data-end=\"927\">Arymi IFun 28000 de \u021bigarete electronice de unic\u0103 folosin\u021b\u0103<\/strong>\u00a0\u0219i experimenta\u021bi o experien\u021b\u0103 de aburi de neegalat.<\/p>\n<hr data-start=\"982\" data-end=\"985\" \/>\n<h3 data-start=\"987\" data-end=\"1058\"><strong data-start=\"990\" data-end=\"1058\">Descrierea produsului Arymi IFun 28000 de trageri\u00a0<a href=\"https:\/\/alfakher24h.de\/ro\/\">E-Zigarette de unic\u0103 folosin\u021b\u0103<\/a><\/strong><\/h3>\n<p data-start=\"1060\" data-end=\"1531\">Die\u00a0<strong data-start=\"1064\" data-end=\"1108\">Arymi IFun 28000 de \u021bigarete electronice de unic\u0103 folosin\u021b\u0103<\/strong>\u00a0este o vape premium, dezvoltat\u0103 special pentru vapori care apreciaz\u0103 calitatea, performan\u021ba \u0219i gustul. Acestea\u00a0<strong data-start=\"1232\" data-end=\"1254\">E-Zigarette de unic\u0103 folosin\u021b\u0103<\/strong>\u00a0nu este doar practic, ci \u0219i extrem de durabil. Cu o\u00a0<strong data-start=\"1322\" data-end=\"1355\">Capacitate baterie de 600 mAh<\/strong>\u00a0\u0219i posibilitatea de a comunica cu unul\u00a0<strong data-start=\"1387\" data-end=\"1411\">Conector USB Type-C<\/strong>\u00a0pentru a fi \u00eenc\u0103rcate, aceast\u0103 vape asigur\u0103 c\u0103 ave\u021bi \u00eentotdeauna suficient\u0103 energie pentru o vaporizare ne\u00eentrerupt\u0103.<\/p>\n<p data-start=\"1533\" data-end=\"2033\">Die\u00a0<strong data-start=\"1537\" data-end=\"1565\">28 ml capacitate de lichid electronic<\/strong>\u00a0ofer\u0103 o durat\u0103 de via\u021b\u0103 lung\u0103 \u0219i permite utilizatorului s\u0103 ajung\u0103 p\u00e2n\u0103 la\u00a0<strong data-start=\"1633\" data-end=\"1648\">28.000 de trenuri<\/strong>\u00a0a se bucura, f\u0103r\u0103 a fi nevoie s\u0103 re\u00eencarce constant vape-ul. Datorit\u0103\u00a0<strong data-start=\"1715\" data-end=\"1729\">Mesh Coils<\/strong>\u00a0cu o rezisten\u021b\u0103 de\u00a0<strong data-start=\"1755\" data-end=\"1779\">1.0 \u03a9 Dual Mesh Coil<\/strong>\u00a0devine fiecare tragere \u00eentr-o experien\u021b\u0103 de necomparat cu un nor de vapori dens \u0219i aromat.\u00a0<strong data-start=\"1885\" data-end=\"1909\">Debitul de aer reglabil<\/strong>\u00a0permite utilizatorului s\u0103 ajusteze intensitatea fluxului de aer \u00een func\u021bie de preferin\u021bele personale, ceea ce \u00eembun\u0103t\u0103\u021be\u0219te \u0219i mai mult experien\u021ba.<\/p>\n<p data-start=\"2035\" data-end=\"2482\">Die\u00a0<strong data-start=\"2039\" data-end=\"2083\">Arymi IFun 28000 de \u021bigarete electronice de unic\u0103 folosin\u021b\u0103<\/strong>\u00a0viene \u00eentr-o ambalare individual\u0103 practic\u0103 de\u00a0<strong data-start=\"2132\" data-end=\"2151\">120 g per buc\u0103\u021b\u0103<\/strong>\u00a0\u0219i este v\u00e2ndut \u00eentr-un pachet cu\u00a0<strong data-start=\"2182\" data-end=\"2194\">10 buc\u0103\u021bi<\/strong>\u00a0livrat. Pentru a oferi clien\u021bilor o experien\u021b\u0103 de cump\u0103rare simpl\u0103, va fi\u00a0<strong data-start=\"2271\" data-end=\"2285\">Arymi IFun<\/strong>\u00a0\u0219i \u00eentr-o cutie cu\u00a0<strong data-start=\"2311\" data-end=\"2324\">200 de buc\u0103\u021bi<\/strong>\u00a0Oferit. Aceast\u0103 vape este ideal\u0103 pentru utilizarea zilnic\u0103 \u0219i ofer\u0103 un echilibru excelent \u00eentre putere, portabilitate \u0219i u\u0219urin\u021b\u0103 \u00een utilizare.<\/p>\n<hr data-start=\"2484\" data-end=\"2487\" \/>\n<h3 data-start=\"2489\" data-end=\"2553\"><strong data-start=\"2492\" data-end=\"2553\">Caracteristici cheie ale Arymi IFun 28000 de tiri  E-\u021bigar\u0103 de unic\u0103 folosin\u021b\u0103<\/strong><\/h3>\n<ul data-start=\"2555\" data-end=\"3348\">\n<li data-start=\"2555\" data-end=\"2730\"><strong data-start=\"2557\" data-end=\"2596\">Impresionant\u0103 num\u0103r de pufuri (28.000 de trageri)<\/strong>\u00a0\u2013 Cu unul dintre cele mai mari num\u0103r\u0103ri de pe pia\u021b\u0103, IFun 28000 permite p\u00e2n\u0103 la 28.000 de pufuri pentru o experien\u021b\u0103 de vaporizare de lung\u0103 durat\u0103.<\/li>\n<li data-start=\"2731\" data-end=\"2884\"><strong data-start=\"2733\" data-end=\"2778\">Baterie re\u00eenc\u0103rcabil\u0103 cu \u00eenc\u0103rcare Type-C<\/strong>\u00a0\u2013 Practice\u00a0<strong data-start=\"2792\" data-end=\"2815\">Func\u021bie de \u00eenc\u0103rcare Type-C<\/strong>\u00a0asigur\u0103 \u00eenc\u0103rcarea rapid\u0103 \u0219i u\u0219oar\u0103 a\u00a0<strong data-start=\"2863\" data-end=\"2883\">600 mAh baterie<\/strong>.<\/li>\n<li data-start=\"2885\" data-end=\"2963\"><strong data-start=\"2887\" data-end=\"2914\">30ml capacitate de e-lichid<\/strong>\u00a0- Pentru o perioad\u0103 mai lung\u0103 de utilizare f\u0103r\u0103 re\u00eenc\u0103rcare continu\u0103.<\/li>\n<li data-start=\"2964\" data-end=\"3106\"><strong data-start=\"2966\" data-end=\"3018\">Bobin\u0103 Mesh Premium pentru un gust intens<\/strong>\u00a0- The\u00a0<strong data-start=\"3025\" data-end=\"3043\">Dual Mesh Coil<\/strong>\u00a0Asigur\u0103 un flux de aer uniform \u0219i maximizeaz\u0103 aroma.<\/li>\n<li data-start=\"3107\" data-end=\"3203\"><strong data-start=\"3109\" data-end=\"3133\">Debit de aer reglabil<\/strong>\u00a0\u2013 Optimiza\u021bi comportamentul tragerii pentru o experien\u021b\u0103 personalizat\u0103 de vaporizare.<\/li>\n<li data-start=\"3204\" data-end=\"3348\"><strong data-start=\"3206\" data-end=\"3228\">Variate de arome<\/strong>\u00a0- The\u00a0<strong data-start=\"3235\" data-end=\"3255\">Arymi IFun 28000<\/strong>\u00a0Ofer\u0103 o gam\u0103 larg\u0103 de arome, inclusiv Rainbow Candy \u0219i Energy Drink.<\/li>\n<\/ul>\n<hr data-start=\"3350\" data-end=\"3353\" \/>\n<h3 data-start=\"3355\" data-end=\"3398\"><strong data-start=\"3358\" data-end=\"3398\">Descriere detaliat\u0103 a aromelor<\/strong><\/h3>\n<p data-start=\"3400\" data-end=\"3652\">Die\u00a0<strong data-start=\"3404\" data-end=\"3414\">Aromele<\/strong>\u00a0der\u00a0<strong data-start=\"3419\" data-end=\"3463\">Arymi IFun 28000 de \u021bigarete electronice de unic\u0103 folosin\u021b\u0103<\/strong>\u00a0Ofer\u0103 o varietate de arome care satisfac chiar \u0219i cei mai preten\u021bio\u0219i vapori. \u00cen cele ce urmeaz\u0103, ve\u021bi g\u0103si o descriere detaliat\u0103 a celor mai populare arome:<\/p>\n<h4 data-start=\"3654\" data-end=\"3675\"><strong data-start=\"3658\" data-end=\"3675\">Rainbow Candy<\/strong><\/h4>\n<p data-start=\"3677\" data-end=\"4156\">Die\u00a0<strong data-start=\"3681\" data-end=\"3698\">Rainbow Candy<\/strong>Aceast\u0103 arom\u0103 este o adev\u0103rat\u0103 oper\u0103 de art\u0103 a gusturilor. Imagina\u021bi-v\u0103 un amestec colorat de diverse bomboane de fructe - de la note acre de citrice la c\u0103p\u0219uni dulci \u0219i cire\u0219e. Fiecare vapoare a acestei \u021big\u0103ri electronice dezv\u0103luie un kaleidoscop de arome fructate, care r\u0103sf\u0103\u021b\u0103 gustul cu o explozie de dulcea\u021b\u0103 \u0219i prospe\u021bime r\u0103coritoare. Gustul r\u0103m\u00e2ne mult timp dup\u0103 vapoare \u0219i asigur\u0103 astfel o experien\u021b\u0103 complet\u0103 \u0219i de succes pentru vapori.<\/p>\n<p data-start=\"4158\" data-end=\"4406\">Aceast\u0103 amestec de dulciuri fructate aminte\u0219te de popularii bomboane curcubeu \u0219i v\u0103 face s\u0103 v\u0103 cufunda\u021bi \u00een amintiri din copil\u0103rie. Este alegerea perfect\u0103 pentru cei care caut\u0103 un gust dulce, dar nu prea greu.<\/p>\n<h4 data-start=\"4408\" data-end=\"4428\"><strong data-start=\"4412\" data-end=\"4428\">Energy Drink<\/strong><\/h4>\n<p data-start=\"4430\" data-end=\"4878\">Pentru cei care iubesc gustul unei b\u0103uturi energizante revigorante, ofer\u0103\u00a0<strong data-start=\"4514\" data-end=\"4558\">Arymi IFun 28000 de \u021bigarete electronice de unic\u0103 folosin\u021b\u0103<\/strong>\u00a0Aroma unui energizant clasic. Aceast\u0103 varietate de gust combin\u0103 note de citrice r\u0103coritoare cu o urm\u0103 de arom\u0103 dulce de fructe de p\u0103dure, ceea ce confer\u0103 vaporiz\u0103rii o senza\u021bie de vitalitate \u0219i prospe\u021bime. Gustul aminte\u0219te de prospe\u021bimea revigorant\u0103 a unei b\u0103uturi bine r\u0103cite, care transmite energie \u0219i vitalitate.<\/p>\n<p data-start=\"4880\" data-end=\"5187\">Acest gust este ideal pentru cei care caut\u0103 un impuls de energie \u0219i prefer\u0103 o alternativ\u0103 r\u0103coritoare la aromele clasice de tutun. Echilibrul dintre dulcea\u021b\u0103 \u0219i aciditate asigur\u0103 o vaporizare uniform\u0103, nu prea intens\u0103, care transform\u0103 fiecare moment \u00eentr-o pl\u0103cere deosebit\u0103.<\/p>\n<h2 data-start=\"0\" data-end=\"91\"><img loading=\"lazy\" decoding=\"async\" class=\"alignnone wp-image-2302 size-full\" title=\"Arymi IFun 28000 Z\u00fcge Einweg E Zigarette - Rainbow candy - Energy Drink 2 se traduce en Arymi IFun 28000 degete E-\u021bigar\u0103 de unic\u0103 folosin\u021b\u0103 - Rainbow candy - Energy Drink 2\" src=\"https:\/\/alfakher24h.de\/wp-content\/uploads\/2025\/03\/all1.webp\" sizes=\"auto, (max-width: 904px) 100vw, 904px\" srcset=\"https:\/\/alfakher24h.de\/wp-content\/uploads\/2025\/03\/all1.webp 904w, https:\/\/alfakher24h.de\/wp-content\/uploads\/2025\/03\/all1-212x300.webp 212w, https:\/\/alfakher24h.de\/wp-content\/uploads\/2025\/03\/all1-723x1024.webp 723w, https:\/\/alfakher24h.de\/wp-content\/uploads\/2025\/03\/all1-768x1087.webp 768w, https:\/\/alfakher24h.de\/wp-content\/uploads\/2025\/03\/all1-8x12.webp 8w, https:\/\/alfakher24h.de\/wp-content\/uploads\/2025\/03\/all1-600x850.webp 600w\" alt=\"Arymi IFun 28000 Z\u00fcge Einweg E Zigarette - Rainbow candy - Energy Drink se traduce \u00een Arymi IFun 28000 puffs e-\u021bigar\u0103 de unic\u0103 folosin\u021b\u0103 - Rainbow candy - Energy Drink\" width=\"904\" height=\"1280\" \/><\/h2>\n<hr data-start=\"4635\" data-end=\"4638\" \/>\n<h3 data-start=\"5194\" data-end=\"5270\"><strong data-start=\"5197\" data-end=\"5270\">De ce ar trebui s\u0103 cump\u0103ra\u021bi \u021bigara electronic\u0103 de unic\u0103 folosin\u021b\u0103 Arymi IFun 28000 de \u021bevi<\/strong><\/h3>\n<p data-start=\"5272\" data-end=\"5406\">Die\u00a0<strong data-start=\"5276\" data-end=\"5320\">Arymi IFun 28000 de \u021bigarete electronice de unic\u0103 folosin\u021b\u0103<\/strong>\u00a0Ofer\u0103 o varietate de avantaje, care o fac cea mai bun\u0103 alegere pentru mul\u021bi vapori:<\/p>\n<ul data-start=\"5408\" data-end=\"6253\">\n<li data-start=\"5408\" data-end=\"5565\"><strong data-start=\"5410\" data-end=\"5427\">Durabilitate<\/strong>: Cu p\u00e2n\u0103 la\u00a0<strong data-start=\"5440\" data-end=\"5456\">28.000 de trenuri<\/strong>\u00a0ofer\u0103 aceast\u0103 vape de unic\u0103 folosin\u021b\u0103 o durat\u0103 de via\u021b\u0103 excep\u021bional de lung\u0103 \u00een compara\u021bie cu alte \u021big\u0103ri electronice de unic\u0103 folosin\u021b\u0103.<\/li>\n<li data-start=\"5566\" data-end=\"5743\"><strong data-start=\"5568\" data-end=\"5586\">Versatilitate<\/strong>: Die\u00a0<strong data-start=\"5592\" data-end=\"5616\">Debitul de aer reglabil<\/strong>\u00a0v\u0103 permite s\u0103 personaliza\u021bi vaporizarea \u00een func\u021bie de preferin\u021bele dvs., de la o experien\u021b\u0103 u\u0219oar\u0103 la una mai intens\u0103.<\/li>\n<li data-start=\"5744\" data-end=\"5876\"><strong data-start=\"5746\" data-end=\"5757\">Confort<\/strong>: Die\u00a0<strong data-start=\"5763\" data-end=\"5783\">600 mAh baterie<\/strong>\u00a0\u0219i cel\u00a0<strong data-start=\"5792\" data-end=\"5816\">Tip-C priz\u0103 de \u00eenc\u0103rcare<\/strong>\u00a0\u00eenc\u0103rcarea\u00a0<strong data-start=\"5841\" data-end=\"5849\">Vape<\/strong>\u00a0Rapid \u0219i f\u0103r\u0103 complica\u021bii.<\/li>\n<li data-start=\"5877\" data-end=\"6050\"><strong data-start=\"5879\" data-end=\"5899\">Calitate premium<\/strong>: Cu o\u00a0<strong data-start=\"5911\" data-end=\"5933\">Capacitatea E-Liquid<\/strong>\u00a0de la\u00a0<strong data-start=\"5938\" data-end=\"5947\">30 ml<\/strong>\u00a0\u0219i unul\u00a0<strong data-start=\"5958\" data-end=\"5971\">Mesh Coil<\/strong>\u00a0Aceast\u0103 vape asigur\u0103 o experien\u021b\u0103 de gust intens\u0103 \u0219i nori de vapori densi.<\/li>\n<li data-start=\"6051\" data-end=\"6253\"><strong data-start=\"6053\" data-end=\"6071\">Comoditate<\/strong>: Deoarece\u00a0<strong data-start=\"6080\" data-end=\"6124\">Arymi IFun 28000 de \u021bigarete electronice de unic\u0103 folosin\u021b\u0103<\/strong>\u00a0este deja complet \u00eenc\u0103rcat \u0219i cu\u00a0<strong data-start=\"6168\" data-end=\"6180\">E-Liquid<\/strong>\u00a0C\u00e2nd este umplut, nu trebuie s\u0103 face\u021bi nimic altceva dec\u00e2t s\u0103 v\u0103 bucura\u021bi de vape!<\/li>\n<\/ul>\n<p data-start=\"6255\" data-end=\"6413\">Aceast\u0103 vape este perfect\u0103 pentru to\u021bi cei care apreciaz\u0103 calitatea, gustul \u0219i u\u0219urin\u021ba \u00een utilizare \u0219i care caut\u0103 o solu\u021bie pe termen lung pentru vapingul lor.<\/p>\n<hr data-start=\"6415\" data-end=\"6418\" \/>\n<h3 data-start=\"6420\" data-end=\"6502\"><strong data-start=\"6423\" data-end=\"6502\">\u00centreb\u0103ri frecvente \u2013 \u00centreb\u0103ri frecvent adresate despre \u021bigara electronic\u0103 de unic\u0103 folosin\u021b\u0103 Arymi IFun 28000 Zug<\/strong><\/h3>\n<h4 data-start=\"6504\" data-end=\"6572\"><strong data-start=\"6508\" data-end=\"6572\">C\u00e2t dureaz\u0103 \u021bigara electronic\u0103 de unic\u0103 folosin\u021b\u0103 Arymi IFun 28000 de pufuri?<\/strong><\/h4>\n<p data-start=\"6573\" data-end=\"6814\">Die\u00a0<strong data-start=\"6577\" data-end=\"6621\">Arymi IFun 28000 de \u021bigarete electronice de unic\u0103 folosin\u021b\u0103<\/strong>\u00a0\u021bine p\u00e2n\u0103 la\u00a0<strong data-start=\"6634\" data-end=\"6649\">28.000 de trenuri<\/strong>, ceea ce o face una dintre cele mai longevive vape-uri de unic\u0103 folosin\u021b\u0103 de pe pia\u021b\u0103. Durata lung\u0103 de via\u021b\u0103 asigur\u0103 c\u0103 nu trebuie s\u0103 c\u0103uta\u021bi constant un nou vape.<\/p>\n<h4 data-start=\"6816\" data-end=\"6861\"><strong data-start=\"6820\" data-end=\"6861\">Nu, Arymi IFun 28000 nu con\u021bine nicotin\u0103.<\/strong><\/h4>\n<p data-start=\"6862\" data-end=\"7032\">Da, cele\u00a0<strong data-start=\"6870\" data-end=\"6914\">Arymi IFun 28000 de \u021bigarete electronice de unic\u0103 folosin\u021b\u0103<\/strong>\u00a0con\u021bine\u00a0<strong data-start=\"6923\" data-end=\"6938\">2 % nicotin\u0103<\/strong>care le face ideale pentru cei care caut\u0103 senza\u021bia unei trageri de \u021bigar\u0103 clasic\u0103.<\/p>\n<h4 data-start=\"7034\" data-end=\"7093\"><strong data-start=\"7038\" data-end=\"7093\">Da, Arymi IFun 28000 poate fi re\u00eenc\u0103rcat\u0103.<\/strong><\/h4>\n<p data-start=\"7094\" data-end=\"7265\">Da, cele\u00a0<strong data-start=\"7102\" data-end=\"7122\">Arymi IFun 28000<\/strong>\u00a0dispune de o\u00a0<strong data-start=\"7141\" data-end=\"7170\">Baterie re\u00eenc\u0103rcabil\u0103<\/strong>\u00a0cu unul\u00a0<strong data-start=\"7181\" data-end=\"7205\">Tip-C priz\u0103 de \u00eenc\u0103rcare<\/strong>astfel \u00eenc\u00e2t s\u0103 pute\u021bi \u00eenc\u0103rca bateria \u00een mod convenabil atunci c\u00e2nd este nevoie.<\/p>\n<h4 data-start=\"7267\" data-end=\"7304\"><strong data-start=\"7271\" data-end=\"7304\">Ce arome sunt disponibile?<\/strong><\/h4>\n<p data-start=\"7305\" data-end=\"7487\">\u00cen prezent ofer\u0103\u00a0<strong data-start=\"7324\" data-end=\"7368\">Arymi IFun 28000 de \u021bigarete electronice de unic\u0103 folosin\u021b\u0103<\/strong>\u00a0aromele\u00a0<strong data-start=\"7380\" data-end=\"7397\">Rainbow Candy<\/strong>\u00a0\u0219i\u00a0<strong data-start=\"7402\" data-end=\"7418\">Energy Drink<\/strong>Ambele arome ofer\u0103 o experien\u021b\u0103 de vaporizare unic\u0103 \u0219i delicioas\u0103.<\/p>\n<hr data-start=\"7489\" data-end=\"7492\" \/>\n<p data-start=\"7494\" data-end=\"7767\" data-is-last-node=\"\">Pentru o comand\u0103 u\u0219oar\u0103 \u0219i rapid\u0103 a\u00a0<strong data-start=\"7540\" data-end=\"7584\">Arymi IFun 28000 de \u021bigarete electronice de unic\u0103 folosin\u021b\u0103<\/strong>\u00a0vizita\u021bi pur \u0219i simplu<a href=\"https:\/\/alfakher24h.de\/ro\/\"> alfakher24h.de<\/a>V\u0103 oferim cea mai mare selec\u021bie de\u00a0<strong data-start=\"7666\" data-end=\"7704\">E-Zigarete de unic\u0103 folosin\u021b\u0103 \u00een Germania<\/strong>\u00a0\u0219i garant\u0103m o livrare rapid\u0103 \u0219i o plat\u0103 sigur\u0103.<\/p>","protected":false},"excerpt":{"rendered":"<p><strong data-start=\"7540\" data-end=\"7584\">Arymi IFun 28000 de \u021bigarete electronice de unic\u0103 folosin\u021b\u0103<\/strong>\u00a0Vizita\u021bi pur \u0219i simplu alfakher24h.de. Noi v\u0103 oferim cea mai mare selec\u021bie de\u00a0<strong data-start=\"7666\" data-end=\"7704\">E-Zigarete de unic\u0103 folosin\u021b\u0103 \u00een Germania<\/strong>\u00a0\u0219i garant\u0103m o livrare rapid\u0103 \u0219i o plat\u0103 sigur\u0103.<\/p>","protected":false},"featured_media":1750,"comment_status":"open","ping_status":"closed","template":"","meta":{"om_disable_all_campaigns":false},"product_brand":[],"product_cat":[45],"product_tag":[],"class_list":{"0":"post-1749","1":"product","2":"type-product","3":"status-publish","4":"has-post-thumbnail","6":"product_cat-arymi-ifun-28000","8":"first","9":"outofstock","10":"shipping-taxable","11":"purchasable","12":"product-type-simple"},"_links":{"self":[{"href":"https:\/\/alfakher24h.de\/ro\/wp-json\/wp\/v2\/product\/1749","targetHints":{"allow":["GET"]}}],"collection":[{"href":"https:\/\/alfakher24h.de\/ro\/wp-json\/wp\/v2\/product"}],"about":[{"href":"https:\/\/alfakher24h.de\/ro\/wp-json\/wp\/v2\/types\/product"}],"replies":[{"embeddable":true,"href":"https:\/\/alfakher24h.de\/ro\/wp-json\/wp\/v2\/comments?post=1749"}],"wp:featuredmedia":[{"embeddable":true,"href":"https:\/\/alfakher24h.de\/ro\/wp-json\/wp\/v2\/media\/1750"}],"wp:attachment":[{"href":"https:\/\/alfakher24h.de\/ro\/wp-json\/wp\/v2\/media?parent=1749"}],"wp:term":[{"taxonomy":"product_brand","embeddable":true,"href":"https:\/\/alfakher24h.de\/ro\/wp-json\/wp\/v2\/product_brand?post=1749"},{"taxonomy":"product_cat","embeddable":true,"href":"https:\/\/alfakher24h.de\/ro\/wp-json\/wp\/v2\/product_cat?post=1749"},{"taxonomy":"product_tag","embeddable":true,"href":"https:\/\/alfakher24h.de\/ro\/wp-json\/wp\/v2\/product_tag?post=1749"}],"curies":[{"name":"wp","href":"https:\/\/api.w.org\/{rel}","templated":true}]}}