{"id":1744,"date":"2025-03-10T10:27:38","date_gmt":"2025-03-10T10:27:38","guid":{"rendered":"https:\/\/alfakher24h.de\/?post_type=product&#038;p=1744"},"modified":"2025-07-12T13:27:57","modified_gmt":"2025-07-12T13:27:57","slug":"httperror-response-code-429-too-many-requests-25","status":"publish","type":"product","link":"https:\/\/alfakher24h.de\/ro\/produs\/httperror-response-code-429-too-many-requests-25\/","title":{"rendered":"Arymi IFun 28000 Z\u00fcge Einweg E Zigarette \u2013 Fizzy Cherry \u2013 Blue Razz Lemonade \n\nse traduce \u00een \n\nArymi IFun 28000 puffs e-\u021bigar\u0103 de unic\u0103 folosin\u021b\u0103 \u2013 Fizzy Cherry \u2013 Blue Razz Lemonade"},"content":{"rendered":"<div class=\"wp-video\"><\/div>\n<h3 data-start=\"492\" data-end=\"601\"><strong data-start=\"496\" data-end=\"601\">Arymi IFun 28000 Z\u00fcge Einweg E-Zigarette: Experien\u021ba suprem\u0103 pentru iubitorii de vape \u00een Germania<\/strong><\/h3>\n<div style=\"width: 848px;\" class=\"wp-video\"><video class=\"wp-video-shortcode\" id=\"video-1744-1\" width=\"848\" height=\"478\" preload=\"metadata\" controls=\"controls\"><source type=\"video\/mp4\" src=\"https:\/\/alfakher24h.de\/wp-content\/uploads\/2025\/03\/VID-20241031-WA0010.mp4?_=1\" \/><a href=\"https:\/\/alfakher24h.de\/wp-content\/uploads\/2025\/03\/VID-20241031-WA0010.mp4\">https:\/\/alfakher24h.de\/wp-content\/uploads\/2025\/03\/VID-20241031-WA0010.mp4<\/a><\/video><\/div>\n<p data-start=\"603\" data-end=\"1191\">Dac\u0103 sunte\u021bi \u00een c\u0103utarea unei \u021big\u0103ri electronice de unic\u0103 folosin\u021b\u0103 puternice \u0219i confortabile, care s\u0103 v\u0103 conving\u0103 at\u00e2t din punct de vedere al gustului, c\u00e2t \u0219i al func\u021bionalit\u0103\u021bii, atunci este\u00a0<strong data-start=\"765\" data-end=\"809\">Arymi IFun 28000 Z\u00fcge Einweg E Zigarette \n\nse traduce \u00een \n\nArymi IFun 28000 de trac\u021biuni E-\u021bigar\u0103 de unic\u0103 folosin\u021b\u0103<\/strong>\u00a0exact ceea ce trebuie pentru tine. Cu un num\u0103r excep\u021bional de 28.000 de pufuri, o capacitate generoas\u0103 de e-lichid de 28 ml \u0219i un con\u021binut perfect de nicotin\u0103, acest vape de unic\u0103 folosin\u021b\u0103 ofer\u0103 o experien\u021b\u0103 excep\u021bional\u0103 pentru utilizator. Acest vape de \u00eenalt\u0103 calitate este ideal at\u00e2t pentru \u00eencep\u0103tori, c\u00e2t \u0219i pentru vapatorii experimenta\u021bi \u0219i se remarc\u0103 prin u\u0219urin\u021ba \u00een utilizare \u0219i performan\u021ba sa fiabil\u0103.<\/p>\n<h3 data-start=\"1193\" data-end=\"1268\"><strong data-start=\"1197\" data-end=\"1268\">Descrierea produsului: Cel mai bun din tehnologia de vaporizare \u0219i arom\u0103<\/strong><\/h3>\n<p data-start=\"1270\" data-end=\"1733\">Die\u00a0<strong data-start=\"1274\" data-end=\"1318\">Arymi IFun 28000 de \u021bigarete electronice de unic\u0103 folosin\u021b\u0103<\/strong>\u00a0A fost proiectat av\u00e2nd \u00een vedere u\u0219urin\u021ba \u00een utilizare \u0219i performan\u021ba, oferind o alternativ\u0103 excelent\u0103 la \u021big\u0103rile electronice tradi\u021bionale. Aceast\u0103 \u021bigar\u0103 electronic\u0103 de unic\u0103 folosin\u021b\u0103 este gata de utilizare imediat \u0219i nu necesit\u0103 o configurare complicat\u0103. Cu o capacitate impresionant\u0103 de 28.000 de pufuri, IFun asigur\u0103 o experien\u021b\u0103 de vaporizare de lung\u0103 durat\u0103, care poate dura mai multe s\u0103pt\u0103m\u00e2ni, \u00een func\u021bie de intensitatea utiliz\u0103rii.<\/p>\n<p data-start=\"1735\" data-end=\"2195\">Bateria de 600 mAh asigur\u0103 c\u0103 pute\u021bi vapora continuu pentru o perioad\u0103 lung\u0103 de timp, f\u0103r\u0103 s\u0103 v\u0103 face\u021bi griji cu privire la \u00eenc\u0103rcarea constant\u0103. \u00cen cazul \u00een care bateria se epuizeaz\u0103, ea poate fi \u00eenc\u0103rcat\u0103 rapid printr-un cablu modern\u00a0<strong data-start=\"1956\" data-end=\"1979\">Conector USB de tip C<\/strong>\u00a0s\u0103 fie \u00eenc\u0103rcate, ceea ce face utilizarea \u0219i mai convenabil\u0103. The\u00a0<strong data-start=\"2040\" data-end=\"2064\">1,0 \u03a9 Dual Mesh Coil<\/strong>\u00a0Asigur\u0103 o vaporizare uniform\u0103 \u0219i continu\u0103 a lichidului electronic \u0219i permite o experien\u021b\u0103 de vapare intens\u0103 \u0219i uniform\u0103.<\/p>\n<h3 data-start=\"2197\" data-end=\"2260\"><strong data-start=\"2201\" data-end=\"2260\">Func\u021biile trenurilor  Arymi IFun 28000 de \u021big\u0103ri electronice de unic\u0103 folosin\u021b\u0103<\/strong><\/h3>\n<ul data-start=\"2262\" data-end=\"3386\">\n<li data-start=\"2262\" data-end=\"2454\"><strong data-start=\"2264\" data-end=\"2306\">Primul num\u0103r de puf (28.000 de trageri):<\/strong>\u00a0V\u0103 bucura\u021bi de o experien\u021b\u0103 de vaporizare de neegalat pentru o perioad\u0103 lung\u0103 de timp, f\u0103r\u0103 s\u0103 v\u0103 face\u021bi griji cu privire la achizi\u021biile frecvente de \u00eenlocuire.<\/li>\n<li data-start=\"2455\" data-end=\"2620\"><strong data-start=\"2457\" data-end=\"2499\">Baterie re\u00eenc\u0103rcabil\u0103 cu conexiune Type-C:<\/strong>\u00a0Datorit\u0103 conectorului modern de \u00eenc\u0103rcare Type-C, pute\u021bi \u00eenc\u0103rca rapid \u0219i u\u0219or iFun atunci c\u00e2nd bateria se epuizeaz\u0103.<\/li>\n<li data-start=\"2621\" data-end=\"2797\"><strong data-start=\"2623\" data-end=\"2660\">Capacitate mare de lichid electronic (28 ml):<\/strong>\u00a0Rezervorul generos cu 28 ml de lichid electronic este suficient pentru multe pufuri \u0219i v\u0103 permite s\u0103 v\u0103 bucura\u021bi de o experien\u021b\u0103 de vaporizare prelungit\u0103 f\u0103r\u0103 s\u0103 fie nevoie de re\u00eenc\u0103rc\u0103ri frecvente.<\/li>\n<li data-start=\"2798\" data-end=\"2987\"><strong data-start=\"2800\" data-end=\"2845\">Bobin\u0103 Mesh Premium (1,0 \u03a9 Bobin\u0103 Dual Mesh):<\/strong>\u00a0Aceast\u0103 bobin\u0103 Mesh de \u00eenalt\u0103 calitate asigur\u0103 o formare excelent\u0103 a vaporilor \u0219i un gust intens, care face vaporizarea o adev\u0103rat\u0103 pl\u0103cere.<\/li>\n<li data-start=\"2988\" data-end=\"3118\"><strong data-start=\"2990\" data-end=\"3015\">Debitul de aer reglabil:<\/strong>\u00a0Regla\u021bi aportul de aer exact dup\u0103 preferin\u021bele dvs. pentru a personaliza experien\u021ba de vaporizare.<\/li>\n<li data-start=\"3119\" data-end=\"3271\"><strong data-start=\"3121\" data-end=\"3152\">Afi\u0219aj pentru e-lichid \u0219i acumulator:<\/strong>\u00a0Indicatorii integra\u021bi v\u0103 informeaz\u0103 \u00een orice moment despre starea de \u00eenc\u0103rcare a bateriei \u0219i nivelul de lichid electronic.<\/li>\n<li data-start=\"3272\" data-end=\"3386\"><strong data-start=\"3274\" data-end=\"3301\">Practic Vape de unic\u0103 folosin\u021b\u0103:<\/strong>\u00a0Nu este nevoie de re\u00eenc\u0103rcare complicat\u0103 sau de rearanjare - pur \u0219i simplu despacheta\u021bi \u0219i bucura\u021bi-v\u0103.<\/li>\n<\/ul>\n<h3 data-start=\"3388\" data-end=\"3465\"><strong data-start=\"3392\" data-end=\"3465\">De ce ar trebui s\u0103 le<a href=\"https:\/\/alfakherwelt.de\/product-category\/arymi-ifun-28000\/\" target=\"_blank\" rel=\"noopener\">\u00a0Arymi IFun 28000 Zug<\/a>\u00a0Cump\u0103ra\u021bi \u021big\u0103ri electronice de unic\u0103 folosin\u021b\u0103 ar trebui<\/strong><\/h3>\n<ul data-start=\"3467\" data-end=\"4206\">\n<li data-start=\"3467\" data-end=\"3624\"><strong data-start=\"3469\" data-end=\"3487\">Durabilitate<\/strong>\u00a0Cu p\u00e2n\u0103 la 28.000 de pufuri, aceast\u0103 \u021bigar\u0103 electronic\u0103 de unic\u0103 folosin\u021b\u0103 ofer\u0103 o longevitate f\u0103r\u0103 precedent \u0219i asigur\u0103 o experien\u021b\u0103 de vaporizare de lung\u0103 durat\u0103.<\/li>\n<li data-start=\"3625\" data-end=\"3843\"><strong data-start=\"3627\" data-end=\"3664\">Practic \u0219i u\u0219or de utilizat:<\/strong>\u00a0Utilizarea de unic\u0103 folosin\u021b\u0103 \u0219i posibilitatea de a \u00eenc\u0103rca rapid e-cigara prin conexiunea Type-C o fac o alegere excelent\u0103 pentru vapori la toate nivelurile de experien\u021b\u0103.<\/li>\n<li data-start=\"3844\" data-end=\"4021\"><strong data-start=\"3846\" data-end=\"3881\">Op\u021biuni de gust versatile:<\/strong>\u00a0Arymi IFun ofer\u0103 o varietate de arome care vor face orice inim\u0103 de vaporizator s\u0103 bat\u0103 mai repede. Perfect pentru to\u021bi cei care apreciaz\u0103 varietatea.<\/li>\n<li data-start=\"4022\" data-end=\"4206\"><strong data-start=\"4024\" data-end=\"4052\">Tehnologie de \u00eenalt\u0103 calitate:<\/strong>\u00a0Bobina Mesh Premium asigur\u0103 un gust intens, \u00een timp ce fluxul de aer reglabil adapteaz\u0103 vaporizarea la gustul dumneavoastr\u0103 individual.<\/li>\n<\/ul>\n<p><img loading=\"lazy\" decoding=\"async\" class=\"alignnone wp-image-2299 size-full\" title=\"Arymi IFun 28000 Z\u00fcge Einweg E Zigarette - Fizzy Cherry - Blue Razz Lemonade 2 becomes Arymi IFun 28000 de \u021bigarete electronice de unic\u0103 folosin\u021b\u0103 - Fizzy Cherry - Blue Razz Lemonade 2\" src=\"https:\/\/alfakher24h.de\/wp-content\/uploads\/2025\/03\/arymi-hookalit-2.webp\" sizes=\"auto, (max-width: 1077px) 100vw, 1077px\" srcset=\"https:\/\/alfakher24h.de\/wp-content\/uploads\/2025\/03\/arymi-hookalit-2.webp 1077w, https:\/\/alfakher24h.de\/wp-content\/uploads\/2025\/03\/arymi-hookalit-2-300x284.webp 300w, https:\/\/alfakher24h.de\/wp-content\/uploads\/2025\/03\/arymi-hookalit-2-1024x970.webp 1024w, https:\/\/alfakher24h.de\/wp-content\/uploads\/2025\/03\/arymi-hookalit-2-768x727.webp 768w, https:\/\/alfakher24h.de\/wp-content\/uploads\/2025\/03\/arymi-hookalit-2-13x12.webp 13w, https:\/\/alfakher24h.de\/wp-content\/uploads\/2025\/03\/arymi-hookalit-2-600x568.webp 600w\" alt=\"Arymi IFun 28000 Z\u00fcge Einweg E Zigarette - Fizzy Cherry - Blue Razz Lemonade becomes Arymi IFun 28000 de \u021bigarete electronice de unic\u0103 folosin\u021b\u0103 - Fizzy Cherry - Blue Razz Lemonade\" width=\"1077\" height=\"1020\" \/><\/p>\n<h3 data-start=\"4208\" data-end=\"4279\"><strong data-start=\"4212\" data-end=\"4279\">Descriere detaliat\u0103 a aromelor: O pl\u0103cere pentru toate sim\u021burile<\/strong><\/h3>\n<p data-start=\"4281\" data-end=\"4442\">Die\u00a0<strong data-start=\"4285\" data-end=\"4329\">Arymi IFun 28000 Z\u00fcge Einweg E Zigarette \n\nse traduce \u00een \n\nArymi IFun 28000 de trac\u021biuni E-\u021bigar\u0103 de unic\u0103 folosin\u021b\u0103<\/strong>\u00a0vine \u00een dou\u0103 arome exquisite, care fac vaporizarea o experien\u021b\u0103 cu adev\u0103rat unic\u0103.<\/p>\n<h4 data-start=\"4444\" data-end=\"4485\"><strong data-start=\"4449\" data-end=\"4485\">Fizzy Cherry<\/strong><\/h4>\n<p data-start=\"4487\" data-end=\"5065\">Der\u00a0<strong data-start=\"4491\" data-end=\"4507\">Fizzy Cherry<\/strong>Gustul este o adev\u0103rat\u0103 oper\u0103 maestral\u0103 a diversit\u0103\u021bii de arome. La prima inhalare, sim\u021bi\u021bi o explozie imediat\u0103 de cire\u0219e dulci \u0219i suculente, care se combin\u0103 perfect cu o senza\u021bie de efervescen\u021b\u0103. Aceast\u0103 combina\u021bie produce un efect r\u0103coritor \u0219i revitalizant, care v\u0103 face s\u0103 sim\u021bi\u021bi c\u0103 be\u021bi o b\u0103utur\u0103 de cire\u0219e spumant\u0103. Gustul este plin \u0219i autentic \u0219i r\u0103m\u00e2ne pl\u0103cut \u00een gur\u0103, f\u0103r\u0103 s\u0103 fie cov\u00e2r\u0219itor. Ideal pentru to\u021bi cei care iubesc aromele dulci \u0219i r\u0103coritoare, dar care caut\u0103 ceva nou \u0219i interesant.<\/p>\n<h4 data-start=\"5067\" data-end=\"5119\"><strong data-start=\"5072\" data-end=\"5119\">Blue Razz Lemonade<\/strong><\/h4>\n<p data-start=\"5121\" data-end=\"5601\"><strong data-start=\"5121\" data-end=\"5143\">Blue Razz Lemonade<\/strong>\u00a0este un alt favorit pentru to\u021bi cei care iubesc experien\u021be de gust complexe \u0219i versatile. Aceast\u0103 arom\u0103 combin\u0103 dulcea\u021ba fructat\u0103 a afinelor cu prospe\u021bimea \u0219i savoarea r\u0103coritoare a limonadei cu l\u0103m\u00e2ie. Afinele ofer\u0103 o dulcea\u021b\u0103 pl\u0103cut\u0103, \u00een timp ce lamaia adaug\u0103 un impuls r\u0103coritor, care completeaz\u0103 armonios \u00eentreaga arom\u0103. Finalul este r\u0103coritor \u0219i persistent, ceea ce face aceast\u0103 arom\u0103 perfect\u0103 pentru \u00eentreaga zi.<\/p>\n<p data-start=\"5603\" data-end=\"5875\">Ambele arome sunt perfect adaptate una la cealalt\u0103 \u0219i ofer\u0103 un amestec echilibrat de fructozitate, dulcea\u021b\u0103 \u0219i prospe\u021bime. Indiferent dac\u0103 alege\u021bi s\u0103\u00a0<strong data-start=\"5752\" data-end=\"5768\">Fizzy Cherry<\/strong>\u00a0sau\u00a0<strong data-start=\"5774\" data-end=\"5796\">Blue Razz Lemonade<\/strong>\u00a0decide\u021bi, pute\u021bi fi siguri c\u0103 fiecare vapare este o adev\u0103rat\u0103 pl\u0103cere.<\/p>\n<h3 data-start=\"5877\" data-end=\"5915\"><strong data-start=\"5881\" data-end=\"5915\">\u00centreb\u0103ri frecvente (FAQ)<\/strong><\/h3>\n<p data-start=\"5917\" data-end=\"6174\"><strong data-start=\"5917\" data-end=\"5985\">1. Este Arymi IFun 28000 de unic\u0103 folosin\u021b\u0103 e-\u021bigar\u0103 cu nicotin\u0103?<\/strong><br data-start=\"5985\" data-end=\"5988\" \/>Da, Arymi IFun 28000 de trageri \u021bigar\u0103 electronic\u0103 de unic\u0103 folosin\u021b\u0103 con\u021bine\u00a0<strong data-start=\"6045\" data-end=\"6060\">2 % nicotin\u0103<\/strong>care permite un aport moderat de nicotin\u0103, ideal pentru fum\u0103tori \u0219i vapori care caut\u0103 un impuls clar de nicotin\u0103.<\/p>\n<p data-start=\"6176\" data-end=\"6344\"><strong data-start=\"6176\" data-end=\"6220\">C\u00e2te trenuri ofer\u0103 Arymi IFun?<\/strong><br data-start=\"6220\" data-end=\"6223\" \/>Die Arymi IFun ofer\u0103 p\u00e2n\u0103 la\u00a0<strong data-start=\"6252\" data-end=\"6267\">28.000 de trenuri<\/strong>, ceea ce o face una dintre cele mai durabile \u021big\u0103ri electronice de unic\u0103 folosin\u021b\u0103 de pe pia\u021b\u0103.<\/p>\n<p data-start=\"6346\" data-end=\"6523\"><strong data-start=\"6346\" data-end=\"6390\">3. Cum pot \u00eenc\u0103rca Arymi IFun?<\/strong><br data-start=\"6390\" data-end=\"6393\" \/>Die Arymi IFun este echipat\u0103 cu un\u00a0<strong data-start=\"6422\" data-end=\"6442\">Conector de tip C<\/strong>\u00a0dotate cu care pute\u021bi \u00eenc\u0103rca rapid \u0219i eficient \u021bigara electronic\u0103.<\/p>\n<p data-start=\"6525\" data-end=\"6731\"><strong data-start=\"6525\" data-end=\"6580\">4. C\u00e2t dureaz\u0103 capacitatea de e-lichid de 28 ml?<\/strong><br data-start=\"6580\" data-end=\"6583\" \/>Die\u00a0<strong data-start=\"6587\" data-end=\"6605\">28 ml E-Liquid<\/strong>\u00a0sunt suficiente pentru p\u00e2n\u0103 la 28.000 de pufuri, \u00een func\u021bie de frecven\u021ba de utilizare. Astfel, pute\u021bi folosi produsul pentru o perioad\u0103 lung\u0103 de timp f\u0103r\u0103 s\u0103 fie nevoie de reumplere.<\/p>\n<p data-start=\"6733\" data-end=\"6979\"><strong data-start=\"6733\" data-end=\"6777\">5. Care sunt avantajele bobinei mesh?<\/strong><br data-start=\"6777\" data-end=\"6780\" \/>Die\u00a0<strong data-start=\"6784\" data-end=\"6808\">1,0 \u03a9 Dual Mesh Coil<\/strong>\u00a0Asigur\u0103 o evaporare uniform\u0103 \u0219i ofer\u0103 un gust intens \u0219i complet. Acest lucru \u00eembun\u0103t\u0103\u021be\u0219te experien\u021ba de vaporizare \u0219i asigur\u0103 o performan\u021b\u0103 ridicat\u0103 constant\u0103.<\/p>\n<p data-start=\"6981\" data-end=\"7250\"><strong data-start=\"6981\" data-end=\"7020\">6. Pot seta Airflow-ul?<\/strong><br data-start=\"7020\" data-end=\"7023\" \/>Da, cele\u00a0<strong data-start=\"7031\" data-end=\"7075\">Arymi IFun 28000 Z\u00fcge Einweg E Zigarette \n\nse traduce \u00een \n\nArymi IFun 28000 de trac\u021biuni E-\u021bigar\u0103 de unic\u0103 folosin\u021b\u0103<\/strong>\u00a0a avut o\u00a0<strong data-start=\"7085\" data-end=\"7109\">Debitul de aer reglabil<\/strong>care v\u0103 permite s\u0103 regla\u021bi aportul de aer \u00een func\u021bie de preferin\u021bele personale, pentru a v\u0103 bucura de o experien\u021b\u0103 de vaporizare personalizat\u0103.<\/p>\n<h3 data-start=\"7252\" data-end=\"7293\"><strong data-start=\"7256\" data-end=\"7293\">De ce s\u0103 cump\u0103ra\u021bi de la alfakher24h.de?<\/strong><\/h3>\n<p data-start=\"7295\" data-end=\"7768\">La alfakher24h.de, cea mai mare platform\u0103 online pentru \u021big\u0103ri electronice de unic\u0103 folosin\u021b\u0103 din Germania, g\u0103si\u021bi cele\u00a0<strong data-start=\"7404\" data-end=\"7448\">Arymi IFun 28000 Z\u00fcge Einweg E Zigarette \n\nse traduce \u00een \n\nArymi IFun 28000 de trac\u021biuni E-\u021bigar\u0103 de unic\u0103 folosin\u021b\u0103<\/strong>\u00a0la pre\u021buri excelente. Site-ul nostru web u\u0219or de utilizat v\u0103 permite s\u0103 plasa\u021bi o comand\u0103 rapid\u0103 \u0219i u\u0219oar\u0103, iar noi garant\u0103m livrarea rapid\u0103 \u0219i servicii clien\u021bi de prim\u0103 clas\u0103. Ave\u021bi \u00eencredere \u00een noi c\u00e2nd vine vorba de produse de \u00eenalt\u0103 calitate\u00a0<strong data-start=\"7685\" data-end=\"7720\">E-Zigarete de unic\u0103 folosin\u021b\u0103 cu nicotin\u0103<\/strong>\u00a0merge \u2013\u00a0<strong data-start=\"7728\" data-end=\"7743\">Cump\u0103ra vape<\/strong>\u00a0Niciodat\u0103 nu a fost mai u\u0219or!<\/p>","protected":false},"excerpt":{"rendered":"<p>alfakher24h.de, cea mai mare platform\u0103 online pentru \u021big\u0103ri electronice de unic\u0103 folosin\u021b\u0103 din Germania, g\u0103si\u021bi\u00a0<strong data-start=\"7404\" data-end=\"7448\">Arymi IFun 28000 Z\u00fcge Einweg E Zigarette \n\nse traduce \u00een \n\nArymi IFun 28000 de trac\u021biuni E-\u021bigar\u0103 de unic\u0103 folosin\u021b\u0103<\/strong>\u00a0la pre\u021buri excelente. Site-ul nostru web u\u0219or de utilizat v\u0103 permite s\u0103 plasa\u021bi o comand\u0103 rapid\u0103 \u0219i u\u0219oar\u0103,<\/p>","protected":false},"featured_media":1747,"comment_status":"open","ping_status":"closed","template":"","meta":{"om_disable_all_campaigns":false},"product_brand":[],"product_cat":[45],"product_tag":[],"class_list":{"0":"post-1744","1":"product","2":"type-product","3":"status-publish","4":"has-post-thumbnail","6":"product_cat-arymi-ifun-28000","8":"first","9":"outofstock","10":"shipping-taxable","11":"purchasable","12":"product-type-simple"},"_links":{"self":[{"href":"https:\/\/alfakher24h.de\/ro\/wp-json\/wp\/v2\/product\/1744","targetHints":{"allow":["GET"]}}],"collection":[{"href":"https:\/\/alfakher24h.de\/ro\/wp-json\/wp\/v2\/product"}],"about":[{"href":"https:\/\/alfakher24h.de\/ro\/wp-json\/wp\/v2\/types\/product"}],"replies":[{"embeddable":true,"href":"https:\/\/alfakher24h.de\/ro\/wp-json\/wp\/v2\/comments?post=1744"}],"wp:featuredmedia":[{"embeddable":true,"href":"https:\/\/alfakher24h.de\/ro\/wp-json\/wp\/v2\/media\/1747"}],"wp:attachment":[{"href":"https:\/\/alfakher24h.de\/ro\/wp-json\/wp\/v2\/media?parent=1744"}],"wp:term":[{"taxonomy":"product_brand","embeddable":true,"href":"https:\/\/alfakher24h.de\/ro\/wp-json\/wp\/v2\/product_brand?post=1744"},{"taxonomy":"product_cat","embeddable":true,"href":"https:\/\/alfakher24h.de\/ro\/wp-json\/wp\/v2\/product_cat?post=1744"},{"taxonomy":"product_tag","embeddable":true,"href":"https:\/\/alfakher24h.de\/ro\/wp-json\/wp\/v2\/product_tag?post=1744"}],"curies":[{"name":"wp","href":"https:\/\/api.w.org\/{rel}","templated":true}]}}