{"id":1710,"date":"2025-03-06T09:18:00","date_gmt":"2025-03-06T09:18:00","guid":{"rendered":"https:\/\/alfakher24h.de\/?post_type=product&#038;p=1710"},"modified":"2025-05-21T04:35:19","modified_gmt":"2025-05-21T04:35:19","slug":"httperror-response-code-429-too-many-requests-4","status":"publish","type":"product","link":"https:\/\/alfakher24h.de\/ro\/produs\/httperror-response-code-429-too-many-requests-4\/","title":{"rendered":"AI Fakher Crown Bar 15000 de trageri \u021aigaret\u0103 electronic\u0103 de unic\u0103 folosin\u021b\u0103 \u2013 Lush Ice"},"content":{"rendered":"<h2>Al Fakher Crown Bar 15000 PRO Disposable Vape \u2013 E-\u021bigaret\u0103 de unic\u0103 folosin\u021b\u0103 cu stil \u0219i performan\u021b\u0103<\/h2>\n<p><img loading=\"lazy\" decoding=\"async\" class=\"alignnone size-full wp-image-1703\" src=\"https:\/\/alfakher24h.de\/wp-content\/uploads\/2025\/03\/5AI-Fakher-Crown-Bar-15000.webp\" alt=\"\" width=\"800\" height=\"800\" title=\"\" srcset=\"https:\/\/alfakher24h.de\/wp-content\/uploads\/2025\/03\/5AI-Fakher-Crown-Bar-15000.webp 800w, https:\/\/alfakher24h.de\/wp-content\/uploads\/2025\/03\/5AI-Fakher-Crown-Bar-15000-300x300.webp 300w, https:\/\/alfakher24h.de\/wp-content\/uploads\/2025\/03\/5AI-Fakher-Crown-Bar-15000-150x150.webp 150w, https:\/\/alfakher24h.de\/wp-content\/uploads\/2025\/03\/5AI-Fakher-Crown-Bar-15000-768x768.webp 768w, https:\/\/alfakher24h.de\/wp-content\/uploads\/2025\/03\/5AI-Fakher-Crown-Bar-15000-12x12.webp 12w, https:\/\/alfakher24h.de\/wp-content\/uploads\/2025\/03\/5AI-Fakher-Crown-Bar-15000-600x600.webp 600w, https:\/\/alfakher24h.de\/wp-content\/uploads\/2025\/03\/5AI-Fakher-Crown-Bar-15000-100x100.webp 100w\" sizes=\"auto, (max-width: 800px) 100vw, 800px\" \/><\/p>\n<p>Experimenta\u021bi urm\u0103toarea genera\u021bie de vaporizare cu Al Fakher Crown Bar 15000 PRO, \u021bigara electronic\u0103 de unic\u0103 folosin\u021b\u0103 suprem\u0103 pentru pl\u0103cere \u0219i performan\u021b\u0103. Cu o capacitate impresionant\u0103 de 15.000 de pufuri \u0219i un design nou dezvoltat, acest dispozitiv combin\u0103 puterea, stilul \u0219i gustul inconfundabil pentru care Al Fakher este cunoscut. Perfect at\u00e2t pentru \u00eencep\u0103tori, c\u00e2t \u0219i pentru vapori experimenta\u021bi, Crown Bar 15000 ofer\u0103 o experien\u021b\u0103 de vaporizare de prim\u0103 clas\u0103 pe care o pute\u021bi bucura oric\u00e2nd \u0219i oriunde.<\/p>\n<h3>Cea mai \u00eenalt\u0103 calitate \u0219i tehnic\u0103 inovativ\u0103<\/h3>\n<p>Cu o capacitate de 22 ml de lichid electronic \u0219i o putere de nicotin\u0103 de 5% sau 5%, Al Fakher Crown Bar 15000 PRO este mai mult dec\u00e2t at\u00e2t\u00a0<a href=\"https:\/\/alfakherwelt.de\/\" target=\"_blank\" rel=\"noopener\">E-\u021bigar\u0103 de unic\u0103 folosin\u021b\u0103<\/a>\u00a0\u2013 Este o declara\u021bie \u00een lumea vape-ului. Bateria integrat\u0103 de 600mAh, re\u00eenc\u0103rcabil\u0103 prin USB-C, asigur\u0103 c\u0103 dispozitivul \u021bine p\u00e2n\u0103 la ultima pic\u0103tur\u0103 de lichid electronic, astfel \u00eenc\u00e2t nicio inhalare valoroas\u0103 s\u0103 nu fie pierdut\u0103.<\/p>\n<ul>\n<li><strong>Capacitate:<\/strong>\u00a022 ml de lichid electronic de \u00eenalt\u0103 calitate, care garanteaz\u0103 o performan\u021b\u0103 de vapori intens\u0103 \u0219i de lung\u0103 durat\u0103<\/li>\n<li><strong>Puterea nicotinei:<\/strong>\u00a05% (50 mg) pentru o experien\u021b\u0103 de vaporizare puternic\u0103 \u0219i satisf\u0103c\u0103toare<\/li>\n<li><strong>Baterie:<\/strong>\u00a0Baterie re\u00eenc\u0103rcabil\u0103 de 600mAh, USB-C (cablu de \u00eenc\u0103rcare nu este inclus), asigur\u0103 o performan\u021b\u0103 de lung\u0103 durat\u0103<\/li>\n<li><strong>Trenuri:<\/strong>\u00a0Peste 15.000 de trenuri pentru o pl\u0103cere de lung\u0103 durat\u0103<\/li>\n<li><strong>Afi\u0219aj LED:<\/strong>\u00a0Afi\u0219aj avansat pentru \u00eenc\u0103rcarea bateriei \u0219i nivelul de lichid electronic<\/li>\n<\/ul>\n<h3>De ce Al Fakher Crown Bar 15000 PRO este alegerea corect\u0103<\/h3>\n<ol>\n<li><strong>Durabilitate de neegalat:<\/strong>\u00a0P\u00e2n\u0103 la 15.000 de pufuri \u2013 un nivel maxim de performan\u021b\u0103 \u0219i valoare.<\/li>\n<li><strong>Design elegant \u0219i unic:<\/strong>\u00a0Logo-ul iconic Al Fakher \u0219i designul elegant fac dispozitivul s\u0103 fie o adev\u0103rat\u0103 atrac\u021bie.<\/li>\n<li><strong>Re\u00eenc\u0103rcare prin USB-C:<\/strong>\u00a0Cu bateria re\u00eenc\u0103rcabil\u0103 de 600mAh pute\u021bi prelungi experien\u021ba dvs. de vaporizare ori de c\u00e2te ori ave\u021bi nevoie.<\/li>\n<li><strong>Afi\u0219aj LED avansat:<\/strong>\u00a0Crown Bar 15000 afi\u0219eaz\u0103 oric\u00e2nd starea E-Liquid \u0219i a bateriei, astfel \u00eenc\u00e2t s\u0103 fi\u021bi \u00eentotdeauna informat.<\/li>\n<li><strong>Manipulare u\u0219oar\u0103:<\/strong>\u00a0Nimic de completat sau configurare complex\u0103 - doar bucura\u021bi-v\u0103.<\/li>\n<\/ol>\n<hr \/>\n<h3>Descriere detaliat\u0103 a aromelor<\/h3>\n<h4>Lush Ice<\/h4>\n<p>Gustul Lush Ice te transport\u0103 \u00eentr-o lume plin\u0103 de prospe\u021bime \u0219i fructe. La fiecare inhalare, se dezvolt\u0103 o baz\u0103 de pepene verde suculent\u0103, care este perfect completat\u0103 de o not\u0103 de mentol. Aceast\u0103 arom\u0103 este ideal\u0103 pentru to\u021bi cei care caut\u0103 o experien\u021b\u0103 de vaporizare r\u0103coritoare \u0219i fructat\u0103, care r\u0103ce\u0219te \u0219i \u00eemprosp\u0103teaz\u0103 palatul. Echilibrul dintre pepenele verde dulce \u0219i mentolul intens asigur\u0103 o senza\u021bie pl\u0103cut\u0103 dup\u0103 gust, care te face s\u0103 vrei mai mult. Fiecare inhalare este o c\u0103l\u0103torie \u00een prospe\u021bimea tropical\u0103, care nu devine niciodat\u0103 plictisitoare.<\/p>\n<hr \/>\n<h3>Explozii de gust pentru fiecare moment<\/h3>\n<p>Al Fakher Crown Bar 15000 PRO a fost dezvoltat pentru a v\u0103 oferi o gam\u0103 larg\u0103 de arome intense \u0219i incitante. Descoperi\u021bi experien\u021ba de arom\u0103 de neegalat pe care Al Fakher o aduce \u00een lumea vape-urilor de unic\u0103 folosin\u021b\u0103 - o varietate care redefine\u0219te fiecare experien\u021b\u0103 de vaporizare.<\/p>\n<hr \/>\n<h3>De ce s\u0103 cump\u0103ra\u021bi de la noi?<\/h3>\n<p>Ca cel mai mare furnizor online de \u021big\u0103ri electronice de unic\u0103 folosin\u021b\u0103 din Germania, magazinul nostru - alfakher24h.de - ofer\u0103 o selec\u021bie larg\u0103 a celor mai bune \u0219i mai actuale vape-uri de unic\u0103 folosin\u021b\u0103 de pe pia\u021b\u0103. Cu accent pe calitate \u0219i servicii clien\u021bi, suntem destina\u021bia pentru to\u021bi cei care caut\u0103 o experien\u021b\u0103 de vaporizare de \u00eenalt\u0103 calitate \u0219i de \u00eencredere.<\/p>","protected":false},"excerpt":{"rendered":"<p>Al Fakher Crown Bar 15000 PRO a fost dezvoltat pentru a v\u0103 oferi o gam\u0103 larg\u0103 de arome intense \u0219i incitante. Descoperi\u021bi experien\u021ba de arom\u0103 de neegalat<\/p>","protected":false},"featured_media":1711,"comment_status":"open","ping_status":"closed","template":"","meta":{"om_disable_all_campaigns":false},"product_brand":[],"product_cat":[43],"product_tag":[],"class_list":{"0":"post-1710","1":"product","2":"type-product","3":"status-publish","4":"has-post-thumbnail","6":"product_cat-al-fakher-crown-bar-15000","8":"first","9":"outofstock","10":"shipping-taxable","11":"purchasable","12":"product-type-simple"},"_links":{"self":[{"href":"https:\/\/alfakher24h.de\/ro\/wp-json\/wp\/v2\/product\/1710","targetHints":{"allow":["GET"]}}],"collection":[{"href":"https:\/\/alfakher24h.de\/ro\/wp-json\/wp\/v2\/product"}],"about":[{"href":"https:\/\/alfakher24h.de\/ro\/wp-json\/wp\/v2\/types\/product"}],"replies":[{"embeddable":true,"href":"https:\/\/alfakher24h.de\/ro\/wp-json\/wp\/v2\/comments?post=1710"}],"wp:featuredmedia":[{"embeddable":true,"href":"https:\/\/alfakher24h.de\/ro\/wp-json\/wp\/v2\/media\/1711"}],"wp:attachment":[{"href":"https:\/\/alfakher24h.de\/ro\/wp-json\/wp\/v2\/media?parent=1710"}],"wp:term":[{"taxonomy":"product_brand","embeddable":true,"href":"https:\/\/alfakher24h.de\/ro\/wp-json\/wp\/v2\/product_brand?post=1710"},{"taxonomy":"product_cat","embeddable":true,"href":"https:\/\/alfakher24h.de\/ro\/wp-json\/wp\/v2\/product_cat?post=1710"},{"taxonomy":"product_tag","embeddable":true,"href":"https:\/\/alfakher24h.de\/ro\/wp-json\/wp\/v2\/product_tag?post=1710"}],"curies":[{"name":"wp","href":"https:\/\/api.w.org\/{rel}","templated":true}]}}