{"id":1706,"date":"2025-03-06T09:04:23","date_gmt":"2025-03-06T09:04:23","guid":{"rendered":"https:\/\/alfakher24h.de\/?post_type=product&#038;p=1706"},"modified":"2025-05-21T04:35:19","modified_gmt":"2025-05-21T04:35:19","slug":"httperror-response-code-429-too-many-requests-2","status":"publish","type":"product","link":"https:\/\/alfakher24h.de\/ro\/produs\/httperror-response-code-429-too-many-requests-2\/","title":{"rendered":"AI Fakher Crown Bar 15000 de trageri \u021bigar\u0103 electronic\u0103 de unic\u0103 folosin\u021b\u0103 - Berry Ice"},"content":{"rendered":"<h2><a href=\"https:\/\/alfakher24h.de\/ro\/\">Al Fakher<\/a> Crown Bar 15000 PRO: Cel mai bun <a href=\"https:\/\/alfakher24h.de\/ro\/\">E-Zigarette de unic\u0103 folosin\u021b\u0103<\/a> pentru Germania<\/h2>\n<p><img loading=\"lazy\" decoding=\"async\" class=\"alignnone size-full wp-image-1703\" src=\"https:\/\/alfakher24h.de\/wp-content\/uploads\/2025\/03\/5AI-Fakher-Crown-Bar-15000.webp\" alt=\"\" width=\"800\" height=\"800\" title=\"\" srcset=\"https:\/\/alfakher24h.de\/wp-content\/uploads\/2025\/03\/5AI-Fakher-Crown-Bar-15000.webp 800w, https:\/\/alfakher24h.de\/wp-content\/uploads\/2025\/03\/5AI-Fakher-Crown-Bar-15000-300x300.webp 300w, https:\/\/alfakher24h.de\/wp-content\/uploads\/2025\/03\/5AI-Fakher-Crown-Bar-15000-150x150.webp 150w, https:\/\/alfakher24h.de\/wp-content\/uploads\/2025\/03\/5AI-Fakher-Crown-Bar-15000-768x768.webp 768w, https:\/\/alfakher24h.de\/wp-content\/uploads\/2025\/03\/5AI-Fakher-Crown-Bar-15000-12x12.webp 12w, https:\/\/alfakher24h.de\/wp-content\/uploads\/2025\/03\/5AI-Fakher-Crown-Bar-15000-600x600.webp 600w, https:\/\/alfakher24h.de\/wp-content\/uploads\/2025\/03\/5AI-Fakher-Crown-Bar-15000-100x100.webp 100w\" sizes=\"auto, (max-width: 800px) 100vw, 800px\" \/><\/p>\n<p>Die\u00a0<strong>Al Fakher Crown Bar 15000 PRO<\/strong>\u00a0cea mai recent\u0103 inova\u021bie \u00een lumea lui\u00a0<strong>E-Zigarete de unic\u0103 folosin\u021b\u0103<\/strong>Cu 15.000 de trageri impresionante, un display LED avansat \u0219i o\u00a0<strong>Baterie re\u00eenc\u0103rcabil\u0103 de 600mAh cu USB-C<\/strong>, ofer\u0103 solu\u021bia perfect\u0103 pentru iubitorii de vape din Germania. Aceast\u0103 \u021bigar\u0103 electronic\u0103 combin\u0103 designul modern, tehnologia \u0219i m\u0103rcile cunoscute\u00a0<strong>Al Fakher Aromen<\/strong>\u00a0\u00centr-un dispozitiv compact. Fie pentru \u00eencep\u0103torii, fie pentru vaperii experimenta\u021bi - acest dispozitiv ofer\u0103 o experien\u021b\u0103 unic\u0103.<\/p>\n<hr \/>\n<h3>Descrierea produsului<\/h3>\n<p>Die\u00a0<strong>Al Fakher Crown Bar 15000 PRO<\/strong>\u00a0este una dintre cele mai puternice\u00a0<a href=\"https:\/\/alfakher24h.de\/ro\/\"><strong>E-Zigarete de unic\u0103 folosin\u021b\u0103<\/strong><\/a>\u00a0pe pia\u021b\u0103. Dotat cu o umplere impresionant\u0103 de 22ml de e-lichid de \u00eenalt\u0103 calitate \u0219i o baterie de 600mAh\u00a0<strong>Baterie re\u00eenc\u0103rcabil\u0103 USB-C<\/strong>permi\u021b\u00e2nd acestui dispozitiv p\u00e2n\u0103 la\u00a0<strong>15.000 trenuri<\/strong>Datorit\u0103 afi\u0219ajului LED \u00eencorporat, utilizatorii au \u00eentotdeauna o imagine de ansamblu asupra acestuia\u00a0<strong>E-Liquid-Stand<\/strong>\u00a0\u0219i pe\u00a0<strong>Starea bateriei<\/strong>Designul elegant \u0219i ergonomic cu sigla \u00eencorporat\u0103 face ca acest dispozitiv s\u0103 fie cu adev\u0103rat remarcabil.<\/p>\n<p>Aceasta\u00a0<strong>E-Zigarette de unic\u0103 folosin\u021b\u0103<\/strong>\u00a0este deosebit de potrivit pentru cei care acord\u0103 valoare\u00a0<strong>mare formare de nori<\/strong>utilizare \u00eendelungat\u0103 \u0219i o manipulare u\u0219oar\u0103. Un alt avantaj este cel mare\u00a0<strong>Varian\u021b\u0103 de arome<\/strong>care Al Fakher \u0219i-a p\u0103strat tradi\u021bionala\u00a0<strong>Aromuri de tutun pentru narghilea<\/strong>\u00a0a preluat \u0219i acum le adapteaz\u0103 perfect la\u00a0<strong>Vaping<\/strong>\u00a0a votat.<\/p>\n<hr \/>\n<h3>Detalii tehnice \u0219i caracteristici speciale<\/h3>\n<ul>\n<li><strong>Num\u0103r de puf\u0103turi<\/strong>: Peste 15.000 de trenuri<\/li>\n<li><strong>Con\u021binut<\/strong>: 22ml E-Liquid<\/li>\n<li><strong>Con\u021binut de nicotin\u0103<\/strong>: 5% (50mg)<\/li>\n<li><strong>Capacitatea bateriei<\/strong>Baterie re\u00eenc\u0103rcabil\u0103 de 600mAh cu USB-C<\/li>\n<li><strong>Timp de \u00eenc\u0103rcare<\/strong>: Conector USB-C pentru \u00eenc\u0103rcare rapid\u0103 (cablul nu este inclus)<\/li>\n<li><strong>Afi\u0219aj LED<\/strong>: Afi\u0219area nivelului de e-lichid \u0219i a statutului bateriei<\/li>\n<li><strong>Design<\/strong>: Ergonomic cu logo \u00eencorporat<\/li>\n<li><strong>Compatibilitate<\/strong>Perfect pentru deplas\u0103ri \u0219i utilizare zilnic\u0103<\/li>\n<li><strong>particularitate<\/strong>: Longevitate datorit\u0103 num\u0103rului mare de trenuri<\/li>\n<\/ul>\n<p>Aceste detalii fac pe\u00a0<strong>Crown Bar 15000 PRO<\/strong>\u00a0alegerea optim\u0103 pentru to\u021bi cei care au nevoie de un produs de \u00eencredere \u0219i puternic\u00a0<strong>Dispozitiv de vaporizare<\/strong>\u00a0caut\u0103<\/p>\n<hr \/>\n<h3>Diversitatea gusturilor - Mai mult dec\u00e2t o pl\u0103cere<\/h3>\n<p>Al Fakher este cunoscut pentru savoarea sa distinctiv\u0103\u00a0<strong>Aromele<\/strong>care au o lung\u0103 tradi\u021bie \u00een domeniul shisha. Aceast\u0103 expertiz\u0103 a fost acum extins\u0103 \u0219i \u00een lumea\u00a0<strong>Vape-uri de unic\u0103 folosin\u021b\u0103<\/strong>\u00a0pentru a deveni unul dintre cele mai bune\u00a0<strong>Experien\u021b\u0103 cu aburi<\/strong>\u00a0a garanta. The\u00a0<strong>Crown Bar 15000 PRO<\/strong>\u00a0Ofer\u0103 o gam\u0103 larg\u0103 de arome delicioase, toate atent dezvoltate pentru a oferi o arom\u0103 autentic\u0103 \u0219i intens\u0103. O arom\u0103 deosebit de popular\u0103 este\u00a0<strong>Berry Ice<\/strong>.<\/p>\n<h4><strong>Berry Ice<\/strong>: Gustare fructat\u0103 cu o lovitur\u0103 r\u0103coritoare de ghea\u021b\u0103<\/h4>\n<p>Das\u00a0<strong>Berry Ice<\/strong>\u00a0Mirosul\u00a0<strong>Al Fakher Crown Bar 15000 PRO<\/strong>\u00a0combin\u0103 gustul intens al fructelor de p\u0103dure dulci cu o r\u0103coare r\u0103coritoare. Deja de la prima inhalare, se dezvolt\u0103 pe deplin\u00a0<strong>Gust de maz\u0103re<\/strong>care aminte\u0219te de fructe mature \u0219i suculente. Este un amestec armonios de diferite soiuri de fructe de p\u0103dure, care se remarc\u0103 prin dulcea\u021ba lor, dar ofer\u0103 \u00een acela\u0219i timp o aciditate natural\u0103 care asigur\u0103 varietate.<\/p>\n<p>Componenta fructat\u0103 este realizat\u0103 printr-o \n(subtil\u0103)\u00a0<strong>Not\u0103 de zece<\/strong>\u00a0completeaz\u0103, oferind fiec\u0103rui tren o prospe\u021bime pl\u0103cut\u0103. Acest efect de r\u0103cire face ca\u00a0<strong>Berry Ice Aroma<\/strong>\u00a0O alegere perfect\u0103 pentru zilele calde de var\u0103 sau pentru momentele \u00een care ai nevoie de un impuls fresh \u0219i revigorant. Aromele r\u0103m\u00e2n constante pe toat\u0103 durata celor 15.000 de pufuri \u0219i nu \u00ee\u0219i pierd intensitatea nici dup\u0103 o perioad\u0103 lung\u0103 de utilizare.<\/p>\n<p>Fiecare arom\u0103 a\u00a0<strong>Crown Bar 15000 PRO<\/strong>\u00a0a fost conceput pentru a fi potrivit at\u00e2t pentru \u00eencep\u0103torii, c\u00e2t \u0219i pentru vapoarele experimentate. Aromele sunt pline, intense \u0219i ofer\u0103 o experien\u021b\u0103 complet satisf\u0103c\u0103toare.<\/p>\n<hr \/>\n<h3>De ce Al Fakher Crown Bar 15000 PRO este cea mai bun\u0103 alegere<\/h3>\n<ol>\n<li><strong>Durabilitate<\/strong>: Cu\u00a0<strong>15.000 de trenuri<\/strong>\u00a0Acest dispozitiv dureaz\u0103 semnificativ mai mult dec\u00e2t multe altele\u00a0<strong>E-Zigarete de unic\u0103 folosin\u021b\u0103<\/strong>\u00a0pe pia\u021b\u0103.<\/li>\n<li><strong>Varian\u021b\u0103 de arome<\/strong>:  Selec\u021bia de arome, cum ar fi de exemplu\u00a0<strong>Berry Ice<\/strong>ofer\u0103 experien\u021ba potrivit\u0103 pentru fiecare gust.<\/li>\n<li><strong>Confort<\/strong>Datorit\u0103\u00a0<strong>baterie re\u00eenc\u0103rcabil\u0103<\/strong>\u00a0\u0219i manipularea u\u0219oar\u0103 este\u00a0<strong>Crown Bar 15000 PRO<\/strong>\u00a0Ideal pentru deplas\u0103ri.<\/li>\n<li><strong>Design inovativ<\/strong>: Designul ergonomic \u0219i\u00a0<strong>Afi\u0219aj LED<\/strong>\u00a0Ofer\u0103 nu numai confort, ci \u0219i un aspect modern \u0219i elegant.<\/li>\n<li><strong>Fiabilitate<\/strong>Al Fakher a reprezentat timp de decenii calitatea \u0219i gustul - o marc\u0103 \u00een care po\u021bi avea \u00eencredere.<\/li>\n<li><strong>Cump\u0103rare u\u0219oar\u0103<\/strong>Vizitati site-ul nostru web alfakher24h.de \u0219i descoperi\u021bi selec\u021bia noastr\u0103 larg\u0103 de\u00a0<a href=\"https:\/\/alfakher24h.de\/ro\/\"><strong>E-Zigarete de unic\u0103 folosin\u021b\u0103<\/strong>.<\/a><\/li>\n<\/ol>\n<hr \/>\n<h3>Al Fakher Crown Bar 15000 PRO \u2013 Ridic\u0103 experien\u021ba ta de vaping la urm\u0103torul nivel<\/h3>\n<p>Cu ajutorul\u00a0<strong>Al Fakher Crown Bar 15000 PRO<\/strong>\u00a0Ave\u021bi solu\u021bia perfect\u0103 pentru dvs.\u00a0<strong>Vape nevoi<\/strong>\u00a0g\u0103sit. Indiferent dac\u0103 sunte\u021bi \u00een c\u0103utarea unui dispozitiv care s\u0103 dureze mult timp sau care s\u0103 ofere performan\u021be intensive,\u00a0<strong>Aromele<\/strong>care transform\u0103 fiecare c\u0103l\u0103torie \u00eentr-o experien\u021b\u0103 - acest produs ofer\u0103 totul ceea ce iubitorii de vape \u00ee\u0219i doresc.<\/p>\n<p>Nu rata\u021bi ocazia de a face acest lucru\u00a0<strong>produs de \u00eenalt\u0103 calitate<\/strong> zu testen. Besuchen Sie uns auf -&gt; pentru a testa. Ne vizita\u021bi pe <a href=\"https:\/\/alfakher24h.de\/ro\/\">alfakher24h.de<\/a>\u00a0\u0219i experimenta\u021bi lumea vapingului \u00eentr-o nou\u0103 dimensiune. Cu ajutorul\u00a0<strong>Al Fakher Crown Bar 15000 PRO<\/strong>\u00a0Vei fi cu siguran\u021b\u0103 mul\u021bumit!<\/p>","protected":false},"excerpt":{"rendered":"<p><strong>Al Fakher Crown Bar 15000 PRO<\/strong>\u00a0Ave\u021bi solu\u021bia perfect\u0103 pentru dvs.\u00a0<strong>Vape nevoi<\/strong>\u00a0g\u0103sit. Indiferent dac\u0103 sunte\u021bi \u00een c\u0103utarea unui dispozitiv care s\u0103 dureze mult timp sau care s\u0103 ofere performan\u021be intensive,\u00a0<strong>Aromele<\/strong><\/p>","protected":false},"featured_media":1707,"comment_status":"open","ping_status":"closed","template":"","meta":{"om_disable_all_campaigns":false},"product_brand":[],"product_cat":[43],"product_tag":[],"class_list":{"0":"post-1706","1":"product","2":"type-product","3":"status-publish","4":"has-post-thumbnail","6":"product_cat-al-fakher-crown-bar-15000","8":"first","9":"outofstock","10":"shipping-taxable","11":"purchasable","12":"product-type-simple"},"_links":{"self":[{"href":"https:\/\/alfakher24h.de\/ro\/wp-json\/wp\/v2\/product\/1706","targetHints":{"allow":["GET"]}}],"collection":[{"href":"https:\/\/alfakher24h.de\/ro\/wp-json\/wp\/v2\/product"}],"about":[{"href":"https:\/\/alfakher24h.de\/ro\/wp-json\/wp\/v2\/types\/product"}],"replies":[{"embeddable":true,"href":"https:\/\/alfakher24h.de\/ro\/wp-json\/wp\/v2\/comments?post=1706"}],"wp:featuredmedia":[{"embeddable":true,"href":"https:\/\/alfakher24h.de\/ro\/wp-json\/wp\/v2\/media\/1707"}],"wp:attachment":[{"href":"https:\/\/alfakher24h.de\/ro\/wp-json\/wp\/v2\/media?parent=1706"}],"wp:term":[{"taxonomy":"product_brand","embeddable":true,"href":"https:\/\/alfakher24h.de\/ro\/wp-json\/wp\/v2\/product_brand?post=1706"},{"taxonomy":"product_cat","embeddable":true,"href":"https:\/\/alfakher24h.de\/ro\/wp-json\/wp\/v2\/product_cat?post=1706"},{"taxonomy":"product_tag","embeddable":true,"href":"https:\/\/alfakher24h.de\/ro\/wp-json\/wp\/v2\/product_tag?post=1706"}],"curies":[{"name":"wp","href":"https:\/\/api.w.org\/{rel}","templated":true}]}}