{"id":1704,"date":"2025-03-06T08:55:36","date_gmt":"2025-03-06T08:55:36","guid":{"rendered":"https:\/\/alfakher24h.de\/?post_type=product&#038;p=1704"},"modified":"2025-05-21T04:35:19","modified_gmt":"2025-05-21T04:35:19","slug":"httperror-response-code-429-too-many-requests-6","status":"publish","type":"product","link":"https:\/\/alfakher24h.de\/ro\/produs\/httperror-response-code-429-too-many-requests-6\/","title":{"rendered":"AI Fakher Crown Bar 15000 de trageri \u021bigar\u0103 electronic\u0103 de unic\u0103 folosin\u021b\u0103 \u2013 Flash alb"},"content":{"rendered":"<h2 data-start=\"0\" data-end=\"125\"><strong data-start=\"0\" data-end=\"125\">Al Fakher Crown Bar 15000 Disposable Vape \u2013 E-Zigarette de unic\u0103 folosin\u021b\u0103 cu 15.000 de pufuri pentru o experien\u021b\u0103 de vaporizare de neuitat<\/strong><\/h2>\n<p><img loading=\"lazy\" decoding=\"async\" class=\"alignnone size-full wp-image-1703\" src=\"https:\/\/alfakher24h.de\/wp-content\/uploads\/2025\/03\/5AI-Fakher-Crown-Bar-15000.webp\" alt=\"\" width=\"800\" height=\"800\" title=\"\" srcset=\"https:\/\/alfakher24h.de\/wp-content\/uploads\/2025\/03\/5AI-Fakher-Crown-Bar-15000.webp 800w, https:\/\/alfakher24h.de\/wp-content\/uploads\/2025\/03\/5AI-Fakher-Crown-Bar-15000-300x300.webp 300w, https:\/\/alfakher24h.de\/wp-content\/uploads\/2025\/03\/5AI-Fakher-Crown-Bar-15000-150x150.webp 150w, https:\/\/alfakher24h.de\/wp-content\/uploads\/2025\/03\/5AI-Fakher-Crown-Bar-15000-768x768.webp 768w, https:\/\/alfakher24h.de\/wp-content\/uploads\/2025\/03\/5AI-Fakher-Crown-Bar-15000-12x12.webp 12w, https:\/\/alfakher24h.de\/wp-content\/uploads\/2025\/03\/5AI-Fakher-Crown-Bar-15000-600x600.webp 600w, https:\/\/alfakher24h.de\/wp-content\/uploads\/2025\/03\/5AI-Fakher-Crown-Bar-15000-100x100.webp 100w\" sizes=\"auto, (max-width: 800px) 100vw, 800px\" \/><\/p>\n<h3 data-start=\"127\" data-end=\"157\">Prezentare general\u0103 a produsului<\/h3>\n<p data-start=\"158\" data-end=\"778\">Die\u00a0<strong data-start=\"162\" data-end=\"214\">Al Fakher Crown Bar 15000 PRO E-\u021bigaret\u0103 de unic\u0103 folosin\u021b\u0103<\/strong>\u00a0este o alegere remarcabil\u0103 pentru vapori care mizeaz\u0103 pe calitate, gust \u0219i durabilitate. Cu o capacitate impresionant\u0103 de 22 ml de lichid electronic \u0219i o durat\u0103 de via\u021b\u0103 a bateriei care asigur\u0103 o utilizare de lung\u0103 durat\u0103, aceast\u0103 \u021bigar\u0103 electronic\u0103 de unic\u0103 folosin\u021b\u0103 este \u00eenso\u021bitorul perfect pentru multe zile. Ea ofer\u0103 15.000 de pufuri \u0219i vine cu o baterie care poate fi re\u00eenc\u0103rcat\u0103\u00a0<strong data-start=\"571\" data-end=\"593\">600 mAh baterie USB-C<\/strong>\u00a0(Cablul nu este inclus). \u00cen plus, dispozitivul are un afi\u0219aj LED practic care arat\u0103 \u00een orice moment nivelul bateriei, precum \u0219i cantitatea r\u0103mas\u0103 de lichid electronic - ideal pentru deplas\u0103ri.<\/p>\n<h3 data-start=\"780\" data-end=\"802\">Produse de top<\/h3>\n<ul data-start=\"803\" data-end=\"1562\">\n<li data-start=\"803\" data-end=\"925\"><strong data-start=\"805\" data-end=\"830\">15.000 trenuri capacitate<\/strong>: Garantat o experien\u021b\u0103 prelungit\u0103 \u0219i pl\u0103cut\u0103, cu un gust uniform \u0219i aromat la fiecare \u021bigar\u0103.<\/li>\n<li data-start=\"926\" data-end=\"1021\"><strong data-start=\"928\" data-end=\"946\">22 ml E-Liquid<\/strong>Ofer\u0103 o experien\u021b\u0103 de gust intens\u0103, ideal\u0103 pentru to\u021bi vaperii.<\/li>\n<li data-start=\"1022\" data-end=\"1246\"><strong data-start=\"1024\" data-end=\"1064\">Baterie re\u00eenc\u0103rcabil\u0103 de 600 mAh cu USB-C<\/strong>: Acumulatorul asigur\u0103 o utilizare continu\u0103 p\u00e2n\u0103 la ultima pic\u0103tur\u0103 de lichid electronic.  Se \u00eencarc\u0103 u\u0219or cu un cablu USB-C (cablul nu este inclus).<\/li>\n<li data-start=\"1247\" data-end=\"1398\"><strong data-start=\"1249\" data-end=\"1274\">5%<\/strong>: Cu 50 mg de nicotin\u0103, aceast\u0103 \u021bigar\u0103 electronic\u0103 de unic\u0103 folosin\u021b\u0103 ofer\u0103 o satisfac\u021bie pl\u0103cut\u0103 pentru fo\u0219tii fum\u0103tori \u0219i pentru vapoarele experimentate.<\/li>\n<li data-start=\"1399\" data-end=\"1562\"><strong data-start=\"1401\" data-end=\"1436\">Design modern cu afi\u0219aj LED<\/strong>: Afi\u0219ajul LED avansat arat\u0103 nivelul bateriei \u0219i nivelul de lichid electronic, astfel \u00eenc\u00e2t sunte\u021bi \u00eentotdeauna perfect informat.<\/li>\n<\/ul>\n<h3 data-start=\"1564\" data-end=\"1607\">De ce s\u0103 alegi Al Fakher Crown Bar 15000?<\/h3>\n<ul data-start=\"1608\" data-end=\"2370\">\n<li data-start=\"1608\" data-end=\"1791\"><strong data-start=\"1610\" data-end=\"1640\">Singuratic\u0103 longevitate<\/strong>: Cu 15.000 de pufuri, aceast\u0103 \u021bigar\u0103 electronic\u0103 de unic\u0103 folosin\u021b\u0103 ofer\u0103 una dintre cele mai mari capacit\u0103\u021bi de pufuri de pe pia\u021b\u0103 \u0219i reduce frecventa cump\u0103r\u0103ri sau re\u00eenc\u0103rc\u0103ri.<\/li>\n<li data-start=\"1792\" data-end=\"1950\"><strong data-start=\"1794\" data-end=\"1815\">Consum imediat<\/strong>: Prin capacitatea preumplut\u0103 de e-lichid \u0219i bateria re\u00eenc\u0103rcabil\u0103, utilizarea este foarte u\u0219oar\u0103 - \u00eenc\u0103rca\u021bi, vapa\u021bi, bucura\u021bi-v\u0103.<\/li>\n<li data-start=\"1951\" data-end=\"2106\"><strong data-start=\"1953\" data-end=\"1997\">Calitate premium \u0219i arome autentice<\/strong>Al Fakher este cunoscut pentru lichidele sale electronice de \u00eenalt\u0103 calitate, care ofer\u0103 un gust intens la fiecare puf.<\/li>\n<li data-start=\"2107\" data-end=\"2260\"><strong data-start=\"2109\" data-end=\"2131\">Mobilitate maxim\u0103<\/strong>Bateria re\u00eenc\u0103rcabil\u0103 face aceast\u0103 \u021bigar\u0103 electronic\u0103 ideal\u0103 pentru deplas\u0103ri, f\u0103r\u0103 a face compromisuri \u00een ceea ce prive\u0219te calitatea vaporilor.<\/li>\n<li data-start=\"2261\" data-end=\"2370\"><strong data-start=\"2263\" data-end=\"2285\">Aplica\u021bie simpl\u0103<\/strong>: Nicio configurare sau cur\u0103\u021bare complicat\u0103 - pur \u0219i simplu \u00eenc\u0103rca\u021bi \u0219i bucura\u021bi-v\u0103 imediat.<\/li>\n<\/ul>\n<h3 data-start=\"2372\" data-end=\"2400\">O varietate exclusiv\u0103 de arome<\/h3>\n<p data-start=\"2402\" data-end=\"2668\">Al Fakher ofer\u0103 o gam\u0103 larg\u0103 de arome delicioase pentru\u00a0<strong data-start=\"2468\" data-end=\"2487\">Crown Bar 15000<\/strong>care satisfac visele de gust ale tuturor vaporilor. Cu un amestec echilibrat de arome tradi\u021bionale \u0219i moderne, Al Fakher asigur\u0103 o experien\u021b\u0103 unic\u0103 de vaporizare.<\/p>\n<p data-start=\"2670\" data-end=\"3120\"><strong data-start=\"2670\" data-end=\"2685\">White Flash<\/strong>\u00a0Experimenta\u021bi gustul r\u0103coritor de r\u0103coare al aromei \u201eWhite Flash\u201d. Aceast\u0103 arom\u0103 combin\u0103 gustul intens, proasp\u0103t de mentol\u0103 cu o u\u0219oar\u0103 dulcea\u021b\u0103. Ideal\u0103 pentru vapori care caut\u0103 senza\u021bia puternic\u0103, r\u0103coritoare, care treze\u0219te sim\u021burile \u0219i r\u0103core\u0219te respira\u021bia. Perfect\u0103 pentru cei care apreciaz\u0103 un gust proasp\u0103t, u\u0219or dulce, care nu este niciodat\u0103 prea agresiv, dar ofer\u0103 o senza\u021bie de r\u0103corire impresionant\u0103.<\/p>\n<h3 data-start=\"3122\" data-end=\"3165\">Alegerea perfect\u0103 pentru o experien\u021b\u0103 intens\u0103<\/h3>\n<p data-start=\"3166\" data-end=\"3563\">Die\u00a0<strong data-start=\"3170\" data-end=\"3199\">Al Fakher Crown Bar 15000<\/strong>\u00a0O e-\u021bigar\u0103 de unic\u0103 folosin\u021b\u0103 ofer\u0103 un echilibru de ne\u00eenvins \u00eentre putere, arom\u0103 \u0219i mobilitate. Fiecare tragere este o experien\u021b\u0103 unic\u0103 care entuziasmeaz\u0103 vapoarele \u0219i le invit\u0103 s\u0103 revin\u0103 mereu. Descoperi\u021bi calitatea \u0219i aroma Al Fakher \u0219i convinge\u021bi-v\u0103 singur de aceast\u0103 experien\u021b\u0103 de vaporizare durabil\u0103 \u0219i u\u0219or de utilizat.<\/p>\n<p data-start=\"3565\" data-end=\"3692\">Comanda\u021bi acum\u00a0<strong data-start=\"3589\" data-end=\"3618\">Al Fakher Crown Bar 15000<\/strong>\u00a0pe \/alfakher24h.de \u0219i experimenta\u021bi noua dimensiune a vaporiz\u0103rii!<\/p>","protected":false},"excerpt":{"rendered":"<p><strong data-start=\"3170\" data-end=\"3199\">Al Fakher Crown Bar 15000<\/strong>\u00a0O e-\u021bigar\u0103 de unic\u0103 folosin\u021b\u0103 ofer\u0103 un echilibru de ne\u00eenvins \u00eentre putere, arom\u0103 \u0219i mobilitate. Fiecare tragere este o experien\u021b\u0103 unic\u0103 care entuziasmeaz\u0103 vapoarele \u0219i le invit\u0103 s\u0103 revin\u0103 mereu. Descoperi\u021bi calitatea \u0219i aroma Al Fakher \u0219i convinge\u021bi-v\u0103 singur de aceast\u0103 experien\u021b\u0103 de vaporizare durabil\u0103 \u0219i u\u0219or de utilizat.<\/p>","protected":false},"featured_media":1705,"comment_status":"open","ping_status":"closed","template":"","meta":{"om_disable_all_campaigns":false},"product_brand":[],"product_cat":[43],"product_tag":[],"class_list":{"0":"post-1704","1":"product","2":"type-product","3":"status-publish","4":"has-post-thumbnail","6":"product_cat-al-fakher-crown-bar-15000","8":"first","9":"outofstock","10":"shipping-taxable","11":"purchasable","12":"product-type-simple"},"_links":{"self":[{"href":"https:\/\/alfakher24h.de\/ro\/wp-json\/wp\/v2\/product\/1704","targetHints":{"allow":["GET"]}}],"collection":[{"href":"https:\/\/alfakher24h.de\/ro\/wp-json\/wp\/v2\/product"}],"about":[{"href":"https:\/\/alfakher24h.de\/ro\/wp-json\/wp\/v2\/types\/product"}],"replies":[{"embeddable":true,"href":"https:\/\/alfakher24h.de\/ro\/wp-json\/wp\/v2\/comments?post=1704"}],"wp:featuredmedia":[{"embeddable":true,"href":"https:\/\/alfakher24h.de\/ro\/wp-json\/wp\/v2\/media\/1705"}],"wp:attachment":[{"href":"https:\/\/alfakher24h.de\/ro\/wp-json\/wp\/v2\/media?parent=1704"}],"wp:term":[{"taxonomy":"product_brand","embeddable":true,"href":"https:\/\/alfakher24h.de\/ro\/wp-json\/wp\/v2\/product_brand?post=1704"},{"taxonomy":"product_cat","embeddable":true,"href":"https:\/\/alfakher24h.de\/ro\/wp-json\/wp\/v2\/product_cat?post=1704"},{"taxonomy":"product_tag","embeddable":true,"href":"https:\/\/alfakher24h.de\/ro\/wp-json\/wp\/v2\/product_tag?post=1704"}],"curies":[{"name":"wp","href":"https:\/\/api.w.org\/{rel}","templated":true}]}}