{"id":1669,"date":"2025-02-15T01:56:01","date_gmt":"2025-02-15T01:56:01","guid":{"rendered":"https:\/\/alfakher24h.de\/?post_type=product&#038;p=1669"},"modified":"2025-05-21T04:35:19","modified_gmt":"2025-05-21T04:35:19","slug":"ai-fakher-crown-bar-15000-zuege-einweg-e-mint-de-struguri-de-tigara","status":"publish","type":"product","link":"https:\/\/alfakher24h.de\/ro\/produs\/ai-fakher-crown-bar-15000-zuege-einweg-e-mint-de-struguri-de-tigara\/","title":{"rendered":"AI Fakher Crown Bar 15000 de trageri \u021bigar\u0103 electronic\u0103 de unic\u0103 folosin\u021b\u0103 - Ment\u0103 de struguri"},"content":{"rendered":"<h2><a href=\"https:\/\/alfakher24h.de\/ro\/\">Al Fakher Crown Bar 15000 PRO<\/a>: Revolu\u021bia \u00een r\u00e2ndul \u021big\u0103rilor electronice de unic\u0103 folosin\u021b\u0103<\/h2>\n<p>Die\u00a0<strong>Al Fakher Crown Bar 15000 PRO<\/strong>\u00a0este cea mai nou\u0103 inova\u021bie printre \u021big\u0103rile electronice de unic\u0103 folosin\u021b\u0103, care se potrive\u0219te perfect pe pia\u021ba german\u0103 \u0219i ofer\u0103 o experien\u021b\u0103 de vaporizare excep\u021bional\u0103. Cu o combina\u021bie unic\u0103 de design de \u00eenalt\u0103 calitate, performan\u021b\u0103 impresionant\u0103 \u0219i func\u021bionalitate u\u0219or de utilizat, aceast\u0103 \u021bigar\u0103 electronic\u0103 stabile\u0219te noi standarde \u00een lumea vaporiz\u0103rii. Experimenta\u021bi arome intense \u0219i o pl\u0103cere de lung\u0103 durat\u0103 cu 15.000 de pufuri \u2013 o adev\u0103rat\u0103 revolu\u021bie pentru entuzia\u0219tii de vaporizare.<\/p>\n<p>V\u0103 rug\u0103m s\u0103 vizita\u021bi alfakher24h.de, cea mai mare platform\u0103 online de v\u00e2nzare de \u021big\u0103ri electronice de unic\u0103 folosin\u021b\u0103 din Germania, \u0219i descoperi\u021bi Al Fakher Crown Bar 15000 PRO.<\/p>\n<p>&nbsp;<\/p>\n<h3>Design unic \u0219i procesare de \u00eenalt\u0103 calitate<\/h3>\n<p>Designul Al Fakher Crown Bar 15000 PRO este la fel de fascinant ca \u0219i func\u021bional. Construc\u021bia robust\u0103 \u0219i carcasa modern\u0103 confer\u0103 \u021big\u0103rii electronice nu numai un aspect elegant, ci \u0219i o durabilitate \u0219i o practicabilitate pentru utilizarea zilnic\u0103. Afi\u0219ajul inovator LED arat\u0103 \u00een orice moment nivelul bateriei \u0219i cantitatea r\u0103mas\u0103 de lichid electronic, astfel \u00eenc\u00e2t s\u0103 pute\u021bi \u021bine \u021bigara electronic\u0103 sub control.<\/p>\n<h3><strong>Al Fakher Crown Bar 15000 PRO<\/strong>\u00a0Caracteristici \u00een general<\/h3>\n<ul>\n<li><strong>Durat\u0103 de via\u021b\u0103 lung\u0103<\/strong>: P\u00e2n\u0103 la\u00a0<strong>15.000 trenuri<\/strong>Acest lucru \u00eenseamn\u0103 bucurie timp de c\u00e2teva zile f\u0103r\u0103 s\u0103 fie nevoie de re\u00eenc\u0103rc\u0103ri frecvente.<\/li>\n<li><strong>Capacitate mare de lichid electronic<\/strong>:\u00a0<strong>22ml lichid preumplut<\/strong>\u00a0Asigur\u0103 o explozie de gust persistent\u0103.<\/li>\n<li><strong>Capacitatea bateriei<\/strong>:\u00a0<strong>600mAh<\/strong>\u00a0Baterie re\u00eenc\u0103rcabil\u0103 USB-C, rapid\u0103 \u0219i u\u0219oar\u0103 de \u00eenc\u0103rcat.<\/li>\n<li><strong>Afi\u0219aj LED<\/strong>: Informeaz\u0103 despre nivelul lichidului \u0219i starea bateriei - un adev\u0103rat plus pentru confort \u0219i siguran\u021b\u0103.<\/li>\n<li><strong>Concentra\u021bie puternic\u0103 de nicotin\u0103<\/strong>:\u00a0<strong>5% Nicotin\u0103<\/strong>\u00a0pentru o satisfac\u021bie intens\u0103, special conceput pentru fum\u0103tori \u0219i vapori care decid s\u0103 fac\u0103 tranzi\u021bia.<\/li>\n<\/ul>\n<h3>De ce s\u0103 cump\u0103ra\u021bi Al Fakher Crown Bar 15000 PRO?<\/h3>\n<p>Al Fakher Crown Bar 15000 PRO a fost conceput pentru a ob\u021bine maximum de experien\u021b\u0103 de vaporizare. Acesta ofer\u0103 lovituri puternice de nicotin\u0103, produc\u021bie de vapori de lung\u0103 durat\u0103 \u0219i o gam\u0103 larg\u0103 de arome intense care reflect\u0103 perfect expertiza Al Fakher \u00een dezvoltarea gustului. Acest e-\u021bigar\u0103 este perfect pentru cei care caut\u0103 o experien\u021b\u0103 de vaporizare de \u00eenalt\u0103 calitate, f\u0103r\u0103 complica\u021bii, f\u0103r\u0103 necesitatea de realimentare sau \u00eenc\u0103rcare frecvent\u0103.<\/p>\n<ol>\n<li><strong>Puternic\u0103 bucurie de aburi<\/strong>\u00a0\u2013 P\u00e2n\u0103 la 15.000 de trenuri asigur\u0103 ore de bucurie de abur, ideal pentru zile \u0219i nop\u021bi lungi.<\/li>\n<li><strong>Baterie re\u00eenc\u0103rcabil\u0103<\/strong>\u00a0\u2013 Bateria de lung\u0103 durat\u0103 de 600mAh garanteaz\u0103 c\u0103 aburul nu se termin\u0103 \u00eenainte ca lichidul s\u0103 se epuizeze.<\/li>\n<li><strong>Design prietenos cu utilizatorul<\/strong>\u00a0\u2013 Cu afi\u0219ajul LED ave\u021bi \u00eentotdeauna o imagine de ansamblu a \u021big\u0103rii electronice.<\/li>\n<li><strong>Calitatea consacrat\u0103 a Al Fakhers<\/strong>\u00a0\u2013 Decenii de experien\u021b\u0103 \u00een dezvoltarea de arome pentru o experien\u021b\u0103 de vaporizare de neegalat.<\/li>\n<li><strong>Concentra\u021bie mare de nicotin\u0103<\/strong>\u00a0- Ideal pentru to\u021bi cei care apreciaz\u0103 o experien\u021b\u0103 de nicotin\u0103 de \u00eenalt\u0103 calitate.<\/li>\n<\/ol>\n<h3>Gust intensiv - Diversitate \u0219i autenticitate<\/h3>\n<p>Varia\u021biile de arom\u0103 ale Al Fakher Crown Bar 15000 PRO nu sunt doar diverse, ci ofer\u0103 \u0219i o experien\u021b\u0103 autentic\u0103 \u0219i intensiv\u0103 pe care fanii Al Fakher \u00eei vor iubi. Iat\u0103 o privire detaliat\u0103 asupra aromelor:<\/p>\n<h4>Grape Mint - Amestecul perfect de prospe\u021bime \u0219i dulcea\u021b\u0103<\/h4>\n<p>Un gust inconfundabil, care combin\u0103 dulcea\u021ba \u0219i suculenta prospe\u021bime a strugurilor cu o not\u0103 de ment\u0103 r\u0103coritoare. Echilibrul perfect \u00eentre dulcea\u021b\u0103 \u0219i prospe\u021bime, care treze\u0219te papilele gustative \u0219i este pl\u0103cut \u00een orice moment al zilei.<\/p>\n<ul>\n<li><strong>Experien\u021b\u0103 gustativ\u0103<\/strong>: Nota dulce, plin\u0103 a strugurilor este completat\u0103 perfect de o not\u0103 fin\u0103 de ment\u0103 \u0219i asigur\u0103 un final pl\u0103cut de r\u0103coare.<\/li>\n<li><strong>Autenticitate<\/strong>Al Fakher a acordat o aten\u021bie deosebit\u0103 autenticit\u0103\u021bii \u00een dezvoltarea acestei arome, astfel \u00eenc\u00e2t fiecare vapoare s\u0103 surprind\u0103 gustul strugurilor proaspe\u021bi.<\/li>\n<li><strong>Aplica\u021bie<\/strong>Ideal pentru iubitorii de arome proaspete \u0219i fructate care caut\u0103 un gust clar \u0219i intens.<\/li>\n<\/ul>\n<h4>Variatate larg\u0103 de arome de <a href=\"https:\/\/alfakher24h.de\/ro\/\">Al Fakher<\/a><\/h4>\n<p>Pe l\u00e2ng\u0103 Grape Mint, Al Fakher Crown Bar 15000 PRO ofer\u0103 o gam\u0103 larg\u0103 de arome. Fiecare arom\u0103 este creat\u0103 cu grij\u0103 pentru a oferi o experien\u021b\u0103 unic\u0103 de vaporizare \u0219i pentru a reflecta perfect lumea de gust a \u021big\u0103rilor electronice Al Fakher. Indiferent dac\u0103 prefera\u021bi note fructate, dulci sau mai amare - Crown Bar 15000 are ceva pentru fiecare gust.<\/p>\n<h3>Cum pute\u021bi utiliza Al Fakher Crown Bar 15000 PRO pe<a href=\"https:\/\/alfakher24h.de\/ro\/\"> alfakher24h.de<\/a>\u00a0cump\u0103ra<\/h3>\n<p>V\u0103 invit\u0103m s\u0103 vizita\u021bi alfakher24h.de \u0219i s\u0103 r\u0103sfoi\u021bi selec\u021bia noastr\u0103 larg\u0103 de <a href=\"https:\/\/alfakher24h.de\/ro\/\">E-Zigarete de unic\u0103 folosin\u021b\u0103<\/a>Ca cea mai mare platform\u0103 pentru vape-uri de unic\u0103 folosin\u021b\u0103 din Germania, v\u0103 oferim o selec\u021bie exclusiv\u0103 de produse Al Fakher, care se remarc\u0103 prin calitate superioar\u0103 \u0219i caracteristici inovative.<\/p>\n<p>Alege\u021bi Al Fakher Crown Bar 15000 PRO \u0219i experimenta\u021bi o pl\u0103cere de vaporizare de neegalat.<\/p>","protected":false},"excerpt":{"rendered":"<p>V\u0103 invit\u0103m s\u0103 vizita\u021bi alfakher24h.de \u0219i s\u0103 r\u0103sfoi\u021bi selec\u021bia noastr\u0103 larg\u0103 de <a href=\"https:\/\/alfakher24h.de\/ro\/\">E-Zigarete de unic\u0103 folosin\u021b\u0103<\/a>Ca cea mai mare platform\u0103 pentru vape-uri de unic\u0103 folosin\u021b\u0103 din Germania, v\u0103 oferim o selec\u021bie exclusiv\u0103 de produse Al Fakher, care se remarc\u0103 prin calitate superioar\u0103 \u0219i caracteristici inovative.<\/p>","protected":false},"featured_media":1670,"comment_status":"open","ping_status":"closed","template":"","meta":{"om_disable_all_campaigns":false},"product_brand":[],"product_cat":[43],"product_tag":[],"class_list":{"0":"post-1669","1":"product","2":"type-product","3":"status-publish","4":"has-post-thumbnail","6":"product_cat-al-fakher-crown-bar-15000","8":"first","9":"outofstock","10":"shipping-taxable","11":"purchasable","12":"product-type-simple"},"_links":{"self":[{"href":"https:\/\/alfakher24h.de\/ro\/wp-json\/wp\/v2\/product\/1669","targetHints":{"allow":["GET"]}}],"collection":[{"href":"https:\/\/alfakher24h.de\/ro\/wp-json\/wp\/v2\/product"}],"about":[{"href":"https:\/\/alfakher24h.de\/ro\/wp-json\/wp\/v2\/types\/product"}],"replies":[{"embeddable":true,"href":"https:\/\/alfakher24h.de\/ro\/wp-json\/wp\/v2\/comments?post=1669"}],"wp:featuredmedia":[{"embeddable":true,"href":"https:\/\/alfakher24h.de\/ro\/wp-json\/wp\/v2\/media\/1670"}],"wp:attachment":[{"href":"https:\/\/alfakher24h.de\/ro\/wp-json\/wp\/v2\/media?parent=1669"}],"wp:term":[{"taxonomy":"product_brand","embeddable":true,"href":"https:\/\/alfakher24h.de\/ro\/wp-json\/wp\/v2\/product_brand?post=1669"},{"taxonomy":"product_cat","embeddable":true,"href":"https:\/\/alfakher24h.de\/ro\/wp-json\/wp\/v2\/product_cat?post=1669"},{"taxonomy":"product_tag","embeddable":true,"href":"https:\/\/alfakher24h.de\/ro\/wp-json\/wp\/v2\/product_tag?post=1669"}],"curies":[{"name":"wp","href":"https:\/\/api.w.org\/{rel}","templated":true}]}}