{"id":1664,"date":"2025-02-15T01:45:09","date_gmt":"2025-02-15T01:45:09","guid":{"rendered":"https:\/\/alfakher24h.de\/?post_type=product&#038;p=1664"},"modified":"2025-05-21T04:35:19","modified_gmt":"2025-05-21T04:35:19","slug":"ai-fakher-crown-bar-15000-zuege-einweg-e-cigarette-two-apple","status":"publish","type":"product","link":"https:\/\/alfakher24h.de\/ro\/produs\/ai-fakher-crown-bar-15000-zuege-einweg-e-cigarette-two-apple\/","title":{"rendered":"AI Fakher Crown Bar 15000 de trageri \u021bigar\u0103 electronic\u0103 de unic\u0103 folosin\u021b\u0103 \u2013 Two Apple"},"content":{"rendered":"<h2 data-start=\"0\" data-end=\"91\"><strong data-start=\"0\" data-end=\"91\"><a href=\"https:\/\/alfakher24h.de\/ro\/\">Al Fakher Crown Bar 15000\u00a0<\/a>- Experien\u021ba suprem\u0103 de vaporizare cu gust de Two Apple<\/strong><\/h2>\n<p data-start=\"93\" data-end=\"604\">Pune\u021bi-v\u0103 \u00een lumea vaporiz\u0103rii f\u0103r\u0103 efort cu Al Fakher Crown Bar 15000 PRO \u021bigara electronic\u0103 de unic\u0103 folosin\u021b\u0103 - dispozitivul perfect pentru to\u021bi entuzia\u0219tii de vaporizare din Germania! Cu 15.000 de pufuri incredibile, o baterie puternic\u0103 de 600mAh cu \u00eenc\u0103rcare USB-C \u0219i 22ml de lichid electronic de \u00eenalt\u0103 calitate, aceast\u0103 \u021bigar\u0103 electronic\u0103 de unic\u0103 folosin\u021b\u0103 ofer\u0103 o experien\u021b\u0103 de vaporizare excep\u021bional\u0103. Ideal\u0103 pentru utilizarea zilnic\u0103 sau \u00een deplasare, Al Fakher Crown Bar garanteaz\u0103 un gust intens \u0219i un design practic \u0219i u\u0219or de utilizat.<\/p>\n<p data-start=\"606\" data-end=\"650\"><strong data-start=\"606\" data-end=\"650\">De ce Al Fakher Crown Bar 15000 ?<\/strong><\/p>\n<p data-start=\"652\" data-end=\"983\">Al Fakher Crown Bar 15000 PRO se remarc\u0103 prin capacitatea sa superioar\u0103 \u0219i func\u021biile inovatoare. Nu numai c\u0103 este o adev\u0103rat\u0103 bijuterie vizual\u0103, dar \u0219i performan\u021ba sa excep\u021bional\u0103 \u0219i u\u0219urin\u021ba \u00een utilizare o fac cu adev\u0103rat special\u0103. Cei care caut\u0103 o experien\u021b\u0103 de vaporizare de lung\u0103 durat\u0103 \u0219i intens\u0103 vor g\u0103si aici ceea ce \u00ee\u0219i doresc.<\/p>\n<p data-start=\"985\" data-end=\"1085\"><strong data-start=\"985\" data-end=\"1085\">Acum pe cel mai mare magazin online din Germania pentru \u021big\u0103ri electronice de unic\u0103 folosin\u021b\u0103 \u2013 <a href=\"https:\/\/alfakher24h.de\/ro\/\">\/alfakher24h.d<\/a>este disponibil.<\/strong><\/p>\n<hr data-start=\"1087\" data-end=\"1090\" \/>\n<h3 data-start=\"1092\" data-end=\"1147\"><strong data-start=\"1096\" data-end=\"1147\">Hauptmerkmale der\u00a0<a href=\"https:\/\/alfakher24h.de\/ro\/\">Al Fakher Crown Bar 15000\u00a0<\/a><\/strong><\/h3>\n<ul data-start=\"1149\" data-end=\"1762\">\n<li data-start=\"1149\" data-end=\"1247\"><strong data-start=\"1151\" data-end=\"1166\">Num\u0103r de puf\u0103turi<\/strong>: Peste 15.000 de puffs - o capacitate excep\u021bional de mare pentru o perioad\u0103 de c\u00e2teva s\u0103pt\u0103m\u00e2ni de savurare.<\/li>\n<li data-start=\"1248\" data-end=\"1336\"><strong data-start=\"1250\" data-end=\"1272\">Capacitatea E-Lichidului<\/strong>: 22ml de lichid electronic de \u00eenalt\u0103 calitate pentru un gust intens \u0219i de durat\u0103.<\/li>\n<li data-start=\"1337\" data-end=\"1443\"><strong data-start=\"1339\" data-end=\"1357\">Capacitatea bateriei<\/strong>: Bateria USB-C de 600mAh asigur\u0103 o utilizare de lung\u0103 durat\u0103, p\u00e2n\u0103 la ultima pic\u0103tur\u0103.<\/li>\n<li data-start=\"1444\" data-end=\"1572\"><strong data-start=\"1446\" data-end=\"1463\">Con\u021binut de nicotin\u0103<\/strong>: 5% (50mg) Nicotin\u0103 pentru o experien\u021b\u0103 de vaporizare puternic\u0103 \u0219i savuroas\u0103, ideal\u0103 pentru cei care trec la vaporizare \u0219i pentru vaporizatorii experimenta\u021bi.<\/li>\n<li data-start=\"1573\" data-end=\"1656\"><strong data-start=\"1575\" data-end=\"1590\">Afi\u0219aj LED<\/strong>: V\u0103 arat\u0103 oric\u00e2nd starea bateriei \u0219i nivelul de lichid.<\/li>\n<li data-start=\"1657\" data-end=\"1759\"><strong data-start=\"1659\" data-end=\"1679\">Design elegant<\/strong>: Cu logo-ul iconic Al Fakher, care confer\u0103 dispozitivului o not\u0103 stilistic\u0103.<\/li>\n<\/ul>\n<p>&nbsp;<\/p>\n<h3 data-start=\"1768\" data-end=\"1845\"><strong data-start=\"1772\" data-end=\"1845\">Experimenta\u021bi Gustul De Ne\u00eentrecut - Two Apple de <a href=\"https:\/\/alfakher24h.de\/ro\/\">Al Fakher<\/a><\/strong><\/h3>\n<p data-start=\"1847\" data-end=\"2253\">Al Fakher Crown Bar 15000 PRO aduce o experien\u021b\u0103 unic\u0103\u00a0<em data-start=\"1912\" data-end=\"1923\">Doi mere<\/em>\u00a0Gust care inspirat din cultura Shisha, aduce arome autentice \u00een fiecare vapoare.\u00a0<em data-start=\"2018\" data-end=\"2029\">Doi mere<\/em>\u00a0combin\u0103 gustul plin \u0219i dulce al merelor verzi \u0219i ro\u0219ii \u00eentr-o experien\u021b\u0103 de vapoare fructat\u0103 \u0219i r\u0103coritoare. Amestecul perfect de dulcea\u021b\u0103 \u0219i prospe\u021bime care r\u0103core\u0219te palatul \u0219i asigur\u0103 o pl\u0103cere de lung\u0103 durat\u0103.<\/p>\n<hr data-start=\"2255\" data-end=\"2258\" \/>\n<h3 data-start=\"2260\" data-end=\"2334\"><strong data-start=\"2264\" data-end=\"2334\">De ce ar trebui s\u0103 cump\u0103ra\u021bi Al Fakher Crown Bar 15000 de la noi<\/strong><\/h3>\n<ul data-start=\"2336\" data-end=\"2901\">\n<li data-start=\"2336\" data-end=\"2447\"><strong data-start=\"2338\" data-end=\"2355\">Durabilitate<\/strong>: Cu 15.000 de puffs-uri \u0219i o baterie puternic\u0103, v\u0103 bucura\u021bi de vape intensiv\u0103 zile \u00eentregi.<\/li>\n<li data-start=\"2448\" data-end=\"2554\"><strong data-start=\"2450\" data-end=\"2476\">U\u0219urin\u021b\u0103 \u00een utilizare<\/strong>: F\u0103r\u0103 reumplere sau \u00eenlocuire cartu\u0219e - pur \u0219i simplu \u00eenc\u0103rca\u021bi \u0219i bucura\u021bi-v\u0103.<\/li>\n<li data-start=\"2555\" data-end=\"2685\"><strong data-start=\"2557\" data-end=\"2584\">Gust autentic<\/strong>: Al Fakher ofer\u0103 cu savoarea \u201cTwo Apple\u201d un parfum distinct, intens.<\/li>\n<li data-start=\"2686\" data-end=\"2797\"><strong data-start=\"2688\" data-end=\"2711\">Manipulare u\u0219oar\u0103<\/strong>Ideal pentru deplas\u0103ri sau pentru utilizarea zilnic\u0103 - compact, u\u0219or \u0219i simplu.<\/li>\n<li data-start=\"2798\" data-end=\"2901\"><strong data-start=\"2800\" data-end=\"2820\">Design discret<\/strong>: Forma elegant\u0103 \u0219i compact\u0103 se poate depozita cu u\u0219urin\u021b\u0103 \u00een orice buzunar.<\/li>\n<\/ul>\n<hr data-start=\"2903\" data-end=\"2906\" \/>\n<h3 data-start=\"2908\" data-end=\"2946\"><strong data-start=\"2912\" data-end=\"2946\">\u00centreb\u0103ri frecvente (FAQs)<\/strong><\/h3>\n<p data-start=\"2948\" data-end=\"3148\"><strong data-start=\"2948\" data-end=\"3026\">1. C\u00e2te trageri m\u0103 pot a\u0219tepta de la Al Fakher Crown Bar 15000 PRO?<\/strong>\u00a0Cu aceast\u0103 \u021bigar\u0103 electronic\u0103 de unic\u0103 folosin\u021b\u0103 pute\u021bi savura p\u00e2n\u0103 la 15.000 de pufuri, ceea ce asigur\u0103 o experien\u021b\u0103 de vaporizare de lung\u0103 durat\u0103.<\/p>\n<p data-start=\"3150\" data-end=\"3305\"><strong data-start=\"3150\" data-end=\"3210\">2. Este bateria Al Fakher Crown Bar re\u00eenc\u0103rcabil\u0103?<\/strong>\u00a0Da, bateria de 600mAh poate fi re\u00eenc\u0103rcat\u0103 prin USB-C, astfel \u00eenc\u00e2t o pute\u021bi re\u00eenc\u0103rca atunci c\u00e2nd este necesar.<\/p>\n<p data-start=\"3307\" data-end=\"3518\"><strong data-start=\"3307\" data-end=\"3362\">3. C\u00e2t de mult timp dureaz\u0103 gustul unei \u021big\u0103ri electronice?<\/strong>\u00a0Al Fakher Crown Bar 15000 PRO ofer\u0103 o intensitate de arom\u0103 prelungit\u0103 datorit\u0103 capacit\u0103\u021bii mari de e-lichid de 22ml, p\u00e2n\u0103 c\u00e2nd lichidul este epuizat.<\/p>\n<p data-start=\"3520\" data-end=\"3735\"><strong data-start=\"3520\" data-end=\"3575\">Ce arom\u0103 are aceast\u0103 \u021bigar\u0103 electronic\u0103?<\/strong>\u00a0Al Fakher Crown Bar 15000 PRO vine cu un gust fresh \u0219i fructat\u00a0<em data-start=\"3648\" data-end=\"3659\">Doi mere<\/em>\u00a0O arom\u0103  - un amestec de arome de mere dulci \u0219i r\u0103coritoare.<\/p>\n<p data-start=\"3737\" data-end=\"3926\"><strong data-start=\"3737\" data-end=\"3780\">Este dispozitivul potrivit pentru \u00eencep\u0103tori?<\/strong>\u00a0Da, Al Fakher Crown Bar 15000 este ideal\u0103 pentru \u00eencep\u0103tori, deoarece este u\u0219or de utilizat \u0219i nu necesit\u0103 nicio preg\u0103tire sau \u00eentre\u021binere.<\/p>\n<hr data-start=\"3928\" data-end=\"3931\" \/>\n<p data-start=\"3933\" data-end=\"4076\" data-is-last-node=\"\">Comanda\u021bi ast\u0103zi Al Fakher Crown Bar 15000 PRO \u0219i experimenta\u021bi o experien\u021b\u0103 de vaporizare de neegalat - exclusiv pe \/alfakher24h.de!<\/p>\n<p><img loading=\"lazy\" decoding=\"async\" class=\"alignnone wp-image-855 size-full\" title=\"AI Fakher Crown Bar 15000 de trageri \u021bigar\u0103 electronic\u0103 de unic\u0103 folosin\u021b\u0103 - Two Apple 3\" src=\"https:\/\/alfakher24h.de\/wp-content\/uploads\/2025\/02\/2AI-Fakher-Crown-Bar-15000-1.webp\" sizes=\"auto, (max-width: 1920px) 100vw, 1920px\" srcset=\"https:\/\/alfakher24h.de\/wp-content\/uploads\/2025\/02\/2AI-Fakher-Crown-Bar-15000-1.webp 1920w, https:\/\/alfakher24h.de\/wp-content\/uploads\/2025\/02\/2AI-Fakher-Crown-Bar-15000-1-300x169.webp 300w, https:\/\/alfakher24h.de\/wp-content\/uploads\/2025\/02\/2AI-Fakher-Crown-Bar-15000-1-1024x576.webp 1024w, https:\/\/alfakher24h.de\/wp-content\/uploads\/2025\/02\/2AI-Fakher-Crown-Bar-15000-1-768x432.webp 768w, https:\/\/alfakher24h.de\/wp-content\/uploads\/2025\/02\/2AI-Fakher-Crown-Bar-15000-1-1536x864.webp 1536w, https:\/\/alfakher24h.de\/wp-content\/uploads\/2025\/02\/2AI-Fakher-Crown-Bar-15000-1-600x338.webp 600w\" alt=\"AI Fakher Crown Bar 15000 de trageri \u021bigar\u0103 electronic\u0103 de unic\u0103 folosin\u021b\u0103 - Two Apple\" width=\"1920\" height=\"1080\" \/><\/p>","protected":false},"excerpt":{"rendered":"<p>Comanda\u021bi ast\u0103zi Al Fakher Crown Bar 15000 PRO \u0219i experimenta\u021bi o experien\u021b\u0103 de vaporizare de neegalat - exclusiv pe \/alfakher24h.de!<\/p>","protected":false},"featured_media":1665,"comment_status":"open","ping_status":"closed","template":"","meta":{"om_disable_all_campaigns":false},"product_brand":[],"product_cat":[43],"product_tag":[],"class_list":{"0":"post-1664","1":"product","2":"type-product","3":"status-publish","4":"has-post-thumbnail","6":"product_cat-al-fakher-crown-bar-15000","8":"first","9":"outofstock","10":"shipping-taxable","11":"purchasable","12":"product-type-simple"},"_links":{"self":[{"href":"https:\/\/alfakher24h.de\/ro\/wp-json\/wp\/v2\/product\/1664","targetHints":{"allow":["GET"]}}],"collection":[{"href":"https:\/\/alfakher24h.de\/ro\/wp-json\/wp\/v2\/product"}],"about":[{"href":"https:\/\/alfakher24h.de\/ro\/wp-json\/wp\/v2\/types\/product"}],"replies":[{"embeddable":true,"href":"https:\/\/alfakher24h.de\/ro\/wp-json\/wp\/v2\/comments?post=1664"}],"wp:featuredmedia":[{"embeddable":true,"href":"https:\/\/alfakher24h.de\/ro\/wp-json\/wp\/v2\/media\/1665"}],"wp:attachment":[{"href":"https:\/\/alfakher24h.de\/ro\/wp-json\/wp\/v2\/media?parent=1664"}],"wp:term":[{"taxonomy":"product_brand","embeddable":true,"href":"https:\/\/alfakher24h.de\/ro\/wp-json\/wp\/v2\/product_brand?post=1664"},{"taxonomy":"product_cat","embeddable":true,"href":"https:\/\/alfakher24h.de\/ro\/wp-json\/wp\/v2\/product_cat?post=1664"},{"taxonomy":"product_tag","embeddable":true,"href":"https:\/\/alfakher24h.de\/ro\/wp-json\/wp\/v2\/product_tag?post=1664"}],"curies":[{"name":"wp","href":"https:\/\/api.w.org\/{rel}","templated":true}]}}