{"id":1631,"date":"2025-02-08T15:05:32","date_gmt":"2025-02-08T15:05:32","guid":{"rendered":"https:\/\/alfakher24h.de\/?post_type=product&#038;p=1631"},"modified":"2025-05-21T05:11:13","modified_gmt":"2025-05-21T05:11:13","slug":"solobar-solo-30000-zuege-einweg-e-zigarette-raspberry-cherry-ice","status":"publish","type":"product","link":"https:\/\/alfakher24h.de\/ro\/produs\/solobar-solo-30000-zuege-einweg-e-zigarette-raspberry-cherry-ice\/","title":{"rendered":"Solobar Solo 30000 de trageri E-\u021bigaret\u0103 de unic\u0103 folosin\u021b\u0103 \u2013 Raspberry Cherry Ice"},"content":{"rendered":"<div style=\"width: 1020px;\" class=\"wp-video\"><video class=\"wp-video-shortcode\" id=\"video-1631-1\" width=\"1020\" height=\"574\" preload=\"metadata\" controls=\"controls\"><source type=\"video\/mp4\" src=\"https:\/\/alfakher24h.de\/wp-content\/uploads\/2025\/02\/solobar-solo-30000-2.mp4?_=1\" \/><a href=\"https:\/\/alfakher24h.de\/wp-content\/uploads\/2025\/02\/solobar-solo-30000-2.mp4\">https:\/\/alfakher24h.de\/wp-content\/uploads\/2025\/02\/solobar-solo-30000-2.mp4<\/a><\/video><\/div>\n<h2><strong>Solobar Solo 30000 de trageri E-\u021bigar\u0103 de unic\u0103 folosin\u021b\u0103 \u2013 Alegerea perfect\u0103 pentru experien\u021be vapotastice<\/strong><\/h2>\n<p>Die\u00a0<strong>Solobar Solo 30000 de trageri E-\u021bigar\u0103 de unic\u0103 folosin\u021b\u0103<\/strong> este alegerea ideal\u0103 pentru to\u021bi cei care caut\u0103 o experien\u021b\u0103 de vaping de \u00eenalt\u0103 calitate \u0219i de lung\u0103 durat\u0103. Cunoscut\u0103 \u00een Germania pentru prelucrarea de \u00eenalt\u0103 calitate \u0219i tehnologia inovatoare, aceast\u0103 \u021bigar\u0103 electronic\u0103 de unic\u0103 folosin\u021b\u0103 ofer\u0103 combina\u021bia perfect\u0103 de performan\u021b\u0103, gust \u0219i u\u0219urin\u021b\u0103 \u00een utilizare. Dac\u0103 sunte\u021bi \u00een c\u0103utarea unei \u021big\u0103ri electronice de \u00eencredere, u\u0219or de utilizat \u0219i cu un gust intens, \u021bigara electronic\u0103 de unic\u0103 folosin\u021b\u0103 Solobar Solo 30000 de la \/alfakher24h.de, cel mai mare comerciant online de \u021big\u0103ri electronice de unic\u0103 folosin\u021b\u0103 din Germania, este exact ceea ce ave\u021bi nevoie.<\/p>\n<h3><strong>Caracteristici principale ale Solobar Solo 30000 de trag\u0103ri E-\u021bigar\u0103 de unic\u0103 folosin\u021b\u0103<\/strong><\/h3>\n<p>Die\u00a0<strong>Solobar Solo 30000 de trageri E-\u021bigar\u0103 de unic\u0103 folosin\u021b\u0103<\/strong>\u00a0Se remarc\u0103 prin echipamentul s\u0103u de ultim\u0103 genera\u021bie \u0219i designul s\u0103u prietenos cu utilizatorul. A fost dezvoltat\u0103 pentru a v\u0103 oferi cea mai bun\u0103 experien\u021b\u0103 de vaporizare. Iat\u0103 c\u00e2teva dintre caracteristicile remarcabile:<\/p>\n<p><strong>Afi\u0219aj LED pentru monitorizare simpl\u0103<\/strong><\/p>\n<p>Afi\u0219ajul LED v\u0103 arat\u0103 \u00een orice moment starea curent\u0103 a \u021big\u0103rii electronice. Acesta ofer\u0103 informa\u021bii clare despre nivelul de \u00eenc\u0103rcare \u0219i despre utilizarea \u021big\u0103rii electronice, astfel \u00eenc\u00e2t s\u0103 \u0219ti\u021bi \u00eentotdeauna exact c\u00e2nd este timpul s\u0103 savura\u021bi urm\u0103toarea puf\u0103tur\u0103.<\/p>\n<p><strong>30.000 de pufuri pentru o pl\u0103cere de lung\u0103 durat\u0103<\/strong><\/p>\n<p>Cu un num\u0103r impresionant de p\u00e2n\u0103 la 30.000 de pufuri, e-\u021bigara de unic\u0103 folosin\u021b\u0103 Solobar Solo 30000 Z\u00fcge este extrem de durabil\u0103. Pute\u021bi experimenta \u00eentreaga pl\u0103cere pentru o perioad\u0103 mai lung\u0103 de timp, f\u0103r\u0103 s\u0103 v\u0103 preocupa\u021bi de re\u00eenc\u0103rc\u0103ri frecvente sau de probleme de \u00eenc\u0103rcare. Perfect\u0103 pentru deplas\u0103ri \u0219i pentru utilizarea zilnic\u0103!<\/p>\n<h4><strong>Controlul fluxului de aer pentru experien\u021be individuale de vaporizare<\/strong><\/h4>\n<p>Solobar Solo v\u0103 ofer\u0103 un control precis al fluxului de aer, permi\u021b\u00e2ndu-v\u0103 s\u0103 personaliza\u021bi experien\u021ba de vaporizare \u00een func\u021bie de preferin\u021bele dvs. Ajusta\u021bi fluxul de aer pentru a ob\u021bine fie o produc\u021bie de vapori mai intens\u0103, fie o tragere mai lini\u0219tit\u0103 \u0219i mai suav\u0103.<\/p>\n<h4><strong>Putere puternic\u0103 cu ie\u0219ire de 10-30W<\/strong><\/h4>\n<p>Cu o putere de 10-30W, Solobar Solo asigur\u0103 o produc\u021bie constant\u0103 \u0219i puternic\u0103 de vapori. Nu trebuie s\u0103 v\u0103 face\u021bi griji cu privire la tragerea slab\u0103 - fiecare tragere se simte puternic\u0103 \u0219i plin\u0103.<\/p>\n<h4><strong>Baterie de 880 mAh pentru o experien\u021b\u0103 ne\u00eentrerupt\u0103<\/strong><\/h4>\n<p>Bateria de 880 mAh asigur\u0103 o durat\u0103 lung\u0103 de via\u021b\u0103 a \u021big\u0103rii electronice. Ea poate fi re\u00eenc\u0103rcat\u0103, permi\u021b\u00e2ndu-v\u0103 s\u0103 re\u00eenc\u0103rca\u021bi rapid Solobar Solo atunci c\u00e2nd este nevoie, f\u0103r\u0103 s\u0103 fie nevoie s\u0103 renun\u021ba\u021bi la experien\u021ba excelent\u0103 de vaporizare.<\/p>\n<h4><strong>Lumin\u0103 ambiental\u0103 pentru fler suplimentar<\/strong><\/h4>\n<p>Solobar Solo are o lumin\u0103 ambiental\u0103 care completeaz\u0103 perfect designul \u021big\u0103rii electronice. Poate fi pornit\u0103 sau oprit\u0103 dup\u0103 nevoie, astfel \u00eenc\u00e2t s\u0103 pute\u021bi activa lumina \u00een func\u021bie de starea de spirit sau de necesit\u0103\u021bi.<\/p>\n<h4><strong>Bobin\u0103 dubl\u0103 cu re\u021bea pentru un gust intens<\/strong><\/h4>\n<p>Bobina Dual Mesh asigur\u0103 o vaporizare \u0219i mai uniform\u0103 \u0219i mai intens\u0103. Acest lucru \u00eenseamn\u0103 c\u0103 fiecare puf este plin de arom\u0103 \u0219i vapori. Ve\u021bi sim\u021bi aroma afumat\u0103 \u0219i dulce a gustului preferat \u00een fiecare nori de vapori.<\/p>\n<h4><strong>Prietenos pentru \u00eencep\u0103tori<\/strong><\/h4>\n<p>Solobar Solo a fost conceput pentru a fi potrivit pentru vapori de toate nivelurile de experien\u021b\u0103. Este u\u0219or de utilizat \u0219i nu necesit\u0103 o configurare complicat\u0103. Indiferent dac\u0103 sunte\u021bi \u00eencep\u0103tor sau un vapor experimentat, aceast\u0103 \u021bigar\u0103 electronic\u0103 v\u0103 ofer\u0103 o experien\u021b\u0103 lin\u0103 \u0219i pl\u0103cut\u0103.<\/p>\n<h3><strong>Con\u021binutul produsului \u0219i domeniul de livrare<\/strong><\/h3>\n<p>Dac\u0103 v\u0103 \u00eenscrie\u021bi pentru\u00a0<strong>Solobar Solo 30000 de trageri E-\u021bigaret\u0103 de unic\u0103 folosin\u021b\u0103<\/strong>\u00a0decide\u021bi, primi\u021bi un set complet care v\u0103 ofer\u0103 tot ce ave\u021bi nevoie pentru o experien\u021b\u0103 fantastic\u0103 de vaporizare:<\/p>\n<ul>\n<li>1 x\u00a0<strong>SOLOBAR Solo 30K 30000 Vape \n\nbecame \n\nSOLOBAR Solo 30K 30000 Vape<\/strong>\u00a0Tigar\u0103 electronic\u0103<\/li>\n<\/ul>\n<p>Tot ce trebuie s\u0103 face\u021bi este s\u0103 scoate\u021bi dispozitivul din ambalaj \u0219i s\u0103 \u00eencepe\u021bi imediat s\u0103 vapea\u021bi. Mai simplu nu se poate!<\/p>\n<h3><strong>Arome intensive \u0219i de neuitat \u2013 Raspberry Cherry Ice<\/strong><\/h3>\n<p>Gustul este un factor decisiv \u00een vaporizare \u0219i acesta este\u00a0<strong>Solobar Solo 30000 de trageri E-\u021bigar\u0103 de unic\u0103 folosin\u021b\u0103<\/strong>\u00a0l\u0103s\u00e2nd din acest punct de vedere nici o dorin\u021b\u0103 nesatisf\u0103cut\u0103. De remarcat \u00een special este popularul\u00a0<strong>Raspberry Cherry Ice<\/strong>O arom\u0103 care ofer\u0103 o adev\u0103rat\u0103 explozie de gust \u00een aceast\u0103 \u021bigar\u0103 electronic\u0103.<\/p>\n<h4><strong>Raspberry Cherry Ice - O experien\u021b\u0103 gustativ\u0103 pentru sim\u021buri<\/strong><\/h4>\n<p>Die\u00a0<strong>Raspberry Cherry Ice<\/strong>Combina\u021bia de arome une\u0219te dulcea\u021ba zmeurelor coapte cu nota fructat\u0103 a cire\u0219elor \u0219i o r\u0103coare r\u0103fr\u0103ge\u021bitoare, care d\u0103 o prospe\u021bime \u00eenghe\u021bat\u0103 vape-ului. Imagineaz\u0103-\u021bi c\u0103 mu\u0219ti \u00eentr-o zmeur\u0103 suculent\u0103 \u0219i un cire\u0219 proasp\u0103t, \u00een timp ce o adiere r\u0103coritoare de ghea\u021b\u0103 te \u00eenconjoar\u0103 sim\u021burile - exact a\u0219a se simte fiecare trac\u021biune a acestei \u021big\u0103ri electronice.<\/p>\n<p>Gustul\u00a0<strong>Raspberry Cherry Ice<\/strong>E-Zigarette de unic\u0103 folosin\u021b\u0103 este perfect echilibrat\u0103. Dulcea\u021ba fructelor este completat\u0103 de prospe\u021bimea \u00eenghe\u021bat\u0103, f\u0103r\u0103 ca unul dintre cele dou\u0103 aspecte s\u0103 prevaleze. Fiecare puf ofer\u0103 un amestec armonios de dulcea\u021b\u0103 fructat\u0103 \u0219i r\u0103coare revigorant\u0103, care este deosebit de pl\u0103cut \u00een zilele calde de var\u0103 sau la orice ocazie.<\/p>\n<p>Aceste arome nu sunt doar deosebit de pl\u0103cute, ci \u0219i de lung\u0103 durat\u0103. Pe toat\u0103 durata experien\u021bei de vaporizare, gustul r\u0103m\u00e2ne proasp\u0103t \u0219i delicios - ideal pentru to\u021bi cei care caut\u0103 o experien\u021b\u0103 de gust unic\u0103 \u0219i de lung\u0103 durat\u0103.<\/p>\n<h3><strong>De ce ar trebui s\u0103 cump\u0103ra\u021bi e-\u021bigara de unic\u0103 folosin\u021b\u0103 Solobar Solo 30000 de pufuri?<\/strong><\/h3>\n<h4><strong>1. Longevitate \u0219i confort<\/strong><\/h4>\n<p>Cu 30.000 de trageri, nu trebuie s\u0103 v\u0103 face\u021bi griji cu privire la reumplerea constant\u0103 sau \u00eenlocuirea \u021big\u0103rii electronice. Acest lucru \u00eenseamn\u0103 mai pu\u021bin stres \u0219i mai mult timp pentru a v\u0103 bucura de vaporizare \u00een voie.<\/p>\n<h4><strong>2. Utilizare u\u0219oar\u0103 pentru toat\u0103 lumea<\/strong><\/h4>\n<p>Solobar Solo 30000 de trageri E-\u021bigar\u0103 de unic\u0103 folosin\u021b\u0103 este extrem de u\u0219or de utilizat. Este gata de utilizare imediat, nu necesit\u0103 o configurare complicat\u0103 \u0219i este potrivit\u0103 at\u00e2t pentru \u00eencep\u0103tori, c\u00e2t \u0219i pentru vapori experimenta\u021bi.<\/p>\n<h4><strong>3. Arome perfecte<\/strong><\/h4>\n<p>Die\u00a0<strong>Raspberry Cherry Ice<\/strong>O arom\u0103 unic\u0103 ofer\u0103 o experien\u021b\u0103 de gust de necomparat. Amestecul de fructe dulci \u0219i ghea\u021b\u0103 r\u0103coritoare asigur\u0103 o pl\u0103cere pe care nu ve\u021bi mai dori s\u0103 o rata\u021bi.<\/p>\n<h4><strong>4. Tehnologie de ultim\u0103 genera\u021bie<\/strong><\/h4>\n<p>Cu func\u021bii precum un afi\u0219aj LED, controlul fluxului de aer, bobina dual\u0103 Mesh \u0219i o baterie puternic\u0103, Solobar Solo 30000 de puffs de \u021bigar\u0103 electronic\u0103 de unic\u0103 folosin\u021b\u0103 ofer\u0103 o performan\u021b\u0103 excelent\u0103 \u0219i o experien\u021b\u0103 de vaporizare unic\u0103.<\/p>\n<h4><strong>5. Ideal pentru drumuri<\/strong><\/h4>\n<p>Datorit\u0103 designului compact \u0219i a durabilit\u0103\u021bii \u00eendelungate, Solobar Solo este alegerea perfect\u0103 pentru deplas\u0103ri. O pute\u021bi transporta cu u\u0219urin\u021b\u0103 \u00een geant\u0103 \u0219i o pute\u021bi savura \u00een orice moment.<\/p>\n<p><img loading=\"lazy\" decoding=\"async\" class=\"alignnone wp-image-1855 size-full\" title=\"Solobar Solo 30000 de trageri E-\u021bigaret\u0103 de unic\u0103 folosin\u021b\u0103 - Raspberry Cherry Ice 2\" src=\"https:\/\/alfakher24h.de\/wp-content\/uploads\/2025\/02\/solobar-solo-30000-4.webp\" sizes=\"auto, (max-width: 1024px) 100vw, 1024px\" srcset=\"https:\/\/alfakher24h.de\/wp-content\/uploads\/2025\/02\/solobar-solo-30000-4.webp 1024w, https:\/\/alfakher24h.de\/wp-content\/uploads\/2025\/02\/solobar-solo-30000-4-300x174.webp 300w, https:\/\/alfakher24h.de\/wp-content\/uploads\/2025\/02\/solobar-solo-30000-4-768x446.webp 768w, https:\/\/alfakher24h.de\/wp-content\/uploads\/2025\/02\/solobar-solo-30000-4-18x10.webp 18w, https:\/\/alfakher24h.de\/wp-content\/uploads\/2025\/02\/solobar-solo-30000-4-600x348.webp 600w\" alt=\"Solobar Solo 30000 de trageri E-\u021bigaret\u0103 de unic\u0103 folosin\u021b\u0103 - Raspberry Cherry Ice\" width=\"1024\" height=\"594\" \/><\/p>\n<div class=\"flex-1 overflow-hidden @container\/thread\">\n<div class=\"h-full\">\n<div class=\"react-scroll-to-bottom--css-kyafg-79elbk h-full\">\n<div class=\"react-scroll-to-bottom--css-kyafg-1n7m0yu\">\n<div class=\"flex flex-col text-sm md:pb-9\">\n<article class=\"w-full scroll-mb-[var(--thread-trailing-height,150px)] text-token-text-primary focus-visible:outline-2 focus-visible:outline-offset-[-4px]\" dir=\"auto\" data-testid=\"conversation-turn-3\" data-scroll-anchor=\"true\">\n<div class=\"m-auto text-base py-[18px] px-3 md:px-4 w-full md:px-5 lg:px-4 xl:px-5\">\n<div class=\"mx-auto flex flex-1 gap-4 text-base md:gap-5 lg:gap-6 md:max-w-3xl lg:max-w-[40rem] xl:max-w-[48rem]\">\n<div class=\"group\/conversation-turn relative flex w-full min-w-0 flex-col agent-turn\">\n<div class=\"flex-col gap-1 md:gap-3\">\n<div class=\"flex max-w-full flex-col flex-grow\">\n<div class=\"min-h-8 text-message flex w-full flex-col items-end gap-2 whitespace-normal break-words text-start [.text-message+&amp;]:mt-5\" dir=\"auto\" data-message-author-role=\"assistant\" data-message-id=\"fda66e34-14d2-41e7-8c3d-231a0be2fd20\" data-message-model-slug=\"gpt-4o\">\n<div class=\"flex w-full flex-col gap-1 empty:hidden first:pt-[3px]\">\n<div class=\"markdown prose w-full break-words dark:prose-invert light\">\n<div class=\"flex-1 overflow-hidden @container\/thread\">\n<div class=\"h-full\">\n<div class=\"react-scroll-to-bottom--css-uwpvj-79elbk h-full\">\n<div class=\"react-scroll-to-bottom--css-uwpvj-1n7m0yu\">\n<div class=\"flex flex-col text-sm md:pb-9\">\n<article class=\"w-full scroll-mb-[var(--thread-trailing-height,150px)] text-token-text-primary focus-visible:outline-2 focus-visible:outline-offset-[-4px]\" dir=\"auto\" data-testid=\"conversation-turn-3\" data-scroll-anchor=\"true\">\n<div class=\"m-auto text-base py-[18px] px-3 md:px-4 w-full md:px-5 lg:px-4 xl:px-5\">\n<div class=\"mx-auto flex flex-1 gap-4 text-base md:gap-5 lg:gap-6 md:max-w-3xl lg:max-w-[40rem] xl:max-w-[48rem]\">\n<div class=\"group\/conversation-turn relative flex w-full min-w-0 flex-col agent-turn\">\n<div class=\"flex-col gap-1 md:gap-3\">\n<div class=\"flex max-w-full flex-col flex-grow\">\n<div class=\"min-h-8 text-message flex w-full flex-col items-end gap-2 whitespace-normal break-words text-start [.text-message+&amp;]:mt-5\" dir=\"auto\" data-message-author-role=\"assistant\" data-message-id=\"6f1c4ac8-ea94-4f09-b7d1-13a9a5054a86\" data-message-model-slug=\"gpt-4o\">\n<div class=\"flex w-full flex-col gap-1 empty:hidden first:pt-[3px]\">\n<div class=\"markdown prose w-full break-words dark:prose-invert light\">\n<h3>**6. Cump\u0103ra\u021bi de la \/alfakher24h.de<\/h3>\n<p>C\u0103uta\u021bi o calitate superioar\u0103\u00a0<strong>E-\u021bigaret\u0103 de unic\u0103 folosin\u021b\u0103<\/strong> \u00cen Germania suntem,  alfakher24h.de este prima alegere. Suntem cel mai mare comerciant online pentru\u00a0<strong>E-\u021bigarete de unic\u0103 folosin\u021b\u0103 cu nicotin\u0103<\/strong>\u00a0\u0219i v\u0103 oferim o gam\u0103 larg\u0103 de produse de top. Cump\u0103ra\u021bi acum Solobar Solo 30000 de trageri E-\u021bigar\u0103 de unic\u0103 folosin\u021b\u0103 \u0219i bucura\u021bi-v\u0103 de o experien\u021b\u0103 de vaporizare de neegalat!<\/p>\n<h2><strong>Concluzie<\/strong><\/h2>\n<p>Die\u00a0<strong>Solobar Solo 30000 de trageri E-\u021bigar\u0103 de unic\u0103 folosin\u021b\u0103<\/strong>\u00a0este mai mult dec\u00e2t un simplu produs de vape - este o solu\u021bie personalizat\u0103 pentru to\u021bi cei care caut\u0103 o experien\u021b\u0103 de vaporizare de lung\u0103 durat\u0103, aromat\u0103 \u0219i u\u0219or de utilizat. Cu ajutorul\u00a0<strong>Raspberry Cherry Ice<\/strong>Fiecare arom\u0103 face vaporizarea o adev\u0103rat\u0103 pl\u0103cere. Cump\u0103ra\u021bi ast\u0103zi de la \/alfakher24h.de \u0219i experimenta\u021bi vapingul la un nivel nou!<\/p>\n<\/div>\n<\/div>\n<\/div>\n<\/div>\n<\/div>\n<\/div>\n<\/div>\n<\/div>\n<\/article>\n<\/div>\n<\/div>\n<\/div>\n<\/div>\n<\/div>\n<\/div>\n<\/div>\n<\/div>\n<\/div>\n<\/div>\n<\/div>\n<\/div>\n<\/div>\n<\/article>\n<\/div>\n<\/div>\n<\/div>\n<\/div>\n<\/div>","protected":false},"excerpt":{"rendered":"<p><strong>Solobar Solo 30000 de trageri E-\u021bigar\u0103 de unic\u0103 folosin\u021b\u0103<\/strong>\u00a0este mai mult dec\u00e2t un alt produs de vape - este o solu\u021bie personalizat\u0103 pentru to\u021bi cei care caut\u0103 o experien\u021b\u0103 de lung\u0103 durat\u0103<\/p>","protected":false},"featured_media":1630,"comment_status":"open","ping_status":"closed","template":"","meta":{"om_disable_all_campaigns":false},"product_brand":[],"product_cat":[41],"product_tag":[],"class_list":{"0":"post-1631","1":"product","2":"type-product","3":"status-publish","4":"has-post-thumbnail","6":"product_cat-solobar-solo-30000","8":"first","9":"outofstock","10":"shipping-taxable","11":"purchasable","12":"product-type-simple"},"_links":{"self":[{"href":"https:\/\/alfakher24h.de\/ro\/wp-json\/wp\/v2\/product\/1631","targetHints":{"allow":["GET"]}}],"collection":[{"href":"https:\/\/alfakher24h.de\/ro\/wp-json\/wp\/v2\/product"}],"about":[{"href":"https:\/\/alfakher24h.de\/ro\/wp-json\/wp\/v2\/types\/product"}],"replies":[{"embeddable":true,"href":"https:\/\/alfakher24h.de\/ro\/wp-json\/wp\/v2\/comments?post=1631"}],"wp:featuredmedia":[{"embeddable":true,"href":"https:\/\/alfakher24h.de\/ro\/wp-json\/wp\/v2\/media\/1630"}],"wp:attachment":[{"href":"https:\/\/alfakher24h.de\/ro\/wp-json\/wp\/v2\/media?parent=1631"}],"wp:term":[{"taxonomy":"product_brand","embeddable":true,"href":"https:\/\/alfakher24h.de\/ro\/wp-json\/wp\/v2\/product_brand?post=1631"},{"taxonomy":"product_cat","embeddable":true,"href":"https:\/\/alfakher24h.de\/ro\/wp-json\/wp\/v2\/product_cat?post=1631"},{"taxonomy":"product_tag","embeddable":true,"href":"https:\/\/alfakher24h.de\/ro\/wp-json\/wp\/v2\/product_tag?post=1631"}],"curies":[{"name":"wp","href":"https:\/\/api.w.org\/{rel}","templated":true}]}}