{"id":1627,"date":"2025-02-08T14:56:05","date_gmt":"2025-02-08T14:56:05","guid":{"rendered":"https:\/\/alfakher24h.de\/?post_type=product&#038;p=1627"},"modified":"2025-05-21T05:11:14","modified_gmt":"2025-05-21T05:11:14","slug":"solobar-solo-30000-zuege-einweg-e-zigarette-pineapple-apple-pear","status":"publish","type":"product","link":"https:\/\/alfakher24h.de\/ro\/produs\/solobar-solo-30000-zuege-einweg-e-zigarette-pineapple-apple-pear\/","title":{"rendered":"Solobar Solo 30000 de trageri E-\u021bigar\u0103 de unic\u0103 folosin\u021b\u0103 \u2013 Ananas M\u0103r Pear"},"content":{"rendered":"<h2><strong><a href=\"https:\/\/alfakher24h.de\/ro\/\">Solobar Solo 30000 de trageri E-\u021bigaret\u0103 de unic\u0103 folosin\u021b\u0103<\/a> Revolu\u021bia \u00een vaporizare<\/strong><\/h2>\n<p>Dac\u0103 sunte\u021bi \u00een c\u0103utarea unei solu\u021bii de \u00eenalt\u0103 calitate \u0219i de \u00eencredere\u00a0<strong>E-\u021bigaret\u0103 de unic\u0103 folosin\u021b\u0103<\/strong>\u00a0sunt cele care convin at\u00e2t din punct de vedere al performan\u021bei, c\u00e2t \u0219i al gustului, este\u00a0<strong>Solobar Solo 30000 de trageri E-\u021bigar\u0103 de unic\u0103 folosin\u021b\u0103<\/strong>\u00a0Alegerea perfect\u0103. Aceast\u0103 \u021bigar\u0103 electronic\u0103 de unic\u0103 folosin\u021b\u0103 combin\u0103 tehnologia avansat\u0103 cu o experien\u021b\u0103 de gust distinctiv\u0103. Este ideal\u0103 pentru to\u021bi cei care caut\u0103 o solu\u021bie de vaporizare u\u0219or de utilizat \u0219i puternic\u0103, f\u0103r\u0103 a renun\u021ba la confort \u0219i la manipularea simpl\u0103.<\/p>\n<h3>Caracteristici unice ale Solobar Solo 30000 de trageri E-\u021bigar\u0103 de unic\u0103 folosin\u021b\u0103<\/h3>\n<p>Die\u00a0<strong>Solobar Solo 30000 de trageri E-\u021bigar\u0103 de unic\u0103 folosin\u021b\u0103<\/strong>\u00a0Se remarc\u0103 prin func\u021bionalitatea \u0219i designul s\u0103u excep\u021bional. Ea ofer\u0103 nu numai o durat\u0103 de via\u021b\u0103 lung\u0103, ci \u0219i o experien\u021b\u0103 de vaporizare personalizat\u0103, potrivit\u0103 at\u00e2t pentru \u00eencep\u0103tori, c\u00e2t \u0219i pentru vaperii experimenta\u021bi. Iat\u0103 caracteristicile remarcabile ale acestei \u021big\u0103ri electronice de unic\u0103 folosin\u021b\u0103 avansate:<\/p>\n<h4><strong>Ecran LED Display<\/strong><\/h4>\n<p>Un punct culminant al\u00a0<strong>Solobar Solo 30000 Z\u00fcge \n\nbecum original, f\u0103r\u0103 modific\u0103ri - Solobar Solo 30000 Zug este deja \u00een limba german\u0103 \u0219i se traduce \u00een acela\u0219i mod \u00een rom\u00e2n\u0103, deci r\u0103m\u00e2ne acela\u0219i: Solobar Solo 30000 de trageri \/ \u00een varianta tradus\u0103 \u00een limba rom\u00e2n\u0103 r\u0103m\u00e2ne  Solobar Solo 30000 Z\u00fcge <a href=\"https:\/\/alfakher24h.de\/ro\/\">E-\u021bigaret\u0103 de unic\u0103 folosin\u021b\u0103<\/a><\/strong><a href=\"https:\/\/alfakher24h.de\/ro\/\">\u00a0<\/a>este afi\u0219ajul inovativ LED care ofer\u0103 informa\u021bii cheie la o privire. Pute\u021bi citi cu u\u0219urin\u021b\u0103 starea bateriei \u0219i starea curent\u0103 a dispozitivului \u00een orice moment. Afi\u0219ajul asigur\u0103 nu numai o experien\u021b\u0103 \u00eembun\u0103t\u0103\u021bit\u0103 pentru utilizator, ci confer\u0103 \u0219i \u021big\u0103rii electronice un aspect modern \u0219i elegant.<\/p>\n<h4><strong>30.000 de trenuri - Bucura\u021bi-v\u0103 mai mult timp<\/strong><\/h4>\n<p>Cu o incredibil\u0103\u00a0<strong>Durat\u0103 de via\u021b\u0103 de 30.000 de c\u0103l\u0103torii<\/strong>\u00a0Aceast\u0103 e-\u021bigar\u0103 apar\u021bine celor mai durabile de pe pia\u021b\u0103. V\u0103 pute\u021bi baza deci pe o utilizare \u00eendelungat\u0103 f\u0103r\u0103 necesitatea unei \u00eenlocuiri sau re\u00eenc\u0103rc\u0103ri. Ideal pentru deplas\u0103ri, c\u0103l\u0103torii sau utiliz\u0103ri zilnice.<\/p>\n<h4><strong>Controlul fluxului de aer pentru pl\u0103cere individual\u0103<\/strong><\/h4>\n<p>Die\u00a0<strong>Solobar Solo 30000 de trageri E-\u021bigar\u0103 de unic\u0103 folosin\u021b\u0103<\/strong>\u00a0v\u0103 ofer\u0103 posibilitatea de a controla fluxul de aer, permi\u021b\u00e2ndu-v\u0103 s\u0103 regla\u021bi comportamentul de tragere perfect. Aceast\u0103 adaptabilitate asigur\u0103 o experien\u021b\u0103 de vaporizare \u0219i mai intens\u0103 \u0219i mai pl\u0103cut\u0103. Indiferent dac\u0103 prefera\u021bi o inhalare direct\u0103 intens\u0103 sau o tragere u\u0219oar\u0103, controlul fluxului de aer face acest lucru posibil.<\/p>\n<h4><strong>Putern\u0103 baterie \u0219i bobin\u0103 dual\u0103 Mesh<\/strong><\/h4>\n<p>Die E-Zigarette ist mit einem\u00a0<strong>Baterie re\u00eenc\u0103rcabil\u0103 de 880 mAh<\/strong>\u00a0echipat, care asigur\u0103 o utilizare de lung\u0103 durat\u0103. Combinat cu\u00a0<strong>Tehnologie Dual Mesh Coil<\/strong>care asigur\u0103 un gust \u00eembun\u0103t\u0103\u021bit \u0219i nori de vapori densi, Solobar Solo ofer\u0103 o performan\u021b\u0103 de neegalat. Bateria asigur\u0103 o utilizare fiabil\u0103 pe o perioad\u0103 lung\u0103 de timp \u0219i poate fi re\u00eenc\u0103rcat\u0103 cu u\u0219urin\u021b\u0103, f\u0103r\u0103 a fi nevoie s\u0103 \u00eenlocui\u021bi \u00eentreaga \u021bigar\u0103 electronic\u0103.<\/p>\n<h4><strong>Lumin\u0103 ambiental\u0103 On\/Off pentru atmosfer\u0103 individual\u0103<\/strong><\/h4>\n<p>Die\u00a0<strong>Solobar Solo 30000 de trageri E-\u021bigar\u0103 de unic\u0103 folosin\u021b\u0103<\/strong>\u00a0dispune de un\u00a0<strong>Lumin\u0103 ambiental\u0103<\/strong>care \u00eembun\u0103t\u0103\u021be\u0219te \u0219i mai mult aspectul \u021big\u0103rii electronice. Pute\u021bi porni sau opri aceast\u0103 lumin\u0103 \u00een func\u021bie de nevoile dvs. \u0219i astfel adapta atmosfera vape-ului \u00een mod individual.<\/p>\n<h4><strong>Operare u\u0219oar\u0103 - Perfect pentru \u00eencep\u0103tori<\/strong><\/h4>\n<p>u\u0219urin\u021ba \u00een utilizare a\u00a0<strong>Solobar Solo 30000 de trageri E-\u021bigar\u0103 de unic\u0103 folosin\u021b\u0103<\/strong>\u00a0o face deosebit de atractiv\u0103 pentru \u00eencep\u0103torii \u00een lumea vapingului. Cu designul s\u0103u simplu \u0219i manipularea u\u0219oar\u0103, este perfect\u0103 pentru to\u021bi cei care doresc s\u0103 \u00eenceap\u0103 s\u0103 vapeze. Datorit\u0103 designului practic,\u00a0<strong>Func\u021bie unidirec\u021bional\u0103<\/strong>\u00a0Nu este nevoie de re\u00eenc\u0103rcare sau de derulare incomod\u0103 - pur \u0219i simplu folosi\u021bi e-\u021bigara \u0219i bucura\u021bi-v\u0103.<\/p>\n<h3>Ce este inclus \u00een pachet?<\/h3>\n<p>Dac\u0103 v\u0103 \u00eenscrie\u021bi pentru\u00a0<strong>Solobar Solo 30000 de trageri E-\u021bigar\u0103 de unic\u0103 folosin\u021b\u0103<\/strong>\u00a0ve\u021bi primi urm\u0103toarele \u00een pachet:<\/p>\n<ul>\n<li><strong>1 x SOLOBAR Solo 30K 30000 Vape<\/strong><br \/>\nAceast\u0103 \u021bigar\u0103 electronic\u0103 de unic\u0103 folosin\u021b\u0103 este gata de utilizare imediat \u0219i poate fi folosit\u0103 f\u0103r\u0103 niciun accesoriu suplimentar.<\/li>\n<\/ul>\n<h3>Geschmackserlebnis der Extraklasse \u2013 Flavors der \n\nExperien\u021b\u0103 de gust de clas\u0103 extra - Flavors der\u00a0<a href=\"https:\/\/alfakher24h.de\/ro\/\">Solobar Solo 30000<\/a> Trenuri  Unic\u0103 folosin\u021b\u0103 E \u021aigar\u0103<\/h3>\n<p>Un aspect deosebit de important atunci c\u00e2nd cump\u0103ra\u021bi o \u021bigar\u0103 electronic\u0103 este gustul, care influen\u021beaz\u0103 \u00eentreaga experien\u021b\u0103 de vaporizare.\u00a0<strong>Solobar Solo 30000 de trageri E-\u021bigar\u0103 de unic\u0103 folosin\u021b\u0103<\/strong>\u00a0ofer\u0103 cu\u00a0<strong>Ananas M\u0103r P\u0103r<\/strong>O compozi\u021bie de gust oferind o experien\u021b\u0103 de gust deosebit\u0103. S\u0103 descriem aceast\u0103 combina\u021bie de gusturi \u00een detaliu:<\/p>\n<h4><strong>Pineapple Apple Pear (Ananas Apfel Birne) \nse traduce in \nPineapple Apple Pear (Ananas M\u0103r P\u0103r)<\/strong><\/h4>\n<p>Amestecul din\u00a0<strong>Ananas, m\u0103r \u0219i pere<\/strong>\u00a0este o combina\u021bie armonioas\u0103 care se potrive\u0219te perfect pentru to\u021bi iubitorii de fructe. Gustul proasp\u0103t \u0219i tropical al\u00a0<strong>Ananas<\/strong>\u00a0aduce o not\u0103 dulce, u\u0219or acr\u0103, care r\u0103core\u0219te imediat palatul. Aceasta este completat\u0103 abil prin\u00a0<strong>dulcea\u021ba proasp\u0103t\u0103 a m\u0103rului<\/strong>\u00a0completeaz\u0103, care ofer\u0103 o dulcea\u021b\u0103 pl\u0103cut\u0103 f\u0103r\u0103 a supra\u00eenc\u0103rca.\u00a0<strong>Pera<\/strong>\u00a0ad\u0103ug\u0103 o not\u0103 de fruct subtil\u0103, mai moale, care completeaz\u0103 experien\u021ba gustativ\u0103 \u0219i ofer\u0103 un gust rotund \u0219i plin.<\/p>\n<p>Fiecare vapoare a acestei \u021big\u0103ri electronice te transport\u0103 \u00eentr-o zi \u00eensorit\u0103 sub palmieri tropicali, \u00een timp ce aromele de fructe se amestec\u0103 \u00een armonie. Este un gust care nu numai c\u0103 este r\u0103coritor, ci las\u0103 \u0219i o senza\u021bie de lung\u0103 durat\u0103 \u0219i satisf\u0103c\u0103toare. The\u00a0<strong>Ananas M\u0103r P\u0103r<\/strong>Combina\u021bia este perfect\u0103 pentru utilizarea zilnic\u0103 \u0219i reprezint\u0103 alegerea ideal\u0103 pentru to\u021bi cei care prefer\u0103 arome fructate \u0219i dulci, f\u0103r\u0103 ca acestea s\u0103 fie prea intense sau artificiale.<\/p>\n<p>prospeciune pentru o varietate de arome proaspete \u0219i naturale asigur\u0103 o experien\u021b\u0103 de gust unic\u0103, care face fiecare puf s\u0103 fie o pl\u0103cere. Deci, dac\u0103 sunte\u021bi \u00een c\u0103utarea unei \u021big\u0103ri electronice care nu numai c\u0103 impresioneaz\u0103 prin performan\u021ba sa, ci \u0219i prin gust, aceasta va fi\u00a0<strong>Solobar Solo 30000 de trageri E-\u021bigar\u0103 de unic\u0103 folosin\u021b\u0103<\/strong>\u00a0cu\u00a0<strong>Ananas M\u0103r P\u0103r<\/strong>\u00a0Ea garanteaz\u0103 entuziasm.<\/p>\n<h2><img loading=\"lazy\" decoding=\"async\" class=\"alignnone wp-image-1853 size-full\" title=\"Solobar Solo 30000 de trageri E-\u021bigaret\u0103 de unic\u0103 folosin\u021b\u0103 - Ananas M\u0103r Par\u0103 2\" src=\"https:\/\/alfakher24h.de\/wp-content\/uploads\/2025\/02\/solobar-solo-30000-2.webp\" sizes=\"auto, (max-width: 1024px) 100vw, 1024px\" srcset=\"https:\/\/alfakher24h.de\/wp-content\/uploads\/2025\/02\/solobar-solo-30000-2.webp 1024w, https:\/\/alfakher24h.de\/wp-content\/uploads\/2025\/02\/solobar-solo-30000-2-300x145.webp 300w, https:\/\/alfakher24h.de\/wp-content\/uploads\/2025\/02\/solobar-solo-30000-2-768x371.webp 768w, https:\/\/alfakher24h.de\/wp-content\/uploads\/2025\/02\/solobar-solo-30000-2-18x9.webp 18w, https:\/\/alfakher24h.de\/wp-content\/uploads\/2025\/02\/solobar-solo-30000-2-600x289.webp 600w\" alt=\"Solobar Solo 30000 de trageri E-\u021bigaret\u0103 de unic\u0103 folosin\u021b\u0103 - Ananas M\u0103r Par\u0103 \" width=\"1024\" height=\"494\" \/><\/h2>\n<h3>De ce ar trebui s\u0103 cump\u0103ra\u021bi e-\u021bigara de unic\u0103 folosin\u021b\u0103 Solobar Solo 30000 de pufuri?<\/h3>\n<p>Die\u00a0<strong>Solobar Solo 30000 de trageri E-\u021bigar\u0103 de unic\u0103 folosin\u021b\u0103<\/strong>\u00a0este alegerea ideal\u0103 pentru to\u021bi cei care doresc o calitate excep\u021bional\u0103\u00a0<strong>E-\u021bigaret\u0103 de unic\u0103 folosin\u021b\u0103<\/strong>\u00a0cu performan\u021b\u0103 impresionant\u0103 \u0219i gust, c\u0103uta\u021bi. Iat\u0103 motivele pentru care ar trebui s\u0103 cump\u0103ra\u021bi acest produs de la noi:<\/p>\n<ul>\n<li><strong>Durat\u0103 lung\u0103 de valabilitate<\/strong>: Cu\u00a0<strong>30.000 de trenuri<\/strong>\u00a0V\u0103 pute\u021bi baza pe o utilizare \u00eendelungat\u0103 - ideal\u0103 pentru utilizarea zilnic\u0103 \u0219i \u00een deplasare.<\/li>\n<li><strong>Gust de prim\u0103 clas\u0103<\/strong>: Die\u00a0<strong>Ananas M\u0103r P\u0103r<\/strong>-Aromen ofer\u0103 o revigorare unic\u0103 de fructe care nu v\u0103 va dezam\u0103gi.<\/li>\n<li><strong>Utilizator-friendly<\/strong>Aceast\u0103 \u021bigar\u0103 electronic\u0103 este perfect\u0103 pentru \u00eencep\u0103tori, deoarece nu necesit\u0103 o manipulare complicat\u0103 \u0219i este gata de utilizare imediat.<\/li>\n<li><strong>Tehnologic avansat<\/strong>Cu func\u021bii precum\u00a0<strong>Controlul Fluxului de Aer<\/strong>,\u00a0<strong>Afi\u0219aj LED<\/strong>\u0219i\u00a0<strong>Dual Mesh Coil<\/strong>\u00a0Experimenta\u021bi o performan\u021b\u0103 excep\u021bional\u0103 \u0219i o experien\u021b\u0103 de vaping de neegalat.<\/li>\n<\/ul>\n<p>C\u00e2nd c\u0103uta\u021bi cele mai bune\u00a0<strong>E-\u021bigaret\u0103 de unic\u0103 folosin\u021b\u0103<\/strong>\u00a0\u00een\u00a0<strong>Deutschland<\/strong>\u00a0sind, care v\u0103 ofer\u0103 o manipulare u\u0219oar\u0103 \u0219i o experien\u021b\u0103 de gust fantastic\u0103, atunci ar trebui s\u0103 v\u0103 uita\u021bi la\u00a0<strong>Solobar Solo 30000 de trageri E-\u021bigar\u0103 de unic\u0103 folosin\u021b\u0103<\/strong> nu rata\u021bi. Vizita\u021bi alfakher24h.de, cea mai mare platform\u0103 online pentru\u00a0<strong>Vape-uri de unic\u0103 folosin\u021b\u0103<\/strong>\u00a0\u00cen Germania, \u0219i experimenta\u021bi viitorul vapei.<\/p>","protected":false},"excerpt":{"rendered":"<p><strong>E-\u021bigaret\u0103 de unic\u0103 folosin\u021b\u0103<\/strong>\u00a0\u00een\u00a0<strong>Deutschland<\/strong>\u00a0sind, care v\u0103 ofer\u0103 o manipulare u\u0219oar\u0103 \u0219i o experien\u021b\u0103 de gust fantastic\u0103, atunci ar trebui s\u0103 v\u0103 uita\u021bi la\u00a0<strong>Solobar Solo 30000 de trageri E-\u021bigar\u0103 de unic\u0103 folosin\u021b\u0103<\/strong> nu l\u0103sa\u021bi s\u0103 v\u0103 scape. Vizita\u021bi alfakher24h.de<\/p>","protected":false},"featured_media":1628,"comment_status":"open","ping_status":"closed","template":"","meta":{"om_disable_all_campaigns":false},"product_brand":[],"product_cat":[41],"product_tag":[],"class_list":{"0":"post-1627","1":"product","2":"type-product","3":"status-publish","4":"has-post-thumbnail","6":"product_cat-solobar-solo-30000","8":"first","9":"outofstock","10":"shipping-taxable","11":"purchasable","12":"product-type-simple"},"_links":{"self":[{"href":"https:\/\/alfakher24h.de\/ro\/wp-json\/wp\/v2\/product\/1627","targetHints":{"allow":["GET"]}}],"collection":[{"href":"https:\/\/alfakher24h.de\/ro\/wp-json\/wp\/v2\/product"}],"about":[{"href":"https:\/\/alfakher24h.de\/ro\/wp-json\/wp\/v2\/types\/product"}],"replies":[{"embeddable":true,"href":"https:\/\/alfakher24h.de\/ro\/wp-json\/wp\/v2\/comments?post=1627"}],"wp:featuredmedia":[{"embeddable":true,"href":"https:\/\/alfakher24h.de\/ro\/wp-json\/wp\/v2\/media\/1628"}],"wp:attachment":[{"href":"https:\/\/alfakher24h.de\/ro\/wp-json\/wp\/v2\/media?parent=1627"}],"wp:term":[{"taxonomy":"product_brand","embeddable":true,"href":"https:\/\/alfakher24h.de\/ro\/wp-json\/wp\/v2\/product_brand?post=1627"},{"taxonomy":"product_cat","embeddable":true,"href":"https:\/\/alfakher24h.de\/ro\/wp-json\/wp\/v2\/product_cat?post=1627"},{"taxonomy":"product_tag","embeddable":true,"href":"https:\/\/alfakher24h.de\/ro\/wp-json\/wp\/v2\/product_tag?post=1627"}],"curies":[{"name":"wp","href":"https:\/\/api.w.org\/{rel}","templated":true}]}}