{"id":1623,"date":"2025-02-08T14:41:57","date_gmt":"2025-02-08T14:41:57","guid":{"rendered":"https:\/\/alfakher24h.de\/?post_type=product&#038;p=1623"},"modified":"2025-05-21T05:11:14","modified_gmt":"2025-05-21T05:11:14","slug":"solobar-solo-30000-zuege-einweg-e-zigarette-strawberry-kiwi-ice","status":"publish","type":"product","link":"https:\/\/alfakher24h.de\/ro\/produs\/solobar-solo-30000-zuege-einweg-e-zigarette-strawberry-kiwi-ice\/","title":{"rendered":"Solobar Solo 30000 de trageri E-\u021bigaret\u0103 de unic\u0103 folosin\u021b\u0103 \u2013 Strawberry Kiwi Ice"},"content":{"rendered":"<div style=\"width: 1020px;\" class=\"wp-video\"><video class=\"wp-video-shortcode\" id=\"video-1623-1\" width=\"1020\" height=\"574\" preload=\"metadata\" controls=\"controls\"><source type=\"video\/mp4\" src=\"https:\/\/alfakher24h.de\/wp-content\/uploads\/2025\/02\/solobar-solo-30000-2.mp4?_=1\" \/><a href=\"https:\/\/alfakher24h.de\/wp-content\/uploads\/2025\/02\/solobar-solo-30000-2.mp4\">https:\/\/alfakher24h.de\/wp-content\/uploads\/2025\/02\/solobar-solo-30000-2.mp4<\/a><\/video><\/div>\n<h2><strong>Solobar Solo 30000 de trageri E-\u021bigar\u0103 de unic\u0103 folosin\u021b\u0103 \u2013 Experien\u021ba suprem\u0103 de vape<\/strong><\/h2>\n<p>Die\u00a0<em>Solobar Solo 30000 de trageri E-\u021bigar\u0103 de unic\u0103 folosin\u021b\u0103<\/em>\u00a0Stabileaz\u0103 noi standarde \u00een lumea vapingului \u0219i ofer\u0103 o experien\u021b\u0103 remarcabil\u0103 pentru to\u021bi cei care caut\u0103 o \u021bigar\u0103 electronic\u0103 puternic\u0103, u\u0219or de utilizat \u0219i cu o varietate de arome. Cu 30.000 de pufuri impresionante, func\u021bii inovative \u0219i o experien\u021b\u0103 de arom\u0103 proasp\u0103t\u0103, aceast\u0103 vape de unic\u0103 folosin\u021b\u0103 este alegerea perfect\u0103 pentru vaperii din Germania.<\/p>\n<p><strong>De ce Solobar Solo 30000 de trageri E-\u021bigar\u0103 de unic\u0103 folosin\u021b\u0103 este cea mai bun\u0103 alegere pentru tine<\/strong><\/p>\n<p>\u00centr-o lume \u00een care \u021big\u0103rile electronice devin din ce \u00een ce mai populare, este important s\u0103 alegi un produs care nu numai c\u0103 are calitate \u00eenalt\u0103, ci \u0219i func\u021bionalitate, design \u0219i gust conving\u0103toare. \u021aigara electronic\u0103 de unic\u0103 folosin\u021b\u0103 Solobar Solo 30000 de puffs este exact acest produs. Cu o varietate de caracteristici inovatoare \u0219i un num\u0103r impresionant de puffs, aceasta asigur\u0103 c\u0103 experien\u021ba ta de vaporizare este \u00eentotdeauna pl\u0103cut\u0103 \u0219i satisf\u0103c\u0103toare.<\/p>\n<p>Solobar Solo este mai mult dec\u00e2t o vape - este un \u00eenso\u021bitor de \u00eencredere pentru fiecare vaporizator. A fost proiectat\u0103 \u021bin\u00e2nd cont de u\u0219urin\u021ba \u00een utilizare \u0219i de performan\u021b\u0103 \u0219i ofer\u0103 o varietate de avantaje care o deosebesc de alte produse de pe pia\u021b\u0103.<\/p>\n<hr \/>\n<h3><strong>Caracteristici principale ale Solobar Solo 30000 de trag\u0103ri E-\u021bigar\u0103 de unic\u0103 folosin\u021b\u0103<\/strong><\/h3>\n<ul>\n<li><strong>LED Afi\u0219aj ecran:<\/strong>\u00a0Afichage-ul modern LED al Solobar Solo ofer\u0103 o prezentare clar\u0103 \u0219i precis\u0103, care afi\u0219eaz\u0103 toate informa\u021biile importante, cum ar fi num\u0103rul r\u0103mas de trageri \u0219i starea bateriei, dintr-o singur\u0103 privire. Astfel, pute\u021bi p\u0103stra \u00eentotdeauna controlul \u0219i pute\u021bi ajusta experien\u021ba dvs. de vaping \u00een consecin\u021b\u0103.<\/li>\n<li><strong>30.000 trenuri:<\/strong>\u00a0Cu incredibilii 30.000 de pufuri, Solobar Solo asigur\u0103 o durat\u0103 de via\u021b\u0103 excep\u021bional de lung\u0103. Acest lucru \u00eenseamn\u0103 c\u0103 pute\u021bi bucura de o experien\u021b\u0103 de vaporizare de \u00eenalt\u0103 calitate, neschimbat\u0103, pentru o perioad\u0103 mai lung\u0103 de timp, f\u0103r\u0103 s\u0103 v\u0103 preocupa\u021bi de reaprovizionare sau \u00eenlocuire.<\/li>\n<li><strong>Controlul fluxului de aer:<\/strong>\u00a0Adapta\u021bi alimentarea cu aer \u00een func\u021bie de preferin\u021bele dvs. individuale. Tehnologia de control al fluxului de aer v\u0103 permite s\u0103 regla\u021bi fluxul de aer dup\u0103 cum dori\u021bi, pentru a ob\u021bine experien\u021ba perfect\u0103 de vaporizare - fie c\u0103 prefera\u021bi o vaporizare relaxant\u0103 \u0219i u\u0219oar\u0103 sau o tragere intens\u0103 \u0219i puternic\u0103.<\/li>\n<li><strong>Putere de ie\u0219ire 10-30W:<\/strong>\u00a0Gama de putere de 10-30W asigur\u0103 o produc\u021bie optim\u0103 de abur. Indiferent de puterea aleas\u0103, ve\u021bi ob\u021bine \u00eentotdeauna un abur uniform \u0219i puternic.<\/li>\n<li><strong>Baterie re\u00eenc\u0103rcabil\u0103 880 mAh:<\/strong>\u00a0Echipat\u0103 cu o baterie re\u00eenc\u0103rcabil\u0103 de 880 mAh, Solobar Solo ofer\u0103 o performan\u021b\u0103 stabil\u0103 pentru o perioad\u0103 lung\u0103 de timp. Capacitatea generoas\u0103 asigur\u0103 c\u0103 nu trebuie s\u0103 re\u00eenc\u0103rca\u021bi constant dispozitivul, ceea ce face experien\u021ba de vaporizare \u0219i mai confortabil\u0103.<\/li>\n<li><strong>Lumin\u0103 ambiental\u0103 Pornit\/Oprit:<\/strong>\u00a0Solobar Solo ofer\u0103 o func\u021bie de lumin\u0103 ambiental\u0103, care asigur\u0103 o atmosfer\u0103 vizual\u0103 pl\u0103cut\u0103. Pute\u021bi porni sau opri lumina dup\u0103 dorin\u021b\u0103, pentru a v\u0103 personaliza experien\u021ba de vaporizare.<\/li>\n<li><strong>Dual Mesh Coil:<\/strong>\u00a0Bobina dual\u0103 Mesh asigur\u0103 o vaporizare uniform\u0103 \u0219i constant\u0103, care garanteaz\u0103 o dezvoltare excelent\u0103 a gustului \u0219i o abur dens. Acest lucru este deosebit de important pentru varietatea de arome \u0219i asigur\u0103 c\u0103 fiecare tragere este o pl\u0103cere.<\/li>\n<li><strong>Pentru \u00eencep\u0103tori:<\/strong>\u00a0Solobar Solo a fost dezvoltat\u0103 cu accent pe \u00eencep\u0103tori. Utilizarea sa prietenoas\u0103 \u0219i manipularea u\u0219oar\u0103 o fac ideal\u0103 pentru intrarea \u00een lumea vapingului. Nu trebuie s\u0103 v\u0103 face\u021bi griji cu privire la set\u0103ri complicate sau ajust\u0103ri - pur \u0219i simplu despacheta\u021bi \u0219i \u00eencepe\u021bi s\u0103 vapezi!<\/li>\n<\/ul>\n<hr \/>\n<h3><strong>Solobar Solo 30000 de trageri  E-\u021bigar\u0103 de unic\u0103 folosin\u021b\u0103 - Arome \u00een detaliu<\/strong><\/h3>\n<p>Alegerea gustului potrivit este esen\u021bial\u0103 pentru experien\u021ba de vaporizare. Solobar Solo 30000 de trageri E-\u021bigar\u0103 de unic\u0103 folosin\u021b\u0103 vine cu o varietate de arome, care toate v\u0103 vor r\u0103sf\u0103\u021ba papilele gustative.\u00a0<em>Strawberry Kiwi Ice<\/em>\u00a0Gustul este extrem de popular \u0219i ofer\u0103 o combina\u021bie r\u0103coritoare de arome dulci \u0219i fructate, cu un amestec de ghea\u021b\u0103 r\u0103cit.<\/p>\n<p><strong>Strawberry Kiwi Ice - O r\u0103corire fructat\u0103<\/strong><\/p>\n<p>Der\u00a0<em>Strawberry Kiwi Ice<\/em>\u00a0Gustul Solobar Solo este o combina\u021bie armonioas\u0103 de c\u0103p\u0219uni coapte \u0219i suculente cu dulcea\u021ba exotic\u0103 a kiwi-ului. Gustul fructat este \u00eenso\u021bit de o not\u0103 de prospe\u021bime a ghe\u021bii, care asigur\u0103 un efect pl\u0103cut \u0219i r\u0103coritor. Acest gust este perfect pentru cei care caut\u0103 o experien\u021b\u0103 de vaporizare fructat\u0103 \u0219i r\u0103coritoare, care ofer\u0103 o pauz\u0103 revigorant\u0103 at\u00e2t \u00een zilele calde de var\u0103, c\u00e2t \u0219i \u00een orice alt\u0103 perioad\u0103 a anului.<\/p>\n<ul>\n<li><strong>c\u0103p\u0219un\u0103<\/strong>\u00a0Gustul c\u0103p\u0219unii \u00een\u00a0<em>Strawberry Kiwi Ice<\/em>\u00a0Amestecul este dulce \u0219i suculent, cu o fructozitate natural\u0103 care face vaporizarea o adev\u0103rat\u0103 pl\u0103cere. Are un gust proasp\u0103t, viu \u0219i ofer\u0103 o arom\u0103 natural\u0103, pur\u0103 de c\u0103p\u0219uni, care nu este niciodat\u0103 prea dulce.<\/li>\n<li><strong>Kiwi<\/strong>\u00a0Kiwi-ul adaug\u0103 o not\u0103 exotic\u0103 \u00een mix. Componenta sa de gust u\u0219or acru \u0219i \u00een acela\u0219i timp dulce se potrive\u0219te perfect cu c\u0103p\u0219una \u0219i asigur\u0103 o experien\u021b\u0103 de gust echilibrat\u0103 \u0219i complex\u0103. Kiwi-ul aduce prospe\u021bime \u0219i o urm\u0103 de fructitate tropical\u0103, care v\u0103 r\u0103sf\u0103\u021b\u0103 papilele gustative.<\/li>\n<li><strong>Ghea\u021b\u0103:<\/strong>\u00a0Efectul de r\u0103cire al ghe\u021bii completeaz\u0103 experien\u021ba gustativ\u0103. Prospe\u021bimea \u00eenghe\u021bat\u0103 asigur\u0103 c\u0103 aburul r\u0103m\u00e2ne pl\u0103cut de r\u0103coros \u0219i \u00eemprosp\u0103t\u0103tor, f\u0103r\u0103 a acoperi aromele fructate. Efectul \u201eIce\u201d nu este prea puternic, ci ofer\u0103 exact cantitatea potrivit\u0103 de r\u0103cire pentru a accentua gustul \u0219i a face vaporizarea \u0219i mai pl\u0103cut\u0103.<\/li>\n<\/ul>\n<p>Der\u00a0<em>Strawberry Kiwi Ice<\/em>\u00a0Gustul este alegerea perfect\u0103 pentru vapori care t\u00e2njesc dup\u0103 o experien\u021b\u0103 fresh \u0219i fructat\u0103, care poate fi savurat\u0103 pe tot parcursul anului. Indiferent dac\u0103 sunte\u021bi un vapor experimentat sau abia \u00eencepe\u021bi, acest gust v\u0103 va entuziasma!<\/p>\n<hr \/>\n<h3><strong>De ce ar trebui s\u0103 cump\u0103ra\u021bi e-\u021bigara de unic\u0103 folosin\u021b\u0103 Solobar Solo 30000 de pufuri<\/strong><\/h3>\n<ul>\n<li><strong>Durat\u0103 lung\u0103 de valabilitate:<\/strong>\u00a0Cu 30.000 de trageri, Solobar Solo ofer\u0103 o durat\u0103 de via\u021b\u0103 excep\u021bional de lung\u0103, ceea ce o face o alegere rentabil\u0103 pentru to\u021bi vapoarele.<\/li>\n<li><strong>Arome excelente:<\/strong>\u00a0Solobar Solo ofer\u0103 o experien\u021b\u0103 de gust unic\u0103 \u0219i intens\u0103, care este \u0219i mai mult accentuat\u0103 prin tehnologia dual\u0103 Mesh-Coil \u0219i controlul fluxului de aer.<\/li>\n<li><strong>Comfort \u0219i comoditate:<\/strong>\u00a0Utilizarea u\u0219oar\u0103 \u0219i bateria re\u00eenc\u0103rcabil\u0103 fac ca dumneavoastr\u0103 s\u0103 nu v\u0103 face\u021bi griji cu privire la realimentare sau \u00eenc\u0103rcarea constant\u0103.<\/li>\n<li><strong>Perfect pentru \u00eencep\u0103tori:<\/strong>\u00a0Cu manipularea sa u\u0219oar\u0103, Solobar Solo este ideal\u0103 chiar \u0219i pentru \u00eencep\u0103tori. Nu trebuie s\u0103 face\u021bi set\u0103ri complicate - pur \u0219i simplu o \u00eembraca\u021bi \u0219i v\u0103 bucura\u021bi.<\/li>\n<li><strong>Design stilizat:<\/strong>\u00a0Designul modern \u0219i afi\u0219ajul LED fac ca Solobar Solo s\u0103 fie un gadget elegant \u0219i practic, care nu numai c\u0103 arat\u0103 bine, dar func\u021bioneaz\u0103 \u0219i excelent.<\/li>\n<\/ul>\n<p><img loading=\"lazy\" decoding=\"async\" class=\"alignnone wp-image-1855 size-full\" title=\"Solobar Solo 30000 de trageri E-\u021bigaret\u0103 de unic\u0103 folosin\u021b\u0103 - Strawberry Kiwi Ice 2\" src=\"https:\/\/alfakher24h.de\/wp-content\/uploads\/2025\/02\/solobar-solo-30000-4.webp\" sizes=\"auto, (max-width: 1024px) 100vw, 1024px\" srcset=\"https:\/\/alfakher24h.de\/wp-content\/uploads\/2025\/02\/solobar-solo-30000-4.webp 1024w, https:\/\/alfakher24h.de\/wp-content\/uploads\/2025\/02\/solobar-solo-30000-4-300x174.webp 300w, https:\/\/alfakher24h.de\/wp-content\/uploads\/2025\/02\/solobar-solo-30000-4-768x446.webp 768w, https:\/\/alfakher24h.de\/wp-content\/uploads\/2025\/02\/solobar-solo-30000-4-18x10.webp 18w, https:\/\/alfakher24h.de\/wp-content\/uploads\/2025\/02\/solobar-solo-30000-4-600x348.webp 600w\" alt=\"Solobar Solo 30000 de trageri E-\u021bigaret\u0103 de unic\u0103 folosin\u021b\u0103 - Strawberry Kiwi Ice \" width=\"1024\" height=\"594\" \/><\/p>\n<div class=\"flex-1 overflow-hidden @container\/thread\">\n<div class=\"h-full\">\n<div class=\"react-scroll-to-bottom--css-kyafg-79elbk h-full\">\n<div class=\"react-scroll-to-bottom--css-kyafg-1n7m0yu\">\n<div class=\"flex flex-col text-sm md:pb-9\">\n<article class=\"w-full scroll-mb-[var(--thread-trailing-height,150px)] text-token-text-primary focus-visible:outline-2 focus-visible:outline-offset-[-4px]\" dir=\"auto\" data-testid=\"conversation-turn-3\" data-scroll-anchor=\"true\">\n<div class=\"m-auto text-base py-[18px] px-3 md:px-4 w-full md:px-5 lg:px-4 xl:px-5\">\n<div class=\"mx-auto flex flex-1 gap-4 text-base md:gap-5 lg:gap-6 md:max-w-3xl lg:max-w-[40rem] xl:max-w-[48rem]\">\n<div class=\"group\/conversation-turn relative flex w-full min-w-0 flex-col agent-turn\">\n<div class=\"flex-col gap-1 md:gap-3\">\n<div class=\"flex max-w-full flex-col flex-grow\">\n<div class=\"min-h-8 text-message flex w-full flex-col items-end gap-2 whitespace-normal break-words text-start [.text-message+&amp;]:mt-5\" dir=\"auto\" data-message-author-role=\"assistant\" data-message-id=\"fda66e34-14d2-41e7-8c3d-231a0be2fd20\" data-message-model-slug=\"gpt-4o\">\n<div class=\"flex w-full flex-col gap-1 empty:hidden first:pt-[3px]\">\n<div class=\"markdown prose w-full break-words dark:prose-invert light\">\n<h4><strong>Concluzie:<\/strong><br \/>\nDie\u00a0<em>Solobar Solo 30000 de trageri E-\u021bigaret\u0103 de unic\u0103 folosin\u021b\u0103<\/em> este o alegere excelent\u0103 pentru to\u021bi cei care caut\u0103 o experien\u021b\u0103 de vaping fiabil\u0103, puternic\u0103 \u0219i cu un gust remarcabil. Ea ofer\u0103 nu numai o durat\u0103 lung\u0103 de utilizare, ci \u0219i o varietate de func\u021bii care fac vaporizarea \u0219i mai pl\u0103cut\u0103. Vizita\u021bi alfakher24h.de pentru a v\u0103 procura\u00a0<em>Solobar Solo<\/em>\u00a0Cump\u0103ra\u021bi \u0219i experimenta\u021bi cel mai bun vape pe care Germania \u00eel are de oferit!<\/h4>\n<\/div>\n<\/div>\n<\/div>\n<\/div>\n<\/div>\n<\/div>\n<\/div>\n<\/div>\n<\/article>\n<\/div>\n<\/div>\n<\/div>\n<\/div>\n<\/div>","protected":false},"excerpt":{"rendered":"<h4><em>Solobar Solo 30000 de trageri E-\u021bigaret\u0103 de unic\u0103 folosin\u021b\u0103<\/em> este o alegere excelent\u0103 pentru to\u021bi cei care sunt \u00een c\u0103utarea unuia de \u00eencredere,<\/h4>","protected":false},"featured_media":1624,"comment_status":"open","ping_status":"closed","template":"","meta":{"om_disable_all_campaigns":false},"product_brand":[],"product_cat":[41],"product_tag":[],"class_list":{"0":"post-1623","1":"product","2":"type-product","3":"status-publish","4":"has-post-thumbnail","6":"product_cat-solobar-solo-30000","8":"first","9":"outofstock","10":"shipping-taxable","11":"purchasable","12":"product-type-simple"},"_links":{"self":[{"href":"https:\/\/alfakher24h.de\/ro\/wp-json\/wp\/v2\/product\/1623","targetHints":{"allow":["GET"]}}],"collection":[{"href":"https:\/\/alfakher24h.de\/ro\/wp-json\/wp\/v2\/product"}],"about":[{"href":"https:\/\/alfakher24h.de\/ro\/wp-json\/wp\/v2\/types\/product"}],"replies":[{"embeddable":true,"href":"https:\/\/alfakher24h.de\/ro\/wp-json\/wp\/v2\/comments?post=1623"}],"wp:featuredmedia":[{"embeddable":true,"href":"https:\/\/alfakher24h.de\/ro\/wp-json\/wp\/v2\/media\/1624"}],"wp:attachment":[{"href":"https:\/\/alfakher24h.de\/ro\/wp-json\/wp\/v2\/media?parent=1623"}],"wp:term":[{"taxonomy":"product_brand","embeddable":true,"href":"https:\/\/alfakher24h.de\/ro\/wp-json\/wp\/v2\/product_brand?post=1623"},{"taxonomy":"product_cat","embeddable":true,"href":"https:\/\/alfakher24h.de\/ro\/wp-json\/wp\/v2\/product_cat?post=1623"},{"taxonomy":"product_tag","embeddable":true,"href":"https:\/\/alfakher24h.de\/ro\/wp-json\/wp\/v2\/product_tag?post=1623"}],"curies":[{"name":"wp","href":"https:\/\/api.w.org\/{rel}","templated":true}]}}