{"id":1621,"date":"2025-02-08T14:37:20","date_gmt":"2025-02-08T14:37:20","guid":{"rendered":"https:\/\/alfakher24h.de\/?post_type=product&#038;p=1621"},"modified":"2025-05-21T05:11:14","modified_gmt":"2025-05-21T05:11:14","slug":"solobar-solo-30000-zuege-einweg-e-zigarette-blue-razz-ice","status":"publish","type":"product","link":"https:\/\/alfakher24h.de\/ro\/produs\/solobar-solo-30000-zuege-einweg-e-zigarette-blue-razz-ice\/","title":{"rendered":"Solobar Solo 30000 de trageri E-\u021bigar\u0103 de unic\u0103 folosin\u021b\u0103 \u2013 Blue Razz Ice"},"content":{"rendered":"<div style=\"width: 1020px;\" class=\"wp-video\"><video class=\"wp-video-shortcode\" id=\"video-1621-1\" width=\"1020\" height=\"574\" preload=\"metadata\" controls=\"controls\"><source type=\"video\/mp4\" src=\"https:\/\/alfakher24h.de\/wp-content\/uploads\/2025\/02\/solobar-solo-30000-2.mp4?_=1\" \/><a href=\"https:\/\/alfakher24h.de\/wp-content\/uploads\/2025\/02\/solobar-solo-30000-2.mp4\">https:\/\/alfakher24h.de\/wp-content\/uploads\/2025\/02\/solobar-solo-30000-2.mp4<\/a><\/video><\/div>\n<h2><strong>Solobar Solo 30000 de trageri  E-\u021bigar\u0103 de unic\u0103 folosin\u021b\u0103 \u2013 Alegerea perfect\u0103 pentru pl\u0103cerea modern\u0103 de vaping<\/strong><\/h2>\n<p>Die\u00a0<strong>Solobar Solo 30000 de trageri E-\u021bigar\u0103 de unic\u0103 folosin\u021b\u0103<\/strong>\u00a0este solu\u021bia ideal\u0103 pentru to\u021bi cei care caut\u0103 o experien\u021b\u0103 de vaporizare puternic\u0103, u\u0219or de utilizat \u0219i cu un gust excep\u021bional. Cu o capacitate impresionant\u0103 de\u00a0<strong>30.000 de trenuri<\/strong>\u00a0\u0219i o varietate de func\u021bii inovatoare, acest produs ofer\u0103 nu numai o performan\u021b\u0103 excep\u021bional\u0103, ci \u0219i un design extraordinar care entuziasmeaz\u0103 at\u00e2t \u00eencep\u0103torii, c\u00e2t \u0219i vapoarele experimentate. Ca unul dintre principalii furnizori de\u00a0<strong>E-Zigarete de unic\u0103 folosin\u021b\u0103 \u00een Germania<\/strong>a \nhat \n\u2192 \nare <strong>alfakherwelt.de<\/strong> Acest produs exclusiv \u00een sortiment, pentru a v\u0103 oferi cea mai bun\u0103 experien\u021b\u0103 de vaporizare.<\/p>\n<h3><strong>Descrierea produsului \u2013 Puternic \u0219i u\u0219or de utilizat<\/strong><\/h3>\n<p>Die\u00a0<strong>Solobar Solo 30000 de trageri E-\u021bigar\u0103 de unic\u0103 folosin\u021b\u0103<\/strong>\u00a0ofer\u0103 totul ceea ce ai nevoie pentru o experien\u021b\u0103 impresionant\u0103 de vapoare. Cu o enorm\u0103\u00a0<strong>Capacitate de puf<\/strong>\u00a0de 30.000 de puffs ai o perioad\u0103 mai lung\u0103 de timp pentru a te bucura de experien\u021ba ta de vaping, f\u0103r\u0103 s\u0103 fie nevoie s\u0103 cau\u021bi \u00een mod constant reumplerea sau o nou\u0103 \u021bigar\u0103 electronic\u0103. Aceast\u0103 durat\u0103 lung\u0103 de via\u021b\u0103\u00a0<strong>E-Zigarette de unic\u0103 folosin\u021b\u0103<\/strong>\u00a0este alegerea perfect\u0103 pentru deplas\u0103ri, atunci c\u00e2nd cau\u021bi o alternativ\u0103 practic\u0103 \u0219i fiabil\u0103 la \u021big\u0103rile electronice conven\u021bionale. Bateria integrat\u0103 cu o capacitate de\u00a0<strong>880 mAh<\/strong>\u00a0asigur\u0103-te c\u0103 ai\u00a0<strong>Solobar Solo 30000 de trageri E-\u021bigar\u0103 de unic\u0103 folosin\u021b\u0103<\/strong>\u00a0func\u021bioneaz\u0103 \u00een mod fiabil pe \u00eentreaga perioad\u0103 de utilizare.<\/p>\n<p>Cu un\u00a0<strong>Afi\u0219aj LED<\/strong>\u00a0este foarte u\u0219or s\u0103 vezi dintr-o privire nivelul de \u00eenc\u0103rcare al \u021big\u0103rii tale electronice.\u00a0<strong>Sistem de control al fluxului de aer<\/strong>\u00a0permite adaptarea debitului de aer dup\u0103 bunul plac \u0219i ob\u021binerea unei experien\u021be de vaporizare perfecte. Ai posibilitatea s\u0103 ajustezi\u00a0<strong>Func\u021bia de lumin\u0103 ambiental\u0103 activat\u0103\/dezactivat\u0103<\/strong>\u00a0Dup\u0103 dorin\u021ba dvs. de a activa \u0219i a personaliza aspectul \u021big\u0103rii dvs. electronice. Designul prietenos cu utilizatorul este potrivit \u00een special pentru \u00eencep\u0103tori, astfel \u00eenc\u00e2t s\u0103 pute\u021bi \u00eencepe imediat s\u0103 vapezi f\u0103r\u0103 a efectua o configurare complicat\u0103.<\/p>\n<h3><strong>Caracteristici produs Solobar Solo 30000 de trag\u0103ri E-\u021bigar\u0103 de unic\u0103 folosin\u021b\u0103<\/strong><\/h3>\n<ul>\n<li><strong>Ecran cu LED-uri Afi\u0219aj<\/strong>\u00a0\u2013 Vezi dintr-o privire starea de \u00eenc\u0103rcare a bateriei tale\u00a0<strong>E-Zigarette de unic\u0103 folosin\u021b\u0103<\/strong>.<\/li>\n<li><strong>30.000 trenuri<\/strong>\u00a0- Ofer\u0103 o durat\u0103 de via\u021b\u0103 extrem de lung\u0103, astfel \u00eenc\u00e2t s\u0103 po\u021bi bucura de ea pentru o perioad\u0103 mai lung\u0103 de timp, f\u0103r\u0103 s\u0103 fie nevoie s\u0103 cau\u021bi o nou\u0103 \u021bigar\u0103 electronic\u0103.<\/li>\n<li><strong>Controlul Fluxului de Aer<\/strong>\u00a0\u2013 Reglarea individual\u0103 a fluxului de aer pentru experien\u021ba perfect\u0103 de vaporizare.<\/li>\n<li><strong>10-30W putere<\/strong>\u00a0Ofer\u0103 aburul necesar pentru a satisface nevoile tale personale de vaporizare.<\/li>\n<li><strong>Baterie re\u00eenc\u0103rcabil\u0103 880 mAh<\/strong>\u00a0- asigur\u0103 o utilizare fiabil\u0103 \u0219i de lung\u0103 durat\u0103.<\/li>\n<li><strong>Lumin\u0103 ambiental\u0103 Pornit\/Oprit<\/strong>\u00a0Ofer\u0103 o not\u0103 stilat\u0103 \u021big\u0103rii tale electronice, \u00een func\u021bie de starea de spirit.<\/li>\n<li><strong>Dual Mesh Coil<\/strong>\u00a0- Pentru un gust intens \u0219i abur uniform.<\/li>\n<li><strong>Prietenos pentru \u00eencep\u0103tori<\/strong>\u00a0- F\u0103r\u0103 construc\u021bie complicat\u0103, gata de utilizare imediat\u0103.<\/li>\n<\/ul>\n<h3><strong>Cele mai populare arome ale \u021big\u0103rii electronice de unic\u0103 folosin\u021b\u0103 Solobar Solo 30000 de pufuri<\/strong><\/h3>\n<p>Una dintre cele mai remarcabile propriet\u0103\u021bi ale\u00a0<strong>Solobar Solo 30000 de trageri E-\u021bigar\u0103 de unic\u0103 folosin\u021b\u0103<\/strong>\u00a0este posibilitatea de a alege aroma perfect\u0103 care se potrive\u0219te gusturilor tale personale. Unul dintre cele mai populare \u0219i r\u0103coritoare profiluri de arom\u0103 de care te po\u021bi bucura este cel de\u00a0<strong>Blue Razz Ice<\/strong>.<\/p>\n<h4><strong>Blue Razz Ice: O pl\u0103cere r\u0103coritoare de fructe<\/strong><\/h4>\n<p>Die\u00a0<strong>Blue Razz Ice<\/strong>Varian\u021ba de gust a Solobar Solo 30000 de trag\u0103ri E-\u021bigar\u0103 de unic\u0103 folosin\u021b\u0103 ofer\u0103 o combina\u021bie armonioas\u0103 de arome fructate\u00a0<strong>Afine<\/strong>\u00a0\u0219i r\u0103coritor\u00a0<strong>Zmeur\u0103<\/strong>\u00a0(zmeur\u0103), perfect rotunjit cu unul r\u0103coritor\u00a0<strong>Ghea\u021b\u0103<\/strong>Efect. Deja de la prima mu\u0219c\u0103tur\u0103 vei fi cople\u0219it de intensitatea \u0219i prospe\u021bimea gustului. Amestecul de afine dulci \u0219i fructate cu zmeur\u0103 acri\u0219oar\u0103 asigur\u0103 o experien\u021b\u0103 gustativ\u0103 intens\u0103, care este completat\u0103 \u00eentr-un mod pl\u0103cut de amestecul r\u0103coritor de ghea\u021b\u0103.\u00a0<strong>Blue Razz Ice<\/strong>\u00a0Gustul este alegerea ideal\u0103 pentru to\u021bi cei care caut\u0103 o experien\u021b\u0103 de vaporizare r\u0103coritoare \u0219i \u00een acela\u0219i timp dulce \u0219i fructat\u0103. Echilibrul fin dintre fruct \u0219i r\u0103coare face acest gust s\u0103 fie un favorit printre mul\u021bi vapori.<\/p>\n<p>Pentru\u00a0<strong>Cump\u0103r\u0103tori de vape<\/strong>\u00a0\u00een Germania, care caut\u0103 un produs durabil \u0219i puternic, este\u00a0<strong>Solobar Solo 30000 de trageri E-\u021bigar\u0103 de unic\u0103 folosin\u021b\u0103<\/strong>\u00a0\u00een\u00a0<strong>Blue Razz Ice<\/strong>Gustul este un absolut must-have. Combina\u021bia de tehnologie de \u00eenalt\u0103 calitate \u0219i o varietate excelent\u0103 de arome asigur\u0103 o experien\u021b\u0103 de vaping de neuitat. Atingerea r\u0103coritoare a\u00a0<strong>Ghea\u021b\u0103<\/strong>Efectul este ideal pentru a v\u0103 oferi o senza\u021bie pl\u0103cut\u0103 \u0219i r\u0103coritoare chiar \u0219i \u00een zilele c\u0103lduroase.<\/p>\n<h4><strong>Alte experien\u021be gustative<\/strong><\/h4>\n<p>De\u0219i\u00a0<strong>Blue Razz Ice<\/strong>\u00a0este foarte popular, ofer\u0103\u00a0<strong>Solobar Solo 30000 de trageri E-\u021bigaret\u0103 de unic\u0103 folosin\u021b\u0103<\/strong>\u00a0Multe alte op\u021biuni delicioase. Pute\u021bi alege dintr-o varietate de arome, inclusiv arome fructate, gusturi dulci de desert \u0219i variante de mentol r\u0103coritoare, care transform\u0103 fiecare experien\u021b\u0103 de vaporizare \u00eentr-o pl\u0103cere unic\u0103.<\/p>\n<p><img loading=\"lazy\" decoding=\"async\" class=\"alignnone wp-image-1855 size-full\" title=\"Solobar Solo 30000 de trageri E-\u021bigaret\u0103 de unic\u0103 folosin\u021b\u0103 - Blue Razz Ice 2\" src=\"https:\/\/alfakher24h.de\/wp-content\/uploads\/2025\/02\/solobar-solo-30000-4.webp\" sizes=\"auto, (max-width: 1024px) 100vw, 1024px\" srcset=\"https:\/\/alfakher24h.de\/wp-content\/uploads\/2025\/02\/solobar-solo-30000-4.webp 1024w, https:\/\/alfakher24h.de\/wp-content\/uploads\/2025\/02\/solobar-solo-30000-4-300x174.webp 300w, https:\/\/alfakher24h.de\/wp-content\/uploads\/2025\/02\/solobar-solo-30000-4-768x446.webp 768w, https:\/\/alfakher24h.de\/wp-content\/uploads\/2025\/02\/solobar-solo-30000-4-18x10.webp 18w, https:\/\/alfakher24h.de\/wp-content\/uploads\/2025\/02\/solobar-solo-30000-4-600x348.webp 600w\" alt=\"Solobar Solo 30000 de trageri E-\u021bigaret\u0103 de unic\u0103 folosin\u021b\u0103 - Blue Razz Ice \" width=\"1024\" height=\"594\" \/><\/p>\n<div class=\"flex-1 overflow-hidden @container\/thread\">\n<div class=\"h-full\">\n<div class=\"react-scroll-to-bottom--css-kyafg-79elbk h-full\">\n<div class=\"react-scroll-to-bottom--css-kyafg-1n7m0yu\">\n<div class=\"flex flex-col text-sm md:pb-9\">\n<article class=\"w-full scroll-mb-[var(--thread-trailing-height,150px)] text-token-text-primary focus-visible:outline-2 focus-visible:outline-offset-[-4px]\" dir=\"auto\" data-testid=\"conversation-turn-3\" data-scroll-anchor=\"true\">\n<div class=\"m-auto text-base py-[18px] px-3 md:px-4 w-full md:px-5 lg:px-4 xl:px-5\">\n<div class=\"mx-auto flex flex-1 gap-4 text-base md:gap-5 lg:gap-6 md:max-w-3xl lg:max-w-[40rem] xl:max-w-[48rem]\">\n<div class=\"group\/conversation-turn relative flex w-full min-w-0 flex-col agent-turn\">\n<div class=\"flex-col gap-1 md:gap-3\">\n<div class=\"flex max-w-full flex-col flex-grow\">\n<div class=\"min-h-8 text-message flex w-full flex-col items-end gap-2 whitespace-normal break-words text-start [.text-message+&amp;]:mt-5\" dir=\"auto\" data-message-author-role=\"assistant\" data-message-id=\"fda66e34-14d2-41e7-8c3d-231a0be2fd20\" data-message-model-slug=\"gpt-4o\">\n<div class=\"flex w-full flex-col gap-1 empty:hidden first:pt-[3px]\">\n<div class=\"markdown prose w-full break-words dark:prose-invert light\">\n<h3><strong>De ce ar trebui s\u0103 alegi Solobar Solo 30000 de pufuri  E-\u021bigar\u0103 de unic\u0103 folosin\u021b\u0103?<\/strong><\/h3>\n<ul>\n<li><strong>Durat\u0103 de via\u021b\u0103 lung\u0103<\/strong>: Cu\u00a0<strong>30.000 de trenuri<\/strong>\u00a0Ai o perioad\u0103 lung\u0103 de satisfac\u021bie de la produsul t\u0103u, ceea ce reduce nevoia de cump\u0103r\u0103turi frecvente \u0219i \u00ee\u021bi economise\u0219te timp \u0219i bani.<\/li>\n<li><strong>Utilizator-friendly<\/strong>: Die\u00a0<strong>Solobar Solo 30000 de trageri E-\u021bigar\u0103 de unic\u0103 folosin\u021b\u0103<\/strong>\u00a0Este ideal pentru \u00eencep\u0103tori. U\u0219or de utilizat, f\u0103r\u0103 set\u0103ri complicate.<\/li>\n<li><strong>Variate arome<\/strong>: Cu o selec\u021bie larg\u0103 de arome, inclusiv cele populare\u00a0<strong>Blue Razz Ice<\/strong>Po\u021bi g\u0103si gustul perfect pentru tine.<\/li>\n<li><strong>Func\u021bii inovative<\/strong>: Acesta\u00a0<strong>Afi\u0219aj LED<\/strong>,\u00a0<strong>Controlul Fluxului de Aer<\/strong>\u00a0\u0219i cel\u00a0<strong>Dual Mesh Coil<\/strong>\u00a0asigura\u021bi o experien\u021b\u0103 de vaporizare excep\u021bional\u0103, pe care nu o pute\u021bi compara cu alte produse.<\/li>\n<li><strong>Compact \u0219i stilat<\/strong>Aceasta\u00a0<strong>E-Zigarette de unic\u0103 folosin\u021b\u0103<\/strong>\u00a0nu este doar puternic, ci \u0219i o adev\u0103rat\u0103 atrac\u021bie vizual\u0103, cu posibilitatea de a regla\u00a0<strong>Lumin\u0103 ambiental\u0103<\/strong>\u00a0a adapta.<\/li>\n<li><strong>Disponibil la alfakherwelt.de<\/strong>: Ia-\u021bi\u00a0<strong>Solobar Solo 30000 de trageri E-\u021bigar\u0103 de unic\u0103 folosin\u021b\u0103<\/strong>\u00a0\u0219i multe altele\u00a0<strong>Vape de unic\u0103 folosin\u021b\u0103<\/strong> exclusiv pe <strong>alfakherwelt.de<\/strong>celui mai mare platform\u0103 online pentru\u00a0<strong>Vape de unic\u0103 folosin\u021b\u0103 \u00een Germania<\/strong>.<\/li>\n<\/ul>\n<h3><strong>Concluzie - Companionul t\u0103u ideal pentru experien\u021ba perfect\u0103 de vaporizare<\/strong><\/h3>\n<p>Die\u00a0<strong>Solobar Solo 30000 de trageri E-\u021bigar\u0103 de unic\u0103 folosin\u021b\u0103<\/strong>\u00a0este alegerea perfect\u0103 pentru to\u021bi cei care caut\u0103 o experien\u021b\u0103 de vaporizare durabil\u0103, puternic\u0103 \u0219i excep\u021bional\u0103 ca gust. Cu o capacitate de\u00a0<strong>30.000 de trenuri<\/strong>der practic\u0103\u00a0<strong>Controlul Fluxului de Aer<\/strong>\u00a0\u0219i o varietate de arome, inclusiv cea r\u0103coritoare\u00a0<strong>Blue Razz Ice<\/strong>este aceast\u0103 \u021bigar\u0103 electronic\u0103 solu\u021bia ideal\u0103 pentru vapori la toate nivelurile de experien\u021b\u0103.<\/p>\n<p>Acum ia-\u021bi a ta\u00a0<strong>Solobar Solo 30000 de trageri E-\u021bigar\u0103 de unic\u0103 folosin\u021b\u0103<\/strong> \u0219i experimenteaz\u0103 diferen\u021ba la <strong>alfakherwelt.de<\/strong>\u00a0\u2013 Adresa ta principal\u0103 pentru cump\u0103rarea de\u00a0<strong>Vape de unic\u0103 folosin\u021b\u0103<\/strong>\u00a0\u00een Germania!<\/p>\n<\/div>\n<\/div>\n<\/div>\n<\/div>\n<\/div>\n<\/div>\n<\/div>\n<\/div>\n<\/article>\n<\/div>\n<\/div>\n<\/div>\n<\/div>\n<\/div>","protected":false},"excerpt":{"rendered":"<p><strong>Solobar Solo 30000 de trageri E-\u021bigar\u0103 de unic\u0103 folosin\u021b\u0103<\/strong>\u00a0este alegerea perfect\u0103 pentru to\u021bi cei care caut\u0103 o experien\u021b\u0103 de vaporizare durabil\u0103, puternic\u0103 \u0219i excep\u021bional\u0103 ca gust. Cu o capacitate de\u00a0<strong>30.000 de trenuri<\/strong><\/p>","protected":false},"featured_media":1622,"comment_status":"open","ping_status":"closed","template":"","meta":{"om_disable_all_campaigns":false},"product_brand":[],"product_cat":[41],"product_tag":[],"class_list":{"0":"post-1621","1":"product","2":"type-product","3":"status-publish","4":"has-post-thumbnail","6":"product_cat-solobar-solo-30000","8":"first","9":"outofstock","10":"shipping-taxable","11":"purchasable","12":"product-type-simple"},"_links":{"self":[{"href":"https:\/\/alfakher24h.de\/ro\/wp-json\/wp\/v2\/product\/1621","targetHints":{"allow":["GET"]}}],"collection":[{"href":"https:\/\/alfakher24h.de\/ro\/wp-json\/wp\/v2\/product"}],"about":[{"href":"https:\/\/alfakher24h.de\/ro\/wp-json\/wp\/v2\/types\/product"}],"replies":[{"embeddable":true,"href":"https:\/\/alfakher24h.de\/ro\/wp-json\/wp\/v2\/comments?post=1621"}],"wp:featuredmedia":[{"embeddable":true,"href":"https:\/\/alfakher24h.de\/ro\/wp-json\/wp\/v2\/media\/1622"}],"wp:attachment":[{"href":"https:\/\/alfakher24h.de\/ro\/wp-json\/wp\/v2\/media?parent=1621"}],"wp:term":[{"taxonomy":"product_brand","embeddable":true,"href":"https:\/\/alfakher24h.de\/ro\/wp-json\/wp\/v2\/product_brand?post=1621"},{"taxonomy":"product_cat","embeddable":true,"href":"https:\/\/alfakher24h.de\/ro\/wp-json\/wp\/v2\/product_cat?post=1621"},{"taxonomy":"product_tag","embeddable":true,"href":"https:\/\/alfakher24h.de\/ro\/wp-json\/wp\/v2\/product_tag?post=1621"}],"curies":[{"name":"wp","href":"https:\/\/api.w.org\/{rel}","templated":true}]}}