{"id":1600,"date":"2025-02-05T05:10:39","date_gmt":"2025-02-05T05:10:39","guid":{"rendered":"https:\/\/alfakher24h.de\/?post_type=product&#038;p=1600"},"modified":"2025-05-21T05:11:14","modified_gmt":"2025-05-21T05:11:14","slug":"1600","status":"publish","type":"product","link":"https:\/\/alfakher24h.de\/ro\/produs\/1600\/","title":{"rendered":"Solobar Solo 30000 de trageri E-\u021bigaret\u0103 de unic\u0103 folosin\u021b\u0103 \u2013 Mango Ice"},"content":{"rendered":"<h2>Solobar Solo 30000 de trageri E-\u021bigar\u0103 de unic\u0103 folosin\u021b\u0103 - Alegere perfect\u0103 pentru \u00eencep\u0103tori \u0219i profesioni\u0219ti<\/h2>\n<p>Die\u00a0<a href=\"https:\/\/alfakher24h.de\/ro\/\"><strong>Solobar Solo 30000 de trageri E-\u021bigar\u0103 de unic\u0103 folosin\u021b\u0103<\/strong><\/a>\u00a0este dispozitivul ideal pentru to\u021bi cei care caut\u0103 un\u00a0<strong>puternice, de lung\u0103 durat\u0103<\/strong>\u00a0\u0219i\u00a0<strong>u\u0219or de utilizat<\/strong>\u00a0Vape sunt. Cu o extraordinar\u0103\u00a0<strong>Capacitatea de 30.000 de trenuri<\/strong>\u00a0ofer\u0103 acest model o experien\u021b\u0103 f\u0103r\u0103 egal\u00a0<strong>Durata de via\u021b\u0103<\/strong>, care \u00eel face cea mai bun\u0103 alegere pentru utilizatorii care apreciaz\u0103 confortul \u0219i pl\u0103cerea continu\u0103. \u00cen acest articol ve\u021bi afla totul despre\u00a0<strong>Solobar Solo 30000 de trageri E-\u021bigar\u0103 de unic\u0103 folosin\u021b\u0103<\/strong>lor\u00a0<strong>Func\u021bii<\/strong>care\u00a0<strong>descriere detaliat\u0103 a gustului<\/strong> \u0219i de ce ar trebui s\u0103 le cump\u0103ra\u021bi pe platforma noastr\u0103 alfakher24h.de - cea mai mare platform\u0103 de v\u00e2nz\u0103ri online pentru\u00a0<strong>Vape de unic\u0103 folosin\u021b\u0103 \u00een Germania<\/strong>.<\/p>\n<h3>De ce Solobar Solo 30000 de trageri \u021bigar\u0103 electronic\u0103 de unic\u0103 folosin\u021b\u0103?<\/h3>\n<p>\u00centr-o lume \u00een care pia\u021ba pentru\u00a0<a href=\"https:\/\/alfakher24h.de\/ro\/\"><strong>E-\u021bigarete de unic\u0103 folosin\u021b\u0103<\/strong>\u00a0<\/a>cre\u0219te \u00een mod constant, are\u00a0<strong>Solobar Solo 30000 Z\u00fcge \n\nbecum original, f\u0103r\u0103 modific\u0103ri - Solobar Solo 30000 Zug este deja \u00een limba german\u0103 \u0219i se traduce \u00een acela\u0219i mod \u00een rom\u00e2n\u0103, deci r\u0103m\u00e2ne acela\u0219i: Solobar Solo 30000 de trageri \/ \u00een varianta tradus\u0103 \u00een limba rom\u00e2n\u0103 r\u0103m\u00e2ne  Solobar Solo 30000 Z\u00fcge<\/strong>\u00a0o pozi\u021bie remarcabil\u0103. Acestea\u00a0<strong>cu nicotin\u0103<\/strong>\u00a0prev\u0103zut\u0103\u00a0<strong>Vape<\/strong>\u00a0ofer\u0103 nu numai o impresie \n(continu\u0103 textul)\u00a0<strong>Produc\u021bia de abur<\/strong>\u00a0\u0219i unul\u00a0<strong>o experien\u021b\u0103 gustativ\u0103 bogat\u0103<\/strong>ci mai multe caracteristici practice care fac vaporizarea o experien\u021b\u0103 pl\u0103cut\u0103. Este perfect\u0103 pentru \u00eencep\u0103tori \u0219i vapori experimenta\u021bi care caut\u0103 un dispozitiv simplu care este gata de utilizare imediat. Indiferent dac\u0103 sunte\u021bi\u00a0<strong>Solobar Solo<\/strong>\u00a0fie c\u0103 este prima dat\u0103 c\u00e2nd \u00eel \u00eencerca\u021bi, fie c\u0103 sunte\u021bi deja un vaporizator experimentat - acest model v\u0103 va dep\u0103\u0219i cu siguran\u021b\u0103 a\u0219tept\u0103rile.<\/p>\n<h3>Caracteristici excelente ale Solobar Solo 30000 de trageri E-\u021bigar\u0103 de unic\u0103 folosin\u021b\u0103<\/h3>\n<p>Die\u00a0<strong>Solobar Solo 30000 de trageri E-\u021bigar\u0103 de unic\u0103 folosin\u021b\u0103<\/strong>\u00a0Ofer\u0103 numeroase func\u021bii care fac vaporizarea mai pl\u0103cut\u0103 \u0219i mai u\u0219or de utilizat. Iat\u0103 principalele caracteristici:<\/p>\n<ul>\n<li><strong>Ecran LED Display<\/strong>: Un ghid practic\u00a0<strong>Afi\u0219aj LED<\/strong>\u00a0Arat\u0103 starea curent\u0103 \u0219i durata de via\u021b\u0103 r\u0103mas\u0103, astfel \u00eenc\u00e2t s\u0103 \u0219ti\u021bi \u00eentotdeauna exact c\u00e2t de mult va dura dispozitivul.<\/li>\n<li><strong>30.000 trenuri<\/strong>: Cu o extrem de mare\u00a0<strong>Capacitatea trenului<\/strong>\u00a0Acest dispozitiv este extrem de durabil \u0219i ideal pentru experien\u021be lungi de vaporizare. 30.000 de trageri \u00eenseamn\u0103 c\u0103 pute\u021bi bucura de o perioad\u0103 lung\u0103 de timp f\u0103r\u0103 s\u0103 v\u0103 face\u021bi griji cu privire la reaprovizionarea sau \u00eenlocuirea \u021big\u0103rii electronice.<\/li>\n<li><strong>Controlul fluxului de aer<\/strong>: Regla\u021bi fluxul de aer \u00een func\u021bie de preferin\u021bele dvs. Acest lucru v\u0103 permite s\u0103 regla\u021bi individual rezisten\u021ba \u0219i intensitatea vaporilor \u0219i s\u0103 crea\u021bi astfel experien\u021ba perfect\u0103 de vaporizare.<\/li>\n<li><strong>10-30W Putere de ie\u0219ire<\/strong>: O\u00a0<strong>Variabil\u0103 putere de intrare<\/strong>\u00a0permite reglarea puterii \u00een func\u021bie de intensitatea dorit\u0103 a aburului, ceea ce permite un control mai precis al experien\u021bei de abur.<\/li>\n<li><strong>880 mAh baterie<\/strong>: Bateria este\u00a0<strong>re\u00eenc\u0103rcabil<\/strong>Aceasta \u00eenseamn\u0103 c\u0103 pute\u021bi utiliza dispozitivul pentru o perioad\u0103 mai lung\u0103 de timp f\u0103r\u0103 s\u0103 fie nevoie s\u0103 \u00eel \u00eenc\u0103rca\u021bi frecvent. O capacitate mare asigur\u0103 faptul c\u0103 vaporizarea r\u0103m\u00e2ne constant\u0103 pe parcursul multor sesiuni.<\/li>\n<li><strong>Lumin\u0103 ambiental\u0103 Pornit\/Oprit<\/strong>: Un fascinant\u00a0<strong>Lumin\u0103 ambiental\u0103<\/strong>\u00a0Face vaporizarea nu numai func\u021bional\u0103, ci \u0219i vizual atractiv\u0103. \u00cempreun\u0103 cu dispozitivul dvs. are un aspect elegant \u0219i modern.<\/li>\n<li><strong>Dual Mesh Coil<\/strong>: Die\u00a0<strong>Tehnologie Dual Mesh Coil<\/strong>\u00a0Asigur\u0103 o \u00eenc\u0103lzire uniform\u0103 \u0219i o dezvoltare \u00eembun\u0103t\u0103\u021bit\u0103 a gustului, f\u0103c\u00e2nd fiecare \u021bigar\u0103 mai intens\u0103 \u0219i mai satisf\u0103c\u0103toare.<\/li>\n<li><strong>Utilizator-friendly<\/strong>: Solobar Solo 30000 de trageri E-\u021bigar\u0103 de unic\u0103 folosin\u021b\u0103 este deosebit\u0103\u00a0<strong>prietenos pentru \u00eencep\u0103tori<\/strong>\u00a0\u0219i nu necesit\u0103 o operare complicat\u0103. Pur \u0219i simplu\u00a0<strong>a \u00eembr\u0103ca<\/strong>\u00a0\u0219i bucura\u021bi-v\u0103 - nu exist\u0103 set\u0103ri tehnice sau realiment\u0103ri pe care trebuie s\u0103 le efectua\u021bi.<\/li>\n<\/ul>\n<h2><img loading=\"lazy\" decoding=\"async\" class=\"alignnone wp-image-1853 size-full\" title=\"Solobar Solo 30000 de trageri E-\u021bigar\u0103 de unic\u0103 folosin\u021b\u0103 - Mango Ice 2\" src=\"https:\/\/alfakher24h.de\/wp-content\/uploads\/2025\/02\/solobar-solo-30000-2.webp\" sizes=\"auto, (max-width: 1024px) 100vw, 1024px\" srcset=\"https:\/\/alfakher24h.de\/wp-content\/uploads\/2025\/02\/solobar-solo-30000-2.webp 1024w, https:\/\/alfakher24h.de\/wp-content\/uploads\/2025\/02\/solobar-solo-30000-2-300x145.webp 300w, https:\/\/alfakher24h.de\/wp-content\/uploads\/2025\/02\/solobar-solo-30000-2-768x371.webp 768w, https:\/\/alfakher24h.de\/wp-content\/uploads\/2025\/02\/solobar-solo-30000-2-18x9.webp 18w, https:\/\/alfakher24h.de\/wp-content\/uploads\/2025\/02\/solobar-solo-30000-2-600x289.webp 600w\" alt=\"Solobar Solo 30000 de trageri E-\u021bigaret\u0103 de unic\u0103 folosin\u021b\u0103 - Mango Ice \" width=\"1024\" height=\"494\" \/><\/h2>\n<h3>Descriere detaliat\u0103 a gustului Mango Ice<\/h3>\n<p>Unul dintre cei mai remarcabili\u00a0<strong>Aromele<\/strong>\u00a0der\u00a0<a href=\"https:\/\/alfakher24h.de\/ro\/\"><strong>Solobar Solo 30000 de trageri E-\u021bigaret\u0103 de unic\u0103 folosin\u021b\u0103<\/strong><\/a>\u00a0este\u00a0<strong>Mango Ice<\/strong>Aceast\u0103 compozi\u021bie de gust combin\u0103 dulcea\u021ba tropical\u0103 a\u00a0<strong>Mango<\/strong>\u00a0cu un prospe\u021bime\u00a0<strong>Gust de \u00eenghe\u021bat\u0103<\/strong>Ce a condus la un\u7279\u522b\u00a0<strong>r\u0103cire<\/strong>dar\u00a0<strong>dulce-\u0219tiin\u021bific \n Nu,  fructat \u0219i dulce<\/strong>\u00a0Experien\u021b\u0103 de aburi.<\/p>\n<h4>Mango: O explozie de fructe<\/h4>\n<p>Die\u00a0<strong>Mango<\/strong>\u00a0este cunoscut\u0103 pentru dulcea\u021ba sa intens\u0103 \u0219i gustul exotic. Fiecare \u021bigar\u0103\u00a0<strong>Mango Ice<\/strong>\u00a0E-Zigarette aduce savoarea complet\u0103 a unei\u00a0<strong>mango recoltate la maturitate<\/strong>\u00a0vine \u00een eviden\u021b\u0103, r\u0103sf\u0103\u021b\u00e2nd sim\u021burile cu dulcea\u021ba sa proasp\u0103t\u0103 \u0219i suculent\u0103. Gustul natural al mango-ului r\u0103m\u00e2ne astfel minunat de autentic \u0219i nefalsificat, ceea ce confer\u0103 experien\u021bei de vapare o dimensiune r\u0103coritoare \u0219i totu\u0219i bogat\u0103.<\/p>\n<h4>Ghea\u021b\u0103: Lovitura r\u0103coritoare<\/h4>\n<p>Die\u00a0<strong>Ghea\u021b\u0103<\/strong>-Note confer\u0103 gustului o r\u0103coare pl\u0103cut\u0103, care este deosebit de apreciat\u0103 \u00een zilele c\u0103lduroase de var\u0103 sau pentru cei care iubesc\u00a0<strong>efect de r\u0103cire<\/strong>\u00a0ofer\u0103 o r\u0103corire binevenit\u0103. Acest efect r\u0103coritor completeaz\u0103 perfect experien\u021ba gustativ\u0103 \u0219i asigur\u0103 un\u00a0<strong>echilibrat<\/strong>dar, dar \u00een acela\u0219i timp \u0219i vaporizare intens\u0103. Interac\u021biunea dintre\u00a0<strong>dulce mango<\/strong>\u00a0\u0219i\u00a0<strong>ghea\u021b\u0103 r\u0103coritoare<\/strong>\u00a0creeaz\u0103 un echilibru armonios \u00eentre prospe\u021bime \u0219i fructozitate, care potole\u0219te setea de pl\u0103cere pe tot parcursul zilei.<\/p>\n<h4>Amestec perfect pentru toate gusturile<\/h4>\n<p>Die\u00a0<strong>Mango Ice<\/strong>Aceast\u0103 combina\u021bie de arome este potrivit\u0103 pentru toat\u0103 lumea care caut\u0103 o experien\u021b\u0103 de vaporizare fructat\u0103 \u0219i r\u0103coritoare. Indiferent dac\u0103 sunte\u021bi un vaporizator experimentat sau abia \u00eencepe\u021bi - aceast\u0103 arom\u0103 v\u0103 ofer\u0103 echilibrul perfect \u00eentre prospe\u021bime \u0219i dulcea\u021b\u0103. Combina\u021bia de mango \u0219i ghea\u021b\u0103 v\u0103 asigur\u0103 c\u0103 nu ve\u021bi mai c\u0103uta niciodat\u0103 o alt\u0103 arom\u0103. Fiecare vapoare este o mic\u0103 aventur\u0103 pentru sim\u021buri!<\/p>\n<h3>De ce ar trebui s\u0103 cump\u0103ra\u021bi e-\u021bigara de unic\u0103 folosin\u021b\u0103 Solobar Solo 30000 de pufuri de pe alfakher24h.de?<\/h3>\n<p>alfakher24h.de este principala pia\u021b\u0103 online pentru <strong>E-\u021bigarete de unic\u0103 folosin\u021b\u0103 \u00een Germania<\/strong>Dac\u0103 sunte\u021bi \u00een c\u0103utarea unei\u00a0<strong>\u021bigar\u0103 electronic\u0103 de \u00eenalt\u0103 calitate<\/strong>\u00a0sunt, pe care le g\u0103si\u021bi \u00een\u00a0<strong>Deutschland<\/strong>\u00a0pute\u021bi cump\u0103ra rapid \u0219i \u00een siguran\u021b\u0103, platforma noastr\u0103 este alegerea ideal\u0103. Nu numai c\u0103 oferim produse de prim\u0103 clas\u0103\u00a0<strong>Vapes<\/strong>ci \u0219i un serviciu excelent pentru clien\u021bi \u0219i o procesare a comenzilor u\u0219or de utilizat.<\/p>\n<h3>Vantaje la cump\u0103rarea pe <a href=\"https:\/\/alfakher24h.de\/ro\/\">alfakher24h.de<\/a><\/h3>\n<ul>\n<li><strong>Livrare rapid\u0103<\/strong>: Comanda dvs. va fi livrat\u0103 rapid \u0219i \u00een siguran\u021b\u0103.<\/li>\n<li><strong>Vast\u0103 selec\u021bie<\/strong>G\u0103si\u021bi o selec\u021bie imens\u0103 de\u00a0<strong>Vape de unic\u0103 folosin\u021b\u0103<\/strong>\u00a0\u0219i accesorii.<\/li>\n<li><strong>Plat\u0103 sigur\u0103<\/strong>: Oferim metode de plat\u0103 sigure pentru comenzile dvs.<\/li>\n<li><strong>Suport clien\u021bi<\/strong>Echipa noastr\u0103 de asisten\u021b\u0103 prietenoas\u0103 v\u0103 va ajuta cu pl\u0103cere la toate \u00eentreb\u0103rile legate de comand\u0103.<\/li>\n<\/ul>\n<h3>Concluzie: Solobar Solo 30000 de trageri E-\u021bigar\u0103 de unic\u0103 folosin\u021b\u0103 - Alegerea pentru vapori preten\u021bio\u0219i<\/h3>\n<p>Die\u00a0<strong>Solobar Solo 30000 de trageri E-\u021bigar\u0103 de unic\u0103 folosin\u021b\u0103<\/strong>\u00a0este una dintre\u00a0<strong>Cele mai bune \u021big\u0103ri electronice de pe pia\u021b\u0103<\/strong>cu o durat\u0103 de via\u021b\u0103 lung\u0103, un\u00a0<strong>gust bogat<\/strong>\u00a0\u0219i caracteristici inovatoare, acest model este o alegere excelent\u0103 pentru to\u021bi cei care doresc s\u0103 ridice vape-ul la urm\u0103torul nivel. Dac\u0103 sunte\u021bi \u00een c\u0103utarea unui produs de \u00eencredere \u0219i cu un gust bun,\u00a0<strong>E-\u021bigaret\u0103 de unic\u0103 folosin\u021b\u0103<\/strong>\u00a0c\u0103uta, ar trebui s\u0103\u00a0<strong>Solobar Solo 30000 Z\u00fcge \n\nbecum original, f\u0103r\u0103 modific\u0103ri - Solobar Solo 30000 Zug este deja \u00een limba german\u0103 \u0219i se traduce \u00een acela\u0219i mod \u00een rom\u00e2n\u0103, deci r\u0103m\u00e2ne acela\u0219i: Solobar Solo 30000 de trageri \/ \u00een varianta tradus\u0103 \u00een limba rom\u00e2n\u0103 r\u0103m\u00e2ne  Solobar Solo 30000 Z\u00fcge<\/strong>\u00a0unbedingt ausprobieren. Besuchen Sie noch heute alfakher24h.de und kaufen Sie die\u00a0<strong>cea mai bun\u0103 \u021bigar\u0103 electronic\u0103 de unic\u0103 folosin\u021b\u0103<\/strong>\u00a0\u00een Germania.<\/p>","protected":false},"excerpt":{"rendered":"<p><strong>Solobar Solo 30000 de trageri E-\u021bigar\u0103 de unic\u0103 folosin\u021b\u0103<\/strong>\u00a0este una dintre\u00a0<strong>Cele mai bune \u021big\u0103ri electronice de pe pia\u021b\u0103<\/strong>cu o durat\u0103 de via\u021b\u0103 lung\u0103, un\u00a0<strong>gust bogat<\/strong>\u00a0\u0219i caracteristici inovatoare, acest model este o alegere excelent\u0103 pentru to\u021bi cei care doresc s\u0103 duc\u0103 vape-ul la nivelul urm\u0103tor<\/p>","protected":false},"featured_media":1601,"comment_status":"open","ping_status":"closed","template":"","meta":{"om_disable_all_campaigns":false},"product_brand":[],"product_cat":[41],"product_tag":[],"class_list":{"0":"post-1600","1":"product","2":"type-product","3":"status-publish","4":"has-post-thumbnail","6":"product_cat-solobar-solo-30000","8":"first","9":"outofstock","10":"shipping-taxable","11":"purchasable","12":"product-type-simple"},"_links":{"self":[{"href":"https:\/\/alfakher24h.de\/ro\/wp-json\/wp\/v2\/product\/1600","targetHints":{"allow":["GET"]}}],"collection":[{"href":"https:\/\/alfakher24h.de\/ro\/wp-json\/wp\/v2\/product"}],"about":[{"href":"https:\/\/alfakher24h.de\/ro\/wp-json\/wp\/v2\/types\/product"}],"replies":[{"embeddable":true,"href":"https:\/\/alfakher24h.de\/ro\/wp-json\/wp\/v2\/comments?post=1600"}],"wp:featuredmedia":[{"embeddable":true,"href":"https:\/\/alfakher24h.de\/ro\/wp-json\/wp\/v2\/media\/1601"}],"wp:attachment":[{"href":"https:\/\/alfakher24h.de\/ro\/wp-json\/wp\/v2\/media?parent=1600"}],"wp:term":[{"taxonomy":"product_brand","embeddable":true,"href":"https:\/\/alfakher24h.de\/ro\/wp-json\/wp\/v2\/product_brand?post=1600"},{"taxonomy":"product_cat","embeddable":true,"href":"https:\/\/alfakher24h.de\/ro\/wp-json\/wp\/v2\/product_cat?post=1600"},{"taxonomy":"product_tag","embeddable":true,"href":"https:\/\/alfakher24h.de\/ro\/wp-json\/wp\/v2\/product_tag?post=1600"}],"curies":[{"name":"wp","href":"https:\/\/api.w.org\/{rel}","templated":true}]}}