{"id":1596,"date":"2025-02-05T05:04:03","date_gmt":"2025-02-05T05:04:03","guid":{"rendered":"https:\/\/alfakher24h.de\/?post_type=product&#038;p=1596"},"modified":"2025-05-21T05:11:14","modified_gmt":"2025-05-21T05:11:14","slug":"solobar-solo-30000-zuege-einweg-e-cigarette-watermelon-ice","status":"publish","type":"product","link":"https:\/\/alfakher24h.de\/ro\/produs\/solobar-solo-30000-zuege-einweg-e-cigarette-watermelon-ice\/","title":{"rendered":"Solobar Solo 30000 de trageri E-\u021bigar\u0103 de unic\u0103 folosin\u021b\u0103 \u2013 Gust de pepene verde \u00eenghe\u021bat"},"content":{"rendered":"<div style=\"width: 1020px;\" class=\"wp-video\"><video class=\"wp-video-shortcode\" id=\"video-1596-1\" width=\"1020\" height=\"574\" preload=\"metadata\" controls=\"controls\"><source type=\"video\/mp4\" src=\"https:\/\/alfakher24h.de\/wp-content\/uploads\/2025\/02\/solobar-solo-30000-2.mp4?_=1\" \/><a href=\"https:\/\/alfakher24h.de\/wp-content\/uploads\/2025\/02\/solobar-solo-30000-2.mp4\">https:\/\/alfakher24h.de\/wp-content\/uploads\/2025\/02\/solobar-solo-30000-2.mp4<\/a><\/video><\/div>\n<h2><strong>Solobar Solo 30000 de trageri  E-\u021bigar\u0103 de unic\u0103 folosin\u021b\u0103 \u2013 Alegerea suprem\u0103 pentru vapori \u00een Germania<\/strong><\/h2>\n<p>Die\u00a0<a href=\"https:\/\/alfakher24h.de\/ro\/\"><strong>Solobar Solo 30000 de trageri E-\u021bigar\u0103 de unic\u0103 folosin\u021b\u0103<\/strong><\/a>\u00a0Este o adev\u0103rat\u0103 oper\u0103 maestral\u0103 a lumii vape. Pentru vapori care caut\u0103 un produs inovativ, u\u0219or de utilizat \u0219i puternic, aceast\u0103 \u021bigar\u0103 electronic\u0103 de unic\u0103 folosin\u021b\u0103 ofer\u0103 o experien\u021b\u0103 de vaporizare de neegalat. Cu 30.000 de trageri, o reglare precis\u0103 a fluxului de aer \u0219i o tehnologie avansat\u0103 de bobin\u0103 dual\u0103 Mesh, Solobar Solo 30000 se diferen\u021biaz\u0103 de alte \u021big\u0103ri electronice de unic\u0103 folosin\u021b\u0103 de pe pia\u021b\u0103. S\u0103 descoperim numeroasele caracteristici \u0219i avantaje ale acestui produs \u00een detaliu.<\/p>\n<hr \/>\n<h3><strong>Descrierea produsului<\/strong><\/h3>\n<p>Die\u00a0<strong>Solobar Solo 30000 de trageri E-\u021bigar\u0103 de unic\u0103 folosin\u021b\u0103<\/strong>\u00a0este mai mult dec\u00e2t o \u021bigar\u0103 electronic\u0103 de unic\u0103 folosin\u021b\u0103 conven\u021bional\u0103. A fost special conceput\u0103 pentru vapori care caut\u0103 o durabilitate lung\u0103, performan\u021b\u0103 excelent\u0103 \u0219i o experien\u021b\u0103 de gust de neegalat. Cu impresionanta sa num\u0103r\u0103toare de\u00a0<strong>30.000 de trenuri<\/strong>\u00a0\u0219i unul\u00a0<strong>Baterie re\u00eenc\u0103rcabil\u0103 de 880 mAh<\/strong>\u00a0Este ideal\u0103 pentru cei care vapeaz\u0103 regulat, dar vor s\u0103 utilizeze cu u\u0219urin\u021ba unui vape de unic\u0103 folosin\u021b\u0103.<\/p>\n<p><strong>Ce face Solobar Solo-ul at\u00e2t de special?<\/strong><\/p>\n<p>Die\u00a0<strong>Solobar Solo 30000 de trageri E-\u021bigar\u0103 de unic\u0103 folosin\u021b\u0103<\/strong>\u00a0ofer\u0103 o varietate de func\u021bii care o fac un produs de top pe pia\u021ba pentru\u00a0<strong>E-\u021bigarete de unic\u0103 folosin\u021b\u0103 \u00een Germania<\/strong>\u00a0face:<\/p>\n<ul>\n<li><strong>Ecran LED:<\/strong>\u00a0Ecranul LED afi\u0219eaz\u0103 trenurile r\u0103mase \u0219i starea bateriei, astfel \u00eenc\u00e2t s\u0103 \u0219ti\u021bi \u00eentotdeauna exact c\u00e2nd este timpul s\u0103 \u00eenc\u0103rca\u021bi sau s\u0103 \u00eenlocui\u021bi dispozitivul.<\/li>\n<li><strong>30.000 trenuri:<\/strong>\u00a0Cu o cantitate remarcabil\u0103 de 30.000 de pufuri, aceast\u0103 \u021bigar\u0103 electronic\u0103 de unic\u0103 folosin\u021b\u0103 este conceput\u0103 pentru a dura mult timp \u0219i pentru a acoperi necesarul zilnic de vapoare.<\/li>\n<li><strong>Reglarea fluxului de aer:<\/strong>\u00a0Reglarea precis\u0103 a fluxului de aer permite adaptarea rezisten\u021bei fluxului de aer \u00een func\u021bie de dorin\u021b\u0103 \u0219i astfel individualizarea experien\u021bei de vaporizare.<\/li>\n<li><strong>10-30W putere de ie\u0219ire:<\/strong>\u00a0O putere de ie\u0219ire variabil\u0103 asigur\u0103 c\u0103 dispozitivul poate fi adaptat pentru o vaporizare mai intens\u0103 sau mai bl\u00e2nd\u0103, \u00een func\u021bie de preferin\u021be.<\/li>\n<li><strong>Baterie re\u00eenc\u0103rcabil\u0103 de 880 mAh:<\/strong>\u00a0Bateria puternic\u0103 garanteaz\u0103 o durat\u0103 de via\u021b\u0103 lung\u0103, \u00een timp ce posibilitatea de a \u00eenc\u0103rca dispozitivul asigur\u0103 c\u0103 pl\u0103cerea nu este niciodat\u0103 \u00eentrerupt\u0103.<\/li>\n<li><strong>Lumin\u0103 ambiental\u0103 Pornit\/Oprit:<\/strong>\u00a0Posibilitatea de a activa sau dezactiva lumina ambiental\u0103 adaug\u0103 o not\u0103 suplimentar\u0103 experien\u021bei de vaping \u0219i face Solobar Solo extrem de stilat\u0103.<\/li>\n<li><strong>Tehnologie cu bobin\u0103 dubl\u0103:<\/strong>\u00a0Aceast\u0103 tehnologie asigur\u0103 o vaporizare uniform\u0103 \u0219i intensiv\u0103, ceea ce intensific\u0103 gustul \u0219i face experien\u021ba de vaporizare mai pl\u0103cut\u0103.<\/li>\n<li><strong>Pentru \u00eencep\u0103tori:<\/strong>\u00a0Solobar Solo este perfect\u0103 pentru \u00eencep\u0103tori. Este u\u0219or de utilizat, nu necesit\u0103 set\u0103ri complicate \u0219i ofer\u0103 totu\u0219i o experien\u021b\u0103 de vaporizare excep\u021bional\u0103.<\/li>\n<\/ul>\n<p>Cu ajutorul\u00a0<strong>Solobar Solo 30000 de trageri E-\u021bigaret\u0103 de unic\u0103 folosin\u021b\u0103<\/strong>\u00a0Ave\u021bi dispozitivul ideal pentru o experien\u021b\u0103 de vaporizare confortabil\u0103 \u0219i de lung\u0103 durat\u0103 \u00een Germania. Bucura\u021bi-v\u0103 de senza\u021bia unic\u0103 pe care o ofer\u0103 aceast\u0103 \u021bigar\u0103 electronic\u0103 de unic\u0103 folosin\u021b\u0103 \u0219i l\u0103sa\u021bi-v\u0103 convins de calitatea excep\u021bional\u0103 a acesteia.<\/p>\n<h2><img loading=\"lazy\" decoding=\"async\" class=\"alignnone wp-image-1853 size-full\" title=\"Solobar Solo 30000 de trageri E-\u021bigaret\u0103 de unic\u0103 folosin\u021b\u0103 - Gust de pepene verde \u00eenghe\u021bat 2\" src=\"https:\/\/alfakher24h.de\/wp-content\/uploads\/2025\/02\/solobar-solo-30000-2.webp\" sizes=\"auto, (max-width: 1024px) 100vw, 1024px\" srcset=\"https:\/\/alfakher24h.de\/wp-content\/uploads\/2025\/02\/solobar-solo-30000-2.webp 1024w, https:\/\/alfakher24h.de\/wp-content\/uploads\/2025\/02\/solobar-solo-30000-2-300x145.webp 300w, https:\/\/alfakher24h.de\/wp-content\/uploads\/2025\/02\/solobar-solo-30000-2-768x371.webp 768w, https:\/\/alfakher24h.de\/wp-content\/uploads\/2025\/02\/solobar-solo-30000-2-18x9.webp 18w, https:\/\/alfakher24h.de\/wp-content\/uploads\/2025\/02\/solobar-solo-30000-2-600x289.webp 600w\" alt=\"Solobar Solo 30000 de trageri E-\u021bigaret\u0103 de unic\u0103 folosin\u021b\u0103 - Gust de pepene verde \u00eenghe\u021bat \" width=\"1024\" height=\"494\" \/><\/h2>\n<h3><strong>Caracteristici detaliate ale produsului<\/strong><\/h3>\n<p>Die\u00a0<strong>Solobar Solo 30000 de trageri E-\u021bigaret\u0103 de unic\u0103 folosin\u021b\u0103<\/strong>\u00a0convinse printr-o serie de caracteristici g\u00e2ndite special pentru a v\u0103 \u00eembun\u0103t\u0103\u021bi experien\u021ba de vaporizare:<\/p>\n<h4>1.\u00a0<strong>Ecran LED<\/strong><\/h4>\n<p>Ecranul LED integrat v\u0103 afi\u0219eaz\u0103 num\u0103rul de curse r\u0103mase, precum \u0219i starea bateriei. Astfel, pute\u021bi p\u0103stra \u00eentotdeauna controlul \u0219i pute\u021bi utiliza dispozitivul \u00een mod eficient, f\u0103r\u0103 surprize nepl\u0103cute.<\/p>\n<h4>2.\u00a0<strong>30.000 trenuri<\/strong><\/h4>\n<p>Cu un num\u0103r de trenuri de\u00a0<strong>30.000 de trenuri<\/strong>\u00a0Acest vape de unic\u0103 folosin\u021b\u0103 ofer\u0103 o durat\u0103 de via\u021b\u0103 excep\u021bional de lung\u0103. Este alegerea perfect\u0103 pentru to\u021bi cei care vaporizeaz\u0103 frecvent \u0219i caut\u0103 un \u00eenso\u021bitor de \u00eencredere.<\/p>\n<h4>3.\u00a0<strong>Reglarea fluxului de aer<\/strong><\/h4>\n<p>Cu ajutorul controlului fluxului de aer, pute\u021bi ajusta vaporizarea \u00een modul dorit. Dori\u021bi o produc\u021bie de vapori mai intens\u0103 sau o inhalare mai lin\u0103? Aceast\u0103 \u021bigar\u0103 electronic\u0103 de unic\u0103 folosin\u021b\u0103 v\u0103 ofer\u0103 toate libert\u0103\u021bile pentru a v\u0103 personaliza experien\u021ba de vaporizare \u00een func\u021bie de preferin\u021bele dvs.<\/p>\n<h4>4.\u00a0<strong>Baterie puternic\u0103 (880 mAh)<\/strong><\/h4>\n<p>Re\u00eenc\u0103rcabil\u0103\u00a0<strong>Baterie 880 mAh<\/strong>\u00a0v\u0103 asigur\u0103 c\u0103 pute\u021bi vapora mult timp cu dispozitivul dvs. Chiar \u0219i atunci c\u00e2nd bateria este pe punctul de a se epuiza, o pute\u021bi pur \u0219i simplu re\u00eenc\u0103rca \u0219i continua s\u0103 vapora\u021bi.<\/p>\n<h4>5.\u00a0<strong>Dual-Mesh-Coil<\/strong><\/h4>\n<p>Datorit\u0103\u00a0<strong>Tehnologie cu bobin\u0103 dubl\u0103<\/strong>\u00a0Experimenta\u021bi o vaporizare \u0219i mai uniform\u0103 \u0219i un gust mai intens. Bobinele din plas\u0103 asigur\u0103 c\u0103 gustul este distribuit uniform, ceea ce cre\u0219te considerabil pl\u0103cerea fiec\u0103rui puf.<\/p>\n<h4>6.\u00a0<strong>Func\u021bie de lumin\u0103 ambiental\u0103<\/strong><\/h4>\n<p>Die\u00a0<strong>Func\u021bie de lumin\u0103 ambiental\u0103<\/strong>\u00a0Ofer\u0103 o experien\u021b\u0103 vizual\u0103 suplimentar\u0103 vape-ului dvs. Ajusta\u021bi atmosfera cu o func\u021bie simpl\u0103 de comutare \u0219i bucura\u021bi-v\u0103 de o experien\u021b\u0103 de vaporizare stilizat\u0103.<\/p>\n<h4>7.\u00a0<strong>Prietenos pentru \u00eencep\u0103tori<\/strong><\/h4>\n<p>Die\u00a0<strong>Solobar Solo 30000 de trageri E-\u021bigar\u0103 de unic\u0103 folosin\u021b\u0103<\/strong>\u00a0Este deosebit de potrivit\u0103 pentru \u00eencep\u0103tori. Ea ofer\u0103 toate func\u021biile necesare pentru o manipulare u\u0219oar\u0103 \u0219i, \u00een acela\u0219i timp, o performan\u021b\u0103 remarcabil\u0103.<\/p>\n<hr \/>\n<h3><strong>Experien\u021b\u0103 de gust - Solobar Solo 30000 de trageri  E-\u021bigar\u0103 de unic\u0103 folosin\u021b\u0103: Watermelon Ice<\/strong><\/h3>\n<p>Un punct culminant decisiv al<a href=\"https:\/\/alfakher24h.de\/ro\/\">\u00a0<strong>Solobar Solo 30000 de trageri E-\u021bigar\u0103 de unic\u0103 folosin\u021b\u0103<\/strong>\u00a0<\/a>este experien\u021ba de gust. E-\u021bigara vine cu cea unic\u0103\u00a0<strong>Watermelon Ice<\/strong>O arom\u0103 care v\u0103 r\u0103sf\u0103\u021b\u0103 papilele gustative cu un amestec r\u0103coritor de pepene verde dulce \u0219i o not\u0103 rece de ghea\u021b\u0103.<\/p>\n<h4><strong>Pepene verde<\/strong><\/h4>\n<p>Gustul de pepene verde proasp\u0103t este deosebit de aromat \u0219i dulce \u00een compara\u021bie cu multe alte fructe. Fiecare inhalare te aminte\u0219te de gustul plin \u0219i suculent al celor mai coapte pepene verde, care sunt recoltate vara. Aceast\u0103 dulcea\u021b\u0103 natural\u0103 se armonizeaz\u0103 perfect cu prospe\u021bimea pe care o adaug\u0103 elementul de ghea\u021b\u0103.<\/p>\n<h3><strong>Ghea\u021b\u0103<\/strong><\/h3>\n<p>Der\u00a0<strong>Ghea\u021b\u0103<\/strong>Efectul asigur\u0103 o senza\u021bie de r\u0103coare \u0219i prospe\u021bime \u00een gur\u0103. Combina\u021bia de pepene verde dulce \u0219i prospe\u021bimea \u00eenghe\u021bat\u0103 face vaporizarea o experien\u021b\u0103 deosebit\u0103, care nu numai c\u0103 potole\u0219te setea, ci \u0219i asigur\u0103 o r\u0103cire revigorant\u0103. Este gustul perfect pentru cei care caut\u0103 un echilibru \u00eentre prospe\u021bime \u0219i fructozitate.<\/p>\n<p><strong>Watermelon Ice<\/strong>\u00a0este o arom\u0103 care provoac\u0103 imediat emo\u021bii pozitive. Efectul r\u0103coritor de r\u0103ceal\u0103, combinat cu dulcea\u021ba fructat\u0103, face ca fiecare vapoare s\u0103 fie o pl\u0103cere. Aceast\u0103 arom\u0103 este ideal\u0103 pentru \u00eentreaga zi - indiferent dac\u0103 v\u0103 relaxa\u021bi sau sunte\u021bi activ \u00een deplasare.<\/p>\n<hr \/>\n<h3><strong>De ce ar trebui s\u0103 cump\u0103ra\u021bi e-\u021bigara de unic\u0103 folosin\u021b\u0103 Solobar Solo 30000 de pufuri?<\/strong><\/h3>\n<p>Exist\u0103 multe motive pentru care\u00a0<strong>Solobar Solo 30000 Z\u00fcge \n\nbecum original, f\u0103r\u0103 modific\u0103ri - Solobar Solo 30000 Zug este deja \u00een limba german\u0103 \u0219i se traduce \u00een acela\u0219i mod \u00een rom\u00e2n\u0103, deci r\u0103m\u00e2ne acela\u0219i: Solobar Solo 30000 de trageri \/ \u00een varianta tradus\u0103 \u00een limba rom\u00e2n\u0103 r\u0103m\u00e2ne  Solobar Solo 30000 Z\u00fcge <a href=\"https:\/\/alfakher24h.de\/ro\/\">E-\u021bigaret\u0103 de unic\u0103 folosin\u021b\u0103<\/a><\/strong><a href=\"https:\/\/alfakher24h.de\/ro\/\">\u00a0<\/a>Cea mai bun\u0103 alegere pentru tine este:<\/p>\n<ol>\n<li><strong>Durabilitate<\/strong>\u00a0Cu 30.000 de trageri, aceast\u0103 \u021bigar\u0103 electronic\u0103 de unic\u0103 folosin\u021b\u0103 este una dintre cele mai durabile de pe pia\u021b\u0103 \u0219i ofer\u0103 o durabilitate lung\u0103 care acoper\u0103 necesarul zilnic.<\/li>\n<li><strong>Putere:<\/strong>\u00a0Die\u00a0<strong>Baterie re\u00eenc\u0103rcabil\u0103 880 mAh<\/strong>\u00a0\u0219i \nea\u00a0<strong>Tehnologie cu bobin\u0103 dubl\u0103<\/strong>\u00a0Asigur\u0103 o performan\u021b\u0103 de prim\u0103 clas\u0103 \u0219i o experien\u021b\u0103 de gust intens\u0103.<\/li>\n<li><strong>Utilitate pentru utilizator:<\/strong>\u00a0Die\u00a0<strong>Solobar Solo<\/strong>\u00a0Este perfect potrivit pentru \u00eencep\u0103tori \u0219i ofer\u0103 \u00een acela\u0219i timp func\u021bii avansate pentru vapori experimenta\u021bi.<\/li>\n<li><strong>Vielseitigkeit: \nVariabilitate; Diversitate; Polivalen\u021b\u0103; Versatilitate; Multifunc\u021bionalitate;<\/strong>\u00a0Cu func\u021bii precum\u00a0<strong>Reglarea fluxului de aer<\/strong>\u00a0\u0219i\u00a0<strong>Lumin\u0103 ambiental\u0103<\/strong>\u00a0Pute\u021bi personaliza experien\u021ba dvs. de vaporizare.<\/li>\n<li><strong>R\u0103coare proasp\u0103t\u0103:<\/strong>\u00a0Die\u00a0<strong>Watermelon Ice<\/strong>Arom\u0103 care ofer\u0103 o experien\u021b\u0103 de vaporizare r\u0103coritoare, de care v\u0103 pute\u021bi bucura toat\u0103 ziua.<\/li>\n<\/ol>\n<p>Dac\u0103 sunte\u021bi \u00een c\u0103utarea unui produs de \u00eenalt\u0103 calitate \u0219i durabil\u00a0<strong>E-\u021bigar\u0103 de unic\u0103 folosin\u021b\u0103 cu nicotin\u0103<\/strong>\u00a0atunci sunt, este\u00a0<strong>Solobar Solo 30000 de trageri E-\u021bigar\u0103 de unic\u0103 folosin\u021b\u0103<\/strong>\u00a0alegerea perfect\u0103. Cump\u0103ra\u021bi-v\u0103\u00a0<a href=\"https:\/\/alfakher24h.de\/ro\/\"><strong>E-\u021bigaret\u0103 de unic\u0103 folosin\u021b\u0103<\/strong><\/a> convenabil pe alfakher24h.de, furnizorul dvs. de \u00eencredere pentru\u00a0<strong>Vape de unic\u0103 folosin\u021b\u0103 \u00een Germania<\/strong>.<\/p>","protected":false},"excerpt":{"rendered":"<p>C\u0103uta\u021bi unul de \u00eenalt\u0103 calitate \u0219i durabil\u00a0<strong>E-\u021bigar\u0103 de unic\u0103 folosin\u021b\u0103 cu nicotin\u0103<\/strong>\u00a0atunci sunt, este\u00a0<strong>Solobar Solo 30000 de trageri E-\u021bigar\u0103 de unic\u0103 folosin\u021b\u0103<\/strong>\u00a0alegerea perfect\u0103. Cump\u0103ra\u021bi-v\u0103\u00a0<a href=\"https:\/\/alfakher24h.de\/ro\/\"><strong>E-\u021bigaret\u0103 de unic\u0103 folosin\u021b\u0103<\/strong><\/a> pe alfakher24h.de, comod,<\/p>","protected":false},"featured_media":1597,"comment_status":"open","ping_status":"closed","template":"","meta":{"om_disable_all_campaigns":false},"product_brand":[],"product_cat":[41],"product_tag":[],"class_list":{"0":"post-1596","1":"product","2":"type-product","3":"status-publish","4":"has-post-thumbnail","6":"product_cat-solobar-solo-30000","8":"first","9":"outofstock","10":"shipping-taxable","11":"purchasable","12":"product-type-simple"},"_links":{"self":[{"href":"https:\/\/alfakher24h.de\/ro\/wp-json\/wp\/v2\/product\/1596","targetHints":{"allow":["GET"]}}],"collection":[{"href":"https:\/\/alfakher24h.de\/ro\/wp-json\/wp\/v2\/product"}],"about":[{"href":"https:\/\/alfakher24h.de\/ro\/wp-json\/wp\/v2\/types\/product"}],"replies":[{"embeddable":true,"href":"https:\/\/alfakher24h.de\/ro\/wp-json\/wp\/v2\/comments?post=1596"}],"wp:featuredmedia":[{"embeddable":true,"href":"https:\/\/alfakher24h.de\/ro\/wp-json\/wp\/v2\/media\/1597"}],"wp:attachment":[{"href":"https:\/\/alfakher24h.de\/ro\/wp-json\/wp\/v2\/media?parent=1596"}],"wp:term":[{"taxonomy":"product_brand","embeddable":true,"href":"https:\/\/alfakher24h.de\/ro\/wp-json\/wp\/v2\/product_brand?post=1596"},{"taxonomy":"product_cat","embeddable":true,"href":"https:\/\/alfakher24h.de\/ro\/wp-json\/wp\/v2\/product_cat?post=1596"},{"taxonomy":"product_tag","embeddable":true,"href":"https:\/\/alfakher24h.de\/ro\/wp-json\/wp\/v2\/product_tag?post=1596"}],"curies":[{"name":"wp","href":"https:\/\/api.w.org\/{rel}","templated":true}]}}