{"id":1591,"date":"2025-02-05T04:56:12","date_gmt":"2025-02-05T04:56:12","guid":{"rendered":"https:\/\/alfakher24h.de\/?post_type=product&#038;p=1591"},"modified":"2025-05-21T05:11:14","modified_gmt":"2025-05-21T05:11:14","slug":"solobar-solo-30000-zuege-einweg-e-cigarette-strawberry-watermelon","status":"publish","type":"product","link":"https:\/\/alfakher24h.de\/ro\/produs\/solobar-solo-30000-zuege-einweg-e-cigarette-strawberry-watermelon\/","title":{"rendered":"Solobar Solo 30000 de trageri E-\u021bigaret\u0103 de unic\u0103 folosin\u021b\u0103 \u2013 Strawberry Watermelon"},"content":{"rendered":"<div style=\"width: 1020px;\" class=\"wp-video\"><video class=\"wp-video-shortcode\" id=\"video-1591-1\" width=\"1020\" height=\"574\" preload=\"metadata\" controls=\"controls\"><source type=\"video\/mp4\" src=\"https:\/\/alfakher24h.de\/wp-content\/uploads\/2025\/02\/solobar-solo-30000-2.mp4?_=1\" \/><a href=\"https:\/\/alfakher24h.de\/wp-content\/uploads\/2025\/02\/solobar-solo-30000-2.mp4\">https:\/\/alfakher24h.de\/wp-content\/uploads\/2025\/02\/solobar-solo-30000-2.mp4<\/a><\/video><\/div>\n<h2><strong><a href=\"https:\/\/alfakher24h.de\/ro\/\">Solobar Solo 30000 de trageri E-\u021bigaret\u0103 de unic\u0103 folosin\u021b\u0103<\/a> Viitorul vape-ului \u00een m\u00e2na dumneavoastr\u0103<\/strong><\/h2>\n<p>Die\u00a0<strong>Solobar Solo 30000 de trageri E-\u021bigar\u0103 de unic\u0103 folosin\u021b\u0103<\/strong>\u00a0este o solu\u021bie inovativ\u0103 pentru to\u021bi vaporii care caut\u0103 o experien\u021b\u0103 de neegalat \u0219i o performan\u021b\u0103 de lung\u0103 durat\u0103. Cu tehnologie de ultim\u0103 genera\u021bie \u0219i un design u\u0219or de utilizat, acest produs v\u0103 permite s\u0103 v\u0103 bucura\u021bi de vaporizare f\u0103r\u0103 complica\u021bii. Indiferent dac\u0103 sunte\u021bi un vaper experimentat sau un \u00eencep\u0103tor,\u00a0<a href=\"https:\/\/alfakher24h.de\/ro\/\"><strong>Solobar Solo 30000<\/strong>\u00a0<\/a>va dep\u0103\u0219i a\u0219tept\u0103rile \u0219i v\u0103 va oferi o experien\u021b\u0103 de necomparat.<\/p>\n<h3><strong>Descrierea produsului<\/strong><\/h3>\n<p>Die\u00a0<strong>Solobar Solo 30000 de trageri E-\u021bigar\u0103 de unic\u0103 folosin\u021b\u0103<\/strong>\u00a0a fost conceput special pentru a v\u0103 oferi o experien\u021b\u0103 de vaporizare lin\u0103 \u0219i pl\u0103cut\u0103. Cu impresionante\u00a0<strong>30.000 de trenuri<\/strong>\u00a0Aceast\u0103 \u021bigar\u0103 electronic\u0103 de unic\u0103 folosin\u021b\u0103 asigur\u0103 c\u0103 v\u0103 pute\u021bi bucura de o durat\u0103 de via\u021b\u0103 excep\u021bional de lung\u0103 \u00eenainte de a fi nevoie de \u00eenlocuirea ei. Acest lucru o face s\u0103 fie un companion ideal pentru utilizarea zilnic\u0103. Nu ave\u021bi nevoie de re\u00eenc\u0103rc\u0103ri suplimentare sau de \u00eentre\u021binere complicat\u0103 - doar despacheta\u021bi-o \u0219i \u00eencepe\u021bi s\u0103 o utiliza\u021bi!<\/p>\n<p>Datorit\u0103 designului avansat \u0219i a func\u021biilor puternice, aceast\u0103 \u021bigar\u0103 electronic\u0103 de unic\u0103 folosin\u021b\u0103 nu este numai ideal\u0103 pentru vapori experimenta\u021bi, ci \u0219i pentru \u00eencep\u0103tori.\u00a0<strong>Solobar Solo 30000<\/strong>\u00a0ofer\u0103 o combina\u021bie perfect\u0103 de u\u0219urin\u021b\u0103 \u00een utilizare \u0219i tehnologie.\u00a0<strong>Controlul fluxului de aer<\/strong>\u00a0v\u0103 permite s\u0103 personaliza\u021bi vaporizarea, astfel \u00eenc\u00e2t s\u0103 pute\u021bi bucura de exact cantitatea de vapori pe care o prefera\u021bi.<\/p>\n<p>Un alt punct culminant al\u00a0<strong>Solobar Solo 30000<\/strong>\u00a0este\u00a0<strong>Afi\u0219aj LED<\/strong>Ecran care ofer\u0103 o afi\u0219are clar\u0103 a nivelului bateriei \u0219i a num\u0103rului de trageri r\u0103mase. Cu\u00a0<strong>Baterie re\u00eenc\u0103rcabil\u0103 de 880 mAh<\/strong>\u00a0Pute\u021bi fi sigur c\u0103 experien\u021ba dvs. de vaporizare va dura \u00eentotdeauna mult timp. \u0218i c\u00e2nd bateria este aproape desc\u0103rcat\u0103, o pute\u021bi pur \u0219i simplu re\u00eenc\u0103rca pentru a continua s\u0103 v\u0103 bucura\u021bi de o performan\u021b\u0103 ne\u00eentrerupt\u0103.<\/p>\n<h3><strong>Caracteristici produs Solobar Solo 30000 de trag\u0103ri E-\u021bigar\u0103 de unic\u0103 folosin\u021b\u0103<\/strong><\/h3>\n<ul>\n<li><strong>Afi\u0219aj LED<\/strong>: Afi\u0219ajul LED arat\u0103 starea bateriei \u0219i num\u0103rul de pufuri r\u0103mase, astfel \u00eenc\u00e2t ve\u021bi \u0219ti \u00eentotdeauna c\u00e2t timp pute\u021bi continua s\u0103 vapezi.<\/li>\n<li><strong>30.000 trenuri<\/strong>: Cu un num\u0103r remarcabil de 30.000 de pufuri, aceast\u0103 \u021bigar\u0103 electronic\u0103 de unic\u0103 folosin\u021b\u0103 ofer\u0103 o durat\u0103 de via\u021b\u0103 extrem de lung\u0103 care nu v\u0103 va dezam\u0103gi.<\/li>\n<li><strong>Controlul fluxului de aer<\/strong>: Regla\u021bi fluxul de aer pentru a personaliza vaporizarea exact dup\u0103 gustul dvs. - pentru o vaporizare dens\u0103 sau o inhalare mai u\u0219oar\u0103.<\/li>\n<li><strong>10-30W ie\u0219ire de putere<\/strong>: Gama de putere de 10-30W v\u0103 asigur\u0103 c\u0103 pute\u021bi atinge \u00eentotdeauna puterea de abur \u0219i c\u0103ldura dorit\u0103, pentru a v\u0103 bucura de experien\u021ba perfect\u0103 de vaporizare.<\/li>\n<li><strong>Baterie re\u00eenc\u0103rcabil\u0103 880 mAh<\/strong>Bateria puternic\u0103 \u0219i de lung\u0103 durat\u0103 asigur\u0103 c\u0103 dispozitivul dvs.\u00a0<strong>Solobar Solo 30000<\/strong>\u00a0O \u021bigar\u0103 electronic\u0103 de unic\u0103 folosin\u021b\u0103 func\u021bioneaz\u0103 fiabil toat\u0103 ziua.<\/li>\n<li><strong>Lumin\u0103 ambiental\u0103 Pornit\/Oprit<\/strong>: Activa\u021bi sau dezactiva\u021bi lumina ambiental\u0103 dup\u0103 bunul plac pentru a v\u0103 personaliza \u0219i mai mult experien\u021ba de vaping.<\/li>\n<li><strong>Dual Mesh Coil<\/strong>: Bobina Dual-Mesh asigur\u0103 un gust uniform \u0219i intens, care face vaporizarea \u0219i mai pl\u0103cut\u0103.<\/li>\n<li><strong>Prietenos pentru \u00eencep\u0103tori<\/strong>: Utilizarea prietenoas\u0103 cu utilizatorul face ca acesta s\u0103 fie u\u0219or de utilizat chiar \u0219i pentru \u00eencep\u0103tori,\u00a0<strong>Solobar Solo 30000<\/strong>\u00a0s\u0103 vapezi f\u0103r\u0103 s\u0103 trebuiasc\u0103 s\u0103 te \u00eengrijorezi cu privire la set\u0103rile complicate.<\/li>\n<\/ul>\n<h3><strong>De ce Solobar Solo 30000 de trageri E-\u021bigar\u0103 de unic\u0103 folosin\u021b\u0103 este cea mai bun\u0103 alegere<\/strong><\/h3>\n<p>Die\u00a0<strong>Solobar Solo 30000 de trageri E-\u021bigar\u0103 de unic\u0103 folosin\u021b\u0103<\/strong>\u00a0Se caracterizeaz\u0103 prin prelucrarea sa de \u00eenalt\u0103 calitate \u0219i manipularea u\u0219oar\u0103. \u00cen compara\u021bie cu \u021big\u0103rile electronice conven\u021bionale, ofer\u0103 o performan\u021b\u0103 superioar\u0103 \u0219i o durat\u0103 de via\u021b\u0103 lung\u0103, care v\u0103 permit s\u0103 experimenta\u021bi vaporizarea \u00eentr-un mod complet nou.<\/p>\n<p>Die\u00a0<strong>Controlul fluxului de aer<\/strong>\u00a0\u0219i cel\u00a0<strong>Bobin\u0103 performant\u0103<\/strong>\u00a0asigur\u0103 un gust intens constant, care v\u0103 va r\u0103sf\u0103\u021ba la fiecare \u021bigar\u0103. \u00cen acela\u0219i timp, este\u00a0<strong>Solobar Solo 30000<\/strong>\u00a0ideal pentru to\u021bi cei care caut\u0103 o modalitate simpl\u0103, dar foarte eficient\u0103 de a lucra cu\u00a0<strong>Nikotin\u0103<\/strong>\u00a0s\u0103 vapeze f\u0103r\u0103 s\u0103 se preocupe de \u00eentre\u021binere sau de set\u0103ri complicate.<\/p>\n<h4><strong>Durabilitate \u0219i simplitate<\/strong><\/h4>\n<p>Una dintre cele mai remarcabile propriet\u0103\u021bi ale\u00a0<strong>Solobar Solo 30000<\/strong>\u00a0lor excep\u021bional\u0103\u00a0<strong>Durabilitate<\/strong>Cu 30.000 de pufuri, pute\u021bi utiliza e-\u021bigara pentru o perioad\u0103 mai lung\u0103 de timp \u00eenainte de a fi nevoie s\u0103 o \u00eenlocui\u021bi. Acesta este un avantaj clar \u00een compara\u021bie cu alte e-\u021big\u0103ri de unic\u0103 folosin\u021b\u0103, care adesea ofer\u0103 doar un num\u0103r limitat de pufuri.<\/p>\n<h4><strong>Experien\u021be optime de gust<\/strong><\/h4>\n<p>Bobina Dual Mesh \u0219i controlul excelent al fluxului de aer asigur\u0103 o dezvoltare uniform\u0103 a vaporilor \u0219i un gust intens. Acest lucru v\u0103 permite s\u0103 aprecia\u021bi \u00eentregul poten\u021bial al fiec\u0103rui arom\u0103, f\u0103r\u0103 ca gustul s\u0103 fie falsificat sau diluat. Indiferent dac\u0103 dori\u021bi s\u0103\u00a0<strong>Solobar Solo 30000<\/strong>\u00a0ca o ocazie de relaxare sau ca \u00eenso\u021bitor pe parcursul zilei de lucru \u2013 vaparea devine o adev\u0103rat\u0103 pl\u0103cere.<\/p>\n<p><img loading=\"lazy\" decoding=\"async\" class=\"alignnone size-full wp-image-1855\" title=\"Solobar Solo 30000 de trageri E-\u021bigaret\u0103 de unic\u0103 folosin\u021b\u0103 - Strawberry Watermelon 2\" src=\"https:\/\/alfakher24h.de\/wp-content\/uploads\/2025\/02\/solobar-solo-30000-4.webp\" sizes=\"auto, (max-width: 1024px) 100vw, 1024px\" srcset=\"https:\/\/alfakher24h.de\/wp-content\/uploads\/2025\/02\/solobar-solo-30000-4.webp 1024w, https:\/\/alfakher24h.de\/wp-content\/uploads\/2025\/02\/solobar-solo-30000-4-300x174.webp 300w, https:\/\/alfakher24h.de\/wp-content\/uploads\/2025\/02\/solobar-solo-30000-4-768x446.webp 768w, https:\/\/alfakher24h.de\/wp-content\/uploads\/2025\/02\/solobar-solo-30000-4-18x10.webp 18w, https:\/\/alfakher24h.de\/wp-content\/uploads\/2025\/02\/solobar-solo-30000-4-600x348.webp 600w\" alt=\"Solobar Solo 30000 de trageri E-\u021bigaret\u0103 de unic\u0103 folosin\u021b\u0103 - C\u0103p\u0219uni \u0219i Pepene verde\" width=\"1024\" height=\"594\" \/><\/p>\n<h3><strong>Cele mai bune arome ale \u021big\u0103rii electronice de unic\u0103 folosin\u021b\u0103 Solobar Solo 30000<\/strong><\/h3>\n<p>Die\u00a0<strong>Solobar Solo 30000 de trageri E-\u021bigar\u0103 de unic\u0103 folosin\u021b\u0103<\/strong>\u00a0ofer\u0103 o experien\u021b\u0103 de gust fantastic\u0103. De remarcat \u00een special este\u00a0<strong>Strawberry Watermelon \n\n(Translation not required for product names) \nor in Romanian \nStafid\u0103 Pepene<\/strong>Arom\u0103<\/p>\n<h4><strong>Strawberry Watermelon: Bucuria perfect\u0103 de var\u0103<\/strong><\/h4>\n<p>Der\u00a0<strong>Strawberry Watermelon \n\n(Translation not required for product names) \nor in Romanian \nStafid\u0103 Pepene<\/strong>Gustul este o combina\u021bie perfect\u0103 a dulcea\u021bii fructate a c\u0103p\u0219unilor proaspete \u0219i a pepenelui de ap\u0103 r\u0103coritor \u0219i suculent.\u00a0<strong>Strawberry Watermelon \n\n(Translation not required for product names) \nor in Romanian \nStafid\u0103 Pepene<\/strong>Aromele v\u0103 transport\u0103 papilele gustative \u00eentr-o paradis tropical, care r\u0103sf\u0103\u021b\u0103 \u00eentreaga cavitate bucal\u0103. Aceast\u0103 combina\u021bie de c\u0103p\u0219un\u0103 dulce \u0219i pepene verde r\u0103coritor asigur\u0103 o experien\u021b\u0103 de vaporizare pl\u0103cut\u0103 \u0219i fructat\u0103, care ofer\u0103 o r\u0103cire deosebit\u0103 \u00een zilele calde de var\u0103.<\/p>\n<p>Die\u00a0<strong>dulcea\u021ba fructat\u0103 a c\u0103p\u0219unilor<\/strong>\u00a0\u00eent\u00e2lne\u0219te pe\u00a0<strong>r\u0103coarea \u0219i prospe\u021bimea pepenelui verde<\/strong>, ceea ce duce la un gust echilibrat \u0219i armonios. Fiecare vapoare aduce prospe\u021bimea unui cocktail de fructe de var\u0103, care se potrive\u0219te perfect cu orice moment al zilei. Aceast\u0103 arom\u0103 este deosebit de popular\u0103 \u00een r\u00e2ndul utilizatorilor care prefer\u0103 arome fructate, r\u0103coritoare \u0219i totu\u0219i dulci.<\/p>\n<h3><strong>De ce ar trebui s\u0103\u00a0<a href=\"https:\/\/alfakher24h.de\/ro\/\">Solobar Solo 30000 de trageri E-\u021bigaret\u0103 de unic\u0103 folosin\u021b\u0103<\/a> Cump\u0103ra?<\/strong><\/h3>\n<ul>\n<li><strong>Durat\u0103 de via\u021b\u0103 lung\u0103<\/strong>: Cu 30.000 de trenuri pute\u021bi circula\u00a0<strong>Solobar Solo 30000<\/strong>\u00a0Bucura\u021bi-v\u0103 de ele pentru o perioad\u0103 lung\u0103 de timp \u00eenainte de a fi nevoie s\u0103 le \u00eenlocui\u021bi.<\/li>\n<li><strong>U\u0219urin\u021b\u0103 \u00een utilizare<\/strong>Aceast\u0103 \u021bigar\u0103 electronic\u0103 de unic\u0103 folosin\u021b\u0103 este u\u0219or de utilizat - ideal\u0103 at\u00e2t pentru \u00eencep\u0103tori, c\u00e2t \u0219i pentru vapori experimenta\u021bi.<\/li>\n<li><strong>Tehnologie inovativ\u0103<\/strong>: Cu func\u021bii precum cea de\u00a0<strong>Controlul fluxului de aer<\/strong>,\u00a0<strong>Dual Mesh Coil<\/strong>\u00a0\u0219i\u00a0<strong>Afi\u0219aj LED<\/strong>\u00a0Primi\u021bi o experien\u021b\u0103 puternic\u0103 \u0219i personalizat\u0103 de vaporizare.<\/li>\n<li><strong>Poft\u0103 de arome fructate<\/strong>: Bucura\u021bi-v\u0103 de\u00a0<strong>Strawberry Watermelon \n\n(Translation not required for product names) \nor in Romanian \nStafid\u0103 Pepene<\/strong>Gustul \u00een toat\u0103 intensitatea \u0219i prospe\u021bimea sa.<\/li>\n<li><strong>Fiabilitate<\/strong>: Die\u00a0<strong>Solobar Solo 30000 de trageri E-\u021bigar\u0103 de unic\u0103 folosin\u021b\u0103<\/strong>\u00a0este cu una\u00a0<strong>Baterie re\u00eenc\u0103rcabil\u0103 de 880 mAh<\/strong>\u00a0Echipate, ceea ce permite o utilizare \u00eendelungat\u0103 f\u0103r\u0103 \u00eentreruperi.<\/li>\n<\/ul>\n<h3><strong>Cump\u0103ra\u021bi-v\u0103 Solobar Solo 30000 de trageri E-\u021bigar\u0103 de unic\u0103 folosin\u021b\u0103 pe alfakher24h.de<\/strong><\/h3>\n<p>Die\u00a0<strong>Solobar Solo 30000 de trageri E-\u021bigar\u0103 de unic\u0103 folosin\u021b\u0103<\/strong>\u00a0este o alegere remarcabil\u0103 pentru fum\u0103torii de vape \u00een Germania, care sunt \u00een c\u0103utarea unei\u00a0<strong>E-\u021bigar\u0103 cu nicotin\u0103<\/strong> sunt, care sunt at\u00e2t durabile, c\u00e2t \u0219i impresionante ca gust. Comanda\u021bi chiar ast\u0103zi pe alfakher24h.de, cea mai mare platform\u0103 pentru\u00a0<strong>Vape de unic\u0103 folosin\u021b\u0103<\/strong>\u00a0\u00cen Germania, \u0219i experimenta\u021bi urm\u0103torul pas \u00een tehnologia e-\u021bigaretelor.<\/p>\n<p>Nu rata\u021bi ocazia de a experimenta aceast\u0103 inova\u021bie\u00a0<a href=\"https:\/\/alfakher24h.de\/ro\/\"><strong>E-Zigarette de unic\u0103 folosin\u021b\u0103<\/strong><\/a>\u00a0Pentru a achizi\u021biona \u0219i a ridica experien\u021ba dvs. de vaporizare la urm\u0103torul nivel!<\/p>","protected":false},"excerpt":{"rendered":"<p><strong>Olobar Solo 30000 de trageri \u021bigar\u0103 electronic\u0103 de unic\u0103 folosin\u021b\u0103<\/strong>\u00a0este o alegere remarcabil\u0103 pentru fum\u0103torii de vape \u00een Germania, care sunt \u00een c\u0103utarea unei\u00a0<strong>E-\u021bigar\u0103 cu nicotin\u0103<\/strong><\/p>","protected":false},"featured_media":1590,"comment_status":"open","ping_status":"closed","template":"","meta":{"om_disable_all_campaigns":false},"product_brand":[],"product_cat":[41],"product_tag":[],"class_list":{"0":"post-1591","1":"product","2":"type-product","3":"status-publish","4":"has-post-thumbnail","6":"product_cat-solobar-solo-30000","8":"first","9":"outofstock","10":"shipping-taxable","11":"purchasable","12":"product-type-simple"},"_links":{"self":[{"href":"https:\/\/alfakher24h.de\/ro\/wp-json\/wp\/v2\/product\/1591","targetHints":{"allow":["GET"]}}],"collection":[{"href":"https:\/\/alfakher24h.de\/ro\/wp-json\/wp\/v2\/product"}],"about":[{"href":"https:\/\/alfakher24h.de\/ro\/wp-json\/wp\/v2\/types\/product"}],"replies":[{"embeddable":true,"href":"https:\/\/alfakher24h.de\/ro\/wp-json\/wp\/v2\/comments?post=1591"}],"wp:featuredmedia":[{"embeddable":true,"href":"https:\/\/alfakher24h.de\/ro\/wp-json\/wp\/v2\/media\/1590"}],"wp:attachment":[{"href":"https:\/\/alfakher24h.de\/ro\/wp-json\/wp\/v2\/media?parent=1591"}],"wp:term":[{"taxonomy":"product_brand","embeddable":true,"href":"https:\/\/alfakher24h.de\/ro\/wp-json\/wp\/v2\/product_brand?post=1591"},{"taxonomy":"product_cat","embeddable":true,"href":"https:\/\/alfakher24h.de\/ro\/wp-json\/wp\/v2\/product_cat?post=1591"},{"taxonomy":"product_tag","embeddable":true,"href":"https:\/\/alfakher24h.de\/ro\/wp-json\/wp\/v2\/product_tag?post=1591"}],"curies":[{"name":"wp","href":"https:\/\/api.w.org\/{rel}","templated":true}]}}