{"id":1560,"date":"2025-01-30T05:41:56","date_gmt":"2025-01-30T05:41:56","guid":{"rendered":"https:\/\/alfakher24h.de\/?post_type=product&#038;p=1560"},"modified":"2025-01-30T05:41:57","modified_gmt":"2025-01-30T05:41:57","slug":"magic-bar-alpha-20-000-zuege-einweg-e-cigarette-gum-mint","status":"publish","type":"product","link":"https:\/\/alfakher24h.de\/ro\/produs\/magic-bar-alpha-20-000-zuege-einweg-e-cigarette-gum-mint\/","title":{"rendered":"Baton Magic Alpha 20000 de trageri \u021aigaret\u0103 electronic\u0103 de unic\u0103 folosin\u021b\u0103 \u2013 Gum\u0103 de ment\u0103"},"content":{"rendered":"<h2><strong>Magic Bar Alpha 20000 de trageri \u021aigaret\u0103 electronic\u0103 de unic\u0103 folosin\u021b\u0103 \u2013 Drumul c\u0103tre o pl\u0103cere de necomparat<\/strong><\/h2>\n<p>Dac\u0103 sunte\u021bi \u00een c\u0103utarea unei \u021big\u0103ri electronice de unic\u0103 folosin\u021b\u0103 care s\u0103 v\u0103 conving\u0103 at\u00e2t prin puterea sa, c\u00e2t \u0219i prin experien\u021ba de gust excep\u021bional\u0103, atunci este<a href=\"https:\/\/alfakher24h.de\/ro\/\">\u00a0<strong>Baton Magic Alpha 20000 de trageri \u021bigar\u0103 electronic\u0103 de unic\u0103 folosin\u021b\u0103<\/strong><\/a> exact ceea ce ai nevoie. Aceast\u0103 \u021bigar\u0103 electronic\u0103 ofer\u0103 totul ceea ce \u00ee\u021bi dore\u0219ti de la un produs vape modern: un num\u0103r impresionant de 20.000 de pufuri, o durat\u0103 lung\u0103 de via\u021b\u0103 a bateriei, tehnologie inovatoare \u0219i o experien\u021b\u0103 de gust de neconfundat. Iar cel mai bun lucru: o po\u021bi cump\u0103ra foarte comod de la \/alfakher24h.de, magazinul online lider pentru vape-uri de unic\u0103 folosin\u021b\u0103 din Germania.<\/p>\n<h3><strong>Descrierea produsului:<\/strong><\/h3>\n<p>Die\u00a0<strong>Baton Magic Alpha 20000 de trageri \u021bigar\u0103 electronic\u0103 de unic\u0103 folosin\u021b\u0103<\/strong>\u00a0v\u0103 ofer\u0103 tot ce ave\u021bi nevoie pentru o experien\u021b\u0103 pl\u0103cut\u0103 de vaporizare. Cu una\u00a0<strong>Capacitate E-Liquid de 25 ml<\/strong>unul\u00a0<strong>650 mAh care economisesc bateria<\/strong>\u00a0Baterie \u0219i unul\u00a0<strong>Mesh-Coil cu 0,5 \u03a9 rezisten\u021b\u0103<\/strong>\u00a0asigur\u0103 acest model o calitate excep\u021bional\u0103 a aburului \u0219i un gust intens.\u00a0<strong>MTL\/DTL<\/strong>Tehnologia ofer\u0103 at\u00e2t\u00a0<strong>de la gur\u0103 la pl\u0103m\u00e2ni<\/strong>\u00a0(MTL) precum \u0219i\u00a0<strong>direct-to-lung<\/strong>\u00a0(DTL) Modalit\u0103\u021bi prin care Magic Bar Alpha este perfect\u0103 at\u00e2t pentru \u00eencep\u0103tori, c\u00e2t \u0219i pentru vapori experimenta\u021bi.<\/p>\n<p>Cig\u0103rile electronice de unic\u0103 folosin\u021b\u0103 sunt din ce \u00een ce mai populare, deoarece sunt at\u00e2t practice, c\u00e2t \u0219i puternice. The\u00a0<strong><a href=\"https:\/\/alfakher24h.de\/ro\/\">Magic Bar<\/a> Alpha<\/strong>\u00a0Acest lucru demonstreaz\u0103 \u0219i v\u0103 va convinge prin durata sa lung\u0103 de via\u021b\u0103 \u0219i calitatea excelent\u0103 a fumului. Este ideal\u0103 pentru deplas\u0103ri, atunci c\u00e2nd nu ave\u021bi spa\u021biu pentru un vape mare \u0219i totu\u0219i nu dori\u021bi s\u0103 renun\u021ba\u021bi la gust \u0219i performan\u021b\u0103.<\/p>\n<p>Die\u00a0<strong>Magic Bar Alpha<\/strong>\u00a0este cunoscut\u0103 \u00een special pentru manipularea u\u0219oar\u0103 \u0219i utilizarea rapid\u0103 \u0219i f\u0103r\u0103 complica\u021bii. Pur \u0219i simplu ridica\u021bi, inhala\u021bi \u0219i bucura\u021bi-v\u0103 de \u00eentreaga arom\u0103 - nu exist\u0103 asamblare complicat\u0103 sau lucr\u0103ri de \u00eentre\u021binere \u00eendelungate.\u00a0<strong>tehnologie de \u00eenalt\u0103 calitate a bobinei de plas\u0103<\/strong>\u00a0Asigur\u0103 o evaporare uniform\u0103 \u0219i un nor de abur deosebit de dens, care v\u0103 ofer\u0103 experien\u021ba suprem\u0103 de vaporizare.<\/p>\n<p><strong>Caracteristici produs:<\/strong><\/p>\n<ul>\n<li><strong>Num\u0103rul de trenuri<\/strong>: P\u00e2n\u0103 la 20.000 de trenuri<\/li>\n<li><strong>Capacitatea E-Lichidului<\/strong>: 25 ml<\/li>\n<li><strong>Con\u021binut de nicotin\u0103<\/strong>: Selectabil \u00eentre 0%, 2%, 3%, 5% Nicotin\u0103<\/li>\n<li><strong>Akku<\/strong>: 650 mAh, re\u00eenc\u0103rcabil<\/li>\n<li><strong>Coil<\/strong>: 0,5 \u03a9 bobin\u0103 cu ochiuri<\/li>\n<li><strong>M\u0103rimea<\/strong>: 40 x 29 x 110 mm<\/li>\n<li><strong>Greutate<\/strong>: 110 g<\/li>\n<li><strong>Utilizare<\/strong>: MTL \u0219i DTL<\/li>\n<li><strong>Tip vape<\/strong>: De unic\u0103 folosin\u021b\u0103<\/li>\n<li><strong>Design<\/strong>Compact \u0219i portabil, ideal pentru utilizare mobil\u0103<\/li>\n<li><strong>Arome<\/strong>Disponibil \u00een diverse arome<\/li>\n<\/ul>\n<h3><strong>De ce s\u0103 cump\u0103ra\u021bi \u021bigara electronic\u0103 de unic\u0103 folosin\u021b\u0103 Magic Bar Alpha 20000 de pufuri?<\/strong><\/h3>\n<p>Die\u00a0<strong>Baton Magic Alpha 20000 de trageri \u021bigar\u0103 electronic\u0103 de unic\u0103 folosin\u021b\u0103<\/strong>\u00a0convinge pe multe niveluri:<\/p>\n<ol>\n<li><strong>Durabilitate<\/strong>: Cu p\u00e2n\u0103 la 20.000 de pufuri, aceast\u0103 \u021bigar\u0103 electronic\u0103 ofer\u0103 o durat\u0103 de via\u021b\u0103 excep\u021bional\u0103. Nu trebuie s\u0103 v\u0103 face\u021bi griji cu privire la re\u00eenc\u0103rc\u0103ri frecvente sau \u00eenlocuirea bateriei - bucura\u021bi-v\u0103 de sesiuni lungi de vaporizare f\u0103r\u0103 \u00eentreruperi.<\/li>\n<li><strong>Baterie puternic\u0103<\/strong>: Bateria de 650 mAh este re\u00eenc\u0103rcabil\u0103 \u0219i asigur\u0103 c\u0103 Magic Bar Alpha func\u021bioneaz\u0103 \u00een mod fiabil chiar \u0219i \u00een cazul unei utiliz\u0103ri intensive. Nu este nevoie de \u00eenc\u0103rcare constant\u0103 pe parcursul zilei \u2013 bucura\u021bi-v\u0103 de timpul de vaporizare f\u0103r\u0103 griji.<\/li>\n<li><strong>Versatilitate \u00een ceea ce prive\u0219te puterea nicotinei<\/strong>: Indiferent dac\u0103 sunte\u021bi \u00eencep\u0103tor sau un vaporizator experimentat, Magic Bar Alpha v\u0103 ofer\u0103 posibilitatea de a alege \u00eentre\u00a0<strong>0%, 2%, 3% \u0219i 5% nicotin\u0103<\/strong>Astfel, pute\u021bi ajusta con\u021binutul de nicotin\u0103 \u00een func\u021bie de preferin\u021bele personale.<\/li>\n<li><strong>Experien\u021be excelente de aburi \u0219i arom\u0103<\/strong>: Cu ajutorul\u00a0<strong>Tehnologie cu bobin\u0103 de plas\u0103<\/strong>\u00a0Primi\u021bi aburi constan\u021bi \u0219i uniformi, care fac experien\u021ba gustativ\u0103 mai intens\u0103. Aceast\u0103 tehnologie asigur\u0103 c\u0103 lichidul este vaporizat eficient \u0219i v\u0103 face ca fiecare puf s\u0103 fie o pl\u0103cere.<\/li>\n<li><strong>Solu\u021bie practic\u0103 de unic\u0103 folosin\u021b\u0103<\/strong>Datorit\u0103 designului de unic\u0103 folosin\u021b\u0103, este\u00a0<strong>Magic Bar Alpha<\/strong>\u00a0Foarte simplu de utilizat \u0219i potrivit perfect pentru to\u021bi cei care caut\u0103 o solu\u021bie rapid\u0103 \u0219i f\u0103r\u0103 complica\u021bii, f\u0103r\u0103 s\u0103 se \u00eengrijoreze de reaprovizionare \u0219i \u00eentre\u021binere.<\/li>\n<\/ol>\n<h3><strong>Diversitatea de arome pentru \u021bigara electronic\u0103 de unic\u0103 folosin\u021b\u0103 Magic Bar Alpha 20000 de trageri<\/strong><\/h3>\n<p>Die\u00a0<strong>Baton Magic Alpha 20000 de trageri \u021bigar\u0103 electronic\u0103 de unic\u0103 folosin\u021b\u0103<\/strong>\u00a0este disponibil \u00een diferite arome, care ofer\u0103 fiec\u0103rui vaporizator experien\u021ba potrivit\u0103. Una dintre cele mai populare arome este\u00a0<strong>Gum\u0103 de ment\u0103<\/strong>\u00a0- o arom\u0103 de mentol proasp\u0103t\u0103 \u0219i r\u0103coritoare, perfect\u0103 pentru to\u021bi cei care caut\u0103 o experien\u021b\u0103 de vaporizare u\u0219or dulce \u0219i \u00een acela\u0219i timp r\u0103coare.<\/p>\n<h4><strong>Gum Mint: Prospe\u021bime \u0219i Dulcea\u021b\u0103 unite<\/strong><\/h4>\n<p>Die\u00a0<strong>Gum\u0103 de ment\u0103<\/strong>Acest\u0103 arom\u0103 combin\u0103 gustul dulce al gumei de mestecat cu prospe\u021bimea r\u0103coritoare a mentei. Acest gust este perfect pentru to\u021bi cei care doresc s\u0103 experimenteze o prospe\u021bime de lung\u0103 durat\u0103 \u00een vape-ul lor. Gustul dulce de gum\u0103 de mestecat confer\u0103\u00a0<strong>Magic Bar Alpha<\/strong>\u00a0un gust u\u0219or, dar pl\u0103cut, care nu este prea puternic. \u00cen acela\u0219i timp, menta asigur\u0103 o r\u0103coare pl\u0103cut\u0103, care nu numai c\u0103 r\u0103core\u0219te palatul, ci \u0219i transmite senza\u021bia de prospe\u021bime \u0219i claritate.<\/p>\n<p>Aceast\u0103 explozie de arome este ideal\u0103 pentru to\u021bi cei care caut\u0103 ceva diferit de aromele clasice de tutun.\u00a0<strong>Gum\u0103 de ment\u0103<\/strong>Arom\u0103 care ofer\u0103 un echilibru perfect \u00eentre dulcea\u021b\u0103 \u0219i prospe\u021bime, oferindu-v\u0103 o experien\u021b\u0103 de vaporizare pl\u0103cut\u0103 \u0219i satisf\u0103c\u0103toare la fiecare puf.<\/p>\n<p>Combina\u021bia de gum\u0103 de mestecat \u0219i ment\u0103 este recomandat\u0103 \u00een special dac\u0103 sunte\u021bi \u00een c\u0103utarea unei experien\u021be intensive de gustare, care combin\u0103 at\u00e2t pl\u0103cerea dulce, c\u00e2t \u0219i pe cea r\u0103coritoare. Profilul aromatic al\u00a0<strong>Gum\u0103 de ment\u0103<\/strong>\u00a0Este versatil \u0219i potrivit pentru orice ocazie - fie pentru o sear\u0103 relaxant\u0103 sau pentru un \u00eenceput proasp\u0103t de zi.<\/p>\n<h4><strong>Alte arome<\/strong><\/h4>\n<p>De\u0219i\u00a0<strong>Gum\u0103 de ment\u0103<\/strong> Una dintre aromele cele mai populare ale seriei Magic Bar Alpha este, oferim pe \/alfakher24h.de \u0219i o varietate de alte arome, care vor ridica experien\u021ba dvs. de vaporizare la urm\u0103torul nivel. R\u0103sfoi\u021bi pe site-ul nostru pentru a g\u0103si aroma perfect\u0103 pentru nevoile dvs.<\/p>\n<p><img loading=\"lazy\" decoding=\"async\" class=\"alignnone wp-image-1774 size-full\" title=\"Magic Bar Alpha 20000 de trageri \u021bigar\u0103 electronic\u0103 de unic\u0103 folosin\u021b\u0103 - Gum Mint 3\" src=\"https:\/\/alfakher24h.de\/wp-content\/uploads\/2025\/01\/9Magic-Bar-Alpha-20000-scaled.webp\" sizes=\"auto, (max-width: 2560px) 100vw, 2560px\" srcset=\"https:\/\/alfakher24h.de\/wp-content\/uploads\/2025\/01\/9Magic-Bar-Alpha-20000-scaled.webp 2560w, https:\/\/alfakher24h.de\/wp-content\/uploads\/2025\/01\/9Magic-Bar-Alpha-20000-300x300.webp 300w, https:\/\/alfakher24h.de\/wp-content\/uploads\/2025\/01\/9Magic-Bar-Alpha-20000-1024x1024.webp 1024w, https:\/\/alfakher24h.de\/wp-content\/uploads\/2025\/01\/9Magic-Bar-Alpha-20000-150x150.webp 150w, https:\/\/alfakher24h.de\/wp-content\/uploads\/2025\/01\/9Magic-Bar-Alpha-20000-768x768.webp 768w, https:\/\/alfakher24h.de\/wp-content\/uploads\/2025\/01\/9Magic-Bar-Alpha-20000-1536x1536.webp 1536w, https:\/\/alfakher24h.de\/wp-content\/uploads\/2025\/01\/9Magic-Bar-Alpha-20000-2048x2048.webp 2048w, https:\/\/alfakher24h.de\/wp-content\/uploads\/2025\/01\/9Magic-Bar-Alpha-20000-12x12.webp 12w, https:\/\/alfakher24h.de\/wp-content\/uploads\/2025\/01\/9Magic-Bar-Alpha-20000-600x600.webp 600w, https:\/\/alfakher24h.de\/wp-content\/uploads\/2025\/01\/9Magic-Bar-Alpha-20000-100x100.webp 100w\" alt=\"Bara Magic\u0103 Alpha 20000 de trageri \u021aigaret\u0103 electronic\u0103 de unic\u0103 folosin\u021b\u0103 - Gum\u0103 de ment\u0103\" width=\"2560\" height=\"2560\" \/><\/p>\n<h3><strong>De ce la \/<a href=\"https:\/\/alfakher24h.de\/ro\/\">alfakher24h.de<\/a> Cump\u0103ra?<\/strong><\/h3>\n<p>La \/alfakher24h.de v\u0103 oferim o selec\u021bie extins\u0103 de\u00a0<strong>Vape de unic\u0103 folosin\u021b\u0103<\/strong>\u00a0\u0219i ne asigur\u0103m c\u0103 primi\u021bi cele mai bune produse la cele mai bune pre\u021buri.\u00a0<strong>Baton Magic Alpha 20000 de trageri \u021bigar\u0103 electronic\u0103 de unic\u0103 folosin\u021b\u0103<\/strong>\u00a0este doar un exemplu al calit\u0103\u021bii superioare pe care o oferim. Cu o\u00a0<strong>excelent\u0103 selec\u021bie<\/strong>\u00a0un\u00a0<strong>Nicotin\u0103 - concentra\u021bii<\/strong>unul\u00a0<strong>o varietate uimitoare de arome<\/strong>\u00a0\u0219i unei manipul\u0103ri u\u0219or de utilizat, stabilim standarde pe pia\u021ba german\u0103 pentru<a href=\"https:\/\/alfakher24h.de\/ro\/\">\u00a0<strong>E-Zigarete de unic\u0103 folosin\u021b\u0103<\/strong>.<\/a><\/p>\n<p>Vizita\u021bi-ne ast\u0103zi \u0219i descoperi\u021bi lumea lui\u00a0<strong>E-Zigarete de unic\u0103 folosin\u021b\u0103<\/strong>. Nostru\u00a0<strong>Serviciu clien\u021bi<\/strong>\u00a0v\u0103 st\u0103 la dispozi\u021bie \u00een orice moment pentru a r\u0103spunde la \u00eentreb\u0103rile dvs. \u0219i pentru a v\u0103 ajuta la alegerea produsului perfect.<\/p>\n<p>Pentru o experien\u021b\u0103 de vapoare de neegalat cu cea mai bun\u0103 calitate -\u00a0<strong>Baton Magic Alpha 20000 de trageri \u021bigar\u0103 electronic\u0103 de unic\u0103 folosin\u021b\u0103<\/strong> nur bei \/alfakher24h.de<\/p>","protected":false},"excerpt":{"rendered":"<p><strong>Baton Magic Alpha 20000 de trageri \u021bigar\u0103 electronic\u0103 de unic\u0103 folosin\u021b\u0103<\/strong>\u00a0este doar un exemplu al calit\u0103\u021bii superioare pe care o oferim. Cu o\u00a0<strong>excelent\u0103 selec\u021bie<\/strong>\u00a0un\u00a0<strong>Nicotin\u0103 - concentra\u021bii<\/strong>unul\u00a0<strong>o varietate uimitoare de arome<\/strong>\u00a0\u0219i unei manipul\u0103ri u\u0219or de utilizat, stabilim standarde pe pia\u021ba german\u0103 pentru\u00a0<strong>E-Zigarete de unic\u0103 folosin\u021b\u0103<\/strong>.<\/p>","protected":false},"featured_media":1561,"comment_status":"open","ping_status":"closed","template":"","meta":{"om_disable_all_campaigns":false},"product_brand":[],"product_cat":[39],"product_tag":[],"class_list":{"0":"post-1560","1":"product","2":"type-product","3":"status-publish","4":"has-post-thumbnail","6":"product_cat-magic-bar-20000","8":"first","9":"instock","10":"shipping-taxable","11":"purchasable","12":"product-type-simple"},"_links":{"self":[{"href":"https:\/\/alfakher24h.de\/ro\/wp-json\/wp\/v2\/product\/1560","targetHints":{"allow":["GET"]}}],"collection":[{"href":"https:\/\/alfakher24h.de\/ro\/wp-json\/wp\/v2\/product"}],"about":[{"href":"https:\/\/alfakher24h.de\/ro\/wp-json\/wp\/v2\/types\/product"}],"replies":[{"embeddable":true,"href":"https:\/\/alfakher24h.de\/ro\/wp-json\/wp\/v2\/comments?post=1560"}],"wp:featuredmedia":[{"embeddable":true,"href":"https:\/\/alfakher24h.de\/ro\/wp-json\/wp\/v2\/media\/1561"}],"wp:attachment":[{"href":"https:\/\/alfakher24h.de\/ro\/wp-json\/wp\/v2\/media?parent=1560"}],"wp:term":[{"taxonomy":"product_brand","embeddable":true,"href":"https:\/\/alfakher24h.de\/ro\/wp-json\/wp\/v2\/product_brand?post=1560"},{"taxonomy":"product_cat","embeddable":true,"href":"https:\/\/alfakher24h.de\/ro\/wp-json\/wp\/v2\/product_cat?post=1560"},{"taxonomy":"product_tag","embeddable":true,"href":"https:\/\/alfakher24h.de\/ro\/wp-json\/wp\/v2\/product_tag?post=1560"}],"curies":[{"name":"wp","href":"https:\/\/api.w.org\/{rel}","templated":true}]}}