{"id":1558,"date":"2025-01-30T05:37:09","date_gmt":"2025-01-30T05:37:09","guid":{"rendered":"https:\/\/alfakher24h.de\/?post_type=product&#038;p=1558"},"modified":"2025-01-30T05:38:10","modified_gmt":"2025-01-30T05:38:10","slug":"magic-bar-alpha-20000-zuege-einweg-e-cigarette-lady-killer","status":"publish","type":"product","link":"https:\/\/alfakher24h.de\/ro\/produs\/magic-bar-alpha-20000-zuege-einweg-e-cigarette-lady-killer\/","title":{"rendered":"Magic Bar Alpha 20000 de trageri \u021bigar\u0103 electronic\u0103 de unic\u0103 folosin\u021b\u0103 - Lady Killer"},"content":{"rendered":"<h2><img loading=\"lazy\" decoding=\"async\" class=\"alignnone size-full wp-image-1471\" src=\"https:\/\/alfakher24h.de\/wp-content\/uploads\/2025\/01\/3Magic-Bar-Alpha-20000-scaled.webp\" alt=\"\" width=\"2560\" height=\"2560\" title=\"\" srcset=\"https:\/\/alfakher24h.de\/wp-content\/uploads\/2025\/01\/3Magic-Bar-Alpha-20000-scaled.webp 2560w, https:\/\/alfakher24h.de\/wp-content\/uploads\/2025\/01\/3Magic-Bar-Alpha-20000-300x300.webp 300w, https:\/\/alfakher24h.de\/wp-content\/uploads\/2025\/01\/3Magic-Bar-Alpha-20000-1024x1024.webp 1024w, https:\/\/alfakher24h.de\/wp-content\/uploads\/2025\/01\/3Magic-Bar-Alpha-20000-150x150.webp 150w, https:\/\/alfakher24h.de\/wp-content\/uploads\/2025\/01\/3Magic-Bar-Alpha-20000-768x768.webp 768w, https:\/\/alfakher24h.de\/wp-content\/uploads\/2025\/01\/3Magic-Bar-Alpha-20000-1536x1536.webp 1536w, https:\/\/alfakher24h.de\/wp-content\/uploads\/2025\/01\/3Magic-Bar-Alpha-20000-2048x2048.webp 2048w, https:\/\/alfakher24h.de\/wp-content\/uploads\/2025\/01\/3Magic-Bar-Alpha-20000-12x12.webp 12w, https:\/\/alfakher24h.de\/wp-content\/uploads\/2025\/01\/3Magic-Bar-Alpha-20000-600x600.webp 600w, https:\/\/alfakher24h.de\/wp-content\/uploads\/2025\/01\/3Magic-Bar-Alpha-20000-100x100.webp 100w\" sizes=\"auto, (max-width: 2560px) 100vw, 2560px\" \/><\/h2>\n<h2><strong>Magic Bar Alpha 20K\u00a0Einweg E Zigarette \u2013 20000 Z\u00fcge mit Nikotin: Die perfekte Wahl f\u00fcr Dampfer in Deutschland\n\nse traduce en \n\nMagic Bar Alpha 20K Disposable E-Cigarette \u2013 20000 puffs with nicotine: The perfect choice for vapers in Germany<\/strong><\/h2>\n<p>Bun venit \u00een lumea \u021big\u0103rilor electronice de unic\u0103 folosin\u021b\u0103 Magic Bar Alpha 20K, care reprezint\u0103 una dintre cele mai bune op\u021biuni pentru vapori \u00een Germania. Aceast\u0103 \u021bigar\u0103 electronic\u0103 de unic\u0103 folosin\u021b\u0103 ofer\u0103 nu numai o utilizare \u00eendelungat\u0103 de p\u00e2n\u0103 la 20.000 de pufuri, ci \u0219i o varietate de gusturi excep\u021bional\u0103 \u0219i o operare u\u0219or de utilizat. Dac\u0103 sunte\u021bi \u00een c\u0103utarea unei noi, practice \u0219i puternice \u021big\u0103ri electronice, Magic Bar Alpha 20K este alegerea perfect\u0103. Descoperi\u021bi avantajele \u0219i diversitatea aromelor acestei \u021big\u0103ri electronice inovatoare de unic\u0103 folosin\u021b\u0103.<\/p>\n<p><strong>Descrierea produsului:<\/strong><\/p>\n<p>Bariera Magic Alpha 20K de \u021bigar\u0103 electronic\u0103 de unic\u0103 folosin\u021b\u0103 este cea mai recent\u0103 inova\u021bie pe pia\u021ba vaporizatoarelor de unic\u0103 folosin\u021b\u0103. Ea combin\u0103 performan\u021b\u0103 ridicat\u0103, tehnologie modern\u0103 \u0219i o experien\u021b\u0103 de vaporizare de neegalat \u00eentr-un dispozitiv practic. Cu 20.000 de trageri \u0219i o cantitate de 25 ml de lichid electronic, aceast\u0103 \u021bigar\u0103 electronic\u0103 este perfect adaptat\u0103 pentru utilizarea zilnic\u0103. O pute\u021bi lua oriunde \u0219i nu trebuie s\u0103 v\u0103 face\u021bi griji cu privire la reumplerea sau set\u0103rile complicate. Bariera Magic Alpha 20K este gata de utilizare imediat ce o scoate\u021bi din ambalaj \u0219i v\u0103 ofer\u0103 o experien\u021b\u0103 de vaporizare fiabil\u0103 f\u0103r\u0103 complica\u021bii.<\/p>\n<p>Utilizarea s\u0103rii de nicotin\u0103 \u00een Magic Bar Alpha asigur\u0103 o inhalare deosebit de lin\u0103, \u00een timp ce experien\u021ba de vaporizare r\u0103m\u00e2ne foarte intens\u0103. Cu op\u021biunile de 0%, 2%, 3% \u0219i 5% nicotin\u0103, pute\u021bi selecta con\u021binutul de nicotin\u0103 ideal pentru dvs. \u0219i personaliza experien\u021ba de vaporizare. Datorit\u0103 bateriei de 650 mAh, care poate fi \u00eenc\u0103rcat\u0103 printr-un cablu de \u00eenc\u0103rcare USB-C, pute\u021bi utiliza \u021bigara electronic\u0103 timp de multe ore, f\u0103r\u0103 s\u0103 v\u0103 face\u021bi griji cu privire la desc\u0103rcare.<\/p>\n<p>Magic Bar Alpha 20K ofer\u0103 o experien\u021b\u0103 real\u0103 MTL (de la gur\u0103 la pl\u0103m\u00e2ni) \u0219i DTL (direct \u00een pl\u0103m\u00e2ni). Acest lucru \u00eenseamn\u0103 c\u0103 ave\u021bi flexibilitatea de a lua fie o trac\u021biune u\u0219oar\u0103 prin gur\u0103, fie de a inhala direct \u00een pl\u0103m\u00e2ni, \u00een func\u021bie de preferin\u021ba dvs. personal\u0103.<\/p>\n<h3><strong>Caracteristici principale ale \u021big\u0103rii electronice de unic\u0103 folosin\u021b\u0103 Magic Bar Alpha 20K:<\/strong><\/h3>\n<ul>\n<li><strong>20.000 de trenuri:<\/strong>\u00a0Cu o capacitate de p\u00e2n\u0103 la 20.000 de pufuri, Magic Bar Alpha 20K ofer\u0103 o durat\u0103 de via\u021b\u0103 excep\u021bional\u0103 \u0219i o perioad\u0103 lung\u0103 de utilizare.<\/li>\n<li><strong>Op\u021biuni de nicotin\u0103:<\/strong>\u00a0Magic Bar Alpha 20K este disponibil \u00een variantele 0%, 2%, 3% \u0219i 5% de nicotin\u0103, permi\u021b\u00e2ndu-v\u0103 s\u0103 alege\u021bi con\u021binutul de nicotin\u0103 \u00een func\u021bie de preferin\u021bele dumneavoastr\u0103 individuale.<\/li>\n<li><strong>Capacitate mare de lichid electronic:<\/strong>\u00a0Cu un rezervor generos de 25 ml de lichid electronic, pute\u021bi utiliza Magic Bar Alpha 20K pentru o perioad\u0103 mai lung\u0103 de timp, \u00eenainte de a fi nevoie s\u0103 o \u00eenlocui\u021bi.<\/li>\n<li><strong>Baterie de lung\u0103 durat\u0103:<\/strong>\u00a0Bateria de 650 mAh asigur\u0103 o experien\u021b\u0103 de vaporizare prelungit\u0103 \u0219i poate fi \u00eenc\u0103rcat\u0103 cu u\u0219urin\u021b\u0103 datorit\u0103 \u00eenc\u0103rc\u0103rii practice prin USB-C.<\/li>\n<li><strong>Tehnologie Coil:<\/strong>\u00a0Bobina Mesh de 0,5 \u03a9 asigur\u0103 o produc\u021bie de vapori uniform\u0103 \u0219i excelent\u0103, care aduce \u00een eviden\u021b\u0103 perfect\u0103 gustul E-Liquidului.<\/li>\n<li><strong>Dimensiuni compacte:<\/strong>\u00a0Cu dimensiunile compacte de 40 x 29 x 110 mm \u0219i o greutate de numai 110 g, Magic Bar Alpha 20K este u\u0219oar\u0103 \u0219i u\u0219or de manevrat, ideal\u0103 pentru utilizarea zilnic\u0103.<\/li>\n<li><strong>Diferite arome:<\/strong>\u00a0Bucura\u021bi-v\u0103 de diversitatea aromelor, inclusiv popularul gust \u201cLady Killer\u201d, \u0219i g\u0103si\u021bi aroma dvs. preferat\u0103.<\/li>\n<\/ul>\n<h3><strong>De ce ar trebui s\u0103 cump\u0103ra\u021bi Magic Bar Alpha 20K?<\/strong><\/h3>\n<p>Magic Bar Alpha 20K Einweg E Zigarette se remarc\u0103 prin u\u0219urin\u021ba remarcabil\u0103 \u00een utilizare \u0219i tehnologia de \u00eenalt\u0103 calitate, deosebindu-se de alte produse de pe pia\u021b\u0103. Este perfect\u0103 pentru to\u021bi cei care caut\u0103 o \u021bigar\u0103 electronic\u0103 simpl\u0103, puternic\u0103 \u0219i de \u00eenalt\u0103 calitate. Spre deosebire de \u021big\u0103rile electronice tradi\u021bionale, nu trebuie s\u0103 v\u0103 face\u021bi griji cu privire la re\u00eenc\u0103rcarea sau set\u0103rile complicate. Pute\u021bi \u00eencepe imediat s\u0103 vapora\u021bi \u0219i s\u0103 v\u0103 bucura\u021bi de experien\u021ba excep\u021bional\u0103 de vaporizare. Num\u0103rul mare de 20.000 de pufuri asigur\u0103 o durat\u0103 lung\u0103 de utilizare, iar rezervorul mare de lichid electronic v\u0103 permite s\u0103 vapora\u021bi mai mult timp f\u0103r\u0103 a fi nevoie s\u0103 schimba\u021bi dispozitivul sau s\u0103 \u00eel re\u00eenc\u0103rca\u021bi.<\/p>\n<p>Un alt avantaj major al Magic Bar Alpha 20K este flexibilitatea ridicat\u0103 \u00een alegerea con\u021binutului de nicotin\u0103. Indiferent dac\u0103 c\u0103uta\u021bi o op\u021biune f\u0103r\u0103 nicotin\u0103 sau prefera\u021bi o putere moderat\u0103 p\u00e2n\u0103 la mare de nicotin\u0103, aici g\u0103si\u021bi alegerea potrivit\u0103. Sarea de nicotin\u0103 asigur\u0103 o experien\u021b\u0103 de vaporizare lin\u0103 \u0219i o absorb\u021bie rapid\u0103 a nicotinei, f\u0103r\u0103 iritarea g\u00e2tului. Cu o op\u021biune DTL \u0219i MTL, pute\u021bi savura vaporizarea exact a\u0219a cum v\u0103 place.<\/p>\n<p>Bara Magic Alpha 20K de unic\u0103 folosin\u021b\u0103 e-\u021bigar\u0103 nu este doar o alegere excelent\u0103 pentru vapori, ci \u0219i o op\u021biune practic\u0103 pentru deplas\u0103ri. Dimensiunile sale compacte \u0219i manipularea u\u0219oar\u0103 o fac ideal\u0103 pentru utilizarea zilnic\u0103 \u0219i pentru vapori care caut\u0103 o solu\u021bie portabil\u0103 de \u00eencredere.<\/p>\n<p><img loading=\"lazy\" decoding=\"async\" class=\"alignnone wp-image-1774 size-full\" title=\"Magic Bar Alpha 20000 de trageri \u021bigar\u0103 electronic\u0103 de unic\u0103 folosin\u021b\u0103 - Lady Killer 3\" src=\"https:\/\/alfakher24h.de\/wp-content\/uploads\/2025\/01\/9Magic-Bar-Alpha-20000-scaled.webp\" sizes=\"auto, (max-width: 2560px) 100vw, 2560px\" srcset=\"https:\/\/alfakher24h.de\/wp-content\/uploads\/2025\/01\/9Magic-Bar-Alpha-20000-scaled.webp 2560w, https:\/\/alfakher24h.de\/wp-content\/uploads\/2025\/01\/9Magic-Bar-Alpha-20000-300x300.webp 300w, https:\/\/alfakher24h.de\/wp-content\/uploads\/2025\/01\/9Magic-Bar-Alpha-20000-1024x1024.webp 1024w, https:\/\/alfakher24h.de\/wp-content\/uploads\/2025\/01\/9Magic-Bar-Alpha-20000-150x150.webp 150w, https:\/\/alfakher24h.de\/wp-content\/uploads\/2025\/01\/9Magic-Bar-Alpha-20000-768x768.webp 768w, https:\/\/alfakher24h.de\/wp-content\/uploads\/2025\/01\/9Magic-Bar-Alpha-20000-1536x1536.webp 1536w, https:\/\/alfakher24h.de\/wp-content\/uploads\/2025\/01\/9Magic-Bar-Alpha-20000-2048x2048.webp 2048w, https:\/\/alfakher24h.de\/wp-content\/uploads\/2025\/01\/9Magic-Bar-Alpha-20000-12x12.webp 12w, https:\/\/alfakher24h.de\/wp-content\/uploads\/2025\/01\/9Magic-Bar-Alpha-20000-600x600.webp 600w, https:\/\/alfakher24h.de\/wp-content\/uploads\/2025\/01\/9Magic-Bar-Alpha-20000-100x100.webp 100w\" alt=\"Magic Bar Alpha 20000 de trageri \u021bigar\u0103 electronic\u0103 de unic\u0103 folosin\u021b\u0103 - Lady Killer\" width=\"2560\" height=\"2560\" \/><\/p>\n<h3><strong>Geschmacksrichtungen der Magic Bar Alpha 20K: \nnu se traduce, l\u0103sa\u021bi originalul: \nGeschmacksrichtungen der Magic Bar Alpha 20K:<\/strong><\/h3>\n<p><strong>Lady Killer<\/strong><br \/>\nGustul \"Lady Killer\" este o experien\u021b\u0103 unic\u0103 \u0219i de nedescris pentru sim\u021buri. Acest gust combin\u0103 fructele proaspete \u0219i aromele dulci \u00eentr-un amestec unic care imit\u0103 perfect gustul fructelor tropicale. Imagina\u021bi-v\u0103 un amestec suculent de mango copt, ananas exotic \u0219i o not\u0103 de piersic\u0103, unite \u00eentr-un abur r\u0103coritor. Gustul este perfect echilibrat, nu prea dulce, dar totu\u0219i intens \u0219i satisf\u0103c\u0103tor. Gustul \"Lady Killer\" las\u0103 o urm\u0103 pl\u0103cut\u0103 \u0219i de lung\u0103 durat\u0103, care te face s\u0103 ai poft\u0103 de mai mult. Dac\u0103 iubi\u021bi aromele tropicale, ve\u021bi aprecia aceast\u0103 direc\u021bie de gust. \"Lady Killer\" ofer\u0103 un amestec perfect de prospe\u021bime \u0219i fructozitate pe care \u00eel pute\u021bi bucura la fiecare tragere.<\/p>\n<p>Acest gust este perfect pentru vapori care caut\u0103 o experien\u021b\u0103 exotic\u0103 \u0219i fructat\u0103 care s\u0103 \u00eei \u00eenso\u021beasc\u0103 la fiecare pauz\u0103 de fumat. Indiferent dac\u0103 sunte\u021bi un vapor experimentat sau un \u00eencep\u0103tor, gustul \"Lady Killer\" ofer\u0103 o alegere pl\u0103cut\u0103 \u0219i r\u0103coritoare care va ridica experien\u021ba dvs. de vaporizare la un nivel superior.<\/p>\n<h3><strong>Comanda\u021bi acum tija de vape de unic\u0103 folosin\u021b\u0103 Magic Bar Alpha 20K!<\/strong><\/h3>\n<p>Nu rata\u021bi ocazia de a experimenta \u021bigara electronic\u0103 de unic\u0103 folosin\u021b\u0103 Magic Bar Alpha 20K! Pe alfakher24h.de\u00a0v\u0103 oferim cele mai bune oferte \u0219i acces exclusiv la aceast\u0103 \u021bigar\u0103 electronic\u0103 de \u00eenalt\u0103 calitate. Pute\u021bi fi siguri c\u0103 la noi ve\u021bi ob\u021bine produse originale la pre\u021buri corecte. Comanda\u021bi acum \u0219i bucura\u021bi-v\u0103 de o experien\u021b\u0103 de vaporizare de neegalat, care dep\u0103\u0219e\u0219te a\u0219tept\u0103rile dvs.!<\/p>\n<h4><strong>Concluzie:<\/strong><\/h4>\n<p>Magic Bar Alpha 20K \u021bigara electronic\u0103 de unic\u0103 folosin\u021b\u0103 ofer\u0103 vaperilor din Germania o experien\u021b\u0103 de vaporizare excep\u021bional\u0103, cu o gam\u0103 larg\u0103 de op\u021biuni de nicotin\u0103, un num\u0103r mare de pufuri \u0219i o manipulare u\u0219oar\u0103. Cu posibilitatea de a savura o varietate de arome delicioase, aceast\u0103 \u021bigar\u0103 electronic\u0103 este alegerea ideal\u0103 pentru orice vaper. Nu mai a\u0219tepta\u021bi \u0219i comanda\u021bi ast\u0103zi Magic Bar Alpha 20K de la alfakher24h.de!<\/p>","protected":false},"excerpt":{"rendered":"<p>Magic Bar Alpha 20K - Dispozitiv\u0103 E-Zigaret\u0103 ofer\u0103 vaperilor din Germania o experien\u021b\u0103 de vaporizare excep\u021bional\u0103 cu o gam\u0103 larg\u0103 de op\u021biuni de nicotin\u0103,<\/p>","protected":false},"featured_media":1559,"comment_status":"open","ping_status":"closed","template":"","meta":{"om_disable_all_campaigns":false},"product_brand":[],"product_cat":[39],"product_tag":[],"class_list":{"0":"post-1558","1":"product","2":"type-product","3":"status-publish","4":"has-post-thumbnail","6":"product_cat-magic-bar-20000","8":"first","9":"instock","10":"shipping-taxable","11":"purchasable","12":"product-type-simple"},"_links":{"self":[{"href":"https:\/\/alfakher24h.de\/ro\/wp-json\/wp\/v2\/product\/1558","targetHints":{"allow":["GET"]}}],"collection":[{"href":"https:\/\/alfakher24h.de\/ro\/wp-json\/wp\/v2\/product"}],"about":[{"href":"https:\/\/alfakher24h.de\/ro\/wp-json\/wp\/v2\/types\/product"}],"replies":[{"embeddable":true,"href":"https:\/\/alfakher24h.de\/ro\/wp-json\/wp\/v2\/comments?post=1558"}],"wp:featuredmedia":[{"embeddable":true,"href":"https:\/\/alfakher24h.de\/ro\/wp-json\/wp\/v2\/media\/1559"}],"wp:attachment":[{"href":"https:\/\/alfakher24h.de\/ro\/wp-json\/wp\/v2\/media?parent=1558"}],"wp:term":[{"taxonomy":"product_brand","embeddable":true,"href":"https:\/\/alfakher24h.de\/ro\/wp-json\/wp\/v2\/product_brand?post=1558"},{"taxonomy":"product_cat","embeddable":true,"href":"https:\/\/alfakher24h.de\/ro\/wp-json\/wp\/v2\/product_cat?post=1558"},{"taxonomy":"product_tag","embeddable":true,"href":"https:\/\/alfakher24h.de\/ro\/wp-json\/wp\/v2\/product_tag?post=1558"}],"curies":[{"name":"wp","href":"https:\/\/api.w.org\/{rel}","templated":true}]}}