{"id":1472,"date":"2025-01-10T06:59:58","date_gmt":"2025-01-10T06:59:58","guid":{"rendered":"https:\/\/alfakher24h.de\/?post_type=product&#038;p=1472"},"modified":"2025-01-10T07:02:28","modified_gmt":"2025-01-10T07:02:28","slug":"magic-bar-alpha-20000-pufuri-tigara-electronica-de-unica-folosinta-guma-de-mestecat-pepene-verde","status":"publish","type":"product","link":"https:\/\/alfakher24h.de\/ro\/produs\/magic-bar-alpha-20000-pufuri-tigara-electronica-de-unica-folosinta-guma-de-mestecat-pepene-verde\/","title":{"rendered":"Bara Magic\u0103 Alpha 20000 de trageri \u021aigaret\u0103 electronic\u0103 de unic\u0103 folosin\u021b\u0103 \u2013 Guma de mestecat cu pepene verde"},"content":{"rendered":"<h2><img loading=\"lazy\" decoding=\"async\" class=\"alignnone size-full wp-image-1473\" src=\"https:\/\/alfakher24h.de\/wp-content\/uploads\/2025\/01\/7Magic-Bar-Alpha-20000-scaled.webp\" alt=\"Magic-Bar-Alpha-20000.\" width=\"2560\" height=\"2560\" title=\"\" srcset=\"https:\/\/alfakher24h.de\/wp-content\/uploads\/2025\/01\/7Magic-Bar-Alpha-20000-scaled.webp 2560w, https:\/\/alfakher24h.de\/wp-content\/uploads\/2025\/01\/7Magic-Bar-Alpha-20000-300x300.webp 300w, https:\/\/alfakher24h.de\/wp-content\/uploads\/2025\/01\/7Magic-Bar-Alpha-20000-1024x1024.webp 1024w, https:\/\/alfakher24h.de\/wp-content\/uploads\/2025\/01\/7Magic-Bar-Alpha-20000-150x150.webp 150w, https:\/\/alfakher24h.de\/wp-content\/uploads\/2025\/01\/7Magic-Bar-Alpha-20000-768x768.webp 768w, https:\/\/alfakher24h.de\/wp-content\/uploads\/2025\/01\/7Magic-Bar-Alpha-20000-1536x1536.webp 1536w, https:\/\/alfakher24h.de\/wp-content\/uploads\/2025\/01\/7Magic-Bar-Alpha-20000-2048x2048.webp 2048w, https:\/\/alfakher24h.de\/wp-content\/uploads\/2025\/01\/7Magic-Bar-Alpha-20000-12x12.webp 12w, https:\/\/alfakher24h.de\/wp-content\/uploads\/2025\/01\/7Magic-Bar-Alpha-20000-600x600.webp 600w, https:\/\/alfakher24h.de\/wp-content\/uploads\/2025\/01\/7Magic-Bar-Alpha-20000-100x100.webp 100w\" sizes=\"auto, (max-width: 2560px) 100vw, 2560px\" \/><\/h2>\n<h2>Magic Bar Alpha 20000 de trageri  E-\u021bigar\u0103 de unic\u0103 folosin\u021b\u0103: Alegerea perfect\u0103 pentru entuzia\u0219tii de vape din Germania<\/h2>\n<p>Die\u00a0<a href=\"https:\/\/alfakher24h.de\/ro\/\"><strong>Baton Magic Alpha 20000 de trageri \u021bigar\u0103 electronic\u0103 de unic\u0103 folosin\u021b\u0103<\/strong>\u00a0<\/a>Ofer\u0103 o experien\u021b\u0103 de vaporizare de neegalat, cu o capacitate impresionant\u0103 de p\u00e2n\u0103 la 20.000 de trageri. Dezvoltat pentru to\u021bi cei care caut\u0103 at\u00e2t o experien\u021b\u0103 de gust de \u00eenalt\u0103 calitate, c\u00e2t \u0219i o utilizare practic\u0103 \u0219i confortabil\u0103, acest produs de \u00eenalt\u0103 calitate reune\u0219te tot ceea ce \u0219i-ar dori cineva de la o \u021bigar\u0103 electronic\u0103 modern\u0103. Ideal\u0103 at\u00e2t pentru \u00eencep\u0103tori, c\u00e2t \u0219i pentru vapori experimenta\u021bi, Magic Bar Alpha 20k reprezint\u0103 un progres real \u00een domeniul \u021big\u0103rilor electronice de unic\u0103 folosin\u021b\u0103.<\/p>\n<p>Pe alfakher24h.de pute\u021bi cump\u0103ra direct aceast\u0103 e-\u021bigaret\u0103 remarcabil\u0103 online \u0219i pute\u021bi beneficia de o livrare rapid\u0103, precum \u0219i de cele mai bune pre\u021buri. Suntem principala platform\u0103 din Germania pentru<a href=\"https:\/\/alfakher24h.de\/ro\/\">\u00a0<strong>E-Zigarete de unic\u0103 folosin\u021b\u0103<\/strong><\/a>\u00a0\u0219i v\u0103 oferim cea mai mare selec\u021bie de produse pentru toate nevoile de vape.<\/p>\n<h3>De ce ar trebui s\u0103 alege\u021bi \u021bigara electronic\u0103 de unic\u0103 folosin\u021b\u0103 Magic Bar Alpha 20000 de puffs<\/h3>\n<h4>1.\u00a0<strong>Num\u0103r remarcabil\u0103 de 20.000 de trenuri<\/strong><\/h4>\n<p>Cu bara Magic Bar Alpha 20k primi\u021bi\u00a0<strong>p\u00e2n\u0103 la 20.000 de trenuri<\/strong>\u00a0pro unitate, ceea ce este extraordinar pentru un dispozitiv de unic\u0103 folosin\u021b\u0103. Acest lucru \u00eenseamn\u0103 pentru tine: te bucuri mai mult timp \u0219i trebuie s\u0103 cumperi mai rar o nou\u0103 \u021bigar\u0103 electronic\u0103.<\/p>\n<h4>2.\u00a0<strong>Capacitate E-Liquid de 25ml<\/strong><\/h4>\n<p>Dispozitivul este echipat cu un generos\u00a0<strong>25 ml lichid electronic<\/strong>\u00a0Echipat\u0103 cu o solu\u021bie bogat\u0103 \u00een arom\u0103 \u0219i nicotin\u0103. Indiferent dac\u0103 alege\u021bi varianta f\u0103r\u0103 nicotin\u0103, 20%, 30% sau 50% nicotin\u0103, Magic Bar Alpha r\u0103spunde nevoilor dvs. \u0219i ofer\u0103 o putere de vapoare constant\u0103 pe toat\u0103 durata de via\u021b\u0103 a \u021big\u0103rii electronice.<\/p>\n<h4>3.\u00a0<strong>Baterie puternic\u0103 cu 650mAh<\/strong><\/h4>\n<p>Echipat cu un\u00a0<strong>Baterie re\u00eenc\u0103rcabil\u0103 de 650mAh<\/strong>\u00a0este ideal\u0103 pentru o experien\u021b\u0103 de vaporizare de lung\u0103 durat\u0103. Chiar \u0219i \u00een cazul utiliz\u0103rii intense, bateria r\u0103m\u00e2ne \u00eentotdeauna eficient\u0103 \u0219i asigur\u0103 o experien\u021b\u0103 constant bun\u0103.<\/p>\n<h4>4.\u00a0<strong>Rezisten\u021ba optim\u0103 pentru vaporizarea DTL<\/strong><\/h4>\n<p>Die Magic Bar Alpha este echipat\u0103 cu o\u00a0<strong>0,5 \u03a9 bobin\u0103 cu ochiuri<\/strong>\u00a0dotate, care sunt special concepute pentru\u00a0<strong>DTL (Direct to Lung)<\/strong>\u00a0Optimizat\u0103 pentru vaporizare, aceast\u0103 tehnologie a bobinei v\u0103 ofer\u0103 nu numai un gust intens, ci \u0219i nori densi \u0219i satu\u021bi, care ridic\u0103 experien\u021ba dvs. de vaporizare la un nou nivel.<\/p>\n<h4>5.\u00a0<strong>Dimensiuni practice \u0219i compacte<\/strong><\/h4>\n<p>Cu o dimensiune compact\u0103 de\u00a0<strong>40 x 29 x 110 mm<\/strong>\u00a0\u0219i o greutate de numai\u00a0<strong>110g<\/strong>\u00a0Magic Bar Alpha este u\u0219or de utilizat \u0219i transportat. Indiferent dac\u0103 sunte\u021bi acas\u0103 sau \u00een deplasare, dispozitivul se potrive\u0219te f\u0103r\u0103 probleme \u00een orice buzunar.<\/p>\n<h4>6.\u00a0<strong>Moderne varietate de arome<\/strong><\/h4>\n<p>Un alt punct culminant al Magic Bar Alpha este varietatea de arome delicioase. Foarte popular este\u00a0<strong>Watermelon Bubble Gum<\/strong>O arom\u0103 care v\u0103 face s\u0103 sim\u021bi\u021bi c\u0103 v\u0103 cufunda\u021bi \u00eentr-o pl\u0103cere proasp\u0103t\u0103 \u0219i fructat\u0103. Dar \u0219i celelalte arome ofer\u0103 experien\u021be unice de gust care vor entuziasma orice vaporizator.<\/p>\n<h3>Magic Bar Alpha 20000 de trageri  E-\u021bigar\u0103 de unic\u0103 folosin\u021b\u0103: Alegerea perfect\u0103 pentru vaporizatorul modern<\/h3>\n<p>Die\u00a0<strong>Magic Bar Alpha 20k<\/strong>\u00a0a fost dezvoltat cu un obiectiv clar: oferirea unei experien\u021be de vaporizare de prim\u0103 clas\u0103, care s\u0103 fie at\u00e2t convenabil\u0103, c\u00e2t \u0219i puternic\u0103. \u00cen compara\u021bie cu \u021big\u0103rile electronice de unic\u0103 folosin\u021b\u0103 tradi\u021bionale, Magic Bar Alpha nu numai c\u0103 este superioar\u0103 \u00een ceea ce prive\u0219te num\u0103rul de pufuri \u0219i varietatea de arome, ci \u0219i \u00een ceea ce prive\u0219te u\u0219urin\u021ba general\u0103 \u00een utilizare. Datorit\u0103\u00a0<strong>Baterie re\u00eenc\u0103rcabil\u0103 de 650mAh<\/strong>\u00a0\u0219i cel\u00a0<strong>Capacitate de e-lichid 25ml<\/strong>\u00a0Bucura\u021bi-v\u0103 de o experien\u021b\u0103 de vaporizare uniform\u0103 \u0219i de lung\u0103 durat\u0103, f\u0103r\u0103 s\u0103 fie nevoie s\u0103 re\u00eenc\u0103rca\u021bi sau s\u0103 cump\u0103ra\u021bi din nou frecvent.<\/p>\n<p><img loading=\"lazy\" decoding=\"async\" class=\"alignnone wp-image-1774 size-full\" title=\"Tija Magic\u0103 Alpha 20000 de trageri \u021aigaret\u0103 electronic\u0103 de unic\u0103 folosin\u021b\u0103 - Guma de mestecat cu pepene verde 3\" src=\"https:\/\/alfakher24h.de\/wp-content\/uploads\/2025\/01\/9Magic-Bar-Alpha-20000-scaled.webp\" sizes=\"auto, (max-width: 2560px) 100vw, 2560px\" srcset=\"https:\/\/alfakher24h.de\/wp-content\/uploads\/2025\/01\/9Magic-Bar-Alpha-20000-scaled.webp 2560w, https:\/\/alfakher24h.de\/wp-content\/uploads\/2025\/01\/9Magic-Bar-Alpha-20000-300x300.webp 300w, https:\/\/alfakher24h.de\/wp-content\/uploads\/2025\/01\/9Magic-Bar-Alpha-20000-1024x1024.webp 1024w, https:\/\/alfakher24h.de\/wp-content\/uploads\/2025\/01\/9Magic-Bar-Alpha-20000-150x150.webp 150w, https:\/\/alfakher24h.de\/wp-content\/uploads\/2025\/01\/9Magic-Bar-Alpha-20000-768x768.webp 768w, https:\/\/alfakher24h.de\/wp-content\/uploads\/2025\/01\/9Magic-Bar-Alpha-20000-1536x1536.webp 1536w, https:\/\/alfakher24h.de\/wp-content\/uploads\/2025\/01\/9Magic-Bar-Alpha-20000-2048x2048.webp 2048w, https:\/\/alfakher24h.de\/wp-content\/uploads\/2025\/01\/9Magic-Bar-Alpha-20000-12x12.webp 12w, https:\/\/alfakher24h.de\/wp-content\/uploads\/2025\/01\/9Magic-Bar-Alpha-20000-600x600.webp 600w, https:\/\/alfakher24h.de\/wp-content\/uploads\/2025\/01\/9Magic-Bar-Alpha-20000-100x100.webp 100w\" alt=\"Bara Magic\u0103 Alpha 20000 de trageri \u021aigaret\u0103 electronic\u0103 de unic\u0103 folosin\u021b\u0103 - Guma de mestecat cu pepene verde\" width=\"2560\" height=\"2560\" \/><\/p>\n<h3>Func\u021bionalitate optim\u0103 pentru vapoare MTL \u0219i DTL<\/h3>\n<p>Bara Magic Alpha permite at\u00e2t\u00a0<strong>MTL<\/strong>\u00a0(Mouth to Lung) \u0219i de asemenea\u00a0<strong>DTL<\/strong>\u00a0( Direct la Lung )  Vapingul, care permite utilizatorilor s\u0103 g\u0103seasc\u0103 rezisten\u021ba perfect\u0103 la trac\u021biune pentru gustul lor personal. \u00cen timp ce \u00eencep\u0103torii prefer\u0103 adesea MTL pentru o trac\u021biune mai str\u00e2ns\u0103, asem\u0103n\u0103toare \u021big\u0103rilor, DTL este apreciat de vapoarele experimentate care caut\u0103 o experien\u021b\u0103 de vapoare mai intens\u0103.<\/p>\n<h3>Aromele tijei de unic\u0103 folosin\u021b\u0103 Magic Bar Alpha 20000 de e-\u021bigar\u0103<\/h3>\n<p>Selec\u021bia de\u00a0<strong>Aromele<\/strong>\u00a0Este la fel de excep\u021bional\u0103 la Magic Bar Alpha ca \u0219i propriet\u0103\u021bile sale tehnice. Fiecare arom\u0103 este creat\u0103 prin utilizarea de ingrediente de \u00eenalt\u0103 calitate \u0219i a unei tehnici de fabrica\u021bie precise, care asigur\u0103 un gust curat \u0219i pur.<\/p>\n<h3>Watermelon Bubble Gum: O pl\u0103cere r\u0103coritoare<\/h3>\n<p>Der\u00a0<strong>Watermelon Bubble Gum<\/strong>Gustul este adev\u0103ratul star al Magic Bar Alpha. El combin\u0103 dulcea\u021ba proasp\u0103t\u0103 \u0219i suculent\u0103 a pepenelui verde cu nota juc\u0103u\u0219\u0103 \u0219i dulce a gumelor de mestecat. Imagina\u021bi-v\u0103 c\u0103 mu\u0219ca\u021bi \u00eentr-o buc\u0103\u021bic\u0103 proasp\u0103t\u0103\u00a0<strong>Pepene verde<\/strong>\u00a0\u0219i se bucur\u0103 de clasicul, dulce\u00a0<strong>Gum\u0103 de mestecat<\/strong>-Aroma \u2013 o combina\u021bie perfect\u0103 de prospe\u021bime \u0219i dulcea\u021b\u0103 care nu v\u0103 va l\u0103sa indiferent \u00een timpul vaporiz\u0103rii. Gustul este pl\u0103cut \u0219i intens, f\u0103r\u0103 s\u0103 par\u0103 prea puternic, \u0219i ofer\u0103 o adev\u0103rat\u0103 \"atmosfer\u0103 de var\u0103\" la fiecare puf.<\/p>\n<p>Die\u00a0<strong>Pepene verde<\/strong>\u00a0Aduce o prospe\u021bime r\u0103coritoare, care este at\u00e2t de \u00eenvioreaz\u0103, c\u00e2t \u0219i de dulce. Dulcea\u021ba sa de fructe se armonizeaz\u0103 perfect cu guma de mestecat, care cu dulcea\u021ba sa nostalgic\u0103 \u0219i textura u\u0219oar\u0103 de mestecat aminte\u0219te de copil\u0103rie. Aceast\u0103 arom\u0103 este o adev\u0103rat\u0103 oper\u0103 de art\u0103, care aduce bucurie pe tot parcursul zilei. Cu fiecare inhalare, te apropii de senza\u021bia de a savura o felie de pepene verde proasp\u0103t t\u0103iat, \u00een timp ce o urm\u0103 de gum\u0103 de mestecat te \u00eenso\u021be\u0219te - aroma ideal\u0103 pentru cei care caut\u0103 o experien\u021b\u0103 dulce \u0219i r\u0103coritoare.<\/p>\n<h3>Alte arome ale barei Magic Bar Alpha<\/h3>\n<p>Al\u0103turi\u00a0<strong>Watermelon Bubble Gum<\/strong>\u00a0Ofer\u0103 Magic Bar Alpha \u0219i o serie de alte arome excelente, care fac vaporizarea variat\u0103 \u0219i interesant\u0103. Fiecare arom\u0103 a fost dezvoltat\u0103 cu aceea\u0219i aten\u021bie \u0219i precizie pentru a furniza o experien\u021b\u0103 de gust excep\u021bional\u0103 care te transport\u0103 \u00eentr-o lume diferit\u0103.<\/p>\n<h3>De ce ar trebui s\u0103 cump\u0103ra\u021bi \u021bigara electronic\u0103 de unic\u0103 folosin\u021b\u0103 Magic Bar Alpha 20000 de pufuri<\/h3>\n<p>Die\u00a0<strong>Magic Bar Alpha 20k<\/strong>\u00a0este alegerea perfect\u0103 pentru to\u021bi cei care caut\u0103 o experien\u021b\u0103 de vaporizare fiabil\u0103 \u0219i de lung\u0103 durat\u0103. Combina\u021bia dintre un num\u0103r impresionant de trageri \u0219i\u00a0<strong>20.000 de trenuri<\/strong>Cu o baterie puternic\u0103 \u0219i o gam\u0103 larg\u0103 de arome, aceasta devine un \u00eenso\u021bitor indispensabil pentru to\u021bi entuzia\u0219tii de vape. \u00cen plus, pute\u021bi cump\u0103ra produsul comod \u0219i \u00een siguran\u021b\u0103 pe site-ul nostru alfakher24h.de, principalul furnizor de\u00a0<strong>E-Zigarete de unic\u0103 folosin\u021b\u0103 \u00een Germania<\/strong>.<\/p>\n<p>Dac\u0103 deci sunte\u021bi \u00een c\u0103utarea unui produs de \u00eenalt\u0103 calitate, practic \u0219i cu un gust conving\u0103tor\u00a0<strong>E-Zigarette de unic\u0103 folosin\u021b\u0103 cu nicotin\u0103<\/strong>\u00a0atunci sunt, este\u00a0<strong>Magic Bar Alpha 20k<\/strong>\u00a0Cea mai bun\u0103 alegere pentru tine!<\/p>\n<h2>Concluzie<\/h2>\n<p>Cu ajutorul<a href=\"https:\/\/alfakher24h.de\/ro\/\">\u00a0<strong>Baton Magic Alpha 20000 de trageri \u021bigar\u0103 electronic\u0103 de unic\u0103 folosin\u021b\u0103<\/strong>\u00a0<\/a>alege\u021bi un produs care at\u00e2t din punct de vedere al calit\u0103\u021bii, c\u00e2t \u0219i al gustului las\u0103 loc pentru zero dorin\u021be.\u00a0<strong>Capacitate de e-lichid 25ml<\/strong>, bateria re\u00eenc\u0103rcabil\u0103 \u0219i marea varietate de arome delicioase v\u0103 ofer\u0103 o experien\u021b\u0103 de vaporizare de neegalat, pe care nu ar trebui s\u0103 o rata\u021bi. Vizita\u021bi alfakher24h.de \u0219i r\u0103sf\u0103\u021ba\u021bi-v\u0103 cu Magic Bar Alpha ast\u0103zi - vaporizarea nu a fost niciodat\u0103 at\u00e2t de u\u0219oar\u0103 \u0219i delicioas\u0103!<\/p>","protected":false},"excerpt":{"rendered":"<p>Cu ajutorul<a href=\"https:\/\/alfakher24h.de\/ro\/\">\u00a0<strong>Baton Magic Alpha 20000 de trageri \u021bigar\u0103 electronic\u0103 de unic\u0103 folosin\u021b\u0103<\/strong>\u00a0<\/a>alege\u021bi un produs care at\u00e2t din punct de vedere al calit\u0103\u021bii, c\u00e2t \u0219i al gustului las\u0103 loc pentru zero dorin\u021be.\u00a0<strong>Capacitate de e-lichid 25ml<\/strong>,<\/p>","protected":false},"featured_media":1475,"comment_status":"open","ping_status":"closed","template":"","meta":{"om_disable_all_campaigns":false},"product_brand":[],"product_cat":[39],"product_tag":[],"class_list":{"0":"post-1472","1":"product","2":"type-product","3":"status-publish","4":"has-post-thumbnail","6":"product_cat-magic-bar-20000","8":"first","9":"instock","10":"shipping-taxable","11":"purchasable","12":"product-type-simple"},"_links":{"self":[{"href":"https:\/\/alfakher24h.de\/ro\/wp-json\/wp\/v2\/product\/1472","targetHints":{"allow":["GET"]}}],"collection":[{"href":"https:\/\/alfakher24h.de\/ro\/wp-json\/wp\/v2\/product"}],"about":[{"href":"https:\/\/alfakher24h.de\/ro\/wp-json\/wp\/v2\/types\/product"}],"replies":[{"embeddable":true,"href":"https:\/\/alfakher24h.de\/ro\/wp-json\/wp\/v2\/comments?post=1472"}],"wp:featuredmedia":[{"embeddable":true,"href":"https:\/\/alfakher24h.de\/ro\/wp-json\/wp\/v2\/media\/1475"}],"wp:attachment":[{"href":"https:\/\/alfakher24h.de\/ro\/wp-json\/wp\/v2\/media?parent=1472"}],"wp:term":[{"taxonomy":"product_brand","embeddable":true,"href":"https:\/\/alfakher24h.de\/ro\/wp-json\/wp\/v2\/product_brand?post=1472"},{"taxonomy":"product_cat","embeddable":true,"href":"https:\/\/alfakher24h.de\/ro\/wp-json\/wp\/v2\/product_cat?post=1472"},{"taxonomy":"product_tag","embeddable":true,"href":"https:\/\/alfakher24h.de\/ro\/wp-json\/wp\/v2\/product_tag?post=1472"}],"curies":[{"name":"wp","href":"https:\/\/api.w.org\/{rel}","templated":true}]}}