{"id":1438,"date":"2025-01-09T04:32:39","date_gmt":"2025-01-09T04:32:39","guid":{"rendered":"https:\/\/alfakher24h.de\/?post_type=product&#038;p=1438"},"modified":"2025-01-09T04:32:40","modified_gmt":"2025-01-09T04:32:40","slug":"fizzy-great-10000-pufuri-tigara-electronica-de-unica-folosinta-lychee-lamaie","status":"publish","type":"product","link":"https:\/\/alfakher24h.de\/ro\/produs\/fizzy-great-10000-pufuri-tigara-electronica-de-unica-folosinta-lychee-lamaie\/","title":{"rendered":"Fizzy GREAT 10000 de trageri E-\u021bigaret\u0103 de unic\u0103 folosin\u021b\u0103 \u2013 Lychee Lemon"},"content":{"rendered":"<h2><strong>Fizzy GREAT 10000 Z\u00fcge Einweg E Zigarette \u2013 Premium Dampferlebnis \u00een Germania<\/strong><\/h2>\n<p>Die\u00a0<strong>Fizzy GREAT 10000 de trageri E-\u021bigaret\u0103 de unic\u0103 folosin\u021b\u0103<\/strong>\u00a0este alegerea perfect\u0103 pentru vape-urile care caut\u0103 o experien\u021b\u0103 puternic\u0103, portabil\u0103 \u0219i cu un gust intens. Cu un impresionant\u00a0<strong>Capacitate de 10.000 trenuri<\/strong>\u00a0ofer\u0103 acest dispozitiv de unic\u0103 folosin\u021b\u0103 nu numai confort \u0219i calitate, ci \u0219i o durat\u0103 lung\u0103 de via\u021b\u0103 pentru o utilizare \u00eendelungat\u0103. Perfect pentru via\u021ba de zi cu zi, pentru deplas\u0103ri sau pentru savurarea acas\u0103 \u2013\u00a0<strong>Fizzy GREAT<\/strong>\u00a0va oferi \u00eentotdeauna o experien\u021b\u0103 de vaporizare satisf\u0103c\u0103toare.<\/p>\n<h3><strong>Descrierea produsului - Experien\u021ba dvs. premium de vape<\/strong><\/h3>\n<p>Die\u00a0<strong>Fizzy GREAT 10000 de trageri E-\u021bigaret\u0103 de unic\u0103 folosin\u021b\u0103<\/strong>\u00a0combin\u0103 tehnologie avansat\u0103, design atractiv \u0219i o varietate de arome delicioase \u00eentr-un dispozitiv compact. Cu o dimensiune de\u00a0<strong>85,3 mm x 53 mm<\/strong>\u00a0\u0219i unul\u00a0<strong>design u\u0219or ca greutate<\/strong>\u00a0se potrive\u0219te acestea\u00a0<strong>E-\u021bigaret\u0103 de unic\u0103 folosin\u021b\u0103<\/strong>\u00a0u\u0219or de pus \u00een orice buzunar \u0219i este ideal pentru consum rapid \u00een deplasare. \u00cen ciuda formei lor compacte, ofer\u0103\u00a0<strong>Fizzy GREAT<\/strong>\u00a0cu una\u00a0<strong>18 ml capacitate E-Liquid<\/strong>\u00a0\u0219i unul\u00a0<strong>Capacitate baterie de 650 mAh<\/strong>\u00a0O durat\u0103 de valabilitate lung\u0103 \u0219i performan\u021b\u0103 optim\u0103.<\/p>\n<p>Cu o selec\u021bie de\u00a0<strong>Nikotinst\u00e4rken von 2% und 5%<\/strong>\u00a0ofer\u0103 flexibilitatea de a selecta con\u021binutul de nicotin\u0103 \u00een func\u021bie de preferin\u021bele personale. Utilizeaz\u0103 tehnologia modern\u0103\u00a0<strong>Tehnologie cu bobin\u0103 de plas\u0103<\/strong>care \u00eembun\u0103t\u0103\u021be\u0219te gustul \u0219i produc\u021bia de vapori, astfel \u00eenc\u00e2t fiecare tragere s\u0103 ofere o experien\u021b\u0103 de vaporizare lin\u0103 \u0219i intens\u0103. Dispozitivul este\u00a0<strong>re\u00eenc\u0103rcabil<\/strong>\u00a0\u0219i dispune de un\u00a0<strong>Conector de tip C<\/strong>astfel \u00eenc\u00e2t timpul de \u00eenc\u0103rcare s\u0103 fie minim - mai mult timp pentru vaporizare \u0219i mai pu\u021bin pentru a\u0219teptare.<\/p>\n<p>Fiecare\u00a0<strong>Fizzy GREAT 10000 de trageri E-\u021bigaret\u0103 de unic\u0103 folosin\u021b\u0103<\/strong>\u00a0viene \u00eentr-o ambalare practic\u0103 cu\u00a0<strong>10 dispozitive<\/strong>, ceea ce le face o alegere excelent\u0103 pentru utilizarea personal\u0103 sau pentru a le \u00eemp\u0103rt\u0103\u0219i cu prietenii. Diversitatea aromelor ofer\u0103 pentru fiecare vaporizator experien\u021ba de gust potrivit\u0103 - de la fructat la r\u0103coritor, exist\u0103 ceva pentru fiecare gust.<\/p>\n<p><strong>Cump\u0103ra\u021bi acum Fizzy GREAT 10000 de trageri E-\u021bigaret\u0103 de unic\u0103 folosin\u021b\u0103 pe alfakher24h.de\/ - magazinul online lider pentru E-\u021bigarete de \u00eenalt\u0103 calitate de unic\u0103 folosin\u021b\u0103 din Germania!<\/strong><\/p>\n<hr \/>\n<h3><strong>Caracteristici produs Fizzy GREAT 10000 Z\u00fcge  E-\u021bigaret\u0103 de unic\u0103 folosin\u021b\u0103<\/strong><\/h3>\n<ul>\n<li><strong>Capacitate mare de transport feroviar<\/strong>: P\u00e2n\u0103 la\u00a0<strong>10.000 de trenuri<\/strong>\u00a0pentru o utilizare \u00eendelungat\u0103, ideal pentru utilizarea zilnic\u0103.<\/li>\n<li><strong>Op\u021biuni de nicotin\u0103<\/strong>: Selecta\u021bi \u00eentre\u00a0<strong>2 % sau 5 % nicotin\u0103<\/strong>\u00a0pentru con\u021binutul de nicotin\u0103 dorit.<\/li>\n<li><strong>18 ml capacitate E-Liquid<\/strong>O cantitate mare de lichid electronic pentru o experien\u021b\u0103 \u00eendelungat\u0103.<\/li>\n<li><strong>Tehnologie avansat\u0103 cu bobin\u0103 de plas\u0103<\/strong>Asigur\u0103 o produc\u021bie uniform\u0103 de abur \u0219i un gust intens.<\/li>\n<li><strong>Dimensiuni compacte<\/strong>: Cu\u00a0<strong>85,3 mm x 53 mm<\/strong>\u00a0E-Zigarette este perfect\u0103 pentru deplas\u0103ri.<\/li>\n<li><strong>\u00cenc\u0103rcare rapid\u0103<\/strong>: Der\u00a0<strong>Conector de tip C<\/strong>\u00a0permite o \u00eenc\u0103rcare rapid\u0103 \u0219i eficient\u0103.<\/li>\n<li><strong>Baterie re\u00eenc\u0103rcabil\u0103 de 650 mAh<\/strong>Pentru o durat\u0103 de utilizare mai lung\u0103 f\u0103r\u0103 re\u00eenc\u0103rcare constant\u0103.<\/li>\n<li><strong>Disponibil \u00een diferite arome<\/strong>O varietate de arome pentru fiecare gust.<\/li>\n<li><strong>Pachet practic cu 10 dispozitive<\/strong>Ideal pentru utilizare personal\u0103 sau pentru partajare.<\/li>\n<li><strong>Ideal pentru cump\u0103rarea de vape \u00een Germania<\/strong>: Kaufen Sie Ihr Ger\u00e4t bequem auf alfakher24h.de\/, dem gr\u00f6\u00dften Online-Shop f\u00fcr Einweg E Zigaretten.\n\nbecumpara dispozitivul dvs. comod pe alfakher24h.de\/, cel mai mare magazin online pentru tigari electronice de unic\u0103 folosin\u021b\u0103.<\/li>\n<\/ul>\n<hr \/>\n<h3><strong>Aromele Fizzy GREAT 10000 Z\u00fcge de unic\u0103 folosin\u021b\u0103 e-\u021bigar\u0103<\/strong><\/h3>\n<p>Die\u00a0<strong>Fizzy GREAT 10000 de trageri E-\u021bigaret\u0103 de unic\u0103 folosin\u021b\u0103<\/strong>\u00a0viene selectat dintr-un grup de\u00a0<strong>arome de gust incomparabil de delicios<\/strong>care v\u0103 vor r\u0103sf\u0103\u021ba sim\u021burile. Fiecare vapoare ofer\u0103 o combina\u021bie perfect\u0103 de arom\u0103 \u0219i abur pentru a v\u0103 optimiza experien\u021ba de vapare. Iat\u0103 c\u00e2teva dintre cele mai populare \u0219i mai exquisite arome care v\u0103 vor \u00eenso\u021bi \u00een aventura dvs. de vapare:<\/p>\n<h4><strong>Pepene verde<\/strong><\/h4>\n<p>Die\u00a0<strong>Pepene verde<\/strong>\u00a0este un clasic printre aromele fructate \u0219i ofer\u0103 o experien\u021b\u0103 de vaporizare r\u0103coritoare. Fiecare puf\u0103tur\u0103 ofer\u0103 gustul de pepene verde suculent \u0219i dulce, care nu lipse\u0219te \u00eentr-o zi de var\u0103 fierbinte. Gustul este pl\u0103cut de dulce, dar nu exagerat - se desf\u0103\u0219oar\u0103 u\u0219or pe limb\u0103 \u0219i asigur\u0103 o experien\u021b\u0103 r\u0103coritoare \u0219i fructat\u0103. The\u00a0<strong>Fizzy GREAT Pepene verde<\/strong>\u00a0Combin\u0103 prospe\u021bimea \u0219i dulcea\u021ba \u00eentr-un raport perfect \u0219i este deosebit de potrivit pentru vapori care apreciaz\u0103 simplitatea unei note fructate.<\/p>\n<h4><strong>Lychee Lemon<\/strong><\/h4>\n<p>Der\u00a0<strong>Lychee Lemon<\/strong>\u00a0Gustul ofer\u0103 un amestec interesant de dulce exotic \u0219i o not\u0103 de citrice r\u0103coritoare. Gustul dulce \u0219i suculent al\u00a0<strong>Litchi<\/strong>\u00a0se potrive\u0219te cu cea s\u0103rat\u0103, r\u0103coritoare\u00a0<strong>Not\u0103 de l\u0103m\u00e2ie<\/strong>care face experien\u021ba de vaporizare \u0219i mai vibrant\u0103. Aceast\u0103 combina\u021bie unic\u0103 aduce o not\u0103 de vacan\u021b\u0103 tropical\u0103 \u00een pauzele dvs. de vaporizare \u0219i asigur\u0103 un echilibru perfect \u00eentre dulce \u0219i acru. Perfect pentru vaporizatorii care iubesc aromele fructate \u0219i citrice.<\/p>\n<hr \/>\n<h3><strong>De ce ar trebui s\u0103\u00a0<a href=\"https:\/\/alfakher24h.de\/ro\/\">Fizzy GREAT 10000 de trageri  E-\u021bigaret\u0103 de unic\u0103 folosin\u021b\u0103<\/a> Cump\u0103ra?<\/strong><\/h3>\n<ol>\n<li><strong>Vaporare prelungit\u0103<\/strong>: Cu\u00a0<strong>p\u00e2n\u0103 la 10000 de trageri<\/strong>\u00a0Aceast\u0103 \u021bigar\u0103 electronic\u0103 de unic\u0103 folosin\u021b\u0103 ofer\u0103 o durabilitate remarcabil\u0103, permi\u021b\u00e2ndu-v\u0103 s\u0103 v\u0103 bucura\u021bi de o perioad\u0103 lung\u0103 de timp f\u0103r\u0103 s\u0103 fie nevoie de re\u00eenc\u0103rcare sau reumplere.<\/li>\n<li><strong>Op\u021biuni versatile de nicotin\u0103<\/strong>: Alege\u021bi puterea de nicotin\u0103 care se potrive\u0219te cel mai bine preferin\u021belor dvs. \u2013\u00a0<strong>2 1\/3 sau 5 1\/3<\/strong>\u00a0Nikotin\u0103.<\/li>\n<li><strong>Diferite arome<\/strong>Descoperi\u021bi o gam\u0103 larg\u0103 de\u00a0<strong>arome fructate \u0219i r\u0103coritoare<\/strong>care fac vaporizarea o experien\u021b\u0103 variat\u0103.<\/li>\n<li><strong>Manipulare u\u0219oar\u0103 \u0219i mobilitate<\/strong>: Die\u00a0<strong>dimensiuni compacte<\/strong>\u00a0Acest lucru face dispozitivul ideal pentru deplas\u0103ri, perfect pentru utilizarea zilnic\u0103.<\/li>\n<li><strong>\u00cenc\u0103rcare rapid\u0103 \u0219i durat\u0103 lung\u0103 de via\u021b\u0103 a bateriei<\/strong>: Cu un\u00a0<strong>Conector de tip C<\/strong>\u00a0\u0219i unul puternic\u00a0<strong>Acumulator re\u00eenc\u0103rcabil<\/strong>\u00a0este\u00a0<strong>Fizzy GREAT<\/strong>\u00a0\u00centotdeauna gata de ac\u021biune.<\/li>\n<li><strong>Pentru to\u021bi vaporatorii, potrivit<\/strong>: Indiferent dac\u0103 sunte\u021bi \u00eencep\u0103tor sau un vaporizator experimentat - acest dispozitiv ofer\u0103 o experien\u021b\u0103 de vaporizare simpl\u0103 \u0219i pl\u0103cut\u0103.<\/li>\n<li><strong>Direct din cel mai bun magazin online<\/strong>Cump\u0103ra\u021bi-v\u0103<a href=\"https:\/\/alfakher24h.de\/ro\/\">\u00a0<strong>E-\u021bigarete de unic\u0103 folosin\u021b\u0103<\/strong> <\/a>pe alfakher24h.de\/, platforma principal\u0103 din Germania, pentru a v\u0103 asigura c\u0103 primi\u021bi numai produse de \u00eenalt\u0103 calitate.<\/li>\n<\/ol>\n<p><img loading=\"lazy\" decoding=\"async\" class=\"alignnone wp-image-1326 size-full\" title=\"Fizzy GREAT 10000 Z\u00fcge Einweg E Zigarette - Lychee Lemon 2 se traduce \u00een  Fizzy GREAT 10000 de trageri E-\u021bigar\u0103 de unic\u0103 folosin\u021b\u0103 - Lychee Lemon 2\" src=\"https:\/\/alfakher24h.de\/wp-content\/uploads\/2025\/01\/Fizzy-GREAT-10000-2.webp\" sizes=\"auto, (max-width: 1280px) 100vw, 1280px\" srcset=\"https:\/\/alfakher24h.de\/wp-content\/uploads\/2025\/01\/Fizzy-GREAT-10000-2.webp 1280w, https:\/\/alfakher24h.de\/wp-content\/uploads\/2025\/01\/Fizzy-GREAT-10000-2-300x197.webp 300w, https:\/\/alfakher24h.de\/wp-content\/uploads\/2025\/01\/Fizzy-GREAT-10000-2-1024x671.webp 1024w, https:\/\/alfakher24h.de\/wp-content\/uploads\/2025\/01\/Fizzy-GREAT-10000-2-768x503.webp 768w, https:\/\/alfakher24h.de\/wp-content\/uploads\/2025\/01\/Fizzy-GREAT-10000-2-18x12.webp 18w, https:\/\/alfakher24h.de\/wp-content\/uploads\/2025\/01\/Fizzy-GREAT-10000-2-600x393.webp 600w\" alt=\"Fizzy GREAT 10000 de trageri E-\u021bigaret\u0103 de unic\u0103 folosin\u021b\u0103 - Lychee Lemon\" width=\"1280\" height=\"839\" \/><\/p>\n<h3><strong>Concluzie<\/strong><\/h3>\n<p>Die\u00a0<strong>Fizzy GREAT 10000 de trageri E-\u021bigaret\u0103 de unic\u0103 folosin\u021b\u0103<\/strong>\u00a0este alegerea perfect\u0103 pentru to\u021bi cei care caut\u0103 o experien\u021b\u0103 de vaporizare puternic\u0103, portabil\u0103 \u0219i cu un gust intens. Cu o durat\u0103 de via\u021b\u0103 lung\u0103, diferite op\u021biuni de nicotin\u0103 \u0219i o varietate de arome delicioase, aceasta\u00a0<strong>E-\u021bigaret\u0103 de unic\u0103 folosin\u021b\u0103<\/strong>\u00a0s\u0103 v\u0103 \u00eendeplineasc\u0103 cu siguran\u021b\u0103 a\u0219tept\u0103rile. Cump\u0103ra\u021bi acum\u00a0<strong>Fizzy GREAT<\/strong> aufalfakher24h.de\/\u00a0Ihrer vertrauensw\u00fcrdigen Quelle f\u00fcr hochwertige \n\nbecomes \n\naufalfakher24h.de\/ Sursei dvs. de \u00eencredere pentru produse de \u00eenalt\u0103 calitate\u00a0<strong>E-\u021bigarete de unic\u0103 folosin\u021b\u0103<\/strong>\u00a0\u00een Germania!<\/p>\n<hr \/>\n<p><strong>Mai multe sfaturi pentru cump\u0103rarea de \u021big\u0103ri electronice de unic\u0103 folosin\u021b\u0103<\/strong>La cump\u0103rarea de\u00a0<a href=\"https:\/\/alfakher24h.de\/ro\/\"><strong>E-\u021bigarete de unic\u0103 folosin\u021b\u0103<\/strong><\/a>\u00a0Trebuie s\u0103 acorda\u021bi \u00eentotdeauna aten\u021bie calit\u0103\u021bii, gustului \u0219i u\u0219urin\u021bei \u00een utilizare.\u00a0<strong>Fizzy GREAT<\/strong> ofer\u0103 toate aceste caracteristici \u00eentr-un dispozitiv compact, care v\u0103 ridic\u0103 experien\u021ba de vaporizare la urm\u0103torul nivel. Vizita\u021bi <a href=\"https:\/\/alfakher24h.de\/ro\/\">alfakher24h.de<\/a>\u0219i descoper\u0103 varietatea de arome \u0219i op\u021biuni de nicotin\u0103 care sunt potrivite pentru fiecare vaporizator.<\/p>","protected":false},"excerpt":{"rendered":"<p><strong>Fizzy GREAT 10000 de trageri E-\u021bigaret\u0103 de unic\u0103 folosin\u021b\u0103<\/strong>\u00a0este alegerea perfect\u0103 pentru to\u021bi cei care caut\u0103 o experien\u021b\u0103 de vaporizare puternic\u0103, portabil\u0103 \u0219i cu un gust intens. Cu o durat\u0103 de via\u021b\u0103 lung\u0103,<\/p>","protected":false},"featured_media":1443,"comment_status":"open","ping_status":"closed","template":"","meta":{"om_disable_all_campaigns":false},"product_brand":[],"product_cat":[38],"product_tag":[],"class_list":{"0":"post-1438","1":"product","2":"type-product","3":"status-publish","4":"has-post-thumbnail","6":"product_cat-fizzy-great-10000","8":"first","9":"instock","10":"shipping-taxable","11":"purchasable","12":"product-type-simple"},"_links":{"self":[{"href":"https:\/\/alfakher24h.de\/ro\/wp-json\/wp\/v2\/product\/1438","targetHints":{"allow":["GET"]}}],"collection":[{"href":"https:\/\/alfakher24h.de\/ro\/wp-json\/wp\/v2\/product"}],"about":[{"href":"https:\/\/alfakher24h.de\/ro\/wp-json\/wp\/v2\/types\/product"}],"replies":[{"embeddable":true,"href":"https:\/\/alfakher24h.de\/ro\/wp-json\/wp\/v2\/comments?post=1438"}],"wp:featuredmedia":[{"embeddable":true,"href":"https:\/\/alfakher24h.de\/ro\/wp-json\/wp\/v2\/media\/1443"}],"wp:attachment":[{"href":"https:\/\/alfakher24h.de\/ro\/wp-json\/wp\/v2\/media?parent=1438"}],"wp:term":[{"taxonomy":"product_brand","embeddable":true,"href":"https:\/\/alfakher24h.de\/ro\/wp-json\/wp\/v2\/product_brand?post=1438"},{"taxonomy":"product_cat","embeddable":true,"href":"https:\/\/alfakher24h.de\/ro\/wp-json\/wp\/v2\/product_cat?post=1438"},{"taxonomy":"product_tag","embeddable":true,"href":"https:\/\/alfakher24h.de\/ro\/wp-json\/wp\/v2\/product_tag?post=1438"}],"curies":[{"name":"wp","href":"https:\/\/api.w.org\/{rel}","templated":true}]}}