{"id":1434,"date":"2025-01-07T06:27:01","date_gmt":"2025-01-07T06:27:01","guid":{"rendered":"https:\/\/alfakher24h.de\/?post_type=product&#038;p=1434"},"modified":"2025-01-07T06:27:01","modified_gmt":"2025-01-07T06:27:01","slug":"fizzy-great-10000-pufuri-tigara-electronica-de-unica-folosinta-struguri-zmeura","status":"publish","type":"product","link":"https:\/\/alfakher24h.de\/ro\/produs\/fizzy-great-10000-pufuri-tigara-electronica-de-unica-folosinta-struguri-zmeura\/","title":{"rendered":"Fizzy GREAT 10000 de trageri E-\u021bigaret\u0103 de unic\u0103 folosin\u021b\u0103 \u2013 Raspberry Grape"},"content":{"rendered":"<h2><strong>Fizzy GREAT 10000 de trageri  E-\u021bigar\u0103 de unic\u0103 folosin\u021b\u0103: Companionul perfect pentru vaporizare<\/strong><\/h2>\n<p>Die\u00a0<a href=\"https:\/\/alfakher24h.de\/ro\/\"><strong>Fizzy GREAT 10000 de trageri E-\u021bigaret\u0103 de unic\u0103 folosin\u021b\u0103<\/strong><\/a>\u00a0este \u00eentruchiparea confortului, a calit\u0103\u021bii \u0219i a experien\u021bei de vaporizare de lung\u0103 durat\u0103. Fiind unul dintre cele mai avansate dispozitive de vape de unic\u0103 folosin\u021b\u0103 de pe pia\u021b\u0103, ofer\u0103 tot ce ave\u021bi nevoie pentru o experien\u021b\u0103 de vaporizare intens\u0103 \u0219i aromat\u0103. Indiferent dac\u0103 sunte\u021bi un vaporizator experimentat sau \u00eencep\u0103tor, acest vaporizator v\u0103 va pl\u0103cea datorit\u0103 func\u021bion\u0103rii sale u\u0219oare \u0219i performan\u021bei excep\u021bionale.<\/p>\n<p>Cu\u00a0<strong>p\u00e2n\u0103 la 10000 de trageri<\/strong>\u00a0v\u0103 pute\u021bi baza pe o durat\u0103 de via\u021b\u0103 lung\u0103 a dispozitivului, ceea ce \u00eel face una dintre cele mai puternice \u021big\u0103ri electronice de unic\u0103 folosin\u021b\u0103 de pe pia\u021b\u0103. Datorit\u0103\u00a0<strong>capacitate mare de lichid electronic de 18 ml<\/strong>\u00a0\u0219i alegerea \u00eentre\u00a0<strong>2% \u0219i 5% nicotin\u0103<\/strong>\u00a0Ave\u021bi control asupra intensit\u0103\u021bii pl\u0103cerii. \u00cen plus, asigur\u0103\u00a0<strong>Tehnologie cu bobin\u0103 de plas\u0103<\/strong>\u00a0Pentru o produc\u021bie optim\u0103 de abur \u0219i un gust intens, care r\u0103m\u00e2ne constant chiar \u0219i \u00een cazul utiliz\u0103rii frecvente.<\/p>\n<h3>Caracteristici produs<\/h3>\n<ul>\n<li><strong>Marc\u0103<\/strong>: FIZZY<\/li>\n<li><strong>Model<\/strong>: Fizzy GREAT<\/li>\n<li><strong>M\u0103rimea<\/strong>: 85,3 mm x 53 mm<\/li>\n<li><strong>Capacitatea bateriei<\/strong>: 650 mAh (Typ-C)<\/li>\n<li><strong>Capacitate de pod<\/strong>: 18 ml<\/li>\n<li><strong>Con\u021binut de nicotin\u0103<\/strong>: 5% \/ 2%<\/li>\n<li><strong>Trenuri<\/strong>: P\u00e2n\u0103 la 10000 de trenuri<\/li>\n<li><strong>Priza de \u00eenc\u0103rcare<\/strong>: Tip-C pentru \u00eenc\u0103rcare rapid\u0103<\/li>\n<li><strong>Portabilitate<\/strong>Compact \u0219i u\u0219or pentru transport simplu<\/li>\n<li><strong>Aromele<\/strong>: O varietate de arome fructate \u0219i r\u0103coritoare<\/li>\n<\/ul>\n<h3>De ce ar trebui s\u0103 alege\u021bi \u021bigara electronic\u0103 de unic\u0103 folosin\u021b\u0103 Fizzy GREAT 10000 de pufuri?<\/h3>\n<p>Die\u00a0<strong>Fizzy GREAT 10000 de trageri E-\u021bigaret\u0103 de unic\u0103 folosin\u021b\u0103<\/strong>\u00a0reune\u0219te toate avantajele pe care \u0219i le doresc vapoarele: Ea este\u00a0<strong>practic<\/strong>,\u00a0<strong>puternic<\/strong>\u00a0\u0219i\u00a0<strong>ca gust<\/strong>\u00a0remarcabil. Iat\u0103 c\u00e2teva dintre principalele motive pentru care acest dispozitiv este alegerea perfect\u0103 pentru tine:<\/p>\n<h4>1.\u00a0<strong>Durat\u0103 lung\u0103 de via\u021b\u0103 \u0219i capacitate mare<\/strong><\/h4>\n<p>cu o capacitate de\u00a0<strong>18 ml E-Liquid<\/strong>\u00a0\u0219i o putere de p\u00e2n\u0103 la\u00a0<strong>10.000 de trageri<\/strong>\u00a0Este aceast\u0103 \u021bigar\u0103 electronic\u0103 de unic\u0103 folosin\u021b\u0103 una dintre cele mai durabile \u0219i mai puternice de pe pia\u021b\u0103. Pute\u021bi bucura de experien\u021ba de vaporizare zile \u00eentregi, f\u0103r\u0103 s\u0103 v\u0103 face\u021bi griji c\u0103 dispozitivul se epuizeaz\u0103 prea repede.<\/p>\n<h4>2.\u00a0<strong>Produc\u021bie de abur de \u00eenalt\u0103 calitate \u0219i arom\u0103<\/strong><\/h4>\n<p>Datorit\u0103 inovatoarelor\u00a0<strong>Tehnologie cu bobin\u0103 de plas\u0103<\/strong>\u00a0Gustul fiec\u0103rui puf este optimizat. Acest lucru asigur\u0103 nu numai o eliberare uniform\u0103 a vaporilor, ci \u0219i un gust clar \u0219i intens, care face vaporizarea o adev\u0103rat\u0103 pl\u0103cere.<\/p>\n<h4>3.\u00a0<strong>Utilizare confortabil\u0103<\/strong><\/h4>\n<p>Cu un\u00a0<strong>650 mAh baterie<\/strong>care se afl\u0103 peste\u00a0<strong>Tip-C<\/strong>\u00a0este \u00eenc\u0103rcat, este\u00a0<strong>Fizzy GREAT<\/strong>\u00a0deosebit de prietenos cu utilizatorul. Un\u00a0<strong>\u00cenc\u0103rcare rapid\u0103<\/strong>\u00a0\u00eenseamn\u0103 mai pu\u021bin timp de a\u0219teptare \u0219i mai mult timp pentru vaporizare. Designul compact se potrive\u0219te cu u\u0219urin\u021b\u0103 \u00een buzunarul sau po\u0219eta dvs., astfel \u00eenc\u00e2t s\u0103 \u00eel pute\u021bi lua oriunde.<\/p>\n<h4>4.\u00a0<strong>Multe arome<\/strong><\/h4>\n<p>Die\u00a0<strong>Fizzy GREAT 10000 de trageri E-\u021bigaret\u0103 de unic\u0103 folosin\u021b\u0103<\/strong>\u00a0este disponibil \u00een multe arome interesante, astfel \u00eenc\u00e2t exist\u0103 ceva pentru fiecare gust. Indiferent dac\u0103 prefera\u021bi arome fructate, r\u0103coritoare sau clasice, cu siguran\u021b\u0103 ve\u021bi g\u0103si aroma perfect\u0103 pentru dumneavoastr\u0103.<\/p>\n<h4>5.\u00a0<strong>Versatilitate \u0219i flexibilitate<\/strong><\/h4>\n<p>Cu alegerea \u00eentre\u00a0<strong>2% \u0219i 5% nicotin\u0103<\/strong>\u00a0Pute\u021bi regla puterea pentru a v\u0103 bucura de o experien\u021b\u0103 de vaporizare care se potrive\u0219te perfect preferin\u021belor dvs. Acest lucru face ca\u00a0<strong>Fizzy GREAT<\/strong>\u00a0o alegere ideal\u0103 pentru to\u021bi vaporatorii care doresc o experien\u021b\u0103 individual\u0103 \u0219i personalizat\u0103.<\/p>\n<h3><strong>Arome<\/strong>\u00a0Diversitatea experien\u021belor gustative<\/h3>\n<p>Un caracteristic\u0103 remarcabil\u0103 a\u00a0<strong>Fizzy GREAT 10000 Z\u00fcge Einweg Vaporizers \nse traduce en \n Fizzy GREAT 10000 de trageri Vaporizatori de unic\u0103 folosin\u021b\u0103<\/strong>\u00a0este marea selec\u021bie de\u00a0<strong>Aromele<\/strong>Fiecare arom\u0103 a fost dezvoltat\u0103 cu grij\u0103 pentru a v\u0103 oferi o experien\u021b\u0103 de vaporizare intens\u0103 \u0219i gustoas\u0103, care s\u0103 v\u0103 \u00eemprosp\u0103teze sim\u021burile. S\u0103 vedem c\u00e2teva dintre cele mai populare\u00a0<strong>Arome<\/strong>\u00a0s\u0103 examin\u0103m mai \u00eendeaproape:<\/p>\n<h4><strong>Pepene verde \u2013 Pepene verde proasp\u0103t pentru var\u0103<\/strong><\/h4>\n<p>Der\u00a0<strong>Pepene verde<\/strong>Gust \u00een\u00a0<strong>Fizzy GREAT 10000 de trageri E-\u021bigaret\u0103 de unic\u0103 folosin\u021b\u0103<\/strong>\u00a0Este o adev\u0103rat\u0103 r\u0103corire pentru gust. Aceast\u0103 arom\u0103 surprinde perfect parfumul dulce \u0219i suculent al pepenelui copt \u0219i confer\u0103 experien\u021bei dvs. de vaporizare o senza\u021bie r\u0103coritoare. Fiecare puf se simte ca o dup\u0103-amiaz\u0103 de var\u0103 r\u0103coroas\u0103 - ideal pentru cei care prefer\u0103 arome fructate \u0219i r\u0103coritoare.<\/p>\n<h4><strong>Raspberry Grape - O amestec delicios de fructe de p\u0103dure<\/strong><\/h4>\n<p>Das\u00a0<strong>Raspberry Grape \n(Morcovul dulce de zmeur\u0103) - in traducere directa , dar se poate lasa ca atare , in functie de context ,  Fructele ,asa ca : \nZmeur\u0103 \u0219i strugure<\/strong>-Aroma combin\u0103 cele\u00a0<strong>zmeur\u0103 dulce \u0219i suculent\u0103<\/strong>\u00a0cu\u00a0<strong>intensitate fructat\u0103 de struguri<\/strong>\u00a0\u0219i creeaz\u0103 o experien\u021b\u0103 gustativ\u0103 care este at\u00e2t dulce, c\u00e2t \u0219i r\u0103coritoare. Aceast\u0103 arom\u0103 v\u0103 va surprinde cu gustul s\u0103u complex \u0219i fructat, perfect echilibrat. Prospe\u021bimea de fructe de p\u0103dure este sus\u021binut\u0103 \u00een mod armonios de strugure, duc\u00e2nd la o experien\u021b\u0103 de vaporizare rotund\u0103 \u0219i pl\u0103cut\u0103.<\/p>\n<h4><strong>Alte arome disponibile<\/strong><\/h4>\n<p>Al\u0103turi\u00a0<strong>Pepene verde<\/strong>\u00a0\u0219i\u00a0<strong>Raspberry Grape \n(Morcovul dulce de zmeur\u0103) - in traducere directa , dar se poate lasa ca atare , in functie de context ,  Fructele ,asa ca : \nZmeur\u0103 \u0219i strugure<\/strong>\u00a0ofer\u0103 cel\u00a0<strong>Fizzy GREAT 10000 Z\u00fcge \n\nbecomes \n\nFizzy GREAT 10000 de trac\u021biuni<\/strong>\u00a0multe alte arome cum ar fi\u00a0<strong>Tropical Breeze<\/strong>,\u00a0<strong>R\u0103coritoare Ment\u0103<\/strong>\u0219i\u00a0<strong>Blueberry Ice<\/strong>care transform\u0103 fiecare experien\u021b\u0103 de vaporizare \u00eentr-o nou\u0103 aventur\u0103. Fiecare dintre aceste arome a fost dezvoltat\u0103 cu o idee clar\u0103 de experien\u021be de gust intense \u0219i pl\u0103cute, care v\u0103 vor oferi o bucurie de lung\u0103 durat\u0103.<\/p>\n<h3><strong>De ce ar trebui s\u0103\u00a0<a href=\"https:\/\/alfakherwelt.de\/product-category\/fizzy-great-10000\/\" target=\"_blank\" rel=\"noopener\">Fizzy<\/a> Cump\u0103ra\u021bi 10000 de \u021bigarete electronice de unic\u0103 folosin\u021b\u0103 GREAT la alfakher24h.de?<\/strong><\/h3>\n<p>C\u00e2nd\u00a0<strong>cea mai mare platform\u0103 online de v\u00e2nz\u0103ri de \u021bigarete electronice de unic\u0103 folosin\u021b\u0103 din Germania<\/strong> Este alfakher24h.de partenerul dvs. de \u00eencredere c\u00e2nd vine vorba de cump\u0103rarea de\u00a0<a href=\"https:\/\/alfakher24h.de\/ro\/\"><strong>E-Zigarete de unic\u0103 folosin\u021b\u0103<\/strong><\/a> Este \u00een regul\u0103. V\u0103 oferim nu numai cele mai bune produse, ci \u0219i un serviciu clien\u021bi excelent, livrare rapid\u0103 \u0219i metode de plat\u0103 sigure. Scopul nostru este s\u0103 v\u0103 oferim o experien\u021b\u0103 excep\u021bional\u0103 de vaporizare - \u0219i asta la cele mai bune pre\u021buri.<\/p>\n<h4><strong>Livrare rapid\u0103<\/strong><\/h4>\n<p>Lucr\u0103m cu cei\u00a0<strong>cei mai buni servicii de expediere<\/strong>\u00a0\u00eempreun\u0103, pentru a ne asigura c\u0103 primi\u021bi comanda dvs. rapid \u0219i \u00een siguran\u021b\u0103.<\/p>\n<h4><strong>comand\u0103 simpl\u0103<\/strong><\/h4>\n<p>Comanda\u021bi comod de acas\u0103 \u0219i primi\u021bi produsele dvs. preferate direct la domiciliu. Cu doar c\u00e2teva clicuri ave\u021bi\u00a0<strong>Fizzy GREAT 10000 de trageri E-\u021bigaret\u0103 de unic\u0103 folosin\u021b\u0103<\/strong>\u00a0\u00een selec\u021bia de arom\u0103 dorit\u0103.<\/p>\n<h4><strong>Cump\u0103r\u0103turi sigure<\/strong><\/h4>\n<p>Siguran\u021ba \u0219i satisfac\u021bia dvs. sunt pe primul loc la noi. Cump\u0103ra\u021bi cu \u00eencredere \u0219i bucura\u021bi-v\u0103 de un\u00a0<strong>experien\u021b\u0103 de cump\u0103rare sigur\u0103 \u0219i f\u0103r\u0103 complica\u021bii<\/strong> pe alfakher24h.de<\/p>\n<p><img loading=\"lazy\" decoding=\"async\" class=\"alignnone wp-image-1323 size-full\" title=\"Fizzy GREAT 10000 Z\u00fcge Einweg E Zigarette - Raspberry Grape 2 se traduce \u00een  Fizzy GREAT 10000 de trageri E-\u021bigaret\u0103 de unic\u0103 folosin\u021b\u0103 - Raspberry Grape 2\" src=\"https:\/\/alfakher24h.de\/wp-content\/uploads\/2025\/01\/Fizzy-GREAT-10000-3-scaled.webp\" sizes=\"auto, (max-width: 1810px) 100vw, 1810px\" srcset=\"https:\/\/alfakher24h.de\/wp-content\/uploads\/2025\/01\/Fizzy-GREAT-10000-3-scaled.webp 1810w, https:\/\/alfakher24h.de\/wp-content\/uploads\/2025\/01\/Fizzy-GREAT-10000-3-212x300.webp 212w, https:\/\/alfakher24h.de\/wp-content\/uploads\/2025\/01\/Fizzy-GREAT-10000-3-724x1024.webp 724w, https:\/\/alfakher24h.de\/wp-content\/uploads\/2025\/01\/Fizzy-GREAT-10000-3-768x1086.webp 768w, https:\/\/alfakher24h.de\/wp-content\/uploads\/2025\/01\/Fizzy-GREAT-10000-3-1086x1536.webp 1086w, https:\/\/alfakher24h.de\/wp-content\/uploads\/2025\/01\/Fizzy-GREAT-10000-3-1448x2048.webp 1448w, https:\/\/alfakher24h.de\/wp-content\/uploads\/2025\/01\/Fizzy-GREAT-10000-3-8x12.webp 8w, https:\/\/alfakher24h.de\/wp-content\/uploads\/2025\/01\/Fizzy-GREAT-10000-3-600x849.webp 600w\" alt=\"Fizzy GREAT 10000 de trageri E-\u021bigaret\u0103 de unic\u0103 folosin\u021b\u0103 - Raspberry Grape\" width=\"1810\" height=\"2560\" \/><\/p>\n<h3>Concluzie - O experien\u021b\u0103 de vaporizare indispensabil\u0103<\/h3>\n<p>Die\u00a0<strong>Fizzy GREAT 10000 de trageri E-\u021bigaret\u0103 de unic\u0103 folosin\u021b\u0103<\/strong>\u00a0este mai mult dec\u00e2t un vaporizator - ea este cheia dvs. pentru un\u00a0<strong>o experien\u021b\u0103 lung\u0103 \u0219i pl\u0103cut\u0103 de vaporizare<\/strong>Cu o varietate de arome, o durat\u0103 de via\u021b\u0103 lung\u0103 \u0219i un design u\u0219or de utilizat, acest dispozitiv este alegerea perfect\u0103 pentru to\u021bi cei care apreciaz\u0103 calitatea \u0219i confortul.<\/p>\n<p>Comanda\u021bi \u00eenc\u0103 ast\u0103zi\u60a8\u7684\u00a0<strong>Fizzy GREAT 10000 de trageri E-\u021bigaret\u0103 de unic\u0103 folosin\u021b\u0103<\/strong>\u00a0la <a href=\"https:\/\/alfakher24h.de\/ro\/\">alfakher24h.de<\/a>\u00a0\u0219i experimenta\u021bi vaporizarea la un nivel complet nou.<\/p>","protected":false},"excerpt":{"rendered":"<p><strong>Fizzy GREAT 10000 de trageri E-\u021bigaret\u0103 de unic\u0103 folosin\u021b\u0103<\/strong>\u00a0este mai mult dec\u00e2t un vaporizator - ea este cheia dvs. pentru un\u00a0<strong>o experien\u021b\u0103 lung\u0103 \u0219i pl\u0103cut\u0103 de vaporizare<\/strong>.<\/p>","protected":false},"featured_media":1435,"comment_status":"open","ping_status":"closed","template":"","meta":{"om_disable_all_campaigns":false},"product_brand":[],"product_cat":[38],"product_tag":[],"class_list":{"0":"post-1434","1":"product","2":"type-product","3":"status-publish","4":"has-post-thumbnail","6":"product_cat-fizzy-great-10000","8":"first","9":"instock","10":"shipping-taxable","11":"purchasable","12":"product-type-simple"},"_links":{"self":[{"href":"https:\/\/alfakher24h.de\/ro\/wp-json\/wp\/v2\/product\/1434","targetHints":{"allow":["GET"]}}],"collection":[{"href":"https:\/\/alfakher24h.de\/ro\/wp-json\/wp\/v2\/product"}],"about":[{"href":"https:\/\/alfakher24h.de\/ro\/wp-json\/wp\/v2\/types\/product"}],"replies":[{"embeddable":true,"href":"https:\/\/alfakher24h.de\/ro\/wp-json\/wp\/v2\/comments?post=1434"}],"wp:featuredmedia":[{"embeddable":true,"href":"https:\/\/alfakher24h.de\/ro\/wp-json\/wp\/v2\/media\/1435"}],"wp:attachment":[{"href":"https:\/\/alfakher24h.de\/ro\/wp-json\/wp\/v2\/media?parent=1434"}],"wp:term":[{"taxonomy":"product_brand","embeddable":true,"href":"https:\/\/alfakher24h.de\/ro\/wp-json\/wp\/v2\/product_brand?post=1434"},{"taxonomy":"product_cat","embeddable":true,"href":"https:\/\/alfakher24h.de\/ro\/wp-json\/wp\/v2\/product_cat?post=1434"},{"taxonomy":"product_tag","embeddable":true,"href":"https:\/\/alfakher24h.de\/ro\/wp-json\/wp\/v2\/product_tag?post=1434"}],"curies":[{"name":"wp","href":"https:\/\/api.w.org\/{rel}","templated":true}]}}