{"id":143,"date":"2024-09-11T13:07:21","date_gmt":"2024-09-11T13:07:21","guid":{"rendered":"https:\/\/alfakher24h.de\/?post_type=product&#038;p=143"},"modified":"2025-07-23T04:17:28","modified_gmt":"2025-07-23T04:17:28","slug":"titlu-produs-al-fakher-crown-bar-8000-pufuri-tigara-electronica-de-unica-folosinta-cu-gheata-de-piersici-cu-nicotina","status":"publish","type":"product","link":"https:\/\/alfakher24h.de\/ro\/produs\/titlu-produs-al-fakher-crown-bar-8000-pufuri-tigara-electronica-de-unica-folosinta-cu-gheata-de-piersici-cu-nicotina\/","title":{"rendered":"AL Fakher Crown Bar 8000 de trageri \u021bigar\u0103 electronic\u0103 de unic\u0103 folosin\u021b\u0103 cu nicotin\u0103 - Pi\u0219cot de ghea\u021b\u0103"},"content":{"rendered":"<h2><a href=\"https:\/\/alfakher24h.de\/ro\/categorie-de-produse\/al-fakher-crown-bar-8000\/\">AL Fakher Crown Bar 8000 de trageri<\/a> E-Zigarette de unic\u0103 folosin\u021b\u0103 cu nicotin\u0103 - Piersic\u0103 \u00eenghe\u021bat\u0103<\/h2>\n<p>AL Fakher Crown Bar 8000 de trageri<a href=\"https:\/\/alfakher24h.de\/ro\/\"> E-\u021bigar\u0103 de unic\u0103 folosin\u021b\u0103 cu nicotin\u0103<\/a> \u00cen aroma Peach Ice ofer\u0103 o experien\u021b\u0103 de vaporizare de neegalat, care combin\u0103 arome intense cu tehnologie de ultim\u0103 or\u0103. Acest vape se remarc\u0103 nu numai prin calitatea gustului, ci \u0219i prin manipularea u\u0219oar\u0103 \u0219i durabilitatea \u00eendelungat\u0103. Ca cea mai mare platform\u0103 online pentru \u021big\u0103ri electronice de unic\u0103 folosin\u021b\u0103 din Germania, alfakher24h.de v\u0103 ofer\u0103 posibilitatea de a achizi\u021biona acest produs premium rapid \u0219i u\u0219or.<\/p>\n<p>&nbsp;<\/p>\n<div style=\"width: 362px;\" class=\"wp-video\"><video class=\"wp-video-shortcode\" id=\"video-143-1\" width=\"362\" height=\"640\" preload=\"metadata\" controls=\"controls\"><source type=\"video\/mp4\" src=\"https:\/\/alfakher24h.de\/wp-content\/uploads\/2024\/09\/AL-Fakher-Crown-Bar-8000-Zuege-Einweg-E-Zigarette-Mit-Nikotin-Peach-Ice.mp4?_=1\" \/><a href=\"https:\/\/alfakher24h.de\/wp-content\/uploads\/2024\/09\/AL-Fakher-Crown-Bar-8000-Zuege-Einweg-E-Zigarette-Mit-Nikotin-Peach-Ice.mp4\">https:\/\/alfakher24h.de\/wp-content\/uploads\/2024\/09\/AL-Fakher-Crown-Bar-8000-Zuege-Einweg-E-Zigarette-Mit-Nikotin-Peach-Ice.mp4<\/a><\/video><\/div>\n<h2>AL Fakher Crown Bar 8000 de trageri De ce AL Fakher Crown Bar 8000?<\/h2>\n<p>Die <a href=\"https:\/\/alfakher24h.de\/ro\/\">AL Fakher<\/a> Crown Bar 8000 este mult mai mult dec\u00e2t o \u021bigar\u0103 electronic\u0103 de unic\u0103 folosin\u021b\u0103 obi\u0219nuit\u0103. Ea ofer\u0103:<\/p>\n<h4>1. <strong>Putere de abur prelungit\u0103<\/strong><\/h4>\n<ul>\n<li><strong>8000 de trenuri:<\/strong> Cu p\u00e2n\u0103 la 8000 de pufuri per dispozitiv, Crown Bar ofer\u0103 o durat\u0103 de via\u021b\u0103 excep\u021bional de lung\u0103. Perfect pentru fum\u0103torii regulari de vape care a\u0219teapt\u0103 o experien\u021b\u0103 lung\u0103 \u0219i satisf\u0103c\u0103toare.<\/li>\n<li><strong>600 mAh baterie re\u00eenc\u0103rcabil\u0103:<\/strong> O caracteristic\u0103 remarcabil\u0103 a acestui vape de unic\u0103 folosin\u021b\u0103 este bateria re\u00eenc\u0103rcabil\u0103 de 600 mAh, care asigur\u0103 c\u0103 pute\u021bi exploata \u00eentreaga durat\u0103 de via\u021b\u0103 a lichidului electronic. \u00cen loc s\u0103 arunca\u021bi dispozitivul dup\u0103 ce bateria se epuizeaz\u0103, \u00eel pute\u021bi pur \u0219i simplu re\u00eenc\u0103rca.<\/li>\n<\/ul>\n<h4>2. <strong>Operare u\u0219oar\u0103<\/strong><\/h4>\n<ul>\n<li><strong>Activarea trenului:<\/strong> Nicio tast\u0103, nicio setare complicat\u0103. Crown Bar 8000 este activat\u0103 prin simpla inhalare, ceea ce face \u00eentreaga experien\u021b\u0103 de vaporizare u\u0219oar\u0103 \u0219i pl\u0103cut\u0103. Acest lucru este deosebit de avantajos pentru \u00eencep\u0103tori, care caut\u0103 un dispozitiv u\u0219or de utilizat, dar \u0219i pentru vapori experimenta\u021bi, care apreciaz\u0103 confortul.<\/li>\n<\/ul>\n<h4>3. <strong>Prelucrare \u0219i tehnologie de \u00eenalt\u0103 calitate<\/strong><\/h4>\n<ul>\n<li><strong>Tehnologie cu bobin\u0103 de tip mesh:<\/strong> Aceast\u0103 tehnologie avansat\u0103 asigur\u0103 o vaporizare uniform\u0103 a lichidului electronic \u0219i maximizeaz\u0103 intensitatea gustului. Astfel, la fiecare aspirare experimenta\u021bi un gust clar \u0219i intens.<\/li>\n<li><strong>Design f\u0103r\u0103 scurgeri:<\/strong> Datorit\u0103 construc\u021biei inteligente, nu trebuie s\u0103 v\u0103 face\u021bi griji cu privire la scurgeri sau v\u0103rs\u0103ri. Dispozitivul r\u0103m\u00e2ne curat \u0219i gata de utilizare.<\/li>\n<\/ul>\n<h2>AL Fakher Crown Bar 8000 Z\u00fcge Geschmacksprofil: Peach Ice se traduce \u00een:\n\nAL Fakher Crown Bar 8000 trageri Profil de arom\u0103: Peach Ice \n\n Nu, doar:\nAL Fakher Crown Bar 8000 Z\u00fcge Geschmacksprofil: Peach Ice<\/h2>\n<p>Das <strong>Peach Ice<\/strong>-Aroma este unul dintre cele mai populare arome din seria Crown Bar 8000. Acesta combin\u0103 dulcea\u021ba piersicilor coapte cu o not\u0103 r\u0103coritoare de prospe\u021bime, care face experien\u021ba de vapare una revigorant\u0103.<\/p>\n<p>Nota de piersic\u0103 domin\u0103 prima lovitur\u0103 \u0219i las\u0103 imediat o arom\u0103 suculent\u0103 \u0219i generoas\u0103 pe limb\u0103. La final, urmeaz\u0103 o r\u0103coare subtil\u0103, care completeaz\u0103 perfect gustul dulce. Aceast\u0103 compozi\u021bie de arom\u0103 este potrivit\u0103 \u00een special pentru vapori care prefer\u0103 arome fructate \u0219i r\u0103coritoare.<\/p>\n<p>Indiferent dac\u0103 sunte\u021bi \u00een c\u0103utarea unei aburi r\u0103coritoare pentru var\u0103 sau pur \u0219i simplu dori\u021bi s\u0103 aduce\u021bi o schimbare \u00een rutina dvs. de vapare, Peach Ice v\u0103 va \u00eendeplini a\u0219tept\u0103rile. Echilibrul dintre dulcea\u021b\u0103 \u0219i prospe\u021bime face ca aceast\u0103 arom\u0103 s\u0103 fie ideal\u0103 pentru orice ocazie.<\/p>\n<h2>AL Fakher Crown Bar 8000 de trag\u0103ri De ce s\u0103 cump\u0103ra\u021bi de la alfakher24h.de?<\/h2>\n<p>&nbsp;<\/p>\n<p><img loading=\"lazy\" decoding=\"async\" class=\"alignnone size-full wp-image-148\" src=\"https:\/\/alfakher24h.de\/wp-content\/uploads\/2024\/09\/AL-Fakher-Crown-Bar-8000-Zuege-Einweg-E-Zigarette-Mit-Nikotin-Peach-Ice-2.webp\" alt=\"AL-Fakher-Crown-Bar-8000-Z\u00fcge-Einweg-E-Zigarette-Mit-Nikotin-Peach-Ice becomes AL-Fakher Crown Bar 8000 de tiri E-\u021bigaret\u0103 de unic\u0103 folosin\u021b\u0103 cu nicotin\u0103 Peach Ice\" width=\"480\" height=\"596\" title=\"\" srcset=\"https:\/\/alfakher24h.de\/wp-content\/uploads\/2024\/09\/AL-Fakher-Crown-Bar-8000-Zuege-Einweg-E-Zigarette-Mit-Nikotin-Peach-Ice-2.webp 480w, https:\/\/alfakher24h.de\/wp-content\/uploads\/2024\/09\/AL-Fakher-Crown-Bar-8000-Zuege-Einweg-E-Zigarette-Mit-Nikotin-Peach-Ice-2-242x300.webp 242w\" sizes=\"auto, (max-width: 480px) 100vw, 480px\" \/><\/p>\n<p>Dac\u0103 sunte\u021bi \u00een c\u0103utarea unor e-\u021bigarete de unic\u0103 folosin\u021b\u0103 \u00een Germania, este <strong>alfakher24h.de<\/strong> Prima alegere. Ca cel mai mare comerciant online de vape-uri din Germania, oferim nu numai o selec\u021bie imens\u0103, ci \u0219i un serviciu clien\u021bi excelent. Cu accent pe calitate \u0219i satisfac\u021bia clien\u021bilor, ne asigur\u0103m c\u0103 ve\u021bi primi \u00eentotdeauna produsul cel mai bun la pre\u021buri corecte.<\/p>\n<ul>\n<li><strong>O varietate de arome:<\/strong> Oferim o gam\u0103 larg\u0103 de arome care atrag at\u00e2t \u00eencep\u0103torii, c\u00e2t \u0219i vapatorii experimenta\u021bi.<\/li>\n<li><strong>Livrare rapid\u0103:<\/strong> Procesele noastre eficiente de livrare asigur\u0103 c\u0103 comenzile dvs. ajung rapid \u0219i \u00een siguran\u021b\u0103 la dvs.<\/li>\n<li><strong>Suport clien\u021bi:<\/strong> Dac\u0103 ave\u021bi \u00eentreb\u0103ri sau probleme, echipa noastr\u0103 de suport este disponibil\u0103 pentru a v\u0103 ajuta cu toate preocup\u0103rile legate de cump\u0103r\u0103turile dvs.<\/li>\n<\/ul>\n<h2>AL Fakher Crown Bar 8000 de trageri Alte variante de gust<\/h2>\n<p>Al\u0103turi <strong>Peach Ice<\/strong> Ofer\u0103 AL Fakher Crown Bar 8000 serie o serie de alte arome incitante care vor face orice inim\u0103 de vaporizator s\u0103 bat\u0103 mai repede:<\/p>\n<h4>1. <strong>Magic Love<\/strong><\/h4>\n<p>Magic Love este un amestec fascinant de note fructate, florale \u0219i mentolate, care iau utilizatorul \u00eentr-o c\u0103l\u0103torie a sim\u021burilor la fiecare inhalare. Complexitatea acestei arome asigur\u0103 c\u0103 nu devine niciodat\u0103 plictisitoare \u0219i surprinde mereu din nou.<\/p>\n<h4>2. <strong>Gelato de fructe de p\u0103dure<\/strong><\/h4>\n<p>Pentru iubitorii de arome de fructe de p\u0103dure, \u00eenghe\u021bata de fructe de p\u0103dure ofer\u0103 o combina\u021bie perfect\u0103 de fructe de p\u0103dure dulci \u0219i acre, rotunjit\u0103 cu o not\u0103 r\u0103coritoare de mentol. Acest amestec fructat \u0219i proasp\u0103t este un must absolut \u00een zilele c\u0103lduroase.<\/p>\n<h4>3. <strong>Mango Freeze<\/strong><\/h4>\n<p>Mango Freeze este alegerea tropical\u0103 pentru to\u021bi cei care iubesc exoticul. Gustul suculent al mangoului copt, combinat cu o lovitur\u0103 r\u0103coritoare de mentol, face aceast\u0103 varietate deosebit de r\u0103coritoare \u0219i versatil\u0103.<\/p>\n<h4>4. <strong>Blue Razz Limonad\u0103<\/strong><\/h4>\n<p>O amestec\u0103 \u00eenvior\u0103toare \u0219i u\u0219or acr\u0103 de mure albastre \u0219i limonad\u0103, care stimuleaz\u0103 gustul \u0219i se \u00eencheie cu o amprent\u0103 de arom\u0103 unic\u0103 \u0219i picant\u0103. Aceast\u0103 arom\u0103 este ideal\u0103 pentru cei care caut\u0103 ceva deosebit.<\/p>\n<h4>5. <strong>Ment\u0103 de struguri<\/strong><\/h4>\n<p>Grape Mint combin\u0103 dulcea\u021ba strugurilor cu prospe\u021bimea mentei \u0219i ofer\u0103<\/p>\n<p>O combina\u021bie de gust excep\u021bional\u0103, dar armonioas\u0103. Un favorit printre vapori, care iubesc aromele fructate \u0219i r\u0103coritoare.<\/p>\n<h2>AL Fakher Crown Bar 8000 Z\u00fcge - Concluzie: calitate superioar\u0103 \u0219i gust f\u0103r\u0103 limite<\/h2>\n<p>AL Fakher Crown Bar 8000 de trageri<a href=\"https:\/\/alfakher24h.de\/ro\/\"> E-Zigarette de unic\u0103 folosin\u021b\u0103<\/a> Ofer\u0103 totul ceea ce un vaporizator are nevoie - de la arome intense la o func\u021bionare u\u0219oar\u0103 \u0219i o durat\u0103 lung\u0103 de via\u021b\u0103 a bateriei. Indiferent dac\u0103 sunte\u021bi \u00eencep\u0103tor sau vaporizator experimentat, acest dispozitiv va satisface cerin\u021bele dvs. La <a href=\"https:\/\/alfakher24h.de\/ro\/\"><strong>alfakher24h.de<\/strong><\/a> Pute\u021bi fi sigur c\u0103 ob\u021bine\u021bi cea mai bun\u0103 experien\u021b\u0103 de vaporizare la un pre\u021b corect.<\/p>\n<p><strong>Comanda\u021bi ast\u0103zi AL Fakher Crown Bar 8000 \u021bigar\u0103 electronic\u0103 de unic\u0103 folosin\u021b\u0103 de la alfakher24h.de<\/strong> \u0219i descoper\u0103 gustul \u0219i confortul de neegalat al acestei vape premium!<\/p>","protected":false},"excerpt":{"rendered":"<p>AL Fakher Crown Bar 8000 de trageri \u021bigar\u0103 electronic\u0103 de unic\u0103 folosin\u021b\u0103 cu nicotin\u0103 ofer\u0103, cu bateria sa re\u00eenc\u0103rcabil\u0103 de 600 mAh \u0219i aromele intense, cum ar fi Peach Ice, o experien\u021b\u0103 de vaporizare de lung\u0103 durat\u0103, u\u0219or de utilizat \u0219i r\u0103coritoare.<\/p>","protected":false},"featured_media":144,"comment_status":"open","ping_status":"closed","template":"","meta":{"om_disable_all_campaigns":false},"product_brand":[],"product_cat":[19],"product_tag":[],"class_list":{"0":"post-143","1":"product","2":"type-product","3":"status-publish","4":"has-post-thumbnail","6":"product_cat-al-fakher-crown-bar-8000","8":"first","9":"instock","10":"shipping-taxable","11":"purchasable","12":"product-type-simple"},"_links":{"self":[{"href":"https:\/\/alfakher24h.de\/ro\/wp-json\/wp\/v2\/product\/143","targetHints":{"allow":["GET"]}}],"collection":[{"href":"https:\/\/alfakher24h.de\/ro\/wp-json\/wp\/v2\/product"}],"about":[{"href":"https:\/\/alfakher24h.de\/ro\/wp-json\/wp\/v2\/types\/product"}],"replies":[{"embeddable":true,"href":"https:\/\/alfakher24h.de\/ro\/wp-json\/wp\/v2\/comments?post=143"}],"wp:featuredmedia":[{"embeddable":true,"href":"https:\/\/alfakher24h.de\/ro\/wp-json\/wp\/v2\/media\/144"}],"wp:attachment":[{"href":"https:\/\/alfakher24h.de\/ro\/wp-json\/wp\/v2\/media?parent=143"}],"wp:term":[{"taxonomy":"product_brand","embeddable":true,"href":"https:\/\/alfakher24h.de\/ro\/wp-json\/wp\/v2\/product_brand?post=143"},{"taxonomy":"product_cat","embeddable":true,"href":"https:\/\/alfakher24h.de\/ro\/wp-json\/wp\/v2\/product_cat?post=143"},{"taxonomy":"product_tag","embeddable":true,"href":"https:\/\/alfakher24h.de\/ro\/wp-json\/wp\/v2\/product_tag?post=143"}],"curies":[{"name":"wp","href":"https:\/\/api.w.org\/{rel}","templated":true}]}}