{"id":1361,"date":"2025-01-03T04:51:34","date_gmt":"2025-01-03T04:51:34","guid":{"rendered":"https:\/\/alfakher24h.de\/?post_type=product&#038;p=1361"},"modified":"2025-07-16T07:13:09","modified_gmt":"2025-07-16T07:13:09","slug":"smpo-dl02-10000-pufuri-tigara-electronica-de-unica-folosinta-arome-aleatorii-livrare-rapida","status":"publish","type":"product","link":"https:\/\/alfakher24h.de\/ro\/produs\/smpo-dl02-10000-pufuri-tigara-electronica-de-unica-folosinta-arome-aleatorii-livrare-rapida\/","title":{"rendered":"SMPO DL02 10000 Z\u00fcge Einweg E Zigarette \u2013 Random flavors(fast delivery)\n\nbecum \n Nu se traduce , se las\u0103 ca atare : SMPO DL02 10000 Z\u00fcge Einweg E Zigarette \u2013 Random flavors(fast delivery)"},"content":{"rendered":"<h2><strong>SMPO DL02 10000 Z\u00fcge Einweg E Zigarette: Alegerea suprem\u0103 pentru vapori \u00een Germania<\/strong><\/h2>\n<p>Die\u00a0<a href=\"https:\/\/alfakher24h.de\/ro\/?post_type=product&amp;p=1361&amp;preview=true\"><strong>SMPO DL02 10000 Z\u00fcge Einweg E Zigarette \n\nbecomes \n\nSMPO DL02 10000 puffs Disposable E Cigarette<\/strong><\/a>\u00a0este \u00eenso\u021bitorul perfect pentru vape-urile care caut\u0103 o solu\u021bie u\u0219or de utilizat, durabil\u0103 \u0219i versatil\u0103. Cu o capacitate impresionant\u0103 de\u00a0<strong>10.000 de trenuri<\/strong>\u00a0\u0219i o varietate de arome care \u00eenc\u00e2nt\u0103 palatul, acest produs stabile\u0219te noi standarde \u00een lumea\u00a0<strong>E-Zigarete de unic\u0103 folosin\u021b\u0103<\/strong>Pentru to\u021bi cei care caut\u0103 \u00een Germania unul de \u00eenalt\u0103 calitate <a href=\"https:\/\/alfakher24h.de\/ro\/\"><strong>E-\u021bigar\u0103 cu nicotin\u0103<\/strong><\/a>\u00a0caut\u0103, este cel\u00a0<a href=\"https:\/\/alfakher24h.de\/ro\/\"><strong>SMPO DL02<\/strong><\/a>\u00a0Alegerea perfect\u0103. Fie c\u0103 sunte\u021bi un vaporizator experimentat sau un \u00eencep\u0103tor, acest model ofer\u0103 tot ce ave\u021bi nevoie pentru o experien\u021b\u0103 de vaporizare pl\u0103cut\u0103.<\/p>\n<hr \/>\n<h2><strong>De ce SMPO DL02 10000 de trenuri de unic\u0103 folosin\u021b\u0103 e-\u021bigar\u0103 este cea mai bun\u0103 alegere pentru tine<\/strong><\/h2>\n<p>Die\u00a0<strong>SMPO DL02 10000 Z\u00fcge Einweg E Zigarette \n\nbecomes \n\nSMPO DL02 10000 puffs Disposable E Cigarette<\/strong>\u00a0este o alegere remarcabil\u0103 pentru to\u021bi cei care caut\u0103 o modalitate confortabil\u0103 \u0219i eficient\u0103 de a experimenta pl\u0103cerea de a vapora. Ea nu este doar deosebit de atractiv\u0103 datorit\u0103 capacit\u0103\u021bii sale mari de tragere \u0219i tehnologiei inovatoare, ci \u0219i datorit\u0103 u\u0219urin\u021bei \u00een utilizare \u0219i experien\u021bei excelente de gust. Indiferent dac\u0103 sunte\u021bi \u00een Germania \u00een c\u0103utarea unui\u00a0<strong>E-Zigarette de unic\u0103 folosin\u021b\u0103 cu nicotin\u0103<\/strong>\u00a0c\u0103uta\u021bi sau pur \u0219i simplu dori\u021bi o op\u021biune practic\u0103 pentru deplas\u0103ri - SMPO DL02 v\u0103 convinge din toate punctele de vedere.<\/p>\n<h3><strong>O \u021bigar\u0103 electronic\u0103 de unic\u0103 folosin\u021b\u0103 cu nicotin\u0103 - Ideal\u0103 pentru deplas\u0103ri<\/strong><\/h3>\n<p>Cu o putere de nicotin\u0103 de\u00a0<strong>2 % (20 mg)<\/strong>\u00a0se potrive\u0219te\u00a0<strong>SMPO DL02<\/strong>\u00a0Perfect pentru fum\u0103torii care caut\u0103 senza\u021bia nicotinei combinat\u0103 cu o experien\u021b\u0103 pl\u0103cut\u0103 de vaporizare. Acestea\u00a0<strong>E-\u021bigar\u0103 cu nicotin\u0103<\/strong>\u00a0ofer\u0103 o pl\u0103cere imediat\u0103, f\u0103r\u0103 a fi nevoie de re\u00eenc\u0103rcare sau \u00eentre\u021binere complicat\u0103.\u00a0<strong>SMPO DL02<\/strong>\u00a0Este deosebit de practic pentru utilizare \u00een deplasare sau ca o copie de rezerv\u0103 pentru vaporizarea zilnic\u0103.<\/p>\n<h3><strong>Func\u021biile \u0219i caracteristicile trenurilor SMPO DL02 10000 de \u021bigarete electronice de unic\u0103 folosin\u021b\u0103<\/strong><\/h3>\n<ul>\n<li><strong>Capacitate:<\/strong>\u00a020 ml - Acesta este\u00a0<strong>SMPO DL02<\/strong>\u00a0Perfect pentru o experien\u021b\u0103 \u00eendelungat\u0103, deoarece capacitatea generoas\u0103 de lichid garanteaz\u0103 un num\u0103r mare de pufuri.<\/li>\n<li><strong>Trenuri:<\/strong>\u00a0Mai mult de\u00a0<strong>10.000 de trenuri<\/strong>\u00a0- O performan\u021b\u0103 impresionant\u0103 pentru o\u00a0<a href=\"https:\/\/alfakher24h.de\/ro\/\"><strong>E-Zigarette de unic\u0103 folosin\u021b\u0103<\/strong>,<\/a> care ofer\u0103 o durat\u0103 de via\u021b\u0103 lung\u0103 \u0219i o experien\u021b\u0103 intensiv\u0103 de vaporizare.<\/li>\n<li><strong>Capacitatea bateriei:<\/strong>\u00a0750 mAh - Capacitatea mare asigur\u0103 c\u0103 bateria dureaz\u0103 suficient de mult pentru a atinge cu u\u0219urin\u021b\u0103 toate cele 10.000 de trageri.<\/li>\n<li><strong>Putere de v\u00e2rf:<\/strong>\u00a020 W - Ideal pentru un consum constant de abur cu o putere constant\u0103.<\/li>\n<li><strong>Rezisten\u021b\u0103:<\/strong>\u00a00,6 Ohm - Rezisten\u021ba asigur\u0103 o produc\u021bie echilibrat\u0103 de abur \u0219i o experien\u021b\u0103 pl\u0103cut\u0103 MTL (de la gur\u0103 la pl\u0103m\u00e2n) sau DL (direct \u00een pl\u0103m\u00e2n).<\/li>\n<li><strong>Tehnologie:<\/strong>\u00a0Cu ajutorul\u00a0<strong>Tehnologie inteligent\u0103 de protec\u021bie \u00eempotriva supra\u00eenc\u0103lzirii uscate CRUX<\/strong>\u00a0Bucura\u021bi-v\u0103 de gustul pur la fiecare trac\u021biune. Aceast\u0103 tehnologie inovatoare protejeaz\u0103 dispozitivul \u00eempotriva supra\u00eenc\u0103lzirii \u0219i asigur\u0103 o durabilitate mai lung\u0103.<\/li>\n<li><strong>Design ergonomic<\/strong>\u00a0Der\u00a0<strong>SMPO DL02<\/strong>\u00a0este conceput ergonomic, astfel \u00eenc\u00e2t s\u0103 se potriveasc\u0103 confortabil \u00een m\u00e2n\u0103 \u0219i s\u0103 garanteze o utilizare comod\u0103.<\/li>\n<\/ul>\n<h3><strong>Avantajele SMPO DL02 10000  Z\u00fcge Einweg E-Zigarette<\/strong><\/h3>\n<ul>\n<li><strong>Manipulare u\u0219oar\u0103:<\/strong>\u00a0Nicio reumplere sau \u00eentre\u021binere necesar\u0103 - pur \u0219i simplu despacheta\u021bi \u0219i \u00eencepe\u021bi s\u0103 vapezi!<\/li>\n<li><strong>Durat\u0103 lung\u0103 de valabilitate:<\/strong>\u00a0Cu peste\u00a0<strong>10.000 de trenuri<\/strong>\u00a0pute\u021bi bucura pentru o perioad\u0103 lung\u0103 de timp de\u00a0<strong>E-Zigarette de unic\u0103 folosin\u021b\u0103<\/strong>\u00a0P\u0103r\u0103si.<\/li>\n<li><strong>Gust \u00eenalt<\/strong>\u00a0Datorit\u0103\u00a0<strong>Tehnologia de protec\u021bie \u00eempotriva supra\u00eenc\u0103lzirii uscate CRUX<\/strong>\u00a0Gustul este reprodus optim la fiecare tragere.<\/li>\n<li><strong>Vielseitigkeit: \nVariabilitate; Diversitate; Polivalen\u021b\u0103; Versatilitate; Multifunc\u021bionalitate;<\/strong>\u00a0Die\u00a0<strong>SMPO DL02<\/strong>\u00a0Se potrive\u0219te at\u00e2t pentru vapoare MTL c\u00e2t \u0219i DL \u0219i ofer\u0103 astfel o grup\u0103 \u021bint\u0103 larg\u0103.<\/li>\n<\/ul>\n<p><img loading=\"lazy\" decoding=\"async\" class=\"alignnone wp-image-1560 size-full\" title=\"SMPO DL02 10000 Z\u00fcge Einweg E Zigarette - Random flavors(fast delivery) 3 becomes SMPO DL02 10000 \u021bigarete electronice de unic\u0103 folosin\u021b\u0103 - Arome aleatorii (livrare rapid\u0103) 3\" src=\"https:\/\/alfakher24h.de\/wp-content\/uploads\/2025\/01\/SMPO-DL02-product-profile_01.webp\" sizes=\"auto, (max-width: 2133px) 100vw, 2133px\" srcset=\"https:\/\/alfakher24h.de\/wp-content\/uploads\/2025\/01\/SMPO-DL02-product-profile_01.webp 2133w, https:\/\/alfakher24h.de\/wp-content\/uploads\/2025\/01\/SMPO-DL02-product-profile_01-300x169.webp 300w, https:\/\/alfakher24h.de\/wp-content\/uploads\/2025\/01\/SMPO-DL02-product-profile_01-1024x576.webp 1024w, https:\/\/alfakher24h.de\/wp-content\/uploads\/2025\/01\/SMPO-DL02-product-profile_01-768x432.webp 768w, https:\/\/alfakher24h.de\/wp-content\/uploads\/2025\/01\/SMPO-DL02-product-profile_01-1536x864.webp 1536w, https:\/\/alfakher24h.de\/wp-content\/uploads\/2025\/01\/SMPO-DL02-product-profile_01-2048x1152.webp 2048w, https:\/\/alfakher24h.de\/wp-content\/uploads\/2025\/01\/SMPO-DL02-product-profile_01-18x10.webp 18w, https:\/\/alfakher24h.de\/wp-content\/uploads\/2025\/01\/SMPO-DL02-product-profile_01-600x338.webp 600w\" alt=\"SMPO DL02 10000 Z\u00fcge Einweg E Zigarette - Random flavors(fast delivery)becum  Nu se traduce, se las\u0103 ca atare: SMPO DL02 10000 Z\u00fcge Einweg E Zigarette - Random flavors(fast delivery)\" width=\"2133\" height=\"1200\" \/><\/p>\n<h2><strong>Descoperi\u021bi aromele de\u00a0SMPO DL02 10000 de \u021aigarete Electronice de Unic\u0103 Folosin\u021b\u0103<\/strong><\/h2>\n<p>Un alt punct culminant al\u00a0<strong>SMPO DL02 10000 Z\u00fcge Einweg E Zigarette \n\nbecomes \n\nSMPO DL02 10000 puffs Disposable E Cigarette<\/strong>\u00a0sunt diferitele\u00a0<strong>Aromele<\/strong>, pe care le pute\u021bi bucura \u00een timpul aburirii. O op\u021biune deosebit de popular\u0103 este\u00a0<strong>Lemon Candy<\/strong>O arom\u0103 care combin\u0103 savurarea complet\u0103 a unei l\u0103m\u00e2i dulci \u0219i r\u0103coritoare cu o not\u0103 pl\u0103cut\u0103 de vat\u0103 de zah\u0103r.<\/p>\n<h3><strong>Alte arome (Disponibile pe <a href=\"https:\/\/alfakher24h.de\/ro\/\">alfakher24h.de<\/a>)<\/strong><\/h3>\n<p>Al\u0103turi\u00a0<strong>Lemon Candy<\/strong>\u00a0ofer\u0103\u00a0<strong>SMPO DL02<\/strong>\u00a0multe alte arome, care v\u0103 vor \u00eembog\u0103\u021bi experien\u021ba de vapoare. Toate aromele sunt alese cu grij\u0103 \u0219i ofer\u0103 un amestec echilibrat de\u00a0<strong>proasp\u0103t, fructat<\/strong>\u00a0sau\u00a0<strong>cremigen \u2192  Nu se traduce, termenul este deja \u00een limba rom\u00e2n\u0103, \u00eens\u0103 \u00een func\u021bie de context, s-ar putea traduce \u00een func\u021bie de domeniul \u00een care este utilizat. \u00cen chimie \u0219i fizic\u0103, cremigen se refer\u0103 la o substan\u021b\u0103 care produce sau con\u021bine sm\u00e2nt\u00e2n\u0103. \u00cen alte contexte, termenul poate fi similar cu \"cremos\". \n\u00cen cazul \u00een care dori\u021bi o traducere \u00een englez\u0103 sau alt\u0103 limb\u0103, v\u0103 rog s\u0103 specifica\u021bi. \nPentru domeniul culinar: cremos<\/strong>\u00a0Note care fac vaparea o experien\u021b\u0103 de neuitat.<\/p>\n<hr \/>\n<h2><strong>De ce ar trebui s\u0103 cump\u0103ra\u021bi \u021bigara electronic\u0103 de unic\u0103 folosin\u021b\u0103 SMPO DL02 10000 de la alfakher24h.de<\/strong><\/h2>\n<p>alfakher24h.de este cel mai mare magazin online pentru <strong>E-Zigarete de unic\u0103 folosin\u021b\u0103<\/strong>\u00a0\u00een\u00a0<strong>Deutschland<\/strong>La noi g\u0103si\u021bi nu numai\u00a0<strong>SMPO DL02 10000 Z\u00fcge Einweg E Zigarette \n\nbecomes \n\nSMPO DL02 10000 puffs Disposable E Cigarette<\/strong>, ci \u0219i o selec\u021bie imens\u0103 de alte produse de \u00eenalt\u0103 calitate\u00a0<strong>Produse Vape<\/strong>Clien\u021bii no\u0219tri apreciaz\u0103 nu numai selec\u021bia imens\u0103 \u0219i pre\u021burile avantajoase, ci \u0219i expedierea rapid\u0103 \u0219i serviciul nostru excelent pentru clien\u021bi.<\/p>\n<p>Prin intermediul dvs.\u00a0<strong>SMPO DL02 10000 Z\u00fcge Einweg E Zigarette \n\nbecomes \n\nSMPO DL02 10000 puffs Disposable E Cigarette<\/strong>\u00a0La noi cump\u0103ra\u021bi, beneficia\u021bi de:<\/p>\n<ul>\n<li><strong>Livrare rapid\u0103<\/strong>\u00a0direct la casa dvs.<\/li>\n<li><strong>Oferte exclusive<\/strong>\u00a0\u0219i\u00a0<strong>Rabaturi<\/strong><\/li>\n<li><strong>Serviciu clien\u021bi remarcabil<\/strong>care este \u00eentotdeauna acolo pentru dumneavoastr\u0103<\/li>\n<li><strong>Metode de plat\u0103 de \u00eencredere<\/strong>\u00a0pentru siguran\u021ba dvs.<\/li>\n<\/ul>\n<p>Pe alfakher24h.de g\u0103si\u021bi numai produse de cea mai \u00eenalt\u0103 calitate. Ale noastre <strong>E-Zigarete de unic\u0103 folosin\u021b\u0103<\/strong>\u00a0Suntem \u00eentotdeauna la curent cu ultimele tehnologii, astfel \u00eenc\u00e2t pute\u021bi fi siguri c\u0103 ve\u021bi avea \u00eentotdeauna cea mai bun\u0103 experien\u021b\u0103.<\/p>\n<hr \/>\n<h2><strong>Concluzie: Trenurile SMPO DL02 10000 de \u021bigarete electronice de unic\u0103 folosin\u021b\u0103 sunt obligatorii pentru vapori \u00een Germania<\/strong><\/h2>\n<p>Die\u00a0<strong>SMPO DL02 10000 Z\u00fcge Einweg E Zigarette \n\nbecomes \n\nSMPO DL02 10000 puffs Disposable E Cigarette<\/strong>\u00a0este o alegere excelent\u0103 pentru to\u021bi vapoarele \u00een\u00a0<strong>Deutschland<\/strong>care caut\u0103 o solu\u021bie puternic\u0103, u\u0219or de utilizat \u0219i conving\u0103toare din punct de vedere al gustului\u00a0<strong>E-\u021bigar\u0103 cu nicotin\u0103<\/strong>\u00a0caut\u0103. Cu o\u00a0<strong>Capacitatea de 10.000 de trenuri<\/strong>inovativ\u00a0<strong>Tehnologia de protec\u021bie \u00eempotriva supra\u00eenc\u0103lzirii uscate CRUX<\/strong>\u00a0\u0219i o varietate de delicioase\u00a0<strong>Aromele<\/strong>\u00a0ofer\u0103 acest produs tot ce ai nevoie pentru o experien\u021b\u0103 de vaporizare excelent\u0103.<\/p>\n<p><strong>Cump\u0103ra\u021bi ast\u0103zi SMPO DL02 10000 de trageri de \u021bigar\u0103 electronic\u0103 de unic\u0103 folosin\u021b\u0103 <a href=\"https:\/\/alfakher24h.de\/ro\/\">alfakher24h.de <\/a><\/strong>\u0219i bucura\u021bi-v\u0103 de cea mai bun\u0103 experien\u021b\u0103 de vapoare pe care pia\u021ba o are de oferit!<\/p>","protected":false},"excerpt":{"rendered":"<p><strong>SMPO DL02 10000 Z\u00fcge Einweg E Zigarette \n\nbecomes \n\nSMPO DL02 10000 puffs Disposable E Cigarette<\/strong>\u00a0este o alegere excelent\u0103 pentru to\u021bi vapoarele \u00een\u00a0<strong>Deutschland<\/strong><\/p>","protected":false},"featured_media":1335,"comment_status":"open","ping_status":"closed","template":"","meta":{"om_disable_all_campaigns":false},"product_brand":[],"product_cat":[34],"product_tag":[],"class_list":{"0":"post-1361","1":"product","2":"type-product","3":"status-publish","4":"has-post-thumbnail","6":"product_cat-smpo-dl02-10000","8":"first","9":"outofstock","10":"shipping-taxable","11":"purchasable","12":"product-type-simple"},"_links":{"self":[{"href":"https:\/\/alfakher24h.de\/ro\/wp-json\/wp\/v2\/product\/1361","targetHints":{"allow":["GET"]}}],"collection":[{"href":"https:\/\/alfakher24h.de\/ro\/wp-json\/wp\/v2\/product"}],"about":[{"href":"https:\/\/alfakher24h.de\/ro\/wp-json\/wp\/v2\/types\/product"}],"replies":[{"embeddable":true,"href":"https:\/\/alfakher24h.de\/ro\/wp-json\/wp\/v2\/comments?post=1361"}],"wp:featuredmedia":[{"embeddable":true,"href":"https:\/\/alfakher24h.de\/ro\/wp-json\/wp\/v2\/media\/1335"}],"wp:attachment":[{"href":"https:\/\/alfakher24h.de\/ro\/wp-json\/wp\/v2\/media?parent=1361"}],"wp:term":[{"taxonomy":"product_brand","embeddable":true,"href":"https:\/\/alfakher24h.de\/ro\/wp-json\/wp\/v2\/product_brand?post=1361"},{"taxonomy":"product_cat","embeddable":true,"href":"https:\/\/alfakher24h.de\/ro\/wp-json\/wp\/v2\/product_cat?post=1361"},{"taxonomy":"product_tag","embeddable":true,"href":"https:\/\/alfakher24h.de\/ro\/wp-json\/wp\/v2\/product_tag?post=1361"}],"curies":[{"name":"wp","href":"https:\/\/api.w.org\/{rel}","templated":true}]}}