{"id":1359,"date":"2025-01-02T06:14:44","date_gmt":"2025-01-02T06:14:44","guid":{"rendered":"https:\/\/alfakher24h.de\/?post_type=product&#038;p=1359"},"modified":"2025-07-16T07:13:09","modified_gmt":"2025-07-16T07:13:09","slug":"smpo-dl02-10000-pufuri-tigara-electronica-de-unica-folosinta-tutun-vanilie","status":"publish","type":"product","link":"https:\/\/alfakher24h.de\/ro\/produs\/smpo-dl02-10000-pufuri-tigara-electronica-de-unica-folosinta-tutun-vanilie\/","title":{"rendered":"SMPO DL02 10000 Z\u00fcge Einweg E Zigarette \u2013 VANILLA TOBACCO"},"content":{"rendered":"<h2><strong>SMPO DL02 10000 Z\u00fcge Einweg E Zigarette \u2013 Der Perfekte Begleiter f\u00fcr Dampfgenuss\n\nbecum \ntradus \u00een \nrom\u00e2n\u0103 \n\nSMPO DL02 10000 de trageri  E-\u021bigar\u0103 de unic\u0103 folosin\u021b\u0103 \u2013 Companionul perfect pentru pl\u0103cerea de a vapora<\/strong><\/h2>\n<p>Die\u00a0<strong>SMPO DL02 10000 Z\u00fcge Einweg E Zigarette \n\nbecomes \n\nSMPO DL02 10000 puffs Disposable E Cigarette<\/strong>\u00a0stabile\u0219te noi standarde pentru to\u021bi vapoarele care caut\u0103 o solu\u021bie puternic\u0103, practic\u0103 \u0219i excep\u021bional\u0103 \u00een ceea ce prive\u0219te gustul\u00a0<strong>E-Zigarette de unic\u0103 folosin\u021b\u0103<\/strong>\u00a0caut\u0103. Cu o impresionant\u0103\u00a0<strong>Capacitatea de 10.000 de trenuri<\/strong>unui\u00a0<strong>design ergonomic<\/strong>\u00a0\u0219i inovatoarelor\u00a0<strong>Tehnologia de protec\u021bie \u00eempotriva supra\u00eenc\u0103lzirii uscate CRUX<\/strong>\u00a0acesta este\u00a0<strong>Vaporizator de unic\u0103 folosin\u021b\u0103<\/strong>\u00a0Alegerea ideal\u0103 pentru utilizatorul exigent. Dispozitivul nu numai c\u0103 impresioneaz\u0103 prin durata lung\u0103 de utilizare \u0219i manipularea u\u0219oar\u0103, ci \u0219i prin gustul autentic \u0219i intens care se men\u021bine la fiecare utilizare. Perfect pentru utilizarea zilnic\u0103 sau ca dispozitiv practic de \u00eenlocuire pentru deplas\u0103ri.<\/p>\n<h3><strong>Caracteristici ale produsului SMPO DL02 \u021bigar\u0103 electronic\u0103 de unic\u0103 folosin\u021b\u0103:\n\n- Tipul produsului: \u021bigar\u0103 electronic\u0103 de unic\u0103 folosin\u021b\u0103\n- Model: SMPO DL02\n- Caracteristici tehnice:\n  - Putere: [puterea dispozitivului]\n  - Capacitate baterie: [capacitatea bateriei]\n  - Capacitate e-lichid: [cantitatea de e-lichid]\n  - Rezisten\u021b\u0103: [valoarea rezisten\u021bei]\n- Caracteristici de vaporizare:\n  - Modul DL (Direct Lung): potrivit pentru inhalare direct\u0103 \u00een pl\u0103m\u00e2ni\n- Condi\u021bii de utilizare:\n  - Temperatur\u0103 de operare: [intervalul de temperatur\u0103 pentru func\u021bionare]\n  - Umiditate de operare: [nivelul de umiditate pentru func\u021bionare]\n- Caracteristici de siguran\u021b\u0103:\n  - Protec\u021bie la supra\u00eenc\u0103lzire\n  - Protec\u021bie la scurtcircuit\n- Design \u0219i construc\u021bie:\n  - Materiale utilizate: [materialele din care este fabricat dispozitivul]\n  - Dimensiuni: [dimensiunile dispozitivului]\n  - Greutate: [greutatea dispozitivului]\n- Culori disponibile: [variantele de culoare disponibile]\n- Accesorii incluse: [lista accesoriilor incluse]\n- Perioad\u0103 de garan\u021bie: [perioada de garan\u021bie oferit\u0103]\n- Avertismente \u0219i precau\u021bii:\n  - Utilizarea produsului de c\u0103tre minori este interzis\u0103\n  - Produsul con\u021bine nicotin\u0103, substan\u021b\u0103 care poate crea dependen\u021b\u0103<\/strong><\/h3>\n<ul>\n<li><strong>Capacitate:<\/strong>\u00a010.000 de trenuri<\/li>\n<li><strong>Capacitatea bateriei:<\/strong>\u00a0750 mAh pentru o experien\u021b\u0103 \u00eendelungat\u0103pl\u0103cut\u0103<\/li>\n<li><strong>Nikotin\u0103:<\/strong>\u00a02 % (20 mg) pentru o lovitur\u0103 puternic\u0103 de nicotin\u0103<\/li>\n<li><strong>Putere de v\u00e2rf:<\/strong>\u00a020 W pentru putere constant\u0103 \u0219i abur intensiv<\/li>\n<li><strong>Rezisten\u021b\u0103:<\/strong>\u00a00,6 Ohm pentru vaporizare excelent\u0103<\/li>\n<li><strong>Op\u021biuni de aburi:<\/strong>\u00a0MTL (gur\u0103 \u00een pl\u0103m\u00e2n) sau DL (direct \u00een pl\u0103m\u00e2n), \u00een func\u021bie de preferin\u021be<\/li>\n<li><strong>Tehnologie:<\/strong>\u00a0Tehnologia de protec\u021bie \u00eempotriva suprausc\u0103rii CRUX pentru un gust constant bun<\/li>\n<li><strong>Design<\/strong>\u00a0Design ergonomic pentru o prindere \u0219i manipulare confortabil\u0103<\/li>\n<li><strong>Capacitate de umplere:<\/strong>\u00a020 ml de lichid electronic pentru o experien\u021b\u0103 de vapoare de lung\u0103 durat\u0103<\/li>\n<li><strong>Gust:<\/strong>\u00a0Vanilla Tobacco - o combina\u021bie perfect\u0103 de vanilie dulce \u0219i tutun afumat<\/li>\n<li><strong>Pachetul con\u021bine:<\/strong>\u00a01 bucat\u0103\u00a0<em>SMPO DL02 10000 Puffs Einweg MTL\/DL Kit \nbecnevoie de traducere, se traduce prin \n\n Kit SMPO DL02 10000 Puffs de unic\u0103 folosin\u021b\u0103 MTL\/DL<\/em><\/li>\n<\/ul>\n<h3><strong>SMPO DL02 E-\u021bigar\u0103 de unic\u0103 folosin\u021b\u0103 \u00een detaliu<\/strong><\/h3>\n<p>Die\u00a0<strong>SMPO DL02 10000 Z\u00fcge Einweg E Zigarette \n\nbecomes \n\nSMPO DL02 10000 puffs Disposable E Cigarette<\/strong>\u00a0a fost conceput special pentru a oferi utilizatorilor de vape cea mai bun\u0103 experien\u021b\u0103 posibil\u0103. Cu o capacitate de\u00a0<strong>10.000 de trenuri<\/strong>\u00a0Ofer\u0103 aceast\u0103 \u021bigar\u0103 electronic\u0103 mai mult dec\u00e2t suficient pentru utilizarea zilnic\u0103. Indiferent dac\u0103 sunte\u021bi un vaporizator experimentat sau abia \u00eencepe\u021bi s\u0103 vapezi - SMPO DL02 asigur\u0103 o manipulare u\u0219oar\u0103 \u0219i o experien\u021b\u0103 de vaporizare fiabil\u0103.<\/p>\n<h3><strong>Confort \u0219i ergonomie<\/strong><\/h3>\n<p>Designul SMPO DL02 a fost conceput astfel \u00eenc\u00e2t s\u0103 nu fie doar atractiv din punct de vedere vizual, ci \u0219i s\u0103 ofere o utilizare confortabil\u0103. M\u00e2nerul ergonomic asigur\u0103 c\u0103 pute\u021bi \u021bine dispozitivul \u00een m\u00e2n\u0103 \u00een mod confortabil \u0219i sigur, f\u0103r\u0103 s\u0103 devin\u0103 incomod - chiar \u0219i \u00een timpul sesiunilor lungi de abur. Designul compact \u00eel face ideal pentru utilizare mobil\u0103 \u0219i poate fi depozitat cu u\u0219urin\u021b\u0103 \u00een buzunar sau \u00een rucsac.<\/p>\n<h3><strong>Tehnologie avansat\u0103 pentru cel mai bun gust<\/strong><\/h3>\n<p>Die\u00a0<strong>Tehnologia de protec\u021bie \u00eempotriva supra\u00eenc\u0103lzirii uscate CRUX<\/strong>\u00a0Des SMPO DL02 garanteaz\u0103 c\u0103 fiecare tragere ofer\u0103 acela\u0219i gust nealterat, f\u0103r\u0103 riscul de supra\u00eenc\u0103lzire a dispozitivului. Acest lucru asigur\u0103 o experien\u021b\u0103 de vaporizare constant bun\u0103 la fiecare utilizare.\u00a0<strong>20 ml capacitate de e-lichid<\/strong>\u00a0\u0219i \nea\u00a0<strong>750 mAh baterie<\/strong>\u00a0Permite o perioad\u0103 lung\u0103 de utilizare f\u0103r\u0103 ca gustul sau performan\u021ba s\u0103 scad\u0103. Acest lucru este deosebit de practic, deoarece nu trebuie s\u0103 v\u0103 face\u021bi griji cu privire la reaprovizionare sau re\u00eenc\u0103rcare.<\/p>\n<h3><strong>Op\u021biuni versatile de aburi<\/strong><\/h3>\n<p>Ob Sie den\u00a0<strong>MTL (Gur\u0103-la-Pl\u0103m\u00e2ni)<\/strong>Mod prefer\u0103 modul de aburi, \u00een care aburul este tras u\u0219or prin gur\u0103 \u00een pl\u0103m\u00e2ni, sau\u00a0<strong>DL (Direct-Lung)<\/strong>-Modul \u00een care aburul este inhalat direct \u00een pl\u0103m\u00e2ni, SMPO DL02 se adapteaz\u0103 la stilul dvs. de vaporizare. Acest lucru v\u0103 ofer\u0103 libertatea de a v\u0103 personaliza experien\u021ba de vaporizare \u00een func\u021bie de preferin\u021bele dvs. personale. Indiferent de modul pe care \u00eel alege\u021bi, dispozitivul ofer\u0103 \u00eentotdeauna un abur puternic \u0219i pl\u0103cut constant.<\/p>\n<h3><strong>Vanilla Tobacco Gust - Combina\u021bia perfect\u0103<\/strong><\/h3>\n<p>Der\u00a0<strong>Vanilla Tobacco<\/strong>\u00a0Gustul vapei de unic\u0103 folosin\u021b\u0103 SMPO DL02 este o combina\u021bie perfect\u0103 a notei moi \u0219i dulci a\u00a0<strong>Vanilie<\/strong>\u00a0\u0219i gustul afumat, condimentat de\u00a0<strong>Tutun<\/strong>Acest arom\u0103 este ideal\u0103 pentru vapori care prefer\u0103 un gust clasic de tutun, \u00eens\u0103 cu o not\u0103 pl\u0103cut\u0103 \u0219i dulce de vanilie ca echilibru. Gustul este plin \u0219i rotund, cu o dulcea\u021b\u0103 u\u0219oar\u0103 care completeaz\u0103 perfect gustul de tutun afumat. Combina\u021bia din\u00a0<strong>Vanilie<\/strong>\u00a0\u0219i\u00a0<strong>Tutun<\/strong>\u00a0asigur\u0103 o experien\u021b\u0103 de vaporizare echilibrat\u0103 \u0219i armonioas\u0103, care se adreseaz\u0103 at\u00e2t vaporizatorilor experimenta\u021bi, c\u00e2t \u0219i \u00eencep\u0103torilor.<\/p>\n<p>Vanilia adaug\u0103 o dulcea\u021b\u0103 moale \u0219i cremoas\u0103 \u00een imaginea de ansamblu, care se amestec\u0103 perfect cu gustul intens de tutun. \u00cen acela\u0219i timp, gustul nu devine prea dulce, ci p\u0103streaz\u0103 autenticitatea tutunului.\u00a0<strong>Vanilla Tobacco<\/strong>Gustul este foarte popular mai ales \u00een r\u00e2ndul celor care trec de la \u021big\u0103rile tradi\u021bionale sau de la vaporizatoare \u0219i care caut\u0103 un gust clasic, dar \u00een acela\u0219i timp r\u0103coritor. Aceast\u0103 combina\u021bie este ideal\u0103 pentru to\u021bi cei care doresc at\u00e2t s\u0103\u00a0<strong>un gust de tutun afumat<\/strong>\u00a0precum \u0219i cele\u00a0<strong>dulcea\u021b\u0103 delicat\u0103 de vanilie<\/strong>\u00a0dori\u021bi s\u0103 savura\u021bi \u2013 o combina\u021bie de arome care nu se face niciodat\u0103 plictisitoare.<\/p>\n<p><img loading=\"lazy\" decoding=\"async\" class=\"alignnone wp-image-1565 size-full\" title=\"SMPO DL02 10000 Z\u00fcge Einweg E Zigarette - VANILLA TOBACCO 3\" src=\"https:\/\/alfakher24h.de\/wp-content\/uploads\/2025\/01\/SMPO-DL02-product-profile_03.webp\" sizes=\"auto, (max-width: 2133px) 100vw, 2133px\" srcset=\"https:\/\/alfakher24h.de\/wp-content\/uploads\/2025\/01\/SMPO-DL02-product-profile_03.webp 2133w, https:\/\/alfakher24h.de\/wp-content\/uploads\/2025\/01\/SMPO-DL02-product-profile_03-300x169.webp 300w, https:\/\/alfakher24h.de\/wp-content\/uploads\/2025\/01\/SMPO-DL02-product-profile_03-1024x576.webp 1024w, https:\/\/alfakher24h.de\/wp-content\/uploads\/2025\/01\/SMPO-DL02-product-profile_03-768x432.webp 768w, https:\/\/alfakher24h.de\/wp-content\/uploads\/2025\/01\/SMPO-DL02-product-profile_03-1536x864.webp 1536w, https:\/\/alfakher24h.de\/wp-content\/uploads\/2025\/01\/SMPO-DL02-product-profile_03-2048x1152.webp 2048w, https:\/\/alfakher24h.de\/wp-content\/uploads\/2025\/01\/SMPO-DL02-product-profile_03-18x10.webp 18w, https:\/\/alfakher24h.de\/wp-content\/uploads\/2025\/01\/SMPO-DL02-product-profile_03-600x338.webp 600w\" alt=\"SMPO DL02 10000 Z\u00fcge Einweg E Zigarette - VANILLA TOBACCO\" width=\"2133\" height=\"1200\" \/><\/p>\n<h3><strong>De ce ar trebui s\u0103 cump\u0103ra\u021bi \u021bigara electronic\u0103 de unic\u0103 folosin\u021b\u0103 SMPO DL02 10000?<\/strong><\/h3>\n<ul>\n<li><strong>Durat\u0103 de via\u021b\u0103 lung\u0103:<\/strong>\u00a0Cu 10.000 de trageri, SMPO DL02 ofer\u0103 o durat\u0103 de via\u021b\u0103 excep\u021bional de lung\u0103, ideal\u0103 pentru vapori care caut\u0103 un dispozitiv fiabil pentru utilizarea de zi cu zi.<\/li>\n<li><strong>Design ergonomic<\/strong>\u00a0SMPO DL02 se afl\u0103 confortabil \u00een m\u00e2n\u0103 \u0219i ofer\u0103 un confort ridicat \u00een timpul vaporiz\u0103rii datorit\u0103 designului s\u0103u ergonomic.<\/li>\n<li><strong>Gust constant:<\/strong>\u00a0Datorit\u0103\u00a0<strong>Tehnologia de protec\u021bie \u00eempotriva supra\u00eenc\u0103lzirii uscate CRUX<\/strong>\u00a0P\u0103streaz\u0103 gustul la fiecare tragere la fel de proasp\u0103t \u0219i nealterat.<\/li>\n<li><strong>Op\u021biuni versatile de aburi:<\/strong>\u00a0Cu modurile MTL \u0219i DL pute\u021bi personaliza experien\u021ba de vaporizare \u00een func\u021bie de preferin\u021bele dvs.<\/li>\n<li><strong>Gust intensiv de vanilie \u0219i tutun:<\/strong>\u00a0Der\u00a0<strong>Vanilla Tobacco<\/strong>\u00a0Gustul combin\u0103 vanilia dulce \u0219i aroma clasic\u0103 de tutun \u00eentr-o compozi\u021bie de gust de neconfundat.<\/li>\n<li><strong>Nikotin\u0103 pentru savurarea complet\u0103:<\/strong>\u00a0Cu 2 % (20 mg) nicotin\u0103, SMPO DL02 asigur\u0103 o absorb\u021bie suficient\u0103 de nicotin\u0103 \u0219i o experien\u021b\u0103 de vaporizare satisf\u0103c\u0103toare.<\/li>\n<li><strong>Disponibil la alfakher24h.de:<\/strong>\u00a0Cump\u0103ra\u021bi-le pe\u00a0<strong>SMPO DL02 10000 Z\u00fcge Einweg E Zigarette \n\nbecomes \n\nSMPO DL02 10000 puffs Disposable E Cigarette<\/strong>\u00a0comod pe cea mai mare platform\u0103 online pentru\u00a0<strong>Vape de unic\u0103 folosin\u021b\u0103<\/strong>\u00a0\u00een\u00a0<strong>Deutschland<\/strong>Profita\u021bi de o livrare rapid\u0103 \u0219i de un serviciu clien\u021bi excelent.<\/li>\n<\/ul>\n<h3><strong>Concluzie \u2013 SMPO DL02 10000 de trenuri de \u021big\u0103ri electronice de unic\u0103 folosin\u021b\u0103 pentru vaporizatorul exigent<\/strong><\/h3>\n<p>Die\u00a0<strong>SMPO DL02 10000 Z\u00fcge Einweg E Zigarette \n\nbecomes \n\nSMPO DL02 10000 puffs Disposable E Cigarette<\/strong>\u00a0v\u0103 ofer\u0103 o experien\u021b\u0103 de vapoare de prim\u0103 clas\u0103, care este caracterizat\u0103 at\u00e2t de \n\n (or) \nofer\u0103 o experien\u021b\u0103 premium de vapoare, care se remarc\u0103 at\u00e2t prin\u00a0<strong>durat\u0103 de via\u021b\u0103 lung\u0103<\/strong>\u00a0precum \u0219i prin intensul\u00a0<strong>Vanilla Tobacco<\/strong>\u00a0Gustul convinge. Datorit\u0103 designului ergonomic \u0219i tehnologiei avansate, acest model este perfect pentru utilizarea zilnic\u0103 sau ca dispozitiv de \u00eenlocuire de \u00eencredere. Cump\u0103ra\u021bi-v\u0103 \n(continuarea textului lipseste)\u00a0<strong>SMPO DL02<\/strong> noch heute auf alfakher24h.de, cea mai mare platform\u0103 online pentru\u00a0<strong>Vape de unic\u0103 folosin\u021b\u0103<\/strong>\u00a0\u00een\u00a0<strong>Deutschland<\/strong>L\u0103sa\u021bi-v\u0103 impresiona\u021bi de calitatea \u0219i gustul acestui produs \u0219i bucura\u021bi-v\u0103 de o experien\u021b\u0103 de vaporizare de neuitat.<\/p>\n<p><strong>Acum cump\u0103ra\u021bi \u0219i experimenta\u021bi pl\u0103cerea de a utiliza  E-\u021bigar\u0103 de unic\u0103 folosin\u021b\u0103 SMPO DL02 cu 10.000 de pufuri!<\/strong><\/p>","protected":false},"excerpt":{"rendered":"<p><strong>SMPO DL02 10000 Z\u00fcge Einweg E Zigarette \n\nbecomes \n\nSMPO DL02 10000 puffs Disposable E Cigarette<\/strong>\u00a0v\u0103 ofer\u0103 o experien\u021b\u0103 de vapoare de prim\u0103 clas\u0103, care este caracterizat\u0103 at\u00e2t de \n\n (or) \nofer\u0103 o experien\u021b\u0103 premium de vapoare, care se remarc\u0103 at\u00e2t prin\u00a0<strong>durat\u0103 de via\u021b\u0103 lung\u0103<\/strong>\u00a0precum \u0219i prin intensul\u00a0<strong>Vanilla Tobacco<\/strong>\u00a0Gustul convinge. Datorit\u0103 designului ergonomic \u0219i tehnologiei avansate, acest model este perfect pentru utilizarea zilnic\u0103 sau ca dispozitiv de \u00eenlocuire de \u00eencredere. Cump\u0103ra\u021bi-v\u0103 \n(continuarea textului lipseste)\u00a0<strong>SM<\/strong><\/p>","protected":false},"featured_media":1360,"comment_status":"open","ping_status":"closed","template":"","meta":{"om_disable_all_campaigns":false},"product_brand":[],"product_cat":[34],"product_tag":[],"class_list":{"0":"post-1359","1":"product","2":"type-product","3":"status-publish","4":"has-post-thumbnail","6":"product_cat-smpo-dl02-10000","8":"first","9":"outofstock","10":"shipping-taxable","11":"purchasable","12":"product-type-simple"},"_links":{"self":[{"href":"https:\/\/alfakher24h.de\/ro\/wp-json\/wp\/v2\/product\/1359","targetHints":{"allow":["GET"]}}],"collection":[{"href":"https:\/\/alfakher24h.de\/ro\/wp-json\/wp\/v2\/product"}],"about":[{"href":"https:\/\/alfakher24h.de\/ro\/wp-json\/wp\/v2\/types\/product"}],"replies":[{"embeddable":true,"href":"https:\/\/alfakher24h.de\/ro\/wp-json\/wp\/v2\/comments?post=1359"}],"wp:featuredmedia":[{"embeddable":true,"href":"https:\/\/alfakher24h.de\/ro\/wp-json\/wp\/v2\/media\/1360"}],"wp:attachment":[{"href":"https:\/\/alfakher24h.de\/ro\/wp-json\/wp\/v2\/media?parent=1359"}],"wp:term":[{"taxonomy":"product_brand","embeddable":true,"href":"https:\/\/alfakher24h.de\/ro\/wp-json\/wp\/v2\/product_brand?post=1359"},{"taxonomy":"product_cat","embeddable":true,"href":"https:\/\/alfakher24h.de\/ro\/wp-json\/wp\/v2\/product_cat?post=1359"},{"taxonomy":"product_tag","embeddable":true,"href":"https:\/\/alfakher24h.de\/ro\/wp-json\/wp\/v2\/product_tag?post=1359"}],"curies":[{"name":"wp","href":"https:\/\/api.w.org\/{rel}","templated":true}]}}