{"id":1258,"date":"2024-12-26T10:30:29","date_gmt":"2024-12-26T10:30:29","guid":{"rendered":"https:\/\/alfakher24h.de\/?post_type=product&#038;p=1258"},"modified":"2024-12-28T04:22:01","modified_gmt":"2024-12-28T04:22:01","slug":"fumot-randm-digital-box-12000-pufuri-tigara-electronica-de-unica-folosinta-gheata-de-capsuni","status":"publish","type":"product","link":"https:\/\/alfakher24h.de\/ro\/produs\/fumot-randm-digital-box-12000-pufuri-tigara-electronica-de-unica-folosinta-gheata-de-capsuni\/","title":{"rendered":"Fumot RandM Digital Box 12000 de trageri \u021bigar\u0103 electronic\u0103 de unic\u0103 folosin\u021b\u0103 - Strawberry Ice"},"content":{"rendered":"<h2><strong>Fumot RandM Digital Box 12000 Puffuri  E-Zigaret\u0103 de unic\u0103 folosin\u021b\u0103 - Alegerea perfect\u0103 pentru vapori preten\u021bio\u0219i \u00een Germania<\/strong><\/h2>\n<div style=\"width: 1020px;\" class=\"wp-video\"><video class=\"wp-video-shortcode\" id=\"video-1258-1\" width=\"1020\" height=\"574\" preload=\"metadata\" controls=\"controls\"><source type=\"video\/mp4\" src=\"https:\/\/alfakher24h.de\/wp-content\/uploads\/2024\/12\/Fumot-RandM-Digital-Box-12000.mp4?_=1\" \/><a href=\"https:\/\/alfakher24h.de\/wp-content\/uploads\/2024\/12\/Fumot-RandM-Digital-Box-12000.mp4\">https:\/\/alfakher24h.de\/wp-content\/uploads\/2024\/12\/Fumot-RandM-Digital-Box-12000.mp4<\/a><\/video><\/div>\n<p>Die\u00a0<a href=\"https:\/\/alfakher24h.de\/ro\/?post_type=product&amp;p=1256&amp;preview=true\"><strong>Cutie Fumot RandM Digital 12000 de trageri E-\u021bigaret\u0103 de unic\u0103 folosin\u021b\u0103<\/strong><\/a>\u00a0este o oper\u0103 maestral\u0103 a tehnologiei moderne cu abur \u0219i ofer\u0103 o experien\u021b\u0103 de fumare de neegalat pentru to\u021bi cei care caut\u0103 o solu\u021bie durabil\u0103, practic\u0103 \u0219i \u00een acela\u0219i timp elegant\u0103\u00a0<a href=\"https:\/\/alfakher24h.de\/ro\/\"><strong>E-\u021bigaret\u0103 de unic\u0103 folosin\u021b\u0103<\/strong><\/a>\u00a0C\u0103uta\u021bi. Dezvoltat pentru vaporizatorul exigent, acest dispozitiv inovator combin\u0103 rafinamentul tehnologic cu un design sofisticat \u0219i o varietate de func\u021bii care fac vaporizarea o adev\u0103rat\u0103 pl\u0103cere.<\/p>\n<p>Cu\u00a0<strong>12.000 de trenuri<\/strong>unui\u00a0<strong>Ecran LED<\/strong>\u00a0\u0219i unul\u00a0<strong>baterie \u00eenc\u0103rcat\u0103, re\u00eenc\u0103rcabil\u0103 de 550mAh<\/strong>care au trecut peste un\u00a0<strong>Priza de \u00eenc\u0103rcare de tip C<\/strong>\u00a0poate fi \u00eenc\u0103rcat\u0103, Fumot RandM Digital Box ofer\u0103 o experien\u021b\u0103 de vaporizare distinctiv\u0103. Aici ve\u021bi afla totul despre aceast\u0103 cutie de \u00eenalt\u0103 calitate\u00a0<strong>E-\u021bigaret\u0103 de unic\u0103 folosin\u021b\u0103<\/strong>\u00a0trebuie s\u0103 \u0219tie, precum \u0219i posibilitatea perfect\u0103 de a le utiliza direct pe\u00a0<strong>alfakherwelt.de<\/strong>\u00a0Pentru cump\u0103rare - platforma dvs. preferat\u0103 pentru\u00a0<strong>E-\u021bigaret\u0103 de unic\u0103 folosin\u021b\u0103<\/strong>\u00a0\u00een\u00a0<strong>Deutschland<\/strong>.<\/p>\n<hr \/>\n<h3><strong>Caracteristici produs Fumot RandM Digital Box 12000 de puffs  \u021bigar\u0103 electronic\u0103 de unic\u0103 folosin\u021b\u0103<\/strong><\/h3>\n<ul>\n<li><strong>Capacitate de e-lichid 20ml<\/strong>\u00a0- O cantitate generoas\u0103, suficient\u0103 pentru p\u00e2n\u0103 la\u00a0<strong>12000 trenuri<\/strong>\u00a0Este suficient. Ideal pentru \u0219edin\u021be lungi de aburi f\u0103r\u0103 realimentare frecvent\u0103.<\/li>\n<li><strong>Reichweite von 12.000 Z\u00fcgen<\/strong>\u00a0- Datorit\u0103 combina\u021biei optime \u00eentre putere mare\u00a0<strong>Tehnologia s\u0103rii de nicotin\u0103<\/strong>\u00a0\u0219i un rezervor generos de lichid electronic.<\/li>\n<li><strong>Baterie re\u00eenc\u0103rcabil\u0103 de 550mAh<\/strong>\u00a0Cu un practic\u00a0<strong>Conector de tip C<\/strong>\u00a0Bateria se \u00eencarc\u0103 rapid \u0219i u\u0219or, astfel \u00eenc\u00e2t s\u0103 pute\u021bi bucura oric\u00e2nd de putere maxim\u0103.<\/li>\n<li><strong>\u0218ase lumini RGB<\/strong>\u00a0\u2013 Aceste l\u0103mpi ofer\u0103 nu numai rafinament optic, ci contribuie \u0219i la faptul c\u0103 sunte\u021bi vizibili \u00een \u00eentuneric \u00een timpul vape-ului.<\/li>\n<li><strong>Comutator de control al fluxului de aer<\/strong>\u00a0- Ajusta\u021bi dimensiunea aburului \u00een func\u021bie de preferin\u021bele dvs. prin reglarea liber\u0103 a circula\u021biei aerului.<\/li>\n<li><strong>Dou\u0103 niveluri de sare de nicotin\u0103<\/strong>\u00a0\u2013 Alege\u021bi \u00eentre 5% sau 2% nicotin\u0103, \u00een func\u021bie de c\u00e2t de puternic dori\u021bi s\u0103 fie experien\u021ba dvs. de vaporizare.<\/li>\n<li><strong>Tehnologie cu bobin\u0103 de plas\u0103<\/strong>\u00a0\u2013 Aceasta asigur\u0103 o experien\u021b\u0103 de gust deosebit de intens\u0103 \u0219i permite o distribu\u021bie uniform\u0103 a c\u0103ldurii la evaporarea E-Liquidului.<\/li>\n<\/ul>\n<hr \/>\n<h3><strong>De ce Fumot RandM Digital Box 12000 Z\u00fcge2 de unic\u0103 folosin\u021b\u0103 e-\u021bigar\u0103 ar trebui s\u0103 fie prima dvs. alegere<\/strong><\/h3>\n<p><strong>Func\u021bionalitatea \u00eent\u00e2lne\u0219te estetica<\/strong><br \/>\nDie\u00a0<strong>Cutie Fumot RandM Digital 12000 de trageri E-\u021bigaret\u0103 de unic\u0103 folosin\u021b\u0103<\/strong>\u00a0nu este doar o oper\u0103 tehnic\u0103 de art\u0103, ci \u0219i un punct culminant din punct de vedere optic. Cu designul s\u0103u elegant \u0219i extrem de u\u0219or, se potrive\u0219te perfect \u00een m\u00e2n\u0103 \u0219i poate fi transportat f\u0103r\u0103 efort.\u00a0<strong>Ecran LED<\/strong>\u00a0v\u0103 asigur\u0103 c\u0103 ave\u021bi \u00eentotdeauna o imagine clar\u0103 a cantit\u0103\u021bii de lichid electronic r\u0103mas \u0219i a energiei bateriei.<\/p>\n<p><strong>Design ergonomic pentru confort maxim<\/strong><br \/>\nCu o abordare atent g\u00e2ndit\u0103\u00a0<strong>construc\u021bie ergonomic\u0103<\/strong>\u00a0ofer\u0103 aceast\u0103\u00a0<strong>E-\u021bigaret\u0103 de unic\u0103 folosin\u021b\u0103<\/strong>\u00a0o experien\u021b\u0103 de vaporizare excep\u021bional de pl\u0103cut\u0103.\u00a0<strong>Sistem cu bobine de ochiuri<\/strong>\u00a0ajut\u0103 la intensificarea gustului E-Liquidului \u0219i, \u00een acela\u0219i timp, distribuie uniform c\u0103ldura.\u00a0<strong>Produc\u021bia de abur<\/strong>\u00a0este uniform \u0219i eficient, astfel \u00eenc\u00e2t s\u0103 pute\u021bi bucura de fiecare dat\u0103 de o arom\u0103 plin\u0103 \u0219i intens\u0103.<\/p>\n<p><strong>Aplicare simpl\u0103 f\u0103r\u0103 complica\u021bii<\/strong><br \/>\nCu cel practic\u00a0<strong>Sistem de activare a trenului<\/strong>\u00a0Nu ave\u021bi nevoie de butoane sau set\u0103ri complicate. Pur \u0219i simplu trage\u021bi, \u0219i aburul este activat imediat. Acest lucru face ca experien\u021ba de vaporizare cu Fumot RandM Digital Box s\u0103 fie incredibil de convenabil\u0103. Indiferent dac\u0103 sunte\u021bi acas\u0103 sau \u00een deplasare - pute\u021bi conta \u00eentotdeauna pe un rezultat constant bun.<\/p>\n<p><strong>Posibilit\u0103\u021bi de utilizare extinse<\/strong><br \/>\nCu posibilitatea de a\u00a0<strong>Controlul fluxului de aer<\/strong>\u00a0a regla, ave\u021bi control complet asupra experien\u021bei dvs. de vaporizare. Ajusta\u021bi cantitatea de abur \u00een func\u021bie de preferin\u021bele dvs. \u0219i bucura\u021bi-v\u0103 de flexibilitatea complet\u0103 - un adev\u0103rat punct culminant al acestui\u00a0<strong>E-\u021bigaret\u0103 de unic\u0103 folosin\u021b\u0103<\/strong>\u00a0care se diferen\u021biaz\u0103 de altele de pe pia\u021b\u0103.<\/p>\n<p>&nbsp;<\/p>\n<hr \/>\n<h3><strong>Cutie Fumot RandM Digital 12000 de puffs \u021bigar\u0103 electronic\u0103 de unic\u0103 folosin\u021b\u0103 cu varietate de arome<\/strong><\/h3>\n<p>Unic\u00a0<strong>Experien\u021b\u0103 gustativ\u0103<\/strong> este una dintre principalele caracteristici ale\u00a0<a href=\"https:\/\/alfakher24h.de\/ro\/\"><strong style=\"font-size: 14.4px;\">Fumot RandM Digital Box 12000<\/strong><\/a><strong style=\"font-size: 14.4px;\">\u00a0Trenuri de unic\u0103 folosin\u021b\u0103 E-Zigarette<\/strong><span style=\"font-size: 14.4px;\">. The \n becomes \n. Die \nstays \n. Die\u00a0<\/span><strong style=\"font-size: 14.4px;\">Aromele<\/strong><span style=\"font-size: 14.4px;\">\u00a0acesta \naceast\u0103 \nacest \nacestuia \nacesteia \nacestor \n acestora \n acestora\u00a0<\/span><strong style=\"font-size: 14.4px;\">E-\u021bigaret\u0103 de unic\u0103 folosin\u021b\u0103<\/strong><span style=\"font-size: 14.4px;\">\u00a0sunt nu numai diverse, ci \u0219i extrem de intense. Dispozitivul suport\u0103 p\u00e2n\u0103 la\u00a0<\/span><strong style=\"font-size: 14.4px;\">48 de arome diferite<\/strong><span style=\"font-size: 14.4px;\">Printre acestea se num\u0103r\u0103 fructe r\u0103coritoare, variante de mentol r\u0103citoare \u0219i note clasice de tutun. Astfel, ave\u021bi la \u00eendem\u00e2n\u0103 aroma perfect\u0103 pentru orice ocazie.<\/span><\/p>\n<p><strong>Descrierea aromei - Strawberry Ice<\/strong><br \/>\nUnul dintre cele mai populare arome ale Fumot Digital Box 12000 este\u00a0<strong>Strawberry Ice<\/strong>acestui parfum combin\u0103 dulcea\u021ba proasp\u0103t\u0103 a c\u0103p\u0219unilor coapte cu un finis mentolat, r\u0103coritor \u0219i revigorant. Gustul de\u00a0<strong>c\u0103p\u0219uni proaspete \u0219i suculente<\/strong>\u00a0V\u0103 mul\u021bume\u0219te sim\u021burile, \u00een timp ce atingerea r\u0103coritoare a mentolei face vaporizarea o experien\u021b\u0103 pl\u0103cut\u0103, care este deosebit de r\u0103coritoare \u00een zilele c\u0103lduroase. Echilibrul perfect \u00eentre fructozitate \u0219i r\u0103coare asigur\u0103 c\u0103 de fiecare dat\u0103 v\u0103 bucura\u021bi de un gust intens \u0219i constant bun.<\/p>\n<p><strong>Varietatea aromelor disponibile<\/strong><br \/>\nAl\u0103turi\u00a0<strong>Strawberry Ice<\/strong>\u00a0Ofer\u0103 Fumot RandM Digital Box o selec\u021bie imens\u0103 de\u00a0<strong>alte arome<\/strong>De la amestecuri de fructe tropicale p\u00e2n\u0103 la arome clasice de tutun, exist\u0103 ceva pentru fiecare gust. De remarcat sunt lichidele electronice inovatoare, care se remarc\u0103 prin absorb\u021bia deosebit de bl\u00e2nd\u0103 a nicotinei \u0219i arome de lung\u0103 durat\u0103. Un companion ideal pentru \u00eentreaga zi!<\/p>\n<hr \/>\n<h3><strong>Cump\u0103ra Vape pe <a href=\"https:\/\/alfakher24h.de\/ro\/\">alfakher24h.de<\/a> \u2013 Adresa dvs. principal\u0103 pentru \u021big\u0103ri electronice de unic\u0103 folosin\u021b\u0103 \u00een Germania<\/strong><\/h3>\n<p>Aualfakher24h.de, cel mai mare\u00a0<strong>Magazin online pentru \u021bigarete electronice de unic\u0103 folosin\u021b\u0103 \u00een Germania<\/strong>pute\u021bi s\u0103 le\u00a0<strong>Cutie Fumot RandM Digital 12000 de trageri E-\u021bigaret\u0103 de unic\u0103 folosin\u021b\u0103<\/strong>\u00a0Cump\u0103ra\u021bi foarte comod online. Profita\u021bi de oferta noastr\u0103 vast\u0103 \u0219i de pre\u021burile atractive. \u00cen plus, v\u0103 garant\u0103m livrare rapid\u0103 \u0219i cel mai bun serviciu clien\u021bi.<\/p>\n<p>V\u0103 rug\u0103m s\u0103 vizita\u021bi alfakher24h.de pentru a v\u0103 procura noul dumneavoastr\u0103\u00a0<strong>E-\u021bigaret\u0103 de unic\u0103 folosin\u021b\u0103<\/strong>\u00a0Pentru a comanda \u0219i a v\u0103 bucura de experien\u021ba suprem\u0103 de vaporizare. Indiferent dac\u0103 sunte\u021bi un vaporizor experimentat sau un \u00eencep\u0103tor - cu ajutorul nostru,\u00a0<strong>Fumot RandM Digital Box<\/strong>\u00a0Sunt \u00eentotdeauna perfect echipa\u021bi.<\/p>\n<hr \/>\n<h3><strong>Concluzie: De ce ar trebui s\u0103 cump\u0103ra\u021bi Fumot RandM Digital Box 12000 de puffs  E-\u021bigar\u0103 de unic\u0103 folosin\u021b\u0103<\/strong><\/h3>\n<p>Die\u00a0<strong>Cutie Fumot RandM Digital 12000 de trageri E-\u021bigaret\u0103 de unic\u0103 folosin\u021b\u0103<\/strong>\u00a0este o alegere excelent\u0103 pentru to\u021bi cei care sunt \u00een c\u0103utarea unui\u00a0<strong>de \u00eenalt\u0103 calitate, u\u0219or de utilizat<\/strong>\u00a0\u0219i\u00a0<strong>intensiv \u00een ceea ce prive\u0219te gustul<\/strong>\u00a0Experien\u021be de vapoare. Cu func\u021bii inovatoare precum cea\u00a0<strong>Controlul fluxului de aer<\/strong>lui\u00a0<strong>Ecran LED<\/strong>\u00a0\u0219i cel\u00a0<strong>Baterie re\u00eenc\u0103rcabil\u0103 550mAh<\/strong>\u00a0este solu\u021bia perfect\u0103 pentru to\u021bi cei care nu vor s\u0103 sacrifice calitatea atunci c\u00e2nd vine vorba de vaporizare. \u00cen plus, selec\u021bia larg\u0103 de\u00a0<strong>Aromele<\/strong>\u00a0\u0219i \nea\u00a0<strong>durat\u0103 lung\u0103 de utilizare<\/strong>\u00a0de p\u00e2n\u0103 la\u00a0<strong>12.000 de trenuri<\/strong>\u00a0pentru a v\u0103 bucura de o experien\u021b\u0103 de vaporizare excep\u021bional\u0103 de fiecare dat\u0103.<\/p>\n<p><strong>Vizita\u021bi alfakher24h.de<\/strong>\u00a0pentru a v\u0103\u00a0<strong>Cutie Fumot RandM Digital 12000 de trageri E-\u021bigaret\u0103 de unic\u0103 folosin\u021b\u0103<\/strong>\u00a0Pentru a comanda \u0219i a experimenta vaporizarea la cel mai \u00eenalt nivel!<\/p>","protected":false},"excerpt":{"rendered":"<p>Die <strong>Fumot RandM Digital Box 12000 Z\u00fcge \n\nbecum RandM Digital Box 12000 traguri r\u0103m\u00e2ne \n(RandM Digital Box 12000 Puffuri)<\/strong> O \u021bigar\u0103 electronic\u0103 de unic\u0103 folosin\u021b\u0103 ofer\u0103 un gust intens, tehnologie inovativ\u0103 Mesh-Coil \u0219i p\u00e2n\u0103 la 12.000 de pufuri pentru o experien\u021b\u0103 de vaporizare de prim\u0103 clas\u0103.<\/p>","protected":false},"featured_media":1259,"comment_status":"open","ping_status":"closed","template":"","meta":{"om_disable_all_campaigns":false},"product_brand":[],"product_cat":[27],"product_tag":[],"class_list":{"0":"post-1258","1":"product","2":"type-product","3":"status-publish","4":"has-post-thumbnail","6":"product_cat-fumot-randm-digital-box-12000-puffs","8":"first","9":"instock","10":"shipping-taxable","11":"purchasable","12":"product-type-simple"},"_links":{"self":[{"href":"https:\/\/alfakher24h.de\/ro\/wp-json\/wp\/v2\/product\/1258","targetHints":{"allow":["GET"]}}],"collection":[{"href":"https:\/\/alfakher24h.de\/ro\/wp-json\/wp\/v2\/product"}],"about":[{"href":"https:\/\/alfakher24h.de\/ro\/wp-json\/wp\/v2\/types\/product"}],"replies":[{"embeddable":true,"href":"https:\/\/alfakher24h.de\/ro\/wp-json\/wp\/v2\/comments?post=1258"}],"wp:featuredmedia":[{"embeddable":true,"href":"https:\/\/alfakher24h.de\/ro\/wp-json\/wp\/v2\/media\/1259"}],"wp:attachment":[{"href":"https:\/\/alfakher24h.de\/ro\/wp-json\/wp\/v2\/media?parent=1258"}],"wp:term":[{"taxonomy":"product_brand","embeddable":true,"href":"https:\/\/alfakher24h.de\/ro\/wp-json\/wp\/v2\/product_brand?post=1258"},{"taxonomy":"product_cat","embeddable":true,"href":"https:\/\/alfakher24h.de\/ro\/wp-json\/wp\/v2\/product_cat?post=1258"},{"taxonomy":"product_tag","embeddable":true,"href":"https:\/\/alfakher24h.de\/ro\/wp-json\/wp\/v2\/product_tag?post=1258"}],"curies":[{"name":"wp","href":"https:\/\/api.w.org\/{rel}","templated":true}]}}