{"id":1223,"date":"2024-12-24T03:46:38","date_gmt":"2024-12-24T03:46:38","guid":{"rendered":"https:\/\/alfakher24h.de\/?post_type=product&#038;p=1223"},"modified":"2025-07-16T07:25:08","modified_gmt":"2025-07-16T07:25:08","slug":"1223","status":"publish","type":"product","link":"https:\/\/alfakher24h.de\/ro\/produs\/1223\/","title":{"rendered":"Random Tornado 12000 Z\u00fcge Einweg E Zigarette \u2013 Ice Pop \nse traduce \u00een \nRandom Tornado 12000 de trageri \u021bigar\u0103 electronic\u0103 de unic\u0103 folosin\u021b\u0103 \u2013 Ice Pop"},"content":{"rendered":"<h2>Random Tornado 12000 Z\u00fcge Einweg E Zigarette \u2013 Ice Pop: Experien\u021ba dvs. perfect\u0103 de vaporizare<\/h2>\n<p><img loading=\"lazy\" decoding=\"async\" class=\"alignnone size-full wp-image-1176\" src=\"https:\/\/alfakher24h.de\/wp-content\/uploads\/2024\/12\/Fumot-RandM-Digital-Box-12000-Puffs.webp\" alt=\"Fumot-RandM-Digital-Box-12000\" width=\"1280\" height=\"1810\" title=\"\" srcset=\"https:\/\/alfakher24h.de\/wp-content\/uploads\/2024\/12\/Fumot-RandM-Digital-Box-12000-Puffs.webp 1280w, https:\/\/alfakher24h.de\/wp-content\/uploads\/2024\/12\/Fumot-RandM-Digital-Box-12000-Puffs-212x300.webp 212w, https:\/\/alfakher24h.de\/wp-content\/uploads\/2024\/12\/Fumot-RandM-Digital-Box-12000-Puffs-724x1024.webp 724w, https:\/\/alfakher24h.de\/wp-content\/uploads\/2024\/12\/Fumot-RandM-Digital-Box-12000-Puffs-768x1086.webp 768w, https:\/\/alfakher24h.de\/wp-content\/uploads\/2024\/12\/Fumot-RandM-Digital-Box-12000-Puffs-1086x1536.webp 1086w, https:\/\/alfakher24h.de\/wp-content\/uploads\/2024\/12\/Fumot-RandM-Digital-Box-12000-Puffs-8x12.webp 8w, https:\/\/alfakher24h.de\/wp-content\/uploads\/2024\/12\/Fumot-RandM-Digital-Box-12000-Puffs-600x848.webp 600w\" sizes=\"auto, (max-width: 1280px) 100vw, 1280px\" \/><\/p>\n<p>Die<a href=\"https:\/\/alfakher24h.de\/ro\/?post_type=product&amp;p=1223&amp;preview=true\"> <strong>Random Tornado 12000 Z\u00fcge Einweg E Zigarette \u2013 Ice Pop \nse traduce \u00een \nRandom Tornado 12000 de trageri \u021bigar\u0103 electronic\u0103 de unic\u0103 folosin\u021b\u0103 \u2013 Ice Pop<\/strong><\/a> este mai mult dec\u00e2t un dispozitiv de unic\u0103 folosin\u021b\u0103. Cu durabilitatea sa excep\u021bional\u0103, designul inovator \u0219i experien\u021ba de gust intens\u0103, aceast\u0103 \u021bigar\u0103 electronic\u0103 se diferen\u021biaz\u0103 clar de concuren\u021b\u0103. Dezvoltat\u0103 pentru vapori preten\u021bio\u0219i care apreciaz\u0103 calitatea \u0219i u\u0219urin\u021ba \u00een utilizare, este alegerea ideal\u0103 pentru cei care caut\u0103 o experien\u021b\u0103 de vaporizare de neegalat. Acum exclusiv pe<a href=\"https:\/\/alfakher24h.de\/ro\/?post_type=product&amp;p=1223&amp;preview=true\"> alfakher24h.de<\/a>, cea mai mare platform\u0103 pentru \u021big\u0103ri electronice de unic\u0103 folosin\u021b\u0103 din Germania, este disponibil\u0103.<\/p>\n<hr \/>\n<h2>De ce Random Tornado 12000 este cea mai bun\u0103 alegere<\/h2>\n<p>Random Tornado une\u0219te designul modern, tehnologia inovativ\u0103 \u0219i func\u021bionalitatea remarcabil\u0103. Descoper\u0103 caracteristicile care fac acest dispozitiv un must-have pentru fiecare vaporizator:<\/p>\n<h3>1. <strong>Num\u0103r imens de acces\u0103ri - Pentru o pl\u0103cere de lung\u0103 durat\u0103<\/strong><\/h3>\n<p>cu o capacitate impresionant\u0103 de <strong>12.000 de trenuri<\/strong> Acest dispozitiv garanteaz\u0103 o experien\u021b\u0103 de vaporizare lung\u0103 \u0219i ne\u00eentrerupt\u0103. Perfect pentru vapori care apreciaz\u0103 durabilitatea, f\u0103r\u0103 a face compromisuri la nivelul gustului sau performan\u021bei.<\/p>\n<h3>2. <strong>E-lichid preumplut de 20 ml<\/strong><\/h3>\n<p>Cantitatea generoas\u0103 de lichid v\u0103 permite s\u0103 nu v\u0103 face\u021bi griji pentru reaprovizionare pentru o perioad\u0103 lung\u0103 de timp. Lichidul electronic de \u00eenalt\u0103 calitate ofer\u0103 o experien\u021b\u0103 de gust intens\u0103 \u0219i constant\u0103 p\u00e2n\u0103 la ultima tragere.<\/p>\n<h3>3. <strong>Re\u00eenc\u0103rcabil cu conexiune modern\u0103 de tip C<\/strong><\/h3>\n<p>Datorit\u0103 <strong>850 mAh acumulatori<\/strong> \u0219i unul <strong>Tip C priz\u0103 de \u00eenc\u0103rcare<\/strong> Pute\u021bi re\u00eenc\u0103rca dispozitivul rapid \u0219i eficient. Acest lucru nu numai c\u0103 economise\u0219te timp, dar reduce \u0219i de\u0219eurile, deoarece dispozitivul poate fi utilizat de mai multe ori.<\/p>\n<h3>4. <strong>Controlul debitului de aer reglabil<\/strong><\/h3>\n<p>Regla\u021bi fluxul de aer \u00een func\u021bie de preferin\u021bele dvs. - fie c\u0103 dori\u021bi o trac\u021biune str\u00e2ns\u0103 sau o vaporizare lin\u0103. Setarea individual\u0103 asigur\u0103 o experien\u021b\u0103 de vaporizare personalizat\u0103 \u0219i pl\u0103cut\u0103.<\/p>\n<h3>5. <strong>Design stilizat cu iluminare RGB<\/strong><\/h3>\n<p>\u0218ase stilate <strong>Lumini RGB<\/strong> ofer\u0103 Random Tornado o atractivitate vizual\u0103, care asigur\u0103 un efect impresionant mai ales \u00een \u00eentuneric.<\/p>\n<h3>6. <strong>Puterea optim\u0103 de nicotin\u0103<\/strong><\/h3>\n<p>Cu <strong>2% Nikotin<\/strong> (20 mg) ofer\u0103 Random Tornado un echilibru care permite o experien\u021b\u0103 pl\u0103cut\u0103 at\u00e2t pentru cei care trec la vapoare, c\u00e2t \u0219i pentru cei experimenta\u021bi.<\/p>\n<hr \/>\n<h2>Lumea fascinant\u0103 a gustului de <strong>Ice Pop<\/strong><\/h2>\n<p>Gustul<a href=\"https:\/\/alfakher24h.de\/ro\/?post_type=product&amp;p=1223&amp;preview=true\"> <strong>Ice Pop<\/strong><\/a> Este punctul culminant al acestui produs \u0219i asigur\u0103 o experien\u021b\u0103 de arom\u0103 de necomparat.<\/p>\n<h3><strong>O arom\u0103 care entuziasmeaz\u0103<\/strong><\/h3>\n<p>Ice Pop combin\u0103 prospe\u021bimea unui acadea rece cu dulcea\u021ba fructat\u0103 a unui \u00eenghe\u021bat\u0103 de var\u0103. Prima inhalare dezv\u0103luie un mix vibrant de fructe de p\u0103dure \u0219i citrice, care v\u0103 m\u00e2ng\u00e2ie papilele gustative. \u00cen acela\u0219i timp, o not\u0103 de mentol asigur\u0103 un efect de r\u0103cire pl\u0103cut, care face vaporizarea o pl\u0103cere r\u0103coritoare.<\/p>\n<h3><strong>R\u0103coritoare pur\u0103<\/strong><\/h3>\n<p>Interac\u021biunea de note dulci \u0219i \u00eenghe\u021bate face ca fiecare tragere s\u0103 fie o mic\u0103 aventur\u0103. Baza de mentol r\u0103coritoare confer\u0103 aromei o not\u0103 revigorant\u0103, care ofer\u0103 o prospe\u021bime reconfortant\u0103 \u00een special \u00een zilele fierbin\u021bi sau dup\u0103 mas\u0103.<\/p>\n<h3><strong>O pl\u0103cere echilibrat\u0103<\/strong><\/h3>\n<p>Echilibrul perfect \u00eentre dulcea\u021b\u0103 \u0219i prospe\u021bime asigur\u0103 c\u0103 aroma nu este nici prea intens\u0103, nici prea bl\u00e2nd\u0103. Ice Pop este astfel alegerea ideal\u0103 pentru vapori care caut\u0103 o experien\u021b\u0103 de gustare armonioas\u0103 \u0219i r\u0103coritoare - ideal\u0103 pentru consumul zilnic.<\/p>\n<hr \/>\n<h2>Caracteristici detaliate ale produsului \u00een general<\/h2>\n<ul>\n<li><strong>Capacitate<\/strong>: 12.000 de puffs pentru vaporizare pe termen lung<\/li>\n<li><strong>Volumul lichidului electronic<\/strong>: 20 ml pentru un gust intens f\u0103r\u0103 reumplere<\/li>\n<li><strong>Performan\u021b\u0103 a bateriei<\/strong>: 850 mAh, re\u00eenc\u0103rcabil\u0103 cu conexiune de tip C<\/li>\n<li><strong>Reglarea fluxului de aer<\/strong>: Personalizabil \u00een func\u021bie de preferin\u021bele individuale<\/li>\n<li><strong>Design<\/strong>: Modern cu lumini RGB<\/li>\n<li><strong>Varian\u021b\u0103 de arome<\/strong>: Ice Pop \u0219i multe alte arome<\/li>\n<li><strong>Puterea nicotinei<\/strong>: 2% Nicotin\u0103, ideal\u0103 pentru vapori modera\u021bi<\/li>\n<\/ul>\n<hr \/>\n<h2>De ce la <strong>alfakher24h.de<\/strong> Cump\u0103ra?<\/h2>\n<ol>\n<li><strong>Platform\u0103 de \u00eencredere<\/strong><br \/>\nSuntem cea mai mare pia\u021b\u0103 online pentru \u021big\u0103ri electronice de unic\u0103 folosin\u021b\u0103 din Germania \u0219i garant\u0103m produse de \u00eenalt\u0103 calitate la pre\u021buri competitive.<\/li>\n<li><strong>Livrare rapid\u0103 \u0219i servicii excelente pentru clien\u021bi<\/strong><br \/>\nComanda dvs. va fi livrat\u0103 rapid \u0219i \u00een siguran\u021b\u0103, \u00eenso\u021bit\u0103 de o echip\u0103 de servicii de prim\u0103 clas\u0103 care este \u00eentotdeauna la dispozi\u021bia dvs. pentru \u00eentreb\u0103ri \u0219i preocup\u0103ri.<\/li>\n<li><strong>Produse exclusive<\/strong><br \/>\nDie <a href=\"https:\/\/alfakher24h.de\/ro\/?post_type=product&amp;p=1223&amp;preview=true\">Random Tornado 12000 Z\u00fcge \n\nbecame \n Random Tornado 12000 de trageri<\/a> \u0219i multe alte m\u0103rci de top sunt disponibile numai la noi.<\/li>\n<\/ol>\n<hr \/>\n<p>Experimenta\u021bi experien\u021ba unic\u0103 de vape a \u021big\u0103rii electronice de unic\u0103 folosin\u021b\u0103 Random Tornado 12000 de trageri \u2013 Ice Pop. Comanda\u021bi acum pe <a href=\"https:\/\/alfakher24h.de\/ro\/\" target=\"_new\" rel=\"noopener\">alfakher24h.de<\/a> \u0219i bucura\u021bi-v\u0103 de calitate, gust \u0219i inova\u021bie \u00eentr-un singur dispozitiv!<\/p>","protected":false},"excerpt":{"rendered":"<p>Die <strong>Random Tornado 12000 Z\u00fcge Einweg E Zigarette \u2013 Ice Pop \nse traduce \u00een \nRandom Tornado 12000 de trageri \u021bigar\u0103 electronic\u0103 de unic\u0103 folosin\u021b\u0103 \u2013 Ice Pop<\/strong> Ofer\u0103 o experien\u021b\u0103 de gust intensiv\u0103 \u0219i r\u0103coritoare cu p\u00e2n\u0103 la 12.000 de pufuri \u0219i design re\u00eenc\u0103rcabil pentru o pl\u0103cere de lung\u0103 durat\u0103.<\/p>","protected":false},"featured_media":1224,"comment_status":"open","ping_status":"closed","template":"","meta":{"om_disable_all_campaigns":false},"product_brand":[],"product_cat":[32],"product_tag":[],"class_list":{"0":"post-1223","1":"product","2":"type-product","3":"status-publish","4":"has-post-thumbnail","6":"product_cat-random-tornado-12000","8":"first","9":"outofstock","10":"shipping-taxable","11":"purchasable","12":"product-type-simple"},"_links":{"self":[{"href":"https:\/\/alfakher24h.de\/ro\/wp-json\/wp\/v2\/product\/1223","targetHints":{"allow":["GET"]}}],"collection":[{"href":"https:\/\/alfakher24h.de\/ro\/wp-json\/wp\/v2\/product"}],"about":[{"href":"https:\/\/alfakher24h.de\/ro\/wp-json\/wp\/v2\/types\/product"}],"replies":[{"embeddable":true,"href":"https:\/\/alfakher24h.de\/ro\/wp-json\/wp\/v2\/comments?post=1223"}],"wp:featuredmedia":[{"embeddable":true,"href":"https:\/\/alfakher24h.de\/ro\/wp-json\/wp\/v2\/media\/1224"}],"wp:attachment":[{"href":"https:\/\/alfakher24h.de\/ro\/wp-json\/wp\/v2\/media?parent=1223"}],"wp:term":[{"taxonomy":"product_brand","embeddable":true,"href":"https:\/\/alfakher24h.de\/ro\/wp-json\/wp\/v2\/product_brand?post=1223"},{"taxonomy":"product_cat","embeddable":true,"href":"https:\/\/alfakher24h.de\/ro\/wp-json\/wp\/v2\/product_cat?post=1223"},{"taxonomy":"product_tag","embeddable":true,"href":"https:\/\/alfakher24h.de\/ro\/wp-json\/wp\/v2\/product_tag?post=1223"}],"curies":[{"name":"wp","href":"https:\/\/api.w.org\/{rel}","templated":true}]}}