{"id":1193,"date":"2024-12-19T05:36:45","date_gmt":"2024-12-19T05:36:45","guid":{"rendered":"https:\/\/alfakher24h.de\/?post_type=product&#038;p=1193"},"modified":"2025-07-16T07:25:09","modified_gmt":"2025-07-16T07:25:09","slug":"1193","status":"publish","type":"product","link":"https:\/\/alfakher24h.de\/ro\/produs\/1193\/","title":{"rendered":"Random Tornado 12000 Z\u00fcge Einweg E Zigarette \u2013 Strawberry Grape \n\nse traduce \u00een \n\nRandom Tornado 12000 de trageri E-\u021bigaret\u0103 de unic\u0103 folosin\u021b\u0103 \u2013 Strawberry Grape"},"content":{"rendered":"<div class=\"flex max-w-full flex-col flex-grow\">\n<div class=\"min-h-8 text-message flex w-full flex-col items-end gap-2 whitespace-normal break-words text-start [.text-message+&amp;]:mt-5\" dir=\"auto\" data-message-author-role=\"assistant\" data-message-id=\"b32ed0c2-1ae4-4303-93e8-97abb2d72a45\" data-message-model-slug=\"gpt-4o\">\n<div class=\"flex w-full flex-col gap-1 empty:hidden first:pt-[3px]\">\n<h2 class=\"markdown prose w-full break-words dark:prose-invert light\"><strong>Random Tornado 12000 Z\u00fcge Einweg E Zigarette \u2013 Strawberry Grape \n\nse traduce \u00een \n\nRandom Tornado 12000 de trageri E-\u021bigaret\u0103 de unic\u0103 folosin\u021b\u0103 \u2013 Strawberry Grape<\/strong><\/h2>\n<p><img loading=\"lazy\" decoding=\"async\" class=\"alignnone size-full wp-image-1176\" src=\"https:\/\/alfakher24h.de\/wp-content\/uploads\/2024\/12\/Fumot-RandM-Digital-Box-12000-Puffs.webp\" alt=\"Fumot-RandM-Digital-Box-12000\" width=\"1280\" height=\"1810\" title=\"\" srcset=\"https:\/\/alfakher24h.de\/wp-content\/uploads\/2024\/12\/Fumot-RandM-Digital-Box-12000-Puffs.webp 1280w, https:\/\/alfakher24h.de\/wp-content\/uploads\/2024\/12\/Fumot-RandM-Digital-Box-12000-Puffs-212x300.webp 212w, https:\/\/alfakher24h.de\/wp-content\/uploads\/2024\/12\/Fumot-RandM-Digital-Box-12000-Puffs-724x1024.webp 724w, https:\/\/alfakher24h.de\/wp-content\/uploads\/2024\/12\/Fumot-RandM-Digital-Box-12000-Puffs-768x1086.webp 768w, https:\/\/alfakher24h.de\/wp-content\/uploads\/2024\/12\/Fumot-RandM-Digital-Box-12000-Puffs-1086x1536.webp 1086w, https:\/\/alfakher24h.de\/wp-content\/uploads\/2024\/12\/Fumot-RandM-Digital-Box-12000-Puffs-8x12.webp 8w, https:\/\/alfakher24h.de\/wp-content\/uploads\/2024\/12\/Fumot-RandM-Digital-Box-12000-Puffs-600x848.webp 600w\" sizes=\"auto, (max-width: 1280px) 100vw, 1280px\" \/><\/p>\n<p>Die <a href=\"https:\/\/alfakher24h.de\/ro\/produs\/1193\/\"><strong>Random Tornado 12000 Z\u00fcge Einweg E Zigarette \u2013 Strawberry Grape \n\nse traduce \u00een \n\nRandom Tornado 12000 de trageri E-\u021bigaret\u0103 de unic\u0103 folosin\u021b\u0103 \u2013 Strawberry Grape<\/strong> <\/a>Este alegerea perfect\u0103 pentru to\u021bi cei care caut\u0103 un dispozitiv de vape puternic \u0219i durabil. Cu un num\u0103r impresionant de 12.000 de pufuri \u0219i o varietate de func\u021bii inovatoare, acest dispozitiv ofer\u0103 at\u00e2t vaperilor experimenta\u021bi, c\u00e2t \u0219i \u00eencep\u0103torilor o experien\u021b\u0103 de vaporizare de neegalat. \u00cen acest articol, ve\u021bi afla tot ce trebuie s\u0103 \u0219ti\u021bi despre acest produs excep\u021bional \u0219i de ce reprezint\u0103 completarea perfect\u0103 pentru c\u0103l\u0103toria dvs. de vaporizare.<\/p>\n<p>Ca unul dintre liderii<a href=\"https:\/\/alfakher24h.de\/ro\/\"> E-Zigarete de unic\u0103 folosin\u021b\u0103<\/a> \u00cen Germania, Random Tornado 12000 Z\u00fcge reprezint\u0103 o nou\u0103 dimensiune a vaporiz\u0103rii. Dispozitivul ofer\u0103 un echilibru ideal \u00eentre u\u0219urin\u021ba \u00een utilizare \u0219i tehnologia avansat\u0103, pentru a v\u0103 oferi o experien\u021b\u0103 de vaporizare unic\u0103 \u0219i pl\u0103cut\u0103. Indiferent dac\u0103 planifica\u021bi o \u0219edin\u021b\u0103 de vaporizare ocazional\u0103 sau una mai lung\u0103, acest produs v\u0103 va aduce bucurie pentru o perioad\u0103 lung\u0103 de timp datorit\u0103 propriet\u0103\u021bilor sale practice \u0219i profilului de arom\u0103 impresionant.<\/p>\n<h3>De ce Random Tornado 12000 Z\u00fcge E-\u021bigar\u0103 de unic\u0103 folosin\u021b\u0103 este cea mai bun\u0103 alegere pentru tine<\/h3>\n<p>Random Tornado 12000 Z\u00fcge Einweg E Zigarette se distinge prin performan\u021ba sa excelent\u0103 \u0219i func\u021bionarea u\u0219or de utilizat. Este conceput\u0103 special pentru a satisface cerin\u021bele vaperilor care caut\u0103 o solu\u021bie fiabil\u0103 \u0219i de \u00eenalt\u0103 calitate pentru utilizarea zilnic\u0103. Iat\u0103 c\u00e2teva dintre caracteristicile remarcabile care fac dispozitivul o alegere excelent\u0103.<\/p>\n<h4>Caracteristici principale ale \u021big\u0103rii electronice de unic\u0103 folosin\u021b\u0103 Random Tornado 12000 de trageri<\/h4>\n<ol>\n<li><strong>Capacitate de e-lichid de lung\u0103 durat\u0103<\/strong>\n<ul>\n<li>Cu 20 ml de lichid electronic preumplut \u0219i o impresionant\u0103 autonomie de p\u00e2n\u0103 la 12.000 de pufuri, Random Tornado garanteaz\u0103 o durat\u0103 de via\u021b\u0103 excep\u021bional de lung\u0103. Acest lucru \u00eenseamn\u0103 c\u0103 pute\u021bi bucura de ore \u00eentregi de pl\u0103cere f\u0103r\u0103 a fi nevoie s\u0103 re\u00eenc\u0103rca\u021bi sau s\u0103 \u00eenlocui\u021bi dispozitivul \u00een mod constant.<\/li>\n<\/ul>\n<\/li>\n<li><strong>\u00cenc\u0103rcare rapid\u0103 cu Type-C<\/strong>\n<ul>\n<li>Datorit\u0103 tehnologiei moderne <strong>Tehnologie Type-C<\/strong> Pute\u021bi \u00eenc\u0103rca rapid \u0219i eficient dispozitivul. Bateria integrat\u0103 de 850 mAh asigur\u0103 c\u0103 pute\u021bi continua s\u0103 utiliza\u021bi dispozitivul imediat dup\u0103 o perioad\u0103 scurt\u0103 de \u00eenc\u0103rcare. Acest lucru v\u0103 economise\u0219te timp \u0219i v\u0103 asigur\u0103 c\u0103 pute\u021bi utiliza dispozitivul ori de c\u00e2te ori ave\u021bi nevoie.<\/li>\n<\/ul>\n<\/li>\n<li><strong>Reglare ajustabil\u0103 a fluxului de aer<\/strong>\n<ul>\n<li>Reglarea fluxului de aer v\u0103 permite s\u0103 ajusta\u021bi rezisten\u021ba la trac\u021biune \u00een func\u021bie de preferin\u021bele dvs. individuale. Ave\u021bi posibilitatea de a alege \u00eentre o trac\u021biune mai restrictiv\u0103 pentru un gust mai intens sau o trac\u021biune mai aerisit\u0103 pentru o experien\u021b\u0103 mai bl\u00e2nd\u0103.<\/li>\n<\/ul>\n<\/li>\n<li><strong>Lumini RGB pentru o experien\u021b\u0103 vizual\u0103<\/strong>\n<ul>\n<li>Cele \u0219ase integrate <strong>Lumini RGB<\/strong> Se aprind la fiecare puf \u0219i adaug\u0103 un punct culminant vizual suplimentar vapei. Aceast\u0103 caracteristic\u0103 elegant\u0103 face ca Random Tornado s\u0103 fie o adev\u0103rat\u0103 atrac\u021bie, care nu numai c\u0103 este func\u021bional\u0103, ci \u0219i vizual atractiv\u0103.<\/li>\n<\/ul>\n<\/li>\n<li><strong>Puterea nicotinei pentru fiecare gust<\/strong>\n<ul>\n<li>Cu o <strong>Nikotin-St\u00e4rke von 21% (20 mg) \n Nu,  corect este : 21 mg\/ 20 de  \u021big\u0103ri  sau  1 mg\/ \u021bigar\u0103<\/strong> Ofer\u0103 Random Tornado o doz\u0103 pl\u0103cut\u0103 de nicotin\u0103, care este confortabil\u0103 pentru majoritatea vaperilor. Acest lucru face dispozitivul ideal pentru tranzi\u021bia de la fumat sau pentru vaperii care prefer\u0103 o asimilare moderat\u0103 de nicotin\u0103.<\/li>\n<\/ul>\n<\/li>\n<\/ol>\n<h3>Avantajele Random Tornado 12000 de trageri E-\u021bigar\u0103 de unic\u0103 folosin\u021b\u0103 \u00een detaliu<\/h3>\n<ol>\n<li><strong>Durabilitate \u0219i num\u0103r mare de c\u0103l\u0103tori<\/strong>\n<ul>\n<li>Cu 12.000 de trageri per dispozitiv, ob\u021bine\u021bi o durat\u0103 de via\u021b\u0103 excep\u021bional de lung\u0103. Acest lucru \u00eenseamn\u0103 c\u0103 nu trebuie s\u0103 cump\u0103ra\u021bi dispozitive de \u00eenlocuire pentru o perioad\u0103 mai lung\u0103 de timp, ceea ce este at\u00e2t practic, c\u00e2t \u0219i eficient din punct de vedere al costurilor.<\/li>\n<\/ul>\n<\/li>\n<li><strong>Func\u021bie de re\u00eenc\u0103rcare pentru durabilitate<\/strong>\n<ul>\n<li>Un avantaj major al Random Tornado este func\u021bia de re\u00eenc\u0103rcare, care nu numai c\u0103 protejeaz\u0103 mediul, ci \u0219i portofelul dumneavoastr\u0103. \u00cenc\u0103rcarea dispozitivului cu ajutorul conectorului de tip C este rapid\u0103 \u0219i u\u0219oar\u0103, astfel \u00eenc\u00e2t nu sunte\u021bi nevoi\u021bi s\u0103 v\u0103 baza\u021bi constant pe produse de unic\u0103 folosin\u021b\u0103.<\/li>\n<\/ul>\n<\/li>\n<li><strong>O varietate de arome pentru o experien\u021b\u0103 de vaporizare variat\u0103<\/strong>\n<ul>\n<li>Random Tornado E-cigar\u0103 de unic\u0103 folosin\u021b\u0103 este disponibil\u0103 \u00eentr-o gam\u0103 larg\u0103 de arome care vor face orice inim\u0103 de vaporizator s\u0103 bat\u0103 mai repede. Indiferent dac\u0103 prefera\u021bi arome fructate, dulci sau r\u0103coritoare, aici cu siguran\u021b\u0103 ve\u021bi g\u0103si gustul perfect pentru experien\u021ba dvs. de vaporizare.<\/li>\n<\/ul>\n<\/li>\n<li><strong>Design modern pentru o prezen\u021b\u0103 stilizat\u0103<\/strong>\n<ul>\n<li>Designul futurist cu luminile RGB str\u0103lucitoare asigur\u0103 o experien\u021b\u0103 unic\u0103 de vaporizare \u0219i atrage aten\u021bia. Fie acas\u0103, fie \u00een deplasare, Random Tornado nu este doar func\u021bional, ci \u0219i o declara\u021bie de stil autentic\u0103.<\/li>\n<\/ul>\n<\/li>\n<li><strong>Debit de aer reglabil pentru un control sporit<\/strong>\n<ul>\n<li>Posibilitatea de a regla individual fluxul de aer v\u0103 ofer\u0103 controlul asupra experien\u021bei dvs. de vaporizare. Pute\u021bi regla rezisten\u021ba la trac\u021biune dup\u0103 bunul plac \u0219i astfel optimiza intensitatea \u0219i gustul \u00een func\u021bie de preferin\u021bele personale.<\/li>\n<\/ul>\n<\/li>\n<\/ol>\n<h3>O lume de arome a \u021big\u0103rii electronice de unic\u0103 folosin\u021b\u0103 Random Tornado 12000 puffs \u2013 C\u0103p\u0219un\u0103 Strugure<\/h3>\n<p>Die <strong>c\u0103p\u0219un\u0103 strugure<\/strong>-Variant\u0103 a Tornado Random <a href=\"https:\/\/alfakher24h.de\/ro\/\">E-\u021bigaret\u0103 de unic\u0103 folosin\u021b\u0103<\/a> este o adev\u0103rat\u0103 oper\u0103 maestral\u0103 a diversit\u0103\u021bii de arome. Combina\u021bia perfect\u0103 a dulcea\u021bei c\u0103p\u0219unii \u0219i a acidit\u0103\u021bii r\u0103coritoare a strugurilor asigur\u0103 o explozie de gust care va entuziasma at\u00e2t \u00eencep\u0103torii, c\u00e2t \u0219i vaperii experimenta\u021bi.<\/p>\n<h4>Experien\u021b\u0103 de gust de c\u0103p\u0219uni \u0219i struguri<\/h4>\n<p><strong>c\u0103p\u0219un\u0103 \u0219i strugure<\/strong> Printre cele mai populare combina\u021bii de fructe, iar Random Tornado a implementat perfect acest amestec.  Deja de la prima inhalare experimenta\u021bi dulcea\u021ba \u0219i prospe\u021bimea c\u0103p\u0219unului, care se combin\u0103 u\u0219or cu aciditatea u\u0219oar\u0103 a strugurelui. Gustul c\u0103p\u0219unului este plin \u0219i bogat, \u00een timp ce strugurul ofer\u0103 o profunzime pl\u0103cut\u0103, fructat\u0103, care adaug\u0103 o dimensiune suplimentar\u0103 experien\u021bei de vaporizare.<\/p>\n<p>Interac\u021biunea celor dou\u0103 fructe ofer\u0103 o experien\u021b\u0103 de gust echilibrat\u0103, care r\u0103sf\u0103\u021b\u0103 papilele gustative f\u0103r\u0103 a le supra\u00eenc\u0103rca. C\u0103p\u0219una aduce o dulcea\u021b\u0103 natural\u0103, care \u00eens\u0103 nu este prea intens\u0103, \u00een timp ce strugurul asigur\u0103 o not\u0103 r\u0103coritoare, u\u0219or acr\u0103, care completeaz\u0103 perfect gustul ulterior.<\/p>\n<h4>Ideal pentru consumul zilnic<\/h4>\n<p>Combina\u021bia de c\u0103p\u0219uni \u0219i struguri nu este doar r\u0103coritoare, ci \u0219i suficient de versatil\u0103 pentru a fi savurat\u0103 toat\u0103 ziua. Fie c\u0103 o folosi\u021bi ca \u00eenso\u021bitor zilnic sau ca o pl\u0103cere special\u0103 \u00eentre timp, aceast\u0103 arom\u0103 nu numai c\u0103 r\u0103m\u00e2ne \u00een amintire pentru mult timp, ci \u0219i v\u0103 face s\u0103 reveni\u021bi mereu la\u60a8\u7684 - devine \nCombina\u021bia de c\u0103p\u0219uni \u0219i struguri nu este doar r\u0103coritoare, ci \u0219i suficient de versatil\u0103 pentru a fi savurat\u0103 toat\u0103 ziua. Fie c\u0103 o folosi\u021bi ca \u00eenso\u021bitor zilnic sau ca o pl\u0103cere special\u0103 \u00eentre timp, aceast\u0103 arom\u0103 nu numai c\u0103 r\u0103m\u00e2ne \u00een amintire pentru mult timp, ci \u0219i v\u0103 face s\u0103 reveni\u021bi mereu la\u60a8\u7684 devine \nCombina\u021bia de c\u0103p\u0219uni \u0219i struguri nu este doar r\u0103coritoare, ci \u0219i suficient de versatil\u0103 pentru a fi savurat\u0103 toat\u0103 ziua. Fie c\u0103 o folosi\u021bi ca \u00eenso\u021bitor zilnic sau ca o pl\u0103cere special\u0103 \u00eentre timp, aceast\u0103 arom\u0103 nu numai c\u0103 r\u0103m\u00e2ne \u00een amintire pentru mult timp, ci \u0219i v\u0103 face s\u0103 reveni\u021bi mereu la \ngre\u0219it \nDie Erdbeere-Traube-Kombination ist nicht nur erfrischend, sondern auch vielseitig genug, um den ganzen Tag \u00fcber genossen zu werden. Ob Sie es als Ihren t\u00e4glichen Begleiter nutzen oder als besonderen Genuss zwischendurch, dieser Geschmack bleibt nicht nur lange in Erinnerung, sondern sorgt auch daf\u00fcr, dass Sie immer wieder zu Ihrer \n devine \nCombina\u021bia de c\u0103p\u0219uni \u0219i struguri nu este doar r\u0103coritoare, ci \u0219i suficient de versatil\u0103 pentru a fi savurat\u0103 toat\u0103 ziua. Fie c\u0103 o folosi\u021bi ca \u00eenso\u021bitor zilnic sau ca o pl\u0103cere special\u0103 \u00eentre timp, aceast\u0103 arom\u0103 nu numai c\u0103 r\u0103m\u00e2ne \u00een amintire pentru mult timp, ci \u0219i v\u0103 face s\u0103 reveni\u021bi mereu la \nCombina\u021bia de c\u0103p\u0219uni \u0219i struguri nu este doar r\u0103coritoare, ci \u0219i suficient de versatil\u0103 pentru a fi savurat\u0103 toat\u0103 ziua. Fie c\u0103 o folosi\u021bi ca \u00eenso\u021bitor zilnic sau ca o pl\u0103cere special\u0103 \u00eentre timp, aceast\u0103 arom\u0103 nu numai c\u0103 r\u0103m\u00e2ne \u00een amintire pentru mult timp \n\nResponse \nCombina\u021bia de c\u0103p\u0219uni \u0219i struguri nu este doar r\u0103coritoare, ci \u0219i suficient de versatil\u0103 pentru a fi savurat\u0103 toat\u0103 ziua. Fie c\u0103 o folosi\u021bi ca \u00eenso\u021bitor zilnic sau ca o pl\u0103cere special\u0103 \u00eentre timp, aceast\u0103 arom\u0103 nu numai c\u0103 r\u0103m\u00e2ne \u00een amintire pentru mult timp, ci \u0219i v\u0103 face s\u0103 reveni\u021bi mereu la\u60a8\u7684 \n nu-i \nDie Erdbeere-Traube-Kombination ist nicht nur erfrischend, sondern auch vielseitig genug, um den ganzen Tag \u00fcber genossen zu werden. Ob Sie es als Ihren t\u00e4glichen Begleiter nutzen oder als besonderen Genuss zwischendurch, dieser Geschmack bleibt nicht nur lange in Erinnerung, sondern sorgt auch daf\u00fcr, dass Sie immer wieder zu Ihrer \nR\u0103spuns \nCombina\u021bia de c\u0103p\u0219uni \u0219i struguri nu este doar r\u0103coritoare, ci \u0219i suficient de versatil\u0103 pentru a fi savurat\u0103 toat\u0103 ziua. Fie c\u0103 o folosi\u021bi ca \u00eenso\u021bitor zilnic sau ca o pl\u0103cere special\u0103 \u00eentre timp, aceast\u0103 arom\u0103 nu numai c\u0103 r\u0103m\u00e2ne \u00een amintire pentru mult timp, ci \u0219i v\u0103 face s\u0103 reveni\u021bi mereu la \ngre\u0219it \n \u0219i la dvs \nCombina\u021bia de c\u0103p\u0219uni \u0219i struguri nu este doar r\u0103coritoare, ci \u0219i suficient de versatil\u0103 pentru a fi savurat\u0103 toat\u0103 ziua. Fie c\u0103 o folosi\u021bi ca \u00eenso\u021bitor zilnic sau ca o pl\u0103cere special\u0103 \u00eentre timp, aceast\u0103 arom\u0103 nu numai c\u0103 r\u0103m\u00e2ne \u00een amintire pentru mult timp, ci \u0219i v\u0103 face s\u0103 reveni\u021bi mereu la dvs <strong>Random Tornado 12000 Z\u00fcge Einweg E Zigarette \n\nse traduce \u00een \n\nRandom Tornado 12000 de trageri E-\u021bigaret\u0103 de unic\u0103 folosin\u021b\u0103<\/strong> vor lua.<\/p>\n<p>Cu acest gust fructat, nu trebuie s\u0103 v\u0103 face\u021bi griji c\u0103 experien\u021ba dvs. de vape devine monoton\u0103. Fiecare pufare aduce o nou\u0103 bucurie, iar amestecul echilibrat de dulcea\u021b\u0103 \u0219i prospe\u021bime v\u0103 va surprinde din nou \u0219i din nou.<\/p>\n<h3>De ce ar trebui s\u0103 cump\u0103ra\u021bi e-\u021bigara de unic\u0103 folosin\u021b\u0103 Random Tornado 12000 de la alfakher24h.de<\/h3>\n<p><strong>alfakher24h.de<\/strong> cel mai mare magazin online din Germania pentru cump\u0103rarea de <strong>E-\u021bigarete de unic\u0103 folosin\u021b\u0103<\/strong>V\u0103 oferim nu numai <strong>Random Tornado 12000 Z\u00fcge Einweg E Zigarette \n\nse traduce \u00een \n\nRandom Tornado 12000 de trageri E-\u021bigaret\u0103 de unic\u0103 folosin\u021b\u0103<\/strong>, ci \u0219i o gam\u0103 larg\u0103 de vape-uri de \u00eenalt\u0103 calitate \u0219i e-lichide. Platforma noastr\u0103 este cunoscut\u0103 pentru servicii excelente pentru clien\u021bi, metode de plat\u0103 sigure \u0219i livrare rapid\u0103.<\/p>\n<p>Dac\u0103 sunte\u021bi \u00een c\u0103utarea unei \u021big\u0103ri electronice de unic\u0103 folosin\u021b\u0103 fiabile, puternice \u0219i cu un gust excep\u021bional, atunci este <strong>Random Tornado 12000 Z\u00fcge Einweg E Zigarette \n\nse traduce \u00een \n\nRandom Tornado 12000 de trageri E-\u021bigaret\u0103 de unic\u0103 folosin\u021b\u0103<\/strong> exact ceea ce trebuie pentru tine. Descoper\u0103 acum lumea vape-ului pe <a href=\"https:\/\/alfakher24h.de\/ro\/\"><strong>alfakher24h.de<\/strong><\/a> \u2013 Alegerea dvs. num\u0103rul unu pentru \u021big\u0103ri electronice de unic\u0103 folosin\u021b\u0103 \u00een Germania.<\/p>\n<p>Nu rata\u021bi ocazia de a v\u0103 ridica experien\u021ba de vape la nivelul urm\u0103tor. Vizita\u021bi-ne ast\u0103zi \u0219i comanda\u021bi-v\u0103 <strong>Random Tornado 12000 Z\u00fcge Einweg E Zigarette \u2013 Strawberry Grape \n\nse traduce \u00een \n\nRandom Tornado 12000 de trageri E-\u021bigaret\u0103 de unic\u0103 folosin\u021b\u0103 \u2013 Strawberry Grape<\/strong> direct la noi!<\/p>\n<\/div>\n<\/div>\n<\/div>\n<div class=\"mb-2 flex gap-3 empty:hidden -ml-2\">\n<div class=\"items-center justify-start rounded-xl p-1 flex\">\n<div class=\"flex items-center\"><\/div>\n<\/div>\n<\/div>","protected":false},"excerpt":{"rendered":"<p>Die <strong>Random Tornado 12000 Z\u00fcge Einweg E Zigarette \u2013 Strawberry Grape \n\nse traduce \u00een \n\nRandom Tornado 12000 de trageri E-\u021bigaret\u0103 de unic\u0103 folosin\u021b\u0103 \u2013 Strawberry Grape<\/strong> Ofer\u0103 12.000 de pufuri, o baterie re\u00eenc\u0103rcabil\u0103 de 850 mAh, control ajustabil al fluxului de aer \u0219i o arom\u0103 r\u0103coritoare de c\u0103p\u0219uni \u0219i struguri excep\u021bional\u0103<\/p>","protected":false},"featured_media":1194,"comment_status":"open","ping_status":"closed","template":"","meta":{"om_disable_all_campaigns":false},"product_brand":[],"product_cat":[32],"product_tag":[],"class_list":{"0":"post-1193","1":"product","2":"type-product","3":"status-publish","4":"has-post-thumbnail","6":"product_cat-random-tornado-12000","8":"first","9":"outofstock","10":"shipping-taxable","11":"purchasable","12":"product-type-simple"},"_links":{"self":[{"href":"https:\/\/alfakher24h.de\/ro\/wp-json\/wp\/v2\/product\/1193","targetHints":{"allow":["GET"]}}],"collection":[{"href":"https:\/\/alfakher24h.de\/ro\/wp-json\/wp\/v2\/product"}],"about":[{"href":"https:\/\/alfakher24h.de\/ro\/wp-json\/wp\/v2\/types\/product"}],"replies":[{"embeddable":true,"href":"https:\/\/alfakher24h.de\/ro\/wp-json\/wp\/v2\/comments?post=1193"}],"wp:featuredmedia":[{"embeddable":true,"href":"https:\/\/alfakher24h.de\/ro\/wp-json\/wp\/v2\/media\/1194"}],"wp:attachment":[{"href":"https:\/\/alfakher24h.de\/ro\/wp-json\/wp\/v2\/media?parent=1193"}],"wp:term":[{"taxonomy":"product_brand","embeddable":true,"href":"https:\/\/alfakher24h.de\/ro\/wp-json\/wp\/v2\/product_brand?post=1193"},{"taxonomy":"product_cat","embeddable":true,"href":"https:\/\/alfakher24h.de\/ro\/wp-json\/wp\/v2\/product_cat?post=1193"},{"taxonomy":"product_tag","embeddable":true,"href":"https:\/\/alfakher24h.de\/ro\/wp-json\/wp\/v2\/product_tag?post=1193"}],"curies":[{"name":"wp","href":"https:\/\/api.w.org\/{rel}","templated":true}]}}