{"id":1138,"date":"2024-12-11T11:20:23","date_gmt":"2024-12-11T11:20:23","guid":{"rendered":"https:\/\/alfakher24h.de\/?post_type=product&#038;p=1138"},"modified":"2024-12-17T06:18:44","modified_gmt":"2024-12-17T06:18:44","slug":"airmez-matrix-25000-pufuri-tigara-electronica-de-unica-folosinta-triple-berry-blizzard","status":"publish","type":"product","link":"https:\/\/alfakher24h.de\/ro\/produs\/airmez-matrix-25000-pufuri-tigara-electronica-de-unica-folosinta-triple-berry-blizzard\/","title":{"rendered":"Airmez Matrix 25000 de trageri \u021bigar\u0103 electronic\u0103 de unic\u0103 folosin\u021b\u0103 \u2013 Tripl\u0103 furtun\u0103 de fructe de p\u0103dure"},"content":{"rendered":"<h2><strong>Airmez Matrix 25000 \u00a0Revolutionarea Vapingului de Unic\u0103 Folosin\u021b\u0103 \u00een Germania<\/strong> \ud83c\udf1f<\/h2>\n<div style=\"width: 1020px;\" class=\"wp-video\"><video class=\"wp-video-shortcode\" id=\"video-1138-1\" width=\"1020\" height=\"1020\" preload=\"metadata\" controls=\"controls\"><source type=\"video\/mp4\" src=\"https:\/\/alfakher24h.de\/wp-content\/uploads\/2024\/12\/Airmez-Matrix-25000-3.mp4?_=1\" \/><a href=\"https:\/\/alfakher24h.de\/wp-content\/uploads\/2024\/12\/Airmez-Matrix-25000-3.mp4\">https:\/\/alfakher24h.de\/wp-content\/uploads\/2024\/12\/Airmez-Matrix-25000-3.mp4<\/a><\/video><\/div>\n<h4><strong>Introducere \u00een Airmez Matrix 25000 \u021bigar\u0103 electronic\u0103 de unic\u0103 folosin\u021b\u0103<\/strong><\/h4>\n<p>Airmez Matrix 25000 nu este doar o \u021bigar\u0103 electronic\u0103 de unic\u0103 folosin\u021b\u0103 - este o inova\u021bie. Cu impresionante\u00a0<strong>25.000 de trenuri<\/strong>cu un afi\u0219aj modern pe ecran tactil \u0219i dou\u0103 moduri de operare, stabile\u0219te noi standarde \u00een domeniul vape-urilor de unic\u0103 folosin\u021b\u0103. Perfect pentru iubitorii de vape din Germania, care caut\u0103 un dispozitiv care s\u0103 fie at\u00e2t stilat, c\u00e2t \u0219i puternic.<\/p>\n<p>Indiferent dac\u0103 sunte\u021bi \u00eencep\u0103tori sau vapori experimenta\u021bi, Airmez Matrix ofer\u0103 un design atent conceput \u0219i tehnologie inovatoare pentru a ridica experien\u021ba de vaporizare la un nou nivel.<\/p>\n<hr \/>\n<h3><strong>Caracteristici principale ale Airmez Mat<\/strong><strong>rix 25000<\/strong><\/h3>\n<ul>\n<li><strong>Maximale Z\u00fcge:<\/strong>\u00a0P\u00e2n\u0103 la\u00a0<strong>25.000 trenuri \u00een modul normal<\/strong>\u00a0\u0219i 15.000 \u00een modul Boost pentru un gust \u0219i o aburi suplimentare intense.<\/li>\n<li><strong>Dual moduri de operare:<\/strong>\u00a0Comuta\u021bi \u00eentre Normal \u0219i Boost, \u00een func\u021bie de preferin\u021bele dvs.<\/li>\n<li><strong>Ecran tactil:<\/strong>\u00a0Unul de ultim\u0103 genera\u021bie\u00a0<strong>Afi\u0219aj 2,1 inci<\/strong>\u00a0indic\u0103 starea bateriei \u0219i cantitatea de lichid electronic.<\/li>\n<li><strong>Baterie de lung\u0103 durat\u0103:<\/strong>\u00a0Conector USB-C pentru \u00eenc\u0103rcare rapid\u0103 \u0219i eficient\u0103.<\/li>\n<li><strong>Debitul de aer reglabil:<\/strong>\u00a0Regla\u021bi fluxul de aer pentru experien\u021ba de vaporizare preferat\u0103.<\/li>\n<li><strong>Dual-Mesh-Coils<\/strong>\u00a0Maximizeaz\u0103 gustul \u0219i asigur\u0103 \u00eenc\u0103lzirea uniform\u0103.<\/li>\n<li><strong>Intuitiv\u0103 operare:<\/strong>\u00a0Mod automat de trac\u021biune - nu sunt necesare set\u0103ri complicate.<\/li>\n<li><strong>Distrac\u021bie \u00eencorporat\u0103:<\/strong>\u00a0Inovativ \u0219i interactiv, pentru o experien\u021b\u0103 de vaping de neegalat.<\/li>\n<\/ul>\n<hr \/>\n<h3><strong>De ce ar trebui s\u0103 cump\u0103ra\u021bi Airmez Matrix 25000<\/strong><\/h3>\n<ol>\n<li><strong>Tehnologie unic\u0103:<\/strong>\u00a0Ecranul tactil ofer\u0103 control \u0219i transparen\u021b\u0103 - perfect pentru a p\u0103stra o imagine de ansamblu asupra nivelului de lichid electronic \u0219i a puterii bateriei.<\/li>\n<li><strong>Durata maxim\u0103 de valabilitate:<\/strong>\u00a0Cu p\u00e2n\u0103 la\u00a0<strong>25.000 de trenuri<\/strong>\u00a0Una dintre cele mai durabile \u021big\u0103ri electronice de unic\u0103 folosin\u021b\u0103 de pe pia\u021b\u0103.<\/li>\n<li><strong>O varietate perfect\u0103 de arome:<\/strong>\u00a0Datorit\u0103 bobinelor Dual-Mesh, experimenta\u021bi note de arom\u0103 intense \u0219i uniforme.<\/li>\n<li><strong>Flexibilitate:<\/strong>\u00a0Modurile duale \u0219i fluxul de aer personalizabil fac dispozitivul un dispozitiv versatil.<\/li>\n<li><strong>Manipulare confortabil\u0103:<\/strong>\u00a0Nu este nevoie de re\u00eenc\u0103rcare sau de set\u0103ri complicate - pur \u0219i simplu bucura\u021bi-v\u0103.<\/li>\n<\/ol>\n<hr \/>\n<h3><strong>Airmez Matrix 25000: Experien\u021be de gust de \u00eenalt\u0103 clas\u0103<\/strong><\/h3>\n<h4><strong>Triple Berry Blizzard<\/strong><\/h4>\n<p>Pune-te \u00een lumea r\u0103coritoare a\u00a0<strong>Triple Berry Blizzard<\/strong>o combina\u021bie magistral\u0103 de arome de fructe de p\u0103dure dulci \u0219i u\u0219or acre. Baza este o amestec perfect din c\u0103p\u0219uni coapte, afine suculente \u0219i zmeur\u0103 aromat\u0103, rotunjit\u0103 cu o not\u0103 de prospe\u021bime r\u0103coritoare.<\/p>\n<p><strong>Profil de arom\u0103:<\/strong><\/p>\n<ul>\n<li><strong>Note de cap:<\/strong>\u00a0Fragede c\u0103p\u0219uni vii, care impresioneaz\u0103 imediat sim\u021burile.<\/li>\n<li><strong>Not\u0103 cardiac\u0103:<\/strong>\u00a0O balan\u021b\u0103 m\u0103t\u0103soas\u0103 de afine \u0219i zmeur\u0103.<\/li>\n<li><strong>Plecare:<\/strong>\u00a0Finisare r\u0103coroas\u0103 pentru o experien\u021b\u0103 de vaporizare r\u0103coritoare.<\/li>\n<\/ul>\n<p>Aromele sunt ajustate astfel \u00eenc\u00e2t s\u0103 r\u0103m\u00e2n\u0103 intense \u0219i vii chiar \u0219i dup\u0103 numeroase pufuri, ceea ce face acest vape de unic\u0103 folosin\u021b\u0103 ideal pentru o utilizare mai lung\u0103.<\/p>\n<hr \/>\n<h3><strong>Vantajele cump\u0103r\u0103rii de la <a href=\"https:\/\/alfakher24h.de\/ro\/\">alfakher24h.de\u00a0<\/a><\/strong><\/h3>\n<p>Ca cel mai mare comerciant online de e-\u021bigarete de unic\u0103 folosin\u021b\u0103 din Germania, oferim:<\/p>\n<ul>\n<li><strong>Produse autentice:<\/strong>\u00a0Calitate original\u0103 garantat\u0103 la fiecare comand\u0103.<\/li>\n<li><strong>Livrare rapid\u0103:<\/strong>\u00a0Comanda dvs. v\u0103 ajunge \u00een cel mai scurt timp.<\/li>\n<li><strong>Suport clien\u021bi:<\/strong>\u00a0Consiliere \u0219i asisten\u021b\u0103 profesional\u0103 ori de c\u00e2te ori ave\u021bi nevoie de ea.<\/li>\n<li><strong>Vast\u0103 selec\u021bie:<\/strong>\u00a0G\u0103si\u021bi cele mai bune m\u0103rci \u0219i arome - totul \u00eentr-un singur loc.<\/li>\n<\/ul>\n<p>&nbsp;<\/p>\n<hr \/>\n<h3><strong>\u00centreb\u0103ri frecvente despre <a href=\"https:\/\/alfakher24h.de\/ro\/\">Airmez Matrix 25000<\/a><\/strong><\/h3>\n<p><strong>1. Este matricea Airmez potrivit\u0103 pentru \u00eencep\u0103tori?<\/strong><br \/>\nAbsolut! Ea este u\u0219or de utilizat \u0219i ofer\u0103 \u00een acela\u0219i timp caracteristici care entuziasmeaz\u0103 chiar \u0219i cei mai experimenta\u021bi vapori.<\/p>\n<p><strong>C\u00e2t dureaz\u0103 bateria?<\/strong><br \/>\nAirmez Matrix dispune de o baterie de lung\u0103 durat\u0103 care sus\u021bine f\u0103r\u0103 probleme \u00eentreaga durat\u0103 de via\u021b\u0103 a dispozitivului.<\/p>\n<p><strong>3. Pot recicla AirMez Matrix?<\/strong><br \/>\nDa, v\u0103 rog s\u0103 elimina\u021bi dispozitivul \u00een mod ecologic pentru a proteja mediul.<\/p>\n<hr \/>\n<h3><strong>Concluzie<\/strong><\/h3>\n<p>Airmez Matrix 25000 este mai mult dec\u00e2t o \u021bigar\u0103 electronic\u0103 de unic\u0103 folosin\u021b\u0103 - este o declara\u021bie. Pentru vapoarele din Germania care apreciaz\u0103 performan\u021ba, gustul \u0219i designul, este alegerea perfect\u0103. Vizita\u021bi ast\u0103zi alfakher24h.de \u0219i experimenta\u021bi experien\u021ba suprem\u0103 de vapare.<\/p>","protected":false},"excerpt":{"rendered":"<p>Die <strong>Airmez Matrix 25000 este mai mult dec\u00e2t o \u021bigar\u0103 electronic\u0103 de unic\u0103 folosin\u021b\u0103<\/strong> \u2013 ea este o declara\u021bie. Pentru cei care vapeaz\u0103 \u00een Germania \u0219i care \u021bin la performan\u021b\u0103, gust \u0219i design, ea este alegerea perfect\u0103. Vizita\u021bi ast\u0103zi alfakher24h.de \u0219i experimenta\u021bi experien\u021ba suprem\u0103 de vapare.<\/p>","protected":false},"featured_media":1139,"comment_status":"open","ping_status":"closed","template":"","meta":{"om_disable_all_campaigns":false},"product_brand":[],"product_cat":[30],"product_tag":[],"class_list":{"0":"post-1138","1":"product","2":"type-product","3":"status-publish","4":"has-post-thumbnail","6":"product_cat-airmez-matrix-25000","8":"first","9":"instock","10":"shipping-taxable","11":"purchasable","12":"product-type-simple"},"_links":{"self":[{"href":"https:\/\/alfakher24h.de\/ro\/wp-json\/wp\/v2\/product\/1138","targetHints":{"allow":["GET"]}}],"collection":[{"href":"https:\/\/alfakher24h.de\/ro\/wp-json\/wp\/v2\/product"}],"about":[{"href":"https:\/\/alfakher24h.de\/ro\/wp-json\/wp\/v2\/types\/product"}],"replies":[{"embeddable":true,"href":"https:\/\/alfakher24h.de\/ro\/wp-json\/wp\/v2\/comments?post=1138"}],"wp:featuredmedia":[{"embeddable":true,"href":"https:\/\/alfakher24h.de\/ro\/wp-json\/wp\/v2\/media\/1139"}],"wp:attachment":[{"href":"https:\/\/alfakher24h.de\/ro\/wp-json\/wp\/v2\/media?parent=1138"}],"wp:term":[{"taxonomy":"product_brand","embeddable":true,"href":"https:\/\/alfakher24h.de\/ro\/wp-json\/wp\/v2\/product_brand?post=1138"},{"taxonomy":"product_cat","embeddable":true,"href":"https:\/\/alfakher24h.de\/ro\/wp-json\/wp\/v2\/product_cat?post=1138"},{"taxonomy":"product_tag","embeddable":true,"href":"https:\/\/alfakher24h.de\/ro\/wp-json\/wp\/v2\/product_tag?post=1138"}],"curies":[{"name":"wp","href":"https:\/\/api.w.org\/{rel}","templated":true}]}}