{"id":384,"date":"2024-09-18T11:57:04","date_gmt":"2024-09-18T11:57:04","guid":{"rendered":"https:\/\/alfakher24h.de\/?post_type=product&#038;p=384"},"modified":"2025-07-23T04:17:50","modified_gmt":"2025-07-23T04:17:50","slug":"al-fakher-crown-bar-12-000-baforadas-cigarro-eletronico-descartavel-com-nicotina-manga-abacaxi","status":"publish","type":"product","link":"https:\/\/alfakher24h.de\/pt\/produto\/al-fakher-crown-bar-12-000-baforadas-cigarro-eletronico-descartavel-com-nicotina-manga-abacaxi\/","title":{"rendered":"AL Fakher Crown Bar 12000 Z\u00fcge Einweg E Zigarette Mit Nikotin-Mango Pineapple \n\nbecomes \n\nAL Fakher Crown Bar 12000 tragadas Cigarro eletr\u00f4nico descart\u00e1vel com nicotina - Manga Abacaxi"},"content":{"rendered":"<h2><strong><a href=\"https:\/\/alfakher24h.de\/pt\/categoria-de-produto\/barra-de-coroa-ai-fakher-12000\/\">AL Fakher Crown Bar 12000 Z\u00fcge \n\n \n becomes \n\nAL Fakher Crown Bar 12000 tragadas<\/a> E-Zigarette descart\u00e1vel com nicotina - Manga Abacaxi<\/strong><\/h2>\n<p>O <strong>AL Fakher Crown Bar 12000 Z\u00fcge \n\n \n becomes \n\nAL Fakher Crown Bar 12000 tragadas<\/strong> Estabelece novos padr\u00f5es no mundo da <a href=\"https:\/\/alfakher24h.de\/pt\/\">E-Zigarettes descart\u00e1veis<\/a>Com uma capacidade excepcional de 12.000 tragadas, este dispositivo oferece um desempenho de primeira classe e durabilidade que excede em muito o padr\u00e3o. Ideal para vapers regulares e para aqueles que procuram uma experi\u00eancia de vape confi\u00e1vel e duradoura, o Crown Bar 12000 PRO combina tecnologia de ponta com o prazer caracter\u00edstico de um narguil\u00e9.<\/p>\n<p>Este dispositivo inovador disp\u00f5e de uma avan\u00e7ada tecnologia de bobina de malha de 0,6 Ohm, que proporciona nuvens de vapor densas e saborosas, tornando cada tragada uma experi\u00eancia inesquec\u00edvel. A bateria integrada pode ser carregada rapidamente atrav\u00e9s de uma conex\u00e3o USB tipo C, o que garante um desempenho elevado cont\u00ednuo. Com um visor digital, voc\u00ea tem sempre o controle sobre o n\u00edvel da bateria e o n\u00edvel do l\u00edquido, para que nunca fique na d\u00favida sobre quando \u00e9 necess\u00e1rio recarregar ou reabastecer.<\/p>\n<p>Gra\u00e7as ao design fino e leve, o Crown Bar 12000 PRO n\u00e3o \u00e9 apenas um destaque visual, mas tamb\u00e9m extremamente confort\u00e1vel de manusear - perfeito para o dia a dia e em movimento. O estilo de vaporiza\u00e7\u00e3o Direct-to-Lung (DTL) proporciona uma experi\u00eancia de sabor intensa que entusiasma at\u00e9 os vapers mais exigentes.<\/p>\n<h2><strong>AL Fakher Crown Bar 12000 Z\u00fcge \n\n \n becomes \n\nAL Fakher Crown Bar 12000 tragadas <\/strong>Caracter\u00edsticas especiais<\/h2>\n<ul>\n<li><strong>12.000 trens por dispositivo<\/strong>Um dos dispositivos descart\u00e1veis mais dur\u00e1veis do mercado, ideal para vaporiza\u00e7\u00e3o prolongada.<\/li>\n<li><strong>Bateria recarreg\u00e1vel<\/strong>: Carregamento r\u00e1pido via USB-Type-C para uma dura\u00e7\u00e3o de uso prolongada.<\/li>\n<li><strong>0,6 Ohm Mesh Coil Tecnologia<\/strong>: Fornece nuvens de vapor densas e saborosas e uma experi\u00eancia de vaporiza\u00e7\u00e3o incompar\u00e1vel.<\/li>\n<li><strong>Display digital<\/strong>: Mostra com precis\u00e3o o n\u00edvel da bateria e o n\u00edvel de l\u00edquido.<\/li>\n<li><strong>Desenho leve e elegante<\/strong>: Para alta mobilidade e manuseio confort\u00e1vel.<\/li>\n<li><strong>Hookah Sound Waves \n -&gt; Hookah Sound Waves<\/strong>: Imita a experi\u00eancia de fumar narguil\u00e9 para uma atmosfera especial.<\/li>\n<li><strong>DTL-Vaping<\/strong>: Experi\u00eancia intensa de sabor e desenvolvimento mais forte do aroma.<\/li>\n<\/ul>\n<h2><strong>AL Fakher Crown Bar 12000 Z\u00fcge \n\n \n becomes \n\nAL Fakher Crown Bar 12000 tragadas <\/strong>Mango Abacate - Uma experi\u00eancia gastron\u00f4mica de primeira classe<\/h2>\n<p>O <strong>Manga Abacaxi<\/strong> O sabor do AL Fakher Crown Bar 12000 PRO leva os seus sentidos numa viagem ex\u00f3tica. Este aroma combina a do\u00e7ura tropical de manga com a nota refrescante de abacaxi para uma experi\u00eancia de sabor incompar\u00e1vel. Cada tragada \u00e9 um prazer intenso que lembra praias soaladas e dias de f\u00e9rias tropicais.<\/p>\n<p>A manga proporciona um sabor doce e intenso, que se destaca com um toque de sucul\u00eancia e frutifica\u00e7\u00e3o madura. Esta nota doce \u00e9 harmoniosamente complementada pela nota fresca e ligeiramente \u00e1cida do abacaxi, que confere ao aroma geral uma frescura vibrante. Juntos, resultam numa experi\u00eancia de sabor perfeitamente equilibrada, que combina elementos doces e refrescantes e acaricia os seus bot\u00f5es gustativos de uma forma agrad\u00e1vel.<\/p>\n<p>A combina\u00e7\u00e3o de manga e abacaxi <a href=\"https:\/\/alfakher24h.de\/pt\/\">AL Fakher<\/a> O Crown Bar 12000 PRO cria um aroma que \u00e9 ao mesmo tempo complexo e acess\u00edvel. A manga suculenta traz um do\u00e7ura agrad\u00e1vel e cremosidade, enquanto o abacaxi proporciona uma frescura crocante que d\u00e1 profundidade e equil\u00edbrio ao sabor. Isso torna o aroma de Manga Abacaxi uma escolha excelente para vapers que amam tanto a do\u00e7ura tropical quanto as nuances refrescantes.<\/p>\n<p><img loading=\"lazy\" decoding=\"async\" class=\"alignnone size-full wp-image-386\" src=\"https:\/\/alfakher24h.de\/wp-content\/uploads\/2024\/09\/AL-Fakher-Crown-Bar-12000-Zuege-Einweg-E-Zigarette-Mit-Nikotin-Mango-Pineapple-2.webp\" alt=\"AL Fakher Crown Bar 12000 Z\u00fcge Einweg E Zigarette Mit Nikotin-Mango Pineapple becomes AL Fakher Crown Bar 12000 tragadas Cigarro eletr\u00f4nico descart\u00e1vel com nicotina - Manga Abacaxi\" width=\"1837\" height=\"2522\" title=\"\" srcset=\"https:\/\/alfakher24h.de\/wp-content\/uploads\/2024\/09\/AL-Fakher-Crown-Bar-12000-Zuege-Einweg-E-Zigarette-Mit-Nikotin-Mango-Pineapple-2.webp 1837w, https:\/\/alfakher24h.de\/wp-content\/uploads\/2024\/09\/AL-Fakher-Crown-Bar-12000-Zuege-Einweg-E-Zigarette-Mit-Nikotin-Mango-Pineapple-2-219x300.webp 219w, https:\/\/alfakher24h.de\/wp-content\/uploads\/2024\/09\/AL-Fakher-Crown-Bar-12000-Zuege-Einweg-E-Zigarette-Mit-Nikotin-Mango-Pineapple-2-746x1024.webp 746w, https:\/\/alfakher24h.de\/wp-content\/uploads\/2024\/09\/AL-Fakher-Crown-Bar-12000-Zuege-Einweg-E-Zigarette-Mit-Nikotin-Mango-Pineapple-2-768x1054.webp 768w, https:\/\/alfakher24h.de\/wp-content\/uploads\/2024\/09\/AL-Fakher-Crown-Bar-12000-Zuege-Einweg-E-Zigarette-Mit-Nikotin-Mango-Pineapple-2-1119x1536.webp 1119w, https:\/\/alfakher24h.de\/wp-content\/uploads\/2024\/09\/AL-Fakher-Crown-Bar-12000-Zuege-Einweg-E-Zigarette-Mit-Nikotin-Mango-Pineapple-2-1492x2048.webp 1492w, https:\/\/alfakher24h.de\/wp-content\/uploads\/2024\/09\/AL-Fakher-Crown-Bar-12000-Zuege-Einweg-E-Zigarette-Mit-Nikotin-Mango-Pineapple-2-600x824.webp 600w\" sizes=\"auto, (max-width: 1837px) 100vw, 1837px\" \/><\/p>\n<h2><strong>AL Fakher Crown Bar 12000 Z\u00fcge \n\n \n becomes \n\nAL Fakher Crown Bar 12000 tragadas <\/strong>Compre agora em alfakher24h.de<\/h2>\n<p>Experimente a performance excepcional e o sabor incompar\u00e1vel do <strong>AL Fakher Crown Bar 12000 Z\u00fcge Einweg E-Zigarette \n Crown Bar 12000 AL Fakher descart\u00e1vel cigarro eletr\u00f4nico<\/strong> com o aroma de Manga Abacaxi. Visite <strong><a href=\"https:\/\/alfakher24h.de\/pt\/\" target=\"_new\" rel=\"noopener\">alfakher24h.de<\/a><\/strong>a maior plataforma online para <a href=\"https:\/\/alfakher24h.de\/pt\/\">Cigarra Eletr\u00f4nica Descart\u00e1vel Com Nicotina<\/a> na Alemanha, e assegure-se de obter este dispositivo vape de primeira classe. Mergulhe numa experi\u00eancia de vaporiza\u00e7\u00e3o excecional e desfrute do equil\u00edbrio perfeito entre durabilidade e sabor, que apenas o AL Fakher Crown Bar 12000 PRO pode oferecer.<\/p>","protected":false},"excerpt":{"rendered":"<div class=\"flex-shrink-0 flex flex-col relative items-end\">\n<div>\n<div class=\"pt-0\">\n<div class=\"gizmo-bot-avatar flex h-8 w-8 items-center justify-center overflow-hidden rounded-full\">\n<div class=\"relative p-1 rounded-sm flex items-center justify-center bg-token-main-surface-primary text-token-text-primary h-8 w-8\"><\/div>\n<\/div>\n<\/div>\n<\/div>\n<\/div>\n<div class=\"group\/conversation-turn relative flex w-full min-w-0 flex-col agent-turn\">\n<div class=\"flex-col gap-1 md:gap-3\">\n<div class=\"flex max-w-full flex-col flex-grow\">\n<div class=\"min-h-[20px] text-message flex w-full flex-col items-end gap-2 whitespace-normal break-words [.text-message+&amp;]:mt-5\" dir=\"auto\" data-message-author-role=\"assistant\" data-message-id=\"6fb020b6-e780-45d1-a4f6-02d74420fd0d\">\n<div class=\"flex w-full flex-col gap-1 empty:hidden first:pt-[3px]\">\n<div class=\"markdown prose w-full break-words dark:prose-invert light\">\n<p>A <strong>AL Fakher Crown Bar 12000 Z\u00fcge Einweg E-Zigarette \n Crown Bar 12000 AL Fakher descart\u00e1vel cigarro eletr\u00f4nico<\/strong> oferece com seu aroma de Manga Abacaxi e tecnologia avan\u00e7ada de bobina de malha de 0,6 Ohm uma experi\u00eancia de vaporiza\u00e7\u00e3o duradoura e com sabor intenso de at\u00e9 12.000 tragadas<\/p>\n<\/div>\n<\/div>\n<\/div>\n<\/div>\n<\/div>\n<\/div>","protected":false},"featured_media":385,"comment_status":"open","ping_status":"closed","template":"","meta":{"om_disable_all_campaigns":false},"product_brand":[],"product_cat":[20],"product_tag":[],"class_list":{"0":"post-384","1":"product","2":"type-product","3":"status-publish","4":"has-post-thumbnail","6":"product_cat-ai-fakher-crown-bar-12000","8":"first","9":"instock","10":"shipping-taxable","11":"purchasable","12":"product-type-simple"},"_links":{"self":[{"href":"https:\/\/alfakher24h.de\/pt\/wp-json\/wp\/v2\/product\/384","targetHints":{"allow":["GET"]}}],"collection":[{"href":"https:\/\/alfakher24h.de\/pt\/wp-json\/wp\/v2\/product"}],"about":[{"href":"https:\/\/alfakher24h.de\/pt\/wp-json\/wp\/v2\/types\/product"}],"replies":[{"embeddable":true,"href":"https:\/\/alfakher24h.de\/pt\/wp-json\/wp\/v2\/comments?post=384"}],"wp:featuredmedia":[{"embeddable":true,"href":"https:\/\/alfakher24h.de\/pt\/wp-json\/wp\/v2\/media\/385"}],"wp:attachment":[{"href":"https:\/\/alfakher24h.de\/pt\/wp-json\/wp\/v2\/media?parent=384"}],"wp:term":[{"taxonomy":"product_brand","embeddable":true,"href":"https:\/\/alfakher24h.de\/pt\/wp-json\/wp\/v2\/product_brand?post=384"},{"taxonomy":"product_cat","embeddable":true,"href":"https:\/\/alfakher24h.de\/pt\/wp-json\/wp\/v2\/product_cat?post=384"},{"taxonomy":"product_tag","embeddable":true,"href":"https:\/\/alfakher24h.de\/pt\/wp-json\/wp\/v2\/product_tag?post=384"}],"curies":[{"name":"wp","href":"https:\/\/api.w.org\/{rel}","templated":true}]}}