{"id":367,"date":"2024-09-18T09:00:13","date_gmt":"2024-09-18T09:00:13","guid":{"rendered":"https:\/\/alfakher24h.de\/?post_type=product&#038;p=367"},"modified":"2025-07-23T04:17:51","modified_gmt":"2025-07-23T04:17:51","slug":"al-fakher-crown-bar-12-000-baforadas-cigarro-eletronico-descartavel-com-nicotina-limao-hortela","status":"publish","type":"product","link":"https:\/\/alfakher24h.de\/pt\/produto\/al-fakher-crown-bar-12-000-baforadas-cigarro-eletronico-descartavel-com-nicotina-limao-hortela\/","title":{"rendered":"AL Fakher Crown Bar 12000 Z\u00fcge Einweg E Zigarette Mit Nikotin -Lemon Mint \nse torna \nAL Fakher Crown Bar 12000 tragadas Cigarro eletr\u00f4nico descart\u00e1vel com nicotina -Lim\u00e3o Hortel\u00e3"},"content":{"rendered":"<h2><strong><a href=\"https:\/\/alfakher24h.de\/pt\/categoria-de-produto\/barra-de-coroa-ai-fakher-12000\/\">AL Fakher Crown Bar 12000 Z\u00fcge \n\n \n becomes \n\nAL Fakher Crown Bar 12000 tragadas<\/a> E-Zigarette descart\u00e1vel com nicotina - Lim\u00e3o Hortel\u00e3<\/strong><\/h2>\n<h3>Introdu\u00e7\u00e3o ao Futuro do Vaping<\/h3>\n<p>A coroa AL Fakher 12000 tragadas <a href=\"https:\/\/alfakher24h.de\/pt\/\">Cigarrinha eletr\u00f4nica descart\u00e1vel<\/a> Estabelece novos padr\u00f5es na \u00e1rea de vaporizadores descart\u00e1veis e oferece-lhe uma experi\u00eancia de vaporiza\u00e7\u00e3o incompar\u00e1vel. Este dispositivo de \u00faltima gera\u00e7\u00e3o combina tecnologia avan\u00e7ada com o prazer tradicional de um cachimbo de \u00e1gua e \u00e9, portanto, a escolha ideal para vaporizadores exigentes na Alemanha. Com uma capacidade impressionante de 12.000 tragadas por unidade, o Crown Bar 12000 PRO supera todos os vaporizadores descart\u00e1veis anteriores. Se voc\u00ea \u00e9 um usu\u00e1rio regular ou simplesmente est\u00e1 procurando por um dispositivo dur\u00e1vel e confi\u00e1vel, o AL Fakher Crown Bar 12000 exceder\u00e1 suas expectativas.<\/p>\n<h2><strong>AL Fakher Crown Bar 12000 Z\u00fcge \n\n \n becomes \n\nAL Fakher Crown Bar 12000 tragadas <\/strong>Descri\u00e7\u00e3o do produto<\/h2>\n<p>O AL Fakher Crown Bar 12000 PRO n\u00e3o \u00e9 apenas um produto, mas uma experi\u00eancia. Este dispositivo de vape descart\u00e1vel oferece-lhe a combina\u00e7\u00e3o perfeita de funcionalidade e estilo. Com a sua inovadora tecnologia de bobina de malha de 0,6 Ohm, o Crown Bar 12000 PRO fornece nuvens de vapor ricas, saborosas e densas que tornam cada tragada uma experi\u00eancia especial. A tecnologia avan\u00e7ada de bobina garante uma vaporiza\u00e7\u00e3o uniforme do e-l\u00edquido e maximiza a liberta\u00e7\u00e3o de aromas em cada tragada.<\/p>\n<p>O dispositivo \u00e9 equipado com um display digital que fornece uma vis\u00e3o geral a qualquer momento da vida \u00fatil da bateria e do n\u00edvel de l\u00edquido. Dessa forma, voc\u00ea sempre sabe exatamente quando \u00e9 hora de reabastecer ou recarregar. A constru\u00e7\u00e3o leve e elegante do Crown Bar 12000 PRO garante um manuseio confort\u00e1vel e uma apar\u00eancia sofisticada, perfeita para o dia a dia e em movimento.<\/p>\n<p>Gra\u00e7as ao conector de carregamento r\u00e1pido Type-C, voc\u00ea pode carregar o dispositivo em um piscar de olhos, garantindo que voc\u00ea esteja sempre pronto. O estilo de vaporiza\u00e7\u00e3o Direct-to-Lung (DTL) proporciona uma experi\u00eancia de sabor intensa e atende \u00e0s expectativas at\u00e9 mesmo dos vapers mais exigentes.<\/p>\n<h2><strong>AL Fakher Crown Bar 12000 Z\u00fcge \n\n \n becomes \n\nAL Fakher Crown Bar 12000 tragadas <\/strong>Caracter\u00edsticas especiais<\/h2>\n<ul>\n<li><strong>12.000 trens por dispositivo:<\/strong> Um dos dispositivos descart\u00e1veis mais dur\u00e1veis do mercado, que oferece um n\u00famero muito maior de tragadas do que a maioria dos vaporizadores convencionais.<\/li>\n<li><strong>Bateria recarreg\u00e1vel<\/strong> A possibilidade de carregamento r\u00e1pido atrav\u00e9s do conector USB tipo C garante uma vida \u00fatil mais longa do dispositivo.<\/li>\n<li><strong>0,6 Ohm Tecnologia de Bobina Mesh:<\/strong> Garantem nuvens de vapor densas e saborosas e uma experi\u00eancia de vaporiza\u00e7\u00e3o incompar\u00e1vel.<\/li>\n<li><strong>Display digital:<\/strong> Permite que voc\u00ea acompanhe a qualquer momento o n\u00edvel da bateria e o n\u00edvel de preenchimento.<\/li>\n<li><strong>Desenho leve e elegante:<\/strong> Elegante e simples de manusear, ideal para uso di\u00e1rio e em movimento.<\/li>\n<li><strong>Hookah Sound Waves:<\/strong> Um sistema integrado que imita a experi\u00eancia do narguil\u00e9 e proporciona uma atmosfera \u00fanica.<\/li>\n<li><strong>DTL-Vaping:<\/strong> Para uma experi\u00eancia de sabor mais intensa e um desenvolvimento mais forte do aroma.<\/li>\n<\/ul>\n<h2><strong>AL Fakher Crown Bar 12000 Z\u00fcg \n\nbecomes \n\nAL Fakher Crown Bar 12000 Zug <\/strong>Experi\u00eancia de sabor: Lim\u00e3o Hortel\u00e3<\/h2>\n<p>sabor de Lim\u00e3o Hortel\u00e3 <a href=\"https:\/\/alfakher24h.de\/pt\/\">AL Fakher<\/a> Crown Bar 12000 PRO oferece uma experi\u00eancia de vaporiza\u00e7\u00e3o refrescante e revigorante, que se destaca por seu equil\u00edbrio perfeito entre o lim\u00e3o c\u00edtrico e o sabor de hortel\u00e3 fresca. A acidez c\u00edtrica do lim\u00e3o proporciona uma frescura revigorante, enquanto a hortel\u00e3 adiciona um frescor agrad\u00e1vel que estimula o paladar de forma agrad\u00e1vel. Cada tragada do perfil de sabor de Lim\u00e3o e Hortel\u00e3 traz uma nova dimens\u00e3o de frescura, que \u00e9 tanto revitalizante quanto relaxante. A combina\u00e7\u00e3o cuidadosamente ajustada de lim\u00e3o e hortel\u00e3 garante que este sabor seja um prazer tanto em dias quentes de ver\u00e3o quanto durante a esta\u00e7\u00e3o fria.<\/p>\n<p>Com a AL Fakher Crown Bar 12000 Z\u00fcge <a href=\"https:\/\/alfakher24h.de\/pt\/\">Cigarrinha eletr\u00f4nica descart\u00e1vel<\/a> Desfrute n\u00e3o apenas do desempenho excelente de um vape avan\u00e7ado, mas tamb\u00e9m de uma experi\u00eancia de sabor que impressiona com sua frescura e complexidade. A densidade e intensidade do aroma permanecem constantes, proporcionando a cada tragada uma qualidade consistentemente alta. A combina\u00e7\u00e3o de lim\u00e3o e hortel\u00e3 \u00e9 perfeitamente equilibrada e proporciona uma experi\u00eancia de vaporiza\u00e7\u00e3o refrescante em todos os aspectos.<\/p>\n<p><img loading=\"lazy\" decoding=\"async\" class=\"alignnone size-full wp-image-369\" src=\"https:\/\/alfakher24h.de\/wp-content\/uploads\/2024\/09\/AL-Fakher-Crown-Bar-12000-Zuege-Einweg-E-Zigarette-Mit-Nikotin-Lemon-Mint-2.webp\" alt=\"AL Fakher Crown Bar 12000 Z\u00fcge Einweg E Zigarette Mit Nikotin -Lemon Mint se torna AL Fakher Crown Bar 12000 tragadas Cigarro eletr\u00f4nico descart\u00e1vel com nicotina -Lim\u00e3o Hortel\u00e3\" width=\"1837\" height=\"2522\" title=\"\" srcset=\"https:\/\/alfakher24h.de\/wp-content\/uploads\/2024\/09\/AL-Fakher-Crown-Bar-12000-Zuege-Einweg-E-Zigarette-Mit-Nikotin-Lemon-Mint-2.webp 1837w, https:\/\/alfakher24h.de\/wp-content\/uploads\/2024\/09\/AL-Fakher-Crown-Bar-12000-Zuege-Einweg-E-Zigarette-Mit-Nikotin-Lemon-Mint-2-219x300.webp 219w, https:\/\/alfakher24h.de\/wp-content\/uploads\/2024\/09\/AL-Fakher-Crown-Bar-12000-Zuege-Einweg-E-Zigarette-Mit-Nikotin-Lemon-Mint-2-746x1024.webp 746w, https:\/\/alfakher24h.de\/wp-content\/uploads\/2024\/09\/AL-Fakher-Crown-Bar-12000-Zuege-Einweg-E-Zigarette-Mit-Nikotin-Lemon-Mint-2-768x1054.webp 768w, https:\/\/alfakher24h.de\/wp-content\/uploads\/2024\/09\/AL-Fakher-Crown-Bar-12000-Zuege-Einweg-E-Zigarette-Mit-Nikotin-Lemon-Mint-2-1119x1536.webp 1119w, https:\/\/alfakher24h.de\/wp-content\/uploads\/2024\/09\/AL-Fakher-Crown-Bar-12000-Zuege-Einweg-E-Zigarette-Mit-Nikotin-Lemon-Mint-2-1492x2048.webp 1492w, https:\/\/alfakher24h.de\/wp-content\/uploads\/2024\/09\/AL-Fakher-Crown-Bar-12000-Zuege-Einweg-E-Zigarette-Mit-Nikotin-Lemon-Mint-2-600x824.webp 600w\" sizes=\"auto, (max-width: 1837px) 100vw, 1837px\" \/><\/p>\n<h2><strong>AL Fakher Crown Bar 12000 Z\u00fcge \n\n \n becomes \n\nAL Fakher Crown Bar 12000 tragadas <\/strong>Compre Agora na AL Fakher<\/h2>\n<p>Experimente voc\u00ea mesmo por que o AL Fakher Crown Bar tem 12000 tragadas <a href=\"https:\/\/alfakher24h.de\/pt\/\">Cigarrinha eletr\u00f4nica descart\u00e1vel com nicotina<\/a> na Alemanha, a primeira escolha para vaporizadores exigentes. Visite <a href=\"https:\/\/alfakher24h.de\/pt\/\" target=\"_new\" rel=\"noopener\">alfakher24h.de<\/a>, a maior plataforma de varejo online para cigarros eletr\u00f4nicos descart\u00e1veis na Alemanha, e garanta sua c\u00f3pia do AL Fakher Crown Bar 12000 tragadas com sabor de Lim\u00e3o Hortel\u00e3. Nosso site oferece n\u00e3o apenas uma sele\u00e7\u00e3o abrangente de vapes de alta qualidade, mas tamb\u00e9m um servi\u00e7o de atendimento ao cliente excelente e entrega r\u00e1pida. Compre hoje mesmo e experimente o vaping em sua melhor forma!<\/p>","protected":false},"excerpt":{"rendered":"<p>A AL Fakher Crown Bar 12000 Z\u00fcge Einweg E-Zigarette mit Nikotin bietet ein langlebiges, intensives Dampferlebnis mit einem erfrischenden Lemon Mint Geschmack und modernster 0,6 Ohm Mesh-Coil-Technologie.<\/p>","protected":false},"featured_media":368,"comment_status":"open","ping_status":"closed","template":"","meta":{"om_disable_all_campaigns":false},"product_brand":[],"product_cat":[20],"product_tag":[],"class_list":{"0":"post-367","1":"product","2":"type-product","3":"status-publish","4":"has-post-thumbnail","6":"product_cat-ai-fakher-crown-bar-12000","8":"first","9":"instock","10":"shipping-taxable","11":"purchasable","12":"product-type-simple"},"_links":{"self":[{"href":"https:\/\/alfakher24h.de\/pt\/wp-json\/wp\/v2\/product\/367","targetHints":{"allow":["GET"]}}],"collection":[{"href":"https:\/\/alfakher24h.de\/pt\/wp-json\/wp\/v2\/product"}],"about":[{"href":"https:\/\/alfakher24h.de\/pt\/wp-json\/wp\/v2\/types\/product"}],"replies":[{"embeddable":true,"href":"https:\/\/alfakher24h.de\/pt\/wp-json\/wp\/v2\/comments?post=367"}],"wp:featuredmedia":[{"embeddable":true,"href":"https:\/\/alfakher24h.de\/pt\/wp-json\/wp\/v2\/media\/368"}],"wp:attachment":[{"href":"https:\/\/alfakher24h.de\/pt\/wp-json\/wp\/v2\/media?parent=367"}],"wp:term":[{"taxonomy":"product_brand","embeddable":true,"href":"https:\/\/alfakher24h.de\/pt\/wp-json\/wp\/v2\/product_brand?post=367"},{"taxonomy":"product_cat","embeddable":true,"href":"https:\/\/alfakher24h.de\/pt\/wp-json\/wp\/v2\/product_cat?post=367"},{"taxonomy":"product_tag","embeddable":true,"href":"https:\/\/alfakher24h.de\/pt\/wp-json\/wp\/v2\/product_tag?post=367"}],"curies":[{"name":"wp","href":"https:\/\/api.w.org\/{rel}","templated":true}]}}