{"id":364,"date":"2024-09-18T08:54:40","date_gmt":"2024-09-18T08:54:40","guid":{"rendered":"https:\/\/alfakher24h.de\/?post_type=product&#038;p=364"},"modified":"2025-07-23T04:17:51","modified_gmt":"2025-07-23T04:17:51","slug":"al-fakher-crown-bar-12-000-baforadas-cigarro-eletronico-descartavel-com-nicotina-e-limao","status":"publish","type":"product","link":"https:\/\/alfakher24h.de\/pt\/produto\/al-fakher-crown-bar-12-000-baforadas-cigarro-eletronico-descartavel-com-nicotina-e-limao\/","title":{"rendered":"AL Fakher Crown Bar 12000 Z\u00fcge Einweg E Zigarette Mit Nikotin -Lemon Lime \nse torna \nAL Fakher Crown Bar 12000 tragadas Cigarro eletr\u00f4nico descart\u00e1vel com nicotina -Lim\u00e3o e Lima"},"content":{"rendered":"<h2><strong><a href=\"https:\/\/alfakher24h.de\/pt\/categoria-de-produto\/barra-de-coroa-ai-fakher-12000\/\">AL Fakher Crown Bar 12000 Z\u00fcge \n\n \n becomes \n\nAL Fakher Crown Bar 12000 tragadas<\/a> E-Zigarette descart\u00e1vel com nicotina - Lim\u00e3o e Lima<\/strong><\/h2>\n<p>Experimente a experi\u00eancia de vaporiza\u00e7\u00e3o definitiva com o <strong>AL Fakher Crown Bar 12000 Z\u00fcge \n\n \n becomes \n\nAL Fakher Crown Bar 12000 tragadas <a href=\"https:\/\/alfakher24h.de\/pt\/\">Cigarrinha eletr\u00f4nica descart\u00e1vel<\/a><\/strong> no sabor refrescante de Lim\u00e3o e Lima. Este cigarro eletr\u00f4nico inovador combina design moderno, tecnologia avan\u00e7ada e uma experi\u00eancia de sabor \u00fanica que vai entusiasmar os vapers na Alemanha. O AL Fakher Crown Bar 12000 PRO \u00e9 a escolha perfeita para todos que procuram uma solu\u00e7\u00e3o de vape poderosa, dur\u00e1vel e impressionante em termos de sabor.<\/p>\n<h2><strong>AL Fakher Crown Bar 12000 Z\u00fcge \n\n \n becomes \n\nAL Fakher Crown Bar 12000 tragadas <\/strong>Descri\u00e7\u00e3o do produto<\/h2>\n<p>A <strong>AL Fakher Crown Bar 12000 PRO<\/strong> \u00e9 uma verdadeira obra-prima da tecnologia de vape. Com uma capacidade impressionante de at\u00e9 12.000 tragadas, este dispositivo descart\u00e1vel oferece uma experi\u00eancia de vaporiza\u00e7\u00e3o duradoura sem a necessidade de reabastecimento frequente ou substitui\u00e7\u00e3o. O design de alta qualidade, combinado com uma bobina de malha poderosa (0,6 ohm), garante nuvens de vapor intensas e uma experi\u00eancia de sabor excepcional em cada tragada.<\/p>\n<p>O dispositivo \u00e9 equipado com uma bateria potente que garante um desempenho constante at\u00e9 o \u00faltimo uso. A recarga r\u00e1pida \u00e9 feita atrav\u00e9s do pr\u00e1tico conector USB tipo C, que permite um uso eficiente e descomplicado. O ecr\u00e3 digital integrado mostra-lhe sempre o n\u00edvel de bateria e a quantidade restante de e-l\u00edquido, para que tenha sempre uma vis\u00e3o geral.<\/p>\n<p>A <strong><a href=\"https:\/\/alfakher24h.de\/pt\/\">AL Fakher<\/a> Crown Bar 12000 PRO<\/strong> Al\u00e9m disso, oferece uma experi\u00eancia aut\u00eantica de fumar Shisha, que \u00e9 ainda mais aprimorada pelos efeitos sonoros integrados de cachimbo de \u00e1gua. Esta fun\u00e7\u00e3o \u00fanica traz o prazer incompar\u00e1vel de fumar Shisha diretamente para a sua m\u00e3o - completamente sem o esfor\u00e7o e a complexidade das tradicionais cachimbos de \u00e1gua.<\/p>\n<h2><strong>AL Fakher Crown Bar 12000 Z\u00fcge \n\n \n becomes \n\nAL Fakher Crown Bar 12000 tragadas <\/strong>Principais caracter\u00edsticas da AL Fakher Crown Bar 12000 PRO<\/h2>\n<ul>\n<li><strong>12.000 trens por dispositivo<\/strong>: Oferece um n\u00famero excepcionalmente alto de tragadas, ideal para uso prolongado e vaporiza\u00e7\u00e3o intensiva.<\/li>\n<li><strong>Bobina de rede (0,6 Ohm)<\/strong>: Garante nuvens de vapor volumosas e uma experi\u00eancia de sabor intensa em cada tragada.<\/li>\n<li><strong>Recarreg\u00e1vel via USB Tipo-C<\/strong>: Permite carregamento r\u00e1pido e f\u00e1cil para uso cont\u00ednuo.<\/li>\n<li><strong>Tela digital<\/strong>: Oferece uma exibi\u00e7\u00e3o clara do n\u00edvel da bateria e do l\u00edquido para controle m\u00e1ximo.<\/li>\n<li><strong>Desenho leve e elegante<\/strong>: Magro e ergon\u00f4mico, fica confort\u00e1vel na m\u00e3o e \u00e9 ideal para viagem.<\/li>\n<li><strong>DTL (Direct to Lung) Vaping<\/strong>: Otimizado para sabor intenso e inala\u00e7\u00e3o direta para uma experi\u00eancia de vaporiza\u00e7\u00e3o intensa.<\/li>\n<li><strong>Sensa\u00e7\u00e3o de fuma\u00e7a semelhante ao Shisha<\/strong>: Aut\u00eanticos efeitos sonoros de narguil\u00e9 aprimoram a experi\u00eancia de vaporiza\u00e7\u00e3o e trazem a sensa\u00e7\u00e3o de uma sess\u00e3o real de narguil\u00e9.<\/li>\n<\/ul>\n<h2><strong>AL Fakher Crown Bar 12000 Z\u00fcge \n\n \n becomes \n\nAL Fakher Crown Bar 12000 tragadas <\/strong>Descri\u00e7\u00e3o detalhada do sabor - Lim\u00e3o Lima<\/h2>\n<p>O <strong>Limon e Lim\u00e3o<\/strong> Sabor da <a href=\"https:\/\/alfakher24h.de\/pt\/\">AL Fakher<\/a> Crown Bar 12000 PRO \u00e9 uma verdadeira experi\u00eancia gustativa para todos que amam sabores frescos e c\u00edtricos. Esta sabor combina a nota vibrante e viva de lim\u00f5es maduros ao sol com a pic\u00e2ncia revigorante de limetas para criar uma experi\u00eancia gustativa harmoniosa e refrescante. Cada tragada revela um equil\u00edbrio perfeito entre a acidez das frutas c\u00edtricas e uma do\u00e7ura subtil, mas agrad\u00e1vel, que arredonda o sabor e anima as papilas gustativas.<\/p>\n<p>A combina\u00e7\u00e3o de aromas de lim\u00e3o e lima \u00e9 particularmente bem apresentada pelo avan\u00e7ado carretel de rede (0,6 Ohm). A nuvem de vapor densa e arom\u00e1tica garante que as notas c\u00edtricas frescas atinjam o paladar de forma uniforme e intensa. O sabor de Lim\u00e3o e Lima permanece por muito tempo na boca e oferece uma experi\u00eancia refrescante duradoura, que permanece agrad\u00e1vel o dia todo. Ideal para todos que procuram um sabor c\u00edtrico revigorante, que \u00e9 ao mesmo tempo refrescante e doce.<\/p>\n<p><img loading=\"lazy\" decoding=\"async\" class=\"alignnone size-full wp-image-366\" src=\"https:\/\/alfakher24h.de\/wp-content\/uploads\/2024\/09\/AL-Fakher-Crown-Bar-12000-Zuege-Einweg-E-Zigarette-Mit-Nikotin-Lemon-Lime-2.webp\" alt=\"AL Fakher Crown Bar 12000 Z\u00fcge Einweg E Zigarette Mit Nikotin -Lemon Lime se torna AL Fakher Crown Bar 12000 tragadas Cigarro eletr\u00f4nico descart\u00e1vel com nicotina -Lim\u00e3o e Lima\" width=\"600\" height=\"600\" title=\"\" srcset=\"https:\/\/alfakher24h.de\/wp-content\/uploads\/2024\/09\/AL-Fakher-Crown-Bar-12000-Zuege-Einweg-E-Zigarette-Mit-Nikotin-Lemon-Lime-2.webp 600w, https:\/\/alfakher24h.de\/wp-content\/uploads\/2024\/09\/AL-Fakher-Crown-Bar-12000-Zuege-Einweg-E-Zigarette-Mit-Nikotin-Lemon-Lime-2-300x300.webp 300w, https:\/\/alfakher24h.de\/wp-content\/uploads\/2024\/09\/AL-Fakher-Crown-Bar-12000-Zuege-Einweg-E-Zigarette-Mit-Nikotin-Lemon-Lime-2-150x150.webp 150w, https:\/\/alfakher24h.de\/wp-content\/uploads\/2024\/09\/AL-Fakher-Crown-Bar-12000-Zuege-Einweg-E-Zigarette-Mit-Nikotin-Lemon-Lime-2-100x100.webp 100w\" sizes=\"auto, (max-width: 600px) 100vw, 600px\" \/><\/p>\n<h2><strong>AL Fakher Crown Bar 12000 Z\u00fcge \n\n \n becomes \n\nAL Fakher Crown Bar 12000 tragadas <\/strong>Compre agora em alfakher24h.de<\/h2>\n<p>Para todos que os melhores <a href=\"https:\/\/alfakher24h.de\/pt\/\">Cigarra Eletr\u00f4nica Descart\u00e1vel Com Nicotina\u00a0<\/a>procurar na Alemanha, \u00e9 <a href=\"https:\/\/alfakher24h.de\/pt\/\"><strong>alfakher24h.de<\/strong><\/a> Sua primeira escolha. Nossa loja online oferece uma ampla sele\u00e7\u00e3o de produtos de alta qualidade, incluindo os <strong>AL Fakher Crown Bar 12000 Z\u00fcge \n\n \n becomes \n\nAL Fakher Crown Bar 12000 tragadas<\/strong>que convencem pelo seu desempenho excepcional e diversidade de sabores. Visite-nos em alfakher24h.de e descubra por que somos a maior plataforma de varejo online para <strong>Vapes Descart\u00e1veis<\/strong> na Alemanha. Compre hoje mesmo e desfrute de uma experi\u00eancia de vaporiza\u00e7\u00e3o incompar\u00e1vel!<\/p>","protected":false},"excerpt":{"rendered":"<p>A <strong>AL Fakher Crown Bar 12000 Z\u00fcge Einweg E-Zigarette \n Crown Bar 12000 AL Fakher descart\u00e1vel cigarro eletr\u00f4nico<\/strong> Com nicotina no sabor Lim\u00e3o Lima oferece at\u00e9 12.000 tragadas de prazer intenso atrav\u00e9s de notas refrescantes de c\u00edtrico e uma bobina de rede poderosa para uma experi\u00eancia de vaporiza\u00e7\u00e3o incompar\u00e1vel.<\/p>","protected":false},"featured_media":365,"comment_status":"open","ping_status":"closed","template":"","meta":{"om_disable_all_campaigns":false},"product_brand":[],"product_cat":[20],"product_tag":[],"class_list":{"0":"post-364","1":"product","2":"type-product","3":"status-publish","4":"has-post-thumbnail","6":"product_cat-ai-fakher-crown-bar-12000","8":"first","9":"instock","10":"shipping-taxable","11":"purchasable","12":"product-type-simple"},"_links":{"self":[{"href":"https:\/\/alfakher24h.de\/pt\/wp-json\/wp\/v2\/product\/364","targetHints":{"allow":["GET"]}}],"collection":[{"href":"https:\/\/alfakher24h.de\/pt\/wp-json\/wp\/v2\/product"}],"about":[{"href":"https:\/\/alfakher24h.de\/pt\/wp-json\/wp\/v2\/types\/product"}],"replies":[{"embeddable":true,"href":"https:\/\/alfakher24h.de\/pt\/wp-json\/wp\/v2\/comments?post=364"}],"wp:featuredmedia":[{"embeddable":true,"href":"https:\/\/alfakher24h.de\/pt\/wp-json\/wp\/v2\/media\/365"}],"wp:attachment":[{"href":"https:\/\/alfakher24h.de\/pt\/wp-json\/wp\/v2\/media?parent=364"}],"wp:term":[{"taxonomy":"product_brand","embeddable":true,"href":"https:\/\/alfakher24h.de\/pt\/wp-json\/wp\/v2\/product_brand?post=364"},{"taxonomy":"product_cat","embeddable":true,"href":"https:\/\/alfakher24h.de\/pt\/wp-json\/wp\/v2\/product_cat?post=364"},{"taxonomy":"product_tag","embeddable":true,"href":"https:\/\/alfakher24h.de\/pt\/wp-json\/wp\/v2\/product_tag?post=364"}],"curies":[{"name":"wp","href":"https:\/\/api.w.org\/{rel}","templated":true}]}}